{"id":20354,"date":"2023-02-28T13:55:45","date_gmt":"2023-02-28T12:55:45","guid":{"rendered":"https:\/\/autorolasolutions.com\/digitales-oekosystem\/produkte\/inspektion-und-trade-in-app\/"},"modified":"2025-01-31T09:55:14","modified_gmt":"2025-01-31T08:55:14","slug":"inspektions-helfer-system","status":"publish","type":"page","link":"https:\/\/autorolasolutions.com\/at\/digitales-oekosystem\/produkte\/inspektions-helfer-system\/","title":{"rendered":"Inspektions-Helfer-System"},"content":{"rendered":"\t\t<div data-elementor-type=\"wp-page\" data-elementor-id=\"20354\" class=\"elementor elementor-20354 elementor-11416\" data-elementor-post-type=\"page\">\n\t\t\t\t\t\t<section class=\"elementor-section elementor-top-section elementor-element elementor-element-490401f elementor-section-boxed elementor-section-height-default elementor-section-height-default\" data-id=\"490401f\" data-element_type=\"section\" data-e-type=\"section\">\n\t\t\t\t\t\t<div class=\"elementor-container elementor-column-gap-default\">\n\t\t\t\t\t<div class=\"elementor-column elementor-col-50 elementor-top-column elementor-element elementor-element-74465cf\" data-id=\"74465cf\" data-element_type=\"column\" data-e-type=\"column\">\n\t\t\t<div class=\"elementor-widget-wrap elementor-element-populated\">\n\t\t\t\t\t\t<div class=\"elementor-element elementor-element-ea8897a elementor-widget elementor-widget-text-editor\" data-id=\"ea8897a\" data-element_type=\"widget\" data-e-type=\"widget\" data-widget_type=\"text-editor.default\">\n\t\t\t\t<div class=\"elementor-widget-container\">\n\t\t\t\t\t\t\t\t\t<h1>Inspektion Helper System<\/h1><h2>Professionelle Inspektionen<\/h2><p>Unser Fahrzeuginspektions-Helfer-System (IHS) sorgt f\u00fcr qualitativ hochwertige Inspektionen unterwegs.<\/p><p><span style=\"font-family: 'Open Sans',sans-serif;\">Die App ist in hohem Ma\u00dfe konfigurierbar und erm\u00f6glicht es Ihren bevorzugten Pr\u00fcfpartnern, verschiedene Arten von Pr\u00fcfungen je nach Ihrem Pr\u00fcfbedarf von \u00fcberall aus durchzuf\u00fchren. Von \u00dcbergabe- und R\u00fcckgabequittungen \u00fcber Inspektionen vor der Auslieferung bis hin zu vollwertigen professionellen Inspektionen kann die App so konfiguriert werden, dass sie Ihren Bed\u00fcrfnissen und Qualit\u00e4tsanforderungen entspricht.<\/span><\/p><h2>Einfach einzurichten, einfach zu benutzen<\/h2><p>Mit ihrem benutzerfreundlichen, modularen Schritt-f\u00fcr-Schritt-Prozess stellt die App sicher, dass alle Fahrzeuge gem\u00e4\u00df den f\u00fchrenden Industriestandards beschrieben und gepr\u00fcft werden. Unser Tool ist eine reaktionsschnelle Webanwendung, die die Inspektion von Fahrzeugen von jedem mobilen Ger\u00e4t, Android oder IOS, aus erm\u00f6glicht und vollst\u00e4ndig in Fleet Monitor integriert ist und Daten \u00fcber eine Echtzeitschnittstelle mit Fleet Monitor austauscht.<\/p><p>Unsere Plattform unterst\u00fctzt sowohl unsere eigenen Inspektionen als auch externe Inspektionen von Inspektionsanbietern auf dem Markt.<\/p><h2>Maximieren Sie Ihre Wiederverkaufspreise<\/h2><p>Wir bieten ein umfassendes Inspektionstool, das die besten Eigenschaften Ihres Fahrzeugs hervorhebt und sicherstellt, dass es sich in einem Topzustand befindet. Mit detaillierten Zustandsberichten und einer gr\u00fcndlichen mechanischen und technischen Inspektion, die alle Probleme anspricht, die den Wiederverkaufswert beeintr\u00e4chtigen k\u00f6nnten, sowie qualitativ hochwertigen Fotos hilft die App Ihnen, den K\u00e4ufern Vertrauen in den Zustand des Fahrzeugs zu geben, was f\u00fcr die Maximierung Ihrer Wiederverkaufspreise unerl\u00e4sslich ist.<\/p>\t\t\t\t\t\t\t\t<\/div>\n\t\t\t\t<\/div>\n\t\t\t\t<div class=\"elementor-element elementor-element-7426b1d elementor-align-center elementor-widget elementor-widget-button\" data-id=\"7426b1d\" data-element_type=\"widget\" data-e-type=\"widget\" data-widget_type=\"button.default\">\n\t\t\t\t<div class=\"elementor-widget-container\">\n\t\t\t\t\t\t\t\t\t<div class=\"elementor-button-wrapper\">\n\t\t\t\t\t<a class=\"elementor-button elementor-button-link elementor-size-sm elementor-animation-grow\" href=\"https:\/\/autorolasolutions.com\/at\/kontact\/\">\n\t\t\t\t\t\t<span class=\"elementor-button-content-wrapper\">\n\t\t\t\t\t\t<span class=\"elementor-button-icon\">\n\t\t\t\t<i aria-hidden=\"true\" class=\"fas fa-arrow-right\"><\/i>\t\t\t<\/span>\n\t\t\t\t\t\t\t\t\t<span class=\"elementor-button-text\">Kontaktieren Sie uns<\/span>\n\t\t\t\t\t<\/span>\n\t\t\t\t\t<\/a>\n\t\t\t\t<\/div>\n\t\t\t\t\t\t\t\t<\/div>\n\t\t\t\t<\/div>\n\t\t\t\t\t<\/div>\n\t\t<\/div>\n\t\t\t\t<div class=\"elementor-column elementor-col-50 elementor-top-column elementor-element elementor-element-f2ec12d\" data-id=\"f2ec12d\" data-element_type=\"column\" data-e-type=\"column\">\n\t\t\t<div class=\"elementor-widget-wrap elementor-element-populated\">\n\t\t\t\t\t\t<div class=\"elementor-element elementor-element-0843f91 elementor-widget elementor-widget-image\" data-id=\"0843f91\" data-element_type=\"widget\" data-e-type=\"widget\" data-widget_type=\"image.default\">\n\t\t\t\t<div class=\"elementor-widget-container\">\n\t\t\t\t\t\t\t\t\t\t\t\t\t\t\t<img decoding=\"async\" width=\"1\" height=\"1\" src=\"https:\/\/autorolasolutions.com\/wp-content\/uploads\/2024\/09\/360Ipad.svg\" class=\"attachment-large size-large wp-image-41659\" alt=\"\" \/>\t\t\t\t\t\t\t\t\t\t\t\t\t\t\t<\/div>\n\t\t\t\t<\/div>\n\t\t\t\t<div class=\"elementor-element elementor-element-140c8fc elementor-widget elementor-widget-image\" data-id=\"140c8fc\" data-element_type=\"widget\" data-e-type=\"widget\" data-widget_type=\"image.default\">\n\t\t\t\t<div class=\"elementor-widget-container\">\n\t\t\t\t\t\t\t\t\t\t\t\t\t\t\t<img fetchpriority=\"high\" decoding=\"async\" width=\"583\" height=\"701\" src=\"https:\/\/autorolasolutions.com\/wp-content\/uploads\/2025\/01\/Autorola_Solutions_Web_Rotate_01.png\" class=\"attachment-large size-large wp-image-51691\" alt=\"\" srcset=\"https:\/\/autorolasolutions.com\/wp-content\/uploads\/2025\/01\/Autorola_Solutions_Web_Rotate_01.png 583w, https:\/\/autorolasolutions.com\/wp-content\/uploads\/2025\/01\/Autorola_Solutions_Web_Rotate_01-250x300.png 250w\" sizes=\"(max-width: 583px) 100vw, 583px\" \/>\t\t\t\t\t\t\t\t\t\t\t\t\t\t\t<\/div>\n\t\t\t\t<\/div>\n\t\t\t\t\t<\/div>\n\t\t<\/div>\n\t\t\t\t\t<\/div>\n\t\t<\/section>\n\t\t\t\t<\/div>\n\t\t","protected":false},"excerpt":{"rendered":"<p>Inspektion Helper System Professionelle Inspektionen Unser Fahrzeuginspektions-Helfer-System (IHS) sorgt f\u00fcr qualitativ hochwertige Inspektionen unterwegs. Die App ist in hohem Ma\u00dfe konfigurierbar und erm\u00f6glicht es Ihren bevorzugten Pr\u00fcfpartnern, verschiedene Arten von Pr\u00fcfungen je nach Ihrem Pr\u00fcfbedarf von \u00fcberall aus durchzuf\u00fchren. Von \u00dcbergabe- und R\u00fcckgabequittungen \u00fcber Inspektionen vor der Auslieferung bis hin zu vollwertigen professionellen Inspektionen kann [&hellip;]<\/p>\n","protected":false},"author":2,"featured_media":0,"parent":20352,"menu_order":2,"comment_status":"closed","ping_status":"closed","template":"","meta":{"_acf_changed":false,"inline_featured_image":false,"site-sidebar-layout":"no-sidebar","site-content-layout":"","ast-site-content-layout":"full-width-container","site-content-style":"unboxed","site-sidebar-style":"unboxed","ast-global-header-display":"","ast-banner-title-visibility":"","ast-main-header-display":"","ast-hfb-above-header-display":"","ast-hfb-below-header-display":"","ast-hfb-mobile-header-display":"","site-post-title":"disabled","ast-breadcrumbs-content":"","ast-featured-img":"disabled","footer-sml-layout":"","theme-transparent-header-meta":"","adv-header-id-meta":"","stick-header-meta":"","header-above-stick-meta":"","header-main-stick-meta":"","header-below-stick-meta":"","astra-migrate-meta-layouts":"set","ast-page-background-enabled":"default","ast-page-background-meta":{"desktop":{"background-color":"","background-image":"","background-repeat":"repeat","background-position":"center center","background-size":"auto","background-attachment":"scroll","background-type":"","background-media":"","overlay-type":"","overlay-color":"","overlay-opacity":"","overlay-gradient":""},"tablet":{"background-color":"","background-image":"","background-repeat":"repeat","background-position":"center center","background-size":"auto","background-attachment":"scroll","background-type":"","background-media":"","overlay-type":"","overlay-color":"","overlay-opacity":"","overlay-gradient":""},"mobile":{"background-color":"","background-image":"","background-repeat":"repeat","background-position":"center center","background-size":"auto","background-attachment":"scroll","background-type":"","background-media":"","overlay-type":"","overlay-color":"","overlay-opacity":"","overlay-gradient":""}},"ast-content-background-meta":{"desktop":{"background-color":"var(--ast-global-color-5)","background-image":"","background-repeat":"repeat","background-position":"center center","background-size":"auto","background-attachment":"scroll","background-type":"","background-media":"","overlay-type":"","overlay-color":"","overlay-opacity":"","overlay-gradient":""},"tablet":{"background-color":"var(--ast-global-color-5)","background-image":"","background-repeat":"repeat","background-position":"center center","background-size":"auto","background-attachment":"scroll","background-type":"","background-media":"","overlay-type":"","overlay-color":"","overlay-opacity":"","overlay-gradient":""},"mobile":{"background-color":"var(--ast-global-color-5)","background-image":"","background-repeat":"repeat","background-position":"center center","background-size":"auto","background-attachment":"scroll","background-type":"","background-media":"","overlay-type":"","overlay-color":"","overlay-opacity":"","overlay-gradient":""}},"footnotes":""},"class_list":["post-20354","page","type-page","status-publish","hentry"],"acf":[],"yoast_head":"<!-- This site is optimized with the Yoast SEO plugin v27.0 - https:\/\/yoast.com\/product\/yoast-seo-wordpress\/ -->\n<title>Inspektions-Helfer-System | Nahtlose Prozesse im Automobilhandel<\/title>\n<meta name=\"description\" content=\"Optimieren Sie die Prozesse im Automobilhandel mit unserer Inspektions-Helfer-System. Bieten Sie eine nahtlose End-to-End-Erfahrung f\u00fcr Fahrzeuginspektionen und Inzahlungnahmen.\" \/>\n<meta name=\"robots\" content=\"index, follow, max-snippet:-1, max-image-preview:large, max-video-preview:-1\" \/>\n<link rel=\"canonical\" href=\"https:\/\/autorolasolutions.com\/digital-ecosystem\/products\/inspection-and-trade-in-app\/\" \/>\n<meta property=\"og:locale\" content=\"en_US\" \/>\n<meta property=\"og:type\" content=\"article\" \/>\n<meta property=\"og:title\" content=\"Inspektions-Helfer-System | Nahtlose Prozesse im Automobilhandel\" \/>\n<meta property=\"og:description\" content=\"Optimieren Sie die Prozesse im Automobilhandel mit unserer Inspektions-Helfer-System. Bieten Sie eine nahtlose End-to-End-Erfahrung f\u00fcr Fahrzeuginspektionen und Inzahlungnahmen.\" \/>\n<meta property=\"og:url\" content=\"https:\/\/autorolasolutions.com\/digital-ecosystem\/products\/inspection-and-trade-in-app\/\" \/>\n<meta property=\"og:site_name\" content=\"Autorola Solutions\" \/>\n<meta property=\"article:modified_time\" content=\"2025-01-31T08:55:14+00:00\" \/>\n<meta name=\"twitter:card\" content=\"summary_large_image\" \/>\n<meta name=\"twitter:label1\" content=\"Est. reading time\" \/>\n\t<meta name=\"twitter:data1\" content=\"2 minutes\" \/>\n<script type=\"application\/ld+json\" class=\"yoast-schema-graph\">{\"@context\":\"https:\/\/schema.org\",\"@graph\":[{\"@type\":\"WebPage\",\"@id\":\"https:\/\/autorolasolutions.com\/digital-ecosystem\/products\/inspection-and-trade-in-app\/\",\"url\":\"https:\/\/autorolasolutions.com\/digital-ecosystem\/products\/inspection-and-trade-in-app\/\",\"name\":\"Inspektions-Helfer-System | Nahtlose Prozesse im Automobilhandel\",\"isPartOf\":{\"@id\":\"https:\/\/autorolasolutions.com\/#website\"},\"primaryImageOfPage\":{\"@id\":\"https:\/\/autorolasolutions.com\/digital-ecosystem\/products\/inspection-and-trade-in-app\/#primaryimage\"},\"image\":{\"@id\":\"https:\/\/autorolasolutions.com\/digital-ecosystem\/products\/inspection-and-trade-in-app\/#primaryimage\"},\"thumbnailUrl\":\"https:\/\/autorolasolutions.com\/wp-content\/uploads\/2024\/09\/360Ipad.svg\",\"datePublished\":\"2023-02-28T12:55:45+00:00\",\"dateModified\":\"2025-01-31T08:55:14+00:00\",\"description\":\"Optimieren Sie die Prozesse im Automobilhandel mit unserer Inspektions-Helfer-System. Bieten Sie eine nahtlose End-to-End-Erfahrung f\u00fcr Fahrzeuginspektionen und Inzahlungnahmen.\",\"breadcrumb\":{\"@id\":\"https:\/\/autorolasolutions.com\/digital-ecosystem\/products\/inspection-and-trade-in-app\/#breadcrumb\"},\"inLanguage\":\"at-AT\",\"potentialAction\":[{\"@type\":\"ReadAction\",\"target\":[\"https:\/\/autorolasolutions.com\/digital-ecosystem\/products\/inspection-and-trade-in-app\/\"]}]},{\"@type\":\"ImageObject\",\"inLanguage\":\"at-AT\",\"@id\":\"https:\/\/autorolasolutions.com\/digital-ecosystem\/products\/inspection-and-trade-in-app\/#primaryimage\",\"url\":\"https:\/\/autorolasolutions.com\/wp-content\/uploads\/2024\/09\/360Ipad.svg\",\"contentUrl\":\"https:\/\/autorolasolutions.com\/wp-content\/uploads\/2024\/09\/360Ipad.svg\"},{\"@type\":\"BreadcrumbList\",\"@id\":\"https:\/\/autorolasolutions.com\/digital-ecosystem\/products\/inspection-and-trade-in-app\/#breadcrumb\",\"itemListElement\":[{\"@type\":\"ListItem\",\"position\":1,\"name\":\"Home\",\"item\":\"https:\/\/autorolasolutions.com\/\"},{\"@type\":\"ListItem\",\"position\":2,\"name\":\"Digitales \u00d6kosystem\",\"item\":\"https:\/\/autorolasolutions.com\/digital-ecosystem\/\"},{\"@type\":\"ListItem\",\"position\":3,\"name\":\"Produkte\",\"item\":\"https:\/\/autorolasolutions.com\/digital-ecosystem\/products\/\"},{\"@type\":\"ListItem\",\"position\":4,\"name\":\"Inspektions-Helfer-System\"}]},{\"@type\":\"WebSite\",\"@id\":\"https:\/\/autorolasolutions.com\/#website\",\"url\":\"https:\/\/autorolasolutions.com\/\",\"name\":\"Autorola Solutions\",\"description\":\"\",\"publisher\":{\"@id\":\"https:\/\/autorolasolutions.com\/#organization\"},\"potentialAction\":[{\"@type\":\"SearchAction\",\"target\":{\"@type\":\"EntryPoint\",\"urlTemplate\":\"https:\/\/autorolasolutions.com\/?s={search_term_string}\"},\"query-input\":{\"@type\":\"PropertyValueSpecification\",\"valueRequired\":true,\"valueName\":\"search_term_string\"}}],\"inLanguage\":\"at-AT\"},{\"@type\":\"Organization\",\"@id\":\"https:\/\/autorolasolutions.com\/#organization\",\"name\":\"Autorola Solutions\",\"url\":\"https:\/\/autorolasolutions.com\/\",\"logo\":{\"@type\":\"ImageObject\",\"inLanguage\":\"at-AT\",\"@id\":\"https:\/\/autorolasolutions.com\/#\/schema\/logo\/image\/\",\"url\":\"https:\/\/autorolasolutions.com\/wp-content\/uploads\/2025\/01\/Autorola_Solutions_Logo_Left_Screen_RGB.svg\",\"contentUrl\":\"https:\/\/autorolasolutions.com\/wp-content\/uploads\/2025\/01\/Autorola_Solutions_Logo_Left_Screen_RGB.svg\",\"width\":143,\"height\":44,\"caption\":\"Autorola Solutions\"},\"image\":{\"@id\":\"https:\/\/autorolasolutions.com\/#\/schema\/logo\/image\/\"},\"sameAs\":[\"https:\/\/www.linkedin.com\/company\/autorolasolutions\/\"]}]}<\/script>\n<!-- \/ Yoast SEO plugin. -->","yoast_head_json":{"title":"Inspektions-Helfer-System | Nahtlose Prozesse im Automobilhandel","description":"Optimieren Sie die Prozesse im Automobilhandel mit unserer Inspektions-Helfer-System. Bieten Sie eine nahtlose End-to-End-Erfahrung f\u00fcr Fahrzeuginspektionen und Inzahlungnahmen.","robots":{"index":"index","follow":"follow","max-snippet":"max-snippet:-1","max-image-preview":"max-image-preview:large","max-video-preview":"max-video-preview:-1"},"canonical":"https:\/\/autorolasolutions.com\/digital-ecosystem\/products\/inspection-and-trade-in-app\/","og_locale":"en_US","og_type":"article","og_title":"Inspektions-Helfer-System | Nahtlose Prozesse im Automobilhandel","og_description":"Optimieren Sie die Prozesse im Automobilhandel mit unserer Inspektions-Helfer-System. Bieten Sie eine nahtlose End-to-End-Erfahrung f\u00fcr Fahrzeuginspektionen und Inzahlungnahmen.","og_url":"https:\/\/autorolasolutions.com\/digital-ecosystem\/products\/inspection-and-trade-in-app\/","og_site_name":"Autorola Solutions","article_modified_time":"2025-01-31T08:55:14+00:00","twitter_card":"summary_large_image","twitter_misc":{"Est. reading time":"2 minutes"},"schema":{"@context":"https:\/\/schema.org","@graph":[{"@type":"WebPage","@id":"https:\/\/autorolasolutions.com\/digital-ecosystem\/products\/inspection-and-trade-in-app\/","url":"https:\/\/autorolasolutions.com\/digital-ecosystem\/products\/inspection-and-trade-in-app\/","name":"Inspektions-Helfer-System | Nahtlose Prozesse im Automobilhandel","isPartOf":{"@id":"https:\/\/autorolasolutions.com\/#website"},"primaryImageOfPage":{"@id":"https:\/\/autorolasolutions.com\/digital-ecosystem\/products\/inspection-and-trade-in-app\/#primaryimage"},"image":{"@id":"https:\/\/autorolasolutions.com\/digital-ecosystem\/products\/inspection-and-trade-in-app\/#primaryimage"},"thumbnailUrl":"https:\/\/autorolasolutions.com\/wp-content\/uploads\/2024\/09\/360Ipad.svg","datePublished":"2023-02-28T12:55:45+00:00","dateModified":"2025-01-31T08:55:14+00:00","description":"Optimieren Sie die Prozesse im Automobilhandel mit unserer Inspektions-Helfer-System. Bieten Sie eine nahtlose End-to-End-Erfahrung f\u00fcr Fahrzeuginspektionen und Inzahlungnahmen.","breadcrumb":{"@id":"https:\/\/autorolasolutions.com\/digital-ecosystem\/products\/inspection-and-trade-in-app\/#breadcrumb"},"inLanguage":"at-AT","potentialAction":[{"@type":"ReadAction","target":["https:\/\/autorolasolutions.com\/digital-ecosystem\/products\/inspection-and-trade-in-app\/"]}]},{"@type":"ImageObject","inLanguage":"at-AT","@id":"https:\/\/autorolasolutions.com\/digital-ecosystem\/products\/inspection-and-trade-in-app\/#primaryimage","url":"https:\/\/autorolasolutions.com\/wp-content\/uploads\/2024\/09\/360Ipad.svg","contentUrl":"https:\/\/autorolasolutions.com\/wp-content\/uploads\/2024\/09\/360Ipad.svg"},{"@type":"BreadcrumbList","@id":"https:\/\/autorolasolutions.com\/digital-ecosystem\/products\/inspection-and-trade-in-app\/#breadcrumb","itemListElement":[{"@type":"ListItem","position":1,"name":"Home","item":"https:\/\/autorolasolutions.com\/"},{"@type":"ListItem","position":2,"name":"Digitales \u00d6kosystem","item":"https:\/\/autorolasolutions.com\/digital-ecosystem\/"},{"@type":"ListItem","position":3,"name":"Produkte","item":"https:\/\/autorolasolutions.com\/digital-ecosystem\/products\/"},{"@type":"ListItem","position":4,"name":"Inspektions-Helfer-System"}]},{"@type":"WebSite","@id":"https:\/\/autorolasolutions.com\/#website","url":"https:\/\/autorolasolutions.com\/","name":"Autorola Solutions","description":"","publisher":{"@id":"https:\/\/autorolasolutions.com\/#organization"},"potentialAction":[{"@type":"SearchAction","target":{"@type":"EntryPoint","urlTemplate":"https:\/\/autorolasolutions.com\/?s={search_term_string}"},"query-input":{"@type":"PropertyValueSpecification","valueRequired":true,"valueName":"search_term_string"}}],"inLanguage":"at-AT"},{"@type":"Organization","@id":"https:\/\/autorolasolutions.com\/#organization","name":"Autorola Solutions","url":"https:\/\/autorolasolutions.com\/","logo":{"@type":"ImageObject","inLanguage":"at-AT","@id":"https:\/\/autorolasolutions.com\/#\/schema\/logo\/image\/","url":"https:\/\/autorolasolutions.com\/wp-content\/uploads\/2025\/01\/Autorola_Solutions_Logo_Left_Screen_RGB.svg","contentUrl":"https:\/\/autorolasolutions.com\/wp-content\/uploads\/2025\/01\/Autorola_Solutions_Logo_Left_Screen_RGB.svg","width":143,"height":44,"caption":"Autorola Solutions"},"image":{"@id":"https:\/\/autorolasolutions.com\/#\/schema\/logo\/image\/"},"sameAs":["https:\/\/www.linkedin.com\/company\/autorolasolutions\/"]}]}},"_links":{"self":[{"href":"https:\/\/autorolasolutions.com\/at\/wp-json\/wp\/v2\/pages\/20354","targetHints":{"allow":["GET"]}}],"collection":[{"href":"https:\/\/autorolasolutions.com\/at\/wp-json\/wp\/v2\/pages"}],"about":[{"href":"https:\/\/autorolasolutions.com\/at\/wp-json\/wp\/v2\/types\/page"}],"author":[{"embeddable":true,"href":"https:\/\/autorolasolutions.com\/at\/wp-json\/wp\/v2\/users\/2"}],"replies":[{"embeddable":true,"href":"https:\/\/autorolasolutions.com\/at\/wp-json\/wp\/v2\/comments?post=20354"}],"version-history":[{"count":17,"href":"https:\/\/autorolasolutions.com\/at\/wp-json\/wp\/v2\/pages\/20354\/revisions"}],"predecessor-version":[{"id":54753,"href":"https:\/\/autorolasolutions.com\/at\/wp-json\/wp\/v2\/pages\/20354\/revisions\/54753"}],"up":[{"embeddable":true,"href":"https:\/\/autorolasolutions.com\/at\/wp-json\/wp\/v2\/pages\/20352"}],"wp:attachment":[{"href":"https:\/\/autorolasolutions.com\/at\/wp-json\/wp\/v2\/media?parent=20354"}],"curies":[{"name":"wp","href":"https:\/\/api.w.org\/{rel}","templated":true}]}}