{"id":3569,"date":"2021-09-03T12:18:45","date_gmt":"2021-09-03T10:18:45","guid":{"rendered":"https:\/\/autorolasolutions.com\/news\/presseportal\/"},"modified":"2024-09-23T13:06:26","modified_gmt":"2024-09-23T11:06:26","slug":"presseportal","status":"publish","type":"page","link":"https:\/\/autorolasolutions.com\/at\/news\/presseportal\/","title":{"rendered":"Presseportal"},"content":{"rendered":"\t\t<div data-elementor-type=\"wp-page\" data-elementor-id=\"3569\" class=\"elementor elementor-3569 elementor-714\" data-elementor-post-type=\"page\">\n\t\t\t\t\t\t<section class=\"elementor-section elementor-top-section elementor-element elementor-element-aef1171 elementor-section-boxed elementor-section-height-default elementor-section-height-default\" data-id=\"aef1171\" data-element_type=\"section\" data-e-type=\"section\">\n\t\t\t\t\t\t<div class=\"elementor-container elementor-column-gap-default\">\n\t\t\t\t\t<div class=\"elementor-column elementor-col-100 elementor-top-column elementor-element elementor-element-5318c23\" data-id=\"5318c23\" data-element_type=\"column\" data-e-type=\"column\">\n\t\t\t<div class=\"elementor-widget-wrap elementor-element-populated\">\n\t\t\t\t\t\t<div class=\"elementor-element elementor-element-899671b elementor-widget elementor-widget-text-editor\" data-id=\"899671b\" data-element_type=\"widget\" data-e-type=\"widget\" data-widget_type=\"text-editor.default\">\n\t\t\t\t<div class=\"elementor-widget-container\">\n\t\t\t\t\t\t\t\t\t<h1>Pressemitteilungen<\/h1>\n\t\t\t\t\t\t\t\t<\/div>\n\t\t\t\t<\/div>\n\t\t\t\t\t<\/div>\n\t\t<\/div>\n\t\t\t\t\t<\/div>\n\t\t<\/section>\n\t\t\t\t<section class=\"elementor-section elementor-top-section elementor-element elementor-element-ef336f7 elementor-section-boxed elementor-section-height-default elementor-section-height-default\" data-id=\"ef336f7\" data-element_type=\"section\" data-e-type=\"section\">\n\t\t\t\t\t\t<div class=\"elementor-container elementor-column-gap-default\">\n\t\t\t\t\t<div class=\"elementor-column elementor-col-50 elementor-top-column elementor-element elementor-element-e81a57f\" data-id=\"e81a57f\" data-element_type=\"column\" data-e-type=\"column\">\n\t\t\t<div class=\"elementor-widget-wrap\">\n\t\t\t\t\t\t\t<\/div>\n\t\t<\/div>\n\t\t\t\t<div class=\"elementor-column elementor-col-50 elementor-top-column elementor-element elementor-element-ce02750\" data-id=\"ce02750\" data-element_type=\"column\" data-e-type=\"column\">\n\t\t\t<div class=\"elementor-widget-wrap\">\n\t\t\t\t\t\t\t<\/div>\n\t\t<\/div>\n\t\t\t\t\t<\/div>\n\t\t<\/section>\n\t\t\t\t<section class=\"elementor-section elementor-top-section elementor-element elementor-element-25a4b76 elementor-section-boxed elementor-section-height-default elementor-section-height-default\" data-id=\"25a4b76\" data-element_type=\"section\" data-e-type=\"section\">\n\t\t\t\t\t\t<div class=\"elementor-container elementor-column-gap-default\">\n\t\t\t\t\t<div class=\"elementor-column elementor-col-50 elementor-top-column elementor-element elementor-element-4f5bad5\" data-id=\"4f5bad5\" data-element_type=\"column\" data-e-type=\"column\">\n\t\t\t<div class=\"elementor-widget-wrap\">\n\t\t\t\t\t\t\t<\/div>\n\t\t<\/div>\n\t\t\t\t<div class=\"elementor-column elementor-col-50 elementor-top-column elementor-element elementor-element-43451a7\" data-id=\"43451a7\" data-element_type=\"column\" data-e-type=\"column\">\n\t\t\t<div class=\"elementor-widget-wrap\">\n\t\t\t\t\t\t\t<\/div>\n\t\t<\/div>\n\t\t\t\t\t<\/div>\n\t\t<\/section>\n\t\t\t\t<section class=\"elementor-section elementor-top-section elementor-element elementor-element-f9b5d12 elementor-section-boxed elementor-section-height-default elementor-section-height-default\" data-id=\"f9b5d12\" data-element_type=\"section\" data-e-type=\"section\">\n\t\t\t\t\t\t<div class=\"elementor-container elementor-column-gap-default\">\n\t\t\t\t\t<div class=\"elementor-column elementor-col-50 elementor-top-column elementor-element elementor-element-8698e53\" data-id=\"8698e53\" data-element_type=\"column\" data-e-type=\"column\">\n\t\t\t<div class=\"elementor-widget-wrap\">\n\t\t\t\t\t\t\t<\/div>\n\t\t<\/div>\n\t\t\t\t<div class=\"elementor-column elementor-col-50 elementor-top-column elementor-element elementor-element-df5bea6\" data-id=\"df5bea6\" data-element_type=\"column\" data-e-type=\"column\">\n\t\t\t<div class=\"elementor-widget-wrap\">\n\t\t\t\t\t\t\t<\/div>\n\t\t<\/div>\n\t\t\t\t\t<\/div>\n\t\t<\/section>\n\t\t\t\t<section class=\"elementor-section elementor-top-section elementor-element elementor-element-1e597c6 elementor-section-boxed elementor-section-height-default elementor-section-height-default\" data-id=\"1e597c6\" data-element_type=\"section\" data-e-type=\"section\">\n\t\t\t\t\t\t<div class=\"elementor-container elementor-column-gap-default\">\n\t\t\t\t\t<div class=\"elementor-column elementor-col-50 elementor-top-column elementor-element elementor-element-7353b09\" data-id=\"7353b09\" data-element_type=\"column\" data-e-type=\"column\">\n\t\t\t<div class=\"elementor-widget-wrap\">\n\t\t\t\t\t\t\t<\/div>\n\t\t<\/div>\n\t\t\t\t<div class=\"elementor-column elementor-col-50 elementor-top-column elementor-element elementor-element-07c5582\" data-id=\"07c5582\" data-element_type=\"column\" data-e-type=\"column\">\n\t\t\t<div class=\"elementor-widget-wrap\">\n\t\t\t\t\t\t\t<\/div>\n\t\t<\/div>\n\t\t\t\t\t<\/div>\n\t\t<\/section>\n\t\t\t\t<section class=\"elementor-section elementor-top-section elementor-element elementor-element-6beb841 elementor-section-boxed elementor-section-height-default elementor-section-height-default\" data-id=\"6beb841\" data-element_type=\"section\" data-e-type=\"section\">\n\t\t\t\t\t\t<div class=\"elementor-container elementor-column-gap-default\">\n\t\t\t\t\t<div class=\"elementor-column elementor-col-50 elementor-top-column elementor-element elementor-element-a302c62\" data-id=\"a302c62\" data-element_type=\"column\" data-e-type=\"column\">\n\t\t\t<div class=\"elementor-widget-wrap\">\n\t\t\t\t\t\t\t<\/div>\n\t\t<\/div>\n\t\t\t\t<div class=\"elementor-column elementor-col-50 elementor-top-column elementor-element elementor-element-4c2ccbf\" data-id=\"4c2ccbf\" data-element_type=\"column\" data-e-type=\"column\">\n\t\t\t<div class=\"elementor-widget-wrap\">\n\t\t\t\t\t\t\t<\/div>\n\t\t<\/div>\n\t\t\t\t\t<\/div>\n\t\t<\/section>\n\t\t\t\t<section class=\"elementor-section elementor-top-section elementor-element elementor-element-ba2bafd elementor-section-boxed elementor-section-height-default elementor-section-height-default\" data-id=\"ba2bafd\" data-element_type=\"section\" data-e-type=\"section\">\n\t\t\t\t\t\t<div class=\"elementor-container elementor-column-gap-default\">\n\t\t\t\t\t<div class=\"elementor-column elementor-col-33 elementor-top-column elementor-element elementor-element-821b5e9\" data-id=\"821b5e9\" data-element_type=\"column\" data-e-type=\"column\">\n\t\t\t<div class=\"elementor-widget-wrap elementor-element-populated\">\n\t\t\t\t\t\t<div class=\"elementor-element elementor-element-30fc2ac elementor-widget elementor-widget-text-editor\" data-id=\"30fc2ac\" data-element_type=\"widget\" data-e-type=\"widget\" data-widget_type=\"text-editor.default\">\n\t\t\t\t<div class=\"elementor-widget-container\">\n\t\t\t\t\t\t\t\t\t<h2>Haben Sie Fragen zu unseren Pressever\u00f6ffentlichungen oder Interesse an weiteren Informationen? <br \/>Dann melden Sie sich gern!<\/h2><p>Patrick Eckart<br \/>+49 40 1803700<br \/><a href=\"mailto:presse@autorola.de\">presse@autorola.de<\/a><\/p>\t\t\t\t\t\t\t\t<\/div>\n\t\t\t\t<\/div>\n\t\t\t\t\t<\/div>\n\t\t<\/div>\n\t\t\t\t<div class=\"elementor-column elementor-col-66 elementor-top-column elementor-element elementor-element-e55bf1b\" data-id=\"e55bf1b\" data-element_type=\"column\" data-e-type=\"column\">\n\t\t\t<div class=\"elementor-widget-wrap\">\n\t\t\t\t\t\t\t<\/div>\n\t\t<\/div>\n\t\t\t\t\t<\/div>\n\t\t<\/section>\n\t\t\t\t<\/div>\n\t\t","protected":false},"excerpt":{"rendered":"<p>Pressemitteilungen 18.08.2022 Smartes Flottenmanagement Effiziente Steuerung durch digitale Prozessoptimierung Vorschau Download Presskit 16.06.2022 Nachhaltiges Auto-Abo-Modell dank smarter IT-L\u00f6sung HUK implementiert Fleet Monitor f\u00fcr digitale Prozesssteuerung Vorschau Download Presskit 03.02.2022 Digitale Integration physischer Fahrzeugprozesse Compound-Abl\u00e4ufe systemisch und automatisiert managen Vorschau Download Presskit 18.01.2022 Kostenfaktor Durchlaufzeiten Service-Level automatisiert monitoren und \u00dcberschreitungen managen Vorschau Download Presskit 03.11.2021 Let\u00b4s [&hellip;]<\/p>\n","protected":false},"author":2,"featured_media":0,"parent":3567,"menu_order":2,"comment_status":"closed","ping_status":"open","template":"","meta":{"_acf_changed":false,"inline_featured_image":false,"site-sidebar-layout":"no-sidebar","site-content-layout":"default","ast-site-content-layout":"default","site-content-style":"default","site-sidebar-style":"default","ast-global-header-display":"","ast-banner-title-visibility":"","ast-main-header-display":"","ast-hfb-above-header-display":"","ast-hfb-below-header-display":"","ast-hfb-mobile-header-display":"","site-post-title":"disabled","ast-breadcrumbs-content":"","ast-featured-img":"disabled","footer-sml-layout":"","theme-transparent-header-meta":"default","adv-header-id-meta":"","stick-header-meta":"default","header-above-stick-meta":"","header-main-stick-meta":"","header-below-stick-meta":"","astra-migrate-meta-layouts":"default","ast-page-background-enabled":"default","ast-page-background-meta":{"desktop":{"background-color":"","background-image":"","background-repeat":"repeat","background-position":"center center","background-size":"auto","background-attachment":"scroll","background-type":"","background-media":"","overlay-type":"","overlay-color":"","overlay-opacity":"","overlay-gradient":""},"tablet":{"background-color":"","background-image":"","background-repeat":"repeat","background-position":"center center","background-size":"auto","background-attachment":"scroll","background-type":"","background-media":"","overlay-type":"","overlay-color":"","overlay-opacity":"","overlay-gradient":""},"mobile":{"background-color":"","background-image":"","background-repeat":"repeat","background-position":"center center","background-size":"auto","background-attachment":"scroll","background-type":"","background-media":"","overlay-type":"","overlay-color":"","overlay-opacity":"","overlay-gradient":""}},"ast-content-background-meta":{"desktop":{"background-color":"var(--ast-global-color-5)","background-image":"","background-repeat":"repeat","background-position":"center center","background-size":"auto","background-attachment":"scroll","background-type":"","background-media":"","overlay-type":"","overlay-color":"","overlay-opacity":"","overlay-gradient":""},"tablet":{"background-color":"var(--ast-global-color-5)","background-image":"","background-repeat":"repeat","background-position":"center center","background-size":"auto","background-attachment":"scroll","background-type":"","background-media":"","overlay-type":"","overlay-color":"","overlay-opacity":"","overlay-gradient":""},"mobile":{"background-color":"var(--ast-global-color-5)","background-image":"","background-repeat":"repeat","background-position":"center center","background-size":"auto","background-attachment":"scroll","background-type":"","background-media":"","overlay-type":"","overlay-color":"","overlay-opacity":"","overlay-gradient":""}},"footnotes":""},"class_list":["post-3569","page","type-page","status-publish","hentry"],"acf":[],"yoast_head":"<!-- This site is optimized with the Yoast SEO plugin v27.0 - https:\/\/yoast.com\/product\/yoast-seo-wordpress\/ -->\n<title>Autorola Solutions Pressemitteilungen | Aktuelle Nachrichten und Ank\u00fcndigungen<\/title>\n<meta name=\"description\" content=\"Bleiben Sie auf dem neuesten Stand mit den neuesten Nachrichten und Ank\u00fcndigungen von Autorola Solutions. Lesen Sie unsere Pressemitteilungen, um mehr \u00fcber neue Entwicklungen im Bereich der Automobiltechnologie zu erfahren.\" \/>\n<meta name=\"robots\" content=\"index, follow, max-snippet:-1, max-image-preview:large, max-video-preview:-1\" \/>\n<link rel=\"canonical\" href=\"https:\/\/autorolasolutions.com\/de\/news\/presseportal\/\" \/>\n<meta property=\"og:locale\" content=\"en_US\" \/>\n<meta property=\"og:type\" content=\"article\" \/>\n<meta property=\"og:title\" content=\"Autorola Solutions Pressemitteilungen | Aktuelle Nachrichten und Ank\u00fcndigungen\" \/>\n<meta property=\"og:description\" content=\"Bleiben Sie auf dem neuesten Stand mit den neuesten Nachrichten und Ank\u00fcndigungen von Autorola Solutions. Lesen Sie unsere Pressemitteilungen, um mehr \u00fcber neue Entwicklungen im Bereich der Automobiltechnologie zu erfahren.\" \/>\n<meta property=\"og:url\" content=\"https:\/\/autorolasolutions.com\/de\/news\/presseportal\/\" \/>\n<meta property=\"og:site_name\" content=\"Autorola Solutions\" \/>\n<meta property=\"article:modified_time\" content=\"2024-09-23T11:06:26+00:00\" \/>\n<meta name=\"twitter:card\" content=\"summary_large_image\" \/>\n<meta name=\"twitter:label1\" content=\"Est. reading time\" \/>\n\t<meta name=\"twitter:data1\" content=\"1 minute\" \/>\n<script type=\"application\/ld+json\" class=\"yoast-schema-graph\">{\"@context\":\"https:\/\/schema.org\",\"@graph\":[{\"@type\":\"WebPage\",\"@id\":\"https:\/\/autorolasolutions.com\/de\/news\/presseportal\/\",\"url\":\"https:\/\/autorolasolutions.com\/de\/news\/presseportal\/\",\"name\":\"Autorola Solutions Pressemitteilungen | Aktuelle Nachrichten und Ank\u00fcndigungen\",\"isPartOf\":{\"@id\":\"https:\/\/autorolasolutions.com\/#website\"},\"datePublished\":\"2021-09-03T10:18:45+00:00\",\"dateModified\":\"2024-09-23T11:06:26+00:00\",\"description\":\"Bleiben Sie auf dem neuesten Stand mit den neuesten Nachrichten und Ank\u00fcndigungen von Autorola Solutions. Lesen Sie unsere Pressemitteilungen, um mehr \u00fcber neue Entwicklungen im Bereich der Automobiltechnologie zu erfahren.\",\"breadcrumb\":{\"@id\":\"https:\/\/autorolasolutions.com\/de\/news\/presseportal\/#breadcrumb\"},\"inLanguage\":\"at-AT\",\"potentialAction\":[{\"@type\":\"ReadAction\",\"target\":[\"https:\/\/autorolasolutions.com\/de\/news\/presseportal\/\"]}]},{\"@type\":\"BreadcrumbList\",\"@id\":\"https:\/\/autorolasolutions.com\/de\/news\/presseportal\/#breadcrumb\",\"itemListElement\":[{\"@type\":\"ListItem\",\"position\":1,\"name\":\"Home\",\"item\":\"https:\/\/autorolasolutions.com\/\"},{\"@type\":\"ListItem\",\"position\":2,\"name\":\"News\",\"item\":\"https:\/\/autorolasolutions.com\/at\/news\/\"},{\"@type\":\"ListItem\",\"position\":3,\"name\":\"Presseportal\"}]},{\"@type\":\"WebSite\",\"@id\":\"https:\/\/autorolasolutions.com\/#website\",\"url\":\"https:\/\/autorolasolutions.com\/\",\"name\":\"Autorola Solutions\",\"description\":\"\",\"publisher\":{\"@id\":\"https:\/\/autorolasolutions.com\/#organization\"},\"potentialAction\":[{\"@type\":\"SearchAction\",\"target\":{\"@type\":\"EntryPoint\",\"urlTemplate\":\"https:\/\/autorolasolutions.com\/?s={search_term_string}\"},\"query-input\":{\"@type\":\"PropertyValueSpecification\",\"valueRequired\":true,\"valueName\":\"search_term_string\"}}],\"inLanguage\":\"at-AT\"},{\"@type\":\"Organization\",\"@id\":\"https:\/\/autorolasolutions.com\/#organization\",\"name\":\"Autorola Solutions\",\"url\":\"https:\/\/autorolasolutions.com\/\",\"logo\":{\"@type\":\"ImageObject\",\"inLanguage\":\"at-AT\",\"@id\":\"https:\/\/autorolasolutions.com\/#\/schema\/logo\/image\/\",\"url\":\"https:\/\/autorolasolutions.com\/wp-content\/uploads\/2025\/01\/Autorola_Solutions_Logo_Left_Screen_RGB.svg\",\"contentUrl\":\"https:\/\/autorolasolutions.com\/wp-content\/uploads\/2025\/01\/Autorola_Solutions_Logo_Left_Screen_RGB.svg\",\"width\":143,\"height\":44,\"caption\":\"Autorola Solutions\"},\"image\":{\"@id\":\"https:\/\/autorolasolutions.com\/#\/schema\/logo\/image\/\"},\"sameAs\":[\"https:\/\/www.linkedin.com\/company\/autorolasolutions\/\"]}]}<\/script>\n<!-- \/ Yoast SEO plugin. -->","yoast_head_json":{"title":"Autorola Solutions Pressemitteilungen | Aktuelle Nachrichten und Ank\u00fcndigungen","description":"Bleiben Sie auf dem neuesten Stand mit den neuesten Nachrichten und Ank\u00fcndigungen von Autorola Solutions. Lesen Sie unsere Pressemitteilungen, um mehr \u00fcber neue Entwicklungen im Bereich der Automobiltechnologie zu erfahren.","robots":{"index":"index","follow":"follow","max-snippet":"max-snippet:-1","max-image-preview":"max-image-preview:large","max-video-preview":"max-video-preview:-1"},"canonical":"https:\/\/autorolasolutions.com\/de\/news\/presseportal\/","og_locale":"en_US","og_type":"article","og_title":"Autorola Solutions Pressemitteilungen | Aktuelle Nachrichten und Ank\u00fcndigungen","og_description":"Bleiben Sie auf dem neuesten Stand mit den neuesten Nachrichten und Ank\u00fcndigungen von Autorola Solutions. Lesen Sie unsere Pressemitteilungen, um mehr \u00fcber neue Entwicklungen im Bereich der Automobiltechnologie zu erfahren.","og_url":"https:\/\/autorolasolutions.com\/de\/news\/presseportal\/","og_site_name":"Autorola Solutions","article_modified_time":"2024-09-23T11:06:26+00:00","twitter_card":"summary_large_image","twitter_misc":{"Est. reading time":"1 minute"},"schema":{"@context":"https:\/\/schema.org","@graph":[{"@type":"WebPage","@id":"https:\/\/autorolasolutions.com\/de\/news\/presseportal\/","url":"https:\/\/autorolasolutions.com\/de\/news\/presseportal\/","name":"Autorola Solutions Pressemitteilungen | Aktuelle Nachrichten und Ank\u00fcndigungen","isPartOf":{"@id":"https:\/\/autorolasolutions.com\/#website"},"datePublished":"2021-09-03T10:18:45+00:00","dateModified":"2024-09-23T11:06:26+00:00","description":"Bleiben Sie auf dem neuesten Stand mit den neuesten Nachrichten und Ank\u00fcndigungen von Autorola Solutions. Lesen Sie unsere Pressemitteilungen, um mehr \u00fcber neue Entwicklungen im Bereich der Automobiltechnologie zu erfahren.","breadcrumb":{"@id":"https:\/\/autorolasolutions.com\/de\/news\/presseportal\/#breadcrumb"},"inLanguage":"at-AT","potentialAction":[{"@type":"ReadAction","target":["https:\/\/autorolasolutions.com\/de\/news\/presseportal\/"]}]},{"@type":"BreadcrumbList","@id":"https:\/\/autorolasolutions.com\/de\/news\/presseportal\/#breadcrumb","itemListElement":[{"@type":"ListItem","position":1,"name":"Home","item":"https:\/\/autorolasolutions.com\/"},{"@type":"ListItem","position":2,"name":"News","item":"https:\/\/autorolasolutions.com\/at\/news\/"},{"@type":"ListItem","position":3,"name":"Presseportal"}]},{"@type":"WebSite","@id":"https:\/\/autorolasolutions.com\/#website","url":"https:\/\/autorolasolutions.com\/","name":"Autorola Solutions","description":"","publisher":{"@id":"https:\/\/autorolasolutions.com\/#organization"},"potentialAction":[{"@type":"SearchAction","target":{"@type":"EntryPoint","urlTemplate":"https:\/\/autorolasolutions.com\/?s={search_term_string}"},"query-input":{"@type":"PropertyValueSpecification","valueRequired":true,"valueName":"search_term_string"}}],"inLanguage":"at-AT"},{"@type":"Organization","@id":"https:\/\/autorolasolutions.com\/#organization","name":"Autorola Solutions","url":"https:\/\/autorolasolutions.com\/","logo":{"@type":"ImageObject","inLanguage":"at-AT","@id":"https:\/\/autorolasolutions.com\/#\/schema\/logo\/image\/","url":"https:\/\/autorolasolutions.com\/wp-content\/uploads\/2025\/01\/Autorola_Solutions_Logo_Left_Screen_RGB.svg","contentUrl":"https:\/\/autorolasolutions.com\/wp-content\/uploads\/2025\/01\/Autorola_Solutions_Logo_Left_Screen_RGB.svg","width":143,"height":44,"caption":"Autorola Solutions"},"image":{"@id":"https:\/\/autorolasolutions.com\/#\/schema\/logo\/image\/"},"sameAs":["https:\/\/www.linkedin.com\/company\/autorolasolutions\/"]}]}},"_links":{"self":[{"href":"https:\/\/autorolasolutions.com\/at\/wp-json\/wp\/v2\/pages\/3569","targetHints":{"allow":["GET"]}}],"collection":[{"href":"https:\/\/autorolasolutions.com\/at\/wp-json\/wp\/v2\/pages"}],"about":[{"href":"https:\/\/autorolasolutions.com\/at\/wp-json\/wp\/v2\/types\/page"}],"author":[{"embeddable":true,"href":"https:\/\/autorolasolutions.com\/at\/wp-json\/wp\/v2\/users\/2"}],"replies":[{"embeddable":true,"href":"https:\/\/autorolasolutions.com\/at\/wp-json\/wp\/v2\/comments?post=3569"}],"version-history":[{"count":21,"href":"https:\/\/autorolasolutions.com\/at\/wp-json\/wp\/v2\/pages\/3569\/revisions"}],"predecessor-version":[{"id":42389,"href":"https:\/\/autorolasolutions.com\/at\/wp-json\/wp\/v2\/pages\/3569\/revisions\/42389"}],"up":[{"embeddable":true,"href":"https:\/\/autorolasolutions.com\/at\/wp-json\/wp\/v2\/pages\/3567"}],"wp:attachment":[{"href":"https:\/\/autorolasolutions.com\/at\/wp-json\/wp\/v2\/media?parent=3569"}],"curies":[{"name":"wp","href":"https:\/\/api.w.org\/{rel}","templated":true}]}}