{"id":19708,"date":"2023-02-28T13:55:45","date_gmt":"2023-02-28T12:55:45","guid":{"rendered":"https:\/\/autorolasolutions.com\/ecosysteme-numerique\/produits\/application-dinspection-et-dechange\/"},"modified":"2025-02-04T10:32:01","modified_gmt":"2025-02-04T09:32:01","slug":"application-dinspection-et-dechange","status":"publish","type":"page","link":"https:\/\/autorolasolutions.com\/blg-fr\/ecosysteme-numerique\/produits\/application-dinspection-et-dechange\/","title":{"rendered":"Application d&#8217;inspection et d&#8217;\u00e9change"},"content":{"rendered":"\t\t<div data-elementor-type=\"wp-page\" data-elementor-id=\"19708\" class=\"elementor elementor-19708 elementor-11416\" data-elementor-post-type=\"page\">\n\t\t\t\t\t\t<section class=\"elementor-section elementor-top-section elementor-element elementor-element-2ade62f elementor-section-boxed elementor-section-height-default elementor-section-height-default\" data-id=\"2ade62f\" data-element_type=\"section\" data-e-type=\"section\">\n\t\t\t\t\t\t<div class=\"elementor-container elementor-column-gap-default\">\n\t\t\t\t\t<div class=\"elementor-column elementor-col-50 elementor-top-column elementor-element elementor-element-e263d83\" data-id=\"e263d83\" data-element_type=\"column\" data-e-type=\"column\">\n\t\t\t<div class=\"elementor-widget-wrap elementor-element-populated\">\n\t\t\t\t\t\t<div class=\"elementor-element elementor-element-00d56f9 elementor-widget elementor-widget-text-editor\" data-id=\"00d56f9\" data-element_type=\"widget\" data-e-type=\"widget\" data-widget_type=\"text-editor.default\">\n\t\t\t\t<div class=\"elementor-widget-container\">\n\t\t\t\t\t\t\t\t\t<h1>Syst\u00e8me d&#8217;aide \u00e0 l&#8217;inspection<\/h1><h2>Inspections professionnelles<\/h2><p>L&#8217;application Trade in, le syst\u00e8me d&#8217;inspection des v\u00e9hicules Autorola Solutions, garantit des inspections de haute qualit\u00e9.<\/p><p>L&#8217;application est hautement configurable et permet \u00e0 vos partenaires d&#8217;effectuer diff\u00e9rents types d&#8217;inspections en fonction de vos besoins d&#8217;inspection, o\u00f9 que vous soyez. Que ce soit une inspection de livraison ou une inspection de fin de contrat, l&#8217;application peut \u00eatre configur\u00e9e pour r\u00e9pondre \u00e0 vos besoins et \u00e0 vos exigences de qualit\u00e9.<\/p><h2>Facile \u00e0 installer, facile \u00e0 utiliser<\/h2><p>Gr\u00e2ce \u00e0 son processus modulaire et convivial, l&#8217;application garantit que tous les v\u00e9hicules sont d\u00e9crits et inspect\u00e9s conform\u00e9ment \u00e0 vos exigences. Notre outil est une application Web responsive qui permet l&#8217;inspection des v\u00e9hicules \u00e0 partir de n&#8217;importe quel appareil mobile, Android ou IOS. Elle est enti\u00e8rement int\u00e9gr\u00e9e \u00e0 Fleet Monitor et partage des donn\u00e9es avec Fleet Monitor via une interface en temps r\u00e9el.<\/p><p>Notre plateforme prend en charge nos propres inspections ainsi que les inspections externes des prestataires d&#8217;inspection du march\u00e9.<\/p><h2>Maximisez vos prix de revente<\/h2><p>Nous proposons un outil d&#8217;inspection complet con\u00e7u pour mettre en valeur les meilleures caract\u00e9ristiques de votre v\u00e9hicule et d&#8217;assurer une pr\u00e9sentation \u00e0 la vente optimis\u00e9e. En fournissant des rapports d&#8217;\u00e9tat d\u00e9taill\u00e9s, une inspection m\u00e9canique et technique approfondie qui aborde tous les probl\u00e8mes susceptibles d&#8217;affecter la valeur de revente et des photos de haute qualit\u00e9, l&#8217;application vous aide \u00e0 rassurer les acheteurs sur l&#8217;\u00e9tat du v\u00e9hicule, ce qui est essentiel pour maximiser vos prix de revente.<\/p>\t\t\t\t\t\t\t\t<\/div>\n\t\t\t\t<\/div>\n\t\t\t\t<div class=\"elementor-element elementor-element-d385186 elementor-align-center elementor-widget elementor-widget-button\" data-id=\"d385186\" data-element_type=\"widget\" data-e-type=\"widget\" data-widget_type=\"button.default\">\n\t\t\t\t<div class=\"elementor-widget-container\">\n\t\t\t\t\t\t\t\t\t<div class=\"elementor-button-wrapper\">\n\t\t\t\t\t<a class=\"elementor-button elementor-button-link elementor-size-sm elementor-animation-grow\" href=\"https:\/\/autorolasolutions.com\/fr\/contact\/\">\n\t\t\t\t\t\t<span class=\"elementor-button-content-wrapper\">\n\t\t\t\t\t\t<span class=\"elementor-button-icon\">\n\t\t\t\t<i aria-hidden=\"true\" class=\"fas fa-arrow-right\"><\/i>\t\t\t<\/span>\n\t\t\t\t\t\t\t\t\t<span class=\"elementor-button-text\">Contactez-nous<\/span>\n\t\t\t\t\t<\/span>\n\t\t\t\t\t<\/a>\n\t\t\t\t<\/div>\n\t\t\t\t\t\t\t\t<\/div>\n\t\t\t\t<\/div>\n\t\t\t\t\t<\/div>\n\t\t<\/div>\n\t\t\t\t<div class=\"elementor-column elementor-col-50 elementor-top-column elementor-element elementor-element-7c38495\" data-id=\"7c38495\" data-element_type=\"column\" data-e-type=\"column\">\n\t\t\t<div class=\"elementor-widget-wrap elementor-element-populated\">\n\t\t\t\t\t\t<div class=\"elementor-element elementor-element-93a98ea elementor-widget elementor-widget-image\" data-id=\"93a98ea\" data-element_type=\"widget\" data-e-type=\"widget\" data-widget_type=\"image.default\">\n\t\t\t\t<div class=\"elementor-widget-container\">\n\t\t\t\t\t\t\t\t\t\t\t\t\t\t\t<img fetchpriority=\"high\" decoding=\"async\" width=\"583\" height=\"701\" src=\"https:\/\/autorolasolutions.com\/wp-content\/uploads\/2025\/01\/Autorola_Solutions_Web_Rotate_01.png\" class=\"attachment-large size-large wp-image-51693\" alt=\"\" srcset=\"https:\/\/autorolasolutions.com\/wp-content\/uploads\/2025\/01\/Autorola_Solutions_Web_Rotate_01.png 583w, https:\/\/autorolasolutions.com\/wp-content\/uploads\/2025\/01\/Autorola_Solutions_Web_Rotate_01-250x300.png 250w\" sizes=\"(max-width: 583px) 100vw, 583px\" \/>\t\t\t\t\t\t\t\t\t\t\t\t\t\t\t<\/div>\n\t\t\t\t<\/div>\n\t\t\t\t\t<\/div>\n\t\t<\/div>\n\t\t\t\t\t<\/div>\n\t\t<\/section>\n\t\t\t\t<\/div>\n\t\t","protected":false},"excerpt":{"rendered":"<p>Syst\u00e8me d&#8217;aide \u00e0 l&#8217;inspection Inspections professionnelles L&#8217;application Trade in, le syst\u00e8me d&#8217;inspection des v\u00e9hicules Autorola Solutions, garantit des inspections de haute qualit\u00e9. L&#8217;application est hautement configurable et permet \u00e0 vos partenaires d&#8217;effectuer diff\u00e9rents types d&#8217;inspections en fonction de vos besoins d&#8217;inspection, o\u00f9 que vous soyez. Que ce soit une inspection de livraison ou une inspection [&hellip;]<\/p>\n","protected":false},"author":2,"featured_media":0,"parent":19706,"menu_order":2,"comment_status":"closed","ping_status":"closed","template":"","meta":{"_acf_changed":false,"inline_featured_image":false,"site-sidebar-layout":"no-sidebar","site-content-layout":"","ast-site-content-layout":"full-width-container","site-content-style":"unboxed","site-sidebar-style":"unboxed","ast-global-header-display":"","ast-banner-title-visibility":"","ast-main-header-display":"","ast-hfb-above-header-display":"","ast-hfb-below-header-display":"","ast-hfb-mobile-header-display":"","site-post-title":"disabled","ast-breadcrumbs-content":"","ast-featured-img":"disabled","footer-sml-layout":"","theme-transparent-header-meta":"","adv-header-id-meta":"","stick-header-meta":"","header-above-stick-meta":"","header-main-stick-meta":"","header-below-stick-meta":"","astra-migrate-meta-layouts":"default","ast-page-background-enabled":"default","ast-page-background-meta":{"desktop":{"background-color":"","background-image":"","background-repeat":"repeat","background-position":"center center","background-size":"auto","background-attachment":"scroll","background-type":"","background-media":"","overlay-type":"","overlay-color":"","overlay-opacity":"","overlay-gradient":""},"tablet":{"background-color":"","background-image":"","background-repeat":"repeat","background-position":"center center","background-size":"auto","background-attachment":"scroll","background-type":"","background-media":"","overlay-type":"","overlay-color":"","overlay-opacity":"","overlay-gradient":""},"mobile":{"background-color":"","background-image":"","background-repeat":"repeat","background-position":"center center","background-size":"auto","background-attachment":"scroll","background-type":"","background-media":"","overlay-type":"","overlay-color":"","overlay-opacity":"","overlay-gradient":""}},"ast-content-background-meta":{"desktop":{"background-color":"var(--ast-global-color-5)","background-image":"","background-repeat":"repeat","background-position":"center center","background-size":"auto","background-attachment":"scroll","background-type":"","background-media":"","overlay-type":"","overlay-color":"","overlay-opacity":"","overlay-gradient":""},"tablet":{"background-color":"var(--ast-global-color-5)","background-image":"","background-repeat":"repeat","background-position":"center center","background-size":"auto","background-attachment":"scroll","background-type":"","background-media":"","overlay-type":"","overlay-color":"","overlay-opacity":"","overlay-gradient":""},"mobile":{"background-color":"var(--ast-global-color-5)","background-image":"","background-repeat":"repeat","background-position":"center center","background-size":"auto","background-attachment":"scroll","background-type":"","background-media":"","overlay-type":"","overlay-color":"","overlay-opacity":"","overlay-gradient":""}},"footnotes":""},"class_list":["post-19708","page","type-page","status-publish","hentry"],"acf":[],"yoast_head":"<!-- This site is optimized with the Yoast SEO plugin v27.0 - https:\/\/yoast.com\/product\/yoast-seo-wordpress\/ -->\n<title>Application d&#039;inspection et de reprise | Processus transparents pour le commerce automobile<\/title>\n<meta name=\"description\" content=\"Rationalisez les processus de reprises et d\u2019inspections de v\u00e9hicules avec notre application Trade-Inn App. Offrez une exp\u00e9rience transparente de bout en bout pour les inspections et les reprises.\" \/>\n<meta name=\"robots\" content=\"index, follow, max-snippet:-1, max-image-preview:large, max-video-preview:-1\" \/>\n<link rel=\"canonical\" href=\"https:\/\/autorolasolutions.com\/digital-ecosystem\/products\/inspection-and-trade-in-app\/\" \/>\n<meta property=\"og:locale\" content=\"en_US\" \/>\n<meta property=\"og:type\" content=\"article\" \/>\n<meta property=\"og:title\" content=\"Application d&#039;inspection et de reprise | Processus transparents pour le commerce automobile\" \/>\n<meta property=\"og:description\" content=\"Rationalisez les processus de reprises et d\u2019inspections de v\u00e9hicules avec notre application Trade-Inn App. Offrez une exp\u00e9rience transparente de bout en bout pour les inspections et les reprises.\" \/>\n<meta property=\"og:url\" content=\"https:\/\/autorolasolutions.com\/digital-ecosystem\/products\/inspection-and-trade-in-app\/\" \/>\n<meta property=\"og:site_name\" content=\"Autorola Solutions\" \/>\n<meta property=\"article:modified_time\" content=\"2025-02-04T09:32:01+00:00\" \/>\n<meta property=\"og:image\" content=\"https:\/\/autorolasolutions.com\/wp-content\/uploads\/2025\/01\/Autorola_Solutions_Web_Rotate_01.png\" \/>\n\t<meta property=\"og:image:width\" content=\"583\" \/>\n\t<meta property=\"og:image:height\" content=\"701\" \/>\n\t<meta property=\"og:image:type\" content=\"image\/png\" \/>\n<meta name=\"twitter:card\" content=\"summary_large_image\" \/>\n<meta name=\"twitter:label1\" content=\"Est. reading time\" \/>\n\t<meta name=\"twitter:data1\" content=\"2 minutes\" \/>\n<script type=\"application\/ld+json\" class=\"yoast-schema-graph\">{\"@context\":\"https:\/\/schema.org\",\"@graph\":[{\"@type\":\"WebPage\",\"@id\":\"https:\/\/autorolasolutions.com\/digital-ecosystem\/products\/inspection-and-trade-in-app\/\",\"url\":\"https:\/\/autorolasolutions.com\/digital-ecosystem\/products\/inspection-and-trade-in-app\/\",\"name\":\"Application d'inspection et de reprise | Processus transparents pour le commerce automobile\",\"isPartOf\":{\"@id\":\"https:\/\/autorolasolutions.com\/#website\"},\"primaryImageOfPage\":{\"@id\":\"https:\/\/autorolasolutions.com\/digital-ecosystem\/products\/inspection-and-trade-in-app\/#primaryimage\"},\"image\":{\"@id\":\"https:\/\/autorolasolutions.com\/digital-ecosystem\/products\/inspection-and-trade-in-app\/#primaryimage\"},\"thumbnailUrl\":\"https:\/\/autorolasolutions.com\/wp-content\/uploads\/2025\/01\/Autorola_Solutions_Web_Rotate_01.png\",\"datePublished\":\"2023-02-28T12:55:45+00:00\",\"dateModified\":\"2025-02-04T09:32:01+00:00\",\"description\":\"Rationalisez les processus de reprises et d\u2019inspections de v\u00e9hicules avec notre application Trade-Inn App. Offrez une exp\u00e9rience transparente de bout en bout pour les inspections et les reprises.\",\"breadcrumb\":{\"@id\":\"https:\/\/autorolasolutions.com\/digital-ecosystem\/products\/inspection-and-trade-in-app\/#breadcrumb\"},\"inLanguage\":\"blg-FR\",\"potentialAction\":[{\"@type\":\"ReadAction\",\"target\":[\"https:\/\/autorolasolutions.com\/digital-ecosystem\/products\/inspection-and-trade-in-app\/\"]}]},{\"@type\":\"ImageObject\",\"inLanguage\":\"blg-FR\",\"@id\":\"https:\/\/autorolasolutions.com\/digital-ecosystem\/products\/inspection-and-trade-in-app\/#primaryimage\",\"url\":\"https:\/\/autorolasolutions.com\/wp-content\/uploads\/2025\/01\/Autorola_Solutions_Web_Rotate_01.png\",\"contentUrl\":\"https:\/\/autorolasolutions.com\/wp-content\/uploads\/2025\/01\/Autorola_Solutions_Web_Rotate_01.png\"},{\"@type\":\"BreadcrumbList\",\"@id\":\"https:\/\/autorolasolutions.com\/digital-ecosystem\/products\/inspection-and-trade-in-app\/#breadcrumb\",\"itemListElement\":[{\"@type\":\"ListItem\",\"position\":1,\"name\":\"Home\",\"item\":\"https:\/\/autorolasolutions.com\/\"},{\"@type\":\"ListItem\",\"position\":2,\"name\":\"\u00c9cosyst\u00e8me num\u00e9rique\",\"item\":\"https:\/\/autorolasolutions.com\/digital-ecosystem\/\"},{\"@type\":\"ListItem\",\"position\":3,\"name\":\"Produits\",\"item\":\"https:\/\/autorolasolutions.com\/digital-ecosystem\/products\/\"},{\"@type\":\"ListItem\",\"position\":4,\"name\":\"Application d&#8217;inspection et d&#8217;\u00e9change\"}]},{\"@type\":\"WebSite\",\"@id\":\"https:\/\/autorolasolutions.com\/#website\",\"url\":\"https:\/\/autorolasolutions.com\/\",\"name\":\"Autorola Solutions\",\"description\":\"\",\"publisher\":{\"@id\":\"https:\/\/autorolasolutions.com\/#organization\"},\"potentialAction\":[{\"@type\":\"SearchAction\",\"target\":{\"@type\":\"EntryPoint\",\"urlTemplate\":\"https:\/\/autorolasolutions.com\/?s={search_term_string}\"},\"query-input\":{\"@type\":\"PropertyValueSpecification\",\"valueRequired\":true,\"valueName\":\"search_term_string\"}}],\"inLanguage\":\"blg-FR\"},{\"@type\":\"Organization\",\"@id\":\"https:\/\/autorolasolutions.com\/#organization\",\"name\":\"Autorola Solutions\",\"url\":\"https:\/\/autorolasolutions.com\/\",\"logo\":{\"@type\":\"ImageObject\",\"inLanguage\":\"blg-FR\",\"@id\":\"https:\/\/autorolasolutions.com\/#\/schema\/logo\/image\/\",\"url\":\"https:\/\/autorolasolutions.com\/wp-content\/uploads\/2025\/01\/Autorola_Solutions_Logo_Left_Screen_RGB.svg\",\"contentUrl\":\"https:\/\/autorolasolutions.com\/wp-content\/uploads\/2025\/01\/Autorola_Solutions_Logo_Left_Screen_RGB.svg\",\"width\":143,\"height\":44,\"caption\":\"Autorola Solutions\"},\"image\":{\"@id\":\"https:\/\/autorolasolutions.com\/#\/schema\/logo\/image\/\"},\"sameAs\":[\"https:\/\/www.linkedin.com\/company\/autorolasolutions\/\"]}]}<\/script>\n<!-- \/ Yoast SEO plugin. -->","yoast_head_json":{"title":"Application d'inspection et de reprise | Processus transparents pour le commerce automobile","description":"Rationalisez les processus de reprises et d\u2019inspections de v\u00e9hicules avec notre application Trade-Inn App. Offrez une exp\u00e9rience transparente de bout en bout pour les inspections et les reprises.","robots":{"index":"index","follow":"follow","max-snippet":"max-snippet:-1","max-image-preview":"max-image-preview:large","max-video-preview":"max-video-preview:-1"},"canonical":"https:\/\/autorolasolutions.com\/digital-ecosystem\/products\/inspection-and-trade-in-app\/","og_locale":"en_US","og_type":"article","og_title":"Application d'inspection et de reprise | Processus transparents pour le commerce automobile","og_description":"Rationalisez les processus de reprises et d\u2019inspections de v\u00e9hicules avec notre application Trade-Inn App. Offrez une exp\u00e9rience transparente de bout en bout pour les inspections et les reprises.","og_url":"https:\/\/autorolasolutions.com\/digital-ecosystem\/products\/inspection-and-trade-in-app\/","og_site_name":"Autorola Solutions","article_modified_time":"2025-02-04T09:32:01+00:00","og_image":[{"width":583,"height":701,"url":"https:\/\/autorolasolutions.com\/wp-content\/uploads\/2025\/01\/Autorola_Solutions_Web_Rotate_01.png","type":"image\/png"}],"twitter_card":"summary_large_image","twitter_misc":{"Est. reading time":"2 minutes"},"schema":{"@context":"https:\/\/schema.org","@graph":[{"@type":"WebPage","@id":"https:\/\/autorolasolutions.com\/digital-ecosystem\/products\/inspection-and-trade-in-app\/","url":"https:\/\/autorolasolutions.com\/digital-ecosystem\/products\/inspection-and-trade-in-app\/","name":"Application d'inspection et de reprise | Processus transparents pour le commerce automobile","isPartOf":{"@id":"https:\/\/autorolasolutions.com\/#website"},"primaryImageOfPage":{"@id":"https:\/\/autorolasolutions.com\/digital-ecosystem\/products\/inspection-and-trade-in-app\/#primaryimage"},"image":{"@id":"https:\/\/autorolasolutions.com\/digital-ecosystem\/products\/inspection-and-trade-in-app\/#primaryimage"},"thumbnailUrl":"https:\/\/autorolasolutions.com\/wp-content\/uploads\/2025\/01\/Autorola_Solutions_Web_Rotate_01.png","datePublished":"2023-02-28T12:55:45+00:00","dateModified":"2025-02-04T09:32:01+00:00","description":"Rationalisez les processus de reprises et d\u2019inspections de v\u00e9hicules avec notre application Trade-Inn App. Offrez une exp\u00e9rience transparente de bout en bout pour les inspections et les reprises.","breadcrumb":{"@id":"https:\/\/autorolasolutions.com\/digital-ecosystem\/products\/inspection-and-trade-in-app\/#breadcrumb"},"inLanguage":"blg-FR","potentialAction":[{"@type":"ReadAction","target":["https:\/\/autorolasolutions.com\/digital-ecosystem\/products\/inspection-and-trade-in-app\/"]}]},{"@type":"ImageObject","inLanguage":"blg-FR","@id":"https:\/\/autorolasolutions.com\/digital-ecosystem\/products\/inspection-and-trade-in-app\/#primaryimage","url":"https:\/\/autorolasolutions.com\/wp-content\/uploads\/2025\/01\/Autorola_Solutions_Web_Rotate_01.png","contentUrl":"https:\/\/autorolasolutions.com\/wp-content\/uploads\/2025\/01\/Autorola_Solutions_Web_Rotate_01.png"},{"@type":"BreadcrumbList","@id":"https:\/\/autorolasolutions.com\/digital-ecosystem\/products\/inspection-and-trade-in-app\/#breadcrumb","itemListElement":[{"@type":"ListItem","position":1,"name":"Home","item":"https:\/\/autorolasolutions.com\/"},{"@type":"ListItem","position":2,"name":"\u00c9cosyst\u00e8me num\u00e9rique","item":"https:\/\/autorolasolutions.com\/digital-ecosystem\/"},{"@type":"ListItem","position":3,"name":"Produits","item":"https:\/\/autorolasolutions.com\/digital-ecosystem\/products\/"},{"@type":"ListItem","position":4,"name":"Application d&#8217;inspection et d&#8217;\u00e9change"}]},{"@type":"WebSite","@id":"https:\/\/autorolasolutions.com\/#website","url":"https:\/\/autorolasolutions.com\/","name":"Autorola Solutions","description":"","publisher":{"@id":"https:\/\/autorolasolutions.com\/#organization"},"potentialAction":[{"@type":"SearchAction","target":{"@type":"EntryPoint","urlTemplate":"https:\/\/autorolasolutions.com\/?s={search_term_string}"},"query-input":{"@type":"PropertyValueSpecification","valueRequired":true,"valueName":"search_term_string"}}],"inLanguage":"blg-FR"},{"@type":"Organization","@id":"https:\/\/autorolasolutions.com\/#organization","name":"Autorola Solutions","url":"https:\/\/autorolasolutions.com\/","logo":{"@type":"ImageObject","inLanguage":"blg-FR","@id":"https:\/\/autorolasolutions.com\/#\/schema\/logo\/image\/","url":"https:\/\/autorolasolutions.com\/wp-content\/uploads\/2025\/01\/Autorola_Solutions_Logo_Left_Screen_RGB.svg","contentUrl":"https:\/\/autorolasolutions.com\/wp-content\/uploads\/2025\/01\/Autorola_Solutions_Logo_Left_Screen_RGB.svg","width":143,"height":44,"caption":"Autorola Solutions"},"image":{"@id":"https:\/\/autorolasolutions.com\/#\/schema\/logo\/image\/"},"sameAs":["https:\/\/www.linkedin.com\/company\/autorolasolutions\/"]}]}},"_links":{"self":[{"href":"https:\/\/autorolasolutions.com\/blg-fr\/wp-json\/wp\/v2\/pages\/19708","targetHints":{"allow":["GET"]}}],"collection":[{"href":"https:\/\/autorolasolutions.com\/blg-fr\/wp-json\/wp\/v2\/pages"}],"about":[{"href":"https:\/\/autorolasolutions.com\/blg-fr\/wp-json\/wp\/v2\/types\/page"}],"author":[{"embeddable":true,"href":"https:\/\/autorolasolutions.com\/blg-fr\/wp-json\/wp\/v2\/users\/2"}],"replies":[{"embeddable":true,"href":"https:\/\/autorolasolutions.com\/blg-fr\/wp-json\/wp\/v2\/comments?post=19708"}],"version-history":[{"count":13,"href":"https:\/\/autorolasolutions.com\/blg-fr\/wp-json\/wp\/v2\/pages\/19708\/revisions"}],"predecessor-version":[{"id":55131,"href":"https:\/\/autorolasolutions.com\/blg-fr\/wp-json\/wp\/v2\/pages\/19708\/revisions\/55131"}],"up":[{"embeddable":true,"href":"https:\/\/autorolasolutions.com\/blg-fr\/wp-json\/wp\/v2\/pages\/19706"}],"wp:attachment":[{"href":"https:\/\/autorolasolutions.com\/blg-fr\/wp-json\/wp\/v2\/media?parent=19708"}],"curies":[{"name":"wp","href":"https:\/\/api.w.org\/{rel}","templated":true}]}}