{"id":14567,"date":"2023-08-28T12:23:37","date_gmt":"2023-08-28T10:23:37","guid":{"rendered":"https:\/\/autorolasolutions.com\/enkelt-login\/"},"modified":"2025-01-31T10:55:21","modified_gmt":"2025-01-31T09:55:21","slug":"single-sign-on","status":"publish","type":"page","link":"https:\/\/autorolasolutions.com\/da\/digitalt-oekosystem\/funktioner\/single-sign-on\/","title":{"rendered":"Single Sign-On"},"content":{"rendered":"\t\t<div data-elementor-type=\"wp-page\" data-elementor-id=\"14567\" class=\"elementor elementor-14567 elementor-13859\" data-elementor-post-type=\"page\">\n\t\t\t\t\t\t<section class=\"elementor-section elementor-top-section elementor-element elementor-element-33692a2 elementor-section-boxed elementor-section-height-default elementor-section-height-default\" data-id=\"33692a2\" data-element_type=\"section\" data-e-type=\"section\">\n\t\t\t\t\t\t<div class=\"elementor-container elementor-column-gap-default\">\n\t\t\t\t\t<div class=\"elementor-column elementor-col-100 elementor-top-column elementor-element elementor-element-0fa72e1\" data-id=\"0fa72e1\" data-element_type=\"column\" data-e-type=\"column\">\n\t\t\t<div class=\"elementor-widget-wrap elementor-element-populated\">\n\t\t\t\t\t\t<div class=\"elementor-element elementor-element-ba481b5 elementor-widget elementor-widget-text-editor\" data-id=\"ba481b5\" data-element_type=\"widget\" data-e-type=\"widget\" data-widget_type=\"text-editor.default\">\n\t\t\t\t<div class=\"elementor-widget-container\">\n\t\t\t\t\t\t\t\t\t<h1>Single Sign-On<\/h1>\t\t\t\t\t\t\t\t<\/div>\n\t\t\t\t<\/div>\n\t\t\t\t\t<\/div>\n\t\t<\/div>\n\t\t\t\t\t<\/div>\n\t\t<\/section>\n\t\t\t\t<section class=\"elementor-section elementor-top-section elementor-element elementor-element-4d1e95f elementor-section-boxed elementor-section-height-default elementor-section-height-default\" data-id=\"4d1e95f\" data-element_type=\"section\" data-e-type=\"section\">\n\t\t\t\t\t\t<div class=\"elementor-container elementor-column-gap-default\">\n\t\t\t\t\t<div class=\"elementor-column elementor-col-100 elementor-top-column elementor-element elementor-element-6069a45\" data-id=\"6069a45\" data-element_type=\"column\" data-e-type=\"column\">\n\t\t\t<div class=\"elementor-widget-wrap elementor-element-populated\">\n\t\t\t\t\t\t<div class=\"elementor-element elementor-element-813775b elementor-widget elementor-widget-text-editor\" data-id=\"813775b\" data-element_type=\"widget\" data-e-type=\"widget\" data-widget_type=\"text-editor.default\">\n\t\t\t\t<div class=\"elementor-widget-container\">\n\t\t\t\t\t\t\t\t\t<p>Single Sign-On (SSO) er et centraliseret godkendelsessystem, der giver brugerne adgang til flere applikationer og tjenester med kun \u00e9t s\u00e6t loginoplysninger. Det giver mange fordele.<\/p><p><strong>Forbedrer din brugeroplevelse:<\/strong><br \/>Det forenkler loginprocessen for brugerne, hvilket eliminerer behovet for at huske og administrere flere brugernavne og adgangskoder til forskellige applikationer. Denne bekvemmelighed f\u00f8rer til h\u00f8jere brugertilfredshed og reduceret frustration, hvilket resulterer i \u00f8get produktivitet og engagement.<\/p><p><strong>\u00d8ger produktiviteten:<\/strong><br \/>Medarbejdere kan hurtigt f\u00e5 adgang til forskellige applikationer og ressourcer uden besv\u00e6ret med gentagne logins. Denne problemfri adgang str\u00f8mliner arbejdsgange og sparer tid, s\u00e5 medarbejderne kan koncentrere sig om deres opgaver i stedet for at h\u00e5ndtere godkendelsesproblemer.<\/p><p><strong>Integreres med IAM-l\u00f8sninger:<\/strong><br \/>SSO integreres problemfrit med IAM-l\u00f8sninger (Identity and Access Management), hvilket giver en omfattende sikkerhedsramme. Denne integration g\u00f8r det muligt for organisationen at administrere brugeridentiteter effektivt, opretholde adgangskontrol og h\u00e5ndh\u00e6ve politikker p\u00e5 tv\u00e6rs af hele \u00f8kosystemet.<\/p><p><strong>Nemt skalerbart:<\/strong><br \/>SSO kan relativt nemt im\u00f8dekomme tilf\u00f8jelsen af nye applikationer og tjenester til organisationens infrastruktur. Denne skalerbarhed og fleksibilitet giver organisationer mulighed for at tilpasse sig teknologiske fremskridt og \u00e6ndringer i deres forretningsbehov mere effektivt.<\/p><p><strong>Sikrer mobil- og fjernadgang:<\/strong><br \/>Da virksomheder i stigende grad omfavner fjernarbejde og mobile enheder, muligg\u00f8r SSO sikker adgang til applikationer og ressourcer fra forskellige placeringer og enheder. Denne tilg\u00e6ngelighed fremmer en mere fleksibel og produktiv arbejdsstyrke.<\/p><p>Kort sagt giver Single Sign-On adskillige fordele, der giver en bedre brugeroplevelse, \u00f8get produktivitet og forbedret sikkerhed. Ved at str\u00f8mline adgangsstyring og h\u00e5ndh\u00e6ve st\u00e6rkere godkendelsespraksis forbedrer SSO din samlede effektivitet og reducerer sikkerhedsrisici.<\/p>\t\t\t\t\t\t\t\t<\/div>\n\t\t\t\t<\/div>\n\t\t\t\t\t<\/div>\n\t\t<\/div>\n\t\t\t\t\t<\/div>\n\t\t<\/section>\n\t\t\t\t<section class=\"elementor-section elementor-top-section elementor-element elementor-element-0c9e188 elementor-section-full_width elementor-section-height-default elementor-section-height-default\" data-id=\"0c9e188\" data-element_type=\"section\" data-e-type=\"section\" data-settings=\"{&quot;background_background&quot;:&quot;classic&quot;}\">\n\t\t\t\t\t\t<div class=\"elementor-container elementor-column-gap-default\">\n\t\t\t\t\t<div class=\"elementor-column elementor-col-50 elementor-top-column elementor-element elementor-element-06f8813\" data-id=\"06f8813\" data-element_type=\"column\" data-e-type=\"column\">\n\t\t\t<div class=\"elementor-widget-wrap elementor-element-populated\">\n\t\t\t\t\t\t<div class=\"elementor-element elementor-element-5d1772a elementor-widget__width-initial elementor-widget elementor-widget-html\" data-id=\"5d1772a\" data-element_type=\"widget\" data-e-type=\"widget\" data-widget_type=\"html.default\">\n\t\t\t\t<div class=\"elementor-widget-container\">\n\t\t\t\t\t<?xml version=\"1.0\" encoding=\"utf-8\"?>\n<!-- Generator: Adobe Illustrator 25.3.1, SVG Export Plug-In . SVG Version: 6.00 Build 0)  -->\n<svg class=\"kaeseecke\" version=\"1.1\" id=\"Ebene_2_1_\" xmlns=\"http:\/\/www.w3.org\/2000\/svg\" xmlns:xlink=\"http:\/\/www.w3.org\/1999\/xlink\" x=\"0px\" y=\"0px\"\n\t viewBox=\"0 0 960 960\" style=\"enable-background:new 0 0 960 960;\" xml:space=\"preserve\">\n<style type=\"text\/css\">\n\t.st0{fill:#9E9E9E;}\n<\/style>\n<polygon class=\"A st0\" points=\"209.4,778.6 445.3,492.9 80,431.6 \"\/>\n<g class=\"F\" id=\"Banken\">\n\t<defs>\n\t\t<polygon id=\"Banken_1_\" points=\"356.7,96.4 486.1,443.4 722,157.8 \t\t\"\/>\n\t<\/defs>\n\t<clipPath id=\"Banken_2_\">\n\t\t<use xlink:href=\"#Banken_1_\"  style=\"overflow:visible;\"\/>\n\t<\/clipPath>\n\t<g transform=\"matrix(1 0 0 1 1.525879e-05 0)\" style=\"clip-path:url(#Banken_2_);\">\n\t\t\n\t\t\t<image class=\"kaeseimage\" style=\"overflow:visible;\" width=\"1264\" height=\"843\" xlink:href=\"\/wp-content\/uploads\/2021\/09\/money-blau.png\"  transform=\"matrix(0.5459 0 0 0.5459 215 27.589)\">\n\t\t<\/image>\n\t<\/g>\n<\/g>\n<g class=\"C\" id=\"Haendler\">\n\t<defs>\n\t\t<polygon id=\"Haendler_1_\" points=\"514.7,467.1 880,528.4 750.6,181.4 \t\t\"\/>\n\t<\/defs>\n\t<clipPath id=\"Haendler_2_\">\n\t\t<use xlink:href=\"#Haendler_1_\"  style=\"overflow:visible;\"\/>\n\t<\/clipPath>\n\t<g transform=\"matrix(1 0 0 1 0 0)\" style=\"clip-path:url(#Haendler_2_);\">\n\t\t\n\t\t\t<image class=\"kaeseimage\" style=\"overflow:visible;\" width=\"2000\" height=\"953\" xlink:href=\"\/wp-content\/uploads\/2021\/09\/Shaking-hands-blau.png\"  transform=\"matrix(0.395 0 0 0.395 200.3094 156.043)\">\n\t\t<\/image>\n\t<\/g>\n<\/g>\n<g class=\"D\" id=\"Hersteller\">\n\t<defs>\n\t\t<polygon id=\"Hersteller_1_\" points=\"322,109.4 86.1,395 451.4,456.4 \t\t\"\/>\n\t<\/defs>\n\t<clipPath id=\"Hersteller_2_\">\n\t\t<use xlink:href=\"#Hersteller_1_\"  style=\"overflow:visible;\"\/>\n\t<\/clipPath>\n\t<g style=\"clip-path:url(#Hersteller_2_);\">\n\t\t\n\t\t\t<image class=\"kaeseimage\" style=\"overflow:visible;\" width=\"1070\" height=\"714\" xlink:href=\"\/wp-content\/uploads\/2021\/09\/Fahrzeugbau-blau.png\"  transform=\"matrix(0.5701 0 0 0.5701 32.1523 72.9533)\">\n\t\t<\/image>\n\t<\/g>\n<\/g>\n<g class=\"B\" id=\"Leasing\">\n\t<defs>\n\t\t<polygon id=\"Leasing_2_\" points=\"638,850.6 873.9,565 508.6,503.6 \t\t\"\/>\n\t<\/defs>\n\t<clipPath id=\"Leasing_1_\">\n\t\t<use xlink:href=\"#Leasing_2_\"  style=\"overflow:visible;\"\/>\n\t<\/clipPath>\n\t<g transform=\"matrix(1 2.980232e-08 -2.980232e-08 1 0 0)\" style=\"clip-path:url(#Leasing_1_);\">\n\t\t\n\t\t\t<image class=\"kaeseimage\" style=\"overflow:visible;\" width=\"1270\" height=\"714\" xlink:href=\"\/wp-content\/uploads\/2021\/09\/Parkplatz-blau.png\"  transform=\"matrix(0.9072 0.2335 -0.2335 0.9072 295.6266 390.6233)\">\n\t\t<\/image>\n\t<\/g>\n<\/g>\n<g class=\"E\" id=\"Logistikanbieter\">\n\t<defs>\n\t\t<polygon id=\"Logistikanbieter_1_\" points=\"473.9,516.6 238,802.2 603.3,863.6 \t\t\"\/>\n\t<\/defs>\n\t<clipPath id=\"Logistikanbieter_2_\">\n\t\t<use xlink:href=\"#Logistikanbieter_1_\"  style=\"overflow:visible;\"\/>\n\t<\/clipPath>\n\t<g transform=\"matrix(1 0 0 1 0 1.525879e-05)\" style=\"clip-path:url(#Logistikanbieter_2_);\">\n\t\t\n\t\t\t<image class=\"kaeseimage\" style=\"overflow:visible;\" width=\"1072\" height=\"714\" xlink:href=\"\/wp-content\/uploads\/2021\/09\/street-blau.png\"  transform=\"matrix(1.0858 0 0 1.0858 -295.8258 244.9563)\">\n\t\t<\/image>\n\t<\/g>\n<\/g>\n<\/svg>\n\t\t\t\t<\/div>\n\t\t\t\t<\/div>\n\t\t\t\t\t<\/div>\n\t\t<\/div>\n\t\t\t\t<div class=\"elementor-column elementor-col-50 elementor-top-column elementor-element elementor-element-eff0ff6\" data-id=\"eff0ff6\" data-element_type=\"column\" data-e-type=\"column\">\n\t\t\t<div class=\"elementor-widget-wrap elementor-element-populated\">\n\t\t\t\t\t\t<div class=\"elementor-element elementor-element-403627e elementor-widget elementor-widget-text-editor\" data-id=\"403627e\" data-element_type=\"widget\" data-e-type=\"widget\" data-widget_type=\"text-editor.default\">\n\t\t\t\t<div class=\"elementor-widget-container\">\n\t\t\t\t\t\t\t\t\t<h3>Dine fordele<\/h3>\t\t\t\t\t\t\t\t<\/div>\n\t\t\t\t<\/div>\n\t\t\t\t<div class=\"elementor-element elementor-element-8b8d064 sub-solutions elementor-list-item-link-inline elementor-icon-list--layout-traditional elementor-widget elementor-widget-icon-list\" data-id=\"8b8d064\" data-element_type=\"widget\" data-e-type=\"widget\" data-widget_type=\"icon-list.default\">\n\t\t\t\t<div class=\"elementor-widget-container\">\n\t\t\t\t\t\t\t<ul class=\"elementor-icon-list-items\">\n\t\t\t\t\t\t\t<li class=\"elementor-icon-list-item\">\n\t\t\t\t\t\t\t\t\t\t\t<a href=\"https:\/\/autorolasolutions.com\/da\/digitalt-oekosystem\/funktioner\/konfiguration\/\" class=\"B C D F\">\n\n\t\t\t\t\t\t\t\t\t\t\t<span class=\"elementor-icon-list-text\">Konfiguration<\/span>\n\t\t\t\t\t\t\t\t\t\t\t<\/a>\n\t\t\t\t\t\t\t\t\t<\/li>\n\t\t\t\t\t\t\t\t<li class=\"elementor-icon-list-item\">\n\t\t\t\t\t\t\t\t\t\t\t<a href=\"https:\/\/autorolasolutions.com\/da\/digitalt-oekosystem\/funktioner\/brugergraenseflader\/\" class=\"B C D E F\">\n\n\t\t\t\t\t\t\t\t\t\t\t<span class=\"elementor-icon-list-text\">Brugergr\u00e6nseflade<\/span>\n\t\t\t\t\t\t\t\t\t\t\t<\/a>\n\t\t\t\t\t\t\t\t\t<\/li>\n\t\t\t\t\t\t\t\t<li class=\"elementor-icon-list-item\">\n\t\t\t\t\t\t\t\t\t\t\t<a href=\"https:\/\/autorolasolutions.com\/da\/digitalt-oekosystem\/funktioner\/kommunikation\/\" class=\"C D E\">\n\n\t\t\t\t\t\t\t\t\t\t\t<span class=\"elementor-icon-list-text\">Kommunikation<\/span>\n\t\t\t\t\t\t\t\t\t\t\t<\/a>\n\t\t\t\t\t\t\t\t\t<\/li>\n\t\t\t\t\t\t\t\t<li class=\"elementor-icon-list-item\">\n\t\t\t\t\t\t\t\t\t\t\t<a href=\"https:\/\/autorolasolutions.com\/da\/digitalt-oekosystem\/funktioner\/rapportering\/\" class=\"B C D E F\">\n\n\t\t\t\t\t\t\t\t\t\t\t<span class=\"elementor-icon-list-text\">Rapportering<\/span>\n\t\t\t\t\t\t\t\t\t\t\t<\/a>\n\t\t\t\t\t\t\t\t\t<\/li>\n\t\t\t\t\t\t\t\t<li class=\"elementor-icon-list-item\">\n\t\t\t\t\t\t\t\t\t\t\t<a href=\"https:\/\/autorolasolutions.com\/da\/digitalt-oekosystem\/funktioner\/rollebaseret-adgangskontrol\/\" class=\"C D E\">\n\n\t\t\t\t\t\t\t\t\t\t\t<span class=\"elementor-icon-list-text\">Rollebaseret adgangskontrol<\/span>\n\t\t\t\t\t\t\t\t\t\t\t<\/a>\n\t\t\t\t\t\t\t\t\t<\/li>\n\t\t\t\t\t\t\t\t<li class=\"elementor-icon-list-item\">\n\t\t\t\t\t\t\t\t\t\t\t<a href=\"https:\/\/autorolasolutions.com\/da\/digitalt-oekosystem\/funktioner\/single-sign-on\/\" class=\"B C D E F\">\n\n\t\t\t\t\t\t\t\t\t\t\t<span class=\"elementor-icon-list-text\">Single Sign-on<\/span>\n\t\t\t\t\t\t\t\t\t\t\t<\/a>\n\t\t\t\t\t\t\t\t\t<\/li>\n\t\t\t\t\t\t\t\t<li class=\"elementor-icon-list-item\">\n\t\t\t\t\t\t\t\t\t\t\t<a href=\"https:\/\/autorolasolutions.com\/da\/digitalt-oekosystem\/funktioner\/it-datasikkerhed\/\">\n\n\t\t\t\t\t\t\t\t\t\t\t<span class=\"elementor-icon-list-text\">IT &amp; Data Sikkerhed<\/span>\n\t\t\t\t\t\t\t\t\t\t\t<\/a>\n\t\t\t\t\t\t\t\t\t<\/li>\n\t\t\t\t\t\t\t\t<li class=\"elementor-icon-list-item\">\n\t\t\t\t\t\t\t\t\t\t\t<a href=\"https:\/\/autorolasolutions.com\/da\/digitalt-oekosystem\/funktioner\/cloud\/\">\n\n\t\t\t\t\t\t\t\t\t\t\t<span class=\"elementor-icon-list-text\">Cloud<\/span>\n\t\t\t\t\t\t\t\t\t\t\t<\/a>\n\t\t\t\t\t\t\t\t\t<\/li>\n\t\t\t\t\t\t<\/ul>\n\t\t\t\t\t\t<\/div>\n\t\t\t\t<\/div>\n\t\t\t\t<div class=\"elementor-element elementor-element-e62f0a5 elementor-widget elementor-widget-button\" data-id=\"e62f0a5\" data-element_type=\"widget\" data-e-type=\"widget\" data-widget_type=\"button.default\">\n\t\t\t\t<div class=\"elementor-widget-container\">\n\t\t\t\t\t\t\t\t\t<div class=\"elementor-button-wrapper\">\n\t\t\t\t\t<a class=\"elementor-button elementor-button-link elementor-size-sm elementor-animation-grow\" href=\"https:\/\/autorolasolutions.com\/da\/kontakt-os\/\">\n\t\t\t\t\t\t<span class=\"elementor-button-content-wrapper\">\n\t\t\t\t\t\t<span class=\"elementor-button-icon\">\n\t\t\t\t<i aria-hidden=\"true\" class=\"fas fa-arrow-right\"><\/i>\t\t\t<\/span>\n\t\t\t\t\t\t\t\t\t<span class=\"elementor-button-text\">Kontakt os<\/span>\n\t\t\t\t\t<\/span>\n\t\t\t\t\t<\/a>\n\t\t\t\t<\/div>\n\t\t\t\t\t\t\t\t<\/div>\n\t\t\t\t<\/div>\n\t\t\t\t\t<\/div>\n\t\t<\/div>\n\t\t\t\t\t<\/div>\n\t\t<\/section>\n\t\t\t\t<\/div>\n\t\t","protected":false},"excerpt":{"rendered":"<p>Single Sign-On Single Sign-On (SSO) er et centraliseret godkendelsessystem, der giver brugerne adgang til flere applikationer og tjenester med kun \u00e9t s\u00e6t loginoplysninger. Det giver mange fordele. Forbedrer din brugeroplevelse:Det forenkler loginprocessen for brugerne, hvilket eliminerer behovet for at huske og administrere flere brugernavne og adgangskoder til forskellige applikationer. Denne bekvemmelighed f\u00f8rer til h\u00f8jere brugertilfredshed [&hellip;]<\/p>\n","protected":false},"author":2,"featured_media":0,"parent":18538,"menu_order":6,"comment_status":"closed","ping_status":"closed","template":"","meta":{"_acf_changed":false,"inline_featured_image":false,"site-sidebar-layout":"no-sidebar","site-content-layout":"","ast-site-content-layout":"full-width-container","site-content-style":"unboxed","site-sidebar-style":"unboxed","ast-global-header-display":"","ast-banner-title-visibility":"","ast-main-header-display":"","ast-hfb-above-header-display":"","ast-hfb-below-header-display":"","ast-hfb-mobile-header-display":"","site-post-title":"disabled","ast-breadcrumbs-content":"","ast-featured-img":"disabled","footer-sml-layout":"","theme-transparent-header-meta":"","adv-header-id-meta":"","stick-header-meta":"","header-above-stick-meta":"","header-main-stick-meta":"","header-below-stick-meta":"","astra-migrate-meta-layouts":"default","ast-page-background-enabled":"default","ast-page-background-meta":{"desktop":{"background-color":"","background-image":"","background-repeat":"repeat","background-position":"center center","background-size":"auto","background-attachment":"scroll","background-type":"","background-media":"","overlay-type":"","overlay-color":"","overlay-opacity":"","overlay-gradient":""},"tablet":{"background-color":"","background-image":"","background-repeat":"repeat","background-position":"center center","background-size":"auto","background-attachment":"scroll","background-type":"","background-media":"","overlay-type":"","overlay-color":"","overlay-opacity":"","overlay-gradient":""},"mobile":{"background-color":"","background-image":"","background-repeat":"repeat","background-position":"center center","background-size":"auto","background-attachment":"scroll","background-type":"","background-media":"","overlay-type":"","overlay-color":"","overlay-opacity":"","overlay-gradient":""}},"ast-content-background-meta":{"desktop":{"background-color":"var(--ast-global-color-5)","background-image":"","background-repeat":"repeat","background-position":"center center","background-size":"auto","background-attachment":"scroll","background-type":"","background-media":"","overlay-type":"","overlay-color":"","overlay-opacity":"","overlay-gradient":""},"tablet":{"background-color":"var(--ast-global-color-5)","background-image":"","background-repeat":"repeat","background-position":"center center","background-size":"auto","background-attachment":"scroll","background-type":"","background-media":"","overlay-type":"","overlay-color":"","overlay-opacity":"","overlay-gradient":""},"mobile":{"background-color":"var(--ast-global-color-5)","background-image":"","background-repeat":"repeat","background-position":"center center","background-size":"auto","background-attachment":"scroll","background-type":"","background-media":"","overlay-type":"","overlay-color":"","overlay-opacity":"","overlay-gradient":""}},"footnotes":""},"class_list":["post-14567","page","type-page","status-publish","hentry"],"acf":[],"yoast_head":"<!-- This site is optimized with the Yoast SEO plugin v27.0 - https:\/\/yoast.com\/product\/yoast-seo-wordpress\/ -->\n<title>Single Sign-On | G\u00f8r adgangen til digitale l\u00f8sninger til bilindustrien enklere<\/title>\n<meta name=\"description\" content=\"G\u00f8r brugeradgangen til dine digitale l\u00f8sninger enklere med single sign-on. G\u00f8r brugeroplevelsen bedre, str\u00f8mlin godkendelse, og \u00f8g effektiviteten i dine handlinger.\" \/>\n<meta name=\"robots\" content=\"index, follow, max-snippet:-1, max-image-preview:large, max-video-preview:-1\" \/>\n<link rel=\"canonical\" href=\"https:\/\/autorolasolutions.com\/da\/digitalt-oekosystem\/funktioner\/single-sign-on\/\" \/>\n<meta property=\"og:locale\" content=\"da_DK\" \/>\n<meta property=\"og:type\" content=\"article\" \/>\n<meta property=\"og:title\" content=\"Single Sign-On | G\u00f8r adgangen til digitale l\u00f8sninger til bilindustrien enklere\" \/>\n<meta property=\"og:description\" content=\"G\u00f8r brugeradgangen til dine digitale l\u00f8sninger enklere med single sign-on. G\u00f8r brugeroplevelsen bedre, str\u00f8mlin godkendelse, og \u00f8g effektiviteten i dine handlinger.\" \/>\n<meta property=\"og:url\" content=\"https:\/\/autorolasolutions.com\/da\/digitalt-oekosystem\/funktioner\/single-sign-on\/\" \/>\n<meta property=\"og:site_name\" content=\"Autorola Solutions\" \/>\n<meta property=\"article:modified_time\" content=\"2025-01-31T09:55:21+00:00\" \/>\n<meta name=\"twitter:card\" content=\"summary_large_image\" \/>\n<meta name=\"twitter:label1\" content=\"Estimeret l\u00e6setid\" \/>\n\t<meta name=\"twitter:data1\" content=\"2 minutter\" \/>\n<script type=\"application\/ld+json\" class=\"yoast-schema-graph\">{\"@context\":\"https:\/\/schema.org\",\"@graph\":[{\"@type\":\"WebPage\",\"@id\":\"https:\/\/autorolasolutions.com\/da\/digitalt-oekosystem\/funktioner\/single-sign-on\/\",\"url\":\"https:\/\/autorolasolutions.com\/da\/digitalt-oekosystem\/funktioner\/single-sign-on\/\",\"name\":\"Single Sign-On | G\u00f8r adgangen til digitale l\u00f8sninger til bilindustrien enklere\",\"isPartOf\":{\"@id\":\"https:\/\/autorolasolutions.com\/#website\"},\"datePublished\":\"2023-08-28T10:23:37+00:00\",\"dateModified\":\"2025-01-31T09:55:21+00:00\",\"description\":\"G\u00f8r brugeradgangen til dine digitale l\u00f8sninger enklere med single sign-on. G\u00f8r brugeroplevelsen bedre, str\u00f8mlin godkendelse, og \u00f8g effektiviteten i dine handlinger.\",\"breadcrumb\":{\"@id\":\"https:\/\/autorolasolutions.com\/da\/digitalt-oekosystem\/funktioner\/single-sign-on\/#breadcrumb\"},\"inLanguage\":\"da-DK\",\"potentialAction\":[{\"@type\":\"ReadAction\",\"target\":[\"https:\/\/autorolasolutions.com\/da\/digitalt-oekosystem\/funktioner\/single-sign-on\/\"]}]},{\"@type\":\"BreadcrumbList\",\"@id\":\"https:\/\/autorolasolutions.com\/da\/digitalt-oekosystem\/funktioner\/single-sign-on\/#breadcrumb\",\"itemListElement\":[{\"@type\":\"ListItem\",\"position\":1,\"name\":\"Home\",\"item\":\"https:\/\/autorolasolutions.com\/\"},{\"@type\":\"ListItem\",\"position\":2,\"name\":\"Digitalt \u00f8kosystem\",\"item\":\"https:\/\/autorolasolutions.com\/da\/digitalt-oekosystem\/\"},{\"@type\":\"ListItem\",\"position\":3,\"name\":\"Funktioner\",\"item\":\"https:\/\/autorolasolutions.com\/da\/digitalt-oekosystem\/funktioner\/\"},{\"@type\":\"ListItem\",\"position\":4,\"name\":\"Single Sign-On\"}]},{\"@type\":\"WebSite\",\"@id\":\"https:\/\/autorolasolutions.com\/#website\",\"url\":\"https:\/\/autorolasolutions.com\/\",\"name\":\"Autorola Solutions\",\"description\":\"\",\"publisher\":{\"@id\":\"https:\/\/autorolasolutions.com\/#organization\"},\"potentialAction\":[{\"@type\":\"SearchAction\",\"target\":{\"@type\":\"EntryPoint\",\"urlTemplate\":\"https:\/\/autorolasolutions.com\/?s={search_term_string}\"},\"query-input\":{\"@type\":\"PropertyValueSpecification\",\"valueRequired\":true,\"valueName\":\"search_term_string\"}}],\"inLanguage\":\"da-DK\"},{\"@type\":\"Organization\",\"@id\":\"https:\/\/autorolasolutions.com\/#organization\",\"name\":\"Autorola Solutions\",\"url\":\"https:\/\/autorolasolutions.com\/\",\"logo\":{\"@type\":\"ImageObject\",\"inLanguage\":\"da-DK\",\"@id\":\"https:\/\/autorolasolutions.com\/#\/schema\/logo\/image\/\",\"url\":\"https:\/\/autorolasolutions.com\/wp-content\/uploads\/2025\/01\/Autorola_Solutions_Logo_Left_Screen_RGB.svg\",\"contentUrl\":\"https:\/\/autorolasolutions.com\/wp-content\/uploads\/2025\/01\/Autorola_Solutions_Logo_Left_Screen_RGB.svg\",\"width\":143,\"height\":44,\"caption\":\"Autorola Solutions\"},\"image\":{\"@id\":\"https:\/\/autorolasolutions.com\/#\/schema\/logo\/image\/\"},\"sameAs\":[\"https:\/\/www.linkedin.com\/company\/autorolasolutions\/\"]}]}<\/script>\n<!-- \/ Yoast SEO plugin. -->","yoast_head_json":{"title":"Single Sign-On | G\u00f8r adgangen til digitale l\u00f8sninger til bilindustrien enklere","description":"G\u00f8r brugeradgangen til dine digitale l\u00f8sninger enklere med single sign-on. G\u00f8r brugeroplevelsen bedre, str\u00f8mlin godkendelse, og \u00f8g effektiviteten i dine handlinger.","robots":{"index":"index","follow":"follow","max-snippet":"max-snippet:-1","max-image-preview":"max-image-preview:large","max-video-preview":"max-video-preview:-1"},"canonical":"https:\/\/autorolasolutions.com\/da\/digitalt-oekosystem\/funktioner\/single-sign-on\/","og_locale":"da_DK","og_type":"article","og_title":"Single Sign-On | G\u00f8r adgangen til digitale l\u00f8sninger til bilindustrien enklere","og_description":"G\u00f8r brugeradgangen til dine digitale l\u00f8sninger enklere med single sign-on. G\u00f8r brugeroplevelsen bedre, str\u00f8mlin godkendelse, og \u00f8g effektiviteten i dine handlinger.","og_url":"https:\/\/autorolasolutions.com\/da\/digitalt-oekosystem\/funktioner\/single-sign-on\/","og_site_name":"Autorola Solutions","article_modified_time":"2025-01-31T09:55:21+00:00","twitter_card":"summary_large_image","twitter_misc":{"Estimeret l\u00e6setid":"2 minutter"},"schema":{"@context":"https:\/\/schema.org","@graph":[{"@type":"WebPage","@id":"https:\/\/autorolasolutions.com\/da\/digitalt-oekosystem\/funktioner\/single-sign-on\/","url":"https:\/\/autorolasolutions.com\/da\/digitalt-oekosystem\/funktioner\/single-sign-on\/","name":"Single Sign-On | G\u00f8r adgangen til digitale l\u00f8sninger til bilindustrien enklere","isPartOf":{"@id":"https:\/\/autorolasolutions.com\/#website"},"datePublished":"2023-08-28T10:23:37+00:00","dateModified":"2025-01-31T09:55:21+00:00","description":"G\u00f8r brugeradgangen til dine digitale l\u00f8sninger enklere med single sign-on. G\u00f8r brugeroplevelsen bedre, str\u00f8mlin godkendelse, og \u00f8g effektiviteten i dine handlinger.","breadcrumb":{"@id":"https:\/\/autorolasolutions.com\/da\/digitalt-oekosystem\/funktioner\/single-sign-on\/#breadcrumb"},"inLanguage":"da-DK","potentialAction":[{"@type":"ReadAction","target":["https:\/\/autorolasolutions.com\/da\/digitalt-oekosystem\/funktioner\/single-sign-on\/"]}]},{"@type":"BreadcrumbList","@id":"https:\/\/autorolasolutions.com\/da\/digitalt-oekosystem\/funktioner\/single-sign-on\/#breadcrumb","itemListElement":[{"@type":"ListItem","position":1,"name":"Home","item":"https:\/\/autorolasolutions.com\/"},{"@type":"ListItem","position":2,"name":"Digitalt \u00f8kosystem","item":"https:\/\/autorolasolutions.com\/da\/digitalt-oekosystem\/"},{"@type":"ListItem","position":3,"name":"Funktioner","item":"https:\/\/autorolasolutions.com\/da\/digitalt-oekosystem\/funktioner\/"},{"@type":"ListItem","position":4,"name":"Single Sign-On"}]},{"@type":"WebSite","@id":"https:\/\/autorolasolutions.com\/#website","url":"https:\/\/autorolasolutions.com\/","name":"Autorola Solutions","description":"","publisher":{"@id":"https:\/\/autorolasolutions.com\/#organization"},"potentialAction":[{"@type":"SearchAction","target":{"@type":"EntryPoint","urlTemplate":"https:\/\/autorolasolutions.com\/?s={search_term_string}"},"query-input":{"@type":"PropertyValueSpecification","valueRequired":true,"valueName":"search_term_string"}}],"inLanguage":"da-DK"},{"@type":"Organization","@id":"https:\/\/autorolasolutions.com\/#organization","name":"Autorola Solutions","url":"https:\/\/autorolasolutions.com\/","logo":{"@type":"ImageObject","inLanguage":"da-DK","@id":"https:\/\/autorolasolutions.com\/#\/schema\/logo\/image\/","url":"https:\/\/autorolasolutions.com\/wp-content\/uploads\/2025\/01\/Autorola_Solutions_Logo_Left_Screen_RGB.svg","contentUrl":"https:\/\/autorolasolutions.com\/wp-content\/uploads\/2025\/01\/Autorola_Solutions_Logo_Left_Screen_RGB.svg","width":143,"height":44,"caption":"Autorola Solutions"},"image":{"@id":"https:\/\/autorolasolutions.com\/#\/schema\/logo\/image\/"},"sameAs":["https:\/\/www.linkedin.com\/company\/autorolasolutions\/"]}]}},"_links":{"self":[{"href":"https:\/\/autorolasolutions.com\/da\/wp-json\/wp\/v2\/pages\/14567","targetHints":{"allow":["GET"]}}],"collection":[{"href":"https:\/\/autorolasolutions.com\/da\/wp-json\/wp\/v2\/pages"}],"about":[{"href":"https:\/\/autorolasolutions.com\/da\/wp-json\/wp\/v2\/types\/page"}],"author":[{"embeddable":true,"href":"https:\/\/autorolasolutions.com\/da\/wp-json\/wp\/v2\/users\/2"}],"replies":[{"embeddable":true,"href":"https:\/\/autorolasolutions.com\/da\/wp-json\/wp\/v2\/comments?post=14567"}],"version-history":[{"count":11,"href":"https:\/\/autorolasolutions.com\/da\/wp-json\/wp\/v2\/pages\/14567\/revisions"}],"predecessor-version":[{"id":54884,"href":"https:\/\/autorolasolutions.com\/da\/wp-json\/wp\/v2\/pages\/14567\/revisions\/54884"}],"up":[{"embeddable":true,"href":"https:\/\/autorolasolutions.com\/da\/wp-json\/wp\/v2\/pages\/18538"}],"wp:attachment":[{"href":"https:\/\/autorolasolutions.com\/da\/wp-json\/wp\/v2\/media?parent=14567"}],"curies":[{"name":"wp","href":"https:\/\/api.w.org\/{rel}","templated":true}]}}