{"id":14961,"date":"2023-10-30T15:09:20","date_gmt":"2023-10-30T14:09:20","guid":{"rendered":"https:\/\/autorolasolutions.com\/?page_id=14961"},"modified":"2024-04-03T14:31:59","modified_gmt":"2024-04-03T12:31:59","slug":"cookies","status":"publish","type":"page","link":"https:\/\/autorolasolutions.com\/da\/cookies\/","title":{"rendered":"Cookies"},"content":{"rendered":"\t\t<div data-elementor-type=\"wp-page\" data-elementor-id=\"14961\" class=\"elementor elementor-14961\" data-elementor-post-type=\"page\">\n\t\t\t\t\t\t<section class=\"elementor-section elementor-top-section elementor-element elementor-element-ae06858 elementor-section-boxed elementor-section-height-default elementor-section-height-default\" data-id=\"ae06858\" data-element_type=\"section\" data-e-type=\"section\">\n\t\t\t\t\t\t<div class=\"elementor-container elementor-column-gap-default\">\n\t\t\t\t\t<div class=\"elementor-column elementor-col-100 elementor-top-column elementor-element elementor-element-ae61c27\" data-id=\"ae61c27\" data-element_type=\"column\" data-e-type=\"column\">\n\t\t\t<div class=\"elementor-widget-wrap elementor-element-populated\">\n\t\t\t\t\t\t<div class=\"elementor-element elementor-element-a3c0b23 elementor-widget elementor-widget-text-editor\" data-id=\"a3c0b23\" data-element_type=\"widget\" data-e-type=\"widget\" data-widget_type=\"text-editor.default\">\n\t\t\t\t<div class=\"elementor-widget-container\">\n\t\t\t\t\t\t\t\t\t<h1 style=\"font-style: normal;\" data-renderer-start-pos=\"1\">Cookiepolitik<\/h1><p style=\"font-size: 18px; font-style: normal; font-weight: 400; color: #7a8da8;\" data-renderer-start-pos=\"122\">Denne politik vil informere dig om, hvordan og hvorfor vi bruger cookies. Vi vil ogs\u00e5 fort\u00e6lle dig, hvilke cookies vi bruger og nogle oplysninger om tredjeparter, som ogs\u00e5 placerer cookies p\u00e5 vores hjemmeside.<\/p><h1 data-renderer-start-pos=\"201\">\u00a0<\/h1><h1 id=\"Resum\u00e9\" data-renderer-start-pos=\"212\">Indhold<\/h1><p data-renderer-start-pos=\"220\">Dette dokument g\u00e6lder for:<\/p><ul class=\"ak-ul\" data-indent-level=\"1\"><li><p data-renderer-start-pos=\"250\">Bes\u00f8gende p\u00e5 vores hjemmesider<\/p><\/li><\/ul><p data-renderer-start-pos=\"284\">Denne politik d\u00e6kker:<\/p><div class=\"ak-renderer-extension \" data-layout=\"default\"><div class=\"ak-renderer-extension-overflow-container\"><div class=\"_1reo1wug _18m91wug _ugi3idpf _gutmidpf\" title=\"Macro (toc)\" data-fabric-macro=\"56b66171-da3f-4b44-a8f1-84991314f0e1\" data-macro-body=\"true\" data-macro-parameters=\"{}\" data-testid=\"printable-wrapper\"><div class=\"macro-core toc-macro conf-macro output-block\" data-headerelements=\"H1,H2,H3,H4,H5,H6\" data-hasbody=\"false\" data-macro-name=\"toc\" data-macro-id=\"56b66171-da3f-4b44-a8f1-84991314f0e1\"><ul data-testid=\"list-style-toc-level-container\"><li class=\"_qtt8140o\" data-testid=\"list-style-toc-item-container\"><span class=\"toc-item-body\" data-outline=\"2\">Hvad er en cookie?<\/span><br \/><ul data-testid=\"list-style-toc-level-container\"><li class=\"_qtt8140o\" data-testid=\"list-style-toc-item-container\"><span class=\"toc-item-body\" data-outline=\"2.1\">Typer af cookies<\/span><\/li><\/ul><\/li><li class=\"_qtt8140o\" data-testid=\"list-style-toc-item-container\"><span class=\"toc-item-body\" data-outline=\"3\">Hvilke cookies bruger vi?<\/span><\/li><li class=\"_qtt8140o\" data-testid=\"list-style-toc-item-container\"><span class=\"toc-item-body\" data-outline=\"4\">Hvordan bruger vi cookies?<\/span><\/li><li class=\"_qtt8140o\" data-testid=\"list-style-toc-item-container\"><span class=\"toc-item-body\" data-outline=\"5\">S\u00e5dan blokerer du cookies<\/span><\/li><li class=\"_qtt8140o\" data-testid=\"list-style-toc-item-container\"><span class=\"toc-item-body\" data-outline=\"6\">S\u00e5dan tr\u00e6kker du dit samtykke tilbage<\/span><\/li><li class=\"_qtt8140o\" data-testid=\"list-style-toc-item-container\"><span class=\"toc-item-body\" data-outline=\"7\">Cookies liste<\/span><\/li><li class=\"_qtt8140o\" data-testid=\"list-style-toc-item-container\"><span class=\"toc-item-body\" data-outline=\"8\">Kontakt os<\/span><\/li><\/ul><\/div><\/div><\/div><\/div><h1 id=\"Hvad-er-en-cookie?\" data-renderer-start-pos=\"308\">Hvad er en cookie?<\/h1><p data-renderer-start-pos=\"328\">Cookies er sm\u00e5 tekstfiler, der gemmes p\u00e5 din enhed, og som lader os g\u00f8re din oplevelse bedre og mere effektiv. De giver os mulighed for at genkende din enhed samt browser og gemme information, som er vigtig for at forbedre vores tjenester.<\/p><h2 data-renderer-start-pos=\"569\">\u00a0<\/h2><h2 id=\"Typer-af-cookies\" data-renderer-start-pos=\"569\"><strong>Typer af cookies<\/strong><\/h2><p data-renderer-start-pos=\"589\"><strong>Sessionscookies og vedvarende cookies<\/strong><\/p><ul><li data-renderer-start-pos=\"630\">Sessionscookies gemmes midlertidigt p\u00e5 dine enheder, mens du bes\u00f8ger hjemmesider og slettes, n\u00e5r du lukker din browser.<\/li><li data-renderer-start-pos=\"753\">Vedvarende cookies gemmes i et forudbestemt tidsrum, som varierer fra cookie til cookie. Det er l\u00e6ngere end sessionscookies; dog udl\u00f8ber de ogs\u00e5 efter noget tid. De hj\u00e6lper os med at forst\u00e5, om du tidligere har bes\u00f8gt vores hjemmeside eller lignende sider tidligere.<\/li><\/ul><p><strong><span style=\"font-size: 16px;\">F\u00f8rsteparts- og tredjepartscookies<\/span><\/strong><\/p><ul><li data-renderer-start-pos=\"1063\">F\u00f8rstepartscookies s\u00e6ttes direkte af hjemmesideudbyderen eller af underdom\u00e6ner af hjemmesider.<\/li><li data-renderer-start-pos=\"1161\">Tredjepartscookies s\u00e6ttes af udbydere, der ikke administreres af os s\u00e5som teknologipartnere.<\/li><\/ul><h1 id=\"Hvilke-cookies-bruger-vi?\" data-renderer-start-pos=\"1259\">Hvilke cookies bruger vi?<\/h1><h2 data-renderer-start-pos=\"1286\"><strong data-renderer-mark=\"true\">Essentielle cookies<\/strong><\/h2><p data-renderer-start-pos=\"1286\">Vi gemmer cookies p\u00e5 din enhed, hvis de er n\u00f8dvendige for, at vi kan tilbyde og levere vores tjenester. De er ogs\u00e5 n\u00f8dvendige for, at du kan navigere gennem hjemmesiden eller webapplikationen og drage fordel af alle de tilg\u00e6ngelige funktioner. Disse cookies kan ikke sl\u00e5s fra og er basale indstillinger p\u00e5 hjemmesiden, s\u00e5som login, formularer og pr\u00e6ferencer s\u00e5som tidszone eller sprog.<\/p><h2 data-renderer-start-pos=\"1693\">\u00a0<\/h2><h2 data-renderer-start-pos=\"1693\"><strong data-renderer-mark=\"true\">Analytiske cookies<\/strong><\/h2><p data-renderer-start-pos=\"1693\">Disse cookies er placeret for at hj\u00e6lpe os med at forst\u00e5, hvordan du interagerer med de tilg\u00e6ngelige muligheder p\u00e5 hjemmesiden, hvilke dele du bruger mest, og hvordan du bruger vores tjenester. Det hj\u00e6lper os med at lave statistik over brugen og m\u00e6ngden af \u200b\u200btid, du bruger p\u00e5 hjemmesiden. Disse statistikker vil i sidste ende hj\u00e6lpe os med at forbedre vores hjemmeside og alle tjenester, vi tilbyder p\u00e5 dem.<\/p><h2 data-renderer-start-pos=\"2122\">\u00a0<\/h2><h2 data-renderer-start-pos=\"2122\"><strong data-renderer-mark=\"true\">Marketing cookies<\/strong><\/h2><p data-renderer-start-pos=\"2122\">Disse cookies bruges til at pr\u00e6sentere annoncer, der kan v\u00e6re relevante eller af interesse for dig, n\u00e5r du surfer p\u00e5 internettet. De placeres for det meste af tredjeparter, n\u00e5r du interagerer med deres indhold p\u00e5 vores hjemmeside.<\/p><h2 data-renderer-start-pos=\"2372\">\u00a0<\/h2><h2 data-renderer-start-pos=\"2372\"><strong data-renderer-mark=\"true\">Personaliseringscookies<\/strong><\/h2><p data-renderer-start-pos=\"2372\">Disse cookies er placeret for at hj\u00e6lpe os med at give dig en bedre funktionalitet af hjemmesiden samt vores tjenester og for at g\u00f8re dem mere personlige til dig.<br \/>Du kan blokere disse cookies, men hvis du g\u00f8r det, kan det v\u00e6re, at dele af hjemmesiden ikke fungerer efter hensigten.<\/p><h1 data-renderer-start-pos=\"2679\">\u00a0<\/h1><h1 id=\"Hvordan-bruger-vi-cookies?\" data-renderer-start-pos=\"2679\">Hvordan bruger vi cookies?<\/h1><p data-renderer-start-pos=\"2707\">Vi indsamler oplysninger ved hj\u00e6lp af de beskrevne cookies til at m\u00e5le trafikken p\u00e5 vores hjemmeside, for at forst\u00e5 din adf\u00e6rd for optimering af brugeroplevelsen, for at tilpasse indholdet p\u00e5 hjemmesiderne og for at levere relevant annoncering, som du kunne v\u00e6re interesseret i. Vi bruger ogs\u00e5 de indsamlede oplysninger til at udvikle vores hjemmesider.<\/p><h1 data-renderer-start-pos=\"3062\">\u00a0<\/h1><h2 id=\"S\u00e5dan-blokerer-du-cookies\" data-renderer-start-pos=\"3062\"><strong>S\u00e5dan blokerer du cookies<\/strong><\/h2><p data-renderer-start-pos=\"3089\">Du kan stoppe eller begr\u00e6nse placeringen af \u200b\u200bcookies og andre sporingsteknologier Det g\u00f8r du ved at blokere dem p\u00e5 din enhed eller ved at fjerne dem og justere pr\u00e6ferencer p\u00e5 din browser. Dette kan variere fra enhed til enhed og fra browser til browser.<\/p><p data-renderer-start-pos=\"3345\">N\u00e5r du blokerer cookies i din browser, kan dele af hjemmesiden blive utilg\u00e6ngelige for dig eller hindre, at hjemmesiden fungerer optimalt.<\/p><h1 data-renderer-start-pos=\"3485\">\u00a0<\/h1><h2 id=\"S\u00e5dan-tr\u00e6kker-du-dit-samtykke-tilbage\" data-renderer-start-pos=\"3485\"><strong>S\u00e5dan tr\u00e6kker du dit samtykke tilbage<\/strong><\/h2><p data-renderer-start-pos=\"3524\">For at tr\u00e6kke et samtykke, som du har givet, tilbage, kan du klikke p\u00e5 det lille cookie-ikon i bunden af \u200b\u200bhjemmesiderne og blot \u00e6ndre placeringen af \u200b\u200bsamtykkeknappen og klikke p\u00e5 &#8220;gem&#8221;.<\/p><h1 data-renderer-start-pos=\"3713\">\u00a0<\/h1><h2 id=\"Cookies-liste\" data-renderer-start-pos=\"3713\"><strong>Cookies liste<\/strong><\/h2><p data-renderer-start-pos=\"3728\">Listen over cookies brugt af Autorola kan ses i cookie-samtykkefeltet under hver kategori af cookies.<\/p><h1 data-renderer-start-pos=\"3831\">\u00a0<\/h1><h1 id=\"Kontakt-os\" data-renderer-start-pos=\"3831\">Kontakt os<\/h1><p data-renderer-start-pos=\"3843\">Hvis du har sp\u00f8rgsm\u00e5l vedr\u00f8rende dette dokument, bedes du kontakte os.<\/p><p data-renderer-start-pos=\"3915\">Autorola A\/S<br \/>Skibhusvej 52A<br \/>DK-5000 Odense C<br \/>Denmark<br \/>Tel: +45 70 20 16 61<br \/>E-mail: <a class=\"confluence-ssr-app-tgpl01\" title=\"mailto:gdpr@autorola.com\" href=\"mailto:gdpr@autorola.com\" data-testid=\"link-with-safety\" data-renderer-mark=\"true\">gdpr@autorola.com<\/a><\/p>\t\t\t\t\t\t\t\t<\/div>\n\t\t\t\t<\/div>\n\t\t\t\t\t<\/div>\n\t\t<\/div>\n\t\t\t\t\t<\/div>\n\t\t<\/section>\n\t\t\t\t<\/div>\n\t\t","protected":false},"excerpt":{"rendered":"<p>Cookiepolitik Denne politik vil informere dig om, hvordan og hvorfor vi bruger cookies. Vi vil ogs\u00e5 fort\u00e6lle dig, hvilke cookies vi bruger og nogle oplysninger om tredjeparter, som ogs\u00e5 placerer cookies p\u00e5 vores hjemmeside. \u00a0 Indhold Dette dokument g\u00e6lder for: Bes\u00f8gende p\u00e5 vores hjemmesider Denne politik d\u00e6kker: Hvad er en cookie? Typer af cookies Hvilke [&hellip;]<\/p>\n","protected":false},"author":12,"featured_media":0,"parent":0,"menu_order":40,"comment_status":"closed","ping_status":"closed","template":"","meta":{"_acf_changed":false,"inline_featured_image":false,"site-sidebar-layout":"no-sidebar","site-content-layout":"page-builder","ast-site-content-layout":"default","site-content-style":"default","site-sidebar-style":"default","ast-global-header-display":"","ast-banner-title-visibility":"","ast-main-header-display":"","ast-hfb-above-header-display":"","ast-hfb-below-header-display":"","ast-hfb-mobile-header-display":"","site-post-title":"disabled","ast-breadcrumbs-content":"","ast-featured-img":"disabled","footer-sml-layout":"","theme-transparent-header-meta":"","adv-header-id-meta":"","stick-header-meta":"","header-above-stick-meta":"","header-main-stick-meta":"","header-below-stick-meta":"","astra-migrate-meta-layouts":"default","ast-page-background-enabled":"default","ast-page-background-meta":{"desktop":{"background-color":"","background-image":"","background-repeat":"repeat","background-position":"center center","background-size":"auto","background-attachment":"scroll","background-type":"","background-media":"","overlay-type":"","overlay-color":"","overlay-opacity":"","overlay-gradient":""},"tablet":{"background-color":"","background-image":"","background-repeat":"repeat","background-position":"center center","background-size":"auto","background-attachment":"scroll","background-type":"","background-media":"","overlay-type":"","overlay-color":"","overlay-opacity":"","overlay-gradient":""},"mobile":{"background-color":"","background-image":"","background-repeat":"repeat","background-position":"center center","background-size":"auto","background-attachment":"scroll","background-type":"","background-media":"","overlay-type":"","overlay-color":"","overlay-opacity":"","overlay-gradient":""}},"ast-content-background-meta":{"desktop":{"background-color":"var(--ast-global-color-5)","background-image":"","background-repeat":"repeat","background-position":"center center","background-size":"auto","background-attachment":"scroll","background-type":"","background-media":"","overlay-type":"","overlay-color":"","overlay-opacity":"","overlay-gradient":""},"tablet":{"background-color":"var(--ast-global-color-5)","background-image":"","background-repeat":"repeat","background-position":"center center","background-size":"auto","background-attachment":"scroll","background-type":"","background-media":"","overlay-type":"","overlay-color":"","overlay-opacity":"","overlay-gradient":""},"mobile":{"background-color":"var(--ast-global-color-5)","background-image":"","background-repeat":"repeat","background-position":"center center","background-size":"auto","background-attachment":"scroll","background-type":"","background-media":"","overlay-type":"","overlay-color":"","overlay-opacity":"","overlay-gradient":""}},"footnotes":""},"class_list":["post-14961","page","type-page","status-publish","hentry"],"acf":[],"yoast_head":"<!-- This site is optimized with the Yoast SEO plugin v27.0 - https:\/\/yoast.com\/product\/yoast-seo-wordpress\/ -->\n<title>Cookies - Autorola Solutions<\/title>\n<meta name=\"robots\" content=\"index, follow, max-snippet:-1, max-image-preview:large, max-video-preview:-1\" \/>\n<link rel=\"canonical\" href=\"https:\/\/autorolasolutions.com\/da\/cookies\/\" \/>\n<meta property=\"og:locale\" content=\"da_DK\" \/>\n<meta property=\"og:type\" content=\"article\" \/>\n<meta property=\"og:title\" content=\"Cookies - Autorola Solutions\" \/>\n<meta property=\"og:description\" content=\"Cookiepolitik Denne politik vil informere dig om, hvordan og hvorfor vi bruger cookies. Vi vil ogs\u00e5 fort\u00e6lle dig, hvilke cookies vi bruger og nogle oplysninger om tredjeparter, som ogs\u00e5 placerer cookies p\u00e5 vores hjemmeside. \u00a0 Indhold Dette dokument g\u00e6lder for: Bes\u00f8gende p\u00e5 vores hjemmesider Denne politik d\u00e6kker: Hvad er en cookie? Typer af cookies Hvilke [&hellip;]\" \/>\n<meta property=\"og:url\" content=\"https:\/\/autorolasolutions.com\/da\/cookies\/\" \/>\n<meta property=\"og:site_name\" content=\"Autorola Solutions\" \/>\n<meta property=\"article:modified_time\" content=\"2024-04-03T12:31:59+00:00\" \/>\n<meta name=\"twitter:card\" content=\"summary_large_image\" \/>\n<meta name=\"twitter:label1\" content=\"Estimeret l\u00e6setid\" \/>\n\t<meta name=\"twitter:data1\" content=\"3 minutter\" \/>\n<script type=\"application\/ld+json\" class=\"yoast-schema-graph\">{\"@context\":\"https:\/\/schema.org\",\"@graph\":[{\"@type\":\"WebPage\",\"@id\":\"https:\/\/autorolasolutions.com\/da\/cookies\/\",\"url\":\"https:\/\/autorolasolutions.com\/da\/cookies\/\",\"name\":\"Cookies - Autorola Solutions\",\"isPartOf\":{\"@id\":\"https:\/\/autorolasolutions.com\/#website\"},\"datePublished\":\"2023-10-30T14:09:20+00:00\",\"dateModified\":\"2024-04-03T12:31:59+00:00\",\"breadcrumb\":{\"@id\":\"https:\/\/autorolasolutions.com\/da\/cookies\/#breadcrumb\"},\"inLanguage\":\"da-DK\",\"potentialAction\":[{\"@type\":\"ReadAction\",\"target\":[\"https:\/\/autorolasolutions.com\/da\/cookies\/\"]}]},{\"@type\":\"BreadcrumbList\",\"@id\":\"https:\/\/autorolasolutions.com\/da\/cookies\/#breadcrumb\",\"itemListElement\":[{\"@type\":\"ListItem\",\"position\":1,\"name\":\"Home\",\"item\":\"https:\/\/autorolasolutions.com\/\"},{\"@type\":\"ListItem\",\"position\":2,\"name\":\"Cookies\"}]},{\"@type\":\"WebSite\",\"@id\":\"https:\/\/autorolasolutions.com\/#website\",\"url\":\"https:\/\/autorolasolutions.com\/\",\"name\":\"Autorola Solutions\",\"description\":\"\",\"publisher\":{\"@id\":\"https:\/\/autorolasolutions.com\/#organization\"},\"potentialAction\":[{\"@type\":\"SearchAction\",\"target\":{\"@type\":\"EntryPoint\",\"urlTemplate\":\"https:\/\/autorolasolutions.com\/?s={search_term_string}\"},\"query-input\":{\"@type\":\"PropertyValueSpecification\",\"valueRequired\":true,\"valueName\":\"search_term_string\"}}],\"inLanguage\":\"da-DK\"},{\"@type\":\"Organization\",\"@id\":\"https:\/\/autorolasolutions.com\/#organization\",\"name\":\"Autorola Solutions\",\"url\":\"https:\/\/autorolasolutions.com\/\",\"logo\":{\"@type\":\"ImageObject\",\"inLanguage\":\"da-DK\",\"@id\":\"https:\/\/autorolasolutions.com\/#\/schema\/logo\/image\/\",\"url\":\"https:\/\/autorolasolutions.com\/wp-content\/uploads\/2025\/01\/Autorola_Solutions_Logo_Left_Screen_RGB.svg\",\"contentUrl\":\"https:\/\/autorolasolutions.com\/wp-content\/uploads\/2025\/01\/Autorola_Solutions_Logo_Left_Screen_RGB.svg\",\"width\":143,\"height\":44,\"caption\":\"Autorola Solutions\"},\"image\":{\"@id\":\"https:\/\/autorolasolutions.com\/#\/schema\/logo\/image\/\"},\"sameAs\":[\"https:\/\/www.linkedin.com\/company\/autorolasolutions\/\"]}]}<\/script>\n<!-- \/ Yoast SEO plugin. -->","yoast_head_json":{"title":"Cookies - Autorola Solutions","robots":{"index":"index","follow":"follow","max-snippet":"max-snippet:-1","max-image-preview":"max-image-preview:large","max-video-preview":"max-video-preview:-1"},"canonical":"https:\/\/autorolasolutions.com\/da\/cookies\/","og_locale":"da_DK","og_type":"article","og_title":"Cookies - Autorola Solutions","og_description":"Cookiepolitik Denne politik vil informere dig om, hvordan og hvorfor vi bruger cookies. Vi vil ogs\u00e5 fort\u00e6lle dig, hvilke cookies vi bruger og nogle oplysninger om tredjeparter, som ogs\u00e5 placerer cookies p\u00e5 vores hjemmeside. \u00a0 Indhold Dette dokument g\u00e6lder for: Bes\u00f8gende p\u00e5 vores hjemmesider Denne politik d\u00e6kker: Hvad er en cookie? Typer af cookies Hvilke [&hellip;]","og_url":"https:\/\/autorolasolutions.com\/da\/cookies\/","og_site_name":"Autorola Solutions","article_modified_time":"2024-04-03T12:31:59+00:00","twitter_card":"summary_large_image","twitter_misc":{"Estimeret l\u00e6setid":"3 minutter"},"schema":{"@context":"https:\/\/schema.org","@graph":[{"@type":"WebPage","@id":"https:\/\/autorolasolutions.com\/da\/cookies\/","url":"https:\/\/autorolasolutions.com\/da\/cookies\/","name":"Cookies - Autorola Solutions","isPartOf":{"@id":"https:\/\/autorolasolutions.com\/#website"},"datePublished":"2023-10-30T14:09:20+00:00","dateModified":"2024-04-03T12:31:59+00:00","breadcrumb":{"@id":"https:\/\/autorolasolutions.com\/da\/cookies\/#breadcrumb"},"inLanguage":"da-DK","potentialAction":[{"@type":"ReadAction","target":["https:\/\/autorolasolutions.com\/da\/cookies\/"]}]},{"@type":"BreadcrumbList","@id":"https:\/\/autorolasolutions.com\/da\/cookies\/#breadcrumb","itemListElement":[{"@type":"ListItem","position":1,"name":"Home","item":"https:\/\/autorolasolutions.com\/"},{"@type":"ListItem","position":2,"name":"Cookies"}]},{"@type":"WebSite","@id":"https:\/\/autorolasolutions.com\/#website","url":"https:\/\/autorolasolutions.com\/","name":"Autorola Solutions","description":"","publisher":{"@id":"https:\/\/autorolasolutions.com\/#organization"},"potentialAction":[{"@type":"SearchAction","target":{"@type":"EntryPoint","urlTemplate":"https:\/\/autorolasolutions.com\/?s={search_term_string}"},"query-input":{"@type":"PropertyValueSpecification","valueRequired":true,"valueName":"search_term_string"}}],"inLanguage":"da-DK"},{"@type":"Organization","@id":"https:\/\/autorolasolutions.com\/#organization","name":"Autorola Solutions","url":"https:\/\/autorolasolutions.com\/","logo":{"@type":"ImageObject","inLanguage":"da-DK","@id":"https:\/\/autorolasolutions.com\/#\/schema\/logo\/image\/","url":"https:\/\/autorolasolutions.com\/wp-content\/uploads\/2025\/01\/Autorola_Solutions_Logo_Left_Screen_RGB.svg","contentUrl":"https:\/\/autorolasolutions.com\/wp-content\/uploads\/2025\/01\/Autorola_Solutions_Logo_Left_Screen_RGB.svg","width":143,"height":44,"caption":"Autorola Solutions"},"image":{"@id":"https:\/\/autorolasolutions.com\/#\/schema\/logo\/image\/"},"sameAs":["https:\/\/www.linkedin.com\/company\/autorolasolutions\/"]}]}},"_links":{"self":[{"href":"https:\/\/autorolasolutions.com\/da\/wp-json\/wp\/v2\/pages\/14961","targetHints":{"allow":["GET"]}}],"collection":[{"href":"https:\/\/autorolasolutions.com\/da\/wp-json\/wp\/v2\/pages"}],"about":[{"href":"https:\/\/autorolasolutions.com\/da\/wp-json\/wp\/v2\/types\/page"}],"author":[{"embeddable":true,"href":"https:\/\/autorolasolutions.com\/da\/wp-json\/wp\/v2\/users\/12"}],"replies":[{"embeddable":true,"href":"https:\/\/autorolasolutions.com\/da\/wp-json\/wp\/v2\/comments?post=14961"}],"version-history":[{"count":16,"href":"https:\/\/autorolasolutions.com\/da\/wp-json\/wp\/v2\/pages\/14961\/revisions"}],"predecessor-version":[{"id":21276,"href":"https:\/\/autorolasolutions.com\/da\/wp-json\/wp\/v2\/pages\/14961\/revisions\/21276"}],"wp:attachment":[{"href":"https:\/\/autorolasolutions.com\/da\/wp-json\/wp\/v2\/media?parent=14961"}],"curies":[{"name":"wp","href":"https:\/\/api.w.org\/{rel}","templated":true}]}}