{"id":18532,"date":"2023-03-22T08:56:26","date_gmt":"2023-03-22T07:56:26","guid":{"rendered":"https:\/\/autorolasolutions.com\/solutions\/brancher\/rentals\/"},"modified":"2025-08-11T10:44:41","modified_gmt":"2025-08-11T08:44:41","slug":"udlejning","status":"publish","type":"page","link":"https:\/\/autorolasolutions.com\/da\/solutions\/brancher\/udlejning\/","title":{"rendered":"Udlejning"},"content":{"rendered":"\t\t<div data-elementor-type=\"wp-page\" data-elementor-id=\"18532\" class=\"elementor elementor-18532 elementor-12652\" data-elementor-post-type=\"page\">\n\t\t\t\t\t\t<section class=\"elementor-section elementor-top-section elementor-element elementor-element-f4c5e62 elementor-section-boxed elementor-section-height-default elementor-section-height-default\" data-id=\"f4c5e62\" data-element_type=\"section\" data-e-type=\"section\">\n\t\t\t\t\t\t<div class=\"elementor-container elementor-column-gap-default\">\n\t\t\t\t\t<div class=\"elementor-column elementor-col-100 elementor-top-column elementor-element elementor-element-548b66e\" data-id=\"548b66e\" data-element_type=\"column\" data-e-type=\"column\">\n\t\t\t<div class=\"elementor-widget-wrap elementor-element-populated\">\n\t\t\t\t\t\t<div class=\"elementor-element elementor-element-e89e13e elementor-widget elementor-widget-text-editor\" data-id=\"e89e13e\" data-element_type=\"widget\" data-e-type=\"widget\" data-widget_type=\"text-editor.default\">\n\t\t\t\t<div class=\"elementor-widget-container\">\n\t\t\t\t\t\t\t\t\t<h1>Udlejning<\/h1><h2>Hvordan opn\u00e5r du et effektivt overblik over hele din fl\u00e5de?<\/h2>\t\t\t\t\t\t\t\t<\/div>\n\t\t\t\t<\/div>\n\t\t\t\t\t<\/div>\n\t\t<\/div>\n\t\t\t\t\t<\/div>\n\t\t<\/section>\n\t\t\t\t<section class=\"elementor-section elementor-top-section elementor-element elementor-element-b87e24e elementor-section-boxed elementor-section-height-default elementor-section-height-default\" data-id=\"b87e24e\" data-element_type=\"section\" data-e-type=\"section\">\n\t\t\t\t\t\t<div class=\"elementor-container elementor-column-gap-default\">\n\t\t\t\t\t<div class=\"elementor-column elementor-col-50 elementor-top-column elementor-element elementor-element-8d95c10\" data-id=\"8d95c10\" data-element_type=\"column\" data-e-type=\"column\">\n\t\t\t<div class=\"elementor-widget-wrap elementor-element-populated\">\n\t\t\t\t\t\t<div class=\"elementor-element elementor-element-4e0f0f9 elementor-widget__width-initial elementor-widget elementor-widget-text-editor\" data-id=\"4e0f0f9\" data-element_type=\"widget\" data-e-type=\"widget\" data-widget_type=\"text-editor.default\">\n\t\t\t\t<div class=\"elementor-widget-container\">\n\t\t\t\t\t\t\t\t\t<p>N\u00e5r man ser p\u00e5 udlejnings- og abonnementsbranchen, vokser markedet. Det betyder, at for at en organisation konstant skal v\u00e6re p\u00e5 toppen af tjenesten, skal de have en platform til at overv\u00e5ge alle vitale parametre for mest effektivt at skabe en v\u00e6rdiskabende k\u00e6de b\u00e5de for kunder og deres organisation.<\/p><p>Det betyder ogs\u00e5, at du skal inkorporere alle de data, du har brug for p\u00e5 bilniveau, samt brugerdata for centralt at styre alle aspekter af denne brugercentrerede servicemodel. Det kr\u00e6ver et centralt styret, struktureret processtyringsv\u00e6rkt\u00f8j at overv\u00e5ge disse nye servicemodeller.<\/p><p>Vi forbinder din virksomhed til \u00e9t digitalt landskab, der giver dig mulighed for frit at konfigurere flows, interaktionspunkter, gateways, handlinger og samlet lageroverblik i \u00e9n platform.<\/p><p>Is\u00e6r i udlejnings- og abonnementsbranchen er behovet for \u00f8jeblikkeligt overblik, effektiv lagerstyring og samarbejde n\u00f8glen til succes, hvor tilg\u00e6ngelighed og bekvemmelighed er de vigtigste drivkr\u00e6fter for kunderne.<br \/>Vi samler mennesker, processer og teknologi i \u00e9n platform, hvilket letter styringen af drift og tjenester inden for rammerne af din virksomhed. Vores l\u00f8sninger sigter mod at f\u00e5 arbejdet udf\u00f8rt i en digital kontekst og er baseret p\u00e5 teknologi, der tilbyder en st\u00e6rk platform med hensyn til samarbejde og produktivitet.<\/p>\t\t\t\t\t\t\t\t<\/div>\n\t\t\t\t<\/div>\n\t\t\t\t<div class=\"elementor-element elementor-element-5602f58 elementor-widget elementor-widget-button\" data-id=\"5602f58\" data-element_type=\"widget\" data-e-type=\"widget\" data-widget_type=\"button.default\">\n\t\t\t\t<div class=\"elementor-widget-container\">\n\t\t\t\t\t\t\t\t\t<div class=\"elementor-button-wrapper\">\n\t\t\t\t\t<a class=\"elementor-button elementor-button-link elementor-size-sm elementor-animation-grow\" href=\"https:\/\/autorolasolutions.com\/wp-content\/uploads\/2025\/08\/SOL_Mobility_Segment_Sheet.pdf\" target=\"_blank\">\n\t\t\t\t\t\t<span class=\"elementor-button-content-wrapper\">\n\t\t\t\t\t\t<span class=\"elementor-button-icon\">\n\t\t\t\t<i aria-hidden=\"true\" class=\"fas fa-arrow-right\"><\/i>\t\t\t<\/span>\n\t\t\t\t\t\t\t\t\t<span class=\"elementor-button-text\">Download folder<\/span>\n\t\t\t\t\t<\/span>\n\t\t\t\t\t<\/a>\n\t\t\t\t<\/div>\n\t\t\t\t\t\t\t\t<\/div>\n\t\t\t\t<\/div>\n\t\t\t\t\t<\/div>\n\t\t<\/div>\n\t\t\t\t<div class=\"elementor-column elementor-col-50 elementor-top-column elementor-element elementor-element-b30f435\" data-id=\"b30f435\" data-element_type=\"column\" data-e-type=\"column\">\n\t\t\t<div class=\"elementor-widget-wrap elementor-element-populated\">\n\t\t\t\t\t\t<div class=\"elementor-element elementor-element-147e316 elementor-widget elementor-widget-image\" data-id=\"147e316\" data-element_type=\"widget\" data-e-type=\"widget\" data-widget_type=\"image.default\">\n\t\t\t\t<div class=\"elementor-widget-container\">\n\t\t\t\t\t\t\t\t\t\t\t\t\t\t\t<img fetchpriority=\"high\" decoding=\"async\" width=\"1024\" height=\"571\" src=\"https:\/\/autorolasolutions.com\/wp-content\/uploads\/2025\/01\/Autorola_Solutions_Web_Cargraph_01-1024x571.png\" class=\"attachment-large size-large wp-image-51613\" alt=\"\" srcset=\"https:\/\/autorolasolutions.com\/wp-content\/uploads\/2025\/01\/Autorola_Solutions_Web_Cargraph_01-1024x571.png 1024w, https:\/\/autorolasolutions.com\/wp-content\/uploads\/2025\/01\/Autorola_Solutions_Web_Cargraph_01-300x167.png 300w, https:\/\/autorolasolutions.com\/wp-content\/uploads\/2025\/01\/Autorola_Solutions_Web_Cargraph_01-768x428.png 768w, https:\/\/autorolasolutions.com\/wp-content\/uploads\/2025\/01\/Autorola_Solutions_Web_Cargraph_01.png 1030w\" sizes=\"(max-width: 1024px) 100vw, 1024px\" \/>\t\t\t\t\t\t\t\t\t\t\t\t\t\t\t<\/div>\n\t\t\t\t<\/div>\n\t\t\t\t\t<\/div>\n\t\t<\/div>\n\t\t\t\t\t<\/div>\n\t\t<\/section>\n\t\t\t\t<section class=\"elementor-section elementor-top-section elementor-element elementor-element-ae484c9 elementor-section-boxed elementor-section-height-default elementor-section-height-default\" data-id=\"ae484c9\" data-element_type=\"section\" data-e-type=\"section\">\n\t\t\t\t\t\t<div class=\"elementor-container elementor-column-gap-default\">\n\t\t\t\t\t<div class=\"elementor-column elementor-col-50 elementor-top-column elementor-element elementor-element-501e452\" data-id=\"501e452\" data-element_type=\"column\" data-e-type=\"column\">\n\t\t\t<div class=\"elementor-widget-wrap elementor-element-populated\">\n\t\t\t\t\t\t<div class=\"elementor-element elementor-element-b7203e9 elementor-hidden-mobile elementor-widget elementor-widget-image\" data-id=\"b7203e9\" data-element_type=\"widget\" data-e-type=\"widget\" data-widget_type=\"image.default\">\n\t\t\t\t<div class=\"elementor-widget-container\">\n\t\t\t\t\t\t\t\t\t\t\t\t\t\t\t<img decoding=\"async\" width=\"1570\" height=\"1047\" src=\"https:\/\/autorolasolutions.com\/wp-content\/uploads\/2025\/01\/OEM-segment-blatonet.png\" class=\"attachment-full size-full wp-image-49562\" alt=\"\" srcset=\"https:\/\/autorolasolutions.com\/wp-content\/uploads\/2025\/01\/OEM-segment-blatonet.png 1570w, https:\/\/autorolasolutions.com\/wp-content\/uploads\/2025\/01\/OEM-segment-blatonet-300x200.png 300w, https:\/\/autorolasolutions.com\/wp-content\/uploads\/2025\/01\/OEM-segment-blatonet-1024x683.png 1024w, https:\/\/autorolasolutions.com\/wp-content\/uploads\/2025\/01\/OEM-segment-blatonet-768x512.png 768w, https:\/\/autorolasolutions.com\/wp-content\/uploads\/2025\/01\/OEM-segment-blatonet-1536x1024.png 1536w\" sizes=\"(max-width: 1570px) 100vw, 1570px\" \/>\t\t\t\t\t\t\t\t\t\t\t\t\t\t\t<\/div>\n\t\t\t\t<\/div>\n\t\t\t\t\t<\/div>\n\t\t<\/div>\n\t\t\t\t<div class=\"elementor-column elementor-col-50 elementor-top-column elementor-element elementor-element-0f80e5d\" data-id=\"0f80e5d\" data-element_type=\"column\" data-e-type=\"column\">\n\t\t\t<div class=\"elementor-widget-wrap elementor-element-populated\">\n\t\t\t\t\t\t<div class=\"elementor-element elementor-element-8c4e7a6 elementor-icon-list--layout-traditional elementor-list-item-link-full_width elementor-widget elementor-widget-icon-list\" data-id=\"8c4e7a6\" data-element_type=\"widget\" data-e-type=\"widget\" data-widget_type=\"icon-list.default\">\n\t\t\t\t<div class=\"elementor-widget-container\">\n\t\t\t\t\t\t\t<ul class=\"elementor-icon-list-items\">\n\t\t\t\t\t\t\t<li class=\"elementor-icon-list-item\">\n\t\t\t\t\t\t\t\t\t\t\t<a href=\"https:\/\/autorolasolutions.com\/da\/solutions\/\">\n\n\t\t\t\t\t\t\t\t\t\t\t\t<span class=\"elementor-icon-list-icon\">\n\t\t\t\t\t\t\t<i aria-hidden=\"true\" class=\"fas fa-circle\"><\/i>\t\t\t\t\t\t<\/span>\n\t\t\t\t\t\t\t\t\t\t<span class=\"elementor-icon-list-text\">Centralis\u00e9r din fl\u00e5destyring, fra start til slut<\/span>\n\t\t\t\t\t\t\t\t\t\t\t<\/a>\n\t\t\t\t\t\t\t\t\t<\/li>\n\t\t\t\t\t\t\t\t<li class=\"elementor-icon-list-item\">\n\t\t\t\t\t\t\t\t\t\t\t<a href=\"https:\/\/autorolasolutions.com\/da\/digitalt-oekosystem\/funktioner\/kommunikation\/\">\n\n\t\t\t\t\t\t\t\t\t\t\t\t<span class=\"elementor-icon-list-icon\">\n\t\t\t\t\t\t\t<i aria-hidden=\"true\" class=\"fas fa-circle\"><\/i>\t\t\t\t\t\t<\/span>\n\t\t\t\t\t\t\t\t\t\t<span class=\"elementor-icon-list-text\">Sikr rettidig kommunikation til alle dine interessenter<\/span>\n\t\t\t\t\t\t\t\t\t\t\t<\/a>\n\t\t\t\t\t\t\t\t\t<\/li>\n\t\t\t\t\t\t\t\t<li class=\"elementor-icon-list-item\">\n\t\t\t\t\t\t\t\t\t\t\t<a href=\"https:\/\/autorolasolutions.com\/da\/digitalt-oekosystem\/funktioner\/konfiguration\/\">\n\n\t\t\t\t\t\t\t\t\t\t\t\t<span class=\"elementor-icon-list-icon\">\n\t\t\t\t\t\t\t<i aria-hidden=\"true\" class=\"fas fa-circle\"><\/i>\t\t\t\t\t\t<\/span>\n\t\t\t\t\t\t\t\t\t\t<span class=\"elementor-icon-list-text\">Konfigurer frit din platform til at underst\u00f8tte din virksomhed<\/span>\n\t\t\t\t\t\t\t\t\t\t\t<\/a>\n\t\t\t\t\t\t\t\t\t<\/li>\n\t\t\t\t\t\t\t\t<li class=\"elementor-icon-list-item\">\n\t\t\t\t\t\t\t\t\t\t\t<a href=\"https:\/\/autorolasolutions.com\/da\/digitalt-oekosystem\/funktioner\/brugergraenseflader\/\">\n\n\t\t\t\t\t\t\t\t\t\t\t\t<span class=\"elementor-icon-list-icon\">\n\t\t\t\t\t\t\t<i aria-hidden=\"true\" class=\"fas fa-circle\"><\/i>\t\t\t\t\t\t<\/span>\n\t\t\t\t\t\t\t\t\t\t<span class=\"elementor-icon-list-text\">Integrer alle dine samarbejdspartnere I det digitale landskab<\/span>\n\t\t\t\t\t\t\t\t\t\t\t<\/a>\n\t\t\t\t\t\t\t\t\t<\/li>\n\t\t\t\t\t\t\t\t<li class=\"elementor-icon-list-item\">\n\t\t\t\t\t\t\t\t\t\t\t<a href=\"https:\/\/autorolasolutions.com\/da\/raadgivning\/\">\n\n\t\t\t\t\t\t\t\t\t\t\t\t<span class=\"elementor-icon-list-icon\">\n\t\t\t\t\t\t\t<i aria-hidden=\"true\" class=\"fas fa-circle\"><\/i>\t\t\t\t\t\t<\/span>\n\t\t\t\t\t\t\t\t\t\t<span class=\"elementor-icon-list-text\">Optimiser dine workflows og forbedr dine KPI'er<\/span>\n\t\t\t\t\t\t\t\t\t\t\t<\/a>\n\t\t\t\t\t\t\t\t\t<\/li>\n\t\t\t\t\t\t\t\t<li class=\"elementor-icon-list-item\">\n\t\t\t\t\t\t\t\t\t\t\t<a href=\"https:\/\/autorolasolutions.com\/da\/digitalt-oekosystem\/\">\n\n\t\t\t\t\t\t\t\t\t\t\t\t<span class=\"elementor-icon-list-icon\">\n\t\t\t\t\t\t\t<i aria-hidden=\"true\" class=\"fas fa-circle\"><\/i>\t\t\t\t\t\t<\/span>\n\t\t\t\t\t\t\t\t\t\t<span class=\"elementor-icon-list-text\">Transform\u00e9r dit digitale landskab for at skabe v\u00e6kst I din virksomhed<\/span>\n\t\t\t\t\t\t\t\t\t\t\t<\/a>\n\t\t\t\t\t\t\t\t\t<\/li>\n\t\t\t\t\t\t<\/ul>\n\t\t\t\t\t\t<\/div>\n\t\t\t\t<\/div>\n\t\t\t\t<div class=\"elementor-element elementor-element-d7c51ea elementor-widget elementor-widget-button\" data-id=\"d7c51ea\" data-element_type=\"widget\" data-e-type=\"widget\" data-widget_type=\"button.default\">\n\t\t\t\t<div class=\"elementor-widget-container\">\n\t\t\t\t\t\t\t\t\t<div class=\"elementor-button-wrapper\">\n\t\t\t\t\t<a class=\"elementor-button elementor-button-link elementor-size-sm elementor-animation-grow\" href=\"https:\/\/autorolasolutions.com\/da\/kontakt-os\/\">\n\t\t\t\t\t\t<span class=\"elementor-button-content-wrapper\">\n\t\t\t\t\t\t<span class=\"elementor-button-icon\">\n\t\t\t\t<i aria-hidden=\"true\" class=\"fas fa-arrow-right\"><\/i>\t\t\t<\/span>\n\t\t\t\t\t\t\t\t\t<span class=\"elementor-button-text\">Kontakt os<\/span>\n\t\t\t\t\t<\/span>\n\t\t\t\t\t<\/a>\n\t\t\t\t<\/div>\n\t\t\t\t\t\t\t\t<\/div>\n\t\t\t\t<\/div>\n\t\t\t\t\t<\/div>\n\t\t<\/div>\n\t\t\t\t\t<\/div>\n\t\t<\/section>\n\t\t\t\t<\/div>\n\t\t","protected":false},"excerpt":{"rendered":"<p>Udlejning Hvordan opn\u00e5r du et effektivt overblik over hele din fl\u00e5de? N\u00e5r man ser p\u00e5 udlejnings- og abonnementsbranchen, vokser markedet. Det betyder, at for at en organisation konstant skal v\u00e6re p\u00e5 toppen af tjenesten, skal de have en platform til at overv\u00e5ge alle vitale parametre for mest effektivt at skabe en v\u00e6rdiskabende k\u00e6de b\u00e5de for [&hellip;]<\/p>\n","protected":false},"author":8,"featured_media":0,"parent":6101,"menu_order":6,"comment_status":"closed","ping_status":"closed","template":"","meta":{"_acf_changed":false,"inline_featured_image":false,"site-sidebar-layout":"no-sidebar","site-content-layout":"","ast-site-content-layout":"full-width-container","site-content-style":"unboxed","site-sidebar-style":"unboxed","ast-global-header-display":"","ast-banner-title-visibility":"","ast-main-header-display":"","ast-hfb-above-header-display":"","ast-hfb-below-header-display":"","ast-hfb-mobile-header-display":"","site-post-title":"disabled","ast-breadcrumbs-content":"","ast-featured-img":"disabled","footer-sml-layout":"","theme-transparent-header-meta":"","adv-header-id-meta":"","stick-header-meta":"","header-above-stick-meta":"","header-main-stick-meta":"","header-below-stick-meta":"","astra-migrate-meta-layouts":"default","ast-page-background-enabled":"default","ast-page-background-meta":{"desktop":{"background-color":"","background-image":"","background-repeat":"repeat","background-position":"center center","background-size":"auto","background-attachment":"scroll","background-type":"","background-media":"","overlay-type":"","overlay-color":"","overlay-opacity":"","overlay-gradient":""},"tablet":{"background-color":"","background-image":"","background-repeat":"repeat","background-position":"center center","background-size":"auto","background-attachment":"scroll","background-type":"","background-media":"","overlay-type":"","overlay-color":"","overlay-opacity":"","overlay-gradient":""},"mobile":{"background-color":"","background-image":"","background-repeat":"repeat","background-position":"center center","background-size":"auto","background-attachment":"scroll","background-type":"","background-media":"","overlay-type":"","overlay-color":"","overlay-opacity":"","overlay-gradient":""}},"ast-content-background-meta":{"desktop":{"background-color":"var(--ast-global-color-5)","background-image":"","background-repeat":"repeat","background-position":"center center","background-size":"auto","background-attachment":"scroll","background-type":"","background-media":"","overlay-type":"","overlay-color":"","overlay-opacity":"","overlay-gradient":""},"tablet":{"background-color":"var(--ast-global-color-5)","background-image":"","background-repeat":"repeat","background-position":"center center","background-size":"auto","background-attachment":"scroll","background-type":"","background-media":"","overlay-type":"","overlay-color":"","overlay-opacity":"","overlay-gradient":""},"mobile":{"background-color":"var(--ast-global-color-5)","background-image":"","background-repeat":"repeat","background-position":"center center","background-size":"auto","background-attachment":"scroll","background-type":"","background-media":"","overlay-type":"","overlay-color":"","overlay-opacity":"","overlay-gradient":""}},"footnotes":""},"class_list":["post-18532","page","type-page","status-publish","hentry"],"acf":[],"yoast_head":"<!-- This site is optimized with the Yoast SEO plugin v27.0 - https:\/\/yoast.com\/product\/yoast-seo-wordpress\/ -->\n<title>Branchel\u00f8sninger til udlejning | Optimering af bilfl\u00e5deudlejning<\/title>\n<meta name=\"description\" content=\"Optimer din bilfl\u00e5deudlejning med vores branchel\u00f8sninger til udlejning. Forbedre aktivstyring, str\u00f8mline processer og \u00f8ge rentabiliteten.\" \/>\n<meta name=\"robots\" content=\"index, follow, max-snippet:-1, max-image-preview:large, max-video-preview:-1\" \/>\n<link rel=\"canonical\" href=\"https:\/\/autorolasolutions.com\/solutions\/industry\/rentals\/\" \/>\n<meta property=\"og:locale\" content=\"da_DK\" \/>\n<meta property=\"og:type\" content=\"article\" \/>\n<meta property=\"og:title\" content=\"Branchel\u00f8sninger til udlejning | Optimering af bilfl\u00e5deudlejning\" \/>\n<meta property=\"og:description\" content=\"Optimer din bilfl\u00e5deudlejning med vores branchel\u00f8sninger til udlejning. Forbedre aktivstyring, str\u00f8mline processer og \u00f8ge rentabiliteten.\" \/>\n<meta property=\"og:url\" content=\"https:\/\/autorolasolutions.com\/solutions\/industry\/rentals\/\" \/>\n<meta property=\"og:site_name\" content=\"Autorola Solutions\" \/>\n<meta property=\"article:modified_time\" content=\"2025-08-11T08:44:41+00:00\" \/>\n<meta property=\"og:image\" content=\"https:\/\/autorolasolutions.com\/wp-content\/uploads\/2025\/01\/Autorola_Solutions_Web_Cargraph_01.png\" \/>\n\t<meta property=\"og:image:width\" content=\"1030\" \/>\n\t<meta property=\"og:image:height\" content=\"574\" \/>\n\t<meta property=\"og:image:type\" content=\"image\/png\" \/>\n<meta name=\"twitter:card\" content=\"summary_large_image\" \/>\n<meta name=\"twitter:label1\" content=\"Estimeret l\u00e6setid\" \/>\n\t<meta name=\"twitter:data1\" content=\"2 minutter\" \/>\n<script type=\"application\/ld+json\" class=\"yoast-schema-graph\">{\"@context\":\"https:\/\/schema.org\",\"@graph\":[{\"@type\":\"WebPage\",\"@id\":\"https:\/\/autorolasolutions.com\/solutions\/industry\/rentals\/\",\"url\":\"https:\/\/autorolasolutions.com\/solutions\/industry\/rentals\/\",\"name\":\"Branchel\u00f8sninger til udlejning | Optimering af bilfl\u00e5deudlejning\",\"isPartOf\":{\"@id\":\"https:\/\/autorolasolutions.com\/#website\"},\"primaryImageOfPage\":{\"@id\":\"https:\/\/autorolasolutions.com\/solutions\/industry\/rentals\/#primaryimage\"},\"image\":{\"@id\":\"https:\/\/autorolasolutions.com\/solutions\/industry\/rentals\/#primaryimage\"},\"thumbnailUrl\":\"https:\/\/autorolasolutions.com\/wp-content\/uploads\/2025\/01\/Autorola_Solutions_Web_Cargraph_01-1024x571.png\",\"datePublished\":\"2023-03-22T07:56:26+00:00\",\"dateModified\":\"2025-08-11T08:44:41+00:00\",\"description\":\"Optimer din bilfl\u00e5deudlejning med vores branchel\u00f8sninger til udlejning. Forbedre aktivstyring, str\u00f8mline processer og \u00f8ge rentabiliteten.\",\"breadcrumb\":{\"@id\":\"https:\/\/autorolasolutions.com\/solutions\/industry\/rentals\/#breadcrumb\"},\"inLanguage\":\"da-DK\",\"potentialAction\":[{\"@type\":\"ReadAction\",\"target\":[\"https:\/\/autorolasolutions.com\/solutions\/industry\/rentals\/\"]}]},{\"@type\":\"ImageObject\",\"inLanguage\":\"da-DK\",\"@id\":\"https:\/\/autorolasolutions.com\/solutions\/industry\/rentals\/#primaryimage\",\"url\":\"https:\/\/autorolasolutions.com\/wp-content\/uploads\/2025\/01\/Autorola_Solutions_Web_Cargraph_01-1024x571.png\",\"contentUrl\":\"https:\/\/autorolasolutions.com\/wp-content\/uploads\/2025\/01\/Autorola_Solutions_Web_Cargraph_01-1024x571.png\"},{\"@type\":\"BreadcrumbList\",\"@id\":\"https:\/\/autorolasolutions.com\/solutions\/industry\/rentals\/#breadcrumb\",\"itemListElement\":[{\"@type\":\"ListItem\",\"position\":1,\"name\":\"Home\",\"item\":\"https:\/\/autorolasolutions.com\/\"},{\"@type\":\"ListItem\",\"position\":2,\"name\":\"Solutions\",\"item\":\"https:\/\/autorolasolutions.com\/uk\/solutions\/\"},{\"@type\":\"ListItem\",\"position\":3,\"name\":\"Brancher\",\"item\":\"https:\/\/autorolasolutions.com\/uk\/solutions\/industry\/\"},{\"@type\":\"ListItem\",\"position\":4,\"name\":\"Udlejning\"}]},{\"@type\":\"WebSite\",\"@id\":\"https:\/\/autorolasolutions.com\/#website\",\"url\":\"https:\/\/autorolasolutions.com\/\",\"name\":\"Autorola Solutions\",\"description\":\"\",\"publisher\":{\"@id\":\"https:\/\/autorolasolutions.com\/#organization\"},\"potentialAction\":[{\"@type\":\"SearchAction\",\"target\":{\"@type\":\"EntryPoint\",\"urlTemplate\":\"https:\/\/autorolasolutions.com\/?s={search_term_string}\"},\"query-input\":{\"@type\":\"PropertyValueSpecification\",\"valueRequired\":true,\"valueName\":\"search_term_string\"}}],\"inLanguage\":\"da-DK\"},{\"@type\":\"Organization\",\"@id\":\"https:\/\/autorolasolutions.com\/#organization\",\"name\":\"Autorola Solutions\",\"url\":\"https:\/\/autorolasolutions.com\/\",\"logo\":{\"@type\":\"ImageObject\",\"inLanguage\":\"da-DK\",\"@id\":\"https:\/\/autorolasolutions.com\/#\/schema\/logo\/image\/\",\"url\":\"https:\/\/autorolasolutions.com\/wp-content\/uploads\/2025\/01\/Autorola_Solutions_Logo_Left_Screen_RGB.svg\",\"contentUrl\":\"https:\/\/autorolasolutions.com\/wp-content\/uploads\/2025\/01\/Autorola_Solutions_Logo_Left_Screen_RGB.svg\",\"width\":143,\"height\":44,\"caption\":\"Autorola Solutions\"},\"image\":{\"@id\":\"https:\/\/autorolasolutions.com\/#\/schema\/logo\/image\/\"},\"sameAs\":[\"https:\/\/www.linkedin.com\/company\/autorolasolutions\/\"]}]}<\/script>\n<!-- \/ Yoast SEO plugin. -->","yoast_head_json":{"title":"Branchel\u00f8sninger til udlejning | Optimering af bilfl\u00e5deudlejning","description":"Optimer din bilfl\u00e5deudlejning med vores branchel\u00f8sninger til udlejning. Forbedre aktivstyring, str\u00f8mline processer og \u00f8ge rentabiliteten.","robots":{"index":"index","follow":"follow","max-snippet":"max-snippet:-1","max-image-preview":"max-image-preview:large","max-video-preview":"max-video-preview:-1"},"canonical":"https:\/\/autorolasolutions.com\/solutions\/industry\/rentals\/","og_locale":"da_DK","og_type":"article","og_title":"Branchel\u00f8sninger til udlejning | Optimering af bilfl\u00e5deudlejning","og_description":"Optimer din bilfl\u00e5deudlejning med vores branchel\u00f8sninger til udlejning. Forbedre aktivstyring, str\u00f8mline processer og \u00f8ge rentabiliteten.","og_url":"https:\/\/autorolasolutions.com\/solutions\/industry\/rentals\/","og_site_name":"Autorola Solutions","article_modified_time":"2025-08-11T08:44:41+00:00","og_image":[{"width":1030,"height":574,"url":"https:\/\/autorolasolutions.com\/wp-content\/uploads\/2025\/01\/Autorola_Solutions_Web_Cargraph_01.png","type":"image\/png"}],"twitter_card":"summary_large_image","twitter_misc":{"Estimeret l\u00e6setid":"2 minutter"},"schema":{"@context":"https:\/\/schema.org","@graph":[{"@type":"WebPage","@id":"https:\/\/autorolasolutions.com\/solutions\/industry\/rentals\/","url":"https:\/\/autorolasolutions.com\/solutions\/industry\/rentals\/","name":"Branchel\u00f8sninger til udlejning | Optimering af bilfl\u00e5deudlejning","isPartOf":{"@id":"https:\/\/autorolasolutions.com\/#website"},"primaryImageOfPage":{"@id":"https:\/\/autorolasolutions.com\/solutions\/industry\/rentals\/#primaryimage"},"image":{"@id":"https:\/\/autorolasolutions.com\/solutions\/industry\/rentals\/#primaryimage"},"thumbnailUrl":"https:\/\/autorolasolutions.com\/wp-content\/uploads\/2025\/01\/Autorola_Solutions_Web_Cargraph_01-1024x571.png","datePublished":"2023-03-22T07:56:26+00:00","dateModified":"2025-08-11T08:44:41+00:00","description":"Optimer din bilfl\u00e5deudlejning med vores branchel\u00f8sninger til udlejning. Forbedre aktivstyring, str\u00f8mline processer og \u00f8ge rentabiliteten.","breadcrumb":{"@id":"https:\/\/autorolasolutions.com\/solutions\/industry\/rentals\/#breadcrumb"},"inLanguage":"da-DK","potentialAction":[{"@type":"ReadAction","target":["https:\/\/autorolasolutions.com\/solutions\/industry\/rentals\/"]}]},{"@type":"ImageObject","inLanguage":"da-DK","@id":"https:\/\/autorolasolutions.com\/solutions\/industry\/rentals\/#primaryimage","url":"https:\/\/autorolasolutions.com\/wp-content\/uploads\/2025\/01\/Autorola_Solutions_Web_Cargraph_01-1024x571.png","contentUrl":"https:\/\/autorolasolutions.com\/wp-content\/uploads\/2025\/01\/Autorola_Solutions_Web_Cargraph_01-1024x571.png"},{"@type":"BreadcrumbList","@id":"https:\/\/autorolasolutions.com\/solutions\/industry\/rentals\/#breadcrumb","itemListElement":[{"@type":"ListItem","position":1,"name":"Home","item":"https:\/\/autorolasolutions.com\/"},{"@type":"ListItem","position":2,"name":"Solutions","item":"https:\/\/autorolasolutions.com\/uk\/solutions\/"},{"@type":"ListItem","position":3,"name":"Brancher","item":"https:\/\/autorolasolutions.com\/uk\/solutions\/industry\/"},{"@type":"ListItem","position":4,"name":"Udlejning"}]},{"@type":"WebSite","@id":"https:\/\/autorolasolutions.com\/#website","url":"https:\/\/autorolasolutions.com\/","name":"Autorola Solutions","description":"","publisher":{"@id":"https:\/\/autorolasolutions.com\/#organization"},"potentialAction":[{"@type":"SearchAction","target":{"@type":"EntryPoint","urlTemplate":"https:\/\/autorolasolutions.com\/?s={search_term_string}"},"query-input":{"@type":"PropertyValueSpecification","valueRequired":true,"valueName":"search_term_string"}}],"inLanguage":"da-DK"},{"@type":"Organization","@id":"https:\/\/autorolasolutions.com\/#organization","name":"Autorola Solutions","url":"https:\/\/autorolasolutions.com\/","logo":{"@type":"ImageObject","inLanguage":"da-DK","@id":"https:\/\/autorolasolutions.com\/#\/schema\/logo\/image\/","url":"https:\/\/autorolasolutions.com\/wp-content\/uploads\/2025\/01\/Autorola_Solutions_Logo_Left_Screen_RGB.svg","contentUrl":"https:\/\/autorolasolutions.com\/wp-content\/uploads\/2025\/01\/Autorola_Solutions_Logo_Left_Screen_RGB.svg","width":143,"height":44,"caption":"Autorola Solutions"},"image":{"@id":"https:\/\/autorolasolutions.com\/#\/schema\/logo\/image\/"},"sameAs":["https:\/\/www.linkedin.com\/company\/autorolasolutions\/"]}]}},"_links":{"self":[{"href":"https:\/\/autorolasolutions.com\/da\/wp-json\/wp\/v2\/pages\/18532","targetHints":{"allow":["GET"]}}],"collection":[{"href":"https:\/\/autorolasolutions.com\/da\/wp-json\/wp\/v2\/pages"}],"about":[{"href":"https:\/\/autorolasolutions.com\/da\/wp-json\/wp\/v2\/types\/page"}],"author":[{"embeddable":true,"href":"https:\/\/autorolasolutions.com\/da\/wp-json\/wp\/v2\/users\/8"}],"replies":[{"embeddable":true,"href":"https:\/\/autorolasolutions.com\/da\/wp-json\/wp\/v2\/comments?post=18532"}],"version-history":[{"count":19,"href":"https:\/\/autorolasolutions.com\/da\/wp-json\/wp\/v2\/pages\/18532\/revisions"}],"predecessor-version":[{"id":63120,"href":"https:\/\/autorolasolutions.com\/da\/wp-json\/wp\/v2\/pages\/18532\/revisions\/63120"}],"up":[{"embeddable":true,"href":"https:\/\/autorolasolutions.com\/da\/wp-json\/wp\/v2\/pages\/6101"}],"wp:attachment":[{"href":"https:\/\/autorolasolutions.com\/da\/wp-json\/wp\/v2\/media?parent=18532"}],"curies":[{"name":"wp","href":"https:\/\/api.w.org\/{rel}","templated":true}]}}