{"id":18536,"date":"2023-02-28T13:55:45","date_gmt":"2023-02-28T12:55:45","guid":{"rendered":"https:\/\/autorolasolutions.com\/digitalt-oekosystem\/products\/inspection-and-trade-in-app\/"},"modified":"2025-01-31T10:52:10","modified_gmt":"2025-01-31T09:52:10","slug":"inspektion-og-trade-in-app","status":"publish","type":"page","link":"https:\/\/autorolasolutions.com\/da\/digitalt-oekosystem\/produkter\/inspektion-og-trade-in-app\/","title":{"rendered":"Inspection System Helper"},"content":{"rendered":"\t\t<div data-elementor-type=\"wp-page\" data-elementor-id=\"18536\" class=\"elementor elementor-18536 elementor-11416\" data-elementor-post-type=\"page\">\n\t\t\t\t\t\t<section class=\"elementor-section elementor-top-section elementor-element elementor-element-52ccdec elementor-section-boxed elementor-section-height-default elementor-section-height-default\" data-id=\"52ccdec\" data-element_type=\"section\" data-e-type=\"section\">\n\t\t\t\t\t\t<div class=\"elementor-container elementor-column-gap-default\">\n\t\t\t\t\t<div class=\"elementor-column elementor-col-50 elementor-top-column elementor-element elementor-element-2289e34\" data-id=\"2289e34\" data-element_type=\"column\" data-e-type=\"column\">\n\t\t\t<div class=\"elementor-widget-wrap elementor-element-populated\">\n\t\t\t\t\t\t<div class=\"elementor-element elementor-element-e5e5e92 elementor-widget elementor-widget-text-editor\" data-id=\"e5e5e92\" data-element_type=\"widget\" data-e-type=\"widget\" data-widget_type=\"text-editor.default\">\n\t\t\t\t<div class=\"elementor-widget-container\">\n\t\t\t\t\t\t\t\t\t<h1>Inspection Helper System<\/h1><h2 class=\"wp-block-heading\">Professionelle inspektioner<\/h2><p>Autorola Solutions professionelle bilinspektionssystem, Inspection Helper System, eller IHS, sikrer inspektioner af h\u00f8j kvalitet p\u00e5 farten.<\/p><p>Appen er meget konfigurerbar og giver dine foretrukne inspektionspartnere mulighed for at udf\u00f8re forskellige typer inspektioner afh\u00e6ngigt af dine inspektionsbehov fra hvor som helst. Alt fra overdragelses- og returkvitteringer, inspektioner f\u00f8r levering til fuldgyldige professionelle inspektioner, appen kan konfigureres til at im\u00f8dekomme dine behov og kvalitetskrav.<\/p><h2>Let at s\u00e6tte op, let at bruge<\/h2><p>Med sin brugervenlige modul\u00e6re trin-for-trin proces s\u00f8rger appen for, at alle k\u00f8ret\u00f8jer beskrives og inspiceres i henhold til f\u00f8rende industristandarder. Vores v\u00e6rkt\u00f8j er en responsiv webapplikation, der tillader inspektion af k\u00f8ret\u00f8jer fra enhver mobil enhed, android eller IOS og er fuldt integreret i Fleet Monitor og deler data med Fleet Monitor gennem en realtidsgr\u00e6nseflade.<\/p><p>Vores platform underst\u00f8tter vores egne inspektioner samt eksterne inspektioner fra inspektionsudbydere p\u00e5 markedet.<\/p><h2>Maximer dine videresalgspriser<\/h2><p>Vi tilbyder et omfattende inspektionsv\u00e6rkt\u00f8j, designet til at fremh\u00e6ve de bedste egenskaber ved dit k\u00f8ret\u00f8j og sikrer at det er I top stand. Der bliver udf\u00f8rt grundige mekaniske og tekniske inspektioner, der kan vurdere eventuelle problemer der p\u00e5virker gensalgsv\u00e6rdien. Ved hj\u00e6lp af disse, samt detaljerede tilstandsrapporter og billeder af h\u00f8j kvalitet, hj\u00e6lper appen dig med at give k\u00f8bere tillid til k\u00f8ret\u00f8jets tilstand &#8211; afg\u00f8rende for at du kan maksimere dine videresalgspriser.<\/p>\t\t\t\t\t\t\t\t<\/div>\n\t\t\t\t<\/div>\n\t\t\t\t<div class=\"elementor-element elementor-element-2fbe1dd elementor-align-center elementor-widget elementor-widget-button\" data-id=\"2fbe1dd\" data-element_type=\"widget\" data-e-type=\"widget\" data-widget_type=\"button.default\">\n\t\t\t\t<div class=\"elementor-widget-container\">\n\t\t\t\t\t\t\t\t\t<div class=\"elementor-button-wrapper\">\n\t\t\t\t\t<a class=\"elementor-button elementor-button-link elementor-size-sm elementor-animation-grow\" href=\"https:\/\/autorolasolutions.com\/da\/kontakt-os\/\">\n\t\t\t\t\t\t<span class=\"elementor-button-content-wrapper\">\n\t\t\t\t\t\t<span class=\"elementor-button-icon\">\n\t\t\t\t<i aria-hidden=\"true\" class=\"fas fa-arrow-right\"><\/i>\t\t\t<\/span>\n\t\t\t\t\t\t\t\t\t<span class=\"elementor-button-text\">Kontakt os<\/span>\n\t\t\t\t\t<\/span>\n\t\t\t\t\t<\/a>\n\t\t\t\t<\/div>\n\t\t\t\t\t\t\t\t<\/div>\n\t\t\t\t<\/div>\n\t\t\t\t\t<\/div>\n\t\t<\/div>\n\t\t\t\t<div class=\"elementor-column elementor-col-50 elementor-top-column elementor-element elementor-element-39467de\" data-id=\"39467de\" data-element_type=\"column\" data-e-type=\"column\">\n\t\t\t<div class=\"elementor-widget-wrap elementor-element-populated\">\n\t\t\t\t\t\t<div class=\"elementor-element elementor-element-d3972d8 elementor-widget elementor-widget-image\" data-id=\"d3972d8\" data-element_type=\"widget\" data-e-type=\"widget\" data-widget_type=\"image.default\">\n\t\t\t\t<div class=\"elementor-widget-container\">\n\t\t\t\t\t\t\t\t\t\t\t\t\t\t\t<img fetchpriority=\"high\" decoding=\"async\" width=\"583\" height=\"701\" src=\"https:\/\/autorolasolutions.com\/wp-content\/uploads\/2025\/01\/Autorola_Solutions_Web_Rotate_01.png\" class=\"attachment-large size-large wp-image-51694\" alt=\"\" srcset=\"https:\/\/autorolasolutions.com\/wp-content\/uploads\/2025\/01\/Autorola_Solutions_Web_Rotate_01.png 583w, https:\/\/autorolasolutions.com\/wp-content\/uploads\/2025\/01\/Autorola_Solutions_Web_Rotate_01-250x300.png 250w\" sizes=\"(max-width: 583px) 100vw, 583px\" \/>\t\t\t\t\t\t\t\t\t\t\t\t\t\t\t<\/div>\n\t\t\t\t<\/div>\n\t\t\t\t\t<\/div>\n\t\t<\/div>\n\t\t\t\t\t<\/div>\n\t\t<\/section>\n\t\t\t\t<\/div>\n\t\t","protected":false},"excerpt":{"rendered":"<p>Inspection Helper System Professionelle inspektioner Autorola Solutions professionelle bilinspektionssystem, Inspection Helper System, eller IHS, sikrer inspektioner af h\u00f8j kvalitet p\u00e5 farten. Appen er meget konfigurerbar og giver dine foretrukne inspektionspartnere mulighed for at udf\u00f8re forskellige typer inspektioner afh\u00e6ngigt af dine inspektionsbehov fra hvor som helst. Alt fra overdragelses- og returkvitteringer, inspektioner f\u00f8r levering til fuldgyldige [&hellip;]<\/p>\n","protected":false},"author":2,"featured_media":0,"parent":18534,"menu_order":2,"comment_status":"closed","ping_status":"closed","template":"","meta":{"_acf_changed":false,"inline_featured_image":false,"site-sidebar-layout":"no-sidebar","site-content-layout":"","ast-site-content-layout":"full-width-container","site-content-style":"unboxed","site-sidebar-style":"unboxed","ast-global-header-display":"","ast-banner-title-visibility":"","ast-main-header-display":"","ast-hfb-above-header-display":"","ast-hfb-below-header-display":"","ast-hfb-mobile-header-display":"","site-post-title":"disabled","ast-breadcrumbs-content":"","ast-featured-img":"disabled","footer-sml-layout":"","theme-transparent-header-meta":"","adv-header-id-meta":"","stick-header-meta":"","header-above-stick-meta":"","header-main-stick-meta":"","header-below-stick-meta":"","astra-migrate-meta-layouts":"set","ast-page-background-enabled":"default","ast-page-background-meta":{"desktop":{"background-color":"","background-image":"","background-repeat":"repeat","background-position":"center center","background-size":"auto","background-attachment":"scroll","background-type":"","background-media":"","overlay-type":"","overlay-color":"","overlay-opacity":"","overlay-gradient":""},"tablet":{"background-color":"","background-image":"","background-repeat":"repeat","background-position":"center center","background-size":"auto","background-attachment":"scroll","background-type":"","background-media":"","overlay-type":"","overlay-color":"","overlay-opacity":"","overlay-gradient":""},"mobile":{"background-color":"","background-image":"","background-repeat":"repeat","background-position":"center center","background-size":"auto","background-attachment":"scroll","background-type":"","background-media":"","overlay-type":"","overlay-color":"","overlay-opacity":"","overlay-gradient":""}},"ast-content-background-meta":{"desktop":{"background-color":"var(--ast-global-color-5)","background-image":"","background-repeat":"repeat","background-position":"center center","background-size":"auto","background-attachment":"scroll","background-type":"","background-media":"","overlay-type":"","overlay-color":"","overlay-opacity":"","overlay-gradient":""},"tablet":{"background-color":"var(--ast-global-color-5)","background-image":"","background-repeat":"repeat","background-position":"center center","background-size":"auto","background-attachment":"scroll","background-type":"","background-media":"","overlay-type":"","overlay-color":"","overlay-opacity":"","overlay-gradient":""},"mobile":{"background-color":"var(--ast-global-color-5)","background-image":"","background-repeat":"repeat","background-position":"center center","background-size":"auto","background-attachment":"scroll","background-type":"","background-media":"","overlay-type":"","overlay-color":"","overlay-opacity":"","overlay-gradient":""}},"footnotes":""},"class_list":["post-18536","page","type-page","status-publish","hentry"],"acf":[],"yoast_head":"<!-- This site is optimized with the Yoast SEO plugin v27.0 - https:\/\/yoast.com\/product\/yoast-seo-wordpress\/ -->\n<title>App til inspektion og indbytning | Problemfrie handelsprocesser<\/title>\n<meta name=\"description\" content=\"Str\u00f8mlin indbytningsprocesser i biler med vores inspektions- og indbytningsapp. Giv en problemfri end-to-end-oplevelse til k\u00f8ret\u00f8jsinspektioner og indbytninger.\" \/>\n<meta name=\"robots\" content=\"index, follow, max-snippet:-1, max-image-preview:large, max-video-preview:-1\" \/>\n<link rel=\"canonical\" href=\"https:\/\/autorolasolutions.com\/da\/digitalt-oekosystem\/produkter\/inspektion-og-trade-in-app\/\" \/>\n<meta property=\"og:locale\" content=\"da_DK\" \/>\n<meta property=\"og:type\" content=\"article\" \/>\n<meta property=\"og:title\" content=\"App til inspektion og indbytning | Problemfrie handelsprocesser\" \/>\n<meta property=\"og:description\" content=\"Str\u00f8mlin indbytningsprocesser i biler med vores inspektions- og indbytningsapp. Giv en problemfri end-to-end-oplevelse til k\u00f8ret\u00f8jsinspektioner og indbytninger.\" \/>\n<meta property=\"og:url\" content=\"https:\/\/autorolasolutions.com\/da\/digitalt-oekosystem\/produkter\/inspektion-og-trade-in-app\/\" \/>\n<meta property=\"og:site_name\" content=\"Autorola Solutions\" \/>\n<meta property=\"article:modified_time\" content=\"2025-01-31T09:52:10+00:00\" \/>\n<meta property=\"og:image\" content=\"https:\/\/autorolasolutions.com\/wp-content\/uploads\/2025\/01\/Autorola_Solutions_Web_Rotate_01.png\" \/>\n\t<meta property=\"og:image:width\" content=\"583\" \/>\n\t<meta property=\"og:image:height\" content=\"701\" \/>\n\t<meta property=\"og:image:type\" content=\"image\/png\" \/>\n<meta name=\"twitter:card\" content=\"summary_large_image\" \/>\n<meta name=\"twitter:label1\" content=\"Estimeret l\u00e6setid\" \/>\n\t<meta name=\"twitter:data1\" content=\"2 minutter\" \/>\n<script type=\"application\/ld+json\" class=\"yoast-schema-graph\">{\"@context\":\"https:\/\/schema.org\",\"@graph\":[{\"@type\":\"WebPage\",\"@id\":\"https:\/\/autorolasolutions.com\/da\/digitalt-oekosystem\/produkter\/inspektion-og-trade-in-app\/\",\"url\":\"https:\/\/autorolasolutions.com\/da\/digitalt-oekosystem\/produkter\/inspektion-og-trade-in-app\/\",\"name\":\"App til inspektion og indbytning | Problemfrie handelsprocesser\",\"isPartOf\":{\"@id\":\"https:\/\/autorolasolutions.com\/#website\"},\"primaryImageOfPage\":{\"@id\":\"https:\/\/autorolasolutions.com\/da\/digitalt-oekosystem\/produkter\/inspektion-og-trade-in-app\/#primaryimage\"},\"image\":{\"@id\":\"https:\/\/autorolasolutions.com\/da\/digitalt-oekosystem\/produkter\/inspektion-og-trade-in-app\/#primaryimage\"},\"thumbnailUrl\":\"https:\/\/autorolasolutions.com\/wp-content\/uploads\/2025\/01\/Autorola_Solutions_Web_Rotate_01.png\",\"datePublished\":\"2023-02-28T12:55:45+00:00\",\"dateModified\":\"2025-01-31T09:52:10+00:00\",\"description\":\"Str\u00f8mlin indbytningsprocesser i biler med vores inspektions- og indbytningsapp. Giv en problemfri end-to-end-oplevelse til k\u00f8ret\u00f8jsinspektioner og indbytninger.\",\"breadcrumb\":{\"@id\":\"https:\/\/autorolasolutions.com\/da\/digitalt-oekosystem\/produkter\/inspektion-og-trade-in-app\/#breadcrumb\"},\"inLanguage\":\"da-DK\",\"potentialAction\":[{\"@type\":\"ReadAction\",\"target\":[\"https:\/\/autorolasolutions.com\/da\/digitalt-oekosystem\/produkter\/inspektion-og-trade-in-app\/\"]}]},{\"@type\":\"ImageObject\",\"inLanguage\":\"da-DK\",\"@id\":\"https:\/\/autorolasolutions.com\/da\/digitalt-oekosystem\/produkter\/inspektion-og-trade-in-app\/#primaryimage\",\"url\":\"https:\/\/autorolasolutions.com\/wp-content\/uploads\/2025\/01\/Autorola_Solutions_Web_Rotate_01.png\",\"contentUrl\":\"https:\/\/autorolasolutions.com\/wp-content\/uploads\/2025\/01\/Autorola_Solutions_Web_Rotate_01.png\"},{\"@type\":\"BreadcrumbList\",\"@id\":\"https:\/\/autorolasolutions.com\/da\/digitalt-oekosystem\/produkter\/inspektion-og-trade-in-app\/#breadcrumb\",\"itemListElement\":[{\"@type\":\"ListItem\",\"position\":1,\"name\":\"Home\",\"item\":\"https:\/\/autorolasolutions.com\/\"},{\"@type\":\"ListItem\",\"position\":2,\"name\":\"Digitalt \u00f8kosystem\",\"item\":\"https:\/\/autorolasolutions.com\/da\/digitalt-oekosystem\/\"},{\"@type\":\"ListItem\",\"position\":3,\"name\":\"Produkter\",\"item\":\"https:\/\/autorolasolutions.com\/da\/digitalt-oekosystem\/produkter\/\"},{\"@type\":\"ListItem\",\"position\":4,\"name\":\"Inspection System Helper\"}]},{\"@type\":\"WebSite\",\"@id\":\"https:\/\/autorolasolutions.com\/#website\",\"url\":\"https:\/\/autorolasolutions.com\/\",\"name\":\"Autorola Solutions\",\"description\":\"\",\"publisher\":{\"@id\":\"https:\/\/autorolasolutions.com\/#organization\"},\"potentialAction\":[{\"@type\":\"SearchAction\",\"target\":{\"@type\":\"EntryPoint\",\"urlTemplate\":\"https:\/\/autorolasolutions.com\/?s={search_term_string}\"},\"query-input\":{\"@type\":\"PropertyValueSpecification\",\"valueRequired\":true,\"valueName\":\"search_term_string\"}}],\"inLanguage\":\"da-DK\"},{\"@type\":\"Organization\",\"@id\":\"https:\/\/autorolasolutions.com\/#organization\",\"name\":\"Autorola Solutions\",\"url\":\"https:\/\/autorolasolutions.com\/\",\"logo\":{\"@type\":\"ImageObject\",\"inLanguage\":\"da-DK\",\"@id\":\"https:\/\/autorolasolutions.com\/#\/schema\/logo\/image\/\",\"url\":\"https:\/\/autorolasolutions.com\/wp-content\/uploads\/2025\/01\/Autorola_Solutions_Logo_Left_Screen_RGB.svg\",\"contentUrl\":\"https:\/\/autorolasolutions.com\/wp-content\/uploads\/2025\/01\/Autorola_Solutions_Logo_Left_Screen_RGB.svg\",\"width\":143,\"height\":44,\"caption\":\"Autorola Solutions\"},\"image\":{\"@id\":\"https:\/\/autorolasolutions.com\/#\/schema\/logo\/image\/\"},\"sameAs\":[\"https:\/\/www.linkedin.com\/company\/autorolasolutions\/\"]}]}<\/script>\n<!-- \/ Yoast SEO plugin. -->","yoast_head_json":{"title":"App til inspektion og indbytning | Problemfrie handelsprocesser","description":"Str\u00f8mlin indbytningsprocesser i biler med vores inspektions- og indbytningsapp. Giv en problemfri end-to-end-oplevelse til k\u00f8ret\u00f8jsinspektioner og indbytninger.","robots":{"index":"index","follow":"follow","max-snippet":"max-snippet:-1","max-image-preview":"max-image-preview:large","max-video-preview":"max-video-preview:-1"},"canonical":"https:\/\/autorolasolutions.com\/da\/digitalt-oekosystem\/produkter\/inspektion-og-trade-in-app\/","og_locale":"da_DK","og_type":"article","og_title":"App til inspektion og indbytning | Problemfrie handelsprocesser","og_description":"Str\u00f8mlin indbytningsprocesser i biler med vores inspektions- og indbytningsapp. Giv en problemfri end-to-end-oplevelse til k\u00f8ret\u00f8jsinspektioner og indbytninger.","og_url":"https:\/\/autorolasolutions.com\/da\/digitalt-oekosystem\/produkter\/inspektion-og-trade-in-app\/","og_site_name":"Autorola Solutions","article_modified_time":"2025-01-31T09:52:10+00:00","og_image":[{"width":583,"height":701,"url":"https:\/\/autorolasolutions.com\/wp-content\/uploads\/2025\/01\/Autorola_Solutions_Web_Rotate_01.png","type":"image\/png"}],"twitter_card":"summary_large_image","twitter_misc":{"Estimeret l\u00e6setid":"2 minutter"},"schema":{"@context":"https:\/\/schema.org","@graph":[{"@type":"WebPage","@id":"https:\/\/autorolasolutions.com\/da\/digitalt-oekosystem\/produkter\/inspektion-og-trade-in-app\/","url":"https:\/\/autorolasolutions.com\/da\/digitalt-oekosystem\/produkter\/inspektion-og-trade-in-app\/","name":"App til inspektion og indbytning | Problemfrie handelsprocesser","isPartOf":{"@id":"https:\/\/autorolasolutions.com\/#website"},"primaryImageOfPage":{"@id":"https:\/\/autorolasolutions.com\/da\/digitalt-oekosystem\/produkter\/inspektion-og-trade-in-app\/#primaryimage"},"image":{"@id":"https:\/\/autorolasolutions.com\/da\/digitalt-oekosystem\/produkter\/inspektion-og-trade-in-app\/#primaryimage"},"thumbnailUrl":"https:\/\/autorolasolutions.com\/wp-content\/uploads\/2025\/01\/Autorola_Solutions_Web_Rotate_01.png","datePublished":"2023-02-28T12:55:45+00:00","dateModified":"2025-01-31T09:52:10+00:00","description":"Str\u00f8mlin indbytningsprocesser i biler med vores inspektions- og indbytningsapp. Giv en problemfri end-to-end-oplevelse til k\u00f8ret\u00f8jsinspektioner og indbytninger.","breadcrumb":{"@id":"https:\/\/autorolasolutions.com\/da\/digitalt-oekosystem\/produkter\/inspektion-og-trade-in-app\/#breadcrumb"},"inLanguage":"da-DK","potentialAction":[{"@type":"ReadAction","target":["https:\/\/autorolasolutions.com\/da\/digitalt-oekosystem\/produkter\/inspektion-og-trade-in-app\/"]}]},{"@type":"ImageObject","inLanguage":"da-DK","@id":"https:\/\/autorolasolutions.com\/da\/digitalt-oekosystem\/produkter\/inspektion-og-trade-in-app\/#primaryimage","url":"https:\/\/autorolasolutions.com\/wp-content\/uploads\/2025\/01\/Autorola_Solutions_Web_Rotate_01.png","contentUrl":"https:\/\/autorolasolutions.com\/wp-content\/uploads\/2025\/01\/Autorola_Solutions_Web_Rotate_01.png"},{"@type":"BreadcrumbList","@id":"https:\/\/autorolasolutions.com\/da\/digitalt-oekosystem\/produkter\/inspektion-og-trade-in-app\/#breadcrumb","itemListElement":[{"@type":"ListItem","position":1,"name":"Home","item":"https:\/\/autorolasolutions.com\/"},{"@type":"ListItem","position":2,"name":"Digitalt \u00f8kosystem","item":"https:\/\/autorolasolutions.com\/da\/digitalt-oekosystem\/"},{"@type":"ListItem","position":3,"name":"Produkter","item":"https:\/\/autorolasolutions.com\/da\/digitalt-oekosystem\/produkter\/"},{"@type":"ListItem","position":4,"name":"Inspection System Helper"}]},{"@type":"WebSite","@id":"https:\/\/autorolasolutions.com\/#website","url":"https:\/\/autorolasolutions.com\/","name":"Autorola Solutions","description":"","publisher":{"@id":"https:\/\/autorolasolutions.com\/#organization"},"potentialAction":[{"@type":"SearchAction","target":{"@type":"EntryPoint","urlTemplate":"https:\/\/autorolasolutions.com\/?s={search_term_string}"},"query-input":{"@type":"PropertyValueSpecification","valueRequired":true,"valueName":"search_term_string"}}],"inLanguage":"da-DK"},{"@type":"Organization","@id":"https:\/\/autorolasolutions.com\/#organization","name":"Autorola Solutions","url":"https:\/\/autorolasolutions.com\/","logo":{"@type":"ImageObject","inLanguage":"da-DK","@id":"https:\/\/autorolasolutions.com\/#\/schema\/logo\/image\/","url":"https:\/\/autorolasolutions.com\/wp-content\/uploads\/2025\/01\/Autorola_Solutions_Logo_Left_Screen_RGB.svg","contentUrl":"https:\/\/autorolasolutions.com\/wp-content\/uploads\/2025\/01\/Autorola_Solutions_Logo_Left_Screen_RGB.svg","width":143,"height":44,"caption":"Autorola Solutions"},"image":{"@id":"https:\/\/autorolasolutions.com\/#\/schema\/logo\/image\/"},"sameAs":["https:\/\/www.linkedin.com\/company\/autorolasolutions\/"]}]}},"_links":{"self":[{"href":"https:\/\/autorolasolutions.com\/da\/wp-json\/wp\/v2\/pages\/18536","targetHints":{"allow":["GET"]}}],"collection":[{"href":"https:\/\/autorolasolutions.com\/da\/wp-json\/wp\/v2\/pages"}],"about":[{"href":"https:\/\/autorolasolutions.com\/da\/wp-json\/wp\/v2\/types\/page"}],"author":[{"embeddable":true,"href":"https:\/\/autorolasolutions.com\/da\/wp-json\/wp\/v2\/users\/2"}],"replies":[{"embeddable":true,"href":"https:\/\/autorolasolutions.com\/da\/wp-json\/wp\/v2\/comments?post=18536"}],"version-history":[{"count":21,"href":"https:\/\/autorolasolutions.com\/da\/wp-json\/wp\/v2\/pages\/18536\/revisions"}],"predecessor-version":[{"id":54863,"href":"https:\/\/autorolasolutions.com\/da\/wp-json\/wp\/v2\/pages\/18536\/revisions\/54863"}],"up":[{"embeddable":true,"href":"https:\/\/autorolasolutions.com\/da\/wp-json\/wp\/v2\/pages\/18534"}],"wp:attachment":[{"href":"https:\/\/autorolasolutions.com\/da\/wp-json\/wp\/v2\/media?parent=18536"}],"curies":[{"name":"wp","href":"https:\/\/api.w.org\/{rel}","templated":true}]}}