{"id":28954,"date":"2024-08-12T14:27:11","date_gmt":"2024-08-12T12:27:11","guid":{"rendered":"https:\/\/autorolasolutions.com\/?page_id=28954"},"modified":"2025-01-31T10:51:49","modified_gmt":"2025-01-31T09:51:49","slug":"tradein-solution","status":"publish","type":"page","link":"https:\/\/autorolasolutions.com\/da\/digitalt-oekosystem\/produkter\/tradein-solution\/","title":{"rendered":"TradeIn Solution"},"content":{"rendered":"\t\t<div data-elementor-type=\"wp-page\" data-elementor-id=\"28954\" class=\"elementor elementor-28954\" data-elementor-post-type=\"page\">\n\t\t\t\t\t\t<section class=\"elementor-section elementor-top-section elementor-element elementor-element-e5cc1d9 elementor-section-boxed elementor-section-height-default elementor-section-height-default\" data-id=\"e5cc1d9\" data-element_type=\"section\" data-e-type=\"section\">\n\t\t\t\t\t\t<div class=\"elementor-container elementor-column-gap-default\">\n\t\t\t\t\t<div class=\"elementor-column elementor-col-50 elementor-top-column elementor-element elementor-element-da0062e\" data-id=\"da0062e\" data-element_type=\"column\" data-e-type=\"column\">\n\t\t\t<div class=\"elementor-widget-wrap elementor-element-populated\">\n\t\t\t\t\t\t<div class=\"elementor-element elementor-element-65549eb elementor-widget elementor-widget-text-editor\" data-id=\"65549eb\" data-element_type=\"widget\" data-e-type=\"widget\" data-widget_type=\"text-editor.default\">\n\t\t\t\t<div class=\"elementor-widget-container\">\n\t\t\t\t\t\t\t\t\t<h1>TradeIn Solution<\/h1><p>Autorola&#8217;s l\u00f8sning til TradeIn er designet til at hj\u00e6lpe dig med at give dine kunder en problem-fri og effektiv process til at udskifte deres k\u00f8ret\u00f8j. Med kun 4 steps kan du optimere din tradein process:<\/p><ol><li>Inspicer alle typer k\u00f8ret\u00f8j med vores Inspection Helper System<\/li><li>Optimer din salgsstrategi med dynamiske markedsevalueringer<\/li><li>Kommuniker din pris og spor processen<\/li><li>Administrer hele tradein processen p\u00e5 30 minutter<\/li><\/ol><p>Dette giver en problemfri, omkostningseffektiv m\u00e5de at skifte fra en gammel bil til en ny &#8211; med den ekstra sikkerhed fra professionelle inspektioner og en gennemsigtig proces. Dette sikrer, at kunderne oplever en fair og n\u00f8jagtig v\u00e6rdians\u00e6ttelse for deres indbytning, hvilket g\u00f8r transaktionen simpel og trov\u00e6rdig.<\/p><p>Samlet set er det en tidsbesparende og behagelig tilgang til indbytning af k\u00f8ret\u00f8jer, der hj\u00e6lper dig med at levere v\u00e6rdi og tilfredshed til dine kunder.<\/p>\t\t\t\t\t\t\t\t<\/div>\n\t\t\t\t<\/div>\n\t\t\t\t<div class=\"elementor-element elementor-element-8a7a486 elementor-align-center elementor-widget elementor-widget-button\" data-id=\"8a7a486\" data-element_type=\"widget\" data-e-type=\"widget\" data-widget_type=\"button.default\">\n\t\t\t\t<div class=\"elementor-widget-container\">\n\t\t\t\t\t\t\t\t\t<div class=\"elementor-button-wrapper\">\n\t\t\t\t\t<a class=\"elementor-button elementor-button-link elementor-size-sm elementor-animation-grow\" href=\"https:\/\/autorolasolutions.com\/da\/kontakt-os\/\">\n\t\t\t\t\t\t<span class=\"elementor-button-content-wrapper\">\n\t\t\t\t\t\t<span class=\"elementor-button-icon\">\n\t\t\t\t<i aria-hidden=\"true\" class=\"fas fa-arrow-right\"><\/i>\t\t\t<\/span>\n\t\t\t\t\t\t\t\t\t<span class=\"elementor-button-text\">Kontakt os<\/span>\n\t\t\t\t\t<\/span>\n\t\t\t\t\t<\/a>\n\t\t\t\t<\/div>\n\t\t\t\t\t\t\t\t<\/div>\n\t\t\t\t<\/div>\n\t\t\t\t\t<\/div>\n\t\t<\/div>\n\t\t\t\t<div class=\"elementor-column elementor-col-50 elementor-top-column elementor-element elementor-element-4651a75\" data-id=\"4651a75\" data-element_type=\"column\" data-e-type=\"column\">\n\t\t\t<div class=\"elementor-widget-wrap elementor-element-populated\">\n\t\t\t\t\t\t<div class=\"elementor-element elementor-element-66d75f5 elementor-widget elementor-widget-image\" data-id=\"66d75f5\" data-element_type=\"widget\" data-e-type=\"widget\" data-widget_type=\"image.default\">\n\t\t\t\t<div class=\"elementor-widget-container\">\n\t\t\t\t\t\t\t\t\t\t\t\t\t\t\t<img fetchpriority=\"high\" decoding=\"async\" width=\"833\" height=\"576\" src=\"https:\/\/autorolasolutions.com\/wp-content\/uploads\/2025\/01\/Autorola_Solutions_Web_Timecycle_01.png\" class=\"attachment-large size-large wp-image-51672\" alt=\"\" srcset=\"https:\/\/autorolasolutions.com\/wp-content\/uploads\/2025\/01\/Autorola_Solutions_Web_Timecycle_01.png 833w, https:\/\/autorolasolutions.com\/wp-content\/uploads\/2025\/01\/Autorola_Solutions_Web_Timecycle_01-300x207.png 300w, https:\/\/autorolasolutions.com\/wp-content\/uploads\/2025\/01\/Autorola_Solutions_Web_Timecycle_01-768x531.png 768w\" sizes=\"(max-width: 833px) 100vw, 833px\" \/>\t\t\t\t\t\t\t\t\t\t\t\t\t\t\t<\/div>\n\t\t\t\t<\/div>\n\t\t\t\t\t<\/div>\n\t\t<\/div>\n\t\t\t\t\t<\/div>\n\t\t<\/section>\n\t\t\t\t<section class=\"elementor-section elementor-top-section elementor-element elementor-element-91e4e5c elementor-section-boxed elementor-section-height-default elementor-section-height-default\" data-id=\"91e4e5c\" data-element_type=\"section\" data-e-type=\"section\">\n\t\t\t\t\t\t<div class=\"elementor-container elementor-column-gap-default\">\n\t\t\t\t\t<div class=\"elementor-column elementor-col-100 elementor-top-column elementor-element elementor-element-7c24f3d\" data-id=\"7c24f3d\" data-element_type=\"column\" data-e-type=\"column\">\n\t\t\t<div class=\"elementor-widget-wrap elementor-element-populated\">\n\t\t\t\t\t\t<section class=\"elementor-section elementor-inner-section elementor-element elementor-element-96b204f elementor-section-boxed elementor-section-height-default elementor-section-height-default\" data-id=\"96b204f\" data-element_type=\"section\" data-e-type=\"section\">\n\t\t\t\t\t\t<div class=\"elementor-container elementor-column-gap-default\">\n\t\t\t\t\t<div class=\"elementor-column elementor-col-50 elementor-inner-column elementor-element elementor-element-0540bdd\" data-id=\"0540bdd\" data-element_type=\"column\" data-e-type=\"column\">\n\t\t\t<div class=\"elementor-widget-wrap elementor-element-populated\">\n\t\t\t\t\t\t<div class=\"elementor-element elementor-element-cddb88b elementor-widget elementor-widget-video\" data-id=\"cddb88b\" data-element_type=\"widget\" data-e-type=\"widget\" data-settings=\"{&quot;video_type&quot;:&quot;vimeo&quot;}\" data-widget_type=\"video.default\">\n\t\t\t\t<div class=\"elementor-widget-container\">\n\t\t\t\t\t\t\t<div class=\"elementor-wrapper elementor-open-inline\">\n\t\t\t<iframe class=\"elementor-video-iframe\" allowfullscreen allow=\"clipboard-write\" title=\"vimeo videoafspiller\" src=\"https:\/\/player.vimeo.com\/video\/756696243?color&amp;autopause=0&amp;loop=0&amp;muted=0&amp;title=1&amp;portrait=1&amp;byline=1#t=\"><\/iframe>\t\t<\/div>\n\t\t\t\t\t\t<\/div>\n\t\t\t\t<\/div>\n\t\t\t\t\t<\/div>\n\t\t<\/div>\n\t\t\t\t<div class=\"elementor-column elementor-col-50 elementor-inner-column elementor-element elementor-element-94d6e0b\" data-id=\"94d6e0b\" data-element_type=\"column\" data-e-type=\"column\">\n\t\t\t<div class=\"elementor-widget-wrap elementor-element-populated\">\n\t\t\t\t\t\t<div class=\"elementor-element elementor-element-0ea038a elementor-widget elementor-widget-text-editor\" data-id=\"0ea038a\" data-element_type=\"widget\" data-e-type=\"widget\" data-widget_type=\"text-editor.default\">\n\t\t\t\t<div class=\"elementor-widget-container\">\n\t\t\t\t\t\t\t\t\t<h3>\u00a0<\/h3><h3>\u00a0<\/h3><h3>\u00a0<\/h3><h3>En nem og uproblematisk l\u00f8sning, der tilf\u00f8jer stor v\u00e6rdi til b\u00e5de virksomheder og mennesker.<\/h3><p>Se vores video og opdag merv\u00e6rdierne ved indbytningsprocessen med Autorola Solutions.<\/p>\t\t\t\t\t\t\t\t<\/div>\n\t\t\t\t<\/div>\n\t\t\t\t\t<\/div>\n\t\t<\/div>\n\t\t\t\t\t<\/div>\n\t\t<\/section>\n\t\t\t\t\t<\/div>\n\t\t<\/div>\n\t\t\t\t\t<\/div>\n\t\t<\/section>\n\t\t\t\t<\/div>\n\t\t","protected":false},"excerpt":{"rendered":"<p>TradeIn Solution Autorola&#8217;s l\u00f8sning til TradeIn er designet til at hj\u00e6lpe dig med at give dine kunder en problem-fri og effektiv process til at udskifte deres k\u00f8ret\u00f8j. Med kun 4 steps kan du optimere din tradein process: Inspicer alle typer k\u00f8ret\u00f8j med vores Inspection Helper System Optimer din salgsstrategi med dynamiske markedsevalueringer Kommuniker din pris [&hellip;]<\/p>\n","protected":false},"author":12,"featured_media":0,"parent":18534,"menu_order":0,"comment_status":"closed","ping_status":"closed","template":"","meta":{"_acf_changed":false,"inline_featured_image":false,"site-sidebar-layout":"no-sidebar","site-content-layout":"page-builder","ast-site-content-layout":"full-width-container","site-content-style":"default","site-sidebar-style":"default","ast-global-header-display":"","ast-banner-title-visibility":"","ast-main-header-display":"","ast-hfb-above-header-display":"","ast-hfb-below-header-display":"","ast-hfb-mobile-header-display":"","site-post-title":"disabled","ast-breadcrumbs-content":"","ast-featured-img":"disabled","footer-sml-layout":"","theme-transparent-header-meta":"","adv-header-id-meta":"","stick-header-meta":"","header-above-stick-meta":"","header-main-stick-meta":"","header-below-stick-meta":"","astra-migrate-meta-layouts":"set","ast-page-background-enabled":"default","ast-page-background-meta":{"desktop":{"background-color":"","background-image":"","background-repeat":"repeat","background-position":"center center","background-size":"auto","background-attachment":"scroll","background-type":"","background-media":"","overlay-type":"","overlay-color":"","overlay-opacity":"","overlay-gradient":""},"tablet":{"background-color":"","background-image":"","background-repeat":"repeat","background-position":"center center","background-size":"auto","background-attachment":"scroll","background-type":"","background-media":"","overlay-type":"","overlay-color":"","overlay-opacity":"","overlay-gradient":""},"mobile":{"background-color":"","background-image":"","background-repeat":"repeat","background-position":"center center","background-size":"auto","background-attachment":"scroll","background-type":"","background-media":"","overlay-type":"","overlay-color":"","overlay-opacity":"","overlay-gradient":""}},"ast-content-background-meta":{"desktop":{"background-color":"var(--ast-global-color-5)","background-image":"","background-repeat":"repeat","background-position":"center center","background-size":"auto","background-attachment":"scroll","background-type":"","background-media":"","overlay-type":"","overlay-color":"","overlay-opacity":"","overlay-gradient":""},"tablet":{"background-color":"var(--ast-global-color-5)","background-image":"","background-repeat":"repeat","background-position":"center center","background-size":"auto","background-attachment":"scroll","background-type":"","background-media":"","overlay-type":"","overlay-color":"","overlay-opacity":"","overlay-gradient":""},"mobile":{"background-color":"var(--ast-global-color-5)","background-image":"","background-repeat":"repeat","background-position":"center center","background-size":"auto","background-attachment":"scroll","background-type":"","background-media":"","overlay-type":"","overlay-color":"","overlay-opacity":"","overlay-gradient":""}},"footnotes":""},"class_list":["post-28954","page","type-page","status-publish","hentry"],"acf":[],"yoast_head":"<!-- This site is optimized with the Yoast SEO plugin v27.0 - https:\/\/yoast.com\/product\/yoast-seo-wordpress\/ -->\n<title>TradeIn Solution - Autorola Solutions<\/title>\n<meta name=\"robots\" content=\"index, follow, max-snippet:-1, max-image-preview:large, max-video-preview:-1\" \/>\n<link rel=\"canonical\" href=\"https:\/\/autorolasolutions.com\/da\/digitalt-oekosystem\/produkter\/tradein-solution\/\" \/>\n<meta property=\"og:locale\" content=\"da_DK\" \/>\n<meta property=\"og:type\" content=\"article\" \/>\n<meta property=\"og:title\" content=\"TradeIn Solution - Autorola Solutions\" \/>\n<meta property=\"og:description\" content=\"TradeIn Solution Autorola&#8217;s l\u00f8sning til TradeIn er designet til at hj\u00e6lpe dig med at give dine kunder en problem-fri og effektiv process til at udskifte deres k\u00f8ret\u00f8j. Med kun 4 steps kan du optimere din tradein process: Inspicer alle typer k\u00f8ret\u00f8j med vores Inspection Helper System Optimer din salgsstrategi med dynamiske markedsevalueringer Kommuniker din pris [&hellip;]\" \/>\n<meta property=\"og:url\" content=\"https:\/\/autorolasolutions.com\/da\/digitalt-oekosystem\/produkter\/tradein-solution\/\" \/>\n<meta property=\"og:site_name\" content=\"Autorola Solutions\" \/>\n<meta property=\"article:modified_time\" content=\"2025-01-31T09:51:49+00:00\" \/>\n<meta property=\"og:image\" content=\"https:\/\/autorolasolutions.com\/wp-content\/uploads\/2025\/01\/Autorola_Solutions_Web_Timecycle_01.png\" \/>\n\t<meta property=\"og:image:width\" content=\"833\" \/>\n\t<meta property=\"og:image:height\" content=\"576\" \/>\n\t<meta property=\"og:image:type\" content=\"image\/png\" \/>\n<meta name=\"twitter:card\" content=\"summary_large_image\" \/>\n<meta name=\"twitter:label1\" content=\"Estimeret l\u00e6setid\" \/>\n\t<meta name=\"twitter:data1\" content=\"2 minutter\" \/>\n<script type=\"application\/ld+json\" class=\"yoast-schema-graph\">{\"@context\":\"https:\/\/schema.org\",\"@graph\":[{\"@type\":\"WebPage\",\"@id\":\"https:\/\/autorolasolutions.com\/da\/digitalt-oekosystem\/produkter\/tradein-solution\/\",\"url\":\"https:\/\/autorolasolutions.com\/da\/digitalt-oekosystem\/produkter\/tradein-solution\/\",\"name\":\"TradeIn Solution - Autorola Solutions\",\"isPartOf\":{\"@id\":\"https:\/\/autorolasolutions.com\/#website\"},\"primaryImageOfPage\":{\"@id\":\"https:\/\/autorolasolutions.com\/da\/digitalt-oekosystem\/produkter\/tradein-solution\/#primaryimage\"},\"image\":{\"@id\":\"https:\/\/autorolasolutions.com\/da\/digitalt-oekosystem\/produkter\/tradein-solution\/#primaryimage\"},\"thumbnailUrl\":\"https:\/\/autorolasolutions.com\/wp-content\/uploads\/2025\/01\/Autorola_Solutions_Web_Timecycle_01.png\",\"datePublished\":\"2024-08-12T12:27:11+00:00\",\"dateModified\":\"2025-01-31T09:51:49+00:00\",\"breadcrumb\":{\"@id\":\"https:\/\/autorolasolutions.com\/da\/digitalt-oekosystem\/produkter\/tradein-solution\/#breadcrumb\"},\"inLanguage\":\"da-DK\",\"potentialAction\":[{\"@type\":\"ReadAction\",\"target\":[\"https:\/\/autorolasolutions.com\/da\/digitalt-oekosystem\/produkter\/tradein-solution\/\"]}]},{\"@type\":\"ImageObject\",\"inLanguage\":\"da-DK\",\"@id\":\"https:\/\/autorolasolutions.com\/da\/digitalt-oekosystem\/produkter\/tradein-solution\/#primaryimage\",\"url\":\"https:\/\/autorolasolutions.com\/wp-content\/uploads\/2025\/01\/Autorola_Solutions_Web_Timecycle_01.png\",\"contentUrl\":\"https:\/\/autorolasolutions.com\/wp-content\/uploads\/2025\/01\/Autorola_Solutions_Web_Timecycle_01.png\"},{\"@type\":\"BreadcrumbList\",\"@id\":\"https:\/\/autorolasolutions.com\/da\/digitalt-oekosystem\/produkter\/tradein-solution\/#breadcrumb\",\"itemListElement\":[{\"@type\":\"ListItem\",\"position\":1,\"name\":\"Home\",\"item\":\"https:\/\/autorolasolutions.com\/\"},{\"@type\":\"ListItem\",\"position\":2,\"name\":\"Digitalt \u00f8kosystem\",\"item\":\"https:\/\/autorolasolutions.com\/da\/digitalt-oekosystem\/\"},{\"@type\":\"ListItem\",\"position\":3,\"name\":\"Produkter\",\"item\":\"https:\/\/autorolasolutions.com\/da\/digitalt-oekosystem\/produkter\/\"},{\"@type\":\"ListItem\",\"position\":4,\"name\":\"TradeIn Solution\"}]},{\"@type\":\"WebSite\",\"@id\":\"https:\/\/autorolasolutions.com\/#website\",\"url\":\"https:\/\/autorolasolutions.com\/\",\"name\":\"Autorola Solutions\",\"description\":\"\",\"publisher\":{\"@id\":\"https:\/\/autorolasolutions.com\/#organization\"},\"potentialAction\":[{\"@type\":\"SearchAction\",\"target\":{\"@type\":\"EntryPoint\",\"urlTemplate\":\"https:\/\/autorolasolutions.com\/?s={search_term_string}\"},\"query-input\":{\"@type\":\"PropertyValueSpecification\",\"valueRequired\":true,\"valueName\":\"search_term_string\"}}],\"inLanguage\":\"da-DK\"},{\"@type\":\"Organization\",\"@id\":\"https:\/\/autorolasolutions.com\/#organization\",\"name\":\"Autorola Solutions\",\"url\":\"https:\/\/autorolasolutions.com\/\",\"logo\":{\"@type\":\"ImageObject\",\"inLanguage\":\"da-DK\",\"@id\":\"https:\/\/autorolasolutions.com\/#\/schema\/logo\/image\/\",\"url\":\"https:\/\/autorolasolutions.com\/wp-content\/uploads\/2025\/01\/Autorola_Solutions_Logo_Left_Screen_RGB.svg\",\"contentUrl\":\"https:\/\/autorolasolutions.com\/wp-content\/uploads\/2025\/01\/Autorola_Solutions_Logo_Left_Screen_RGB.svg\",\"width\":143,\"height\":44,\"caption\":\"Autorola Solutions\"},\"image\":{\"@id\":\"https:\/\/autorolasolutions.com\/#\/schema\/logo\/image\/\"},\"sameAs\":[\"https:\/\/www.linkedin.com\/company\/autorolasolutions\/\"]}]}<\/script>\n<!-- \/ Yoast SEO plugin. -->","yoast_head_json":{"title":"TradeIn Solution - Autorola Solutions","robots":{"index":"index","follow":"follow","max-snippet":"max-snippet:-1","max-image-preview":"max-image-preview:large","max-video-preview":"max-video-preview:-1"},"canonical":"https:\/\/autorolasolutions.com\/da\/digitalt-oekosystem\/produkter\/tradein-solution\/","og_locale":"da_DK","og_type":"article","og_title":"TradeIn Solution - Autorola Solutions","og_description":"TradeIn Solution Autorola&#8217;s l\u00f8sning til TradeIn er designet til at hj\u00e6lpe dig med at give dine kunder en problem-fri og effektiv process til at udskifte deres k\u00f8ret\u00f8j. Med kun 4 steps kan du optimere din tradein process: Inspicer alle typer k\u00f8ret\u00f8j med vores Inspection Helper System Optimer din salgsstrategi med dynamiske markedsevalueringer Kommuniker din pris [&hellip;]","og_url":"https:\/\/autorolasolutions.com\/da\/digitalt-oekosystem\/produkter\/tradein-solution\/","og_site_name":"Autorola Solutions","article_modified_time":"2025-01-31T09:51:49+00:00","og_image":[{"width":833,"height":576,"url":"https:\/\/autorolasolutions.com\/wp-content\/uploads\/2025\/01\/Autorola_Solutions_Web_Timecycle_01.png","type":"image\/png"}],"twitter_card":"summary_large_image","twitter_misc":{"Estimeret l\u00e6setid":"2 minutter"},"schema":{"@context":"https:\/\/schema.org","@graph":[{"@type":"WebPage","@id":"https:\/\/autorolasolutions.com\/da\/digitalt-oekosystem\/produkter\/tradein-solution\/","url":"https:\/\/autorolasolutions.com\/da\/digitalt-oekosystem\/produkter\/tradein-solution\/","name":"TradeIn Solution - Autorola Solutions","isPartOf":{"@id":"https:\/\/autorolasolutions.com\/#website"},"primaryImageOfPage":{"@id":"https:\/\/autorolasolutions.com\/da\/digitalt-oekosystem\/produkter\/tradein-solution\/#primaryimage"},"image":{"@id":"https:\/\/autorolasolutions.com\/da\/digitalt-oekosystem\/produkter\/tradein-solution\/#primaryimage"},"thumbnailUrl":"https:\/\/autorolasolutions.com\/wp-content\/uploads\/2025\/01\/Autorola_Solutions_Web_Timecycle_01.png","datePublished":"2024-08-12T12:27:11+00:00","dateModified":"2025-01-31T09:51:49+00:00","breadcrumb":{"@id":"https:\/\/autorolasolutions.com\/da\/digitalt-oekosystem\/produkter\/tradein-solution\/#breadcrumb"},"inLanguage":"da-DK","potentialAction":[{"@type":"ReadAction","target":["https:\/\/autorolasolutions.com\/da\/digitalt-oekosystem\/produkter\/tradein-solution\/"]}]},{"@type":"ImageObject","inLanguage":"da-DK","@id":"https:\/\/autorolasolutions.com\/da\/digitalt-oekosystem\/produkter\/tradein-solution\/#primaryimage","url":"https:\/\/autorolasolutions.com\/wp-content\/uploads\/2025\/01\/Autorola_Solutions_Web_Timecycle_01.png","contentUrl":"https:\/\/autorolasolutions.com\/wp-content\/uploads\/2025\/01\/Autorola_Solutions_Web_Timecycle_01.png"},{"@type":"BreadcrumbList","@id":"https:\/\/autorolasolutions.com\/da\/digitalt-oekosystem\/produkter\/tradein-solution\/#breadcrumb","itemListElement":[{"@type":"ListItem","position":1,"name":"Home","item":"https:\/\/autorolasolutions.com\/"},{"@type":"ListItem","position":2,"name":"Digitalt \u00f8kosystem","item":"https:\/\/autorolasolutions.com\/da\/digitalt-oekosystem\/"},{"@type":"ListItem","position":3,"name":"Produkter","item":"https:\/\/autorolasolutions.com\/da\/digitalt-oekosystem\/produkter\/"},{"@type":"ListItem","position":4,"name":"TradeIn Solution"}]},{"@type":"WebSite","@id":"https:\/\/autorolasolutions.com\/#website","url":"https:\/\/autorolasolutions.com\/","name":"Autorola Solutions","description":"","publisher":{"@id":"https:\/\/autorolasolutions.com\/#organization"},"potentialAction":[{"@type":"SearchAction","target":{"@type":"EntryPoint","urlTemplate":"https:\/\/autorolasolutions.com\/?s={search_term_string}"},"query-input":{"@type":"PropertyValueSpecification","valueRequired":true,"valueName":"search_term_string"}}],"inLanguage":"da-DK"},{"@type":"Organization","@id":"https:\/\/autorolasolutions.com\/#organization","name":"Autorola Solutions","url":"https:\/\/autorolasolutions.com\/","logo":{"@type":"ImageObject","inLanguage":"da-DK","@id":"https:\/\/autorolasolutions.com\/#\/schema\/logo\/image\/","url":"https:\/\/autorolasolutions.com\/wp-content\/uploads\/2025\/01\/Autorola_Solutions_Logo_Left_Screen_RGB.svg","contentUrl":"https:\/\/autorolasolutions.com\/wp-content\/uploads\/2025\/01\/Autorola_Solutions_Logo_Left_Screen_RGB.svg","width":143,"height":44,"caption":"Autorola Solutions"},"image":{"@id":"https:\/\/autorolasolutions.com\/#\/schema\/logo\/image\/"},"sameAs":["https:\/\/www.linkedin.com\/company\/autorolasolutions\/"]}]}},"_links":{"self":[{"href":"https:\/\/autorolasolutions.com\/da\/wp-json\/wp\/v2\/pages\/28954","targetHints":{"allow":["GET"]}}],"collection":[{"href":"https:\/\/autorolasolutions.com\/da\/wp-json\/wp\/v2\/pages"}],"about":[{"href":"https:\/\/autorolasolutions.com\/da\/wp-json\/wp\/v2\/types\/page"}],"author":[{"embeddable":true,"href":"https:\/\/autorolasolutions.com\/da\/wp-json\/wp\/v2\/users\/12"}],"replies":[{"embeddable":true,"href":"https:\/\/autorolasolutions.com\/da\/wp-json\/wp\/v2\/comments?post=28954"}],"version-history":[{"count":13,"href":"https:\/\/autorolasolutions.com\/da\/wp-json\/wp\/v2\/pages\/28954\/revisions"}],"predecessor-version":[{"id":54860,"href":"https:\/\/autorolasolutions.com\/da\/wp-json\/wp\/v2\/pages\/28954\/revisions\/54860"}],"up":[{"embeddable":true,"href":"https:\/\/autorolasolutions.com\/da\/wp-json\/wp\/v2\/pages\/18534"}],"wp:attachment":[{"href":"https:\/\/autorolasolutions.com\/da\/wp-json\/wp\/v2\/media?parent=28954"}],"curies":[{"name":"wp","href":"https:\/\/api.w.org\/{rel}","templated":true}]}}