{"id":6174,"date":"2021-11-09T12:36:14","date_gmt":"2021-11-09T11:36:14","guid":{"rendered":"https:\/\/autorolasolutions.com\/solutions\/challenge\/reduce-costs\/"},"modified":"2025-01-31T10:48:38","modified_gmt":"2025-01-31T09:48:38","slug":"mimimer-jeres-omkostninger","status":"publish","type":"page","link":"https:\/\/autorolasolutions.com\/da\/solutions\/udfordringer\/mimimer-jeres-omkostninger\/","title":{"rendered":"Mimim\u00e9r jeres omkostninger"},"content":{"rendered":"\t\t<div data-elementor-type=\"wp-page\" data-elementor-id=\"6174\" class=\"elementor elementor-6174 elementor-113\" data-elementor-post-type=\"page\">\n\t\t\t\t\t\t<section class=\"elementor-section elementor-top-section elementor-element elementor-element-4896b4f elementor-section-boxed elementor-section-height-default elementor-section-height-default\" data-id=\"4896b4f\" data-element_type=\"section\" data-e-type=\"section\">\n\t\t\t\t\t\t<div class=\"elementor-container elementor-column-gap-default\">\n\t\t\t\t\t<div class=\"elementor-column elementor-col-100 elementor-top-column elementor-element elementor-element-6046263\" data-id=\"6046263\" data-element_type=\"column\" data-e-type=\"column\">\n\t\t\t<div class=\"elementor-widget-wrap elementor-element-populated\">\n\t\t\t\t\t\t<div class=\"elementor-element elementor-element-9c4c65c elementor-widget elementor-widget-text-editor\" data-id=\"9c4c65c\" data-element_type=\"widget\" data-e-type=\"widget\" data-widget_type=\"text-editor.default\">\n\t\t\t\t<div class=\"elementor-widget-container\">\n\t\t\t\t\t\t\t\t\t<h1>Minimer jeres omkostninger<\/h1><h2>Hvordan reducerer jeg vores omkostninger?<\/h2><p>Tid er penge \u2013 is\u00e6r inden for handel med k\u00f8ret\u00f8jer og leasing. Forsinkelser opst\u00e5r ofte i k\u00f8ret\u00f8jets livscyklus, hvilket \u00f8ger omkostningerne og reducerer marginerne.<\/p><p>Med Autorola Fleet Monitor kan du optimere din daglige forretning ved blandt andet at omdanne reaktiv til proaktiv processtyring.<\/p><p>Derudover p\u00e5virker et fuldt digitaliseret og automatiseret proces- og systemlandskab din bundlinje positivt. Set holistisk f\u00f8rer dette til en m\u00e6rkbar reduktion i omkostningerne gennem en reduktion i nedetid og arbejdsbyrde.<\/p><ol><li><strong>Str\u00f8mlin dine processer:<\/strong> Gennemg\u00e5 dine processer, og identificer eventuelle trin, der er un\u00f8dvendige eller kan automatiseres. Dette kan hj\u00e6lpe med at reducere nedetid og \u00f8ge effektiviteten, hvilket kan f\u00f8re til omkostningsbesparelser.<\/li><li><strong>Implementer automatisering:<\/strong> Brug automatiseringsv\u00e6rkt\u00f8jer til at str\u00f8mline dine processer, s\u00e5som ordrestyring og kundekommunikation. Dette kan hj\u00e6lpe med at reducere fejl og spare tid, hvilket f\u00f8rer til omkostningsbesparelser.<\/li><li><strong>Brug digitale v\u00e6rkt\u00f8jer:<\/strong> Brug digitale v\u00e6rkt\u00f8jer som Fleet Monitor til at centralisere data og str\u00f8mline processer. Dette kan hj\u00e6lpe med at reducere manuelt arbejde og forbedre effektiviteten, hvilket kan f\u00f8re til omkostningsbesparelser.<\/li><li><strong>Optimer din forsyningsk\u00e6de:<\/strong> Gennemg\u00e5 din forsyningsk\u00e6de, og identificer eventuelle omr\u00e5der, hvor du kan optimere. Dette kan omfatte forbedring af logistik, reduktion af leveringstider eller indk\u00f8b af ressourcer mere effektivt. Ved at optimere din forsyningsk\u00e6de kan du reducere omkostningerne og \u00f8ge effektiviteten.<\/li><li><strong>Overv\u00e5g dine metrics:<\/strong> Overv\u00e5g dine metrics s\u00e5som produktionsomkostninger, leveringstider og lagerniveauer. Dette kan hj\u00e6lpe dig med at identificere omr\u00e5der, der kan forbedres, og tr\u00e6ffe datadrevne beslutninger, der kan f\u00f8re til omkostningsbesparelser.<\/li><\/ol><p>Ved at implementere disse strategier i Fleet Monitor kan du g\u00f8re dine processer mere omkostningseffektive, hvilket f\u00f8rer til \u00f8get rentabilitet og forbedrede marginer.<\/p>\t\t\t\t\t\t\t\t<\/div>\n\t\t\t\t<\/div>\n\t\t\t\t\t<\/div>\n\t\t<\/div>\n\t\t\t\t\t<\/div>\n\t\t<\/section>\n\t\t\t\t<section class=\"elementor-section elementor-top-section elementor-element elementor-element-34cae90 elementor-section-full_width elementor-section-height-default elementor-section-height-default\" data-id=\"34cae90\" data-element_type=\"section\" data-e-type=\"section\" data-settings=\"{&quot;background_background&quot;:&quot;classic&quot;}\">\n\t\t\t\t\t\t<div class=\"elementor-container elementor-column-gap-default\">\n\t\t\t\t\t<div class=\"elementor-column elementor-col-50 elementor-top-column elementor-element elementor-element-5b75a52\" data-id=\"5b75a52\" data-element_type=\"column\" data-e-type=\"column\">\n\t\t\t<div class=\"elementor-widget-wrap elementor-element-populated\">\n\t\t\t\t\t\t<div class=\"elementor-element elementor-element-b85209a elementor-widget elementor-widget-html\" data-id=\"b85209a\" data-element_type=\"widget\" data-e-type=\"widget\" data-widget_type=\"html.default\">\n\t\t\t\t<div class=\"elementor-widget-container\">\n\t\t\t\t\t<?xml version=\"1.0\" encoding=\"utf-8\"?>\n<!-- Generator: Adobe Illustrator 25.3.1, SVG Export Plug-In . SVG Version: 6.00 Build 0)  -->\n<svg class=\"kaeseecke\" version=\"1.1\" id=\"Ebene_2_1_\" xmlns=\"http:\/\/www.w3.org\/2000\/svg\" xmlns:xlink=\"http:\/\/www.w3.org\/1999\/xlink\" x=\"0px\" y=\"0px\"\n\t viewBox=\"0 0 960 960\" style=\"enable-background:new 0 0 960 960;\" xml:space=\"preserve\">\n<style type=\"text\/css\">\n\t.st0{fill:#9E9E9E;}\n<\/style>\n<polygon class=\"A st0\" points=\"209.4,778.6 445.3,492.9 80,431.6 \"\/>\n<g class=\"F\" id=\"Banken\">\n\t<defs>\n\t\t<polygon id=\"Banken_1_\" points=\"356.7,96.4 486.1,443.4 722,157.8 \t\t\"\/>\n\t<\/defs>\n\t<clipPath id=\"Banken_2_\">\n\t\t<use xlink:href=\"#Banken_1_\"  style=\"overflow:visible;\"\/>\n\t<\/clipPath>\n\t<g transform=\"matrix(1 0 0 1 1.525879e-05 0)\" style=\"clip-path:url(#Banken_2_);\">\n\t\t\n\t\t\t<image class=\"kaeseimage\" style=\"overflow:visible;\" width=\"1264\" height=\"843\" xlink:href=\"\/wp-content\/uploads\/2021\/09\/money-blau.png\"  transform=\"matrix(0.5459 0 0 0.5459 215 27.589)\">\n\t\t<\/image>\n\t<\/g>\n<\/g>\n<g class=\"C\" id=\"Haendler\">\n\t<defs>\n\t\t<polygon id=\"Haendler_1_\" points=\"514.7,467.1 880,528.4 750.6,181.4 \t\t\"\/>\n\t<\/defs>\n\t<clipPath id=\"Haendler_2_\">\n\t\t<use xlink:href=\"#Haendler_1_\"  style=\"overflow:visible;\"\/>\n\t<\/clipPath>\n\t<g transform=\"matrix(1 0 0 1 0 0)\" style=\"clip-path:url(#Haendler_2_);\">\n\t\t\n\t\t\t<image class=\"kaeseimage\" style=\"overflow:visible;\" width=\"2000\" height=\"953\" xlink:href=\"\/wp-content\/uploads\/2021\/09\/Shaking-hands-blau.png\"  transform=\"matrix(0.395 0 0 0.395 200.3094 156.043)\">\n\t\t<\/image>\n\t<\/g>\n<\/g>\n<g class=\"D\" id=\"Hersteller\">\n\t<defs>\n\t\t<polygon id=\"Hersteller_1_\" points=\"322,109.4 86.1,395 451.4,456.4 \t\t\"\/>\n\t<\/defs>\n\t<clipPath id=\"Hersteller_2_\">\n\t\t<use xlink:href=\"#Hersteller_1_\"  style=\"overflow:visible;\"\/>\n\t<\/clipPath>\n\t<g style=\"clip-path:url(#Hersteller_2_);\">\n\t\t\n\t\t\t<image class=\"kaeseimage\" style=\"overflow:visible;\" width=\"1070\" height=\"714\" xlink:href=\"\/wp-content\/uploads\/2021\/09\/Fahrzeugbau-blau.png\"  transform=\"matrix(0.5701 0 0 0.5701 32.1523 72.9533)\">\n\t\t<\/image>\n\t<\/g>\n<\/g>\n<g class=\"B\" id=\"Leasing\">\n\t<defs>\n\t\t<polygon id=\"Leasing_2_\" points=\"638,850.6 873.9,565 508.6,503.6 \t\t\"\/>\n\t<\/defs>\n\t<clipPath id=\"Leasing_1_\">\n\t\t<use xlink:href=\"#Leasing_2_\"  style=\"overflow:visible;\"\/>\n\t<\/clipPath>\n\t<g transform=\"matrix(1 2.980232e-08 -2.980232e-08 1 0 0)\" style=\"clip-path:url(#Leasing_1_);\">\n\t\t\n\t\t\t<image class=\"kaeseimage\" style=\"overflow:visible;\" width=\"1270\" height=\"714\" xlink:href=\"\/wp-content\/uploads\/2021\/09\/Parkplatz-blau.png\"  transform=\"matrix(0.9072 0.2335 -0.2335 0.9072 295.6266 390.6233)\">\n\t\t<\/image>\n\t<\/g>\n<\/g>\n<g class=\"E\" id=\"Logistikanbieter\">\n\t<defs>\n\t\t<polygon id=\"Logistikanbieter_1_\" points=\"473.9,516.6 238,802.2 603.3,863.6 \t\t\"\/>\n\t<\/defs>\n\t<clipPath id=\"Logistikanbieter_2_\">\n\t\t<use xlink:href=\"#Logistikanbieter_1_\"  style=\"overflow:visible;\"\/>\n\t<\/clipPath>\n\t<g transform=\"matrix(1 0 0 1 0 1.525879e-05)\" style=\"clip-path:url(#Logistikanbieter_2_);\">\n\t\t\n\t\t\t<image class=\"kaeseimage\" style=\"overflow:visible;\" width=\"1072\" height=\"714\" xlink:href=\"\/wp-content\/uploads\/2021\/09\/street-blau.png\"  transform=\"matrix(1.0858 0 0 1.0858 -295.8258 244.9563)\">\n\t\t<\/image>\n\t<\/g>\n<\/g>\n<\/svg>\n\t\t\t\t<\/div>\n\t\t\t\t<\/div>\n\t\t\t\t\t<\/div>\n\t\t<\/div>\n\t\t\t\t<div class=\"elementor-column elementor-col-50 elementor-top-column elementor-element elementor-element-5704e36\" data-id=\"5704e36\" data-element_type=\"column\" data-e-type=\"column\">\n\t\t\t<div class=\"elementor-widget-wrap elementor-element-populated\">\n\t\t\t\t\t\t<div class=\"elementor-element elementor-element-488d934 elementor-widget elementor-widget-text-editor\" data-id=\"488d934\" data-element_type=\"widget\" data-e-type=\"widget\" data-widget_type=\"text-editor.default\">\n\t\t\t\t<div class=\"elementor-widget-container\">\n\t\t\t\t\t\t\t\t\t<h3>JERES FORDELE<\/h3>\t\t\t\t\t\t\t\t<\/div>\n\t\t\t\t<\/div>\n\t\t\t\t<div class=\"elementor-element elementor-element-cb8d41a sub-solutions elementor-list-item-link-inline elementor-icon-list--layout-traditional elementor-widget elementor-widget-icon-list\" data-id=\"cb8d41a\" data-element_type=\"widget\" data-e-type=\"widget\" data-widget_type=\"icon-list.default\">\n\t\t\t\t<div class=\"elementor-widget-container\">\n\t\t\t\t\t\t\t<ul class=\"elementor-icon-list-items\">\n\t\t\t\t\t\t\t<li class=\"elementor-icon-list-item\">\n\t\t\t\t\t\t\t\t\t\t\t<a href=\"https:\/\/autorolasolutions.com\/da\/solutions\/udfordringer\/minimer-spildtid\/\" class=\"B C D F\">\n\n\t\t\t\t\t\t\t\t\t\t\t<span class=\"elementor-icon-list-text\">Minim\u00e9r spildtid<\/span>\n\t\t\t\t\t\t\t\t\t\t\t<\/a>\n\t\t\t\t\t\t\t\t\t<\/li>\n\t\t\t\t\t\t\t\t<li class=\"elementor-icon-list-item\">\n\t\t\t\t\t\t\t\t\t\t\t<a href=\"https:\/\/autorolasolutions.com\/da\/solutions\/udfordringer\/optimer-jeres-processer\/\" class=\"B C D E F\">\n\n\t\t\t\t\t\t\t\t\t\t\t<span class=\"elementor-icon-list-text\">Optimer processer<\/span>\n\t\t\t\t\t\t\t\t\t\t\t<\/a>\n\t\t\t\t\t\t\t\t\t<\/li>\n\t\t\t\t\t\t\t\t<li class=\"elementor-icon-list-item\">\n\t\t\t\t\t\t\t\t\t\t\t<a href=\"https:\/\/autorolasolutions.com\/da\/solutions\/udfordringer\/jeres-digitale-landskab\/\" class=\"C D E\">\n\n\t\t\t\t\t\t\t\t\t\t\t<span class=\"elementor-icon-list-text\">Digitaliser systemlandskab<\/span>\n\t\t\t\t\t\t\t\t\t\t\t<\/a>\n\t\t\t\t\t\t\t\t\t<\/li>\n\t\t\t\t\t\t\t\t<li class=\"elementor-icon-list-item\">\n\t\t\t\t\t\t\t\t\t\t\t<a href=\"https:\/\/autorolasolutions.com\/da\/solutions\/udfordringer\/optimer-jeres-salg\/\" class=\"B C D E F\">\n\n\t\t\t\t\t\t\t\t\t\t\t<span class=\"elementor-icon-list-text\">Optimer salg<\/span>\n\t\t\t\t\t\t\t\t\t\t\t<\/a>\n\t\t\t\t\t\t\t\t\t<\/li>\n\t\t\t\t\t\t\t\t<li class=\"elementor-icon-list-item\">\n\t\t\t\t\t\t\t\t\t\t\t<a href=\"https:\/\/autorolasolutions.com\/da\/solutions\/udfordringer\/effektiviser-jeres-logistik\/\" class=\"C D E\">\n\n\t\t\t\t\t\t\t\t\t\t\t<span class=\"elementor-icon-list-text\">Effektiviser logistik<\/span>\n\t\t\t\t\t\t\t\t\t\t\t<\/a>\n\t\t\t\t\t\t\t\t\t<\/li>\n\t\t\t\t\t\t\t\t<li class=\"elementor-icon-list-item\">\n\t\t\t\t\t\t\t\t\t\t\t<a href=\"https:\/\/autorolasolutions.com\/da\/solutions\/udfordringer\/mimimer-jeres-omkostninger\/\" class=\"B C D E F\">\n\n\t\t\t\t\t\t\t\t\t\t\t<span class=\"elementor-icon-list-text\">Reducer omkostninger<\/span>\n\t\t\t\t\t\t\t\t\t\t\t<\/a>\n\t\t\t\t\t\t\t\t\t<\/li>\n\t\t\t\t\t\t\t\t<li class=\"elementor-icon-list-item\">\n\t\t\t\t\t\t\t\t\t\t\t<a href=\"https:\/\/autorolasolutions.com\/da\/solutions\/udfordringer\/etabler-revisionssikre-processer\/\">\n\n\t\t\t\t\t\t\t\t\t\t\t<span class=\"elementor-icon-list-text\">Etabl\u00e9r revisionssikre processer<\/span>\n\t\t\t\t\t\t\t\t\t\t\t<\/a>\n\t\t\t\t\t\t\t\t\t<\/li>\n\t\t\t\t\t\t<\/ul>\n\t\t\t\t\t\t<\/div>\n\t\t\t\t<\/div>\n\t\t\t\t<div class=\"elementor-element elementor-element-a679de4 elementor-widget elementor-widget-button\" data-id=\"a679de4\" data-element_type=\"widget\" data-e-type=\"widget\" data-widget_type=\"button.default\">\n\t\t\t\t<div class=\"elementor-widget-container\">\n\t\t\t\t\t\t\t\t\t<div class=\"elementor-button-wrapper\">\n\t\t\t\t\t<a class=\"elementor-button elementor-button-link elementor-size-sm elementor-animation-grow\" href=\"https:\/\/autorolasolutions.com\/da\/kontakt-os\/\">\n\t\t\t\t\t\t<span class=\"elementor-button-content-wrapper\">\n\t\t\t\t\t\t<span class=\"elementor-button-icon\">\n\t\t\t\t<i aria-hidden=\"true\" class=\"fas fa-arrow-right\"><\/i>\t\t\t<\/span>\n\t\t\t\t\t\t\t\t\t<span class=\"elementor-button-text\">Kontakt os<\/span>\n\t\t\t\t\t<\/span>\n\t\t\t\t\t<\/a>\n\t\t\t\t<\/div>\n\t\t\t\t\t\t\t\t<\/div>\n\t\t\t\t<\/div>\n\t\t\t\t\t<\/div>\n\t\t<\/div>\n\t\t\t\t\t<\/div>\n\t\t<\/section>\n\t\t\t\t<\/div>\n\t\t","protected":false},"excerpt":{"rendered":"<p>Minimer jeres omkostninger Hvordan reducerer jeg vores omkostninger? Tid er penge \u2013 is\u00e6r inden for handel med k\u00f8ret\u00f8jer og leasing. Forsinkelser opst\u00e5r ofte i k\u00f8ret\u00f8jets livscyklus, hvilket \u00f8ger omkostningerne og reducerer marginerne. Med Autorola Fleet Monitor kan du optimere din daglige forretning ved blandt andet at omdanne reaktiv til proaktiv processtyring. Derudover p\u00e5virker et fuldt [&hellip;]<\/p>\n","protected":false},"author":2,"featured_media":0,"parent":6138,"menu_order":6,"comment_status":"closed","ping_status":"open","template":"","meta":{"_acf_changed":false,"inline_featured_image":false,"site-sidebar-layout":"no-sidebar","site-content-layout":"default","ast-site-content-layout":"default","site-content-style":"default","site-sidebar-style":"default","ast-global-header-display":"","ast-banner-title-visibility":"","ast-main-header-display":"","ast-hfb-above-header-display":"","ast-hfb-below-header-display":"","ast-hfb-mobile-header-display":"","site-post-title":"disabled","ast-breadcrumbs-content":"","ast-featured-img":"disabled","footer-sml-layout":"","theme-transparent-header-meta":"default","adv-header-id-meta":"","stick-header-meta":"default","header-above-stick-meta":"","header-main-stick-meta":"","header-below-stick-meta":"","astra-migrate-meta-layouts":"default","ast-page-background-enabled":"default","ast-page-background-meta":{"desktop":{"background-color":"","background-image":"","background-repeat":"repeat","background-position":"center center","background-size":"auto","background-attachment":"scroll","background-type":"","background-media":"","overlay-type":"","overlay-color":"","overlay-opacity":"","overlay-gradient":""},"tablet":{"background-color":"","background-image":"","background-repeat":"repeat","background-position":"center center","background-size":"auto","background-attachment":"scroll","background-type":"","background-media":"","overlay-type":"","overlay-color":"","overlay-opacity":"","overlay-gradient":""},"mobile":{"background-color":"","background-image":"","background-repeat":"repeat","background-position":"center center","background-size":"auto","background-attachment":"scroll","background-type":"","background-media":"","overlay-type":"","overlay-color":"","overlay-opacity":"","overlay-gradient":""}},"ast-content-background-meta":{"desktop":{"background-color":"var(--ast-global-color-5)","background-image":"","background-repeat":"repeat","background-position":"center center","background-size":"auto","background-attachment":"scroll","background-type":"","background-media":"","overlay-type":"","overlay-color":"","overlay-opacity":"","overlay-gradient":""},"tablet":{"background-color":"var(--ast-global-color-5)","background-image":"","background-repeat":"repeat","background-position":"center center","background-size":"auto","background-attachment":"scroll","background-type":"","background-media":"","overlay-type":"","overlay-color":"","overlay-opacity":"","overlay-gradient":""},"mobile":{"background-color":"var(--ast-global-color-5)","background-image":"","background-repeat":"repeat","background-position":"center center","background-size":"auto","background-attachment":"scroll","background-type":"","background-media":"","overlay-type":"","overlay-color":"","overlay-opacity":"","overlay-gradient":""}},"footnotes":""},"class_list":["post-6174","page","type-page","status-publish","hentry"],"acf":[],"yoast_head":"<!-- This site is optimized with the Yoast SEO plugin v27.0 - https:\/\/yoast.com\/product\/yoast-seo-wordpress\/ -->\n<title>Reducer omkostningerne | Effektive forretningsl\u00f8sninger til bilindustrien<\/title>\n<meta name=\"description\" content=\"Opn\u00e5 omkostningsbesparelser og effektivitet med vores virksomhedsl\u00f8sninger til bilindustrien. Opdag m\u00e5der at str\u00f8mline driften og skabe \u00f8konomisk succes p\u00e5.\" \/>\n<meta name=\"robots\" content=\"index, follow, max-snippet:-1, max-image-preview:large, max-video-preview:-1\" \/>\n<link rel=\"canonical\" href=\"https:\/\/autorolasolutions.com\/da\/solutions\/udfordringer\/mimimer-jeres-omkostninger\/\" \/>\n<meta property=\"og:locale\" content=\"da_DK\" \/>\n<meta property=\"og:type\" content=\"article\" \/>\n<meta property=\"og:title\" content=\"Reducer omkostningerne | Effektive forretningsl\u00f8sninger til bilindustrien\" \/>\n<meta property=\"og:description\" content=\"Opn\u00e5 omkostningsbesparelser og effektivitet med vores virksomhedsl\u00f8sninger til bilindustrien. Opdag m\u00e5der at str\u00f8mline driften og skabe \u00f8konomisk succes p\u00e5.\" \/>\n<meta property=\"og:url\" content=\"https:\/\/autorolasolutions.com\/da\/solutions\/udfordringer\/mimimer-jeres-omkostninger\/\" \/>\n<meta property=\"og:site_name\" content=\"Autorola Solutions\" \/>\n<meta property=\"article:modified_time\" content=\"2025-01-31T09:48:38+00:00\" \/>\n<meta name=\"twitter:card\" content=\"summary_large_image\" \/>\n<meta name=\"twitter:label1\" content=\"Estimeret l\u00e6setid\" \/>\n\t<meta name=\"twitter:data1\" content=\"2 minutter\" \/>\n<script type=\"application\/ld+json\" class=\"yoast-schema-graph\">{\"@context\":\"https:\/\/schema.org\",\"@graph\":[{\"@type\":\"WebPage\",\"@id\":\"https:\/\/autorolasolutions.com\/da\/solutions\/udfordringer\/mimimer-jeres-omkostninger\/\",\"url\":\"https:\/\/autorolasolutions.com\/da\/solutions\/udfordringer\/mimimer-jeres-omkostninger\/\",\"name\":\"Reducer omkostningerne | Effektive forretningsl\u00f8sninger til bilindustrien\",\"isPartOf\":{\"@id\":\"https:\/\/autorolasolutions.com\/#website\"},\"datePublished\":\"2021-11-09T11:36:14+00:00\",\"dateModified\":\"2025-01-31T09:48:38+00:00\",\"description\":\"Opn\u00e5 omkostningsbesparelser og effektivitet med vores virksomhedsl\u00f8sninger til bilindustrien. Opdag m\u00e5der at str\u00f8mline driften og skabe \u00f8konomisk succes p\u00e5.\",\"breadcrumb\":{\"@id\":\"https:\/\/autorolasolutions.com\/da\/solutions\/udfordringer\/mimimer-jeres-omkostninger\/#breadcrumb\"},\"inLanguage\":\"da-DK\",\"potentialAction\":[{\"@type\":\"ReadAction\",\"target\":[\"https:\/\/autorolasolutions.com\/da\/solutions\/udfordringer\/mimimer-jeres-omkostninger\/\"]}]},{\"@type\":\"BreadcrumbList\",\"@id\":\"https:\/\/autorolasolutions.com\/da\/solutions\/udfordringer\/mimimer-jeres-omkostninger\/#breadcrumb\",\"itemListElement\":[{\"@type\":\"ListItem\",\"position\":1,\"name\":\"Home\",\"item\":\"https:\/\/autorolasolutions.com\/\"},{\"@type\":\"ListItem\",\"position\":2,\"name\":\"Solutions\",\"item\":\"https:\/\/autorolasolutions.com\/uk\/solutions\/\"},{\"@type\":\"ListItem\",\"position\":3,\"name\":\"Udfordringer\",\"item\":\"https:\/\/autorolasolutions.com\/uk\/solutions\/business-values\/\"},{\"@type\":\"ListItem\",\"position\":4,\"name\":\"Mimim\u00e9r jeres omkostninger\"}]},{\"@type\":\"WebSite\",\"@id\":\"https:\/\/autorolasolutions.com\/#website\",\"url\":\"https:\/\/autorolasolutions.com\/\",\"name\":\"Autorola Solutions\",\"description\":\"\",\"publisher\":{\"@id\":\"https:\/\/autorolasolutions.com\/#organization\"},\"potentialAction\":[{\"@type\":\"SearchAction\",\"target\":{\"@type\":\"EntryPoint\",\"urlTemplate\":\"https:\/\/autorolasolutions.com\/?s={search_term_string}\"},\"query-input\":{\"@type\":\"PropertyValueSpecification\",\"valueRequired\":true,\"valueName\":\"search_term_string\"}}],\"inLanguage\":\"da-DK\"},{\"@type\":\"Organization\",\"@id\":\"https:\/\/autorolasolutions.com\/#organization\",\"name\":\"Autorola Solutions\",\"url\":\"https:\/\/autorolasolutions.com\/\",\"logo\":{\"@type\":\"ImageObject\",\"inLanguage\":\"da-DK\",\"@id\":\"https:\/\/autorolasolutions.com\/#\/schema\/logo\/image\/\",\"url\":\"https:\/\/autorolasolutions.com\/wp-content\/uploads\/2025\/01\/Autorola_Solutions_Logo_Left_Screen_RGB.svg\",\"contentUrl\":\"https:\/\/autorolasolutions.com\/wp-content\/uploads\/2025\/01\/Autorola_Solutions_Logo_Left_Screen_RGB.svg\",\"width\":143,\"height\":44,\"caption\":\"Autorola Solutions\"},\"image\":{\"@id\":\"https:\/\/autorolasolutions.com\/#\/schema\/logo\/image\/\"},\"sameAs\":[\"https:\/\/www.linkedin.com\/company\/autorolasolutions\/\"]}]}<\/script>\n<!-- \/ Yoast SEO plugin. -->","yoast_head_json":{"title":"Reducer omkostningerne | Effektive forretningsl\u00f8sninger til bilindustrien","description":"Opn\u00e5 omkostningsbesparelser og effektivitet med vores virksomhedsl\u00f8sninger til bilindustrien. Opdag m\u00e5der at str\u00f8mline driften og skabe \u00f8konomisk succes p\u00e5.","robots":{"index":"index","follow":"follow","max-snippet":"max-snippet:-1","max-image-preview":"max-image-preview:large","max-video-preview":"max-video-preview:-1"},"canonical":"https:\/\/autorolasolutions.com\/da\/solutions\/udfordringer\/mimimer-jeres-omkostninger\/","og_locale":"da_DK","og_type":"article","og_title":"Reducer omkostningerne | Effektive forretningsl\u00f8sninger til bilindustrien","og_description":"Opn\u00e5 omkostningsbesparelser og effektivitet med vores virksomhedsl\u00f8sninger til bilindustrien. Opdag m\u00e5der at str\u00f8mline driften og skabe \u00f8konomisk succes p\u00e5.","og_url":"https:\/\/autorolasolutions.com\/da\/solutions\/udfordringer\/mimimer-jeres-omkostninger\/","og_site_name":"Autorola Solutions","article_modified_time":"2025-01-31T09:48:38+00:00","twitter_card":"summary_large_image","twitter_misc":{"Estimeret l\u00e6setid":"2 minutter"},"schema":{"@context":"https:\/\/schema.org","@graph":[{"@type":"WebPage","@id":"https:\/\/autorolasolutions.com\/da\/solutions\/udfordringer\/mimimer-jeres-omkostninger\/","url":"https:\/\/autorolasolutions.com\/da\/solutions\/udfordringer\/mimimer-jeres-omkostninger\/","name":"Reducer omkostningerne | Effektive forretningsl\u00f8sninger til bilindustrien","isPartOf":{"@id":"https:\/\/autorolasolutions.com\/#website"},"datePublished":"2021-11-09T11:36:14+00:00","dateModified":"2025-01-31T09:48:38+00:00","description":"Opn\u00e5 omkostningsbesparelser og effektivitet med vores virksomhedsl\u00f8sninger til bilindustrien. Opdag m\u00e5der at str\u00f8mline driften og skabe \u00f8konomisk succes p\u00e5.","breadcrumb":{"@id":"https:\/\/autorolasolutions.com\/da\/solutions\/udfordringer\/mimimer-jeres-omkostninger\/#breadcrumb"},"inLanguage":"da-DK","potentialAction":[{"@type":"ReadAction","target":["https:\/\/autorolasolutions.com\/da\/solutions\/udfordringer\/mimimer-jeres-omkostninger\/"]}]},{"@type":"BreadcrumbList","@id":"https:\/\/autorolasolutions.com\/da\/solutions\/udfordringer\/mimimer-jeres-omkostninger\/#breadcrumb","itemListElement":[{"@type":"ListItem","position":1,"name":"Home","item":"https:\/\/autorolasolutions.com\/"},{"@type":"ListItem","position":2,"name":"Solutions","item":"https:\/\/autorolasolutions.com\/uk\/solutions\/"},{"@type":"ListItem","position":3,"name":"Udfordringer","item":"https:\/\/autorolasolutions.com\/uk\/solutions\/business-values\/"},{"@type":"ListItem","position":4,"name":"Mimim\u00e9r jeres omkostninger"}]},{"@type":"WebSite","@id":"https:\/\/autorolasolutions.com\/#website","url":"https:\/\/autorolasolutions.com\/","name":"Autorola Solutions","description":"","publisher":{"@id":"https:\/\/autorolasolutions.com\/#organization"},"potentialAction":[{"@type":"SearchAction","target":{"@type":"EntryPoint","urlTemplate":"https:\/\/autorolasolutions.com\/?s={search_term_string}"},"query-input":{"@type":"PropertyValueSpecification","valueRequired":true,"valueName":"search_term_string"}}],"inLanguage":"da-DK"},{"@type":"Organization","@id":"https:\/\/autorolasolutions.com\/#organization","name":"Autorola Solutions","url":"https:\/\/autorolasolutions.com\/","logo":{"@type":"ImageObject","inLanguage":"da-DK","@id":"https:\/\/autorolasolutions.com\/#\/schema\/logo\/image\/","url":"https:\/\/autorolasolutions.com\/wp-content\/uploads\/2025\/01\/Autorola_Solutions_Logo_Left_Screen_RGB.svg","contentUrl":"https:\/\/autorolasolutions.com\/wp-content\/uploads\/2025\/01\/Autorola_Solutions_Logo_Left_Screen_RGB.svg","width":143,"height":44,"caption":"Autorola Solutions"},"image":{"@id":"https:\/\/autorolasolutions.com\/#\/schema\/logo\/image\/"},"sameAs":["https:\/\/www.linkedin.com\/company\/autorolasolutions\/"]}]}},"_links":{"self":[{"href":"https:\/\/autorolasolutions.com\/da\/wp-json\/wp\/v2\/pages\/6174","targetHints":{"allow":["GET"]}}],"collection":[{"href":"https:\/\/autorolasolutions.com\/da\/wp-json\/wp\/v2\/pages"}],"about":[{"href":"https:\/\/autorolasolutions.com\/da\/wp-json\/wp\/v2\/types\/page"}],"author":[{"embeddable":true,"href":"https:\/\/autorolasolutions.com\/da\/wp-json\/wp\/v2\/users\/2"}],"replies":[{"embeddable":true,"href":"https:\/\/autorolasolutions.com\/da\/wp-json\/wp\/v2\/comments?post=6174"}],"version-history":[{"count":31,"href":"https:\/\/autorolasolutions.com\/da\/wp-json\/wp\/v2\/pages\/6174\/revisions"}],"predecessor-version":[{"id":54845,"href":"https:\/\/autorolasolutions.com\/da\/wp-json\/wp\/v2\/pages\/6174\/revisions\/54845"}],"up":[{"embeddable":true,"href":"https:\/\/autorolasolutions.com\/da\/wp-json\/wp\/v2\/pages\/6138"}],"wp:attachment":[{"href":"https:\/\/autorolasolutions.com\/da\/wp-json\/wp\/v2\/media?parent=6174"}],"curies":[{"name":"wp","href":"https:\/\/api.w.org\/{rel}","templated":true}]}}