{"id":107,"date":"2021-08-12T11:14:15","date_gmt":"2021-08-12T09:14:15","guid":{"rendered":"https:\/\/autorolasolutions.com.w01c3acb.kasserver.com\/?page_id=107"},"modified":"2025-01-31T08:20:45","modified_gmt":"2025-01-31T07:20:45","slug":"systemlandschaft-digitalisieren","status":"publish","type":"page","link":"https:\/\/autorolasolutions.com\/de\/solutions\/nach-herausforderung\/systemlandschaft-digitalisieren\/","title":{"rendered":"Systemlandschaft digitalisieren"},"content":{"rendered":"\t\t<div data-elementor-type=\"wp-page\" data-elementor-id=\"107\" class=\"elementor elementor-107\" data-elementor-post-type=\"page\">\n\t\t\t\t\t\t<section class=\"elementor-section elementor-top-section elementor-element elementor-element-c36cff4 elementor-section-boxed elementor-section-height-default elementor-section-height-default\" data-id=\"c36cff4\" data-element_type=\"section\" data-e-type=\"section\">\n\t\t\t\t\t\t<div class=\"elementor-container elementor-column-gap-default\">\n\t\t\t\t\t<div class=\"elementor-column elementor-col-100 elementor-top-column elementor-element elementor-element-238207c\" data-id=\"238207c\" data-element_type=\"column\" data-e-type=\"column\">\n\t\t\t<div class=\"elementor-widget-wrap elementor-element-populated\">\n\t\t\t\t\t\t<div class=\"elementor-element elementor-element-01bda70 elementor-widget elementor-widget-text-editor\" data-id=\"01bda70\" data-element_type=\"widget\" data-e-type=\"widget\" data-widget_type=\"text-editor.default\">\n\t\t\t\t<div class=\"elementor-widget-container\">\n\t\t\t\t\t\t\t\t\t<h1>Systemlandschaft digitalisieren<\/h1><h2>Wie vereinfachen Sie Ihre Arbeit durch eine digitale Systemlandschaft?<\/h2><p>Jeder manuelle Eingriff in Ihre Prozesse, wie etwa die Verwendung von Excel-Listen, Papierakten oder E-Mail-Korrespondenz, beansprucht erhebliche Zeit und birgt ein hohes Fehlerpotenzial aufgrund von Unterschieden in den Formaten. Durch den Einsatz des Fleet Monitors schaffen Sie eine Schnittstelle f\u00fcr alle bestehenden Systeme \u2013 sowohl Ihre eigenen als auch die Ihrer Partner und Dienstleister. Auf diese Weise erlangen Sie nicht nur eine \u00fcberragende Transparenz \u00fcber den gesamten Prozess durch das Track-and-Trace von Partnern und Dienstleistern, sondern stellen auch die Einhaltung aller Richtlinien \u00fcber den gesamten Prozess sicher.<\/p><p>Die Vereinfachung Ihrer Arbeit mit einer digitalen Systemumgebung beinhaltet die Nutzung von Technologie, um Ihre Prozesse zu automatisieren und zu optimieren, manuelle Eingriffe zu reduzieren und Fehler zu eliminieren. Im Folgenden sind einige Schritte aufgef\u00fchrt, die Sie unternehmen k\u00f6nnen, um Ihre Arbeit mit einer digitalen Systemumgebung zu vereinfachen:<\/p><ol><li><strong>Identifizieren Sie Ihre Systeme und Prozesse:<\/strong> Starten Sie damit, alle Systeme und Prozesse zu identifizieren, die an Ihren Gesch\u00e4ftsvorg\u00e4ngen beteiligt sind, sowohl Ihre eigenen internen Systeme als auch die Systeme Ihrer Partner und Dienstleister.<\/li><li><strong>Integrieren Sie Ihre Systeme:<\/strong> Nutzen Sie eine digitale Plattform wie den Fleet Monitor, um alle Ihre Systeme zu integrieren und s\u00e4mtliche relevante Daten aus verschiedenen Quellen in einem System zusammenzuf\u00fchren. Dies tr\u00e4gt dazu bei, Systemunterbrechungen zu beseitigen, die Kommunikation und Zusammenarbeit zu vereinfachen und Fehler aufgrund von Unterschieden in Datenformaten zu vermeiden.<\/li><li><strong>Harmonisieren und aggregieren Sie Daten:<\/strong> Durch die Integration aller Systeme k\u00f6nnen Sie Daten harmonisieren und aggregieren, um eine umfassende Transparenz \u00fcber den gesamten Prozess zu erlangen. Hierbei spielt die Verwendung von Track-and-Trace-Funktionen eine Rolle, um Partner und Dienstleister zu \u00fcberwachen und die Einhaltung von Vorschriften und Standards sicherzustellen.<\/li><li><strong>Automatisieren Sie Prozesse:<\/strong> Machen Sie sich die digitale Plattform zunutze, um Prozesse zu automatisieren und manuelle Eingriffe wie Excel-Listen, Papierakten oder E-Mail-Korrespondenz zu eliminieren. Dies tr\u00e4gt dazu bei, Fehler zu reduzieren, die Effizienz zu steigern und Zeit zu sparen.<\/li><li><strong>Bieten Sie Echtzeitberichterstattung und -analyse:<\/strong> Durch die Konsolidierung all Ihrer Daten in einem System k\u00f6nnen Sie Echtzeitberichterstattung und -analyse bereitstellen, um fundierte Entscheidungen zu treffen, Trends zu identifizieren und Ihre Prozesse zu optimieren.<\/li><\/ol><p>Durch die Vereinfachung Ihrer Arbeit mit einer digitalen Systemumgebung k\u00f6nnen Sie Ihre Prozesse optimieren, Fehler reduzieren und die Effizienz verbessern, was letztendlich die Rentabilit\u00e4t und den Erfolg Ihres Unternehmens vorantreibt.<\/p>\t\t\t\t\t\t\t\t<\/div>\n\t\t\t\t<\/div>\n\t\t\t\t\t<\/div>\n\t\t<\/div>\n\t\t\t\t\t<\/div>\n\t\t<\/section>\n\t\t\t\t<section class=\"elementor-section elementor-top-section elementor-element elementor-element-1a98548 elementor-section-full_width elementor-section-height-default elementor-section-height-default\" data-id=\"1a98548\" data-element_type=\"section\" data-e-type=\"section\" data-settings=\"{&quot;background_background&quot;:&quot;classic&quot;}\">\n\t\t\t\t\t\t<div class=\"elementor-container elementor-column-gap-default\">\n\t\t\t\t\t<div class=\"elementor-column elementor-col-50 elementor-top-column elementor-element elementor-element-80e05fb\" data-id=\"80e05fb\" data-element_type=\"column\" data-e-type=\"column\">\n\t\t\t<div class=\"elementor-widget-wrap elementor-element-populated\">\n\t\t\t\t\t\t<div class=\"elementor-element elementor-element-ba1509f elementor-widget__width-initial elementor-widget elementor-widget-html\" data-id=\"ba1509f\" data-element_type=\"widget\" data-e-type=\"widget\" data-widget_type=\"html.default\">\n\t\t\t\t<div class=\"elementor-widget-container\">\n\t\t\t\t\t<?xml version=\"1.0\" encoding=\"utf-8\"?>\n<!-- Generator: Adobe Illustrator 25.3.1, SVG Export Plug-In . SVG Version: 6.00 Build 0)  -->\n<svg class=\"kaeseecke\" version=\"1.1\" id=\"Ebene_2_1_\" xmlns=\"http:\/\/www.w3.org\/2000\/svg\" xmlns:xlink=\"http:\/\/www.w3.org\/1999\/xlink\" x=\"0px\" y=\"0px\"\n\t viewBox=\"0 0 960 960\" style=\"enable-background:new 0 0 960 960;\" xml:space=\"preserve\">\n<style type=\"text\/css\">\n\t.st0{fill:#9E9E9E;}\n<\/style>\n<polygon class=\"A st0\" points=\"209.4,778.6 445.3,492.9 80,431.6 \"\/>\n<g class=\"F\" id=\"Banken\">\n\t<defs>\n\t\t<polygon id=\"Banken_1_\" points=\"356.7,96.4 486.1,443.4 722,157.8 \t\t\"\/>\n\t<\/defs>\n\t<clipPath id=\"Banken_2_\">\n\t\t<use xlink:href=\"#Banken_1_\"  style=\"overflow:visible;\"\/>\n\t<\/clipPath>\n\t<g transform=\"matrix(1 0 0 1 1.525879e-05 0)\" style=\"clip-path:url(#Banken_2_);\">\n\t\t\n\t\t\t<image class=\"kaeseimage\" style=\"overflow:visible;\" width=\"1264\" height=\"843\" xlink:href=\"\/wp-content\/uploads\/2021\/09\/money-blau.png\"  transform=\"matrix(0.5459 0 0 0.5459 215 27.589)\">\n\t\t<\/image>\n\t<\/g>\n<\/g>\n<g class=\"C\" id=\"Haendler\">\n\t<defs>\n\t\t<polygon id=\"Haendler_1_\" points=\"514.7,467.1 880,528.4 750.6,181.4 \t\t\"\/>\n\t<\/defs>\n\t<clipPath id=\"Haendler_2_\">\n\t\t<use xlink:href=\"#Haendler_1_\"  style=\"overflow:visible;\"\/>\n\t<\/clipPath>\n\t<g transform=\"matrix(1 0 0 1 0 0)\" style=\"clip-path:url(#Haendler_2_);\">\n\t\t\n\t\t\t<image class=\"kaeseimage\" style=\"overflow:visible;\" width=\"2000\" height=\"953\" xlink:href=\"\/wp-content\/uploads\/2021\/09\/Shaking-hands-blau.png\"  transform=\"matrix(0.395 0 0 0.395 200.3094 156.043)\">\n\t\t<\/image>\n\t<\/g>\n<\/g>\n<g class=\"D\" id=\"Hersteller\">\n\t<defs>\n\t\t<polygon id=\"Hersteller_1_\" points=\"322,109.4 86.1,395 451.4,456.4 \t\t\"\/>\n\t<\/defs>\n\t<clipPath id=\"Hersteller_2_\">\n\t\t<use xlink:href=\"#Hersteller_1_\"  style=\"overflow:visible;\"\/>\n\t<\/clipPath>\n\t<g style=\"clip-path:url(#Hersteller_2_);\">\n\t\t\n\t\t\t<image class=\"kaeseimage\" style=\"overflow:visible;\" width=\"1070\" height=\"714\" xlink:href=\"\/wp-content\/uploads\/2021\/09\/Fahrzeugbau-blau.png\"  transform=\"matrix(0.5701 0 0 0.5701 32.1523 72.9533)\">\n\t\t<\/image>\n\t<\/g>\n<\/g>\n<g class=\"B\" id=\"Leasing\">\n\t<defs>\n\t\t<polygon id=\"Leasing_2_\" points=\"638,850.6 873.9,565 508.6,503.6 \t\t\"\/>\n\t<\/defs>\n\t<clipPath id=\"Leasing_1_\">\n\t\t<use xlink:href=\"#Leasing_2_\"  style=\"overflow:visible;\"\/>\n\t<\/clipPath>\n\t<g transform=\"matrix(1 2.980232e-08 -2.980232e-08 1 0 0)\" style=\"clip-path:url(#Leasing_1_);\">\n\t\t\n\t\t\t<image class=\"kaeseimage\" style=\"overflow:visible;\" width=\"1270\" height=\"714\" xlink:href=\"\/wp-content\/uploads\/2021\/09\/Parkplatz-blau.png\"  transform=\"matrix(0.9072 0.2335 -0.2335 0.9072 295.6266 390.6233)\">\n\t\t<\/image>\n\t<\/g>\n<\/g>\n<g class=\"E\" id=\"Logistikanbieter\">\n\t<defs>\n\t\t<polygon id=\"Logistikanbieter_1_\" points=\"473.9,516.6 238,802.2 603.3,863.6 \t\t\"\/>\n\t<\/defs>\n\t<clipPath id=\"Logistikanbieter_2_\">\n\t\t<use xlink:href=\"#Logistikanbieter_1_\"  style=\"overflow:visible;\"\/>\n\t<\/clipPath>\n\t<g transform=\"matrix(1 0 0 1 0 1.525879e-05)\" style=\"clip-path:url(#Logistikanbieter_2_);\">\n\t\t\n\t\t\t<image class=\"kaeseimage\" style=\"overflow:visible;\" width=\"1072\" height=\"714\" xlink:href=\"\/wp-content\/uploads\/2021\/09\/street-blau.png\"  transform=\"matrix(1.0858 0 0 1.0858 -295.8258 244.9563)\">\n\t\t<\/image>\n\t<\/g>\n<\/g>\n<\/svg>\n\t\t\t\t<\/div>\n\t\t\t\t<\/div>\n\t\t\t\t\t<\/div>\n\t\t<\/div>\n\t\t\t\t<div class=\"elementor-column elementor-col-50 elementor-top-column elementor-element elementor-element-e30c335\" data-id=\"e30c335\" data-element_type=\"column\" data-e-type=\"column\">\n\t\t\t<div class=\"elementor-widget-wrap elementor-element-populated\">\n\t\t\t\t\t\t<div class=\"elementor-element elementor-element-81ae683 elementor-widget elementor-widget-text-editor\" data-id=\"81ae683\" data-element_type=\"widget\" data-e-type=\"widget\" data-widget_type=\"text-editor.default\">\n\t\t\t\t<div class=\"elementor-widget-container\">\n\t\t\t\t\t\t\t\t\t<h3>IHRE VORTEILE<\/h3>\t\t\t\t\t\t\t\t<\/div>\n\t\t\t\t<\/div>\n\t\t\t\t<div class=\"elementor-element elementor-element-9d2b85f sub-solutions elementor-list-item-link-inline elementor-icon-list--layout-traditional elementor-widget elementor-widget-icon-list\" data-id=\"9d2b85f\" data-element_type=\"widget\" data-e-type=\"widget\" data-widget_type=\"icon-list.default\">\n\t\t\t\t<div class=\"elementor-widget-container\">\n\t\t\t\t\t\t\t<ul class=\"elementor-icon-list-items\">\n\t\t\t\t\t\t\t<li class=\"elementor-icon-list-item\">\n\t\t\t\t\t\t\t\t\t\t\t<a href=\"https:\/\/autorolasolutions.com\/de\/solutions\/nach-herausforderung\/standzeiten-reduzieren\/\" class=\"B C D F\">\n\n\t\t\t\t\t\t\t\t\t\t\t<span class=\"elementor-icon-list-text\">Standzeiten reduzieren<\/span>\n\t\t\t\t\t\t\t\t\t\t\t<\/a>\n\t\t\t\t\t\t\t\t\t<\/li>\n\t\t\t\t\t\t\t\t<li class=\"elementor-icon-list-item\">\n\t\t\t\t\t\t\t\t\t\t\t<a href=\"https:\/\/autorolasolutions.com\/de\/solutions\/nach-herausforderung\/prozesse-optimieren\/\" class=\"B C D E F\">\n\n\t\t\t\t\t\t\t\t\t\t\t<span class=\"elementor-icon-list-text\">Prozesse Optimieren<\/span>\n\t\t\t\t\t\t\t\t\t\t\t<\/a>\n\t\t\t\t\t\t\t\t\t<\/li>\n\t\t\t\t\t\t\t\t<li class=\"elementor-icon-list-item\">\n\t\t\t\t\t\t\t\t\t\t\t<a href=\"https:\/\/autorolasolutions.com\/de\/solutions\/nach-herausforderung\/systemlandschaft-digitalisieren\/\" class=\"C D E\">\n\n\t\t\t\t\t\t\t\t\t\t\t<span class=\"elementor-icon-list-text\">Systemlandschaft digitalisieren<\/span>\n\t\t\t\t\t\t\t\t\t\t\t<\/a>\n\t\t\t\t\t\t\t\t\t<\/li>\n\t\t\t\t\t\t\t\t<li class=\"elementor-icon-list-item\">\n\t\t\t\t\t\t\t\t\t\t\t<a href=\"https:\/\/autorolasolutions.com\/de\/solutions\/nach-herausforderung\/vertriebssteuerung-optimieren\/\" class=\"B C D E F\">\n\n\t\t\t\t\t\t\t\t\t\t\t<span class=\"elementor-icon-list-text\">Vertriebssteuerung optimieren<\/span>\n\t\t\t\t\t\t\t\t\t\t\t<\/a>\n\t\t\t\t\t\t\t\t\t<\/li>\n\t\t\t\t\t\t\t\t<li class=\"elementor-icon-list-item\">\n\t\t\t\t\t\t\t\t\t\t\t<a href=\"https:\/\/autorolasolutions.com\/de\/solutions\/nach-herausforderung\/dienstleister-steuern\/\" class=\"C D E\">\n\n\t\t\t\t\t\t\t\t\t\t\t<span class=\"elementor-icon-list-text\">Dienstleister steuern<\/span>\n\t\t\t\t\t\t\t\t\t\t\t<\/a>\n\t\t\t\t\t\t\t\t\t<\/li>\n\t\t\t\t\t\t\t\t<li class=\"elementor-icon-list-item\">\n\t\t\t\t\t\t\t\t\t\t\t<a href=\"https:\/\/autorolasolutions.com\/de\/solutions\/nach-herausforderung\/kosten-reduzieren\/\" class=\"B C D E F\">\n\n\t\t\t\t\t\t\t\t\t\t\t<span class=\"elementor-icon-list-text\">Kosten reduzieren<\/span>\n\t\t\t\t\t\t\t\t\t\t\t<\/a>\n\t\t\t\t\t\t\t\t\t<\/li>\n\t\t\t\t\t\t\t\t<li class=\"elementor-icon-list-item\">\n\t\t\t\t\t\t\t\t\t\t\t<a href=\"https:\/\/autorolasolutions.com\/de\/solutions\/nach-herausforderung\/revisionssicherheit-herstellen\/\">\n\n\t\t\t\t\t\t\t\t\t\t\t<span class=\"elementor-icon-list-text\">Revisionssicherheit herstellen<\/span>\n\t\t\t\t\t\t\t\t\t\t\t<\/a>\n\t\t\t\t\t\t\t\t\t<\/li>\n\t\t\t\t\t\t<\/ul>\n\t\t\t\t\t\t<\/div>\n\t\t\t\t<\/div>\n\t\t\t\t<div class=\"elementor-element elementor-element-57305e9 elementor-widget elementor-widget-button\" data-id=\"57305e9\" data-element_type=\"widget\" data-e-type=\"widget\" data-widget_type=\"button.default\">\n\t\t\t\t<div class=\"elementor-widget-container\">\n\t\t\t\t\t\t\t\t\t<div class=\"elementor-button-wrapper\">\n\t\t\t\t\t<a class=\"elementor-button elementor-button-link elementor-size-sm elementor-animation-grow\" href=\"https:\/\/autorolasolutions.com\/de\/kontakt\/\">\n\t\t\t\t\t\t<span class=\"elementor-button-content-wrapper\">\n\t\t\t\t\t\t<span class=\"elementor-button-icon\">\n\t\t\t\t<i aria-hidden=\"true\" class=\"fas fa-arrow-right\"><\/i>\t\t\t<\/span>\n\t\t\t\t\t\t\t\t\t<span class=\"elementor-button-text\">Kontaktieren Sie uns<\/span>\n\t\t\t\t\t<\/span>\n\t\t\t\t\t<\/a>\n\t\t\t\t<\/div>\n\t\t\t\t\t\t\t\t<\/div>\n\t\t\t\t<\/div>\n\t\t\t\t\t<\/div>\n\t\t<\/div>\n\t\t\t\t\t<\/div>\n\t\t<\/section>\n\t\t\t\t<\/div>\n\t\t","protected":false},"excerpt":{"rendered":"<p>Systemlandschaft digitalisieren Wie vereinfachen Sie Ihre Arbeit durch eine digitale Systemlandschaft? Jeder manuelle Eingriff in Ihre Prozesse, wie etwa die Verwendung von Excel-Listen, Papierakten oder E-Mail-Korrespondenz, beansprucht erhebliche Zeit und birgt ein hohes Fehlerpotenzial aufgrund von Unterschieden in den Formaten. Durch den Einsatz des Fleet Monitors schaffen Sie eine Schnittstelle f\u00fcr alle bestehenden Systeme \u2013 [&hellip;]<\/p>\n","protected":false},"author":2,"featured_media":0,"parent":91,"menu_order":3,"comment_status":"closed","ping_status":"open","template":"","meta":{"_acf_changed":false,"inline_featured_image":false,"site-sidebar-layout":"no-sidebar","site-content-layout":"default","ast-site-content-layout":"default","site-content-style":"default","site-sidebar-style":"default","ast-global-header-display":"","ast-banner-title-visibility":"","ast-main-header-display":"","ast-hfb-above-header-display":"","ast-hfb-below-header-display":"","ast-hfb-mobile-header-display":"","site-post-title":"disabled","ast-breadcrumbs-content":"","ast-featured-img":"disabled","footer-sml-layout":"","theme-transparent-header-meta":"default","adv-header-id-meta":"","stick-header-meta":"default","header-above-stick-meta":"","header-main-stick-meta":"","header-below-stick-meta":"","astra-migrate-meta-layouts":"default","ast-page-background-enabled":"default","ast-page-background-meta":{"desktop":{"background-color":"","background-image":"","background-repeat":"repeat","background-position":"center center","background-size":"auto","background-attachment":"scroll","background-type":"","background-media":"","overlay-type":"","overlay-color":"","overlay-opacity":"","overlay-gradient":""},"tablet":{"background-color":"","background-image":"","background-repeat":"repeat","background-position":"center center","background-size":"auto","background-attachment":"scroll","background-type":"","background-media":"","overlay-type":"","overlay-color":"","overlay-opacity":"","overlay-gradient":""},"mobile":{"background-color":"","background-image":"","background-repeat":"repeat","background-position":"center center","background-size":"auto","background-attachment":"scroll","background-type":"","background-media":"","overlay-type":"","overlay-color":"","overlay-opacity":"","overlay-gradient":""}},"ast-content-background-meta":{"desktop":{"background-color":"var(--ast-global-color-5)","background-image":"","background-repeat":"repeat","background-position":"center center","background-size":"auto","background-attachment":"scroll","background-type":"","background-media":"","overlay-type":"","overlay-color":"","overlay-opacity":"","overlay-gradient":""},"tablet":{"background-color":"var(--ast-global-color-5)","background-image":"","background-repeat":"repeat","background-position":"center center","background-size":"auto","background-attachment":"scroll","background-type":"","background-media":"","overlay-type":"","overlay-color":"","overlay-opacity":"","overlay-gradient":""},"mobile":{"background-color":"var(--ast-global-color-5)","background-image":"","background-repeat":"repeat","background-position":"center center","background-size":"auto","background-attachment":"scroll","background-type":"","background-media":"","overlay-type":"","overlay-color":"","overlay-opacity":"","overlay-gradient":""}},"footnotes":""},"class_list":["post-107","page","type-page","status-publish","hentry"],"acf":[],"yoast_head":"<!-- This site is optimized with the Yoast SEO plugin v27.0 - https:\/\/yoast.com\/product\/yoast-seo-wordpress\/ -->\n<title>Digitalisierung des Systemumfelds | Transformation im Automobilgesch\u00e4ft<\/title>\n<meta name=\"description\" content=\"Transformieren Sie Ihr Automobilgesch\u00e4ft mit unserer L\u00f6sung zur Digitalisierung Ihres Systemumfelds. Steigern Sie die Effizienz, optimieren Sie Prozesse und erschlie\u00dfen Sie neue Chancen f\u00fcr Wachstum.\" \/>\n<meta name=\"robots\" content=\"index, follow, max-snippet:-1, max-image-preview:large, max-video-preview:-1\" \/>\n<link rel=\"canonical\" href=\"https:\/\/autorolasolutions.com\/uk\/solutions\/business-values\/digitize-system-landscape\/\" \/>\n<meta property=\"og:locale\" content=\"de_DE\" \/>\n<meta property=\"og:type\" content=\"article\" \/>\n<meta property=\"og:title\" content=\"Digitalisierung des Systemumfelds | Transformation im Automobilgesch\u00e4ft\" \/>\n<meta property=\"og:description\" content=\"Transformieren Sie Ihr Automobilgesch\u00e4ft mit unserer L\u00f6sung zur Digitalisierung Ihres Systemumfelds. Steigern Sie die Effizienz, optimieren Sie Prozesse und erschlie\u00dfen Sie neue Chancen f\u00fcr Wachstum.\" \/>\n<meta property=\"og:url\" content=\"https:\/\/autorolasolutions.com\/uk\/solutions\/business-values\/digitize-system-landscape\/\" \/>\n<meta property=\"og:site_name\" content=\"Autorola Solutions\" \/>\n<meta property=\"article:modified_time\" content=\"2025-01-31T07:20:45+00:00\" \/>\n<meta name=\"twitter:card\" content=\"summary_large_image\" \/>\n<meta name=\"twitter:label1\" content=\"Gesch\u00e4tzte Lesezeit\" \/>\n\t<meta name=\"twitter:data1\" content=\"3\u00a0Minuten\" \/>\n<script type=\"application\/ld+json\" class=\"yoast-schema-graph\">{\"@context\":\"https:\/\/schema.org\",\"@graph\":[{\"@type\":\"WebPage\",\"@id\":\"https:\/\/autorolasolutions.com\/uk\/solutions\/business-values\/digitize-system-landscape\/\",\"url\":\"https:\/\/autorolasolutions.com\/uk\/solutions\/business-values\/digitize-system-landscape\/\",\"name\":\"Digitalisierung des Systemumfelds | Transformation im Automobilgesch\u00e4ft\",\"isPartOf\":{\"@id\":\"https:\/\/autorolasolutions.com\/#website\"},\"datePublished\":\"2021-08-12T09:14:15+00:00\",\"dateModified\":\"2025-01-31T07:20:45+00:00\",\"description\":\"Transformieren Sie Ihr Automobilgesch\u00e4ft mit unserer L\u00f6sung zur Digitalisierung Ihres Systemumfelds. Steigern Sie die Effizienz, optimieren Sie Prozesse und erschlie\u00dfen Sie neue Chancen f\u00fcr Wachstum.\",\"breadcrumb\":{\"@id\":\"https:\/\/autorolasolutions.com\/uk\/solutions\/business-values\/digitize-system-landscape\/#breadcrumb\"},\"inLanguage\":\"de\",\"potentialAction\":[{\"@type\":\"ReadAction\",\"target\":[\"https:\/\/autorolasolutions.com\/uk\/solutions\/business-values\/digitize-system-landscape\/\"]}]},{\"@type\":\"BreadcrumbList\",\"@id\":\"https:\/\/autorolasolutions.com\/uk\/solutions\/business-values\/digitize-system-landscape\/#breadcrumb\",\"itemListElement\":[{\"@type\":\"ListItem\",\"position\":1,\"name\":\"Home\",\"item\":\"https:\/\/autorolasolutions.com\/uk\/\"},{\"@type\":\"ListItem\",\"position\":2,\"name\":\"Solutions\",\"item\":\"https:\/\/autorolasolutions.com\/uk\/solutions\/\"},{\"@type\":\"ListItem\",\"position\":3,\"name\":\"Nach Herausforderung\",\"item\":\"https:\/\/autorolasolutions.com\/uk\/solutions\/business-values\/\"},{\"@type\":\"ListItem\",\"position\":4,\"name\":\"Systemlandschaft digitalisieren\"}]},{\"@type\":\"WebSite\",\"@id\":\"https:\/\/autorolasolutions.com\/#website\",\"url\":\"https:\/\/autorolasolutions.com\/\",\"name\":\"Autorola Solutions\",\"description\":\"\",\"publisher\":{\"@id\":\"https:\/\/autorolasolutions.com\/#organization\"},\"potentialAction\":[{\"@type\":\"SearchAction\",\"target\":{\"@type\":\"EntryPoint\",\"urlTemplate\":\"https:\/\/autorolasolutions.com\/?s={search_term_string}\"},\"query-input\":{\"@type\":\"PropertyValueSpecification\",\"valueRequired\":true,\"valueName\":\"search_term_string\"}}],\"inLanguage\":\"de\"},{\"@type\":\"Organization\",\"@id\":\"https:\/\/autorolasolutions.com\/#organization\",\"name\":\"Autorola Solutions\",\"url\":\"https:\/\/autorolasolutions.com\/\",\"logo\":{\"@type\":\"ImageObject\",\"inLanguage\":\"de\",\"@id\":\"https:\/\/autorolasolutions.com\/#\/schema\/logo\/image\/\",\"url\":\"https:\/\/autorolasolutions.com\/wp-content\/uploads\/2025\/01\/Autorola_Solutions_Logo_Left_Screen_RGB.svg\",\"contentUrl\":\"https:\/\/autorolasolutions.com\/wp-content\/uploads\/2025\/01\/Autorola_Solutions_Logo_Left_Screen_RGB.svg\",\"width\":143,\"height\":44,\"caption\":\"Autorola Solutions\"},\"image\":{\"@id\":\"https:\/\/autorolasolutions.com\/#\/schema\/logo\/image\/\"},\"sameAs\":[\"https:\/\/www.linkedin.com\/company\/autorolasolutions\/\"]}]}<\/script>\n<!-- \/ Yoast SEO plugin. -->","yoast_head_json":{"title":"Digitalisierung des Systemumfelds | Transformation im Automobilgesch\u00e4ft","description":"Transformieren Sie Ihr Automobilgesch\u00e4ft mit unserer L\u00f6sung zur Digitalisierung Ihres Systemumfelds. Steigern Sie die Effizienz, optimieren Sie Prozesse und erschlie\u00dfen Sie neue Chancen f\u00fcr Wachstum.","robots":{"index":"index","follow":"follow","max-snippet":"max-snippet:-1","max-image-preview":"max-image-preview:large","max-video-preview":"max-video-preview:-1"},"canonical":"https:\/\/autorolasolutions.com\/uk\/solutions\/business-values\/digitize-system-landscape\/","og_locale":"de_DE","og_type":"article","og_title":"Digitalisierung des Systemumfelds | Transformation im Automobilgesch\u00e4ft","og_description":"Transformieren Sie Ihr Automobilgesch\u00e4ft mit unserer L\u00f6sung zur Digitalisierung Ihres Systemumfelds. Steigern Sie die Effizienz, optimieren Sie Prozesse und erschlie\u00dfen Sie neue Chancen f\u00fcr Wachstum.","og_url":"https:\/\/autorolasolutions.com\/uk\/solutions\/business-values\/digitize-system-landscape\/","og_site_name":"Autorola Solutions","article_modified_time":"2025-01-31T07:20:45+00:00","twitter_card":"summary_large_image","twitter_misc":{"Gesch\u00e4tzte Lesezeit":"3\u00a0Minuten"},"schema":{"@context":"https:\/\/schema.org","@graph":[{"@type":"WebPage","@id":"https:\/\/autorolasolutions.com\/uk\/solutions\/business-values\/digitize-system-landscape\/","url":"https:\/\/autorolasolutions.com\/uk\/solutions\/business-values\/digitize-system-landscape\/","name":"Digitalisierung des Systemumfelds | Transformation im Automobilgesch\u00e4ft","isPartOf":{"@id":"https:\/\/autorolasolutions.com\/#website"},"datePublished":"2021-08-12T09:14:15+00:00","dateModified":"2025-01-31T07:20:45+00:00","description":"Transformieren Sie Ihr Automobilgesch\u00e4ft mit unserer L\u00f6sung zur Digitalisierung Ihres Systemumfelds. Steigern Sie die Effizienz, optimieren Sie Prozesse und erschlie\u00dfen Sie neue Chancen f\u00fcr Wachstum.","breadcrumb":{"@id":"https:\/\/autorolasolutions.com\/uk\/solutions\/business-values\/digitize-system-landscape\/#breadcrumb"},"inLanguage":"de","potentialAction":[{"@type":"ReadAction","target":["https:\/\/autorolasolutions.com\/uk\/solutions\/business-values\/digitize-system-landscape\/"]}]},{"@type":"BreadcrumbList","@id":"https:\/\/autorolasolutions.com\/uk\/solutions\/business-values\/digitize-system-landscape\/#breadcrumb","itemListElement":[{"@type":"ListItem","position":1,"name":"Home","item":"https:\/\/autorolasolutions.com\/uk\/"},{"@type":"ListItem","position":2,"name":"Solutions","item":"https:\/\/autorolasolutions.com\/uk\/solutions\/"},{"@type":"ListItem","position":3,"name":"Nach Herausforderung","item":"https:\/\/autorolasolutions.com\/uk\/solutions\/business-values\/"},{"@type":"ListItem","position":4,"name":"Systemlandschaft digitalisieren"}]},{"@type":"WebSite","@id":"https:\/\/autorolasolutions.com\/#website","url":"https:\/\/autorolasolutions.com\/","name":"Autorola Solutions","description":"","publisher":{"@id":"https:\/\/autorolasolutions.com\/#organization"},"potentialAction":[{"@type":"SearchAction","target":{"@type":"EntryPoint","urlTemplate":"https:\/\/autorolasolutions.com\/?s={search_term_string}"},"query-input":{"@type":"PropertyValueSpecification","valueRequired":true,"valueName":"search_term_string"}}],"inLanguage":"de"},{"@type":"Organization","@id":"https:\/\/autorolasolutions.com\/#organization","name":"Autorola Solutions","url":"https:\/\/autorolasolutions.com\/","logo":{"@type":"ImageObject","inLanguage":"de","@id":"https:\/\/autorolasolutions.com\/#\/schema\/logo\/image\/","url":"https:\/\/autorolasolutions.com\/wp-content\/uploads\/2025\/01\/Autorola_Solutions_Logo_Left_Screen_RGB.svg","contentUrl":"https:\/\/autorolasolutions.com\/wp-content\/uploads\/2025\/01\/Autorola_Solutions_Logo_Left_Screen_RGB.svg","width":143,"height":44,"caption":"Autorola Solutions"},"image":{"@id":"https:\/\/autorolasolutions.com\/#\/schema\/logo\/image\/"},"sameAs":["https:\/\/www.linkedin.com\/company\/autorolasolutions\/"]}]}},"_links":{"self":[{"href":"https:\/\/autorolasolutions.com\/de\/wp-json\/wp\/v2\/pages\/107","targetHints":{"allow":["GET"]}}],"collection":[{"href":"https:\/\/autorolasolutions.com\/de\/wp-json\/wp\/v2\/pages"}],"about":[{"href":"https:\/\/autorolasolutions.com\/de\/wp-json\/wp\/v2\/types\/page"}],"author":[{"embeddable":true,"href":"https:\/\/autorolasolutions.com\/de\/wp-json\/wp\/v2\/users\/2"}],"replies":[{"embeddable":true,"href":"https:\/\/autorolasolutions.com\/de\/wp-json\/wp\/v2\/comments?post=107"}],"version-history":[{"count":49,"href":"https:\/\/autorolasolutions.com\/de\/wp-json\/wp\/v2\/pages\/107\/revisions"}],"predecessor-version":[{"id":54702,"href":"https:\/\/autorolasolutions.com\/de\/wp-json\/wp\/v2\/pages\/107\/revisions\/54702"}],"up":[{"embeddable":true,"href":"https:\/\/autorolasolutions.com\/de\/wp-json\/wp\/v2\/pages\/91"}],"wp:attachment":[{"href":"https:\/\/autorolasolutions.com\/de\/wp-json\/wp\/v2\/media?parent=107"}],"curies":[{"name":"wp","href":"https:\/\/api.w.org\/{rel}","templated":true}]}}