{"id":115,"date":"2021-08-12T11:15:47","date_gmt":"2021-08-12T09:15:47","guid":{"rendered":"https:\/\/autorolasolutions.com.w01c3acb.kasserver.com\/?page_id=115"},"modified":"2025-01-31T08:23:21","modified_gmt":"2025-01-31T07:23:21","slug":"revisionssicherheit-herstellen","status":"publish","type":"page","link":"https:\/\/autorolasolutions.com\/de\/solutions\/nach-herausforderung\/revisionssicherheit-herstellen\/","title":{"rendered":"Revisionssicherheit herstellen"},"content":{"rendered":"\t\t<div data-elementor-type=\"wp-page\" data-elementor-id=\"115\" class=\"elementor elementor-115\" data-elementor-post-type=\"page\">\n\t\t\t\t\t\t<section class=\"elementor-section elementor-top-section elementor-element elementor-element-0b9e96b elementor-section-boxed elementor-section-height-default elementor-section-height-default\" data-id=\"0b9e96b\" data-element_type=\"section\" data-e-type=\"section\">\n\t\t\t\t\t\t<div class=\"elementor-container elementor-column-gap-default\">\n\t\t\t\t\t<div class=\"elementor-column elementor-col-100 elementor-top-column elementor-element elementor-element-dda944b\" data-id=\"dda944b\" data-element_type=\"column\" data-e-type=\"column\">\n\t\t\t<div class=\"elementor-widget-wrap elementor-element-populated\">\n\t\t\t\t\t\t<div class=\"elementor-element elementor-element-30d72a6 elementor-widget elementor-widget-text-editor\" data-id=\"30d72a6\" data-element_type=\"widget\" data-e-type=\"widget\" data-widget_type=\"text-editor.default\">\n\t\t\t\t<div class=\"elementor-widget-container\">\n\t\t\t\t\t\t\t\t\t<h1>Revisionssicherheit herstellen<\/h1><h2>Wie schaffen Sie Revisionssicherheit f\u00fcr Ihre Prozesse?<\/h2><p>Bedingt durch die Zusammenarbeit mit vielen unterschiedlichen Kunden und Dienstleistern spielen Datentransparenz sowie vollst\u00e4ndige, unverf\u00e4lschte und \u00fcberpr\u00fcfbare Informationen zu allen rechtlichen Verfahren eine unabdingbare Rolle. Mit der digitalen Fahrzeugakte und dem unver\u00e4nderbaren System-Log innerhalb des Autorola Fleet Monitors haben Sie alle Daten zu jedem Ihrer Fahrzeuge auf einen Blick und in Echtzeit aktualisiert. Durch unser kundenindividuelles Rollen- und Rechtesystem k\u00f6nnen Zug\u00e4nge und Berechtigungen so vergeben werden, dass sowohl die Mandantenf\u00e4higkeit als auch die Einhaltung aller Vorgaben nach DSGVO stets gew\u00e4hrleistet sind.<\/p><ol><li><strong>Schaffen Sie Datentransparenz:<\/strong> Etablieren Sie Datentransparenz, indem Sie ein zentrales System wie den Fleet Monitor verwenden. Dies erm\u00f6glicht Echtzeit-Updates und den Zugriff auf alle Daten zu jedem Ihrer Fahrzeuge.<\/li><li><strong>Gew\u00e4hrleisten Sie Datenintegrit\u00e4t:<\/strong> Stellen Sie die Datenintegrit\u00e4t sicher, indem Sie ein unver\u00e4nderliches Systemprotokoll innerhalb Ihres Systems verwenden. Dies erm\u00f6glicht die Nachverfolgung von \u00c4nderungen und die Aufrechterhaltung einer klaren Pr\u00fcfspur.<\/li><li><strong>Verwenden Sie ein ma\u00dfgeschneidertes Rollen- und Rechtesystem:<\/strong> Gew\u00e4hrleisten Sie durch den Einsatz eines ma\u00dfgeschneiderten Rollen- und Rechtesystems, dass Zugriffe und Berechtigungen so vergeben werden, dass sowohl die Multi-Client-F\u00e4higkeit als auch die Einhaltung aller DSGVO-Anforderungen gew\u00e4hrleistet sind.<\/li><li><strong>F\u00fchren Sie regelm\u00e4\u00dfige Pr\u00fcfungen durch:<\/strong> F\u00fchren Sie regelm\u00e4\u00dfige Pr\u00fcfungen Ihrer Prozesse durch, um etwaige Schwachstellen oder potenzielle Risiken zu identifizieren. Dies kann Ihnen helfen, proaktive Ma\u00dfnahmen zu ergreifen, um potenzielle Probleme zu minimieren und die Einhaltung rechtlicher Anforderungen sicherzustellen.<\/li><li><strong>Implementieren Sie Sicherheitsma\u00dfnahmen:<\/strong> Setzen Sie Sicherheitsma\u00dfnahmen wie Zwei-Faktor-Authentifizierung, Verschl\u00fcsselung und Firewalls ein, um sicherzustellen, dass Ihre Daten sicher sind und vor unbefugtem Zugriff gesch\u00fctzt werden.<\/li><\/ol><p>Durch die Umsetzung dieser Strategien im Fleet Monitor k\u00f6nnen Sie Pr\u00fcfungssicherheit f\u00fcr Ihre Prozesse schaffen und sicherstellen, dass Ihre Daten transparent, sicher und rechtskonform bleiben.<\/p>\t\t\t\t\t\t\t\t<\/div>\n\t\t\t\t<\/div>\n\t\t\t\t\t<\/div>\n\t\t<\/div>\n\t\t\t\t\t<\/div>\n\t\t<\/section>\n\t\t\t\t<section class=\"elementor-section elementor-top-section elementor-element elementor-element-a6ded5b elementor-section-full_width elementor-section-height-default elementor-section-height-default\" data-id=\"a6ded5b\" data-element_type=\"section\" data-e-type=\"section\" data-settings=\"{&quot;background_background&quot;:&quot;classic&quot;}\">\n\t\t\t\t\t\t<div class=\"elementor-container elementor-column-gap-default\">\n\t\t\t\t\t<div class=\"elementor-column elementor-col-50 elementor-top-column elementor-element elementor-element-173691c\" data-id=\"173691c\" data-element_type=\"column\" data-e-type=\"column\">\n\t\t\t<div class=\"elementor-widget-wrap elementor-element-populated\">\n\t\t\t\t\t\t<div class=\"elementor-element elementor-element-62c4011 elementor-widget__width-initial elementor-widget elementor-widget-html\" data-id=\"62c4011\" data-element_type=\"widget\" data-e-type=\"widget\" data-widget_type=\"html.default\">\n\t\t\t\t<div class=\"elementor-widget-container\">\n\t\t\t\t\t<?xml version=\"1.0\" encoding=\"utf-8\"?>\n<!-- Generator: Adobe Illustrator 25.3.1, SVG Export Plug-In . SVG Version: 6.00 Build 0)  -->\n<svg class=\"kaeseecke\" version=\"1.1\" id=\"Ebene_2_1_\" xmlns=\"http:\/\/www.w3.org\/2000\/svg\" xmlns:xlink=\"http:\/\/www.w3.org\/1999\/xlink\" x=\"0px\" y=\"0px\"\n\t viewBox=\"0 0 960 960\" style=\"enable-background:new 0 0 960 960;\" xml:space=\"preserve\">\n<style type=\"text\/css\">\n\t.st0{fill:#9E9E9E;}\n<\/style>\n<polygon class=\"A st0\" points=\"209.4,778.6 445.3,492.9 80,431.6 \"\/>\n<g class=\"F\" id=\"Banken\">\n\t<defs>\n\t\t<polygon id=\"Banken_1_\" points=\"356.7,96.4 486.1,443.4 722,157.8 \t\t\"\/>\n\t<\/defs>\n\t<clipPath id=\"Banken_2_\">\n\t\t<use xlink:href=\"#Banken_1_\"  style=\"overflow:visible;\"\/>\n\t<\/clipPath>\n\t<g transform=\"matrix(1 0 0 1 1.525879e-05 0)\" style=\"clip-path:url(#Banken_2_);\">\n\t\t\n\t\t\t<image class=\"kaeseimage\" style=\"overflow:visible;\" width=\"1264\" height=\"843\" xlink:href=\"\/wp-content\/uploads\/2021\/09\/money-blau.png\"  transform=\"matrix(0.5459 0 0 0.5459 215 27.589)\">\n\t\t<\/image>\n\t<\/g>\n<\/g>\n<g class=\"C\" id=\"Haendler\">\n\t<defs>\n\t\t<polygon id=\"Haendler_1_\" points=\"514.7,467.1 880,528.4 750.6,181.4 \t\t\"\/>\n\t<\/defs>\n\t<clipPath id=\"Haendler_2_\">\n\t\t<use xlink:href=\"#Haendler_1_\"  style=\"overflow:visible;\"\/>\n\t<\/clipPath>\n\t<g transform=\"matrix(1 0 0 1 0 0)\" style=\"clip-path:url(#Haendler_2_);\">\n\t\t\n\t\t\t<image class=\"kaeseimage\" style=\"overflow:visible;\" width=\"2000\" height=\"953\" xlink:href=\"\/wp-content\/uploads\/2021\/09\/Shaking-hands-blau.png\"  transform=\"matrix(0.395 0 0 0.395 200.3094 156.043)\">\n\t\t<\/image>\n\t<\/g>\n<\/g>\n<g class=\"D\" id=\"Hersteller\">\n\t<defs>\n\t\t<polygon id=\"Hersteller_1_\" points=\"322,109.4 86.1,395 451.4,456.4 \t\t\"\/>\n\t<\/defs>\n\t<clipPath id=\"Hersteller_2_\">\n\t\t<use xlink:href=\"#Hersteller_1_\"  style=\"overflow:visible;\"\/>\n\t<\/clipPath>\n\t<g style=\"clip-path:url(#Hersteller_2_);\">\n\t\t\n\t\t\t<image class=\"kaeseimage\" style=\"overflow:visible;\" width=\"1070\" height=\"714\" xlink:href=\"\/wp-content\/uploads\/2021\/09\/Fahrzeugbau-blau.png\"  transform=\"matrix(0.5701 0 0 0.5701 32.1523 72.9533)\">\n\t\t<\/image>\n\t<\/g>\n<\/g>\n<g class=\"B\" id=\"Leasing\">\n\t<defs>\n\t\t<polygon id=\"Leasing_2_\" points=\"638,850.6 873.9,565 508.6,503.6 \t\t\"\/>\n\t<\/defs>\n\t<clipPath id=\"Leasing_1_\">\n\t\t<use xlink:href=\"#Leasing_2_\"  style=\"overflow:visible;\"\/>\n\t<\/clipPath>\n\t<g transform=\"matrix(1 2.980232e-08 -2.980232e-08 1 0 0)\" style=\"clip-path:url(#Leasing_1_);\">\n\t\t\n\t\t\t<image class=\"kaeseimage\" style=\"overflow:visible;\" width=\"1270\" height=\"714\" xlink:href=\"\/wp-content\/uploads\/2021\/09\/Parkplatz-blau.png\"  transform=\"matrix(0.9072 0.2335 -0.2335 0.9072 295.6266 390.6233)\">\n\t\t<\/image>\n\t<\/g>\n<\/g>\n<g class=\"E\" id=\"Logistikanbieter\">\n\t<defs>\n\t\t<polygon id=\"Logistikanbieter_1_\" points=\"473.9,516.6 238,802.2 603.3,863.6 \t\t\"\/>\n\t<\/defs>\n\t<clipPath id=\"Logistikanbieter_2_\">\n\t\t<use xlink:href=\"#Logistikanbieter_1_\"  style=\"overflow:visible;\"\/>\n\t<\/clipPath>\n\t<g transform=\"matrix(1 0 0 1 0 1.525879e-05)\" style=\"clip-path:url(#Logistikanbieter_2_);\">\n\t\t\n\t\t\t<image class=\"kaeseimage\" style=\"overflow:visible;\" width=\"1072\" height=\"714\" xlink:href=\"\/wp-content\/uploads\/2021\/09\/street-blau.png\"  transform=\"matrix(1.0858 0 0 1.0858 -295.8258 244.9563)\">\n\t\t<\/image>\n\t<\/g>\n<\/g>\n<\/svg>\n\t\t\t\t<\/div>\n\t\t\t\t<\/div>\n\t\t\t\t\t<\/div>\n\t\t<\/div>\n\t\t\t\t<div class=\"elementor-column elementor-col-50 elementor-top-column elementor-element elementor-element-966e7b0\" data-id=\"966e7b0\" data-element_type=\"column\" data-e-type=\"column\">\n\t\t\t<div class=\"elementor-widget-wrap elementor-element-populated\">\n\t\t\t\t\t\t<div class=\"elementor-element elementor-element-5f57b7c elementor-widget elementor-widget-text-editor\" data-id=\"5f57b7c\" data-element_type=\"widget\" data-e-type=\"widget\" data-widget_type=\"text-editor.default\">\n\t\t\t\t<div class=\"elementor-widget-container\">\n\t\t\t\t\t\t\t\t\t<h3>IHRE VORTEILE<\/h3>\t\t\t\t\t\t\t\t<\/div>\n\t\t\t\t<\/div>\n\t\t\t\t<div class=\"elementor-element elementor-element-68ca194 sub-solutions elementor-list-item-link-inline elementor-icon-list--layout-traditional elementor-widget elementor-widget-icon-list\" data-id=\"68ca194\" data-element_type=\"widget\" data-e-type=\"widget\" data-widget_type=\"icon-list.default\">\n\t\t\t\t<div class=\"elementor-widget-container\">\n\t\t\t\t\t\t\t<ul class=\"elementor-icon-list-items\">\n\t\t\t\t\t\t\t<li class=\"elementor-icon-list-item\">\n\t\t\t\t\t\t\t\t\t\t\t<a href=\"https:\/\/autorolasolutions.com\/de\/solutions\/nach-herausforderung\/standzeiten-reduzieren\/\" class=\"B C D F\">\n\n\t\t\t\t\t\t\t\t\t\t\t<span class=\"elementor-icon-list-text\">Standzeiten reduzieren<\/span>\n\t\t\t\t\t\t\t\t\t\t\t<\/a>\n\t\t\t\t\t\t\t\t\t<\/li>\n\t\t\t\t\t\t\t\t<li class=\"elementor-icon-list-item\">\n\t\t\t\t\t\t\t\t\t\t\t<a href=\"https:\/\/autorolasolutions.com\/de\/solutions\/nach-herausforderung\/prozesse-optimieren\/\" class=\"B C D E F\">\n\n\t\t\t\t\t\t\t\t\t\t\t<span class=\"elementor-icon-list-text\">Prozesse Optimieren<\/span>\n\t\t\t\t\t\t\t\t\t\t\t<\/a>\n\t\t\t\t\t\t\t\t\t<\/li>\n\t\t\t\t\t\t\t\t<li class=\"elementor-icon-list-item\">\n\t\t\t\t\t\t\t\t\t\t\t<a href=\"https:\/\/autorolasolutions.com\/de\/solutions\/nach-herausforderung\/systemlandschaft-digitalisieren\/\" class=\"C D E\">\n\n\t\t\t\t\t\t\t\t\t\t\t<span class=\"elementor-icon-list-text\">Systemlandschaft digitalisieren<\/span>\n\t\t\t\t\t\t\t\t\t\t\t<\/a>\n\t\t\t\t\t\t\t\t\t<\/li>\n\t\t\t\t\t\t\t\t<li class=\"elementor-icon-list-item\">\n\t\t\t\t\t\t\t\t\t\t\t<a href=\"https:\/\/autorolasolutions.com\/de\/solutions\/nach-herausforderung\/vertriebssteuerung-optimieren\/\" class=\"B C D E F\">\n\n\t\t\t\t\t\t\t\t\t\t\t<span class=\"elementor-icon-list-text\">Vertriebssteuerung optimieren<\/span>\n\t\t\t\t\t\t\t\t\t\t\t<\/a>\n\t\t\t\t\t\t\t\t\t<\/li>\n\t\t\t\t\t\t\t\t<li class=\"elementor-icon-list-item\">\n\t\t\t\t\t\t\t\t\t\t\t<a href=\"https:\/\/autorolasolutions.com\/de\/solutions\/nach-herausforderung\/dienstleister-steuern\/\" class=\"C D E\">\n\n\t\t\t\t\t\t\t\t\t\t\t<span class=\"elementor-icon-list-text\">Dienstleister steuern<\/span>\n\t\t\t\t\t\t\t\t\t\t\t<\/a>\n\t\t\t\t\t\t\t\t\t<\/li>\n\t\t\t\t\t\t\t\t<li class=\"elementor-icon-list-item\">\n\t\t\t\t\t\t\t\t\t\t\t<a href=\"https:\/\/autorolasolutions.com\/de\/solutions\/nach-herausforderung\/kosten-reduzieren\/\" class=\"B C D E F\">\n\n\t\t\t\t\t\t\t\t\t\t\t<span class=\"elementor-icon-list-text\">Kosten reduzieren<\/span>\n\t\t\t\t\t\t\t\t\t\t\t<\/a>\n\t\t\t\t\t\t\t\t\t<\/li>\n\t\t\t\t\t\t\t\t<li class=\"elementor-icon-list-item\">\n\t\t\t\t\t\t\t\t\t\t\t<a href=\"https:\/\/autorolasolutions.com\/de\/solutions\/nach-herausforderung\/revisionssicherheit-herstellen\/\">\n\n\t\t\t\t\t\t\t\t\t\t\t<span class=\"elementor-icon-list-text\">Revisionssicherheit herstellen<\/span>\n\t\t\t\t\t\t\t\t\t\t\t<\/a>\n\t\t\t\t\t\t\t\t\t<\/li>\n\t\t\t\t\t\t<\/ul>\n\t\t\t\t\t\t<\/div>\n\t\t\t\t<\/div>\n\t\t\t\t<div class=\"elementor-element elementor-element-4efe08f elementor-widget elementor-widget-button\" data-id=\"4efe08f\" data-element_type=\"widget\" data-e-type=\"widget\" data-widget_type=\"button.default\">\n\t\t\t\t<div class=\"elementor-widget-container\">\n\t\t\t\t\t\t\t\t\t<div class=\"elementor-button-wrapper\">\n\t\t\t\t\t<a class=\"elementor-button elementor-button-link elementor-size-sm elementor-animation-grow\" href=\"https:\/\/autorolasolutions.com\/de\/kontakt\/\">\n\t\t\t\t\t\t<span class=\"elementor-button-content-wrapper\">\n\t\t\t\t\t\t<span class=\"elementor-button-icon\">\n\t\t\t\t<i aria-hidden=\"true\" class=\"fas fa-arrow-right\"><\/i>\t\t\t<\/span>\n\t\t\t\t\t\t\t\t\t<span class=\"elementor-button-text\">Kontaktieren Sie uns<\/span>\n\t\t\t\t\t<\/span>\n\t\t\t\t\t<\/a>\n\t\t\t\t<\/div>\n\t\t\t\t\t\t\t\t<\/div>\n\t\t\t\t<\/div>\n\t\t\t\t\t<\/div>\n\t\t<\/div>\n\t\t\t\t\t<\/div>\n\t\t<\/section>\n\t\t\t\t<\/div>\n\t\t","protected":false},"excerpt":{"rendered":"<p>Revisionssicherheit herstellen Wie schaffen Sie Revisionssicherheit f\u00fcr Ihre Prozesse? Bedingt durch die Zusammenarbeit mit vielen unterschiedlichen Kunden und Dienstleistern spielen Datentransparenz sowie vollst\u00e4ndige, unverf\u00e4lschte und \u00fcberpr\u00fcfbare Informationen zu allen rechtlichen Verfahren eine unabdingbare Rolle. Mit der digitalen Fahrzeugakte und dem unver\u00e4nderbaren System-Log innerhalb des Autorola Fleet Monitors haben Sie alle Daten zu jedem Ihrer Fahrzeuge [&hellip;]<\/p>\n","protected":false},"author":2,"featured_media":0,"parent":91,"menu_order":7,"comment_status":"closed","ping_status":"open","template":"","meta":{"_acf_changed":false,"inline_featured_image":false,"site-sidebar-layout":"no-sidebar","site-content-layout":"default","ast-site-content-layout":"default","site-content-style":"default","site-sidebar-style":"default","ast-global-header-display":"","ast-banner-title-visibility":"","ast-main-header-display":"","ast-hfb-above-header-display":"","ast-hfb-below-header-display":"","ast-hfb-mobile-header-display":"","site-post-title":"disabled","ast-breadcrumbs-content":"","ast-featured-img":"disabled","footer-sml-layout":"","theme-transparent-header-meta":"default","adv-header-id-meta":"","stick-header-meta":"default","header-above-stick-meta":"","header-main-stick-meta":"","header-below-stick-meta":"","astra-migrate-meta-layouts":"default","ast-page-background-enabled":"default","ast-page-background-meta":{"desktop":{"background-color":"","background-image":"","background-repeat":"repeat","background-position":"center center","background-size":"auto","background-attachment":"scroll","background-type":"","background-media":"","overlay-type":"","overlay-color":"","overlay-opacity":"","overlay-gradient":""},"tablet":{"background-color":"","background-image":"","background-repeat":"repeat","background-position":"center center","background-size":"auto","background-attachment":"scroll","background-type":"","background-media":"","overlay-type":"","overlay-color":"","overlay-opacity":"","overlay-gradient":""},"mobile":{"background-color":"","background-image":"","background-repeat":"repeat","background-position":"center center","background-size":"auto","background-attachment":"scroll","background-type":"","background-media":"","overlay-type":"","overlay-color":"","overlay-opacity":"","overlay-gradient":""}},"ast-content-background-meta":{"desktop":{"background-color":"var(--ast-global-color-5)","background-image":"","background-repeat":"repeat","background-position":"center center","background-size":"auto","background-attachment":"scroll","background-type":"","background-media":"","overlay-type":"","overlay-color":"","overlay-opacity":"","overlay-gradient":""},"tablet":{"background-color":"var(--ast-global-color-5)","background-image":"","background-repeat":"repeat","background-position":"center center","background-size":"auto","background-attachment":"scroll","background-type":"","background-media":"","overlay-type":"","overlay-color":"","overlay-opacity":"","overlay-gradient":""},"mobile":{"background-color":"var(--ast-global-color-5)","background-image":"","background-repeat":"repeat","background-position":"center center","background-size":"auto","background-attachment":"scroll","background-type":"","background-media":"","overlay-type":"","overlay-color":"","overlay-opacity":"","overlay-gradient":""}},"footnotes":""},"class_list":["post-115","page","type-page","status-publish","hentry"],"acf":[],"yoast_head":"<!-- This site is optimized with the Yoast SEO plugin v27.0 - https:\/\/yoast.com\/product\/yoast-seo-wordpress\/ -->\n<title>Revisionssicherheit herstellen | Compliance-L\u00f6sungen f\u00fcr die Automobilbranche<\/title>\n<meta name=\"description\" content=\"Sorgen Sie mit unseren L\u00f6sungen f\u00fcr Revisionssicherheit und Compliance in der Automobilbranche vor. Bewahren Sie Transparenz und erf\u00fcllen Sie gesetzliche Anforderungen.\" \/>\n<meta name=\"robots\" content=\"index, follow, max-snippet:-1, max-image-preview:large, max-video-preview:-1\" \/>\n<link rel=\"canonical\" href=\"https:\/\/autorolasolutions.com\/uk\/solutions\/business-values\/establish-auditing-acceptability\/\" \/>\n<meta property=\"og:locale\" content=\"de_DE\" \/>\n<meta property=\"og:type\" content=\"article\" \/>\n<meta property=\"og:title\" content=\"Revisionssicherheit herstellen | Compliance-L\u00f6sungen f\u00fcr die Automobilbranche\" \/>\n<meta property=\"og:description\" content=\"Sorgen Sie mit unseren L\u00f6sungen f\u00fcr Revisionssicherheit und Compliance in der Automobilbranche vor. Bewahren Sie Transparenz und erf\u00fcllen Sie gesetzliche Anforderungen.\" \/>\n<meta property=\"og:url\" content=\"https:\/\/autorolasolutions.com\/uk\/solutions\/business-values\/establish-auditing-acceptability\/\" \/>\n<meta property=\"og:site_name\" content=\"Autorola Solutions\" \/>\n<meta property=\"article:modified_time\" content=\"2025-01-31T07:23:21+00:00\" \/>\n<meta name=\"twitter:card\" content=\"summary_large_image\" \/>\n<meta name=\"twitter:label1\" content=\"Gesch\u00e4tzte Lesezeit\" \/>\n\t<meta name=\"twitter:data1\" content=\"2\u00a0Minuten\" \/>\n<script type=\"application\/ld+json\" class=\"yoast-schema-graph\">{\"@context\":\"https:\/\/schema.org\",\"@graph\":[{\"@type\":\"WebPage\",\"@id\":\"https:\/\/autorolasolutions.com\/uk\/solutions\/business-values\/establish-auditing-acceptability\/\",\"url\":\"https:\/\/autorolasolutions.com\/uk\/solutions\/business-values\/establish-auditing-acceptability\/\",\"name\":\"Revisionssicherheit herstellen | Compliance-L\u00f6sungen f\u00fcr die Automobilbranche\",\"isPartOf\":{\"@id\":\"https:\/\/autorolasolutions.com\/#website\"},\"datePublished\":\"2021-08-12T09:15:47+00:00\",\"dateModified\":\"2025-01-31T07:23:21+00:00\",\"description\":\"Sorgen Sie mit unseren L\u00f6sungen f\u00fcr Revisionssicherheit und Compliance in der Automobilbranche vor. Bewahren Sie Transparenz und erf\u00fcllen Sie gesetzliche Anforderungen.\",\"breadcrumb\":{\"@id\":\"https:\/\/autorolasolutions.com\/uk\/solutions\/business-values\/establish-auditing-acceptability\/#breadcrumb\"},\"inLanguage\":\"de\",\"potentialAction\":[{\"@type\":\"ReadAction\",\"target\":[\"https:\/\/autorolasolutions.com\/uk\/solutions\/business-values\/establish-auditing-acceptability\/\"]}]},{\"@type\":\"BreadcrumbList\",\"@id\":\"https:\/\/autorolasolutions.com\/uk\/solutions\/business-values\/establish-auditing-acceptability\/#breadcrumb\",\"itemListElement\":[{\"@type\":\"ListItem\",\"position\":1,\"name\":\"Home\",\"item\":\"https:\/\/autorolasolutions.com\/uk\/\"},{\"@type\":\"ListItem\",\"position\":2,\"name\":\"Solutions\",\"item\":\"https:\/\/autorolasolutions.com\/uk\/solutions\/\"},{\"@type\":\"ListItem\",\"position\":3,\"name\":\"Nach Herausforderung\",\"item\":\"https:\/\/autorolasolutions.com\/uk\/solutions\/business-values\/\"},{\"@type\":\"ListItem\",\"position\":4,\"name\":\"Revisionssicherheit herstellen\"}]},{\"@type\":\"WebSite\",\"@id\":\"https:\/\/autorolasolutions.com\/#website\",\"url\":\"https:\/\/autorolasolutions.com\/\",\"name\":\"Autorola Solutions\",\"description\":\"\",\"publisher\":{\"@id\":\"https:\/\/autorolasolutions.com\/#organization\"},\"potentialAction\":[{\"@type\":\"SearchAction\",\"target\":{\"@type\":\"EntryPoint\",\"urlTemplate\":\"https:\/\/autorolasolutions.com\/?s={search_term_string}\"},\"query-input\":{\"@type\":\"PropertyValueSpecification\",\"valueRequired\":true,\"valueName\":\"search_term_string\"}}],\"inLanguage\":\"de\"},{\"@type\":\"Organization\",\"@id\":\"https:\/\/autorolasolutions.com\/#organization\",\"name\":\"Autorola Solutions\",\"url\":\"https:\/\/autorolasolutions.com\/\",\"logo\":{\"@type\":\"ImageObject\",\"inLanguage\":\"de\",\"@id\":\"https:\/\/autorolasolutions.com\/#\/schema\/logo\/image\/\",\"url\":\"https:\/\/autorolasolutions.com\/wp-content\/uploads\/2025\/01\/Autorola_Solutions_Logo_Left_Screen_RGB.svg\",\"contentUrl\":\"https:\/\/autorolasolutions.com\/wp-content\/uploads\/2025\/01\/Autorola_Solutions_Logo_Left_Screen_RGB.svg\",\"width\":143,\"height\":44,\"caption\":\"Autorola Solutions\"},\"image\":{\"@id\":\"https:\/\/autorolasolutions.com\/#\/schema\/logo\/image\/\"},\"sameAs\":[\"https:\/\/www.linkedin.com\/company\/autorolasolutions\/\"]}]}<\/script>\n<!-- \/ Yoast SEO plugin. -->","yoast_head_json":{"title":"Revisionssicherheit herstellen | Compliance-L\u00f6sungen f\u00fcr die Automobilbranche","description":"Sorgen Sie mit unseren L\u00f6sungen f\u00fcr Revisionssicherheit und Compliance in der Automobilbranche vor. Bewahren Sie Transparenz und erf\u00fcllen Sie gesetzliche Anforderungen.","robots":{"index":"index","follow":"follow","max-snippet":"max-snippet:-1","max-image-preview":"max-image-preview:large","max-video-preview":"max-video-preview:-1"},"canonical":"https:\/\/autorolasolutions.com\/uk\/solutions\/business-values\/establish-auditing-acceptability\/","og_locale":"de_DE","og_type":"article","og_title":"Revisionssicherheit herstellen | Compliance-L\u00f6sungen f\u00fcr die Automobilbranche","og_description":"Sorgen Sie mit unseren L\u00f6sungen f\u00fcr Revisionssicherheit und Compliance in der Automobilbranche vor. Bewahren Sie Transparenz und erf\u00fcllen Sie gesetzliche Anforderungen.","og_url":"https:\/\/autorolasolutions.com\/uk\/solutions\/business-values\/establish-auditing-acceptability\/","og_site_name":"Autorola Solutions","article_modified_time":"2025-01-31T07:23:21+00:00","twitter_card":"summary_large_image","twitter_misc":{"Gesch\u00e4tzte Lesezeit":"2\u00a0Minuten"},"schema":{"@context":"https:\/\/schema.org","@graph":[{"@type":"WebPage","@id":"https:\/\/autorolasolutions.com\/uk\/solutions\/business-values\/establish-auditing-acceptability\/","url":"https:\/\/autorolasolutions.com\/uk\/solutions\/business-values\/establish-auditing-acceptability\/","name":"Revisionssicherheit herstellen | Compliance-L\u00f6sungen f\u00fcr die Automobilbranche","isPartOf":{"@id":"https:\/\/autorolasolutions.com\/#website"},"datePublished":"2021-08-12T09:15:47+00:00","dateModified":"2025-01-31T07:23:21+00:00","description":"Sorgen Sie mit unseren L\u00f6sungen f\u00fcr Revisionssicherheit und Compliance in der Automobilbranche vor. Bewahren Sie Transparenz und erf\u00fcllen Sie gesetzliche Anforderungen.","breadcrumb":{"@id":"https:\/\/autorolasolutions.com\/uk\/solutions\/business-values\/establish-auditing-acceptability\/#breadcrumb"},"inLanguage":"de","potentialAction":[{"@type":"ReadAction","target":["https:\/\/autorolasolutions.com\/uk\/solutions\/business-values\/establish-auditing-acceptability\/"]}]},{"@type":"BreadcrumbList","@id":"https:\/\/autorolasolutions.com\/uk\/solutions\/business-values\/establish-auditing-acceptability\/#breadcrumb","itemListElement":[{"@type":"ListItem","position":1,"name":"Home","item":"https:\/\/autorolasolutions.com\/uk\/"},{"@type":"ListItem","position":2,"name":"Solutions","item":"https:\/\/autorolasolutions.com\/uk\/solutions\/"},{"@type":"ListItem","position":3,"name":"Nach Herausforderung","item":"https:\/\/autorolasolutions.com\/uk\/solutions\/business-values\/"},{"@type":"ListItem","position":4,"name":"Revisionssicherheit herstellen"}]},{"@type":"WebSite","@id":"https:\/\/autorolasolutions.com\/#website","url":"https:\/\/autorolasolutions.com\/","name":"Autorola Solutions","description":"","publisher":{"@id":"https:\/\/autorolasolutions.com\/#organization"},"potentialAction":[{"@type":"SearchAction","target":{"@type":"EntryPoint","urlTemplate":"https:\/\/autorolasolutions.com\/?s={search_term_string}"},"query-input":{"@type":"PropertyValueSpecification","valueRequired":true,"valueName":"search_term_string"}}],"inLanguage":"de"},{"@type":"Organization","@id":"https:\/\/autorolasolutions.com\/#organization","name":"Autorola Solutions","url":"https:\/\/autorolasolutions.com\/","logo":{"@type":"ImageObject","inLanguage":"de","@id":"https:\/\/autorolasolutions.com\/#\/schema\/logo\/image\/","url":"https:\/\/autorolasolutions.com\/wp-content\/uploads\/2025\/01\/Autorola_Solutions_Logo_Left_Screen_RGB.svg","contentUrl":"https:\/\/autorolasolutions.com\/wp-content\/uploads\/2025\/01\/Autorola_Solutions_Logo_Left_Screen_RGB.svg","width":143,"height":44,"caption":"Autorola Solutions"},"image":{"@id":"https:\/\/autorolasolutions.com\/#\/schema\/logo\/image\/"},"sameAs":["https:\/\/www.linkedin.com\/company\/autorolasolutions\/"]}]}},"_links":{"self":[{"href":"https:\/\/autorolasolutions.com\/de\/wp-json\/wp\/v2\/pages\/115","targetHints":{"allow":["GET"]}}],"collection":[{"href":"https:\/\/autorolasolutions.com\/de\/wp-json\/wp\/v2\/pages"}],"about":[{"href":"https:\/\/autorolasolutions.com\/de\/wp-json\/wp\/v2\/types\/page"}],"author":[{"embeddable":true,"href":"https:\/\/autorolasolutions.com\/de\/wp-json\/wp\/v2\/users\/2"}],"replies":[{"embeddable":true,"href":"https:\/\/autorolasolutions.com\/de\/wp-json\/wp\/v2\/comments?post=115"}],"version-history":[{"count":67,"href":"https:\/\/autorolasolutions.com\/de\/wp-json\/wp\/v2\/pages\/115\/revisions"}],"predecessor-version":[{"id":54732,"href":"https:\/\/autorolasolutions.com\/de\/wp-json\/wp\/v2\/pages\/115\/revisions\/54732"}],"up":[{"embeddable":true,"href":"https:\/\/autorolasolutions.com\/de\/wp-json\/wp\/v2\/pages\/91"}],"wp:attachment":[{"href":"https:\/\/autorolasolutions.com\/de\/wp-json\/wp\/v2\/media?parent=115"}],"curies":[{"name":"wp","href":"https:\/\/api.w.org\/{rel}","templated":true}]}}