{"id":15334,"date":"2023-11-15T11:37:06","date_gmt":"2023-11-15T10:37:06","guid":{"rendered":"https:\/\/autorolasolutions.com\/?page_id=15334"},"modified":"2024-04-03T14:35:08","modified_gmt":"2024-04-03T12:35:08","slug":"cookies","status":"publish","type":"page","link":"https:\/\/autorolasolutions.com\/de\/cookies\/","title":{"rendered":"Cookies"},"content":{"rendered":"\t\t<div data-elementor-type=\"wp-page\" data-elementor-id=\"15334\" class=\"elementor elementor-15334\" data-elementor-post-type=\"page\">\n\t\t\t\t\t\t<section class=\"elementor-section elementor-top-section elementor-element elementor-element-ae62798 elementor-section-boxed elementor-section-height-default elementor-section-height-default\" data-id=\"ae62798\" data-element_type=\"section\" data-e-type=\"section\">\n\t\t\t\t\t\t<div class=\"elementor-container elementor-column-gap-default\">\n\t\t\t\t\t<div class=\"elementor-column elementor-col-100 elementor-top-column elementor-element elementor-element-a94b853\" data-id=\"a94b853\" data-element_type=\"column\" data-e-type=\"column\">\n\t\t\t<div class=\"elementor-widget-wrap elementor-element-populated\">\n\t\t\t\t\t\t<div class=\"elementor-element elementor-element-4087cfd elementor-widget elementor-widget-text-editor\" data-id=\"4087cfd\" data-element_type=\"widget\" data-e-type=\"widget\" data-widget_type=\"text-editor.default\">\n\t\t\t\t<div class=\"elementor-widget-container\">\n\t\t\t\t\t\t\t\t\t<h1 id=\"Cookies\" data-renderer-start-pos=\"1\">Cookies<\/h1><p data-renderer-start-pos=\"10\">Dieses Dokument informiert Sie dar\u00fcber, wie und warum wir Cookies verwenden. Wir werden Ihnen auch mitteilen, welche Cookies wir verwenden, sowie einige Informationen \u00fcber Dritte geben, die ebenfalls Cookies auf unserer Website platzieren.<\/p><h3 data-renderer-start-pos=\"251\">\u00a0<\/h3><h1 id=\"Kurzfassung\" data-renderer-start-pos=\"251\">Kurzfassung<\/h1><p data-renderer-start-pos=\"264\">Dieses Dokument gilt f\u00fcr:<\/p><ul class=\"ak-ul\" data-indent-level=\"1\"><li><p data-renderer-start-pos=\"293\">Besucher der Website<\/p><\/li><\/ul><p data-renderer-start-pos=\"319\">Dieses Dokument umfasst:<\/p><ul class=\"ak-ul\" data-indent-level=\"1\"><li><p data-renderer-start-pos=\"373\">Was ist ein Cookie?<\/p><ul class=\"ak-ul\" data-indent-level=\"2\"><li><p data-renderer-start-pos=\"396\">Arten von Cookies<\/p><\/li><\/ul><\/li><li><p data-renderer-start-pos=\"419\">Welche Cookies verwenden wir?<\/p><ul class=\"ak-ul\" data-indent-level=\"2\"><li><p data-renderer-start-pos=\"452\">Notwendige Cookies<\/p><\/li><li><p data-renderer-start-pos=\"474\">Analytische Cookies<\/p><\/li><li><p data-renderer-start-pos=\"497\">Marketing-Cookies<\/p><\/li><li><p data-renderer-start-pos=\"518\">Cookies zur Personalisierung<\/p><\/li><\/ul><\/li><li><p data-renderer-start-pos=\"552\">Wie verwenden wir Cookies?<\/p><\/li><li><p data-renderer-start-pos=\"582\">So blockieren Sie Cookies<\/p><\/li><li><p data-renderer-start-pos=\"611\">Widerruf einer erteilten Einwilligung<\/p><\/li><li><p data-renderer-start-pos=\"652\">Liste der Cookies<\/p><\/li><li><p data-renderer-start-pos=\"673\">Kontakt<\/p><\/li><\/ul><h1 id=\"Was-ist-ein-Cookie?\" data-renderer-start-pos=\"686\">Was ist ein Cookie?<\/h1><p data-renderer-start-pos=\"707\">Cookies sind kleine Textdateien, die auf Ihrem Ger\u00e4t gespeichert werden und die es uns erm\u00f6glichen, Ihr Erlebnis besser und effizienter zu gestalten. Sie erm\u00f6glichen es uns, Ihr Ger\u00e4t und Ihren Browser zu erkennen und Informationen zu speichern, die f\u00fcr die Verbesserung unserer Dienstleistungen wichtig sind.<\/p><h3 data-renderer-start-pos=\"1018\">\u00a0<\/h3><h2 id=\"Arten-von-Cookies\" data-renderer-start-pos=\"1018\"><strong>Arten von Cookies<\/strong><\/h2><p data-renderer-start-pos=\"1041\"><strong data-renderer-mark=\"true\">Sitzungscookies und dauerhafte Cookies<\/strong><\/p><ul class=\"ak-ul\" data-indent-level=\"2\"><li><p data-renderer-start-pos=\"1083\">Sitzungscookies werden w\u00e4hrend Ihres Besuchs auf der Website vor\u00fcbergehend im Speicher Ihrer Ger\u00e4te gespeichert und gel\u00f6scht, sobald Sie Ihren Browser schlie\u00dfen.<\/p><\/li><li><p data-renderer-start-pos=\"1248\">Dauerhafte Cookies werden f\u00fcr eine bestimmte Zeitdauer gespeichert, die von Cookie zu Cookie variiert. Ein dauerhafter Cookie besteht l\u00e4nger als die Sitzungscookies, l\u00e4uft aber auch nach einer gewissen Zeit ab. Diese Cookies helfen uns zu verstehen, ob Sie in der Vergangenheit unsere Website oder \u00e4hnliche Websites besucht haben.<\/p><\/li><\/ul><p data-renderer-start-pos=\"1584\"><strong data-renderer-mark=\"true\">Erstanbieter- und Drittanbieter-Cookies<\/strong><\/p><ul><li style=\"list-style-type: none;\"><ul class=\"ak-ul\" data-indent-level=\"2\"><li><p data-renderer-start-pos=\"1627\">Erstanbieter-Cookies werden direkt von der Website oder von einer der Subdomains der Website gesetzt.<\/p><\/li><li><p data-renderer-start-pos=\"1732\">Drittanbieter-Cookies werden von Websites gesetzt, die nicht von uns verwaltet werden, wie z. B. unseren Unterauftragsverarbeitern oder anderen Technologiepartnern.<\/p><\/li><\/ul><\/li><\/ul><h1 id=\"Welche-Cookies-verwenden-wir?\" data-renderer-start-pos=\"1904\">Welche Cookies verwenden wir?<\/h1><h2 id=\"Notwendige-Cookies\" data-renderer-start-pos=\"1937\"><strong>Notwendige Cookies<\/strong><\/h2><p data-renderer-start-pos=\"1957\">Wir speichern Cookies auf Ihrem Ger\u00e4t, wenn sie notwendig sind, damit wir unsere Dienstleistungen anbieten und bereitstellen k\u00f6nnen. Sie werden auch ben\u00f6tigt, damit Sie durch die Website und Webanwendung navigieren und von allen verf\u00fcgbaren Funktionen profitieren k\u00f6nnen. Diese Cookies k\u00f6nnen nicht ausgeschaltet werden und werden f\u00fcr sehr grundlegende Optionen auf der Website gesetzt, wie z. B. Anmeldung, Formulare und Einstellungen wie Zeitzone oder Sprachen.<\/p><h2 data-renderer-start-pos=\"2422\">\u00a0<\/h2><h2 id=\"Analytische-Cookies\" data-renderer-start-pos=\"2422\"><strong>Analytische Cookies<\/strong><\/h2><p data-renderer-start-pos=\"2443\">Diese Cookies werden platziert, um uns dabei zu helfen zu verstehen, wie Sie die verf\u00fcgbaren Optionen auf der Website nutzen, welche Teile Sie am meisten nutzen und wie Sie mit unseren Dienstleistungen interagieren. Dies hilft uns, Statistiken \u00fcber die Nutzung und die Zeit zu erstellen, die Sie auf der Website verbringen. Diese Statistiken werden uns letztendlich dabei helfen, unsere Website und die von uns angebotenen Dienstleistungen zu verbessern.<\/p><h2 data-renderer-start-pos=\"2899\">\u00a0<\/h2><h2 id=\"Marketing-Cookies\" data-renderer-start-pos=\"2899\"><strong>Marketing-Cookies<\/strong><\/h2><p data-renderer-start-pos=\"2918\">Diese Cookies werden verwendet, um Ihnen Werbung bereitzustellen, die f\u00fcr Sie relevant oder interessant sein kann, wenn Sie im Internet surfen. Sie werden meist von Dritten platziert, wenn Sie mit ihren Inhalten auf unserer Website interagieren.<\/p><h2 data-renderer-start-pos=\"3165\">\u00a0<\/h2><h2 id=\"Cookies-zur-Personalisierung\" data-renderer-start-pos=\"3165\"><strong>Cookies zur Personalisierung<\/strong><\/h2><p data-renderer-start-pos=\"3195\">Diese Cookies werden platziert, um uns zu helfen, Ihnen eine bessere Funktionalit\u00e4t der Website und unserer Dienste zu bieten und sie f\u00fcr Sie pers\u00f6nlicher zu gestalten. Sie k\u00f6nnen diese Cookies blockieren, beachten Sie bitte jedoch, dass Teile der Website dann nicht so funktionieren, wie wir es beabsichtigt haben.<\/p><h3 data-renderer-start-pos=\"3512\">\u00a0<\/h3><h1 id=\"Wie-verwenden-wir-Cookies?\" data-renderer-start-pos=\"3512\">Wie verwenden wir Cookies?<\/h1><p data-renderer-start-pos=\"3540\">Wir erheben Daten mithilfe der beschriebenen Cookies, um den Datenverkehr auf unserer Website zu messen, Ihr Verhalten zu verstehen, um das Benutzererlebnis zu optimieren sowie den Inhalt auf den Websites zu personalisieren und relevante Werbung bereitzustellen, an der Sie interessiert sein k\u00f6nnten. Wir verwenden die erhobenen Daten auch f\u00fcr die Entwicklung unserer Websites.<\/p><h3 data-renderer-start-pos=\"3919\">\u00a0<\/h3><h2 id=\"So-blockieren-Sie-Cookies\" data-renderer-start-pos=\"3919\"><strong>So blockieren Sie Cookies<\/strong><\/h2><p data-renderer-start-pos=\"3946\">Sie k\u00f6nnen die Platzierung von Cookies und anderen Tracking-Technologien, wie Pixel-Tags, stoppen oder einschr\u00e4nken. Dazu blockieren Sie sie auf Ihrem Ger\u00e4t oder l\u00f6schen sie und passen die Einstellungen in Ihrem Browser an. Dies kann von Ger\u00e4t zu Ger\u00e4t und von Browser zu Browser variieren.<\/p><p data-renderer-start-pos=\"4238\">Sobald Sie Cookies in Ihrem Browser korrekt blockieren, k\u00f6nnen Teile der Website f\u00fcr Sie nicht mehr verf\u00fcgbar sein oder anderweitig nicht ordnungsgem\u00e4\u00df funktionieren.<\/p><h3 data-renderer-start-pos=\"4406\">\u00a0<\/h3><h2 id=\"Widerruf-einer-erteilten-Einwilligung\" data-renderer-start-pos=\"4406\"><strong>Widerruf einer erteilten Einwilligung<\/strong><\/h2><p data-renderer-start-pos=\"4445\">Um eine von Ihnen erteilte Einwilligung zu widerrufen, k\u00f6nnen Sie auf das kleine Cookie-Symbol unten auf den Websites klicken und einfach die Position der Einwilligungsschaltfl\u00e4che \u00e4ndern und auf \u201eSpeichern\u201c klicken.<\/p><h3 data-renderer-start-pos=\"4663\">\u00a0<\/h3><h2 id=\"Liste-der-Cookies\" data-renderer-start-pos=\"4663\"><strong>Liste der Cookies<\/strong><\/h2><p data-renderer-start-pos=\"4682\">Die Liste der von Autorola verwendeten Cookies finden Sie im Feld \u201eCookie-Einwilligung\u201c unter den einzelnen Cookie-Kategorien.<\/p><h3 data-renderer-start-pos=\"4810\">\u00a0<\/h3><h1 id=\"Kontakt\" data-renderer-start-pos=\"4810\">Kontakt<\/h1><p data-renderer-start-pos=\"4819\">Wenn Sie Fragen zu diesem Dokument haben, wenden Sie sich bitte an uns.<\/p><p data-renderer-start-pos=\"4892\">Autorola A\/S<br \/>Skibhusvej 52A<br \/>DK-5000 Odense C<br \/>Denmark<\/p><p data-renderer-start-pos=\"4946\">Tel: +45 70 20 16 61<br \/>E-mail:<a class=\"confluence-ssr-app-tgpl01\" title=\"mailto:gdpr@autorola.com\" href=\"mailto:gdpr@autorola.com\" data-testid=\"link-with-safety\" data-renderer-mark=\"true\">gdpr@autorola.com<\/a><\/p><p data-renderer-start-pos=\"4946\">\u00a0<\/p>\t\t\t\t\t\t\t\t<\/div>\n\t\t\t\t<\/div>\n\t\t\t\t\t<\/div>\n\t\t<\/div>\n\t\t\t\t\t<\/div>\n\t\t<\/section>\n\t\t\t\t<\/div>\n\t\t","protected":false},"excerpt":{"rendered":"<p>Cookies Dieses Dokument informiert Sie dar\u00fcber, wie und warum wir Cookies verwenden. Wir werden Ihnen auch mitteilen, welche Cookies wir verwenden, sowie einige Informationen \u00fcber Dritte geben, die ebenfalls Cookies auf unserer Website platzieren. \u00a0 Kurzfassung Dieses Dokument gilt f\u00fcr: Besucher der Website Dieses Dokument umfasst: Was ist ein Cookie? Arten von Cookies Welche Cookies [&hellip;]<\/p>\n","protected":false},"author":12,"featured_media":0,"parent":0,"menu_order":30,"comment_status":"closed","ping_status":"closed","template":"","meta":{"_acf_changed":false,"inline_featured_image":false,"site-sidebar-layout":"no-sidebar","site-content-layout":"page-builder","ast-site-content-layout":"default","site-content-style":"default","site-sidebar-style":"default","ast-global-header-display":"","ast-banner-title-visibility":"","ast-main-header-display":"","ast-hfb-above-header-display":"","ast-hfb-below-header-display":"","ast-hfb-mobile-header-display":"","site-post-title":"disabled","ast-breadcrumbs-content":"","ast-featured-img":"disabled","footer-sml-layout":"","theme-transparent-header-meta":"","adv-header-id-meta":"","stick-header-meta":"","header-above-stick-meta":"","header-main-stick-meta":"","header-below-stick-meta":"","astra-migrate-meta-layouts":"default","ast-page-background-enabled":"default","ast-page-background-meta":{"desktop":{"background-color":"","background-image":"","background-repeat":"repeat","background-position":"center center","background-size":"auto","background-attachment":"scroll","background-type":"","background-media":"","overlay-type":"","overlay-color":"","overlay-opacity":"","overlay-gradient":""},"tablet":{"background-color":"","background-image":"","background-repeat":"repeat","background-position":"center center","background-size":"auto","background-attachment":"scroll","background-type":"","background-media":"","overlay-type":"","overlay-color":"","overlay-opacity":"","overlay-gradient":""},"mobile":{"background-color":"","background-image":"","background-repeat":"repeat","background-position":"center center","background-size":"auto","background-attachment":"scroll","background-type":"","background-media":"","overlay-type":"","overlay-color":"","overlay-opacity":"","overlay-gradient":""}},"ast-content-background-meta":{"desktop":{"background-color":"var(--ast-global-color-5)","background-image":"","background-repeat":"repeat","background-position":"center center","background-size":"auto","background-attachment":"scroll","background-type":"","background-media":"","overlay-type":"","overlay-color":"","overlay-opacity":"","overlay-gradient":""},"tablet":{"background-color":"var(--ast-global-color-5)","background-image":"","background-repeat":"repeat","background-position":"center center","background-size":"auto","background-attachment":"scroll","background-type":"","background-media":"","overlay-type":"","overlay-color":"","overlay-opacity":"","overlay-gradient":""},"mobile":{"background-color":"var(--ast-global-color-5)","background-image":"","background-repeat":"repeat","background-position":"center center","background-size":"auto","background-attachment":"scroll","background-type":"","background-media":"","overlay-type":"","overlay-color":"","overlay-opacity":"","overlay-gradient":""}},"footnotes":""},"class_list":["post-15334","page","type-page","status-publish","hentry"],"acf":[],"yoast_head":"<!-- This site is optimized with the Yoast SEO plugin v27.0 - https:\/\/yoast.com\/product\/yoast-seo-wordpress\/ -->\n<title>Cookies - Autorola Solutions<\/title>\n<meta name=\"robots\" content=\"index, follow, max-snippet:-1, max-image-preview:large, max-video-preview:-1\" \/>\n<link rel=\"canonical\" href=\"https:\/\/autorolasolutions.com\/de\/cookies\/\" \/>\n<meta property=\"og:locale\" content=\"de_DE\" \/>\n<meta property=\"og:type\" content=\"article\" \/>\n<meta property=\"og:title\" content=\"Cookies - Autorola Solutions\" \/>\n<meta property=\"og:description\" content=\"Cookies Dieses Dokument informiert Sie dar\u00fcber, wie und warum wir Cookies verwenden. Wir werden Ihnen auch mitteilen, welche Cookies wir verwenden, sowie einige Informationen \u00fcber Dritte geben, die ebenfalls Cookies auf unserer Website platzieren. \u00a0 Kurzfassung Dieses Dokument gilt f\u00fcr: Besucher der Website Dieses Dokument umfasst: Was ist ein Cookie? Arten von Cookies Welche Cookies [&hellip;]\" \/>\n<meta property=\"og:url\" content=\"https:\/\/autorolasolutions.com\/de\/cookies\/\" \/>\n<meta property=\"og:site_name\" content=\"Autorola Solutions\" \/>\n<meta property=\"article:modified_time\" content=\"2024-04-03T12:35:08+00:00\" \/>\n<meta name=\"twitter:card\" content=\"summary_large_image\" \/>\n<meta name=\"twitter:label1\" content=\"Gesch\u00e4tzte Lesezeit\" \/>\n\t<meta name=\"twitter:data1\" content=\"3\u00a0Minuten\" \/>\n<script type=\"application\/ld+json\" class=\"yoast-schema-graph\">{\"@context\":\"https:\/\/schema.org\",\"@graph\":[{\"@type\":\"WebPage\",\"@id\":\"https:\/\/autorolasolutions.com\/de\/cookies\/\",\"url\":\"https:\/\/autorolasolutions.com\/de\/cookies\/\",\"name\":\"Cookies - Autorola Solutions\",\"isPartOf\":{\"@id\":\"https:\/\/autorolasolutions.com\/#website\"},\"datePublished\":\"2023-11-15T10:37:06+00:00\",\"dateModified\":\"2024-04-03T12:35:08+00:00\",\"breadcrumb\":{\"@id\":\"https:\/\/autorolasolutions.com\/de\/cookies\/#breadcrumb\"},\"inLanguage\":\"de\",\"potentialAction\":[{\"@type\":\"ReadAction\",\"target\":[\"https:\/\/autorolasolutions.com\/de\/cookies\/\"]}]},{\"@type\":\"BreadcrumbList\",\"@id\":\"https:\/\/autorolasolutions.com\/de\/cookies\/#breadcrumb\",\"itemListElement\":[{\"@type\":\"ListItem\",\"position\":1,\"name\":\"Home\",\"item\":\"https:\/\/autorolasolutions.com\/uk\/\"},{\"@type\":\"ListItem\",\"position\":2,\"name\":\"Cookies\"}]},{\"@type\":\"WebSite\",\"@id\":\"https:\/\/autorolasolutions.com\/#website\",\"url\":\"https:\/\/autorolasolutions.com\/\",\"name\":\"Autorola Solutions\",\"description\":\"\",\"publisher\":{\"@id\":\"https:\/\/autorolasolutions.com\/#organization\"},\"potentialAction\":[{\"@type\":\"SearchAction\",\"target\":{\"@type\":\"EntryPoint\",\"urlTemplate\":\"https:\/\/autorolasolutions.com\/?s={search_term_string}\"},\"query-input\":{\"@type\":\"PropertyValueSpecification\",\"valueRequired\":true,\"valueName\":\"search_term_string\"}}],\"inLanguage\":\"de\"},{\"@type\":\"Organization\",\"@id\":\"https:\/\/autorolasolutions.com\/#organization\",\"name\":\"Autorola Solutions\",\"url\":\"https:\/\/autorolasolutions.com\/\",\"logo\":{\"@type\":\"ImageObject\",\"inLanguage\":\"de\",\"@id\":\"https:\/\/autorolasolutions.com\/#\/schema\/logo\/image\/\",\"url\":\"https:\/\/autorolasolutions.com\/wp-content\/uploads\/2025\/01\/Autorola_Solutions_Logo_Left_Screen_RGB.svg\",\"contentUrl\":\"https:\/\/autorolasolutions.com\/wp-content\/uploads\/2025\/01\/Autorola_Solutions_Logo_Left_Screen_RGB.svg\",\"width\":143,\"height\":44,\"caption\":\"Autorola Solutions\"},\"image\":{\"@id\":\"https:\/\/autorolasolutions.com\/#\/schema\/logo\/image\/\"},\"sameAs\":[\"https:\/\/www.linkedin.com\/company\/autorolasolutions\/\"]}]}<\/script>\n<!-- \/ Yoast SEO plugin. -->","yoast_head_json":{"title":"Cookies - Autorola Solutions","robots":{"index":"index","follow":"follow","max-snippet":"max-snippet:-1","max-image-preview":"max-image-preview:large","max-video-preview":"max-video-preview:-1"},"canonical":"https:\/\/autorolasolutions.com\/de\/cookies\/","og_locale":"de_DE","og_type":"article","og_title":"Cookies - Autorola Solutions","og_description":"Cookies Dieses Dokument informiert Sie dar\u00fcber, wie und warum wir Cookies verwenden. Wir werden Ihnen auch mitteilen, welche Cookies wir verwenden, sowie einige Informationen \u00fcber Dritte geben, die ebenfalls Cookies auf unserer Website platzieren. \u00a0 Kurzfassung Dieses Dokument gilt f\u00fcr: Besucher der Website Dieses Dokument umfasst: Was ist ein Cookie? Arten von Cookies Welche Cookies [&hellip;]","og_url":"https:\/\/autorolasolutions.com\/de\/cookies\/","og_site_name":"Autorola Solutions","article_modified_time":"2024-04-03T12:35:08+00:00","twitter_card":"summary_large_image","twitter_misc":{"Gesch\u00e4tzte Lesezeit":"3\u00a0Minuten"},"schema":{"@context":"https:\/\/schema.org","@graph":[{"@type":"WebPage","@id":"https:\/\/autorolasolutions.com\/de\/cookies\/","url":"https:\/\/autorolasolutions.com\/de\/cookies\/","name":"Cookies - Autorola Solutions","isPartOf":{"@id":"https:\/\/autorolasolutions.com\/#website"},"datePublished":"2023-11-15T10:37:06+00:00","dateModified":"2024-04-03T12:35:08+00:00","breadcrumb":{"@id":"https:\/\/autorolasolutions.com\/de\/cookies\/#breadcrumb"},"inLanguage":"de","potentialAction":[{"@type":"ReadAction","target":["https:\/\/autorolasolutions.com\/de\/cookies\/"]}]},{"@type":"BreadcrumbList","@id":"https:\/\/autorolasolutions.com\/de\/cookies\/#breadcrumb","itemListElement":[{"@type":"ListItem","position":1,"name":"Home","item":"https:\/\/autorolasolutions.com\/uk\/"},{"@type":"ListItem","position":2,"name":"Cookies"}]},{"@type":"WebSite","@id":"https:\/\/autorolasolutions.com\/#website","url":"https:\/\/autorolasolutions.com\/","name":"Autorola Solutions","description":"","publisher":{"@id":"https:\/\/autorolasolutions.com\/#organization"},"potentialAction":[{"@type":"SearchAction","target":{"@type":"EntryPoint","urlTemplate":"https:\/\/autorolasolutions.com\/?s={search_term_string}"},"query-input":{"@type":"PropertyValueSpecification","valueRequired":true,"valueName":"search_term_string"}}],"inLanguage":"de"},{"@type":"Organization","@id":"https:\/\/autorolasolutions.com\/#organization","name":"Autorola Solutions","url":"https:\/\/autorolasolutions.com\/","logo":{"@type":"ImageObject","inLanguage":"de","@id":"https:\/\/autorolasolutions.com\/#\/schema\/logo\/image\/","url":"https:\/\/autorolasolutions.com\/wp-content\/uploads\/2025\/01\/Autorola_Solutions_Logo_Left_Screen_RGB.svg","contentUrl":"https:\/\/autorolasolutions.com\/wp-content\/uploads\/2025\/01\/Autorola_Solutions_Logo_Left_Screen_RGB.svg","width":143,"height":44,"caption":"Autorola Solutions"},"image":{"@id":"https:\/\/autorolasolutions.com\/#\/schema\/logo\/image\/"},"sameAs":["https:\/\/www.linkedin.com\/company\/autorolasolutions\/"]}]}},"_links":{"self":[{"href":"https:\/\/autorolasolutions.com\/de\/wp-json\/wp\/v2\/pages\/15334","targetHints":{"allow":["GET"]}}],"collection":[{"href":"https:\/\/autorolasolutions.com\/de\/wp-json\/wp\/v2\/pages"}],"about":[{"href":"https:\/\/autorolasolutions.com\/de\/wp-json\/wp\/v2\/types\/page"}],"author":[{"embeddable":true,"href":"https:\/\/autorolasolutions.com\/de\/wp-json\/wp\/v2\/users\/12"}],"replies":[{"embeddable":true,"href":"https:\/\/autorolasolutions.com\/de\/wp-json\/wp\/v2\/comments?post=15334"}],"version-history":[{"count":7,"href":"https:\/\/autorolasolutions.com\/de\/wp-json\/wp\/v2\/pages\/15334\/revisions"}],"predecessor-version":[{"id":21282,"href":"https:\/\/autorolasolutions.com\/de\/wp-json\/wp\/v2\/pages\/15334\/revisions\/21282"}],"wp:attachment":[{"href":"https:\/\/autorolasolutions.com\/de\/wp-json\/wp\/v2\/media?parent=15334"}],"curies":[{"name":"wp","href":"https:\/\/api.w.org\/{rel}","templated":true}]}}