{"id":16728,"date":"2023-02-28T13:55:45","date_gmt":"2023-02-28T12:55:45","guid":{"rendered":"https:\/\/autorolasolutions.com\/digital-ecosystem\/products\/inspection-and-trade-in-app\/"},"modified":"2025-01-30T07:24:35","modified_gmt":"2025-01-30T06:24:35","slug":"trade-in-loesung","status":"publish","type":"page","link":"https:\/\/autorolasolutions.com\/de\/digitales-oekosystem\/produkte\/trade-in-loesung\/","title":{"rendered":"Trade-In-L\u00f6sung"},"content":{"rendered":"\t\t<div data-elementor-type=\"wp-page\" data-elementor-id=\"16728\" class=\"elementor elementor-16728 elementor-11416\" data-elementor-post-type=\"page\">\n\t\t\t\t\t\t<section class=\"elementor-section elementor-top-section elementor-element elementor-element-bdba89e elementor-section-boxed elementor-section-height-default elementor-section-height-default\" data-id=\"bdba89e\" data-element_type=\"section\" data-e-type=\"section\">\n\t\t\t\t\t\t<div class=\"elementor-container elementor-column-gap-default\">\n\t\t\t\t\t<div class=\"elementor-column elementor-col-50 elementor-top-column elementor-element elementor-element-8f2f7d7\" data-id=\"8f2f7d7\" data-element_type=\"column\" data-e-type=\"column\">\n\t\t\t<div class=\"elementor-widget-wrap elementor-element-populated\">\n\t\t\t\t\t\t<div class=\"elementor-element elementor-element-51c51aa elementor-widget elementor-widget-text-editor\" data-id=\"51c51aa\" data-element_type=\"widget\" data-e-type=\"widget\" data-widget_type=\"text-editor.default\">\n\t\t\t\t<div class=\"elementor-widget-container\">\n\t\t\t\t\t\t\t\t\t<h1>Unsere Trade-In-L\u00f6sung<\/h1><p>Autorola Solutions hat eine L\u00f6sung f\u00fcr die Inzahlungnahme von Fahrzeugen konzipiert, die darauf abzielt, Ihnen einen reibungslosen und effektiven Ablauf f\u00fcr den Austausch Ihrer bestehenden Fahrzeuge zu erm\u00f6glichen. Mit nur vier einfachen Schritten k\u00f6nnen Sie Ihren Inzahlungnahme Prozess verbessern:<\/p>\t\t\t\t\t\t\t\t<\/div>\n\t\t\t\t<\/div>\n\t\t\t\t<div class=\"elementor-element elementor-element-89572bf elementor-widget elementor-widget-text-editor\" data-id=\"89572bf\" data-element_type=\"widget\" data-e-type=\"widget\" data-widget_type=\"text-editor.default\">\n\t\t\t\t<div class=\"elementor-widget-container\">\n\t\t\t\t\t\t\t\t\t<ol><li>Umfassende Datenerfassung mit der Aufnahme jedes Fahrzeuges einfach mit der Inspection Helper APP ausf\u00fchren.<\/li><li>Optimieren Sie Ihre Verkaufsstrategie dank Echtzeit-Marktinformationen von INDICATA.<\/li><li>Kommunizieren Sie Ihren Preis und verfolgen Sie den Prozess, der mit optimalen Echtzeit-Marktsituation und individuelle Fahrzeugmerkmale wiederspiegelt.<\/li><li>Verwalten Sie den gesamten Inzahlungnahme Prozess in nur 30 Minuten<\/li><\/ol><p>So k\u00f6nnen Sie problemlos und kosteneffizient ein altes Auto in ein neues umwandeln. Mit der zus\u00e4tzlichen Sicherheit einer professionellen Inspektion und eines transparenten Prozesses, wird sichergestellt, dass die Kunden eine faire und genaue Bewertung f\u00fcr ihre Inzahlungnahme erhalten.<\/p><p>Insgesamt handelt es sich um eine zeitsparende und bequeme L\u00f6sung f\u00fcr die Inzahlungnahme von Fahrzeugen, die Ihren Kunden einen Mehrwert und Zufriedenheit bietet.<\/p>\t\t\t\t\t\t\t\t<\/div>\n\t\t\t\t<\/div>\n\t\t\t\t<div class=\"elementor-element elementor-element-88c13de elementor-align-center elementor-widget elementor-widget-button\" data-id=\"88c13de\" data-element_type=\"widget\" data-e-type=\"widget\" data-widget_type=\"button.default\">\n\t\t\t\t<div class=\"elementor-widget-container\">\n\t\t\t\t\t\t\t\t\t<div class=\"elementor-button-wrapper\">\n\t\t\t\t\t<a class=\"elementor-button elementor-button-link elementor-size-sm elementor-animation-grow\" href=\"https:\/\/autorolasolutions.com\/de\/kontact\/\">\n\t\t\t\t\t\t<span class=\"elementor-button-content-wrapper\">\n\t\t\t\t\t\t<span class=\"elementor-button-icon\">\n\t\t\t\t<i aria-hidden=\"true\" class=\"fas fa-arrow-right\"><\/i>\t\t\t<\/span>\n\t\t\t\t\t\t\t\t\t<span class=\"elementor-button-text\">Kontaktieren Sie uns<\/span>\n\t\t\t\t\t<\/span>\n\t\t\t\t\t<\/a>\n\t\t\t\t<\/div>\n\t\t\t\t\t\t\t\t<\/div>\n\t\t\t\t<\/div>\n\t\t\t\t\t<\/div>\n\t\t<\/div>\n\t\t\t\t<div class=\"elementor-column elementor-col-50 elementor-top-column elementor-element elementor-element-5b181d8\" data-id=\"5b181d8\" data-element_type=\"column\" data-e-type=\"column\">\n\t\t\t<div class=\"elementor-widget-wrap elementor-element-populated\">\n\t\t\t\t\t\t<div class=\"elementor-element elementor-element-2be1906 elementor-widget elementor-widget-image\" data-id=\"2be1906\" data-element_type=\"widget\" data-e-type=\"widget\" data-widget_type=\"image.default\">\n\t\t\t\t<div class=\"elementor-widget-container\">\n\t\t\t\t\t\t\t\t\t\t\t\t\t\t\t<img fetchpriority=\"high\" decoding=\"async\" width=\"833\" height=\"576\" src=\"https:\/\/autorolasolutions.com\/wp-content\/uploads\/2025\/01\/Autorola_Solutions_Web_Timecycle_01.png\" class=\"attachment-large size-large wp-image-51675\" alt=\"\" srcset=\"https:\/\/autorolasolutions.com\/wp-content\/uploads\/2025\/01\/Autorola_Solutions_Web_Timecycle_01.png 833w, https:\/\/autorolasolutions.com\/wp-content\/uploads\/2025\/01\/Autorola_Solutions_Web_Timecycle_01-300x207.png 300w, https:\/\/autorolasolutions.com\/wp-content\/uploads\/2025\/01\/Autorola_Solutions_Web_Timecycle_01-768x531.png 768w\" sizes=\"(max-width: 833px) 100vw, 833px\" \/>\t\t\t\t\t\t\t\t\t\t\t\t\t\t\t<\/div>\n\t\t\t\t<\/div>\n\t\t\t\t\t<\/div>\n\t\t<\/div>\n\t\t\t\t\t<\/div>\n\t\t<\/section>\n\t\t\t\t<section class=\"elementor-section elementor-top-section elementor-element elementor-element-3897505 elementor-section-boxed elementor-section-height-default elementor-section-height-default\" data-id=\"3897505\" data-element_type=\"section\" data-e-type=\"section\">\n\t\t\t\t\t\t<div class=\"elementor-container elementor-column-gap-default\">\n\t\t\t\t\t<div class=\"elementor-column elementor-col-50 elementor-top-column elementor-element elementor-element-c469914\" data-id=\"c469914\" data-element_type=\"column\" data-e-type=\"column\">\n\t\t\t<div class=\"elementor-widget-wrap elementor-element-populated\">\n\t\t\t\t\t\t<div class=\"elementor-element elementor-element-60464eb elementor-widget elementor-widget-video\" data-id=\"60464eb\" data-element_type=\"widget\" data-e-type=\"widget\" data-settings=\"{&quot;video_type&quot;:&quot;vimeo&quot;}\" data-widget_type=\"video.default\">\n\t\t\t\t<div class=\"elementor-widget-container\">\n\t\t\t\t\t\t\t<div class=\"elementor-wrapper elementor-open-inline\">\n\t\t\t<iframe class=\"elementor-video-iframe\" allowfullscreen allow=\"clipboard-write\" title=\"vimeo Video Player\" src=\"https:\/\/player.vimeo.com\/video\/756696243?color&amp;autopause=0&amp;loop=0&amp;muted=0&amp;title=1&amp;portrait=1&amp;byline=1#t=\"><\/iframe>\t\t<\/div>\n\t\t\t\t\t\t<\/div>\n\t\t\t\t<\/div>\n\t\t\t\t\t<\/div>\n\t\t<\/div>\n\t\t\t\t<div class=\"elementor-column elementor-col-50 elementor-top-column elementor-element elementor-element-9f8e079\" data-id=\"9f8e079\" data-element_type=\"column\" data-e-type=\"column\">\n\t\t\t<div class=\"elementor-widget-wrap elementor-element-populated\">\n\t\t\t\t\t\t<div class=\"elementor-element elementor-element-06f66c2 elementor-widget elementor-widget-text-editor\" data-id=\"06f66c2\" data-element_type=\"widget\" data-e-type=\"widget\" data-widget_type=\"text-editor.default\">\n\t\t\t\t<div class=\"elementor-widget-container\">\n\t\t\t\t\t\t\t\t\t<p><strong>Eine einfache und m\u00fchelose L\u00f6sung, die Unternehmen und H\u00e4ndler einen echten Mehrwert bieten.<\/strong><\/p><p>Im Video entdecken Sie die Mehrwerte des Trade-In-Prozesses mit Autorola Solutions.<\/p>\t\t\t\t\t\t\t\t<\/div>\n\t\t\t\t<\/div>\n\t\t\t\t\t<\/div>\n\t\t<\/div>\n\t\t\t\t\t<\/div>\n\t\t<\/section>\n\t\t\t\t<section class=\"elementor-section elementor-top-section elementor-element elementor-element-7d4d685 elementor-section-boxed elementor-section-height-default elementor-section-height-default\" data-id=\"7d4d685\" data-element_type=\"section\" data-e-type=\"section\">\n\t\t\t\t\t\t<div class=\"elementor-container elementor-column-gap-default\">\n\t\t\t\t\t<div class=\"elementor-column elementor-col-100 elementor-top-column elementor-element elementor-element-250df15\" data-id=\"250df15\" data-element_type=\"column\" data-e-type=\"column\">\n\t\t\t<div class=\"elementor-widget-wrap elementor-element-populated\">\n\t\t\t\t\t\t<div class=\"elementor-element elementor-element-f01c67a elementor-widget elementor-widget-spacer\" data-id=\"f01c67a\" data-element_type=\"widget\" data-e-type=\"widget\" data-widget_type=\"spacer.default\">\n\t\t\t\t<div class=\"elementor-widget-container\">\n\t\t\t\t\t\t\t<div class=\"elementor-spacer\">\n\t\t\t<div class=\"elementor-spacer-inner\"><\/div>\n\t\t<\/div>\n\t\t\t\t\t\t<\/div>\n\t\t\t\t<\/div>\n\t\t\t\t\t<\/div>\n\t\t<\/div>\n\t\t\t\t\t<\/div>\n\t\t<\/section>\n\t\t\t\t<\/div>\n\t\t","protected":false},"excerpt":{"rendered":"<p>Unsere Trade-In-L\u00f6sung Autorola Solutions hat eine L\u00f6sung f\u00fcr die Inzahlungnahme von Fahrzeugen konzipiert, die darauf abzielt, Ihnen einen reibungslosen und effektiven Ablauf f\u00fcr den Austausch Ihrer bestehenden Fahrzeuge zu erm\u00f6glichen. Mit nur vier einfachen Schritten k\u00f6nnen Sie Ihren Inzahlungnahme Prozess verbessern: Umfassende Datenerfassung mit der Aufnahme jedes Fahrzeuges einfach mit der Inspection Helper APP ausf\u00fchren. [&hellip;]<\/p>\n","protected":false},"author":15,"featured_media":0,"parent":16726,"menu_order":2,"comment_status":"closed","ping_status":"closed","template":"","meta":{"_acf_changed":false,"inline_featured_image":false,"site-sidebar-layout":"no-sidebar","site-content-layout":"","ast-site-content-layout":"full-width-container","site-content-style":"unboxed","site-sidebar-style":"unboxed","ast-global-header-display":"","ast-banner-title-visibility":"","ast-main-header-display":"","ast-hfb-above-header-display":"","ast-hfb-below-header-display":"","ast-hfb-mobile-header-display":"","site-post-title":"disabled","ast-breadcrumbs-content":"","ast-featured-img":"disabled","footer-sml-layout":"","theme-transparent-header-meta":"","adv-header-id-meta":"","stick-header-meta":"","header-above-stick-meta":"","header-main-stick-meta":"","header-below-stick-meta":"","astra-migrate-meta-layouts":"set","ast-page-background-enabled":"default","ast-page-background-meta":{"desktop":{"background-color":"","background-image":"","background-repeat":"repeat","background-position":"center center","background-size":"auto","background-attachment":"scroll","background-type":"","background-media":"","overlay-type":"","overlay-color":"","overlay-opacity":"","overlay-gradient":""},"tablet":{"background-color":"","background-image":"","background-repeat":"repeat","background-position":"center center","background-size":"auto","background-attachment":"scroll","background-type":"","background-media":"","overlay-type":"","overlay-color":"","overlay-opacity":"","overlay-gradient":""},"mobile":{"background-color":"","background-image":"","background-repeat":"repeat","background-position":"center center","background-size":"auto","background-attachment":"scroll","background-type":"","background-media":"","overlay-type":"","overlay-color":"","overlay-opacity":"","overlay-gradient":""}},"ast-content-background-meta":{"desktop":{"background-color":"var(--ast-global-color-5)","background-image":"","background-repeat":"repeat","background-position":"center center","background-size":"auto","background-attachment":"scroll","background-type":"","background-media":"","overlay-type":"","overlay-color":"","overlay-opacity":"","overlay-gradient":""},"tablet":{"background-color":"var(--ast-global-color-5)","background-image":"","background-repeat":"repeat","background-position":"center center","background-size":"auto","background-attachment":"scroll","background-type":"","background-media":"","overlay-type":"","overlay-color":"","overlay-opacity":"","overlay-gradient":""},"mobile":{"background-color":"var(--ast-global-color-5)","background-image":"","background-repeat":"repeat","background-position":"center center","background-size":"auto","background-attachment":"scroll","background-type":"","background-media":"","overlay-type":"","overlay-color":"","overlay-opacity":"","overlay-gradient":""}},"footnotes":""},"class_list":["post-16728","page","type-page","status-publish","hentry"],"acf":[],"yoast_head":"<!-- This site is optimized with the Yoast SEO plugin v27.0 - https:\/\/yoast.com\/product\/yoast-seo-wordpress\/ -->\n<title>Trade-In-L\u00f6sung | Nahtlose Prozesse im Automobilhandel<\/title>\n<meta name=\"description\" content=\"Optimieren Sie die Prozesse im Automobilhandel mit unserer Trade-In-L\u00f6sung. Bieten Sie eine nahtlose End-to-End-Erfahrung f\u00fcr Fahrzeuginspektionen und Inzahlungnahmen.\" \/>\n<meta name=\"robots\" content=\"index, follow, max-snippet:-1, max-image-preview:large, max-video-preview:-1\" \/>\n<link rel=\"canonical\" href=\"https:\/\/autorolasolutions.com\/digital-ecosystem\/products\/inspection-and-trade-in-app\/\" \/>\n<meta property=\"og:locale\" content=\"de_DE\" \/>\n<meta property=\"og:type\" content=\"article\" \/>\n<meta property=\"og:title\" content=\"Trade-In-L\u00f6sung | Nahtlose Prozesse im Automobilhandel\" \/>\n<meta property=\"og:description\" content=\"Optimieren Sie die Prozesse im Automobilhandel mit unserer Trade-In-L\u00f6sung. Bieten Sie eine nahtlose End-to-End-Erfahrung f\u00fcr Fahrzeuginspektionen und Inzahlungnahmen.\" \/>\n<meta property=\"og:url\" content=\"https:\/\/autorolasolutions.com\/digital-ecosystem\/products\/inspection-and-trade-in-app\/\" \/>\n<meta property=\"og:site_name\" content=\"Autorola Solutions\" \/>\n<meta property=\"article:modified_time\" content=\"2025-01-30T06:24:35+00:00\" \/>\n<meta property=\"og:image\" content=\"https:\/\/autorolasolutions.com\/wp-content\/uploads\/2025\/01\/Autorola_Solutions_Web_Timecycle_01.png\" \/>\n\t<meta property=\"og:image:width\" content=\"833\" \/>\n\t<meta property=\"og:image:height\" content=\"576\" \/>\n\t<meta property=\"og:image:type\" content=\"image\/png\" \/>\n<meta name=\"twitter:card\" content=\"summary_large_image\" \/>\n<meta name=\"twitter:label1\" content=\"Gesch\u00e4tzte Lesezeit\" \/>\n\t<meta name=\"twitter:data1\" content=\"2\u00a0Minuten\" \/>\n<script type=\"application\/ld+json\" class=\"yoast-schema-graph\">{\"@context\":\"https:\/\/schema.org\",\"@graph\":[{\"@type\":\"WebPage\",\"@id\":\"https:\/\/autorolasolutions.com\/digital-ecosystem\/products\/inspection-and-trade-in-app\/\",\"url\":\"https:\/\/autorolasolutions.com\/digital-ecosystem\/products\/inspection-and-trade-in-app\/\",\"name\":\"Trade-In-L\u00f6sung | Nahtlose Prozesse im Automobilhandel\",\"isPartOf\":{\"@id\":\"https:\/\/autorolasolutions.com\/#website\"},\"primaryImageOfPage\":{\"@id\":\"https:\/\/autorolasolutions.com\/digital-ecosystem\/products\/inspection-and-trade-in-app\/#primaryimage\"},\"image\":{\"@id\":\"https:\/\/autorolasolutions.com\/digital-ecosystem\/products\/inspection-and-trade-in-app\/#primaryimage\"},\"thumbnailUrl\":\"https:\/\/autorolasolutions.com\/wp-content\/uploads\/2025\/01\/Autorola_Solutions_Web_Timecycle_01.png\",\"datePublished\":\"2023-02-28T12:55:45+00:00\",\"dateModified\":\"2025-01-30T06:24:35+00:00\",\"description\":\"Optimieren Sie die Prozesse im Automobilhandel mit unserer Trade-In-L\u00f6sung. Bieten Sie eine nahtlose End-to-End-Erfahrung f\u00fcr Fahrzeuginspektionen und Inzahlungnahmen.\",\"breadcrumb\":{\"@id\":\"https:\/\/autorolasolutions.com\/digital-ecosystem\/products\/inspection-and-trade-in-app\/#breadcrumb\"},\"inLanguage\":\"de\",\"potentialAction\":[{\"@type\":\"ReadAction\",\"target\":[\"https:\/\/autorolasolutions.com\/digital-ecosystem\/products\/inspection-and-trade-in-app\/\"]}]},{\"@type\":\"ImageObject\",\"inLanguage\":\"de\",\"@id\":\"https:\/\/autorolasolutions.com\/digital-ecosystem\/products\/inspection-and-trade-in-app\/#primaryimage\",\"url\":\"https:\/\/autorolasolutions.com\/wp-content\/uploads\/2025\/01\/Autorola_Solutions_Web_Timecycle_01.png\",\"contentUrl\":\"https:\/\/autorolasolutions.com\/wp-content\/uploads\/2025\/01\/Autorola_Solutions_Web_Timecycle_01.png\"},{\"@type\":\"BreadcrumbList\",\"@id\":\"https:\/\/autorolasolutions.com\/digital-ecosystem\/products\/inspection-and-trade-in-app\/#breadcrumb\",\"itemListElement\":[{\"@type\":\"ListItem\",\"position\":1,\"name\":\"Home\",\"item\":\"https:\/\/autorolasolutions.com\/uk\/\"},{\"@type\":\"ListItem\",\"position\":2,\"name\":\"Digitales \u00d6kosystem\",\"item\":\"https:\/\/autorolasolutions.com\/digital-ecosystem\/\"},{\"@type\":\"ListItem\",\"position\":3,\"name\":\"Produkte\",\"item\":\"https:\/\/autorolasolutions.com\/digital-ecosystem\/products\/\"},{\"@type\":\"ListItem\",\"position\":4,\"name\":\"Trade-In-L\u00f6sung\"}]},{\"@type\":\"WebSite\",\"@id\":\"https:\/\/autorolasolutions.com\/#website\",\"url\":\"https:\/\/autorolasolutions.com\/\",\"name\":\"Autorola Solutions\",\"description\":\"\",\"publisher\":{\"@id\":\"https:\/\/autorolasolutions.com\/#organization\"},\"potentialAction\":[{\"@type\":\"SearchAction\",\"target\":{\"@type\":\"EntryPoint\",\"urlTemplate\":\"https:\/\/autorolasolutions.com\/?s={search_term_string}\"},\"query-input\":{\"@type\":\"PropertyValueSpecification\",\"valueRequired\":true,\"valueName\":\"search_term_string\"}}],\"inLanguage\":\"de\"},{\"@type\":\"Organization\",\"@id\":\"https:\/\/autorolasolutions.com\/#organization\",\"name\":\"Autorola Solutions\",\"url\":\"https:\/\/autorolasolutions.com\/\",\"logo\":{\"@type\":\"ImageObject\",\"inLanguage\":\"de\",\"@id\":\"https:\/\/autorolasolutions.com\/#\/schema\/logo\/image\/\",\"url\":\"https:\/\/autorolasolutions.com\/wp-content\/uploads\/2025\/01\/Autorola_Solutions_Logo_Left_Screen_RGB.svg\",\"contentUrl\":\"https:\/\/autorolasolutions.com\/wp-content\/uploads\/2025\/01\/Autorola_Solutions_Logo_Left_Screen_RGB.svg\",\"width\":143,\"height\":44,\"caption\":\"Autorola Solutions\"},\"image\":{\"@id\":\"https:\/\/autorolasolutions.com\/#\/schema\/logo\/image\/\"},\"sameAs\":[\"https:\/\/www.linkedin.com\/company\/autorolasolutions\/\"]}]}<\/script>\n<!-- \/ Yoast SEO plugin. -->","yoast_head_json":{"title":"Trade-In-L\u00f6sung | Nahtlose Prozesse im Automobilhandel","description":"Optimieren Sie die Prozesse im Automobilhandel mit unserer Trade-In-L\u00f6sung. Bieten Sie eine nahtlose End-to-End-Erfahrung f\u00fcr Fahrzeuginspektionen und Inzahlungnahmen.","robots":{"index":"index","follow":"follow","max-snippet":"max-snippet:-1","max-image-preview":"max-image-preview:large","max-video-preview":"max-video-preview:-1"},"canonical":"https:\/\/autorolasolutions.com\/digital-ecosystem\/products\/inspection-and-trade-in-app\/","og_locale":"de_DE","og_type":"article","og_title":"Trade-In-L\u00f6sung | Nahtlose Prozesse im Automobilhandel","og_description":"Optimieren Sie die Prozesse im Automobilhandel mit unserer Trade-In-L\u00f6sung. Bieten Sie eine nahtlose End-to-End-Erfahrung f\u00fcr Fahrzeuginspektionen und Inzahlungnahmen.","og_url":"https:\/\/autorolasolutions.com\/digital-ecosystem\/products\/inspection-and-trade-in-app\/","og_site_name":"Autorola Solutions","article_modified_time":"2025-01-30T06:24:35+00:00","og_image":[{"width":833,"height":576,"url":"https:\/\/autorolasolutions.com\/wp-content\/uploads\/2025\/01\/Autorola_Solutions_Web_Timecycle_01.png","type":"image\/png"}],"twitter_card":"summary_large_image","twitter_misc":{"Gesch\u00e4tzte Lesezeit":"2\u00a0Minuten"},"schema":{"@context":"https:\/\/schema.org","@graph":[{"@type":"WebPage","@id":"https:\/\/autorolasolutions.com\/digital-ecosystem\/products\/inspection-and-trade-in-app\/","url":"https:\/\/autorolasolutions.com\/digital-ecosystem\/products\/inspection-and-trade-in-app\/","name":"Trade-In-L\u00f6sung | Nahtlose Prozesse im Automobilhandel","isPartOf":{"@id":"https:\/\/autorolasolutions.com\/#website"},"primaryImageOfPage":{"@id":"https:\/\/autorolasolutions.com\/digital-ecosystem\/products\/inspection-and-trade-in-app\/#primaryimage"},"image":{"@id":"https:\/\/autorolasolutions.com\/digital-ecosystem\/products\/inspection-and-trade-in-app\/#primaryimage"},"thumbnailUrl":"https:\/\/autorolasolutions.com\/wp-content\/uploads\/2025\/01\/Autorola_Solutions_Web_Timecycle_01.png","datePublished":"2023-02-28T12:55:45+00:00","dateModified":"2025-01-30T06:24:35+00:00","description":"Optimieren Sie die Prozesse im Automobilhandel mit unserer Trade-In-L\u00f6sung. Bieten Sie eine nahtlose End-to-End-Erfahrung f\u00fcr Fahrzeuginspektionen und Inzahlungnahmen.","breadcrumb":{"@id":"https:\/\/autorolasolutions.com\/digital-ecosystem\/products\/inspection-and-trade-in-app\/#breadcrumb"},"inLanguage":"de","potentialAction":[{"@type":"ReadAction","target":["https:\/\/autorolasolutions.com\/digital-ecosystem\/products\/inspection-and-trade-in-app\/"]}]},{"@type":"ImageObject","inLanguage":"de","@id":"https:\/\/autorolasolutions.com\/digital-ecosystem\/products\/inspection-and-trade-in-app\/#primaryimage","url":"https:\/\/autorolasolutions.com\/wp-content\/uploads\/2025\/01\/Autorola_Solutions_Web_Timecycle_01.png","contentUrl":"https:\/\/autorolasolutions.com\/wp-content\/uploads\/2025\/01\/Autorola_Solutions_Web_Timecycle_01.png"},{"@type":"BreadcrumbList","@id":"https:\/\/autorolasolutions.com\/digital-ecosystem\/products\/inspection-and-trade-in-app\/#breadcrumb","itemListElement":[{"@type":"ListItem","position":1,"name":"Home","item":"https:\/\/autorolasolutions.com\/uk\/"},{"@type":"ListItem","position":2,"name":"Digitales \u00d6kosystem","item":"https:\/\/autorolasolutions.com\/digital-ecosystem\/"},{"@type":"ListItem","position":3,"name":"Produkte","item":"https:\/\/autorolasolutions.com\/digital-ecosystem\/products\/"},{"@type":"ListItem","position":4,"name":"Trade-In-L\u00f6sung"}]},{"@type":"WebSite","@id":"https:\/\/autorolasolutions.com\/#website","url":"https:\/\/autorolasolutions.com\/","name":"Autorola Solutions","description":"","publisher":{"@id":"https:\/\/autorolasolutions.com\/#organization"},"potentialAction":[{"@type":"SearchAction","target":{"@type":"EntryPoint","urlTemplate":"https:\/\/autorolasolutions.com\/?s={search_term_string}"},"query-input":{"@type":"PropertyValueSpecification","valueRequired":true,"valueName":"search_term_string"}}],"inLanguage":"de"},{"@type":"Organization","@id":"https:\/\/autorolasolutions.com\/#organization","name":"Autorola Solutions","url":"https:\/\/autorolasolutions.com\/","logo":{"@type":"ImageObject","inLanguage":"de","@id":"https:\/\/autorolasolutions.com\/#\/schema\/logo\/image\/","url":"https:\/\/autorolasolutions.com\/wp-content\/uploads\/2025\/01\/Autorola_Solutions_Logo_Left_Screen_RGB.svg","contentUrl":"https:\/\/autorolasolutions.com\/wp-content\/uploads\/2025\/01\/Autorola_Solutions_Logo_Left_Screen_RGB.svg","width":143,"height":44,"caption":"Autorola Solutions"},"image":{"@id":"https:\/\/autorolasolutions.com\/#\/schema\/logo\/image\/"},"sameAs":["https:\/\/www.linkedin.com\/company\/autorolasolutions\/"]}]}},"_links":{"self":[{"href":"https:\/\/autorolasolutions.com\/de\/wp-json\/wp\/v2\/pages\/16728","targetHints":{"allow":["GET"]}}],"collection":[{"href":"https:\/\/autorolasolutions.com\/de\/wp-json\/wp\/v2\/pages"}],"about":[{"href":"https:\/\/autorolasolutions.com\/de\/wp-json\/wp\/v2\/types\/page"}],"author":[{"embeddable":true,"href":"https:\/\/autorolasolutions.com\/de\/wp-json\/wp\/v2\/users\/15"}],"replies":[{"embeddable":true,"href":"https:\/\/autorolasolutions.com\/de\/wp-json\/wp\/v2\/comments?post=16728"}],"version-history":[{"count":87,"href":"https:\/\/autorolasolutions.com\/de\/wp-json\/wp\/v2\/pages\/16728\/revisions"}],"predecessor-version":[{"id":54337,"href":"https:\/\/autorolasolutions.com\/de\/wp-json\/wp\/v2\/pages\/16728\/revisions\/54337"}],"up":[{"embeddable":true,"href":"https:\/\/autorolasolutions.com\/de\/wp-json\/wp\/v2\/pages\/16726"}],"wp:attachment":[{"href":"https:\/\/autorolasolutions.com\/de\/wp-json\/wp\/v2\/media?parent=16728"}],"curies":[{"name":"wp","href":"https:\/\/api.w.org\/{rel}","templated":true}]}}