{"id":17838,"date":"2023-03-22T08:56:26","date_gmt":"2023-03-22T07:56:26","guid":{"rendered":"https:\/\/autorolasolutions.com\/soluciones\/industrias\/rentals\/"},"modified":"2024-02-29T12:23:21","modified_gmt":"2024-02-29T11:23:21","slug":"rentals","status":"publish","type":"page","link":"https:\/\/autorolasolutions.com\/es\/soluciones\/industrias\/rentals\/","title":{"rendered":"Rent a car"},"content":{"rendered":"\t\t<div data-elementor-type=\"wp-page\" data-elementor-id=\"17838\" class=\"elementor elementor-17838 elementor-12652\" data-elementor-post-type=\"page\">\n\t\t\t\t\t\t<section class=\"elementor-section elementor-top-section elementor-element elementor-element-8441667 elementor-section-boxed elementor-section-height-default elementor-section-height-default\" data-id=\"8441667\" data-element_type=\"section\" data-e-type=\"section\">\n\t\t\t\t\t\t<div class=\"elementor-container elementor-column-gap-default\">\n\t\t\t\t\t<div class=\"elementor-column elementor-col-50 elementor-top-column elementor-element elementor-element-75e01a6\" data-id=\"75e01a6\" data-element_type=\"column\" data-e-type=\"column\">\n\t\t\t<div class=\"elementor-widget-wrap elementor-element-populated\">\n\t\t\t\t\t\t<div class=\"elementor-element elementor-element-2ca2f40 elementor-widget elementor-widget-image\" data-id=\"2ca2f40\" data-element_type=\"widget\" data-e-type=\"widget\" data-widget_type=\"image.default\">\n\t\t\t\t<div class=\"elementor-widget-container\">\n\t\t\t\t\t\t\t\t\t\t\t\t\t\t\t<img fetchpriority=\"high\" decoding=\"async\" width=\"1211\" height=\"1162\" src=\"https:\/\/autorolasolutions.com\/wp-content\/uploads\/2021\/09\/Hexagon-Logistik.jpg\" class=\"attachment-full size-full wp-image-2790\" alt=\"\" srcset=\"https:\/\/autorolasolutions.com\/wp-content\/uploads\/2021\/09\/Hexagon-Logistik.jpg 1211w, https:\/\/autorolasolutions.com\/wp-content\/uploads\/2021\/09\/Hexagon-Logistik-300x288.jpg 300w, https:\/\/autorolasolutions.com\/wp-content\/uploads\/2021\/09\/Hexagon-Logistik-1024x983.jpg 1024w, https:\/\/autorolasolutions.com\/wp-content\/uploads\/2021\/09\/Hexagon-Logistik-768x737.jpg 768w\" sizes=\"(max-width: 1211px) 100vw, 1211px\" \/>\t\t\t\t\t\t\t\t\t\t\t\t\t\t\t<\/div>\n\t\t\t\t<\/div>\n\t\t\t\t\t<\/div>\n\t\t<\/div>\n\t\t\t\t<div class=\"elementor-column elementor-col-50 elementor-top-column elementor-element elementor-element-7d61918\" data-id=\"7d61918\" data-element_type=\"column\" data-e-type=\"column\">\n\t\t\t<div class=\"elementor-widget-wrap elementor-element-populated\">\n\t\t\t\t\t\t<div class=\"elementor-element elementor-element-51d4dfe elementor-widget elementor-widget-text-editor\" data-id=\"51d4dfe\" data-element_type=\"widget\" data-e-type=\"widget\" data-widget_type=\"text-editor.default\">\n\t\t\t\t<div class=\"elementor-widget-container\">\n\t\t\t\t\t\t\t\t\t<h1>Rent a car<\/h1><p>Analizando el sector del alquiler y la suscripci\u00f3n, el mercado est\u00e1 creciendo. Esto significa que, para que una organizaci\u00f3n est\u00e9 al nivel de digitalizaci\u00f3n exigida, debe disponer de una plataforma que supervise todos los par\u00e1metros para crear de la forma m\u00e1s eficiente una cadena de valor a\u00f1adido tanto para los clientes como para su organizaci\u00f3n.<\/p><p>Esto tambi\u00e9n significa incorporar todos los datos necesarios de cada veh\u00edculo, as\u00ed como los datos de usuario, para controlar de forma centralizada todos los aspectos de este modelo de servicio centrado en el usuario. Requiere una herramienta de gesti\u00f3n de procesos estructurada y controlada de forma centralizada para supervisar estos nuevos modelos de servicio.<\/p><p>Conectamos su negocio en un \u00fanico entorno digital que le permite configurar libremente los flujos, los puntos de interacci\u00f3n, las etapas del ciclo de vida, las acciones necesarias y la visi\u00f3n general de toda la flota en una \u00fanica plataforma.<br \/>Especialmente en el sector del alquiler y las suscripciones, la necesidad de una visi\u00f3n general instant\u00e1nea, una gesti\u00f3n eficaz del stock y la colaboraci\u00f3n es clave para tener \u00e9xito en un sector en el que la disponibilidad y la comodidad son los principales factores que impulsan a los clientes.<\/p><p>Unimos personas, procesos y tecnolog\u00eda en una plataforma que facilita la gesti\u00f3n de operaciones y servicios en el contexto de su negocio. Nuestras soluciones tienen como objetivo realizar el trabajo en un contexto digital y se basan en la tecnolog\u00eda, que ofrece una potente plataforma en t\u00e9rminos de colaboraci\u00f3n y productividad.<\/p>\t\t\t\t\t\t\t\t<\/div>\n\t\t\t\t<\/div>\n\t\t\t\t<div class=\"elementor-element elementor-element-0ff3341 elementor-icon-list--layout-traditional elementor-list-item-link-full_width elementor-widget elementor-widget-icon-list\" data-id=\"0ff3341\" data-element_type=\"widget\" data-e-type=\"widget\" data-widget_type=\"icon-list.default\">\n\t\t\t\t<div class=\"elementor-widget-container\">\n\t\t\t\t\t\t\t<ul class=\"elementor-icon-list-items\">\n\t\t\t\t\t\t\t<li class=\"elementor-icon-list-item\">\n\t\t\t\t\t\t\t\t\t\t\t<span class=\"elementor-icon-list-icon\">\n\t\t\t\t\t\t\t<svg xmlns=\"http:\/\/www.w3.org\/2000\/svg\" xmlns:xlink=\"http:\/\/www.w3.org\/1999\/xlink\" id=\"Ebene_1\" x=\"0px\" y=\"0px\" viewBox=\"0 0 100 100\" style=\"enable-background:new 0 0 100 100;\" xml:space=\"preserve\"><style type=\"text\/css\">\t.st0{fill:#D9D7D0;}\t.st1{fill:#6E7992;}\t.st2{fill:#2C3867;}\t.st3{fill:#F0F0ED;}\t.st4{fill:#B9BEC6;}\t.st5{fill:#978F88;}<\/style><g>\t<g>\t\t<polygon class=\"st0\" points=\"78.7,11.1 35.4,3.8 50.7,45   \"><\/polygon>\t\t<polygon class=\"st1\" points=\"64.6,94.9 49.3,53.7 49.3,53.7 21.3,87.6 64.6,94.9 64.6,94.9   \"><\/polygon>\t\t<polygon class=\"st2\" points=\"2.5,43.6 17.9,84.8 45.9,50.9   \"><\/polygon>\t\t<polygon class=\"st3\" points=\"97.5,55.1 97.5,55.1 97.5,55.1 82.1,13.9 54.1,47.8   \"><\/polygon>\t\t<polygon class=\"st4\" points=\"53.4,52.2 68.8,93.4 96.8,59.5   \"><\/polygon>\t\t<polygon class=\"st5\" points=\"31.2,5.4 3.2,39.3 46.6,46.6   \"><\/polygon>\t\t<path class=\"st5\" d=\"M72.2,96.2\"><\/path>\t<\/g><\/g><\/svg>\t\t\t\t\t\t<\/span>\n\t\t\t\t\t\t\t\t\t\t<span class=\"elementor-icon-list-text\">Optimizaci\u00f3n del servicio<\/span>\n\t\t\t\t\t\t\t\t\t<\/li>\n\t\t\t\t\t\t\t\t<li class=\"elementor-icon-list-item\">\n\t\t\t\t\t\t\t\t\t\t\t<span class=\"elementor-icon-list-icon\">\n\t\t\t\t\t\t\t<svg xmlns=\"http:\/\/www.w3.org\/2000\/svg\" xmlns:xlink=\"http:\/\/www.w3.org\/1999\/xlink\" id=\"Ebene_1\" x=\"0px\" y=\"0px\" viewBox=\"0 0 100 100\" style=\"enable-background:new 0 0 100 100;\" xml:space=\"preserve\"><style type=\"text\/css\">\t.st0{fill:#D9D7D0;}\t.st1{fill:#6E7992;}\t.st2{fill:#2C3867;}\t.st3{fill:#F0F0ED;}\t.st4{fill:#B9BEC6;}\t.st5{fill:#978F88;}<\/style><g>\t<g>\t\t<polygon class=\"st0\" points=\"78.7,11.1 35.4,3.8 50.7,45   \"><\/polygon>\t\t<polygon class=\"st1\" points=\"64.6,94.9 49.3,53.7 49.3,53.7 21.3,87.6 64.6,94.9 64.6,94.9   \"><\/polygon>\t\t<polygon class=\"st2\" points=\"2.5,43.6 17.9,84.8 45.9,50.9   \"><\/polygon>\t\t<polygon class=\"st3\" points=\"97.5,55.1 97.5,55.1 97.5,55.1 82.1,13.9 54.1,47.8   \"><\/polygon>\t\t<polygon class=\"st4\" points=\"53.4,52.2 68.8,93.4 96.8,59.5   \"><\/polygon>\t\t<polygon class=\"st5\" points=\"31.2,5.4 3.2,39.3 46.6,46.6   \"><\/polygon>\t\t<path class=\"st5\" d=\"M72.2,96.2\"><\/path>\t<\/g><\/g><\/svg>\t\t\t\t\t\t<\/span>\n\t\t\t\t\t\t\t\t\t\t<span class=\"elementor-icon-list-text\">Aumentar la eficacia<\/span>\n\t\t\t\t\t\t\t\t\t<\/li>\n\t\t\t\t\t\t<\/ul>\n\t\t\t\t\t\t<\/div>\n\t\t\t\t<\/div>\n\t\t\t\t<div class=\"elementor-element elementor-element-b082052 elementor-widget elementor-widget-button\" data-id=\"b082052\" data-element_type=\"widget\" data-e-type=\"widget\" data-widget_type=\"button.default\">\n\t\t\t\t<div class=\"elementor-widget-container\">\n\t\t\t\t\t\t\t\t\t<div class=\"elementor-button-wrapper\">\n\t\t\t\t\t<a class=\"elementor-button elementor-button-link elementor-size-sm elementor-animation-grow\" href=\"https:\/\/autorolasolutions.com\/es\/contacto\/\">\n\t\t\t\t\t\t<span class=\"elementor-button-content-wrapper\">\n\t\t\t\t\t\t<span class=\"elementor-button-icon\">\n\t\t\t\t<i aria-hidden=\"true\" class=\"fas fa-arrow-right\"><\/i>\t\t\t<\/span>\n\t\t\t\t\t\t\t\t\t<span class=\"elementor-button-text\">P\u00f3ngase en contacto con nosotros<\/span>\n\t\t\t\t\t<\/span>\n\t\t\t\t\t<\/a>\n\t\t\t\t<\/div>\n\t\t\t\t\t\t\t\t<\/div>\n\t\t\t\t<\/div>\n\t\t\t\t\t<\/div>\n\t\t<\/div>\n\t\t\t\t\t<\/div>\n\t\t<\/section>\n\t\t\t\t<section class=\"elementor-section elementor-top-section elementor-element elementor-element-f6bcdc4 elementor-section-boxed elementor-section-height-default elementor-section-height-default\" data-id=\"f6bcdc4\" data-element_type=\"section\" data-e-type=\"section\">\n\t\t\t\t\t\t<div class=\"elementor-container elementor-column-gap-default\">\n\t\t\t\t\t<div class=\"elementor-column elementor-col-100 elementor-top-column elementor-element elementor-element-5bccd60\" data-id=\"5bccd60\" data-element_type=\"column\" data-e-type=\"column\">\n\t\t\t<div class=\"elementor-widget-wrap elementor-element-populated\">\n\t\t\t\t\t\t<div class=\"elementor-element elementor-element-63b94ee elementor-widget elementor-widget-video\" data-id=\"63b94ee\" data-element_type=\"widget\" data-e-type=\"widget\" data-settings=\"{&quot;video_type&quot;:&quot;vimeo&quot;}\" data-widget_type=\"video.default\">\n\t\t\t\t<div class=\"elementor-widget-container\">\n\t\t\t\t\t\t\t<div class=\"elementor-wrapper elementor-open-inline\">\n\t\t\t<iframe class=\"elementor-video-iframe\" allowfullscreen allow=\"clipboard-write\" title=\"Reproductor de v\u00eddeo vimeo\" src=\"https:\/\/player.vimeo.com\/video\/666726856?color&amp;autopause=0&amp;loop=0&amp;muted=0&amp;title=0&amp;portrait=0&amp;byline=0#t=\"><\/iframe>\t\t<\/div>\n\t\t\t\t\t\t<\/div>\n\t\t\t\t<\/div>\n\t\t\t\t\t<\/div>\n\t\t<\/div>\n\t\t\t\t\t<\/div>\n\t\t<\/section>\n\t\t\t\t<\/div>\n\t\t","protected":false},"excerpt":{"rendered":"<p>Rent a car Analizando el sector del alquiler y la suscripci\u00f3n, el mercado est\u00e1 creciendo. Esto significa que, para que una organizaci\u00f3n est\u00e9 al nivel de digitalizaci\u00f3n exigida, debe disponer de una plataforma que supervise todos los par\u00e1metros para crear de la forma m\u00e1s eficiente una cadena de valor a\u00f1adido tanto para los clientes como [&hellip;]<\/p>\n","protected":false},"author":8,"featured_media":0,"parent":2824,"menu_order":6,"comment_status":"closed","ping_status":"closed","template":"","meta":{"_acf_changed":false,"inline_featured_image":false,"site-sidebar-layout":"no-sidebar","site-content-layout":"","ast-site-content-layout":"full-width-container","site-content-style":"unboxed","site-sidebar-style":"unboxed","ast-global-header-display":"","ast-banner-title-visibility":"","ast-main-header-display":"","ast-hfb-above-header-display":"","ast-hfb-below-header-display":"","ast-hfb-mobile-header-display":"","site-post-title":"disabled","ast-breadcrumbs-content":"","ast-featured-img":"disabled","footer-sml-layout":"","theme-transparent-header-meta":"","adv-header-id-meta":"","stick-header-meta":"","header-above-stick-meta":"","header-main-stick-meta":"","header-below-stick-meta":"","astra-migrate-meta-layouts":"default","ast-page-background-enabled":"default","ast-page-background-meta":{"desktop":{"background-color":"","background-image":"","background-repeat":"repeat","background-position":"center center","background-size":"auto","background-attachment":"scroll","background-type":"","background-media":"","overlay-type":"","overlay-color":"","overlay-opacity":"","overlay-gradient":""},"tablet":{"background-color":"","background-image":"","background-repeat":"repeat","background-position":"center center","background-size":"auto","background-attachment":"scroll","background-type":"","background-media":"","overlay-type":"","overlay-color":"","overlay-opacity":"","overlay-gradient":""},"mobile":{"background-color":"","background-image":"","background-repeat":"repeat","background-position":"center center","background-size":"auto","background-attachment":"scroll","background-type":"","background-media":"","overlay-type":"","overlay-color":"","overlay-opacity":"","overlay-gradient":""}},"ast-content-background-meta":{"desktop":{"background-color":"var(--ast-global-color-5)","background-image":"","background-repeat":"repeat","background-position":"center center","background-size":"auto","background-attachment":"scroll","background-type":"","background-media":"","overlay-type":"","overlay-color":"","overlay-opacity":"","overlay-gradient":""},"tablet":{"background-color":"var(--ast-global-color-5)","background-image":"","background-repeat":"repeat","background-position":"center center","background-size":"auto","background-attachment":"scroll","background-type":"","background-media":"","overlay-type":"","overlay-color":"","overlay-opacity":"","overlay-gradient":""},"mobile":{"background-color":"var(--ast-global-color-5)","background-image":"","background-repeat":"repeat","background-position":"center center","background-size":"auto","background-attachment":"scroll","background-type":"","background-media":"","overlay-type":"","overlay-color":"","overlay-opacity":"","overlay-gradient":""}},"footnotes":""},"class_list":["post-17838","page","type-page","status-publish","hentry"],"acf":[],"yoast_head":"<!-- This site is optimized with the Yoast SEO plugin v27.0 - https:\/\/yoast.com\/product\/yoast-seo-wordpress\/ -->\n<title>Soluciones para el sector del alquiler | Optimizaci\u00f3n del alquiler de flotas de veh\u00edculos<\/title>\n<meta name=\"description\" content=\"Optimice las operaciones de alquiler de su flota de veh\u00edculos con nuestras soluciones para el sector del alquiler. Mejore la gesti\u00f3n de activos, agilice los procesos e impulse la rentabilidad.\" \/>\n<meta name=\"robots\" content=\"index, follow, max-snippet:-1, max-image-preview:large, max-video-preview:-1\" \/>\n<link rel=\"canonical\" href=\"https:\/\/autorolasolutions.com\/solutions\/industry\/rentals\/\" \/>\n<meta property=\"og:locale\" content=\"es_ES\" \/>\n<meta property=\"og:type\" content=\"article\" \/>\n<meta property=\"og:title\" content=\"Soluciones para el sector del alquiler | Optimizaci\u00f3n del alquiler de flotas de veh\u00edculos\" \/>\n<meta property=\"og:description\" content=\"Optimice las operaciones de alquiler de su flota de veh\u00edculos con nuestras soluciones para el sector del alquiler. Mejore la gesti\u00f3n de activos, agilice los procesos e impulse la rentabilidad.\" \/>\n<meta property=\"og:url\" content=\"https:\/\/autorolasolutions.com\/solutions\/industry\/rentals\/\" \/>\n<meta property=\"og:site_name\" content=\"Autorola Solutions\" \/>\n<meta property=\"article:modified_time\" content=\"2024-02-29T11:23:21+00:00\" \/>\n<meta property=\"og:image\" content=\"https:\/\/autorolasolutions.com\/wp-content\/uploads\/2021\/09\/Hexagon-Logistik.jpg\" \/>\n<meta name=\"twitter:card\" content=\"summary_large_image\" \/>\n<meta name=\"twitter:label1\" content=\"Tiempo de lectura\" \/>\n\t<meta name=\"twitter:data1\" content=\"1 minuto\" \/>\n<script type=\"application\/ld+json\" class=\"yoast-schema-graph\">{\"@context\":\"https:\/\/schema.org\",\"@graph\":[{\"@type\":\"WebPage\",\"@id\":\"https:\/\/autorolasolutions.com\/solutions\/industry\/rentals\/\",\"url\":\"https:\/\/autorolasolutions.com\/solutions\/industry\/rentals\/\",\"name\":\"Soluciones para el sector del alquiler | Optimizaci\u00f3n del alquiler de flotas de veh\u00edculos\",\"isPartOf\":{\"@id\":\"https:\/\/autorolasolutions.com\/#website\"},\"primaryImageOfPage\":{\"@id\":\"https:\/\/autorolasolutions.com\/solutions\/industry\/rentals\/#primaryimage\"},\"image\":{\"@id\":\"https:\/\/autorolasolutions.com\/solutions\/industry\/rentals\/#primaryimage\"},\"thumbnailUrl\":\"https:\/\/autorolasolutions.com\/wp-content\/uploads\/2021\/09\/Hexagon-Logistik.jpg\",\"datePublished\":\"2023-03-22T07:56:26+00:00\",\"dateModified\":\"2024-02-29T11:23:21+00:00\",\"description\":\"Optimice las operaciones de alquiler de su flota de veh\u00edculos con nuestras soluciones para el sector del alquiler. Mejore la gesti\u00f3n de activos, agilice los procesos e impulse la rentabilidad.\",\"breadcrumb\":{\"@id\":\"https:\/\/autorolasolutions.com\/solutions\/industry\/rentals\/#breadcrumb\"},\"inLanguage\":\"es\",\"potentialAction\":[{\"@type\":\"ReadAction\",\"target\":[\"https:\/\/autorolasolutions.com\/solutions\/industry\/rentals\/\"]}]},{\"@type\":\"ImageObject\",\"inLanguage\":\"es\",\"@id\":\"https:\/\/autorolasolutions.com\/solutions\/industry\/rentals\/#primaryimage\",\"url\":\"https:\/\/autorolasolutions.com\/wp-content\/uploads\/2021\/09\/Hexagon-Logistik.jpg\",\"contentUrl\":\"https:\/\/autorolasolutions.com\/wp-content\/uploads\/2021\/09\/Hexagon-Logistik.jpg\"},{\"@type\":\"BreadcrumbList\",\"@id\":\"https:\/\/autorolasolutions.com\/solutions\/industry\/rentals\/#breadcrumb\",\"itemListElement\":[{\"@type\":\"ListItem\",\"position\":1,\"name\":\"Home\",\"item\":\"https:\/\/autorolasolutions.com\/\"},{\"@type\":\"ListItem\",\"position\":2,\"name\":\"Soluciones\",\"item\":\"https:\/\/autorolasolutions.com\/solutions\/\"},{\"@type\":\"ListItem\",\"position\":3,\"name\":\"Industrias\",\"item\":\"https:\/\/autorolasolutions.com\/solutions\/industry\/\"},{\"@type\":\"ListItem\",\"position\":4,\"name\":\"Rent a car\"}]},{\"@type\":\"WebSite\",\"@id\":\"https:\/\/autorolasolutions.com\/#website\",\"url\":\"https:\/\/autorolasolutions.com\/\",\"name\":\"Autorola Solutions\",\"description\":\"\",\"publisher\":{\"@id\":\"https:\/\/autorolasolutions.com\/#organization\"},\"potentialAction\":[{\"@type\":\"SearchAction\",\"target\":{\"@type\":\"EntryPoint\",\"urlTemplate\":\"https:\/\/autorolasolutions.com\/?s={search_term_string}\"},\"query-input\":{\"@type\":\"PropertyValueSpecification\",\"valueRequired\":true,\"valueName\":\"search_term_string\"}}],\"inLanguage\":\"es\"},{\"@type\":\"Organization\",\"@id\":\"https:\/\/autorolasolutions.com\/#organization\",\"name\":\"Autorola Solutions\",\"url\":\"https:\/\/autorolasolutions.com\/\",\"logo\":{\"@type\":\"ImageObject\",\"inLanguage\":\"es\",\"@id\":\"https:\/\/autorolasolutions.com\/#\/schema\/logo\/image\/\",\"url\":\"https:\/\/autorolasolutions.com\/wp-content\/uploads\/2025\/01\/Autorola_Solutions_Logo_Left_Screen_RGB.svg\",\"contentUrl\":\"https:\/\/autorolasolutions.com\/wp-content\/uploads\/2025\/01\/Autorola_Solutions_Logo_Left_Screen_RGB.svg\",\"width\":143,\"height\":44,\"caption\":\"Autorola Solutions\"},\"image\":{\"@id\":\"https:\/\/autorolasolutions.com\/#\/schema\/logo\/image\/\"},\"sameAs\":[\"https:\/\/www.linkedin.com\/company\/autorolasolutions\/\"]}]}<\/script>\n<!-- \/ Yoast SEO plugin. -->","yoast_head_json":{"title":"Soluciones para el sector del alquiler | Optimizaci\u00f3n del alquiler de flotas de veh\u00edculos","description":"Optimice las operaciones de alquiler de su flota de veh\u00edculos con nuestras soluciones para el sector del alquiler. Mejore la gesti\u00f3n de activos, agilice los procesos e impulse la rentabilidad.","robots":{"index":"index","follow":"follow","max-snippet":"max-snippet:-1","max-image-preview":"max-image-preview:large","max-video-preview":"max-video-preview:-1"},"canonical":"https:\/\/autorolasolutions.com\/solutions\/industry\/rentals\/","og_locale":"es_ES","og_type":"article","og_title":"Soluciones para el sector del alquiler | Optimizaci\u00f3n del alquiler de flotas de veh\u00edculos","og_description":"Optimice las operaciones de alquiler de su flota de veh\u00edculos con nuestras soluciones para el sector del alquiler. Mejore la gesti\u00f3n de activos, agilice los procesos e impulse la rentabilidad.","og_url":"https:\/\/autorolasolutions.com\/solutions\/industry\/rentals\/","og_site_name":"Autorola Solutions","article_modified_time":"2024-02-29T11:23:21+00:00","og_image":[{"url":"https:\/\/autorolasolutions.com\/wp-content\/uploads\/2021\/09\/Hexagon-Logistik.jpg","type":"","width":"","height":""}],"twitter_card":"summary_large_image","twitter_misc":{"Tiempo de lectura":"1 minuto"},"schema":{"@context":"https:\/\/schema.org","@graph":[{"@type":"WebPage","@id":"https:\/\/autorolasolutions.com\/solutions\/industry\/rentals\/","url":"https:\/\/autorolasolutions.com\/solutions\/industry\/rentals\/","name":"Soluciones para el sector del alquiler | Optimizaci\u00f3n del alquiler de flotas de veh\u00edculos","isPartOf":{"@id":"https:\/\/autorolasolutions.com\/#website"},"primaryImageOfPage":{"@id":"https:\/\/autorolasolutions.com\/solutions\/industry\/rentals\/#primaryimage"},"image":{"@id":"https:\/\/autorolasolutions.com\/solutions\/industry\/rentals\/#primaryimage"},"thumbnailUrl":"https:\/\/autorolasolutions.com\/wp-content\/uploads\/2021\/09\/Hexagon-Logistik.jpg","datePublished":"2023-03-22T07:56:26+00:00","dateModified":"2024-02-29T11:23:21+00:00","description":"Optimice las operaciones de alquiler de su flota de veh\u00edculos con nuestras soluciones para el sector del alquiler. Mejore la gesti\u00f3n de activos, agilice los procesos e impulse la rentabilidad.","breadcrumb":{"@id":"https:\/\/autorolasolutions.com\/solutions\/industry\/rentals\/#breadcrumb"},"inLanguage":"es","potentialAction":[{"@type":"ReadAction","target":["https:\/\/autorolasolutions.com\/solutions\/industry\/rentals\/"]}]},{"@type":"ImageObject","inLanguage":"es","@id":"https:\/\/autorolasolutions.com\/solutions\/industry\/rentals\/#primaryimage","url":"https:\/\/autorolasolutions.com\/wp-content\/uploads\/2021\/09\/Hexagon-Logistik.jpg","contentUrl":"https:\/\/autorolasolutions.com\/wp-content\/uploads\/2021\/09\/Hexagon-Logistik.jpg"},{"@type":"BreadcrumbList","@id":"https:\/\/autorolasolutions.com\/solutions\/industry\/rentals\/#breadcrumb","itemListElement":[{"@type":"ListItem","position":1,"name":"Home","item":"https:\/\/autorolasolutions.com\/"},{"@type":"ListItem","position":2,"name":"Soluciones","item":"https:\/\/autorolasolutions.com\/solutions\/"},{"@type":"ListItem","position":3,"name":"Industrias","item":"https:\/\/autorolasolutions.com\/solutions\/industry\/"},{"@type":"ListItem","position":4,"name":"Rent a car"}]},{"@type":"WebSite","@id":"https:\/\/autorolasolutions.com\/#website","url":"https:\/\/autorolasolutions.com\/","name":"Autorola Solutions","description":"","publisher":{"@id":"https:\/\/autorolasolutions.com\/#organization"},"potentialAction":[{"@type":"SearchAction","target":{"@type":"EntryPoint","urlTemplate":"https:\/\/autorolasolutions.com\/?s={search_term_string}"},"query-input":{"@type":"PropertyValueSpecification","valueRequired":true,"valueName":"search_term_string"}}],"inLanguage":"es"},{"@type":"Organization","@id":"https:\/\/autorolasolutions.com\/#organization","name":"Autorola Solutions","url":"https:\/\/autorolasolutions.com\/","logo":{"@type":"ImageObject","inLanguage":"es","@id":"https:\/\/autorolasolutions.com\/#\/schema\/logo\/image\/","url":"https:\/\/autorolasolutions.com\/wp-content\/uploads\/2025\/01\/Autorola_Solutions_Logo_Left_Screen_RGB.svg","contentUrl":"https:\/\/autorolasolutions.com\/wp-content\/uploads\/2025\/01\/Autorola_Solutions_Logo_Left_Screen_RGB.svg","width":143,"height":44,"caption":"Autorola Solutions"},"image":{"@id":"https:\/\/autorolasolutions.com\/#\/schema\/logo\/image\/"},"sameAs":["https:\/\/www.linkedin.com\/company\/autorolasolutions\/"]}]}},"_links":{"self":[{"href":"https:\/\/autorolasolutions.com\/es\/wp-json\/wp\/v2\/pages\/17838","targetHints":{"allow":["GET"]}}],"collection":[{"href":"https:\/\/autorolasolutions.com\/es\/wp-json\/wp\/v2\/pages"}],"about":[{"href":"https:\/\/autorolasolutions.com\/es\/wp-json\/wp\/v2\/types\/page"}],"author":[{"embeddable":true,"href":"https:\/\/autorolasolutions.com\/es\/wp-json\/wp\/v2\/users\/8"}],"replies":[{"embeddable":true,"href":"https:\/\/autorolasolutions.com\/es\/wp-json\/wp\/v2\/comments?post=17838"}],"version-history":[{"count":8,"href":"https:\/\/autorolasolutions.com\/es\/wp-json\/wp\/v2\/pages\/17838\/revisions"}],"predecessor-version":[{"id":17984,"href":"https:\/\/autorolasolutions.com\/es\/wp-json\/wp\/v2\/pages\/17838\/revisions\/17984"}],"up":[{"embeddable":true,"href":"https:\/\/autorolasolutions.com\/es\/wp-json\/wp\/v2\/pages\/2824"}],"wp:attachment":[{"href":"https:\/\/autorolasolutions.com\/es\/wp-json\/wp\/v2\/media?parent=17838"}],"curies":[{"name":"wp","href":"https:\/\/api.w.org\/{rel}","templated":true}]}}