{"id":2833,"date":"2021-11-09T12:35:00","date_gmt":"2021-11-09T11:35:00","guid":{"rendered":"https:\/\/autorolasolutions.com\/solutions\/challenge\/digitize-system-landscape\/"},"modified":"2025-02-04T12:22:57","modified_gmt":"2025-02-04T11:22:57","slug":"digitaliza-tu-entorno-de-sistemas","status":"publish","type":"page","link":"https:\/\/autorolasolutions.com\/es\/soluciones\/los-retos\/digitaliza-tu-entorno-de-sistemas\/","title":{"rendered":"Digitaliza tu entorno de sistemas"},"content":{"rendered":"\t\t<div data-elementor-type=\"wp-page\" data-elementor-id=\"2833\" class=\"elementor elementor-2833 elementor-107\" data-elementor-post-type=\"page\">\n\t\t\t\t\t\t<section class=\"elementor-section elementor-top-section elementor-element elementor-element-c36cff4 elementor-section-boxed elementor-section-height-default elementor-section-height-default\" data-id=\"c36cff4\" data-element_type=\"section\" data-e-type=\"section\">\n\t\t\t\t\t\t<div class=\"elementor-container elementor-column-gap-default\">\n\t\t\t\t\t<div class=\"elementor-column elementor-col-100 elementor-top-column elementor-element elementor-element-238207c\" data-id=\"238207c\" data-element_type=\"column\" data-e-type=\"column\">\n\t\t\t<div class=\"elementor-widget-wrap elementor-element-populated\">\n\t\t\t\t\t\t<div class=\"elementor-element elementor-element-01bda70 elementor-widget elementor-widget-text-editor\" data-id=\"01bda70\" data-element_type=\"widget\" data-e-type=\"widget\" data-widget_type=\"text-editor.default\">\n\t\t\t\t<div class=\"elementor-widget-container\">\n\t\t\t\t\t\t\t\t\t<h1>Digitaliza tu entorno de sistemas<\/h1><h2>\u00bfC\u00f3mo simplificar tu trabajo gracias a una visi\u00f3n integrada de todos tus sistemas?<\/h2><p>Cualquier tarea manual en sus procesos, como listas de Excel, archivos en papel o correspondencia por correo electr\u00f3nico, consume mucho tiempo y alberga un alto potencial de errores debido a la diferencia de formatos. Con Fleet Monitor, usted crea una interfaz para todos los sistemas existentes, tanto los suyos como los de sus partners y proveedores de servicios. De este modo, no s\u00f3lo obtendr\u00e1 una mayor transparencia en todo el proceso mediante el seguimiento monitorizado sino que, tambi\u00e9n garantizar\u00e1 el cumplimiento de la normativa en todo el proceso.<\/p><p>Simplificar el trabajo en un entorno de sistemas digitales implica aprovechar la tecnolog\u00eda para automatizar y agilizar los procesos, reducir las intervenciones manuales y eliminar errores. Estos son algunos pasos que puede dar para simplificar su trabajo con un entorno de sistemas digitales:<\/p><ol><li><strong>Identifique sus sistemas y procesos:<\/strong> Empiece por identificar todos los sistemas y procesos que intervienen en las operaciones de su empresa, incluidos sus propios sistemas internos y los de sus proveedores de servicios.<\/li><li><strong>Integre sus sistemas:<\/strong> Utilice una plataforma digital como Fleet Monitor para integrar todos sus sistemas, reuniendo todos los datos relevantes de diferentes fuentes en un solo sistema. Esto puede ayudar a eliminar discontinuidades en los sistemas, simplificar la comunicaci\u00f3n y la colaboraci\u00f3n, y evitar errores causados por diferencias en los formatos de los datos.<\/li><li><strong>Armonice y agregue datos:<\/strong> Con todos sus sistemas integrados, puede armonizar y agregar datos para obtener una mayor transparencia en todo el proceso. Esto incluye el uso de funciones de seguimiento y localizaci\u00f3n para supervisar a los proveedores de servicios y garantizar el cumplimiento de la normativa.<\/li><li><strong>Automatice los procesos:<\/strong> Utilice la plataforma digital para automatizar procesos y eliminar intervenciones manuales, como listas de Excel, archivos en papel o correspondencia por correo electr\u00f3nico. Esto puede ayudar a reducir errores, mejorar la eficiencia y ahorrar tiempo.<\/li><li><strong>Proporcione informes y an\u00e1lisis en tiempo real:<\/strong> Con todos sus datos en un solo sistema, puede proporcionar informes y an\u00e1lisis en tiempo real para ayudarle a tomar decisiones, identificar cambios de mercado y optimizar sus procesos.<\/li><\/ol><p>Al simplificar su trabajo con un sistema digital, puede agilizar sus procesos, reducir errores y mejorar la eficacia, lo que en \u00faltima instancia impulsar\u00e1 la rentabilidad y el \u00e9xito de su empresa.<\/p>\t\t\t\t\t\t\t\t<\/div>\n\t\t\t\t<\/div>\n\t\t\t\t\t<\/div>\n\t\t<\/div>\n\t\t\t\t\t<\/div>\n\t\t<\/section>\n\t\t\t\t<section class=\"elementor-section elementor-top-section elementor-element elementor-element-824c70d elementor-section-full_width elementor-section-height-default elementor-section-height-default\" data-id=\"824c70d\" data-element_type=\"section\" data-e-type=\"section\" data-settings=\"{&quot;background_background&quot;:&quot;classic&quot;}\">\n\t\t\t\t\t\t<div class=\"elementor-container elementor-column-gap-default\">\n\t\t\t\t\t<div class=\"elementor-column elementor-col-50 elementor-top-column elementor-element elementor-element-3a6adc0\" data-id=\"3a6adc0\" data-element_type=\"column\" data-e-type=\"column\">\n\t\t\t<div class=\"elementor-widget-wrap elementor-element-populated\">\n\t\t\t\t\t\t<div class=\"elementor-element elementor-element-9b3d7a4 elementor-widget elementor-widget-html\" data-id=\"9b3d7a4\" data-element_type=\"widget\" data-e-type=\"widget\" data-widget_type=\"html.default\">\n\t\t\t\t<div class=\"elementor-widget-container\">\n\t\t\t\t\t<?xml version=\"1.0\" encoding=\"utf-8\"?>\n<!-- Generator: Adobe Illustrator 25.3.1, SVG Export Plug-In . SVG Version: 6.00 Build 0)  -->\n<svg class=\"kaeseecke\" version=\"1.1\" id=\"Ebene_2_1_\" xmlns=\"http:\/\/www.w3.org\/2000\/svg\" xmlns:xlink=\"http:\/\/www.w3.org\/1999\/xlink\" x=\"0px\" y=\"0px\"\n\t viewBox=\"0 0 960 960\" style=\"enable-background:new 0 0 960 960;\" xml:space=\"preserve\">\n<style type=\"text\/css\">\n\t.st0{fill:#9E9E9E;}\n<\/style>\n<polygon class=\"A st0\" points=\"209.4,778.6 445.3,492.9 80,431.6 \"\/>\n<g class=\"F\" id=\"Banken\">\n\t<defs>\n\t\t<polygon id=\"Banken_1_\" points=\"356.7,96.4 486.1,443.4 722,157.8 \t\t\"\/>\n\t<\/defs>\n\t<clipPath id=\"Banken_2_\">\n\t\t<use xlink:href=\"#Banken_1_\"  style=\"overflow:visible;\"\/>\n\t<\/clipPath>\n\t<g transform=\"matrix(1 0 0 1 1.525879e-05 0)\" style=\"clip-path:url(#Banken_2_);\">\n\t\t\n\t\t\t<image class=\"kaeseimage\" style=\"overflow:visible;\" width=\"1264\" height=\"843\" xlink:href=\"\/wp-content\/uploads\/2021\/09\/money-blau.png\"  transform=\"matrix(0.5459 0 0 0.5459 215 27.589)\">\n\t\t<\/image>\n\t<\/g>\n<\/g>\n<g class=\"C\" id=\"Haendler\">\n\t<defs>\n\t\t<polygon id=\"Haendler_1_\" points=\"514.7,467.1 880,528.4 750.6,181.4 \t\t\"\/>\n\t<\/defs>\n\t<clipPath id=\"Haendler_2_\">\n\t\t<use xlink:href=\"#Haendler_1_\"  style=\"overflow:visible;\"\/>\n\t<\/clipPath>\n\t<g transform=\"matrix(1 0 0 1 0 0)\" style=\"clip-path:url(#Haendler_2_);\">\n\t\t\n\t\t\t<image class=\"kaeseimage\" style=\"overflow:visible;\" width=\"2000\" height=\"953\" xlink:href=\"\/wp-content\/uploads\/2021\/09\/Shaking-hands-blau.png\"  transform=\"matrix(0.395 0 0 0.395 200.3094 156.043)\">\n\t\t<\/image>\n\t<\/g>\n<\/g>\n<g class=\"D\" id=\"Hersteller\">\n\t<defs>\n\t\t<polygon id=\"Hersteller_1_\" points=\"322,109.4 86.1,395 451.4,456.4 \t\t\"\/>\n\t<\/defs>\n\t<clipPath id=\"Hersteller_2_\">\n\t\t<use xlink:href=\"#Hersteller_1_\"  style=\"overflow:visible;\"\/>\n\t<\/clipPath>\n\t<g style=\"clip-path:url(#Hersteller_2_);\">\n\t\t\n\t\t\t<image class=\"kaeseimage\" style=\"overflow:visible;\" width=\"1070\" height=\"714\" xlink:href=\"\/wp-content\/uploads\/2021\/09\/Fahrzeugbau-blau.png\"  transform=\"matrix(0.5701 0 0 0.5701 32.1523 72.9533)\">\n\t\t<\/image>\n\t<\/g>\n<\/g>\n<g class=\"B\" id=\"Leasing\">\n\t<defs>\n\t\t<polygon id=\"Leasing_2_\" points=\"638,850.6 873.9,565 508.6,503.6 \t\t\"\/>\n\t<\/defs>\n\t<clipPath id=\"Leasing_1_\">\n\t\t<use xlink:href=\"#Leasing_2_\"  style=\"overflow:visible;\"\/>\n\t<\/clipPath>\n\t<g transform=\"matrix(1 2.980232e-08 -2.980232e-08 1 0 0)\" style=\"clip-path:url(#Leasing_1_);\">\n\t\t\n\t\t\t<image class=\"kaeseimage\" style=\"overflow:visible;\" width=\"1270\" height=\"714\" xlink:href=\"\/wp-content\/uploads\/2021\/09\/Parkplatz-blau.png\"  transform=\"matrix(0.9072 0.2335 -0.2335 0.9072 295.6266 390.6233)\">\n\t\t<\/image>\n\t<\/g>\n<\/g>\n<g class=\"E\" id=\"Logistikanbieter\">\n\t<defs>\n\t\t<polygon id=\"Logistikanbieter_1_\" points=\"473.9,516.6 238,802.2 603.3,863.6 \t\t\"\/>\n\t<\/defs>\n\t<clipPath id=\"Logistikanbieter_2_\">\n\t\t<use xlink:href=\"#Logistikanbieter_1_\"  style=\"overflow:visible;\"\/>\n\t<\/clipPath>\n\t<g transform=\"matrix(1 0 0 1 0 1.525879e-05)\" style=\"clip-path:url(#Logistikanbieter_2_);\">\n\t\t\n\t\t\t<image class=\"kaeseimage\" style=\"overflow:visible;\" width=\"1072\" height=\"714\" xlink:href=\"\/wp-content\/uploads\/2021\/09\/street-blau.png\"  transform=\"matrix(1.0858 0 0 1.0858 -295.8258 244.9563)\">\n\t\t<\/image>\n\t<\/g>\n<\/g>\n<\/svg>\n\t\t\t\t<\/div>\n\t\t\t\t<\/div>\n\t\t\t\t\t<\/div>\n\t\t<\/div>\n\t\t\t\t<div class=\"elementor-column elementor-col-50 elementor-top-column elementor-element elementor-element-2096090\" data-id=\"2096090\" data-element_type=\"column\" data-e-type=\"column\">\n\t\t\t<div class=\"elementor-widget-wrap elementor-element-populated\">\n\t\t\t\t\t\t<div class=\"elementor-element elementor-element-c2967cf elementor-widget elementor-widget-text-editor\" data-id=\"c2967cf\" data-element_type=\"widget\" data-e-type=\"widget\" data-widget_type=\"text-editor.default\">\n\t\t\t\t<div class=\"elementor-widget-container\">\n\t\t\t\t\t\t\t\t\t<h3>VENTAJAS<\/h3>\t\t\t\t\t\t\t\t<\/div>\n\t\t\t\t<\/div>\n\t\t\t\t<div class=\"elementor-element elementor-element-b28f56a sub-solutions elementor-list-item-link-inline elementor-icon-list--layout-traditional elementor-widget elementor-widget-icon-list\" data-id=\"b28f56a\" data-element_type=\"widget\" data-e-type=\"widget\" data-widget_type=\"icon-list.default\">\n\t\t\t\t<div class=\"elementor-widget-container\">\n\t\t\t\t\t\t\t<ul class=\"elementor-icon-list-items\">\n\t\t\t\t\t\t\t<li class=\"elementor-icon-list-item\">\n\t\t\t\t\t\t\t\t\t\t\t<a href=\"https:\/\/autorolasolutions.com\/es\/soluciones\/los-retos\/reducir-los-tiempos-muertos\/\" class=\"B C D F\">\n\n\t\t\t\t\t\t\t\t\t\t\t<span class=\"elementor-icon-list-text\">Reducir los tiempos muertos<\/span>\n\t\t\t\t\t\t\t\t\t\t\t<\/a>\n\t\t\t\t\t\t\t\t\t<\/li>\n\t\t\t\t\t\t\t\t<li class=\"elementor-icon-list-item\">\n\t\t\t\t\t\t\t\t\t\t\t<a href=\"https:\/\/autorolasolutions.com\/es\/soluciones\/los-retos\/optimizar-procesos\/\" class=\"B C D E F\">\n\n\t\t\t\t\t\t\t\t\t\t\t<span class=\"elementor-icon-list-text\">Optimizar procesos<\/span>\n\t\t\t\t\t\t\t\t\t\t\t<\/a>\n\t\t\t\t\t\t\t\t\t<\/li>\n\t\t\t\t\t\t\t\t<li class=\"elementor-icon-list-item\">\n\t\t\t\t\t\t\t\t\t\t\t<a href=\"https:\/\/autorolasolutions.com\/es\/soluciones\/los-retos\/digitaliza-tu-entorno-de-sistemas\/\" class=\"C D E\">\n\n\t\t\t\t\t\t\t\t\t\t\t<span class=\"elementor-icon-list-text\">Digitaliza tu entorno de sistemas<\/span>\n\t\t\t\t\t\t\t\t\t\t\t<\/a>\n\t\t\t\t\t\t\t\t\t<\/li>\n\t\t\t\t\t\t\t\t<li class=\"elementor-icon-list-item\">\n\t\t\t\t\t\t\t\t\t\t\t<a href=\"https:\/\/autorolasolutions.com\/es\/soluciones\/los-retos\/optimize-sales-management\/\" class=\"C D E\">\n\n\t\t\t\t\t\t\t\t\t\t\t<span class=\"elementor-icon-list-text\">Optimiza la gesti\u00f3n de venta<\/span>\n\t\t\t\t\t\t\t\t\t\t\t<\/a>\n\t\t\t\t\t\t\t\t\t<\/li>\n\t\t\t\t\t\t\t\t<li class=\"elementor-icon-list-item\">\n\t\t\t\t\t\t\t\t\t\t\t<a href=\"https:\/\/autorolasolutions.com\/es\/soluciones\/los-retos\/gestiona-y-controla-los-proveedores-de-servicio\/\" class=\"B C D E F\">\n\n\t\t\t\t\t\t\t\t\t\t\t<span class=\"elementor-icon-list-text\">Gestiona y controla los proveedores de servicio<\/span>\n\t\t\t\t\t\t\t\t\t\t\t<\/a>\n\t\t\t\t\t\t\t\t\t<\/li>\n\t\t\t\t\t\t\t\t<li class=\"elementor-icon-list-item\">\n\t\t\t\t\t\t\t\t\t\t\t<a href=\"https:\/\/autorolasolutions.com\/es\/soluciones\/los-retos\/reduce-costes\/\" class=\"B C D E F\">\n\n\t\t\t\t\t\t\t\t\t\t\t<span class=\"elementor-icon-list-text\">Reduce costes<\/span>\n\t\t\t\t\t\t\t\t\t\t\t<\/a>\n\t\t\t\t\t\t\t\t\t<\/li>\n\t\t\t\t\t\t\t\t<li class=\"elementor-icon-list-item\">\n\t\t\t\t\t\t\t\t\t\t\t<a href=\"https:\/\/autorolasolutions.com\/es\/soluciones\/los-retos\/conformidad-de-la-auditoria\/\" class=\"B C D E F\">\n\n\t\t\t\t\t\t\t\t\t\t\t<span class=\"elementor-icon-list-text\">Conformidad de la auditor\u00eda<\/span>\n\t\t\t\t\t\t\t\t\t\t\t<\/a>\n\t\t\t\t\t\t\t\t\t<\/li>\n\t\t\t\t\t\t<\/ul>\n\t\t\t\t\t\t<\/div>\n\t\t\t\t<\/div>\n\t\t\t\t<div class=\"elementor-element elementor-element-4f6c647 elementor-widget elementor-widget-button\" data-id=\"4f6c647\" data-element_type=\"widget\" data-e-type=\"widget\" data-widget_type=\"button.default\">\n\t\t\t\t<div class=\"elementor-widget-container\">\n\t\t\t\t\t\t\t\t\t<div class=\"elementor-button-wrapper\">\n\t\t\t\t\t<a class=\"elementor-button elementor-button-link elementor-size-sm elementor-animation-grow\" href=\"https:\/\/autorolasolutions.com\/es\/contacto\/\">\n\t\t\t\t\t\t<span class=\"elementor-button-content-wrapper\">\n\t\t\t\t\t\t<span class=\"elementor-button-icon\">\n\t\t\t\t<i aria-hidden=\"true\" class=\"fas fa-arrow-right\"><\/i>\t\t\t<\/span>\n\t\t\t\t\t\t\t\t\t<span class=\"elementor-button-text\">Cont\u00e1ctanos<\/span>\n\t\t\t\t\t<\/span>\n\t\t\t\t\t<\/a>\n\t\t\t\t<\/div>\n\t\t\t\t\t\t\t\t<\/div>\n\t\t\t\t<\/div>\n\t\t\t\t\t<\/div>\n\t\t<\/div>\n\t\t\t\t\t<\/div>\n\t\t<\/section>\n\t\t\t\t<\/div>\n\t\t","protected":false},"excerpt":{"rendered":"<p>Digitaliza tu entorno de sistemas \u00bfC\u00f3mo simplificar tu trabajo gracias a una visi\u00f3n integrada de todos tus sistemas? Cualquier tarea manual en sus procesos, como listas de Excel, archivos en papel o correspondencia por correo electr\u00f3nico, consume mucho tiempo y alberga un alto potencial de errores debido a la diferencia de formatos. Con Fleet Monitor, [&hellip;]<\/p>\n","protected":false},"author":2,"featured_media":0,"parent":2830,"menu_order":3,"comment_status":"closed","ping_status":"open","template":"","meta":{"_acf_changed":false,"inline_featured_image":false,"site-sidebar-layout":"no-sidebar","site-content-layout":"default","ast-site-content-layout":"default","site-content-style":"default","site-sidebar-style":"default","ast-global-header-display":"","ast-banner-title-visibility":"","ast-main-header-display":"","ast-hfb-above-header-display":"","ast-hfb-below-header-display":"","ast-hfb-mobile-header-display":"","site-post-title":"disabled","ast-breadcrumbs-content":"","ast-featured-img":"disabled","footer-sml-layout":"","theme-transparent-header-meta":"default","adv-header-id-meta":"","stick-header-meta":"default","header-above-stick-meta":"","header-main-stick-meta":"","header-below-stick-meta":"","astra-migrate-meta-layouts":"default","ast-page-background-enabled":"default","ast-page-background-meta":{"desktop":{"background-color":"","background-image":"","background-repeat":"repeat","background-position":"center center","background-size":"auto","background-attachment":"scroll","background-type":"","background-media":"","overlay-type":"","overlay-color":"","overlay-opacity":"","overlay-gradient":""},"tablet":{"background-color":"","background-image":"","background-repeat":"repeat","background-position":"center center","background-size":"auto","background-attachment":"scroll","background-type":"","background-media":"","overlay-type":"","overlay-color":"","overlay-opacity":"","overlay-gradient":""},"mobile":{"background-color":"","background-image":"","background-repeat":"repeat","background-position":"center center","background-size":"auto","background-attachment":"scroll","background-type":"","background-media":"","overlay-type":"","overlay-color":"","overlay-opacity":"","overlay-gradient":""}},"ast-content-background-meta":{"desktop":{"background-color":"var(--ast-global-color-5)","background-image":"","background-repeat":"repeat","background-position":"center center","background-size":"auto","background-attachment":"scroll","background-type":"","background-media":"","overlay-type":"","overlay-color":"","overlay-opacity":"","overlay-gradient":""},"tablet":{"background-color":"var(--ast-global-color-5)","background-image":"","background-repeat":"repeat","background-position":"center center","background-size":"auto","background-attachment":"scroll","background-type":"","background-media":"","overlay-type":"","overlay-color":"","overlay-opacity":"","overlay-gradient":""},"mobile":{"background-color":"var(--ast-global-color-5)","background-image":"","background-repeat":"repeat","background-position":"center center","background-size":"auto","background-attachment":"scroll","background-type":"","background-media":"","overlay-type":"","overlay-color":"","overlay-opacity":"","overlay-gradient":""}},"footnotes":""},"class_list":["post-2833","page","type-page","status-publish","hentry"],"acf":[],"yoast_head":"<!-- This site is optimized with the Yoast SEO plugin v27.0 - https:\/\/yoast.com\/product\/yoast-seo-wordpress\/ -->\n<title>Digitalizar la visi\u00f3n de sistemas | Transformaci\u00f3n del negocio de la automoci\u00f3n<\/title>\n<meta name=\"description\" content=\"Transforme su negocio de automoci\u00f3n con nuestra soluci\u00f3n para digitalizar el entorno de su sistema. Mejore la eficiencia, agilice los procesos y abra nuevas oportunidades de crecimiento.\" \/>\n<meta name=\"robots\" content=\"index, follow, max-snippet:-1, max-image-preview:large, max-video-preview:-1\" \/>\n<link rel=\"canonical\" href=\"https:\/\/autorolasolutions.com\/solutions\/business-values\/digitize-system-landscape\/\" \/>\n<meta property=\"og:locale\" content=\"es_ES\" \/>\n<meta property=\"og:type\" content=\"article\" \/>\n<meta property=\"og:title\" content=\"Digitalizar la visi\u00f3n de sistemas | Transformaci\u00f3n del negocio de la automoci\u00f3n\" \/>\n<meta property=\"og:description\" content=\"Transforme su negocio de automoci\u00f3n con nuestra soluci\u00f3n para digitalizar el entorno de su sistema. Mejore la eficiencia, agilice los procesos y abra nuevas oportunidades de crecimiento.\" \/>\n<meta property=\"og:url\" content=\"https:\/\/autorolasolutions.com\/solutions\/business-values\/digitize-system-landscape\/\" \/>\n<meta property=\"og:site_name\" content=\"Autorola Solutions\" \/>\n<meta property=\"article:modified_time\" content=\"2025-02-04T11:22:57+00:00\" \/>\n<meta name=\"twitter:card\" content=\"summary_large_image\" \/>\n<meta name=\"twitter:label1\" content=\"Tiempo de lectura\" \/>\n\t<meta name=\"twitter:data1\" content=\"2 minutos\" \/>\n<script type=\"application\/ld+json\" class=\"yoast-schema-graph\">{\"@context\":\"https:\/\/schema.org\",\"@graph\":[{\"@type\":\"WebPage\",\"@id\":\"https:\/\/autorolasolutions.com\/solutions\/business-values\/digitize-system-landscape\/\",\"url\":\"https:\/\/autorolasolutions.com\/solutions\/business-values\/digitize-system-landscape\/\",\"name\":\"Digitalizar la visi\u00f3n de sistemas | Transformaci\u00f3n del negocio de la automoci\u00f3n\",\"isPartOf\":{\"@id\":\"https:\/\/autorolasolutions.com\/#website\"},\"datePublished\":\"2021-11-09T11:35:00+00:00\",\"dateModified\":\"2025-02-04T11:22:57+00:00\",\"description\":\"Transforme su negocio de automoci\u00f3n con nuestra soluci\u00f3n para digitalizar el entorno de su sistema. Mejore la eficiencia, agilice los procesos y abra nuevas oportunidades de crecimiento.\",\"breadcrumb\":{\"@id\":\"https:\/\/autorolasolutions.com\/solutions\/business-values\/digitize-system-landscape\/#breadcrumb\"},\"inLanguage\":\"es\",\"potentialAction\":[{\"@type\":\"ReadAction\",\"target\":[\"https:\/\/autorolasolutions.com\/solutions\/business-values\/digitize-system-landscape\/\"]}]},{\"@type\":\"BreadcrumbList\",\"@id\":\"https:\/\/autorolasolutions.com\/solutions\/business-values\/digitize-system-landscape\/#breadcrumb\",\"itemListElement\":[{\"@type\":\"ListItem\",\"position\":1,\"name\":\"Home\",\"item\":\"https:\/\/autorolasolutions.com\/\"},{\"@type\":\"ListItem\",\"position\":2,\"name\":\"Soluciones\",\"item\":\"https:\/\/autorolasolutions.com\/solutions\/\"},{\"@type\":\"ListItem\",\"position\":3,\"name\":\"Los retos\",\"item\":\"https:\/\/autorolasolutions.com\/solutions\/business-values\/\"},{\"@type\":\"ListItem\",\"position\":4,\"name\":\"Digitaliza tu entorno de sistemas\"}]},{\"@type\":\"WebSite\",\"@id\":\"https:\/\/autorolasolutions.com\/#website\",\"url\":\"https:\/\/autorolasolutions.com\/\",\"name\":\"Autorola Solutions\",\"description\":\"\",\"publisher\":{\"@id\":\"https:\/\/autorolasolutions.com\/#organization\"},\"potentialAction\":[{\"@type\":\"SearchAction\",\"target\":{\"@type\":\"EntryPoint\",\"urlTemplate\":\"https:\/\/autorolasolutions.com\/?s={search_term_string}\"},\"query-input\":{\"@type\":\"PropertyValueSpecification\",\"valueRequired\":true,\"valueName\":\"search_term_string\"}}],\"inLanguage\":\"es\"},{\"@type\":\"Organization\",\"@id\":\"https:\/\/autorolasolutions.com\/#organization\",\"name\":\"Autorola Solutions\",\"url\":\"https:\/\/autorolasolutions.com\/\",\"logo\":{\"@type\":\"ImageObject\",\"inLanguage\":\"es\",\"@id\":\"https:\/\/autorolasolutions.com\/#\/schema\/logo\/image\/\",\"url\":\"https:\/\/autorolasolutions.com\/wp-content\/uploads\/2025\/01\/Autorola_Solutions_Logo_Left_Screen_RGB.svg\",\"contentUrl\":\"https:\/\/autorolasolutions.com\/wp-content\/uploads\/2025\/01\/Autorola_Solutions_Logo_Left_Screen_RGB.svg\",\"width\":143,\"height\":44,\"caption\":\"Autorola Solutions\"},\"image\":{\"@id\":\"https:\/\/autorolasolutions.com\/#\/schema\/logo\/image\/\"},\"sameAs\":[\"https:\/\/www.linkedin.com\/company\/autorolasolutions\/\"]}]}<\/script>\n<!-- \/ Yoast SEO plugin. -->","yoast_head_json":{"title":"Digitalizar la visi\u00f3n de sistemas | Transformaci\u00f3n del negocio de la automoci\u00f3n","description":"Transforme su negocio de automoci\u00f3n con nuestra soluci\u00f3n para digitalizar el entorno de su sistema. Mejore la eficiencia, agilice los procesos y abra nuevas oportunidades de crecimiento.","robots":{"index":"index","follow":"follow","max-snippet":"max-snippet:-1","max-image-preview":"max-image-preview:large","max-video-preview":"max-video-preview:-1"},"canonical":"https:\/\/autorolasolutions.com\/solutions\/business-values\/digitize-system-landscape\/","og_locale":"es_ES","og_type":"article","og_title":"Digitalizar la visi\u00f3n de sistemas | Transformaci\u00f3n del negocio de la automoci\u00f3n","og_description":"Transforme su negocio de automoci\u00f3n con nuestra soluci\u00f3n para digitalizar el entorno de su sistema. Mejore la eficiencia, agilice los procesos y abra nuevas oportunidades de crecimiento.","og_url":"https:\/\/autorolasolutions.com\/solutions\/business-values\/digitize-system-landscape\/","og_site_name":"Autorola Solutions","article_modified_time":"2025-02-04T11:22:57+00:00","twitter_card":"summary_large_image","twitter_misc":{"Tiempo de lectura":"2 minutos"},"schema":{"@context":"https:\/\/schema.org","@graph":[{"@type":"WebPage","@id":"https:\/\/autorolasolutions.com\/solutions\/business-values\/digitize-system-landscape\/","url":"https:\/\/autorolasolutions.com\/solutions\/business-values\/digitize-system-landscape\/","name":"Digitalizar la visi\u00f3n de sistemas | Transformaci\u00f3n del negocio de la automoci\u00f3n","isPartOf":{"@id":"https:\/\/autorolasolutions.com\/#website"},"datePublished":"2021-11-09T11:35:00+00:00","dateModified":"2025-02-04T11:22:57+00:00","description":"Transforme su negocio de automoci\u00f3n con nuestra soluci\u00f3n para digitalizar el entorno de su sistema. Mejore la eficiencia, agilice los procesos y abra nuevas oportunidades de crecimiento.","breadcrumb":{"@id":"https:\/\/autorolasolutions.com\/solutions\/business-values\/digitize-system-landscape\/#breadcrumb"},"inLanguage":"es","potentialAction":[{"@type":"ReadAction","target":["https:\/\/autorolasolutions.com\/solutions\/business-values\/digitize-system-landscape\/"]}]},{"@type":"BreadcrumbList","@id":"https:\/\/autorolasolutions.com\/solutions\/business-values\/digitize-system-landscape\/#breadcrumb","itemListElement":[{"@type":"ListItem","position":1,"name":"Home","item":"https:\/\/autorolasolutions.com\/"},{"@type":"ListItem","position":2,"name":"Soluciones","item":"https:\/\/autorolasolutions.com\/solutions\/"},{"@type":"ListItem","position":3,"name":"Los retos","item":"https:\/\/autorolasolutions.com\/solutions\/business-values\/"},{"@type":"ListItem","position":4,"name":"Digitaliza tu entorno de sistemas"}]},{"@type":"WebSite","@id":"https:\/\/autorolasolutions.com\/#website","url":"https:\/\/autorolasolutions.com\/","name":"Autorola Solutions","description":"","publisher":{"@id":"https:\/\/autorolasolutions.com\/#organization"},"potentialAction":[{"@type":"SearchAction","target":{"@type":"EntryPoint","urlTemplate":"https:\/\/autorolasolutions.com\/?s={search_term_string}"},"query-input":{"@type":"PropertyValueSpecification","valueRequired":true,"valueName":"search_term_string"}}],"inLanguage":"es"},{"@type":"Organization","@id":"https:\/\/autorolasolutions.com\/#organization","name":"Autorola Solutions","url":"https:\/\/autorolasolutions.com\/","logo":{"@type":"ImageObject","inLanguage":"es","@id":"https:\/\/autorolasolutions.com\/#\/schema\/logo\/image\/","url":"https:\/\/autorolasolutions.com\/wp-content\/uploads\/2025\/01\/Autorola_Solutions_Logo_Left_Screen_RGB.svg","contentUrl":"https:\/\/autorolasolutions.com\/wp-content\/uploads\/2025\/01\/Autorola_Solutions_Logo_Left_Screen_RGB.svg","width":143,"height":44,"caption":"Autorola Solutions"},"image":{"@id":"https:\/\/autorolasolutions.com\/#\/schema\/logo\/image\/"},"sameAs":["https:\/\/www.linkedin.com\/company\/autorolasolutions\/"]}]}},"_links":{"self":[{"href":"https:\/\/autorolasolutions.com\/es\/wp-json\/wp\/v2\/pages\/2833","targetHints":{"allow":["GET"]}}],"collection":[{"href":"https:\/\/autorolasolutions.com\/es\/wp-json\/wp\/v2\/pages"}],"about":[{"href":"https:\/\/autorolasolutions.com\/es\/wp-json\/wp\/v2\/types\/page"}],"author":[{"embeddable":true,"href":"https:\/\/autorolasolutions.com\/es\/wp-json\/wp\/v2\/users\/2"}],"replies":[{"embeddable":true,"href":"https:\/\/autorolasolutions.com\/es\/wp-json\/wp\/v2\/comments?post=2833"}],"version-history":[{"count":23,"href":"https:\/\/autorolasolutions.com\/es\/wp-json\/wp\/v2\/pages\/2833\/revisions"}],"predecessor-version":[{"id":55531,"href":"https:\/\/autorolasolutions.com\/es\/wp-json\/wp\/v2\/pages\/2833\/revisions\/55531"}],"up":[{"embeddable":true,"href":"https:\/\/autorolasolutions.com\/es\/wp-json\/wp\/v2\/pages\/2830"}],"wp:attachment":[{"href":"https:\/\/autorolasolutions.com\/es\/wp-json\/wp\/v2\/media?parent=2833"}],"curies":[{"name":"wp","href":"https:\/\/api.w.org\/{rel}","templated":true}]}}