{"id":2834,"date":"2021-11-09T12:35:35","date_gmt":"2021-11-09T11:35:35","guid":{"rendered":"https:\/\/autorolasolutions.com\/solutions\/challenge\/optimize-sales-management\/"},"modified":"2025-02-04T12:23:19","modified_gmt":"2025-02-04T11:23:19","slug":"optimize-sales-management","status":"publish","type":"page","link":"https:\/\/autorolasolutions.com\/es\/soluciones\/los-retos\/optimize-sales-management\/","title":{"rendered":"Optimiza la gesti\u00f3n de venta"},"content":{"rendered":"\t\t<div data-elementor-type=\"wp-page\" data-elementor-id=\"2834\" class=\"elementor elementor-2834 elementor-109\" data-elementor-post-type=\"page\">\n\t\t\t\t\t\t<section class=\"elementor-section elementor-top-section elementor-element elementor-element-301574c elementor-section-boxed elementor-section-height-default elementor-section-height-default\" data-id=\"301574c\" data-element_type=\"section\" data-e-type=\"section\">\n\t\t\t\t\t\t<div class=\"elementor-container elementor-column-gap-default\">\n\t\t\t\t\t<div class=\"elementor-column elementor-col-100 elementor-top-column elementor-element elementor-element-d86a391\" data-id=\"d86a391\" data-element_type=\"column\" data-e-type=\"column\">\n\t\t\t<div class=\"elementor-widget-wrap elementor-element-populated\">\n\t\t\t\t\t\t<div class=\"elementor-element elementor-element-009806a elementor-widget elementor-widget-text-editor\" data-id=\"009806a\" data-element_type=\"widget\" data-e-type=\"widget\" data-widget_type=\"text-editor.default\">\n\t\t\t\t<div class=\"elementor-widget-container\">\n\t\t\t\t\t\t\t\t\t<h1>Optimiza la gesti\u00f3n de sistemas<\/h1><h2>\u00bfC\u00f3mo mejorar los m\u00e1rgenes gracias a una mejor gesti\u00f3n de venta?<\/h2><p>Para lograr los mejores resultados posibles en las ventas, el control de ventas necesita una visi\u00f3n general en tiempo real de los procesos de inventario, ventas, preventa y posventa. Con Autorola Fleet Monitor, no s\u00f3lo coordina los veh\u00edculos para la venta, sino que tambi\u00e9n controla los diferentes canales de venta, como los mercados B2C, remarketing de B2B o las ventas a partners. Fleet Monitor controla de forma centralizada todos los pasos implicados. Esto significa que todas las actividades se gestionan desde una \u00fanica interfaz.<\/p><p>Con la plataforma Fleet Monitor, puede mejorar su margen a trav\u00e9s de una gesti\u00f3n de ventas optimizada y tomar decisiones informadas sobre precios, gesti\u00f3n de inventario y estrategias de ventas y centrarse en impulsar su venta de la forma m\u00e1s eficiente y rentable:<\/p><ol><li><strong>Agilice sus procesos de venta:<\/strong> Aseg\u00farese de que sus procesos de venta son eficientes y eficaces, y de que no hay cuellos de botella y optimiza procesos. Esto puede ayudar a reducir costes y mejorar la satisfacci\u00f3n del cliente.<\/li><li><strong>Optimice los precios:<\/strong> Utilice estrategias de precios din\u00e1micos para ajustar los precios en tiempo real en funci\u00f3n de la oferta y la demanda. Esto puede ayudarle a maximizar los ingresos y los m\u00e1rgenes de beneficio.<\/li><li><strong>C\u00e9ntrese en la retenci\u00f3n de clientes:<\/strong> C\u00e9ntrese en establecer relaciones s\u00f3lidas con sus clientes proporcion\u00e1ndoles un excelente servicio de atenci\u00f3n al cliente y ofreci\u00e9ndoles experiencias personalizadas.<\/li><li><strong>Aproveche la tecnolog\u00eda:<\/strong> Utilice la tecnolog\u00eda y el an\u00e1lisis de datos para mejorar su gesti\u00f3n de ventas. Esto puede ayudarte a identificar oportunidades de crecimiento y optimizar sus estrategias de ventas.<\/li><li><strong>Controle su inventario:<\/strong> Realice un seguimiento de sus niveles de inventario en tiempo real para asegurarse de que dispone de stock suficiente para satisfacer la demanda, pero no tantas como para incurrir en costes de mantenimiento innecesarios. Esto puede ayudarle a optimizar la gesti\u00f3n de su inventario y mejorar sus m\u00e1rgenes.<\/li><\/ol><p>Aplicando estas estrategias y utilizando herramientas como Fleet Monitor, podr\u00e1 mejorar la gesti\u00f3n de sus ventas y aumentar sus m\u00e1rgenes con el tiempo.<\/p>\t\t\t\t\t\t\t\t<\/div>\n\t\t\t\t<\/div>\n\t\t\t\t\t<\/div>\n\t\t<\/div>\n\t\t\t\t\t<\/div>\n\t\t<\/section>\n\t\t\t\t<section class=\"elementor-section elementor-top-section elementor-element elementor-element-c64d68e elementor-section-full_width elementor-section-height-default elementor-section-height-default\" data-id=\"c64d68e\" data-element_type=\"section\" data-e-type=\"section\" data-settings=\"{&quot;background_background&quot;:&quot;classic&quot;}\">\n\t\t\t\t\t\t<div class=\"elementor-container elementor-column-gap-default\">\n\t\t\t\t\t<div class=\"elementor-column elementor-col-50 elementor-top-column elementor-element elementor-element-c457c64\" data-id=\"c457c64\" data-element_type=\"column\" data-e-type=\"column\">\n\t\t\t<div class=\"elementor-widget-wrap elementor-element-populated\">\n\t\t\t\t\t\t<div class=\"elementor-element elementor-element-c80e459 elementor-widget elementor-widget-html\" data-id=\"c80e459\" data-element_type=\"widget\" data-e-type=\"widget\" data-widget_type=\"html.default\">\n\t\t\t\t<div class=\"elementor-widget-container\">\n\t\t\t\t\t<?xml version=\"1.0\" encoding=\"utf-8\"?>\n<!-- Generator: Adobe Illustrator 25.3.1, SVG Export Plug-In . SVG Version: 6.00 Build 0)  -->\n<svg class=\"kaeseecke\" version=\"1.1\" id=\"Ebene_2_1_\" xmlns=\"http:\/\/www.w3.org\/2000\/svg\" xmlns:xlink=\"http:\/\/www.w3.org\/1999\/xlink\" x=\"0px\" y=\"0px\"\n\t viewBox=\"0 0 960 960\" style=\"enable-background:new 0 0 960 960;\" xml:space=\"preserve\">\n<style type=\"text\/css\">\n\t.st0{fill:#9E9E9E;}\n<\/style>\n<polygon class=\"A st0\" points=\"209.4,778.6 445.3,492.9 80,431.6 \"\/>\n<g class=\"F\" id=\"Banken\">\n\t<defs>\n\t\t<polygon id=\"Banken_1_\" points=\"356.7,96.4 486.1,443.4 722,157.8 \t\t\"\/>\n\t<\/defs>\n\t<clipPath id=\"Banken_2_\">\n\t\t<use xlink:href=\"#Banken_1_\"  style=\"overflow:visible;\"\/>\n\t<\/clipPath>\n\t<g transform=\"matrix(1 0 0 1 1.525879e-05 0)\" style=\"clip-path:url(#Banken_2_);\">\n\t\t\n\t\t\t<image class=\"kaeseimage\" style=\"overflow:visible;\" width=\"1264\" height=\"843\" xlink:href=\"\/wp-content\/uploads\/2021\/09\/money-blau.png\"  transform=\"matrix(0.5459 0 0 0.5459 215 27.589)\">\n\t\t<\/image>\n\t<\/g>\n<\/g>\n<g class=\"C\" id=\"Haendler\">\n\t<defs>\n\t\t<polygon id=\"Haendler_1_\" points=\"514.7,467.1 880,528.4 750.6,181.4 \t\t\"\/>\n\t<\/defs>\n\t<clipPath id=\"Haendler_2_\">\n\t\t<use xlink:href=\"#Haendler_1_\"  style=\"overflow:visible;\"\/>\n\t<\/clipPath>\n\t<g transform=\"matrix(1 0 0 1 0 0)\" style=\"clip-path:url(#Haendler_2_);\">\n\t\t\n\t\t\t<image class=\"kaeseimage\" style=\"overflow:visible;\" width=\"2000\" height=\"953\" xlink:href=\"\/wp-content\/uploads\/2021\/09\/Shaking-hands-blau.png\"  transform=\"matrix(0.395 0 0 0.395 200.3094 156.043)\">\n\t\t<\/image>\n\t<\/g>\n<\/g>\n<g class=\"D\" id=\"Hersteller\">\n\t<defs>\n\t\t<polygon id=\"Hersteller_1_\" points=\"322,109.4 86.1,395 451.4,456.4 \t\t\"\/>\n\t<\/defs>\n\t<clipPath id=\"Hersteller_2_\">\n\t\t<use xlink:href=\"#Hersteller_1_\"  style=\"overflow:visible;\"\/>\n\t<\/clipPath>\n\t<g style=\"clip-path:url(#Hersteller_2_);\">\n\t\t\n\t\t\t<image class=\"kaeseimage\" style=\"overflow:visible;\" width=\"1070\" height=\"714\" xlink:href=\"\/wp-content\/uploads\/2021\/09\/Fahrzeugbau-blau.png\"  transform=\"matrix(0.5701 0 0 0.5701 32.1523 72.9533)\">\n\t\t<\/image>\n\t<\/g>\n<\/g>\n<g class=\"B\" id=\"Leasing\">\n\t<defs>\n\t\t<polygon id=\"Leasing_2_\" points=\"638,850.6 873.9,565 508.6,503.6 \t\t\"\/>\n\t<\/defs>\n\t<clipPath id=\"Leasing_1_\">\n\t\t<use xlink:href=\"#Leasing_2_\"  style=\"overflow:visible;\"\/>\n\t<\/clipPath>\n\t<g transform=\"matrix(1 2.980232e-08 -2.980232e-08 1 0 0)\" style=\"clip-path:url(#Leasing_1_);\">\n\t\t\n\t\t\t<image class=\"kaeseimage\" style=\"overflow:visible;\" width=\"1270\" height=\"714\" xlink:href=\"\/wp-content\/uploads\/2021\/09\/Parkplatz-blau.png\"  transform=\"matrix(0.9072 0.2335 -0.2335 0.9072 295.6266 390.6233)\">\n\t\t<\/image>\n\t<\/g>\n<\/g>\n<g class=\"E\" id=\"Logistikanbieter\">\n\t<defs>\n\t\t<polygon id=\"Logistikanbieter_1_\" points=\"473.9,516.6 238,802.2 603.3,863.6 \t\t\"\/>\n\t<\/defs>\n\t<clipPath id=\"Logistikanbieter_2_\">\n\t\t<use xlink:href=\"#Logistikanbieter_1_\"  style=\"overflow:visible;\"\/>\n\t<\/clipPath>\n\t<g transform=\"matrix(1 0 0 1 0 1.525879e-05)\" style=\"clip-path:url(#Logistikanbieter_2_);\">\n\t\t\n\t\t\t<image class=\"kaeseimage\" style=\"overflow:visible;\" width=\"1072\" height=\"714\" xlink:href=\"\/wp-content\/uploads\/2021\/09\/street-blau.png\"  transform=\"matrix(1.0858 0 0 1.0858 -295.8258 244.9563)\">\n\t\t<\/image>\n\t<\/g>\n<\/g>\n<\/svg>\n\t\t\t\t<\/div>\n\t\t\t\t<\/div>\n\t\t\t\t\t<\/div>\n\t\t<\/div>\n\t\t\t\t<div class=\"elementor-column elementor-col-50 elementor-top-column elementor-element elementor-element-3ded266\" data-id=\"3ded266\" data-element_type=\"column\" data-e-type=\"column\">\n\t\t\t<div class=\"elementor-widget-wrap elementor-element-populated\">\n\t\t\t\t\t\t<div class=\"elementor-element elementor-element-f41a760 elementor-widget elementor-widget-text-editor\" data-id=\"f41a760\" data-element_type=\"widget\" data-e-type=\"widget\" data-widget_type=\"text-editor.default\">\n\t\t\t\t<div class=\"elementor-widget-container\">\n\t\t\t\t\t\t\t\t\t<h3>VENTAJAS<\/h3>\t\t\t\t\t\t\t\t<\/div>\n\t\t\t\t<\/div>\n\t\t\t\t<div class=\"elementor-element elementor-element-697f1f4 sub-solutions elementor-list-item-link-inline elementor-icon-list--layout-traditional elementor-widget elementor-widget-icon-list\" data-id=\"697f1f4\" data-element_type=\"widget\" data-e-type=\"widget\" data-widget_type=\"icon-list.default\">\n\t\t\t\t<div class=\"elementor-widget-container\">\n\t\t\t\t\t\t\t<ul class=\"elementor-icon-list-items\">\n\t\t\t\t\t\t\t<li class=\"elementor-icon-list-item\">\n\t\t\t\t\t\t\t\t\t\t\t<a href=\"https:\/\/autorolasolutions.com\/es\/soluciones\/los-retos\/reducir-los-tiempos-muertos\/\" class=\"B C D F\">\n\n\t\t\t\t\t\t\t\t\t\t\t<span class=\"elementor-icon-list-text\">Reducir los tiempos muertos<\/span>\n\t\t\t\t\t\t\t\t\t\t\t<\/a>\n\t\t\t\t\t\t\t\t\t<\/li>\n\t\t\t\t\t\t\t\t<li class=\"elementor-icon-list-item\">\n\t\t\t\t\t\t\t\t\t\t\t<a href=\"https:\/\/autorolasolutions.com\/es\/soluciones\/los-retos\/optimizar-procesos\/\" class=\"B C D E F\">\n\n\t\t\t\t\t\t\t\t\t\t\t<span class=\"elementor-icon-list-text\">Optimizar procesos<\/span>\n\t\t\t\t\t\t\t\t\t\t\t<\/a>\n\t\t\t\t\t\t\t\t\t<\/li>\n\t\t\t\t\t\t\t\t<li class=\"elementor-icon-list-item\">\n\t\t\t\t\t\t\t\t\t\t\t<a href=\"https:\/\/autorolasolutions.com\/es\/soluciones\/los-retos\/digitaliza-tu-entorno-de-sistemas\/\" class=\"C D E\">\n\n\t\t\t\t\t\t\t\t\t\t\t<span class=\"elementor-icon-list-text\">Digitaliza tu entorno de sistemas<\/span>\n\t\t\t\t\t\t\t\t\t\t\t<\/a>\n\t\t\t\t\t\t\t\t\t<\/li>\n\t\t\t\t\t\t\t\t<li class=\"elementor-icon-list-item\">\n\t\t\t\t\t\t\t\t\t\t\t<a href=\"https:\/\/autorolasolutions.com\/es\/soluciones\/los-retos\/optimize-sales-management\/\" class=\"C D E\">\n\n\t\t\t\t\t\t\t\t\t\t\t<span class=\"elementor-icon-list-text\">Optimiza la gesti\u00f3n de venta<\/span>\n\t\t\t\t\t\t\t\t\t\t\t<\/a>\n\t\t\t\t\t\t\t\t\t<\/li>\n\t\t\t\t\t\t\t\t<li class=\"elementor-icon-list-item\">\n\t\t\t\t\t\t\t\t\t\t\t<a href=\"https:\/\/autorolasolutions.com\/es\/soluciones\/los-retos\/gestiona-y-controla-los-proveedores-de-servicio\/\" class=\"B C D E F\">\n\n\t\t\t\t\t\t\t\t\t\t\t<span class=\"elementor-icon-list-text\">Gestiona y controla los proveedores de servicio<\/span>\n\t\t\t\t\t\t\t\t\t\t\t<\/a>\n\t\t\t\t\t\t\t\t\t<\/li>\n\t\t\t\t\t\t\t\t<li class=\"elementor-icon-list-item\">\n\t\t\t\t\t\t\t\t\t\t\t<a href=\"https:\/\/autorolasolutions.com\/es\/soluciones\/los-retos\/reduce-costes\/\" class=\"B C D E F\">\n\n\t\t\t\t\t\t\t\t\t\t\t<span class=\"elementor-icon-list-text\">Reduce costes<\/span>\n\t\t\t\t\t\t\t\t\t\t\t<\/a>\n\t\t\t\t\t\t\t\t\t<\/li>\n\t\t\t\t\t\t\t\t<li class=\"elementor-icon-list-item\">\n\t\t\t\t\t\t\t\t\t\t\t<a href=\"https:\/\/autorolasolutions.com\/es\/soluciones\/los-retos\/conformidad-de-la-auditoria\/\" class=\"B C D E F\">\n\n\t\t\t\t\t\t\t\t\t\t\t<span class=\"elementor-icon-list-text\">Conformidad de la auditor\u00eda<\/span>\n\t\t\t\t\t\t\t\t\t\t\t<\/a>\n\t\t\t\t\t\t\t\t\t<\/li>\n\t\t\t\t\t\t<\/ul>\n\t\t\t\t\t\t<\/div>\n\t\t\t\t<\/div>\n\t\t\t\t<div class=\"elementor-element elementor-element-af1d7a6 elementor-widget elementor-widget-button\" data-id=\"af1d7a6\" data-element_type=\"widget\" data-e-type=\"widget\" data-widget_type=\"button.default\">\n\t\t\t\t<div class=\"elementor-widget-container\">\n\t\t\t\t\t\t\t\t\t<div class=\"elementor-button-wrapper\">\n\t\t\t\t\t<a class=\"elementor-button elementor-button-link elementor-size-sm elementor-animation-grow\" href=\"https:\/\/autorolasolutions.com\/es\/contacto\/\">\n\t\t\t\t\t\t<span class=\"elementor-button-content-wrapper\">\n\t\t\t\t\t\t<span class=\"elementor-button-icon\">\n\t\t\t\t<i aria-hidden=\"true\" class=\"fas fa-arrow-right\"><\/i>\t\t\t<\/span>\n\t\t\t\t\t\t\t\t\t<span class=\"elementor-button-text\">Cont\u00e1ctanos<\/span>\n\t\t\t\t\t<\/span>\n\t\t\t\t\t<\/a>\n\t\t\t\t<\/div>\n\t\t\t\t\t\t\t\t<\/div>\n\t\t\t\t<\/div>\n\t\t\t\t\t<\/div>\n\t\t<\/div>\n\t\t\t\t\t<\/div>\n\t\t<\/section>\n\t\t\t\t<\/div>\n\t\t","protected":false},"excerpt":{"rendered":"<p>Optimiza la gesti\u00f3n de sistemas \u00bfC\u00f3mo mejorar los m\u00e1rgenes gracias a una mejor gesti\u00f3n de venta? Para lograr los mejores resultados posibles en las ventas, el control de ventas necesita una visi\u00f3n general en tiempo real de los procesos de inventario, ventas, preventa y posventa. Con Autorola Fleet Monitor, no s\u00f3lo coordina los veh\u00edculos para [&hellip;]<\/p>\n","protected":false},"author":2,"featured_media":0,"parent":2830,"menu_order":4,"comment_status":"closed","ping_status":"open","template":"","meta":{"_acf_changed":false,"inline_featured_image":false,"site-sidebar-layout":"no-sidebar","site-content-layout":"default","ast-site-content-layout":"default","site-content-style":"default","site-sidebar-style":"default","ast-global-header-display":"","ast-banner-title-visibility":"","ast-main-header-display":"","ast-hfb-above-header-display":"","ast-hfb-below-header-display":"","ast-hfb-mobile-header-display":"","site-post-title":"disabled","ast-breadcrumbs-content":"","ast-featured-img":"disabled","footer-sml-layout":"","theme-transparent-header-meta":"default","adv-header-id-meta":"","stick-header-meta":"default","header-above-stick-meta":"","header-main-stick-meta":"","header-below-stick-meta":"","astra-migrate-meta-layouts":"default","ast-page-background-enabled":"default","ast-page-background-meta":{"desktop":{"background-color":"","background-image":"","background-repeat":"repeat","background-position":"center center","background-size":"auto","background-attachment":"scroll","background-type":"","background-media":"","overlay-type":"","overlay-color":"","overlay-opacity":"","overlay-gradient":""},"tablet":{"background-color":"","background-image":"","background-repeat":"repeat","background-position":"center center","background-size":"auto","background-attachment":"scroll","background-type":"","background-media":"","overlay-type":"","overlay-color":"","overlay-opacity":"","overlay-gradient":""},"mobile":{"background-color":"","background-image":"","background-repeat":"repeat","background-position":"center center","background-size":"auto","background-attachment":"scroll","background-type":"","background-media":"","overlay-type":"","overlay-color":"","overlay-opacity":"","overlay-gradient":""}},"ast-content-background-meta":{"desktop":{"background-color":"var(--ast-global-color-5)","background-image":"","background-repeat":"repeat","background-position":"center center","background-size":"auto","background-attachment":"scroll","background-type":"","background-media":"","overlay-type":"","overlay-color":"","overlay-opacity":"","overlay-gradient":""},"tablet":{"background-color":"var(--ast-global-color-5)","background-image":"","background-repeat":"repeat","background-position":"center center","background-size":"auto","background-attachment":"scroll","background-type":"","background-media":"","overlay-type":"","overlay-color":"","overlay-opacity":"","overlay-gradient":""},"mobile":{"background-color":"var(--ast-global-color-5)","background-image":"","background-repeat":"repeat","background-position":"center center","background-size":"auto","background-attachment":"scroll","background-type":"","background-media":"","overlay-type":"","overlay-color":"","overlay-opacity":"","overlay-gradient":""}},"footnotes":""},"class_list":["post-2834","page","type-page","status-publish","hentry"],"acf":[],"yoast_head":"<!-- This site is optimized with the Yoast SEO plugin v27.0 - https:\/\/yoast.com\/product\/yoast-seo-wordpress\/ -->\n<title>Optimizar la gesti\u00f3n de ventas | Mejora del negocio de automoci\u00f3n<\/title>\n<meta name=\"description\" content=\"Mejore su gesti\u00f3n de ventas y optimice los procesos con nuestra soluci\u00f3n. Mejore la experiencia del cliente e impulse el crecimiento de las ventas.\" \/>\n<meta name=\"robots\" content=\"index, follow, max-snippet:-1, max-image-preview:large, max-video-preview:-1\" \/>\n<link rel=\"canonical\" href=\"https:\/\/autorolasolutions.com\/solutions\/business-values\/optimize-sales-management\/\" \/>\n<meta property=\"og:locale\" content=\"es_ES\" \/>\n<meta property=\"og:type\" content=\"article\" \/>\n<meta property=\"og:title\" content=\"Optimizar la gesti\u00f3n de ventas | Mejora del negocio de automoci\u00f3n\" \/>\n<meta property=\"og:description\" content=\"Mejore su gesti\u00f3n de ventas y optimice los procesos con nuestra soluci\u00f3n. Mejore la experiencia del cliente e impulse el crecimiento de las ventas.\" \/>\n<meta property=\"og:url\" content=\"https:\/\/autorolasolutions.com\/solutions\/business-values\/optimize-sales-management\/\" \/>\n<meta property=\"og:site_name\" content=\"Autorola Solutions\" \/>\n<meta property=\"article:modified_time\" content=\"2025-02-04T11:23:19+00:00\" \/>\n<meta name=\"twitter:card\" content=\"summary_large_image\" \/>\n<meta name=\"twitter:label1\" content=\"Tiempo de lectura\" \/>\n\t<meta name=\"twitter:data1\" content=\"2 minutos\" \/>\n<script type=\"application\/ld+json\" class=\"yoast-schema-graph\">{\"@context\":\"https:\/\/schema.org\",\"@graph\":[{\"@type\":\"WebPage\",\"@id\":\"https:\/\/autorolasolutions.com\/solutions\/business-values\/optimize-sales-management\/\",\"url\":\"https:\/\/autorolasolutions.com\/solutions\/business-values\/optimize-sales-management\/\",\"name\":\"Optimizar la gesti\u00f3n de ventas | Mejora del negocio de automoci\u00f3n\",\"isPartOf\":{\"@id\":\"https:\/\/autorolasolutions.com\/#website\"},\"datePublished\":\"2021-11-09T11:35:35+00:00\",\"dateModified\":\"2025-02-04T11:23:19+00:00\",\"description\":\"Mejore su gesti\u00f3n de ventas y optimice los procesos con nuestra soluci\u00f3n. Mejore la experiencia del cliente e impulse el crecimiento de las ventas.\",\"breadcrumb\":{\"@id\":\"https:\/\/autorolasolutions.com\/solutions\/business-values\/optimize-sales-management\/#breadcrumb\"},\"inLanguage\":\"es\",\"potentialAction\":[{\"@type\":\"ReadAction\",\"target\":[\"https:\/\/autorolasolutions.com\/solutions\/business-values\/optimize-sales-management\/\"]}]},{\"@type\":\"BreadcrumbList\",\"@id\":\"https:\/\/autorolasolutions.com\/solutions\/business-values\/optimize-sales-management\/#breadcrumb\",\"itemListElement\":[{\"@type\":\"ListItem\",\"position\":1,\"name\":\"Home\",\"item\":\"https:\/\/autorolasolutions.com\/\"},{\"@type\":\"ListItem\",\"position\":2,\"name\":\"Soluciones\",\"item\":\"https:\/\/autorolasolutions.com\/solutions\/\"},{\"@type\":\"ListItem\",\"position\":3,\"name\":\"Los retos\",\"item\":\"https:\/\/autorolasolutions.com\/solutions\/business-values\/\"},{\"@type\":\"ListItem\",\"position\":4,\"name\":\"Optimiza la gesti\u00f3n de venta\"}]},{\"@type\":\"WebSite\",\"@id\":\"https:\/\/autorolasolutions.com\/#website\",\"url\":\"https:\/\/autorolasolutions.com\/\",\"name\":\"Autorola Solutions\",\"description\":\"\",\"publisher\":{\"@id\":\"https:\/\/autorolasolutions.com\/#organization\"},\"potentialAction\":[{\"@type\":\"SearchAction\",\"target\":{\"@type\":\"EntryPoint\",\"urlTemplate\":\"https:\/\/autorolasolutions.com\/?s={search_term_string}\"},\"query-input\":{\"@type\":\"PropertyValueSpecification\",\"valueRequired\":true,\"valueName\":\"search_term_string\"}}],\"inLanguage\":\"es\"},{\"@type\":\"Organization\",\"@id\":\"https:\/\/autorolasolutions.com\/#organization\",\"name\":\"Autorola Solutions\",\"url\":\"https:\/\/autorolasolutions.com\/\",\"logo\":{\"@type\":\"ImageObject\",\"inLanguage\":\"es\",\"@id\":\"https:\/\/autorolasolutions.com\/#\/schema\/logo\/image\/\",\"url\":\"https:\/\/autorolasolutions.com\/wp-content\/uploads\/2025\/01\/Autorola_Solutions_Logo_Left_Screen_RGB.svg\",\"contentUrl\":\"https:\/\/autorolasolutions.com\/wp-content\/uploads\/2025\/01\/Autorola_Solutions_Logo_Left_Screen_RGB.svg\",\"width\":143,\"height\":44,\"caption\":\"Autorola Solutions\"},\"image\":{\"@id\":\"https:\/\/autorolasolutions.com\/#\/schema\/logo\/image\/\"},\"sameAs\":[\"https:\/\/www.linkedin.com\/company\/autorolasolutions\/\"]}]}<\/script>\n<!-- \/ Yoast SEO plugin. -->","yoast_head_json":{"title":"Optimizar la gesti\u00f3n de ventas | Mejora del negocio de automoci\u00f3n","description":"Mejore su gesti\u00f3n de ventas y optimice los procesos con nuestra soluci\u00f3n. Mejore la experiencia del cliente e impulse el crecimiento de las ventas.","robots":{"index":"index","follow":"follow","max-snippet":"max-snippet:-1","max-image-preview":"max-image-preview:large","max-video-preview":"max-video-preview:-1"},"canonical":"https:\/\/autorolasolutions.com\/solutions\/business-values\/optimize-sales-management\/","og_locale":"es_ES","og_type":"article","og_title":"Optimizar la gesti\u00f3n de ventas | Mejora del negocio de automoci\u00f3n","og_description":"Mejore su gesti\u00f3n de ventas y optimice los procesos con nuestra soluci\u00f3n. Mejore la experiencia del cliente e impulse el crecimiento de las ventas.","og_url":"https:\/\/autorolasolutions.com\/solutions\/business-values\/optimize-sales-management\/","og_site_name":"Autorola Solutions","article_modified_time":"2025-02-04T11:23:19+00:00","twitter_card":"summary_large_image","twitter_misc":{"Tiempo de lectura":"2 minutos"},"schema":{"@context":"https:\/\/schema.org","@graph":[{"@type":"WebPage","@id":"https:\/\/autorolasolutions.com\/solutions\/business-values\/optimize-sales-management\/","url":"https:\/\/autorolasolutions.com\/solutions\/business-values\/optimize-sales-management\/","name":"Optimizar la gesti\u00f3n de ventas | Mejora del negocio de automoci\u00f3n","isPartOf":{"@id":"https:\/\/autorolasolutions.com\/#website"},"datePublished":"2021-11-09T11:35:35+00:00","dateModified":"2025-02-04T11:23:19+00:00","description":"Mejore su gesti\u00f3n de ventas y optimice los procesos con nuestra soluci\u00f3n. Mejore la experiencia del cliente e impulse el crecimiento de las ventas.","breadcrumb":{"@id":"https:\/\/autorolasolutions.com\/solutions\/business-values\/optimize-sales-management\/#breadcrumb"},"inLanguage":"es","potentialAction":[{"@type":"ReadAction","target":["https:\/\/autorolasolutions.com\/solutions\/business-values\/optimize-sales-management\/"]}]},{"@type":"BreadcrumbList","@id":"https:\/\/autorolasolutions.com\/solutions\/business-values\/optimize-sales-management\/#breadcrumb","itemListElement":[{"@type":"ListItem","position":1,"name":"Home","item":"https:\/\/autorolasolutions.com\/"},{"@type":"ListItem","position":2,"name":"Soluciones","item":"https:\/\/autorolasolutions.com\/solutions\/"},{"@type":"ListItem","position":3,"name":"Los retos","item":"https:\/\/autorolasolutions.com\/solutions\/business-values\/"},{"@type":"ListItem","position":4,"name":"Optimiza la gesti\u00f3n de venta"}]},{"@type":"WebSite","@id":"https:\/\/autorolasolutions.com\/#website","url":"https:\/\/autorolasolutions.com\/","name":"Autorola Solutions","description":"","publisher":{"@id":"https:\/\/autorolasolutions.com\/#organization"},"potentialAction":[{"@type":"SearchAction","target":{"@type":"EntryPoint","urlTemplate":"https:\/\/autorolasolutions.com\/?s={search_term_string}"},"query-input":{"@type":"PropertyValueSpecification","valueRequired":true,"valueName":"search_term_string"}}],"inLanguage":"es"},{"@type":"Organization","@id":"https:\/\/autorolasolutions.com\/#organization","name":"Autorola Solutions","url":"https:\/\/autorolasolutions.com\/","logo":{"@type":"ImageObject","inLanguage":"es","@id":"https:\/\/autorolasolutions.com\/#\/schema\/logo\/image\/","url":"https:\/\/autorolasolutions.com\/wp-content\/uploads\/2025\/01\/Autorola_Solutions_Logo_Left_Screen_RGB.svg","contentUrl":"https:\/\/autorolasolutions.com\/wp-content\/uploads\/2025\/01\/Autorola_Solutions_Logo_Left_Screen_RGB.svg","width":143,"height":44,"caption":"Autorola Solutions"},"image":{"@id":"https:\/\/autorolasolutions.com\/#\/schema\/logo\/image\/"},"sameAs":["https:\/\/www.linkedin.com\/company\/autorolasolutions\/"]}]}},"_links":{"self":[{"href":"https:\/\/autorolasolutions.com\/es\/wp-json\/wp\/v2\/pages\/2834","targetHints":{"allow":["GET"]}}],"collection":[{"href":"https:\/\/autorolasolutions.com\/es\/wp-json\/wp\/v2\/pages"}],"about":[{"href":"https:\/\/autorolasolutions.com\/es\/wp-json\/wp\/v2\/types\/page"}],"author":[{"embeddable":true,"href":"https:\/\/autorolasolutions.com\/es\/wp-json\/wp\/v2\/users\/2"}],"replies":[{"embeddable":true,"href":"https:\/\/autorolasolutions.com\/es\/wp-json\/wp\/v2\/comments?post=2834"}],"version-history":[{"count":25,"href":"https:\/\/autorolasolutions.com\/es\/wp-json\/wp\/v2\/pages\/2834\/revisions"}],"predecessor-version":[{"id":55534,"href":"https:\/\/autorolasolutions.com\/es\/wp-json\/wp\/v2\/pages\/2834\/revisions\/55534"}],"up":[{"embeddable":true,"href":"https:\/\/autorolasolutions.com\/es\/wp-json\/wp\/v2\/pages\/2830"}],"wp:attachment":[{"href":"https:\/\/autorolasolutions.com\/es\/wp-json\/wp\/v2\/media?parent=2834"}],"curies":[{"name":"wp","href":"https:\/\/api.w.org\/{rel}","templated":true}]}}