{"id":38502,"date":"2024-09-03T09:39:59","date_gmt":"2024-09-03T07:39:59","guid":{"rendered":"https:\/\/autorolasolutions.com\/?page_id=38502"},"modified":"2025-02-04T12:26:20","modified_gmt":"2025-02-04T11:26:20","slug":"trade-in-solution","status":"publish","type":"page","link":"https:\/\/autorolasolutions.com\/es\/ecosistema-digital\/productos\/trade-in-solution\/","title":{"rendered":"Trade In Solution"},"content":{"rendered":"\t\t<div data-elementor-type=\"wp-page\" data-elementor-id=\"38502\" class=\"elementor elementor-38502\" data-elementor-post-type=\"page\">\n\t\t\t\t\t\t<section class=\"elementor-section elementor-top-section elementor-element elementor-element-bdba89e elementor-section-boxed elementor-section-height-default elementor-section-height-default\" data-id=\"bdba89e\" data-element_type=\"section\" data-e-type=\"section\">\n\t\t\t\t\t\t<div class=\"elementor-container elementor-column-gap-default\">\n\t\t\t\t\t<div class=\"elementor-column elementor-col-50 elementor-top-column elementor-element elementor-element-8f2f7d7\" data-id=\"8f2f7d7\" data-element_type=\"column\" data-e-type=\"column\">\n\t\t\t<div class=\"elementor-widget-wrap elementor-element-populated\">\n\t\t\t\t\t\t<div class=\"elementor-element elementor-element-51c51aa elementor-widget elementor-widget-text-editor\" data-id=\"51c51aa\" data-element_type=\"widget\" data-e-type=\"widget\" data-widget_type=\"text-editor.default\">\n\t\t\t\t<div class=\"elementor-widget-container\">\n\t\t\t\t\t\t\t\t\t<h1>TradeIn Solution<\/h1><h2>Nuestra TradeIn Solution &#8211; soluci\u00f3n de recompra<\/h2><p>La soluci\u00f3n TradeIn de Autorola est\u00e1 dise\u00f1ada para ayudarle a proporcionar a sus clientes con una forma eficiente y sin problemas de cambiar sus veh\u00edculos actuales. En solo 4 pasos, puede optimizar su recompra:<\/p><ol><li>Inspeccione cualquier veh\u00edculo f\u00e1cilmente con Inspection Helper<\/li><li>Optimice su estrategia de ventas con valoraciones del mercado en tiempo real<\/li><li>Comunique su precio y realice un seguimiento del proceso<\/li><li>Gestionar todo el proceso de recompra en 30 minutos<\/li><\/ol><p>Esto proporciona una forma sencilla y rentable de cambiar de un coche usado a uno nuevo, con la garant\u00eda a\u00f1adida de inspecciones profesionales y un proceso transparente. Esto garantiza que los clientes reciban una valoraci\u00f3n justa y exacta de su coche a cambio, haciendo que la transacci\u00f3n sea fluida y de confianza.<\/p><p>En general, es un enfoque que ahorra tiempo y es conveniente para las permutas de veh\u00edculos, proporcionando valor y satisfacci\u00f3n a sus clientes.<\/p>\t\t\t\t\t\t\t\t<\/div>\n\t\t\t\t<\/div>\n\t\t\t\t<div class=\"elementor-element elementor-element-aae4c15 elementor-widget elementor-widget-button\" data-id=\"aae4c15\" data-element_type=\"widget\" data-e-type=\"widget\" data-widget_type=\"button.default\">\n\t\t\t\t<div class=\"elementor-widget-container\">\n\t\t\t\t\t\t\t\t\t<div class=\"elementor-button-wrapper\">\n\t\t\t\t\t<a class=\"elementor-button elementor-button-link elementor-size-sm elementor-animation-grow\" href=\"https:\/\/autorolasolutions.com\/es\/contacto\/\">\n\t\t\t\t\t\t<span class=\"elementor-button-content-wrapper\">\n\t\t\t\t\t\t<span class=\"elementor-button-icon\">\n\t\t\t\t<i aria-hidden=\"true\" class=\"fas fa-arrow-right\"><\/i>\t\t\t<\/span>\n\t\t\t\t\t\t\t\t\t<span class=\"elementor-button-text\">Cont\u00e1ctanos<\/span>\n\t\t\t\t\t<\/span>\n\t\t\t\t\t<\/a>\n\t\t\t\t<\/div>\n\t\t\t\t\t\t\t\t<\/div>\n\t\t\t\t<\/div>\n\t\t\t\t\t<\/div>\n\t\t<\/div>\n\t\t\t\t<div class=\"elementor-column elementor-col-50 elementor-top-column elementor-element elementor-element-66bf596\" data-id=\"66bf596\" data-element_type=\"column\" data-e-type=\"column\">\n\t\t\t<div class=\"elementor-widget-wrap elementor-element-populated\">\n\t\t\t\t\t\t<div class=\"elementor-element elementor-element-ea0fc1c elementor-widget elementor-widget-image\" data-id=\"ea0fc1c\" data-element_type=\"widget\" data-e-type=\"widget\" data-widget_type=\"image.default\">\n\t\t\t\t<div class=\"elementor-widget-container\">\n\t\t\t\t\t\t\t\t\t\t\t\t\t\t\t<img fetchpriority=\"high\" decoding=\"async\" width=\"833\" height=\"576\" src=\"https:\/\/autorolasolutions.com\/wp-content\/uploads\/2025\/01\/Autorola_Solutions_Web_Timecycle_01.png\" class=\"attachment-large size-large wp-image-51680\" alt=\"\" srcset=\"https:\/\/autorolasolutions.com\/wp-content\/uploads\/2025\/01\/Autorola_Solutions_Web_Timecycle_01.png 833w, https:\/\/autorolasolutions.com\/wp-content\/uploads\/2025\/01\/Autorola_Solutions_Web_Timecycle_01-300x207.png 300w, https:\/\/autorolasolutions.com\/wp-content\/uploads\/2025\/01\/Autorola_Solutions_Web_Timecycle_01-768x531.png 768w\" sizes=\"(max-width: 833px) 100vw, 833px\" \/>\t\t\t\t\t\t\t\t\t\t\t\t\t\t\t<\/div>\n\t\t\t\t<\/div>\n\t\t\t\t\t<\/div>\n\t\t<\/div>\n\t\t\t\t\t<\/div>\n\t\t<\/section>\n\t\t\t\t<section class=\"elementor-section elementor-top-section elementor-element elementor-element-317623f elementor-section-boxed elementor-section-height-default elementor-section-height-default\" data-id=\"317623f\" data-element_type=\"section\" data-e-type=\"section\">\n\t\t\t\t\t\t<div class=\"elementor-container elementor-column-gap-default\">\n\t\t\t\t\t<div class=\"elementor-column elementor-col-100 elementor-top-column elementor-element elementor-element-5c5cbf9\" data-id=\"5c5cbf9\" data-element_type=\"column\" data-e-type=\"column\">\n\t\t\t<div class=\"elementor-widget-wrap elementor-element-populated\">\n\t\t\t\t\t\t<section class=\"elementor-section elementor-inner-section elementor-element elementor-element-5ef3a3d elementor-section-boxed elementor-section-height-default elementor-section-height-default\" data-id=\"5ef3a3d\" data-element_type=\"section\" data-e-type=\"section\">\n\t\t\t\t\t\t<div class=\"elementor-container elementor-column-gap-default\">\n\t\t\t\t\t<div class=\"elementor-column elementor-col-50 elementor-inner-column elementor-element elementor-element-ca6dfad\" data-id=\"ca6dfad\" data-element_type=\"column\" data-e-type=\"column\">\n\t\t\t<div class=\"elementor-widget-wrap elementor-element-populated\">\n\t\t\t\t\t\t<div class=\"elementor-element elementor-element-cdb2889 elementor-widget elementor-widget-video\" data-id=\"cdb2889\" data-element_type=\"widget\" data-e-type=\"widget\" data-settings=\"{&quot;video_type&quot;:&quot;vimeo&quot;}\" data-widget_type=\"video.default\">\n\t\t\t\t<div class=\"elementor-widget-container\">\n\t\t\t\t\t\t\t<div class=\"elementor-wrapper elementor-open-inline\">\n\t\t\t<iframe class=\"elementor-video-iframe\" allowfullscreen allow=\"clipboard-write\" title=\"Reproductor de v\u00eddeo vimeo\" src=\"https:\/\/player.vimeo.com\/video\/756696243?color&amp;autopause=0&amp;loop=0&amp;muted=0&amp;title=1&amp;portrait=1&amp;byline=1#t=\"><\/iframe>\t\t<\/div>\n\t\t\t\t\t\t<\/div>\n\t\t\t\t<\/div>\n\t\t\t\t\t<\/div>\n\t\t<\/div>\n\t\t\t\t<div class=\"elementor-column elementor-col-50 elementor-inner-column elementor-element elementor-element-5f5a308\" data-id=\"5f5a308\" data-element_type=\"column\" data-e-type=\"column\">\n\t\t\t<div class=\"elementor-widget-wrap elementor-element-populated\">\n\t\t\t\t\t\t<div class=\"elementor-element elementor-element-d4957f4 elementor-widget elementor-widget-text-editor\" data-id=\"d4957f4\" data-element_type=\"widget\" data-e-type=\"widget\" data-widget_type=\"text-editor.default\">\n\t\t\t\t<div class=\"elementor-widget-container\">\n\t\t\t\t\t\t\t\t\t<h3>\u00a0<\/h3><h3>\u00a0<\/h3><h3>\u00a0<\/h3><h3>Una soluci\u00f3n f\u00e1cil y sin complicaciones, que a\u00f1ade valor real a las empresas y personas.<\/h3><p>Mira nuestro v\u00eddeo y descubre los valores a\u00f1adidos del proceso de coche a cambio con Autorola Solutions.<\/p>\t\t\t\t\t\t\t\t<\/div>\n\t\t\t\t<\/div>\n\t\t\t\t\t<\/div>\n\t\t<\/div>\n\t\t\t\t\t<\/div>\n\t\t<\/section>\n\t\t\t\t\t<\/div>\n\t\t<\/div>\n\t\t\t\t\t<\/div>\n\t\t<\/section>\n\t\t\t\t<\/div>\n\t\t","protected":false},"excerpt":{"rendered":"<p>TradeIn Solution Nuestra TradeIn Solution &#8211; soluci\u00f3n de recompra La soluci\u00f3n TradeIn de Autorola est\u00e1 dise\u00f1ada para ayudarle a proporcionar a sus clientes con una forma eficiente y sin problemas de cambiar sus veh\u00edculos actuales. En solo 4 pasos, puede optimizar su recompra: Inspeccione cualquier veh\u00edculo f\u00e1cilmente con Inspection Helper Optimice su estrategia de ventas [&hellip;]<\/p>\n","protected":false},"author":12,"featured_media":0,"parent":17841,"menu_order":2,"comment_status":"closed","ping_status":"closed","template":"","meta":{"_acf_changed":false,"inline_featured_image":false,"site-sidebar-layout":"no-sidebar","site-content-layout":"page-builder","ast-site-content-layout":"full-width-container","site-content-style":"unboxed","site-sidebar-style":"unboxed","ast-global-header-display":"","ast-banner-title-visibility":"","ast-main-header-display":"","ast-hfb-above-header-display":"","ast-hfb-below-header-display":"","ast-hfb-mobile-header-display":"","site-post-title":"disabled","ast-breadcrumbs-content":"","ast-featured-img":"disabled","footer-sml-layout":"","ast-disable-related-posts":"","theme-transparent-header-meta":"","adv-header-id-meta":"","stick-header-meta":"","header-above-stick-meta":"","header-main-stick-meta":"","header-below-stick-meta":"","astra-migrate-meta-layouts":"set","ast-page-background-enabled":"default","ast-page-background-meta":{"desktop":{"background-color":"","background-image":"","background-repeat":"repeat","background-position":"center center","background-size":"auto","background-attachment":"scroll","background-type":"","background-media":"","overlay-type":"","overlay-color":"","overlay-opacity":"","overlay-gradient":""},"tablet":{"background-color":"","background-image":"","background-repeat":"repeat","background-position":"center center","background-size":"auto","background-attachment":"scroll","background-type":"","background-media":"","overlay-type":"","overlay-color":"","overlay-opacity":"","overlay-gradient":""},"mobile":{"background-color":"","background-image":"","background-repeat":"repeat","background-position":"center center","background-size":"auto","background-attachment":"scroll","background-type":"","background-media":"","overlay-type":"","overlay-color":"","overlay-opacity":"","overlay-gradient":""}},"ast-content-background-meta":{"desktop":{"background-color":"var(--ast-global-color-5)","background-image":"","background-repeat":"repeat","background-position":"center center","background-size":"auto","background-attachment":"scroll","background-type":"","background-media":"","overlay-type":"","overlay-color":"","overlay-opacity":"","overlay-gradient":""},"tablet":{"background-color":"var(--ast-global-color-5)","background-image":"","background-repeat":"repeat","background-position":"center center","background-size":"auto","background-attachment":"scroll","background-type":"","background-media":"","overlay-type":"","overlay-color":"","overlay-opacity":"","overlay-gradient":""},"mobile":{"background-color":"var(--ast-global-color-5)","background-image":"","background-repeat":"repeat","background-position":"center center","background-size":"auto","background-attachment":"scroll","background-type":"","background-media":"","overlay-type":"","overlay-color":"","overlay-opacity":"","overlay-gradient":""}},"footnotes":""},"class_list":["post-38502","page","type-page","status-publish","hentry"],"acf":[],"yoast_head":"<!-- This site is optimized with the Yoast SEO plugin v27.0 - https:\/\/yoast.com\/product\/yoast-seo-wordpress\/ -->\n<title>Trade-In App | Seamless Automotive Trade Processes<\/title>\n<meta name=\"description\" content=\"Streamline automotive trade-in processes with our Trade-In App. Provide a seamless end-to-end experience for vehicle inspections and trade-ins.\" \/>\n<meta name=\"robots\" content=\"index, follow, max-snippet:-1, max-image-preview:large, max-video-preview:-1\" \/>\n<link rel=\"canonical\" href=\"https:\/\/autorolasolutions.com\/es\/ecosistema-digital\/productos\/trade-in-solution\/\" \/>\n<meta property=\"og:locale\" content=\"es_ES\" \/>\n<meta property=\"og:type\" content=\"article\" \/>\n<meta property=\"og:title\" content=\"Trade-In App | Seamless Automotive Trade Processes\" \/>\n<meta property=\"og:description\" content=\"Streamline automotive trade-in processes with our Trade-In App. Provide a seamless end-to-end experience for vehicle inspections and trade-ins.\" \/>\n<meta property=\"og:url\" content=\"https:\/\/autorolasolutions.com\/es\/ecosistema-digital\/productos\/trade-in-solution\/\" \/>\n<meta property=\"og:site_name\" content=\"Autorola Solutions\" \/>\n<meta property=\"article:modified_time\" content=\"2025-02-04T11:26:20+00:00\" \/>\n<meta property=\"og:image\" content=\"https:\/\/autorolasolutions.com\/wp-content\/uploads\/2025\/01\/Autorola_Solutions_Web_Timecycle_01.png\" \/>\n\t<meta property=\"og:image:width\" content=\"833\" \/>\n\t<meta property=\"og:image:height\" content=\"576\" \/>\n\t<meta property=\"og:image:type\" content=\"image\/png\" \/>\n<meta name=\"twitter:card\" content=\"summary_large_image\" \/>\n<meta name=\"twitter:label1\" content=\"Tiempo de lectura\" \/>\n\t<meta name=\"twitter:data1\" content=\"2 minutos\" \/>\n<script type=\"application\/ld+json\" class=\"yoast-schema-graph\">{\"@context\":\"https:\/\/schema.org\",\"@graph\":[{\"@type\":\"WebPage\",\"@id\":\"https:\/\/autorolasolutions.com\/es\/ecosistema-digital\/productos\/trade-in-solution\/\",\"url\":\"https:\/\/autorolasolutions.com\/es\/ecosistema-digital\/productos\/trade-in-solution\/\",\"name\":\"Trade-In App | Seamless Automotive Trade Processes\",\"isPartOf\":{\"@id\":\"https:\/\/autorolasolutions.com\/#website\"},\"primaryImageOfPage\":{\"@id\":\"https:\/\/autorolasolutions.com\/es\/ecosistema-digital\/productos\/trade-in-solution\/#primaryimage\"},\"image\":{\"@id\":\"https:\/\/autorolasolutions.com\/es\/ecosistema-digital\/productos\/trade-in-solution\/#primaryimage\"},\"thumbnailUrl\":\"https:\/\/autorolasolutions.com\/wp-content\/uploads\/2025\/01\/Autorola_Solutions_Web_Timecycle_01.png\",\"datePublished\":\"2024-09-03T07:39:59+00:00\",\"dateModified\":\"2025-02-04T11:26:20+00:00\",\"description\":\"Streamline automotive trade-in processes with our Trade-In App. Provide a seamless end-to-end experience for vehicle inspections and trade-ins.\",\"breadcrumb\":{\"@id\":\"https:\/\/autorolasolutions.com\/es\/ecosistema-digital\/productos\/trade-in-solution\/#breadcrumb\"},\"inLanguage\":\"es\",\"potentialAction\":[{\"@type\":\"ReadAction\",\"target\":[\"https:\/\/autorolasolutions.com\/es\/ecosistema-digital\/productos\/trade-in-solution\/\"]}]},{\"@type\":\"ImageObject\",\"inLanguage\":\"es\",\"@id\":\"https:\/\/autorolasolutions.com\/es\/ecosistema-digital\/productos\/trade-in-solution\/#primaryimage\",\"url\":\"https:\/\/autorolasolutions.com\/wp-content\/uploads\/2025\/01\/Autorola_Solutions_Web_Timecycle_01.png\",\"contentUrl\":\"https:\/\/autorolasolutions.com\/wp-content\/uploads\/2025\/01\/Autorola_Solutions_Web_Timecycle_01.png\"},{\"@type\":\"BreadcrumbList\",\"@id\":\"https:\/\/autorolasolutions.com\/es\/ecosistema-digital\/productos\/trade-in-solution\/#breadcrumb\",\"itemListElement\":[{\"@type\":\"ListItem\",\"position\":1,\"name\":\"Home\",\"item\":\"https:\/\/autorolasolutions.com\/\"},{\"@type\":\"ListItem\",\"position\":2,\"name\":\"Ecosistema digital\",\"item\":\"https:\/\/autorolasolutions.com\/digital-ecosystem\/\"},{\"@type\":\"ListItem\",\"position\":3,\"name\":\"Productos\",\"item\":\"https:\/\/autorolasolutions.com\/digital-ecosystem\/products\/\"},{\"@type\":\"ListItem\",\"position\":4,\"name\":\"Trade In Solution\"}]},{\"@type\":\"WebSite\",\"@id\":\"https:\/\/autorolasolutions.com\/#website\",\"url\":\"https:\/\/autorolasolutions.com\/\",\"name\":\"Autorola Solutions\",\"description\":\"\",\"publisher\":{\"@id\":\"https:\/\/autorolasolutions.com\/#organization\"},\"potentialAction\":[{\"@type\":\"SearchAction\",\"target\":{\"@type\":\"EntryPoint\",\"urlTemplate\":\"https:\/\/autorolasolutions.com\/?s={search_term_string}\"},\"query-input\":{\"@type\":\"PropertyValueSpecification\",\"valueRequired\":true,\"valueName\":\"search_term_string\"}}],\"inLanguage\":\"es\"},{\"@type\":\"Organization\",\"@id\":\"https:\/\/autorolasolutions.com\/#organization\",\"name\":\"Autorola Solutions\",\"url\":\"https:\/\/autorolasolutions.com\/\",\"logo\":{\"@type\":\"ImageObject\",\"inLanguage\":\"es\",\"@id\":\"https:\/\/autorolasolutions.com\/#\/schema\/logo\/image\/\",\"url\":\"https:\/\/autorolasolutions.com\/wp-content\/uploads\/2025\/01\/Autorola_Solutions_Logo_Left_Screen_RGB.svg\",\"contentUrl\":\"https:\/\/autorolasolutions.com\/wp-content\/uploads\/2025\/01\/Autorola_Solutions_Logo_Left_Screen_RGB.svg\",\"width\":143,\"height\":44,\"caption\":\"Autorola Solutions\"},\"image\":{\"@id\":\"https:\/\/autorolasolutions.com\/#\/schema\/logo\/image\/\"},\"sameAs\":[\"https:\/\/www.linkedin.com\/company\/autorolasolutions\/\"]}]}<\/script>\n<!-- \/ Yoast SEO plugin. -->","yoast_head_json":{"title":"Trade-In App | Seamless Automotive Trade Processes","description":"Streamline automotive trade-in processes with our Trade-In App. Provide a seamless end-to-end experience for vehicle inspections and trade-ins.","robots":{"index":"index","follow":"follow","max-snippet":"max-snippet:-1","max-image-preview":"max-image-preview:large","max-video-preview":"max-video-preview:-1"},"canonical":"https:\/\/autorolasolutions.com\/es\/ecosistema-digital\/productos\/trade-in-solution\/","og_locale":"es_ES","og_type":"article","og_title":"Trade-In App | Seamless Automotive Trade Processes","og_description":"Streamline automotive trade-in processes with our Trade-In App. Provide a seamless end-to-end experience for vehicle inspections and trade-ins.","og_url":"https:\/\/autorolasolutions.com\/es\/ecosistema-digital\/productos\/trade-in-solution\/","og_site_name":"Autorola Solutions","article_modified_time":"2025-02-04T11:26:20+00:00","og_image":[{"width":833,"height":576,"url":"https:\/\/autorolasolutions.com\/wp-content\/uploads\/2025\/01\/Autorola_Solutions_Web_Timecycle_01.png","type":"image\/png"}],"twitter_card":"summary_large_image","twitter_misc":{"Tiempo de lectura":"2 minutos"},"schema":{"@context":"https:\/\/schema.org","@graph":[{"@type":"WebPage","@id":"https:\/\/autorolasolutions.com\/es\/ecosistema-digital\/productos\/trade-in-solution\/","url":"https:\/\/autorolasolutions.com\/es\/ecosistema-digital\/productos\/trade-in-solution\/","name":"Trade-In App | Seamless Automotive Trade Processes","isPartOf":{"@id":"https:\/\/autorolasolutions.com\/#website"},"primaryImageOfPage":{"@id":"https:\/\/autorolasolutions.com\/es\/ecosistema-digital\/productos\/trade-in-solution\/#primaryimage"},"image":{"@id":"https:\/\/autorolasolutions.com\/es\/ecosistema-digital\/productos\/trade-in-solution\/#primaryimage"},"thumbnailUrl":"https:\/\/autorolasolutions.com\/wp-content\/uploads\/2025\/01\/Autorola_Solutions_Web_Timecycle_01.png","datePublished":"2024-09-03T07:39:59+00:00","dateModified":"2025-02-04T11:26:20+00:00","description":"Streamline automotive trade-in processes with our Trade-In App. Provide a seamless end-to-end experience for vehicle inspections and trade-ins.","breadcrumb":{"@id":"https:\/\/autorolasolutions.com\/es\/ecosistema-digital\/productos\/trade-in-solution\/#breadcrumb"},"inLanguage":"es","potentialAction":[{"@type":"ReadAction","target":["https:\/\/autorolasolutions.com\/es\/ecosistema-digital\/productos\/trade-in-solution\/"]}]},{"@type":"ImageObject","inLanguage":"es","@id":"https:\/\/autorolasolutions.com\/es\/ecosistema-digital\/productos\/trade-in-solution\/#primaryimage","url":"https:\/\/autorolasolutions.com\/wp-content\/uploads\/2025\/01\/Autorola_Solutions_Web_Timecycle_01.png","contentUrl":"https:\/\/autorolasolutions.com\/wp-content\/uploads\/2025\/01\/Autorola_Solutions_Web_Timecycle_01.png"},{"@type":"BreadcrumbList","@id":"https:\/\/autorolasolutions.com\/es\/ecosistema-digital\/productos\/trade-in-solution\/#breadcrumb","itemListElement":[{"@type":"ListItem","position":1,"name":"Home","item":"https:\/\/autorolasolutions.com\/"},{"@type":"ListItem","position":2,"name":"Ecosistema digital","item":"https:\/\/autorolasolutions.com\/digital-ecosystem\/"},{"@type":"ListItem","position":3,"name":"Productos","item":"https:\/\/autorolasolutions.com\/digital-ecosystem\/products\/"},{"@type":"ListItem","position":4,"name":"Trade In Solution"}]},{"@type":"WebSite","@id":"https:\/\/autorolasolutions.com\/#website","url":"https:\/\/autorolasolutions.com\/","name":"Autorola Solutions","description":"","publisher":{"@id":"https:\/\/autorolasolutions.com\/#organization"},"potentialAction":[{"@type":"SearchAction","target":{"@type":"EntryPoint","urlTemplate":"https:\/\/autorolasolutions.com\/?s={search_term_string}"},"query-input":{"@type":"PropertyValueSpecification","valueRequired":true,"valueName":"search_term_string"}}],"inLanguage":"es"},{"@type":"Organization","@id":"https:\/\/autorolasolutions.com\/#organization","name":"Autorola Solutions","url":"https:\/\/autorolasolutions.com\/","logo":{"@type":"ImageObject","inLanguage":"es","@id":"https:\/\/autorolasolutions.com\/#\/schema\/logo\/image\/","url":"https:\/\/autorolasolutions.com\/wp-content\/uploads\/2025\/01\/Autorola_Solutions_Logo_Left_Screen_RGB.svg","contentUrl":"https:\/\/autorolasolutions.com\/wp-content\/uploads\/2025\/01\/Autorola_Solutions_Logo_Left_Screen_RGB.svg","width":143,"height":44,"caption":"Autorola Solutions"},"image":{"@id":"https:\/\/autorolasolutions.com\/#\/schema\/logo\/image\/"},"sameAs":["https:\/\/www.linkedin.com\/company\/autorolasolutions\/"]}]}},"_links":{"self":[{"href":"https:\/\/autorolasolutions.com\/es\/wp-json\/wp\/v2\/pages\/38502","targetHints":{"allow":["GET"]}}],"collection":[{"href":"https:\/\/autorolasolutions.com\/es\/wp-json\/wp\/v2\/pages"}],"about":[{"href":"https:\/\/autorolasolutions.com\/es\/wp-json\/wp\/v2\/types\/page"}],"author":[{"embeddable":true,"href":"https:\/\/autorolasolutions.com\/es\/wp-json\/wp\/v2\/users\/12"}],"replies":[{"embeddable":true,"href":"https:\/\/autorolasolutions.com\/es\/wp-json\/wp\/v2\/comments?post=38502"}],"version-history":[{"count":13,"href":"https:\/\/autorolasolutions.com\/es\/wp-json\/wp\/v2\/pages\/38502\/revisions"}],"predecessor-version":[{"id":55552,"href":"https:\/\/autorolasolutions.com\/es\/wp-json\/wp\/v2\/pages\/38502\/revisions\/55552"}],"up":[{"embeddable":true,"href":"https:\/\/autorolasolutions.com\/es\/wp-json\/wp\/v2\/pages\/17841"}],"wp:attachment":[{"href":"https:\/\/autorolasolutions.com\/es\/wp-json\/wp\/v2\/media?parent=38502"}],"curies":[{"name":"wp","href":"https:\/\/api.w.org\/{rel}","templated":true}]}}