{"id":15089,"date":"2023-11-13T15:29:34","date_gmt":"2023-11-13T14:29:34","guid":{"rendered":"https:\/\/autorolasolutions.com\/?page_id=15089"},"modified":"2024-04-05T13:19:53","modified_gmt":"2024-04-05T11:19:53","slug":"cookies-fr","status":"publish","type":"page","link":"https:\/\/autorolasolutions.com\/fr\/cookies-fr\/","title":{"rendered":"Cookies FR"},"content":{"rendered":"\t\t<div data-elementor-type=\"wp-page\" data-elementor-id=\"15089\" class=\"elementor elementor-15089\" data-elementor-post-type=\"page\">\n\t\t\t\t\t\t<section class=\"elementor-section elementor-top-section elementor-element elementor-element-2a7f716 elementor-section-boxed elementor-section-height-default elementor-section-height-default\" data-id=\"2a7f716\" data-element_type=\"section\" data-e-type=\"section\">\n\t\t\t\t\t\t<div class=\"elementor-container elementor-column-gap-default\">\n\t\t\t\t\t<div class=\"elementor-column elementor-col-100 elementor-top-column elementor-element elementor-element-df719f7\" data-id=\"df719f7\" data-element_type=\"column\" data-e-type=\"column\">\n\t\t\t<div class=\"elementor-widget-wrap elementor-element-populated\">\n\t\t\t\t\t\t<div class=\"elementor-element elementor-element-14373f5 elementor-widget elementor-widget-text-editor\" data-id=\"14373f5\" data-element_type=\"widget\" data-e-type=\"widget\" data-widget_type=\"text-editor.default\">\n\t\t\t\t<div class=\"elementor-widget-container\">\n\t\t\t\t\t\t\t\t\t<h1 id=\"Cookies\" data-renderer-start-pos=\"1\">Cookies<\/h1><p data-renderer-start-pos=\"10\">Ce document vous explique comment et pourquoi nous utilisons des cookies. Il pr\u00e9cise \u00e9galement quels cookies nous utilisons et fournit des informations sur les tiers qui mettent des cookies sur notre site web.<\/p><h2 data-renderer-start-pos=\"10\">\u00a0<\/h2><h1 data-renderer-start-pos=\"10\">Sommaire<\/h1><p data-renderer-start-pos=\"231\">Public vis\u00e9 par ce document\u00a0:<\/p><ul class=\"ak-ul\" data-indent-level=\"1\"><li><p data-renderer-start-pos=\"264\">les visiteurs du site web<\/p><\/li><\/ul><p data-renderer-start-pos=\"295\">Ce document porte sur\u00a0:<\/p><ul class=\"ak-ul\" data-indent-level=\"1\"><li><p data-renderer-start-pos=\"349\">Qu\u2019est-ce qu\u2019un cookie\u00a0?<\/p><ul class=\"ak-ul\" data-indent-level=\"2\"><li><p data-renderer-start-pos=\"377\">Types de cookies<\/p><\/li><\/ul><\/li><li><p data-renderer-start-pos=\"399\">Quels cookies utilisons-nous\u00a0?<\/p><ul class=\"ak-ul\" data-indent-level=\"2\"><li><p data-renderer-start-pos=\"433\">Cookies essentiels<\/p><\/li><li><p data-renderer-start-pos=\"455\">Cookies analytiques<\/p><\/li><li><p data-renderer-start-pos=\"478\">Cookies marketing<\/p><\/li><li><p data-renderer-start-pos=\"499\">Cookies de personnalisation<\/p><\/li><\/ul><\/li><li><p data-renderer-start-pos=\"532\">Comment utilisons-nous les cookies\u00a0?<\/p><\/li><li><p data-renderer-start-pos=\"572\">Comment bloquer les cookies<\/p><\/li><li><p data-renderer-start-pos=\"603\">Comment retirer son consentement<\/p><\/li><li><p data-renderer-start-pos=\"639\">Liste des cookies<\/p><\/li><li><p data-renderer-start-pos=\"660\">Nous contacter<\/p><\/li><\/ul><h1 id=\"[hardBreak]Qu\u2019est-ce-qu\u2019un-cookie-?\" data-renderer-start-pos=\"678\">Qu\u2019est-ce qu\u2019un cookie ?<\/h1><p data-renderer-start-pos=\"705\">Les cookies sont des petits fichiers texte stock\u00e9s sur votre appareil qui nous permettent de rendre votre exp\u00e9rience plus conviviale et efficace. Gr\u00e2ce \u00e0 eux, nous pouvons reconna\u00eetre votre appareil et votre navigateur, et stocker des informations importantes pour l\u2019am\u00e9lioration de nos services.<\/p><h3 data-renderer-start-pos=\"1003\">\u00a0<\/h3><h2 id=\"Types-de-cookies\" data-renderer-start-pos=\"1003\">Types de cookies<\/h2><p data-renderer-start-pos=\"1023\"><strong data-renderer-mark=\"true\">Cookies de session et cookies persistants<\/strong><\/p><ul class=\"ak-ul\" data-indent-level=\"1\"><li><p data-renderer-start-pos=\"1068\">Les cookies de session sont temporairement stock\u00e9s sur votre appareil lorsque vous visitez le site web et sont effac\u00e9s d\u00e8s que vous fermez votre navigateur.<\/p><\/li><li><p data-renderer-start-pos=\"1228\">Les cookies persistants sont stock\u00e9s pendant une dur\u00e9e pr\u00e9d\u00e9termin\u00e9e, qui varie d\u2019un cookie \u00e0 l\u2019autre. Ils restent sur l\u2019appareil plus longtemps que les cookies de session, mais ils expirent \u00e9galement au bout d\u2019un certain d\u00e9lai. Ils nous aident \u00e0 savoir si vous avez d\u00e9j\u00e0 visit\u00e9 notre site web ou des sites similaires.<\/p><\/li><\/ul><p data-renderer-start-pos=\"1552\"><strong data-renderer-mark=\"true\">Cookies internes et cookies tiers<\/strong><\/p><ul class=\"ak-ul\" data-indent-level=\"1\"><li><p data-renderer-start-pos=\"1589\">Les cookies internes sont directement plac\u00e9s par le site web ou par l\u2019un de ses sous-domaines.<\/p><\/li><li><p data-renderer-start-pos=\"1687\">Les cookies tiers sont plac\u00e9s par des sites internet dont nous ne sommes pas les administrateurs, par ex. nos sous-traitants ou d\u2019autres partenaires technologiques.<\/p><\/li><\/ul><h1 id=\"[hardBreak]Quels-cookies-utilisons-nous-?\" data-renderer-start-pos=\"1855\">Quels cookies utilisons-nous ?<\/h1><h2 id=\"[hardBreak]Cookies-essentiels\" data-renderer-start-pos=\"1888\"><strong>Cookies essentiels<\/strong><\/h2><p data-renderer-start-pos=\"1909\">Nous stockons sur votre appareil les cookies dont nous avons besoin pour vous proposer et vous fournir nos services. Les cookies essentiels sont \u00e9galement indispensables pour naviguer sur le site et l\u2019application web en profitant de toutes les fonctionnalit\u00e9s disponibles. Ces cookies ne peuvent pas \u00eatre d\u00e9sactiv\u00e9s et configurent des options tr\u00e8s basiques du site web, comme les connexions, les formulaires et les pr\u00e9f\u00e9rences d\u00e9finies, par ex. de fuseau horaire ou de langue.<\/p><h2 data-renderer-start-pos=\"2387\">\u00a0<\/h2><h2 id=\"Cookies-analytiques\" data-renderer-start-pos=\"2387\"><strong>Cookies analytiques<\/strong><\/h2><p data-renderer-start-pos=\"2408\">Ces cookies sont plac\u00e9s pour nous aider \u00e0 comprendre vos interactions avec les options propos\u00e9es par le site web, les parties que vous utilisez le plus et la fa\u00e7on dont vous utilisez nos services. Cela nous aide \u00e0 cr\u00e9er des statistiques sur le temps que vous passez sur le site et votre fa\u00e7on de l\u2019utiliser. L\u2019objectif ultime de ces statistiques est de nous aider \u00e0 am\u00e9liorer notre site web et les services qui y sont propos\u00e9s.<\/p><h2 data-renderer-start-pos=\"2837\">\u00a0<\/h2><h2 id=\"Cookies-marketing\" data-renderer-start-pos=\"2837\"><strong>Cookies marketing<\/strong><\/h2><p data-renderer-start-pos=\"2856\">Ces cookies sont utilis\u00e9s pour vous pr\u00e9senter des publicit\u00e9s susceptibles de vous correspondre ou de vous int\u00e9resser lorsque vous naviguez sur Internet. Ils sont g\u00e9n\u00e9ralement plac\u00e9s par des tiers lorsque vous interagissez avec leur contenu sur notre site web.<\/p><h2 data-renderer-start-pos=\"3117\">\u00a0<\/h2><h2 id=\"Cookies-de-personnalisation\" data-renderer-start-pos=\"3117\"><strong>Cookies de personnalisation<\/strong><\/h2><p data-renderer-start-pos=\"3146\">Ces cookies sont plac\u00e9s pour nous aider \u00e0 vous fournir de meilleures fonctionnalit\u00e9s sur le site web et dans nos services et \u00e0 les personnaliser davantage.<\/p><p data-renderer-start-pos=\"3303\">Vous pouvez bloquer ces cookies, mais certaines parties du site web pourraient alors ne plus fonctionner de la mani\u00e8re pr\u00e9vue.<\/p><h1 data-renderer-start-pos=\"3431\">\u00a0<\/h1><h1 id=\"Comment-utilisons-nous-les-cookies-?\" data-renderer-start-pos=\"3431\">Comment utilisons-nous les cookies ?<\/h1><p data-renderer-start-pos=\"3469\">Nous collectons des donn\u00e9es \u00e0 l\u2019aide des cookies d\u00e9crits pour mesurer le trafic vers notre site web, comprendre votre comportement pour optimiser l\u2019exp\u00e9rience utilisateur, personnaliser le contenu des sites web et fournir des publicit\u00e9s pertinentes susceptibles de vous int\u00e9resser. Nous utilisons aussi les donn\u00e9es collect\u00e9es pour d\u00e9velopper nos sites web.<\/p><h3 data-renderer-start-pos=\"3827\">\u00a0<\/h3><h2 id=\"Comment-bloquer-les-cookies\" data-renderer-start-pos=\"3827\"><strong>Comment bloquer les cookies<\/strong><\/h2><p data-renderer-start-pos=\"3856\">Vous pouvez arr\u00eater ou restreindre l\u2019installation de cookies et d\u2019autres technologies de suivi, comme les pixels-espions. Vous pouvez les bloquer sur votre appareil ou les supprimer et ajuster vos pr\u00e9f\u00e9rences sur votre navigateur. La m\u00e9thode peut varier selon l\u2019appareil et le navigateur.<\/p><p data-renderer-start-pos=\"4146\">Une fois les cookies bloqu\u00e9s sur votre navigateur, des parties du site web pourraient ne plus \u00eatre accessibles ou ne plus fonctionner correctement.<\/p><h3 data-renderer-start-pos=\"4295\">\u00a0<\/h3><h2 id=\"Comment-retirer-son-consentement\" data-renderer-start-pos=\"4295\"><strong>Comment retirer son consentement<\/strong><\/h2><p data-renderer-start-pos=\"4329\">Pour retirer votre consentement, vous pouvez cliquer sur la petite ic\u00f4ne de cookie en bas des sites web, changer la position du bouton de consentement et sauvegarder.<\/p><h3 data-renderer-start-pos=\"4497\">\u00a0<\/h3><h2 id=\"Liste-des-cookies\" data-renderer-start-pos=\"4497\"><strong>Liste des cookies<\/strong><\/h2><p data-renderer-start-pos=\"4516\">La liste des cookies utilis\u00e9s par Autorola est disponible dans la case de consentement aux cookies sous chaque cat\u00e9gorie de cookies.<\/p><h1 data-renderer-start-pos=\"4516\">\u00a0<\/h1><h1 data-renderer-start-pos=\"4516\">Nous contacter<\/h1><p data-renderer-start-pos=\"4665\">Si vous avez des questions concernant ce document, n\u2019h\u00e9sitez pas \u00e0 nous contacter.<\/p><p data-renderer-start-pos=\"4749\">Autorola A\/S<br \/>Skibhusvej 52A<br \/>DK-5000 Odense C<br \/>Danemark<\/p><p data-renderer-start-pos=\"4804\">T\u00e9l.\u00a0: +45 70 20 16 61<br \/>E-mail\u00a0: <a class=\"confluence-ssr-app-tgpl01\" title=\"mailto:gdpr@autorola.com\" href=\"mailto:gdpr@autorola.com\" data-testid=\"link-with-safety\" data-renderer-mark=\"true\">gdpr@autorola.com<\/a><\/p><p data-renderer-start-pos=\"4804\"><span style=\"font-weight: inherit; text-align: center;\">\u00a0<\/span><\/p>\t\t\t\t\t\t\t\t<\/div>\n\t\t\t\t<\/div>\n\t\t\t\t\t<\/div>\n\t\t<\/div>\n\t\t\t\t\t<\/div>\n\t\t<\/section>\n\t\t\t\t<\/div>\n\t\t","protected":false},"excerpt":{"rendered":"<p>Cookies Ce document vous explique comment et pourquoi nous utilisons des cookies. Il pr\u00e9cise \u00e9galement quels cookies nous utilisons et fournit des informations sur les tiers qui mettent des cookies sur notre site web. \u00a0 Sommaire Public vis\u00e9 par ce document\u00a0: les visiteurs du site web Ce document porte sur\u00a0: Qu\u2019est-ce qu\u2019un cookie\u00a0? Types de [&hellip;]<\/p>\n","protected":false},"author":12,"featured_media":0,"parent":0,"menu_order":22,"comment_status":"closed","ping_status":"closed","template":"","meta":{"_acf_changed":false,"inline_featured_image":false,"site-sidebar-layout":"no-sidebar","site-content-layout":"page-builder","ast-site-content-layout":"default","site-content-style":"default","site-sidebar-style":"default","ast-global-header-display":"","ast-banner-title-visibility":"","ast-main-header-display":"","ast-hfb-above-header-display":"","ast-hfb-below-header-display":"","ast-hfb-mobile-header-display":"","site-post-title":"disabled","ast-breadcrumbs-content":"","ast-featured-img":"disabled","footer-sml-layout":"","theme-transparent-header-meta":"","adv-header-id-meta":"","stick-header-meta":"","header-above-stick-meta":"","header-main-stick-meta":"","header-below-stick-meta":"","astra-migrate-meta-layouts":"default","ast-page-background-enabled":"default","ast-page-background-meta":{"desktop":{"background-color":"","background-image":"","background-repeat":"repeat","background-position":"center center","background-size":"auto","background-attachment":"scroll","background-type":"","background-media":"","overlay-type":"","overlay-color":"","overlay-opacity":"","overlay-gradient":""},"tablet":{"background-color":"","background-image":"","background-repeat":"repeat","background-position":"center center","background-size":"auto","background-attachment":"scroll","background-type":"","background-media":"","overlay-type":"","overlay-color":"","overlay-opacity":"","overlay-gradient":""},"mobile":{"background-color":"","background-image":"","background-repeat":"repeat","background-position":"center center","background-size":"auto","background-attachment":"scroll","background-type":"","background-media":"","overlay-type":"","overlay-color":"","overlay-opacity":"","overlay-gradient":""}},"ast-content-background-meta":{"desktop":{"background-color":"var(--ast-global-color-5)","background-image":"","background-repeat":"repeat","background-position":"center center","background-size":"auto","background-attachment":"scroll","background-type":"","background-media":"","overlay-type":"","overlay-color":"","overlay-opacity":"","overlay-gradient":""},"tablet":{"background-color":"var(--ast-global-color-5)","background-image":"","background-repeat":"repeat","background-position":"center center","background-size":"auto","background-attachment":"scroll","background-type":"","background-media":"","overlay-type":"","overlay-color":"","overlay-opacity":"","overlay-gradient":""},"mobile":{"background-color":"var(--ast-global-color-5)","background-image":"","background-repeat":"repeat","background-position":"center center","background-size":"auto","background-attachment":"scroll","background-type":"","background-media":"","overlay-type":"","overlay-color":"","overlay-opacity":"","overlay-gradient":""}},"footnotes":""},"class_list":["post-15089","page","type-page","status-publish","hentry"],"acf":[],"yoast_head":"<!-- This site is optimized with the Yoast SEO plugin v27.0 - https:\/\/yoast.com\/product\/yoast-seo-wordpress\/ -->\n<title>Cookies FR - Autorola Solutions<\/title>\n<meta name=\"robots\" content=\"index, follow, max-snippet:-1, max-image-preview:large, max-video-preview:-1\" \/>\n<link rel=\"canonical\" href=\"https:\/\/autorolasolutions.com\/fr\/cookies-fr\/\" \/>\n<meta property=\"og:locale\" content=\"fr_FR\" \/>\n<meta property=\"og:type\" content=\"article\" \/>\n<meta property=\"og:title\" content=\"Cookies FR - Autorola Solutions\" \/>\n<meta property=\"og:description\" content=\"Cookies Ce document vous explique comment et pourquoi nous utilisons des cookies. Il pr\u00e9cise \u00e9galement quels cookies nous utilisons et fournit des informations sur les tiers qui mettent des cookies sur notre site web. \u00a0 Sommaire Public vis\u00e9 par ce document\u00a0: les visiteurs du site web Ce document porte sur\u00a0: Qu\u2019est-ce qu\u2019un cookie\u00a0? Types de [&hellip;]\" \/>\n<meta property=\"og:url\" content=\"https:\/\/autorolasolutions.com\/fr\/cookies-fr\/\" \/>\n<meta property=\"og:site_name\" content=\"Autorola Solutions\" \/>\n<meta property=\"article:modified_time\" content=\"2024-04-05T11:19:53+00:00\" \/>\n<meta name=\"twitter:card\" content=\"summary_large_image\" \/>\n<meta name=\"twitter:label1\" content=\"Dur\u00e9e de lecture estim\u00e9e\" \/>\n\t<meta name=\"twitter:data1\" content=\"4 minutes\" \/>\n<script type=\"application\/ld+json\" class=\"yoast-schema-graph\">{\"@context\":\"https:\/\/schema.org\",\"@graph\":[{\"@type\":\"WebPage\",\"@id\":\"https:\/\/autorolasolutions.com\/fr\/cookies-fr\/\",\"url\":\"https:\/\/autorolasolutions.com\/fr\/cookies-fr\/\",\"name\":\"Cookies FR - Autorola Solutions\",\"isPartOf\":{\"@id\":\"https:\/\/autorolasolutions.com\/#website\"},\"datePublished\":\"2023-11-13T14:29:34+00:00\",\"dateModified\":\"2024-04-05T11:19:53+00:00\",\"breadcrumb\":{\"@id\":\"https:\/\/autorolasolutions.com\/fr\/cookies-fr\/#breadcrumb\"},\"inLanguage\":\"fr-FR\",\"potentialAction\":[{\"@type\":\"ReadAction\",\"target\":[\"https:\/\/autorolasolutions.com\/fr\/cookies-fr\/\"]}]},{\"@type\":\"BreadcrumbList\",\"@id\":\"https:\/\/autorolasolutions.com\/fr\/cookies-fr\/#breadcrumb\",\"itemListElement\":[{\"@type\":\"ListItem\",\"position\":1,\"name\":\"Home\",\"item\":\"https:\/\/autorolasolutions.com\/\"},{\"@type\":\"ListItem\",\"position\":2,\"name\":\"Cookies FR\"}]},{\"@type\":\"WebSite\",\"@id\":\"https:\/\/autorolasolutions.com\/#website\",\"url\":\"https:\/\/autorolasolutions.com\/\",\"name\":\"Autorola Solutions\",\"description\":\"\",\"publisher\":{\"@id\":\"https:\/\/autorolasolutions.com\/#organization\"},\"potentialAction\":[{\"@type\":\"SearchAction\",\"target\":{\"@type\":\"EntryPoint\",\"urlTemplate\":\"https:\/\/autorolasolutions.com\/?s={search_term_string}\"},\"query-input\":{\"@type\":\"PropertyValueSpecification\",\"valueRequired\":true,\"valueName\":\"search_term_string\"}}],\"inLanguage\":\"fr-FR\"},{\"@type\":\"Organization\",\"@id\":\"https:\/\/autorolasolutions.com\/#organization\",\"name\":\"Autorola Solutions\",\"url\":\"https:\/\/autorolasolutions.com\/\",\"logo\":{\"@type\":\"ImageObject\",\"inLanguage\":\"fr-FR\",\"@id\":\"https:\/\/autorolasolutions.com\/#\/schema\/logo\/image\/\",\"url\":\"https:\/\/autorolasolutions.com\/wp-content\/uploads\/2025\/01\/Autorola_Solutions_Logo_Left_Screen_RGB.svg\",\"contentUrl\":\"https:\/\/autorolasolutions.com\/wp-content\/uploads\/2025\/01\/Autorola_Solutions_Logo_Left_Screen_RGB.svg\",\"width\":143,\"height\":44,\"caption\":\"Autorola Solutions\"},\"image\":{\"@id\":\"https:\/\/autorolasolutions.com\/#\/schema\/logo\/image\/\"},\"sameAs\":[\"https:\/\/www.linkedin.com\/company\/autorolasolutions\/\"]}]}<\/script>\n<!-- \/ Yoast SEO plugin. -->","yoast_head_json":{"title":"Cookies FR - Autorola Solutions","robots":{"index":"index","follow":"follow","max-snippet":"max-snippet:-1","max-image-preview":"max-image-preview:large","max-video-preview":"max-video-preview:-1"},"canonical":"https:\/\/autorolasolutions.com\/fr\/cookies-fr\/","og_locale":"fr_FR","og_type":"article","og_title":"Cookies FR - Autorola Solutions","og_description":"Cookies Ce document vous explique comment et pourquoi nous utilisons des cookies. Il pr\u00e9cise \u00e9galement quels cookies nous utilisons et fournit des informations sur les tiers qui mettent des cookies sur notre site web. \u00a0 Sommaire Public vis\u00e9 par ce document\u00a0: les visiteurs du site web Ce document porte sur\u00a0: Qu\u2019est-ce qu\u2019un cookie\u00a0? Types de [&hellip;]","og_url":"https:\/\/autorolasolutions.com\/fr\/cookies-fr\/","og_site_name":"Autorola Solutions","article_modified_time":"2024-04-05T11:19:53+00:00","twitter_card":"summary_large_image","twitter_misc":{"Dur\u00e9e de lecture estim\u00e9e":"4 minutes"},"schema":{"@context":"https:\/\/schema.org","@graph":[{"@type":"WebPage","@id":"https:\/\/autorolasolutions.com\/fr\/cookies-fr\/","url":"https:\/\/autorolasolutions.com\/fr\/cookies-fr\/","name":"Cookies FR - Autorola Solutions","isPartOf":{"@id":"https:\/\/autorolasolutions.com\/#website"},"datePublished":"2023-11-13T14:29:34+00:00","dateModified":"2024-04-05T11:19:53+00:00","breadcrumb":{"@id":"https:\/\/autorolasolutions.com\/fr\/cookies-fr\/#breadcrumb"},"inLanguage":"fr-FR","potentialAction":[{"@type":"ReadAction","target":["https:\/\/autorolasolutions.com\/fr\/cookies-fr\/"]}]},{"@type":"BreadcrumbList","@id":"https:\/\/autorolasolutions.com\/fr\/cookies-fr\/#breadcrumb","itemListElement":[{"@type":"ListItem","position":1,"name":"Home","item":"https:\/\/autorolasolutions.com\/"},{"@type":"ListItem","position":2,"name":"Cookies FR"}]},{"@type":"WebSite","@id":"https:\/\/autorolasolutions.com\/#website","url":"https:\/\/autorolasolutions.com\/","name":"Autorola Solutions","description":"","publisher":{"@id":"https:\/\/autorolasolutions.com\/#organization"},"potentialAction":[{"@type":"SearchAction","target":{"@type":"EntryPoint","urlTemplate":"https:\/\/autorolasolutions.com\/?s={search_term_string}"},"query-input":{"@type":"PropertyValueSpecification","valueRequired":true,"valueName":"search_term_string"}}],"inLanguage":"fr-FR"},{"@type":"Organization","@id":"https:\/\/autorolasolutions.com\/#organization","name":"Autorola Solutions","url":"https:\/\/autorolasolutions.com\/","logo":{"@type":"ImageObject","inLanguage":"fr-FR","@id":"https:\/\/autorolasolutions.com\/#\/schema\/logo\/image\/","url":"https:\/\/autorolasolutions.com\/wp-content\/uploads\/2025\/01\/Autorola_Solutions_Logo_Left_Screen_RGB.svg","contentUrl":"https:\/\/autorolasolutions.com\/wp-content\/uploads\/2025\/01\/Autorola_Solutions_Logo_Left_Screen_RGB.svg","width":143,"height":44,"caption":"Autorola Solutions"},"image":{"@id":"https:\/\/autorolasolutions.com\/#\/schema\/logo\/image\/"},"sameAs":["https:\/\/www.linkedin.com\/company\/autorolasolutions\/"]}]}},"_links":{"self":[{"href":"https:\/\/autorolasolutions.com\/fr\/wp-json\/wp\/v2\/pages\/15089","targetHints":{"allow":["GET"]}}],"collection":[{"href":"https:\/\/autorolasolutions.com\/fr\/wp-json\/wp\/v2\/pages"}],"about":[{"href":"https:\/\/autorolasolutions.com\/fr\/wp-json\/wp\/v2\/types\/page"}],"author":[{"embeddable":true,"href":"https:\/\/autorolasolutions.com\/fr\/wp-json\/wp\/v2\/users\/12"}],"replies":[{"embeddable":true,"href":"https:\/\/autorolasolutions.com\/fr\/wp-json\/wp\/v2\/comments?post=15089"}],"version-history":[{"count":10,"href":"https:\/\/autorolasolutions.com\/fr\/wp-json\/wp\/v2\/pages\/15089\/revisions"}],"predecessor-version":[{"id":21408,"href":"https:\/\/autorolasolutions.com\/fr\/wp-json\/wp\/v2\/pages\/15089\/revisions\/21408"}],"wp:attachment":[{"href":"https:\/\/autorolasolutions.com\/fr\/wp-json\/wp\/v2\/media?parent=15089"}],"curies":[{"name":"wp","href":"https:\/\/api.w.org\/{rel}","templated":true}]}}