{"id":6164,"date":"2021-11-09T12:35:35","date_gmt":"2021-11-09T11:35:35","guid":{"rendered":"https:\/\/autorolasolutions.com\/solutions\/challenge\/optimize-sales-management\/"},"modified":"2025-02-04T11:07:06","modified_gmt":"2025-02-04T10:07:06","slug":"optimiser-la-gestion-des-ventes","status":"publish","type":"page","link":"https:\/\/autorolasolutions.com\/fr\/solutions\/challenge\/optimiser-la-gestion-des-ventes\/","title":{"rendered":"Optimiser la gestion des ventes"},"content":{"rendered":"\t\t<div data-elementor-type=\"wp-page\" data-elementor-id=\"6164\" class=\"elementor elementor-6164 elementor-109\" data-elementor-post-type=\"page\">\n\t\t\t\t\t\t<section class=\"elementor-section elementor-top-section elementor-element elementor-element-301574c elementor-section-boxed elementor-section-height-default elementor-section-height-default\" data-id=\"301574c\" data-element_type=\"section\" data-e-type=\"section\">\n\t\t\t\t\t\t<div class=\"elementor-container elementor-column-gap-default\">\n\t\t\t\t\t<div class=\"elementor-column elementor-col-100 elementor-top-column elementor-element elementor-element-d86a391\" data-id=\"d86a391\" data-element_type=\"column\" data-e-type=\"column\">\n\t\t\t<div class=\"elementor-widget-wrap elementor-element-populated\">\n\t\t\t\t\t\t<div class=\"elementor-element elementor-element-009806a elementor-widget elementor-widget-text-editor\" data-id=\"009806a\" data-element_type=\"widget\" data-e-type=\"widget\" data-widget_type=\"text-editor.default\">\n\t\t\t\t<div class=\"elementor-widget-container\">\n\t\t\t\t\t\t\t\t\t<h1>Optimiser la Gestion des Ventes<\/h1><h2>Comment am\u00e9liorer sa marge gr\u00e2ce \u00e0 une gestion commerciale optimis\u00e9e ?<\/h2><p>Afin d&rsquo;obtenir les meilleurs r\u00e9sultats possibles en mati\u00e8re de ventes, la direction des ventes a besoin d&rsquo;une vue d&rsquo;ensemble en temps r\u00e9el des process li\u00e9s au stock, aux ventes, \u00e0 l\u2019avant-vente et l\u2019apr\u00e8s-vente. Avec Fleet Monitor, vous coordonnez non seulement les pr\u00e9parations de vente, mais contr\u00f4lez \u00e9galement diff\u00e9rents canaux de vente tels que les places de march\u00e9 B2C, le remarketing des ench\u00e8res B2B ou les ventes \u00e0 des partenaires commerciaux affili\u00e9s. Fleet Monitor contr\u00f4le de mani\u00e8re centralis\u00e9e toutes les \u00e9tapes du cycle de vente. Cela signifie que toutes les activit\u00e9s sont g\u00e9r\u00e9es depuis une seule interface.<br \/>Avec la plateforme Fleet Monitor, vous pouvez am\u00e9liorer votre marge gr\u00e2ce \u00e0 une gestion optimis\u00e9e des ventes, prendre des d\u00e9cisions \u00e9clair\u00e9es concernant les prix, la gestion des stocks et les strat\u00e9gies de vente et vous concentrer sur le pilotage de vos ventes de la mani\u00e8re la plus efficace et la plus rentable :<\/p><ol><li><strong>Rationaliser vos process de vente :<\/strong> assurez-vous que vos process de vente sont efficaces et efficients, et qu&rsquo;il n&rsquo;y a pas de goulets d&rsquo;\u00e9tranglement ni d&rsquo;\u00e9tapes inutiles. Cela peut contribuer \u00e0 r\u00e9duire les co\u00fbts et \u00e0 am\u00e9liorer la satisfaction des clients.<\/li><li><strong>Optimiser les prix :<\/strong> utilisez des strat\u00e9gies de tarification dynamiques pour ajuster les prix en temps r\u00e9el en fonction de l&rsquo;offre et de la demande. Cela peut vous aider \u00e0 maximiser vos revenus et vos marges b\u00e9n\u00e9ficiaires.<\/li><li><strong>Se concentrer sur la fid\u00e9lisation de la client\u00e8le :<\/strong> concentrez-vous sur l&rsquo;\u00e9tablissement de relations solides avec vos clients en fournissant un excellent service client et en proposant des exp\u00e9riences personnalis\u00e9es.<\/li><li><strong>Tirer parti de la technologie :<\/strong> utilisez la technologie et l\u2019analyse des donn\u00e9es pour am\u00e9liorer votre gestion des ventes. Cela peut vous aider \u00e0 identifier les opportunit\u00e9s de croissance et \u00e0 optimiser vos strat\u00e9gies de vente.<\/li><li><strong>Surveiller votre stock :<\/strong> suivez vos niveaux de stock en temps r\u00e9el pour vous assurer que vous disposez de suffisamment de stock pour r\u00e9pondre \u00e0 la demande, tout en limitant les co\u00fbts de d\u00e9tention inutiles. Cela peut vous aider \u00e0 am\u00e9liorer vos marges.<\/li><\/ol><p>En mettant en \u0153uvre ces strat\u00e9gies et en utilisant des outils comme Fleet Monitor, vous pouvez am\u00e9liorer votre gestion des ventes et augmenter vos marges au fil du temps.<\/p>\t\t\t\t\t\t\t\t<\/div>\n\t\t\t\t<\/div>\n\t\t\t\t\t<\/div>\n\t\t<\/div>\n\t\t\t\t\t<\/div>\n\t\t<\/section>\n\t\t\t\t<section class=\"elementor-section elementor-top-section elementor-element elementor-element-94df653 elementor-section-full_width elementor-section-height-default elementor-section-height-default\" data-id=\"94df653\" data-element_type=\"section\" data-e-type=\"section\" data-settings=\"{&quot;background_background&quot;:&quot;classic&quot;}\">\n\t\t\t\t\t\t<div class=\"elementor-container elementor-column-gap-default\">\n\t\t\t\t\t<div class=\"elementor-column elementor-col-50 elementor-top-column elementor-element elementor-element-8f6d047\" data-id=\"8f6d047\" data-element_type=\"column\" data-e-type=\"column\">\n\t\t\t<div class=\"elementor-widget-wrap elementor-element-populated\">\n\t\t\t\t\t\t<div class=\"elementor-element elementor-element-6037a60 elementor-widget elementor-widget-html\" data-id=\"6037a60\" data-element_type=\"widget\" data-e-type=\"widget\" data-widget_type=\"html.default\">\n\t\t\t\t<div class=\"elementor-widget-container\">\n\t\t\t\t\t<?xml version=\"1.0\" encoding=\"utf-8\"?>\n<!-- Generator: Adobe Illustrator 25.3.1, SVG Export Plug-In . SVG Version: 6.00 Build 0)  -->\n<svg class=\"kaeseecke\" version=\"1.1\" id=\"Ebene_2_1_\" xmlns=\"http:\/\/www.w3.org\/2000\/svg\" xmlns:xlink=\"http:\/\/www.w3.org\/1999\/xlink\" x=\"0px\" y=\"0px\"\n\t viewBox=\"0 0 960 960\" style=\"enable-background:new 0 0 960 960;\" xml:space=\"preserve\">\n<style type=\"text\/css\">\n\t.st0{fill:#9E9E9E;}\n<\/style>\n<polygon class=\"A st0\" points=\"209.4,778.6 445.3,492.9 80,431.6 \"\/>\n<g class=\"C\" id=\"Banken\">\n\t<defs>\n\t\t<polygon id=\"Banken_1_\" points=\"356.7,96.4 486.1,443.4 722,157.8 \t\t\"\/>\n\t<\/defs>\n\t<clipPath id=\"Banken_2_\">\n\t\t<use xlink:href=\"#Banken_1_\"  style=\"overflow:visible;\"\/>\n\t<\/clipPath>\n\t<g transform=\"matrix(1 0 0 1 1.525879e-05 0)\" style=\"clip-path:url(#Banken_2_);\">\n\t\t\n\t\t\t<image class=\"kaeseimage\" style=\"overflow:visible;\" width=\"1264\" height=\"843\" xlink:href=\"\/wp-content\/uploads\/2021\/09\/money-blau.png\"  transform=\"matrix(0.5459 0 0 0.5459 215 27.589)\">\n\t\t<\/image>\n\t<\/g>\n<\/g>\n<g class=\"D\" id=\"Haendler\">\n\t<defs>\n\t\t<polygon id=\"Haendler_1_\" points=\"514.7,467.1 880,528.4 750.6,181.4 \t\t\"\/>\n\t<\/defs>\n\t<clipPath id=\"Haendler_2_\">\n\t\t<use xlink:href=\"#Haendler_1_\"  style=\"overflow:visible;\"\/>\n\t<\/clipPath>\n\t<g transform=\"matrix(1 0 0 1 0 0)\" style=\"clip-path:url(#Haendler_2_);\">\n\t\t\n\t\t\t<image class=\"kaeseimage\" style=\"overflow:visible;\" width=\"2000\" height=\"953\" xlink:href=\"\/wp-content\/uploads\/2021\/09\/Shaking-hands-blau.png\"  transform=\"matrix(0.395 0 0 0.395 200.3094 156.043)\">\n\t\t<\/image>\n\t<\/g>\n<\/g>\n<g class=\"B\" id=\"Hersteller\">\n\t<defs>\n\t\t<polygon id=\"Hersteller_1_\" points=\"322,109.4 86.1,395 451.4,456.4 \t\t\"\/>\n\t<\/defs>\n\t<clipPath id=\"Hersteller_2_\">\n\t\t<use xlink:href=\"#Hersteller_1_\"  style=\"overflow:visible;\"\/>\n\t<\/clipPath>\n\t<g style=\"clip-path:url(#Hersteller_2_);\">\n\t\t\n\t\t\t<image class=\"kaeseimage\" style=\"overflow:visible;\" width=\"1070\" height=\"714\" xlink:href=\"\/wp-content\/uploads\/2021\/09\/Fahrzeugbau-blau.png\"  transform=\"matrix(0.5701 0 0 0.5701 32.1523 72.9533)\">\n\t\t<\/image>\n\t<\/g>\n<\/g>\n<g class=\"E\" id=\"Leasing\">\n\t<defs>\n\t\t<polygon id=\"Leasing_2_\" points=\"638,850.6 873.9,565 508.6,503.6 \t\t\"\/>\n\t<\/defs>\n\t<clipPath id=\"Leasing_1_\">\n\t\t<use xlink:href=\"#Leasing_2_\"  style=\"overflow:visible;\"\/>\n\t<\/clipPath>\n\t<g transform=\"matrix(1 2.980232e-08 -2.980232e-08 1 0 0)\" style=\"clip-path:url(#Leasing_1_);\">\n\t\t\n\t\t\t<image class=\"kaeseimage\" style=\"overflow:visible;\" width=\"1270\" height=\"714\" xlink:href=\"\/wp-content\/uploads\/2021\/09\/Parkplatz-blau.png\"  transform=\"matrix(0.9072 0.2335 -0.2335 0.9072 295.6266 390.6233)\">\n\t\t<\/image>\n\t<\/g>\n<\/g>\n<g class=\"F\" id=\"Logistikanbieter\">\n\t<defs>\n\t\t<polygon id=\"Logistikanbieter_1_\" points=\"473.9,516.6 238,802.2 603.3,863.6 \t\t\"\/>\n\t<\/defs>\n\t<clipPath id=\"Logistikanbieter_2_\">\n\t\t<use xlink:href=\"#Logistikanbieter_1_\"  style=\"overflow:visible;\"\/>\n\t<\/clipPath>\n\t<g transform=\"matrix(1 0 0 1 0 1.525879e-05)\" style=\"clip-path:url(#Logistikanbieter_2_);\">\n\t\t\n\t\t\t<image class=\"kaeseimage\" style=\"overflow:visible;\" width=\"1072\" height=\"714\" xlink:href=\"\/wp-content\/uploads\/2021\/09\/street-blau.png\"  transform=\"matrix(1.0858 0 0 1.0858 -295.8258 244.9563)\">\n\t\t<\/image>\n\t<\/g>\n<\/g>\n<\/svg>\n\t\t\t\t<\/div>\n\t\t\t\t<\/div>\n\t\t\t\t\t<\/div>\n\t\t<\/div>\n\t\t\t\t<div class=\"elementor-column elementor-col-50 elementor-top-column elementor-element elementor-element-102684c\" data-id=\"102684c\" data-element_type=\"column\" data-e-type=\"column\">\n\t\t\t<div class=\"elementor-widget-wrap elementor-element-populated\">\n\t\t\t\t\t\t<div class=\"elementor-element elementor-element-999d701 elementor-widget elementor-widget-text-editor\" data-id=\"999d701\" data-element_type=\"widget\" data-e-type=\"widget\" data-widget_type=\"text-editor.default\">\n\t\t\t\t<div class=\"elementor-widget-container\">\n\t\t\t\t\t\t\t\t\t<h3>VOS AVANTAGES<\/h3>\t\t\t\t\t\t\t\t<\/div>\n\t\t\t\t<\/div>\n\t\t\t\t<div class=\"elementor-element elementor-element-02ea7e6 sub-solutions elementor-list-item-link-inline elementor-icon-list--layout-traditional elementor-widget elementor-widget-icon-list\" data-id=\"02ea7e6\" data-element_type=\"widget\" data-e-type=\"widget\" data-widget_type=\"icon-list.default\">\n\t\t\t\t<div class=\"elementor-widget-container\">\n\t\t\t\t\t\t\t<ul class=\"elementor-icon-list-items\">\n\t\t\t\t\t\t\t<li class=\"elementor-icon-list-item\">\n\t\t\t\t\t\t\t\t\t\t\t<a href=\"https:\/\/autorolasolutions.com\/fr\/solutions\/challenge\/reduction-des-delais\/\" class=\"B C D F\">\n\n\t\t\t\t\t\t\t\t\t\t\t<span class=\"elementor-icon-list-text\">R\u00e9duction des d\u00e9lais<\/span>\n\t\t\t\t\t\t\t\t\t\t\t<\/a>\n\t\t\t\t\t\t\t\t\t<\/li>\n\t\t\t\t\t\t\t\t<li class=\"elementor-icon-list-item\">\n\t\t\t\t\t\t\t\t\t\t\t<a href=\"https:\/\/autorolasolutions.com\/fr\/solutions\/challenge\/optimisation-des-process\/\" class=\"B C D E F\">\n\n\t\t\t\t\t\t\t\t\t\t\t<span class=\"elementor-icon-list-text\">Optimisation des Process<\/span>\n\t\t\t\t\t\t\t\t\t\t\t<\/a>\n\t\t\t\t\t\t\t\t\t<\/li>\n\t\t\t\t\t\t\t\t<li class=\"elementor-icon-list-item\">\n\t\t\t\t\t\t\t\t\t\t\t<a href=\"https:\/\/autorolasolutions.com\/fr\/solutions\/challenge\/digitaliser-vos-process\/\" class=\"C D E\">\n\n\t\t\t\t\t\t\t\t\t\t\t<span class=\"elementor-icon-list-text\">Digitalisez vos process<\/span>\n\t\t\t\t\t\t\t\t\t\t\t<\/a>\n\t\t\t\t\t\t\t\t\t<\/li>\n\t\t\t\t\t\t\t\t<li class=\"elementor-icon-list-item\">\n\t\t\t\t\t\t\t\t\t\t\t<a href=\"https:\/\/autorolasolutions.com\/fr\/solutions\/challenge\/optimiser-la-gestion-des-ventes\/\" class=\"B C D E F\">\n\n\t\t\t\t\t\t\t\t\t\t\t<span class=\"elementor-icon-list-text\">Optimisez la gestion des ventes<\/span>\n\t\t\t\t\t\t\t\t\t\t\t<\/a>\n\t\t\t\t\t\t\t\t\t<\/li>\n\t\t\t\t\t\t\t\t<li class=\"elementor-icon-list-item\">\n\t\t\t\t\t\t\t\t\t\t\t<a href=\"https:\/\/autorolasolutions.com\/fr\/solutions\/challenge\/controler-vos-prestataires\/\" class=\"C D E\">\n\n\t\t\t\t\t\t\t\t\t\t\t<span class=\"elementor-icon-list-text\">Contr\u00f4lez vos prestataires<\/span>\n\t\t\t\t\t\t\t\t\t\t\t<\/a>\n\t\t\t\t\t\t\t\t\t<\/li>\n\t\t\t\t\t\t\t\t<li class=\"elementor-icon-list-item\">\n\t\t\t\t\t\t\t\t\t\t\t<a href=\"https:\/\/autorolasolutions.com\/fr\/solutions\/challenge\/reduire-les-couts\/\">\n\n\t\t\t\t\t\t\t\t\t\t\t<span class=\"elementor-icon-list-text\">R\u00e9duisez les co\u00fbts<\/span>\n\t\t\t\t\t\t\t\t\t\t\t<\/a>\n\t\t\t\t\t\t\t\t\t<\/li>\n\t\t\t\t\t\t\t\t<li class=\"elementor-icon-list-item\">\n\t\t\t\t\t\t\t\t\t\t\t<a href=\"https:\/\/autorolasolutions.com\/fr\/solutions\/challenge\/definir-et-realiser-les-controles-necessaires\/\">\n\n\t\t\t\t\t\t\t\t\t\t\t<span class=\"elementor-icon-list-text\">D\u00e9finissez et r\u00e9alisez les contr\u00f4les n\u00e9cessaires<\/span>\n\t\t\t\t\t\t\t\t\t\t\t<\/a>\n\t\t\t\t\t\t\t\t\t<\/li>\n\t\t\t\t\t\t<\/ul>\n\t\t\t\t\t\t<\/div>\n\t\t\t\t<\/div>\n\t\t\t\t<div class=\"elementor-element elementor-element-0cdcca0 elementor-widget elementor-widget-button\" data-id=\"0cdcca0\" data-element_type=\"widget\" data-e-type=\"widget\" data-widget_type=\"button.default\">\n\t\t\t\t<div class=\"elementor-widget-container\">\n\t\t\t\t\t\t\t\t\t<div class=\"elementor-button-wrapper\">\n\t\t\t\t\t<a class=\"elementor-button elementor-button-link elementor-size-sm elementor-animation-grow\" href=\"https:\/\/autorolasolutions.com\/fr\/contact\/\">\n\t\t\t\t\t\t<span class=\"elementor-button-content-wrapper\">\n\t\t\t\t\t\t<span class=\"elementor-button-icon\">\n\t\t\t\t<i aria-hidden=\"true\" class=\"fas fa-arrow-right\"><\/i>\t\t\t<\/span>\n\t\t\t\t\t\t\t\t\t<span class=\"elementor-button-text\">Contactez-nous<\/span>\n\t\t\t\t\t<\/span>\n\t\t\t\t\t<\/a>\n\t\t\t\t<\/div>\n\t\t\t\t\t\t\t\t<\/div>\n\t\t\t\t<\/div>\n\t\t\t\t\t<\/div>\n\t\t<\/div>\n\t\t\t\t\t<\/div>\n\t\t<\/section>\n\t\t\t\t<\/div>\n\t\t","protected":false},"excerpt":{"rendered":"<p>Optimiser la Gestion des Ventes Comment am\u00e9liorer sa marge gr\u00e2ce \u00e0 une gestion commerciale optimis\u00e9e ? Afin d&rsquo;obtenir les meilleurs r\u00e9sultats possibles en mati\u00e8re de ventes, la direction des ventes a besoin d&rsquo;une vue d&rsquo;ensemble en temps r\u00e9el des process li\u00e9s au stock, aux ventes, \u00e0 l\u2019avant-vente et l\u2019apr\u00e8s-vente. Avec Fleet Monitor, vous coordonnez non [&hellip;]<\/p>\n","protected":false},"author":2,"featured_media":0,"parent":6140,"menu_order":4,"comment_status":"closed","ping_status":"open","template":"","meta":{"_acf_changed":false,"inline_featured_image":false,"site-sidebar-layout":"no-sidebar","site-content-layout":"default","ast-site-content-layout":"default","site-content-style":"default","site-sidebar-style":"default","ast-global-header-display":"","ast-banner-title-visibility":"","ast-main-header-display":"","ast-hfb-above-header-display":"","ast-hfb-below-header-display":"","ast-hfb-mobile-header-display":"","site-post-title":"disabled","ast-breadcrumbs-content":"","ast-featured-img":"disabled","footer-sml-layout":"","theme-transparent-header-meta":"default","adv-header-id-meta":"","stick-header-meta":"default","header-above-stick-meta":"","header-main-stick-meta":"","header-below-stick-meta":"","astra-migrate-meta-layouts":"default","ast-page-background-enabled":"default","ast-page-background-meta":{"desktop":{"background-color":"","background-image":"","background-repeat":"repeat","background-position":"center center","background-size":"auto","background-attachment":"scroll","background-type":"","background-media":"","overlay-type":"","overlay-color":"","overlay-opacity":"","overlay-gradient":""},"tablet":{"background-color":"","background-image":"","background-repeat":"repeat","background-position":"center center","background-size":"auto","background-attachment":"scroll","background-type":"","background-media":"","overlay-type":"","overlay-color":"","overlay-opacity":"","overlay-gradient":""},"mobile":{"background-color":"","background-image":"","background-repeat":"repeat","background-position":"center center","background-size":"auto","background-attachment":"scroll","background-type":"","background-media":"","overlay-type":"","overlay-color":"","overlay-opacity":"","overlay-gradient":""}},"ast-content-background-meta":{"desktop":{"background-color":"var(--ast-global-color-5)","background-image":"","background-repeat":"repeat","background-position":"center center","background-size":"auto","background-attachment":"scroll","background-type":"","background-media":"","overlay-type":"","overlay-color":"","overlay-opacity":"","overlay-gradient":""},"tablet":{"background-color":"var(--ast-global-color-5)","background-image":"","background-repeat":"repeat","background-position":"center center","background-size":"auto","background-attachment":"scroll","background-type":"","background-media":"","overlay-type":"","overlay-color":"","overlay-opacity":"","overlay-gradient":""},"mobile":{"background-color":"var(--ast-global-color-5)","background-image":"","background-repeat":"repeat","background-position":"center center","background-size":"auto","background-attachment":"scroll","background-type":"","background-media":"","overlay-type":"","overlay-color":"","overlay-opacity":"","overlay-gradient":""}},"footnotes":""},"class_list":["post-6164","page","type-page","status-publish","hentry"],"acf":[],"yoast_head":"<!-- This site is optimized with the Yoast SEO plugin v27.0 - https:\/\/yoast.com\/product\/yoast-seo-wordpress\/ -->\n<title>Optimiser la gestion des ventes | Am\u00e9lioration de l&#039;activit\u00e9 automobile<\/title>\n<meta name=\"description\" content=\"Am\u00e9liorez votre gestion commerciale et optimisez vos processus avec notre solution. Am\u00e9liorez l\u2019exp\u00e9rience client et stimulez la croissance des ventes.\" \/>\n<meta name=\"robots\" content=\"index, follow, max-snippet:-1, max-image-preview:large, max-video-preview:-1\" \/>\n<link rel=\"canonical\" href=\"https:\/\/autorolasolutions.com\/solutions\/business-values\/optimize-sales-management\/\" \/>\n<meta property=\"og:locale\" content=\"fr_FR\" \/>\n<meta property=\"og:type\" content=\"article\" \/>\n<meta property=\"og:title\" content=\"Optimiser la gestion des ventes | Am\u00e9lioration de l&#039;activit\u00e9 automobile\" \/>\n<meta property=\"og:description\" content=\"Am\u00e9liorez votre gestion commerciale et optimisez vos processus avec notre solution. Am\u00e9liorez l\u2019exp\u00e9rience client et stimulez la croissance des ventes.\" \/>\n<meta property=\"og:url\" content=\"https:\/\/autorolasolutions.com\/solutions\/business-values\/optimize-sales-management\/\" \/>\n<meta property=\"og:site_name\" content=\"Autorola Solutions\" \/>\n<meta property=\"article:modified_time\" content=\"2025-02-04T10:07:06+00:00\" \/>\n<meta name=\"twitter:card\" content=\"summary_large_image\" \/>\n<meta name=\"twitter:label1\" content=\"Dur\u00e9e de lecture estim\u00e9e\" \/>\n\t<meta name=\"twitter:data1\" content=\"3 minutes\" \/>\n<script type=\"application\/ld+json\" class=\"yoast-schema-graph\">{\"@context\":\"https:\/\/schema.org\",\"@graph\":[{\"@type\":\"WebPage\",\"@id\":\"https:\/\/autorolasolutions.com\/solutions\/business-values\/optimize-sales-management\/\",\"url\":\"https:\/\/autorolasolutions.com\/solutions\/business-values\/optimize-sales-management\/\",\"name\":\"Optimiser la gestion des ventes | Am\u00e9lioration de l'activit\u00e9 automobile\",\"isPartOf\":{\"@id\":\"https:\/\/autorolasolutions.com\/#website\"},\"datePublished\":\"2021-11-09T11:35:35+00:00\",\"dateModified\":\"2025-02-04T10:07:06+00:00\",\"description\":\"Am\u00e9liorez votre gestion commerciale et optimisez vos processus avec notre solution. Am\u00e9liorez l\u2019exp\u00e9rience client et stimulez la croissance des ventes.\",\"breadcrumb\":{\"@id\":\"https:\/\/autorolasolutions.com\/solutions\/business-values\/optimize-sales-management\/#breadcrumb\"},\"inLanguage\":\"fr-FR\",\"potentialAction\":[{\"@type\":\"ReadAction\",\"target\":[\"https:\/\/autorolasolutions.com\/solutions\/business-values\/optimize-sales-management\/\"]}]},{\"@type\":\"BreadcrumbList\",\"@id\":\"https:\/\/autorolasolutions.com\/solutions\/business-values\/optimize-sales-management\/#breadcrumb\",\"itemListElement\":[{\"@type\":\"ListItem\",\"position\":1,\"name\":\"Home\",\"item\":\"https:\/\/autorolasolutions.com\/\"},{\"@type\":\"ListItem\",\"position\":2,\"name\":\"Solutions\",\"item\":\"https:\/\/autorolasolutions.com\/solutions\/\"},{\"@type\":\"ListItem\",\"position\":3,\"name\":\"Challenge\",\"item\":\"https:\/\/autorolasolutions.com\/solutions\/business-values\/\"},{\"@type\":\"ListItem\",\"position\":4,\"name\":\"Optimiser la gestion des ventes\"}]},{\"@type\":\"WebSite\",\"@id\":\"https:\/\/autorolasolutions.com\/#website\",\"url\":\"https:\/\/autorolasolutions.com\/\",\"name\":\"Autorola Solutions\",\"description\":\"\",\"publisher\":{\"@id\":\"https:\/\/autorolasolutions.com\/#organization\"},\"potentialAction\":[{\"@type\":\"SearchAction\",\"target\":{\"@type\":\"EntryPoint\",\"urlTemplate\":\"https:\/\/autorolasolutions.com\/?s={search_term_string}\"},\"query-input\":{\"@type\":\"PropertyValueSpecification\",\"valueRequired\":true,\"valueName\":\"search_term_string\"}}],\"inLanguage\":\"fr-FR\"},{\"@type\":\"Organization\",\"@id\":\"https:\/\/autorolasolutions.com\/#organization\",\"name\":\"Autorola Solutions\",\"url\":\"https:\/\/autorolasolutions.com\/\",\"logo\":{\"@type\":\"ImageObject\",\"inLanguage\":\"fr-FR\",\"@id\":\"https:\/\/autorolasolutions.com\/#\/schema\/logo\/image\/\",\"url\":\"https:\/\/autorolasolutions.com\/wp-content\/uploads\/2025\/01\/Autorola_Solutions_Logo_Left_Screen_RGB.svg\",\"contentUrl\":\"https:\/\/autorolasolutions.com\/wp-content\/uploads\/2025\/01\/Autorola_Solutions_Logo_Left_Screen_RGB.svg\",\"width\":143,\"height\":44,\"caption\":\"Autorola Solutions\"},\"image\":{\"@id\":\"https:\/\/autorolasolutions.com\/#\/schema\/logo\/image\/\"},\"sameAs\":[\"https:\/\/www.linkedin.com\/company\/autorolasolutions\/\"]}]}<\/script>\n<!-- \/ Yoast SEO plugin. -->","yoast_head_json":{"title":"Optimiser la gestion des ventes | Am\u00e9lioration de l'activit\u00e9 automobile","description":"Am\u00e9liorez votre gestion commerciale et optimisez vos processus avec notre solution. Am\u00e9liorez l\u2019exp\u00e9rience client et stimulez la croissance des ventes.","robots":{"index":"index","follow":"follow","max-snippet":"max-snippet:-1","max-image-preview":"max-image-preview:large","max-video-preview":"max-video-preview:-1"},"canonical":"https:\/\/autorolasolutions.com\/solutions\/business-values\/optimize-sales-management\/","og_locale":"fr_FR","og_type":"article","og_title":"Optimiser la gestion des ventes | Am\u00e9lioration de l'activit\u00e9 automobile","og_description":"Am\u00e9liorez votre gestion commerciale et optimisez vos processus avec notre solution. Am\u00e9liorez l\u2019exp\u00e9rience client et stimulez la croissance des ventes.","og_url":"https:\/\/autorolasolutions.com\/solutions\/business-values\/optimize-sales-management\/","og_site_name":"Autorola Solutions","article_modified_time":"2025-02-04T10:07:06+00:00","twitter_card":"summary_large_image","twitter_misc":{"Dur\u00e9e de lecture estim\u00e9e":"3 minutes"},"schema":{"@context":"https:\/\/schema.org","@graph":[{"@type":"WebPage","@id":"https:\/\/autorolasolutions.com\/solutions\/business-values\/optimize-sales-management\/","url":"https:\/\/autorolasolutions.com\/solutions\/business-values\/optimize-sales-management\/","name":"Optimiser la gestion des ventes | Am\u00e9lioration de l'activit\u00e9 automobile","isPartOf":{"@id":"https:\/\/autorolasolutions.com\/#website"},"datePublished":"2021-11-09T11:35:35+00:00","dateModified":"2025-02-04T10:07:06+00:00","description":"Am\u00e9liorez votre gestion commerciale et optimisez vos processus avec notre solution. Am\u00e9liorez l\u2019exp\u00e9rience client et stimulez la croissance des ventes.","breadcrumb":{"@id":"https:\/\/autorolasolutions.com\/solutions\/business-values\/optimize-sales-management\/#breadcrumb"},"inLanguage":"fr-FR","potentialAction":[{"@type":"ReadAction","target":["https:\/\/autorolasolutions.com\/solutions\/business-values\/optimize-sales-management\/"]}]},{"@type":"BreadcrumbList","@id":"https:\/\/autorolasolutions.com\/solutions\/business-values\/optimize-sales-management\/#breadcrumb","itemListElement":[{"@type":"ListItem","position":1,"name":"Home","item":"https:\/\/autorolasolutions.com\/"},{"@type":"ListItem","position":2,"name":"Solutions","item":"https:\/\/autorolasolutions.com\/solutions\/"},{"@type":"ListItem","position":3,"name":"Challenge","item":"https:\/\/autorolasolutions.com\/solutions\/business-values\/"},{"@type":"ListItem","position":4,"name":"Optimiser la gestion des ventes"}]},{"@type":"WebSite","@id":"https:\/\/autorolasolutions.com\/#website","url":"https:\/\/autorolasolutions.com\/","name":"Autorola Solutions","description":"","publisher":{"@id":"https:\/\/autorolasolutions.com\/#organization"},"potentialAction":[{"@type":"SearchAction","target":{"@type":"EntryPoint","urlTemplate":"https:\/\/autorolasolutions.com\/?s={search_term_string}"},"query-input":{"@type":"PropertyValueSpecification","valueRequired":true,"valueName":"search_term_string"}}],"inLanguage":"fr-FR"},{"@type":"Organization","@id":"https:\/\/autorolasolutions.com\/#organization","name":"Autorola Solutions","url":"https:\/\/autorolasolutions.com\/","logo":{"@type":"ImageObject","inLanguage":"fr-FR","@id":"https:\/\/autorolasolutions.com\/#\/schema\/logo\/image\/","url":"https:\/\/autorolasolutions.com\/wp-content\/uploads\/2025\/01\/Autorola_Solutions_Logo_Left_Screen_RGB.svg","contentUrl":"https:\/\/autorolasolutions.com\/wp-content\/uploads\/2025\/01\/Autorola_Solutions_Logo_Left_Screen_RGB.svg","width":143,"height":44,"caption":"Autorola Solutions"},"image":{"@id":"https:\/\/autorolasolutions.com\/#\/schema\/logo\/image\/"},"sameAs":["https:\/\/www.linkedin.com\/company\/autorolasolutions\/"]}]}},"_links":{"self":[{"href":"https:\/\/autorolasolutions.com\/fr\/wp-json\/wp\/v2\/pages\/6164","targetHints":{"allow":["GET"]}}],"collection":[{"href":"https:\/\/autorolasolutions.com\/fr\/wp-json\/wp\/v2\/pages"}],"about":[{"href":"https:\/\/autorolasolutions.com\/fr\/wp-json\/wp\/v2\/types\/page"}],"author":[{"embeddable":true,"href":"https:\/\/autorolasolutions.com\/fr\/wp-json\/wp\/v2\/users\/2"}],"replies":[{"embeddable":true,"href":"https:\/\/autorolasolutions.com\/fr\/wp-json\/wp\/v2\/comments?post=6164"}],"version-history":[{"count":28,"href":"https:\/\/autorolasolutions.com\/fr\/wp-json\/wp\/v2\/pages\/6164\/revisions"}],"predecessor-version":[{"id":55245,"href":"https:\/\/autorolasolutions.com\/fr\/wp-json\/wp\/v2\/pages\/6164\/revisions\/55245"}],"up":[{"embeddable":true,"href":"https:\/\/autorolasolutions.com\/fr\/wp-json\/wp\/v2\/pages\/6140"}],"wp:attachment":[{"href":"https:\/\/autorolasolutions.com\/fr\/wp-json\/wp\/v2\/media?parent=6164"}],"curies":[{"name":"wp","href":"https:\/\/api.w.org\/{rel}","templated":true}]}}