{"id":21301,"date":"2024-04-03T14:43:02","date_gmt":"2024-04-03T12:43:02","guid":{"rendered":"https:\/\/autorolasolutions.com\/?page_id=21301"},"modified":"2024-04-03T14:43:24","modified_gmt":"2024-04-03T12:43:24","slug":"cookies","status":"publish","type":"page","link":"https:\/\/autorolasolutions.com\/it\/cookies\/","title":{"rendered":"Cookies"},"content":{"rendered":"\t\t<div data-elementor-type=\"wp-page\" data-elementor-id=\"21301\" class=\"elementor elementor-21301\" data-elementor-post-type=\"page\">\n\t\t\t\t\t\t<section class=\"elementor-section elementor-top-section elementor-element elementor-element-9b4a1d2 elementor-section-boxed elementor-section-height-default elementor-section-height-default\" data-id=\"9b4a1d2\" data-element_type=\"section\" data-e-type=\"section\">\n\t\t\t\t\t\t<div class=\"elementor-container elementor-column-gap-default\">\n\t\t\t\t\t<div class=\"elementor-column elementor-col-100 elementor-top-column elementor-element elementor-element-94f21a5\" data-id=\"94f21a5\" data-element_type=\"column\" data-e-type=\"column\">\n\t\t\t<div class=\"elementor-widget-wrap elementor-element-populated\">\n\t\t\t\t\t\t<div class=\"elementor-element elementor-element-57f40b7 elementor-widget elementor-widget-text-editor\" data-id=\"57f40b7\" data-element_type=\"widget\" data-e-type=\"widget\" data-widget_type=\"text-editor.default\">\n\t\t\t\t<div class=\"elementor-widget-container\">\n\t\t\t\t\t\t\t\t\t<h1 id=\"Cookie\" data-renderer-start-pos=\"1\">Cookie<\/h1><p data-renderer-start-pos=\"9\">Il presente documento spiega come e perch\u00e9 utilizziamo i cookie. Ti indicheremo inoltre quali cookie utilizziamo e alcune informazioni sulle terze parti che inseriscono cookie sul nostro sito web.<\/p><h3 data-renderer-start-pos=\"207\">\u00a0<\/h3><h1 id=\"Riepilogo\" data-renderer-start-pos=\"207\">Riepilogo<\/h1><p data-renderer-start-pos=\"218\">Il presente documento si applica a:<\/p><ul class=\"ak-ul\" data-indent-level=\"1\"><li><p data-renderer-start-pos=\"257\">Visitatori del sito Web<\/p><\/li><\/ul><p data-renderer-start-pos=\"286\">Il presente documento riguarda:<\/p><ul class=\"ak-ul\" data-indent-level=\"1\"><li><p data-renderer-start-pos=\"344\">Che cos&#8217;\u00e8 un cookie?<\/p><ul class=\"ak-ul\" data-indent-level=\"2\"><li><p data-renderer-start-pos=\"368\">Tipi di cookie<\/p><\/li><\/ul><\/li><li><p data-renderer-start-pos=\"388\">Quali sono i cookie che utilizziamo?<\/p><ul class=\"ak-ul\" data-indent-level=\"2\"><li><p data-renderer-start-pos=\"428\">Cookie essenziali<\/p><\/li><li><p data-renderer-start-pos=\"449\">Cookie analitici<\/p><\/li><li><p data-renderer-start-pos=\"469\">Cookie di marketing<\/p><\/li><li><p data-renderer-start-pos=\"492\">Cookie di personalizzazione<\/p><\/li><\/ul><\/li><li><p data-renderer-start-pos=\"525\">Come utilizziamo i cookie?<\/p><\/li><li><p data-renderer-start-pos=\"555\">Come bloccare i cookie<\/p><\/li><li><p data-renderer-start-pos=\"581\">Come revocare il consenso accordato<\/p><\/li><li><p data-renderer-start-pos=\"620\">Elenco dei cookie<\/p><\/li><li><p data-renderer-start-pos=\"641\">Contattaci<\/p><\/li><\/ul><h1 id=\"[hardBreak]Che-cos'\u00e8-un-cookie?\" data-renderer-start-pos=\"655\">Che cos&#8217;\u00e8 un cookie?<\/h1><p data-renderer-start-pos=\"678\">I cookie sono piccoli file di testo che vengono memorizzati sul dispositivo dell&#8217;utente e che ci permettono di rendere la sua esperienza migliore e pi\u00f9 efficiente. Ci permettono di riconoscere il dispositivo e il browser dell&#8217;utente e di memorizzare informazioni importanti per il miglioramento dei nostri servizi.<\/p><h3 data-renderer-start-pos=\"994\">\u00a0<\/h3><h2 id=\"Tipi-di-cookie\" data-renderer-start-pos=\"994\"><strong>Tipi di cookie<\/strong><\/h2><p data-renderer-start-pos=\"1012\"><strong data-renderer-mark=\"true\">Cookie di sessione e cookie persistenti<\/strong><\/p><ul class=\"ak-ul\" data-indent-level=\"1\"><li><p data-renderer-start-pos=\"1055\">I cookie di sessione vengono memorizzati temporaneamente nella memoria dei dispositivi dell&#8217;utente durante la visita al sito Web e vengono cancellati una volta chiuso il browser.<\/p><\/li><li><p data-renderer-start-pos=\"1237\">I cookie persistenti vengono conservati per un periodo di tempo predeterminato, che varia da cookie a cookie. Persistono pi\u00f9 a lungo dei cookie di sessione, ma anch&#8217;essi scadono dopo un po&#8217; di tempo. Ci permettono di capire se l&#8217;utente ha gi\u00e0 visitato il nostro sito Web o siti simili in passato.<\/p><\/li><\/ul><p data-renderer-start-pos=\"1539\"><strong data-renderer-mark=\"true\">Cookie di prima parte e di terze parti<\/strong><\/p><ul class=\"ak-ul\" data-indent-level=\"1\"><li><p data-renderer-start-pos=\"1581\">I cookie di prima parte sono impostati direttamente dal sito Web o da uno qualsiasi dei sottodomini del sito Web.<\/p><\/li><li><p data-renderer-start-pos=\"1698\">I cookie di terze parti sono impostati da siti Web non gestiti da noi, come i nostri sub-responsabili del trattamento o altri partner tecnologici.<\/p><\/li><\/ul><h1 id=\"[hardBreak]Quali-sono-i-cookie-che-utilizziamo?\" data-renderer-start-pos=\"1848\">Quali sono i cookie che utilizziamo?<\/h1><h2 id=\"[hardBreak]Cookie-essenziali\" data-renderer-start-pos=\"1887\"><strong>Cookie essenziali<\/strong><\/h2><p data-renderer-start-pos=\"1907\">Memorizziamo i cookie sul dispositivo dell&#8217;utente se sono necessari per permetterci di offrire e fornire i nostri servizi. Sono inoltre necessari per consentire all&#8217;utente di navigare nel sito e nell&#8217;applicazione Web e di usufruire di tutte le funzioni disponibili. Questi cookie non possono essere disattivati e sono impostati per le opzioni di base del sito Web, come il login, i moduli e l&#8217;impostazione di preferenze come il fuso orario o la lingua.<\/p><h4 data-renderer-start-pos=\"2361\">\u00a0<\/h4><h2 id=\"Cookie-analitici\" data-renderer-start-pos=\"2361\"><strong>Cookie analitici<\/strong><\/h2><p data-renderer-start-pos=\"2379\">Questi cookie vengono inseriti per aiutarci a capire come l&#8217;utente interagisce con le opzioni disponibili sul sito Web, quali parti utilizza maggiormente e come si avvale dei nostri servizi. Questo ci permette di creare statistiche sull&#8217;utilizzo e sul tempo trascorso sul sito Web. Queste statistiche ci consentono di migliorare il nostro sito Web e i servizi che offriamo.<\/p><h4 data-renderer-start-pos=\"2754\">\u00a0<\/h4><h2 id=\"Cookie-di-marketing\" data-renderer-start-pos=\"2754\"><strong>Cookie di marketing<\/strong><\/h2><p data-renderer-start-pos=\"2775\">Questi cookie vengono utilizzati per proporre all&#8217;utente annunci pubblicitari che potrebbero essere pertinenti o di interesse per l&#8217;utente stesso durante la navigazione in Internet. Nella maggior parte dei casi sono inseriti da terze parti quando l&#8217;utente interagisce con i loro contenuti sul nostro sito Web.<\/p><h2 data-renderer-start-pos=\"3086\">\u00a0<\/h2><h2 id=\"Cookie-di-personalizzazione\" data-renderer-start-pos=\"3086\"><strong>Cookie di personalizzazione<\/strong><\/h2><p data-renderer-start-pos=\"3115\">Questi cookie vengono inseriti per aiutarci a fornire all&#8217;utente una migliore fruibilit\u00e0 del sito Web e dei nostri servizi e per renderli pi\u00f9 personalizzati.<\/p><p data-renderer-start-pos=\"3274\">L&#8217;utente pu\u00f2 bloccare questi cookie, ma se lo fa, \u00e8 possibile che alcune parti del sito Web non funzionino nel modo previsto.<\/p><h1 data-renderer-start-pos=\"3401\">\u00a0<\/h1><h1 id=\"Come-utilizziamo-i-cookie?\" data-renderer-start-pos=\"3401\">Come utilizziamo i cookie?<\/h1><p data-renderer-start-pos=\"3429\">Raccogliamo i dati utilizzando i cookie descritti per misurare il traffico sul nostro sito Web, per comprendere il comportamento dell&#8217;utente al fine di ottimizzarne l&#8217;esperienza, nonch\u00e9 per personalizzare i contenuti del sito Web e fornire pubblicit\u00e0 pertinenti che potrebbero essere di suo interesse. Inoltre, utilizziamo i dati raccolti per sviluppare i nostri siti Web.<\/p><h3 data-renderer-start-pos=\"3803\">\u00a0<\/h3><h2 id=\"Come-bloccare-i-cookie\" data-renderer-start-pos=\"3803\"><strong>Come bloccare i cookie<\/strong><\/h2><p data-renderer-start-pos=\"3827\">L&#8217;utente pu\u00f2 bloccare o limitare l&#8217;inserimento di cookie e altre tecnologie di tracciamento, come i pixel tag. Pu\u00f2 farlo bloccandoli sul suo dispositivo o rimuovendoli e modificando le preferenze del suo browser. La procedura pu\u00f2 variare da dispositivo a dispositivo e da browser a browser.<\/p><p data-renderer-start-pos=\"4119\">Una volta bloccati correttamente i cookie sul proprio browser, alcune parti del sito Web potrebbero non essere disponibili o non funzionare correttamente.<\/p><h3 data-renderer-start-pos=\"4275\">\u00a0<\/h3><h2 id=\"Come-revocare-il-consenso-accordato\" data-renderer-start-pos=\"4275\"><strong>Come revocare il consenso accordato<\/strong><\/h2><p data-renderer-start-pos=\"4312\">Per revocare il consenso prestato, \u00e8 possibile fare clic sulla piccola icona del cookie nella parte inferiore dei siti Web, modificare la posizione del pulsante di consenso e fare clic su &#8220;salva&#8221;.<\/p><h3 data-renderer-start-pos=\"4510\">\u00a0<\/h3><h3 id=\"Elenco-dei-cookie\" data-renderer-start-pos=\"4510\">Elenco dei cookie<\/h3><p data-renderer-start-pos=\"4529\">L&#8217;elenco dei cookie utilizzati da Autorola \u00e8 visibile nel riquadro del consenso ai cookie per ciascuna categoria di cookie.<\/p><h1 data-renderer-start-pos=\"4529\">\u00a0<\/h1><h1 data-renderer-start-pos=\"4529\">Contattaci<\/h1><p data-renderer-start-pos=\"4665\">Per qualsiasi domanda relativa al presente documento, si prega di contattarci.<\/p><p data-renderer-start-pos=\"4745\">Autorola A\/S<br \/>Skibhusvej 52A<br \/>DK-5000 Odense C<br \/>Danimarca<\/p><p data-renderer-start-pos=\"4801\">Tel: +45 70 20 16 61<br \/>E-mail: <a class=\"confluence-ssr-app-tgpl01\" title=\"mailto:gdpr@autorola.com\" href=\"mailto:gdpr@autorola.com\" data-testid=\"link-with-safety\" data-renderer-mark=\"true\">gdpr@autorola.com<\/a><\/p>\t\t\t\t\t\t\t\t<\/div>\n\t\t\t\t<\/div>\n\t\t\t\t\t<\/div>\n\t\t<\/div>\n\t\t\t\t\t<\/div>\n\t\t<\/section>\n\t\t\t\t<\/div>\n\t\t","protected":false},"excerpt":{"rendered":"<p>Cookie Il presente documento spiega come e perch\u00e9 utilizziamo i cookie. Ti indicheremo inoltre quali cookie utilizziamo e alcune informazioni sulle terze parti che inseriscono cookie sul nostro sito web. \u00a0 Riepilogo Il presente documento si applica a: Visitatori del sito Web Il presente documento riguarda: Che cos&#8217;\u00e8 un cookie? Tipi di cookie Quali sono [&hellip;]<\/p>\n","protected":false},"author":12,"featured_media":0,"parent":0,"menu_order":0,"comment_status":"closed","ping_status":"closed","template":"","meta":{"_acf_changed":false,"inline_featured_image":false,"site-sidebar-layout":"no-sidebar","site-content-layout":"page-builder","ast-site-content-layout":"default","site-content-style":"default","site-sidebar-style":"default","ast-global-header-display":"","ast-banner-title-visibility":"","ast-main-header-display":"","ast-hfb-above-header-display":"","ast-hfb-below-header-display":"","ast-hfb-mobile-header-display":"","site-post-title":"disabled","ast-breadcrumbs-content":"","ast-featured-img":"disabled","footer-sml-layout":"","theme-transparent-header-meta":"","adv-header-id-meta":"","stick-header-meta":"","header-above-stick-meta":"","header-main-stick-meta":"","header-below-stick-meta":"","astra-migrate-meta-layouts":"default","ast-page-background-enabled":"default","ast-page-background-meta":{"desktop":{"background-color":"","background-image":"","background-repeat":"repeat","background-position":"center center","background-size":"auto","background-attachment":"scroll","background-type":"","background-media":"","overlay-type":"","overlay-color":"","overlay-opacity":"","overlay-gradient":""},"tablet":{"background-color":"","background-image":"","background-repeat":"repeat","background-position":"center center","background-size":"auto","background-attachment":"scroll","background-type":"","background-media":"","overlay-type":"","overlay-color":"","overlay-opacity":"","overlay-gradient":""},"mobile":{"background-color":"","background-image":"","background-repeat":"repeat","background-position":"center center","background-size":"auto","background-attachment":"scroll","background-type":"","background-media":"","overlay-type":"","overlay-color":"","overlay-opacity":"","overlay-gradient":""}},"ast-content-background-meta":{"desktop":{"background-color":"var(--ast-global-color-5)","background-image":"","background-repeat":"repeat","background-position":"center center","background-size":"auto","background-attachment":"scroll","background-type":"","background-media":"","overlay-type":"","overlay-color":"","overlay-opacity":"","overlay-gradient":""},"tablet":{"background-color":"var(--ast-global-color-5)","background-image":"","background-repeat":"repeat","background-position":"center center","background-size":"auto","background-attachment":"scroll","background-type":"","background-media":"","overlay-type":"","overlay-color":"","overlay-opacity":"","overlay-gradient":""},"mobile":{"background-color":"var(--ast-global-color-5)","background-image":"","background-repeat":"repeat","background-position":"center center","background-size":"auto","background-attachment":"scroll","background-type":"","background-media":"","overlay-type":"","overlay-color":"","overlay-opacity":"","overlay-gradient":""}},"footnotes":""},"class_list":["post-21301","page","type-page","status-publish","hentry"],"acf":[],"yoast_head":"<!-- This site is optimized with the Yoast SEO plugin v27.0 - https:\/\/yoast.com\/product\/yoast-seo-wordpress\/ -->\n<title>Cookies - Autorola Solutions<\/title>\n<meta name=\"robots\" content=\"index, follow, max-snippet:-1, max-image-preview:large, max-video-preview:-1\" \/>\n<link rel=\"canonical\" href=\"https:\/\/autorolasolutions.com\/it\/cookies\/\" \/>\n<meta property=\"og:locale\" content=\"it_IT\" \/>\n<meta property=\"og:type\" content=\"article\" \/>\n<meta property=\"og:title\" content=\"Cookies - Autorola Solutions\" \/>\n<meta property=\"og:description\" content=\"Cookie Il presente documento spiega come e perch\u00e9 utilizziamo i cookie. Ti indicheremo inoltre quali cookie utilizziamo e alcune informazioni sulle terze parti che inseriscono cookie sul nostro sito web. \u00a0 Riepilogo Il presente documento si applica a: Visitatori del sito Web Il presente documento riguarda: Che cos&#8217;\u00e8 un cookie? Tipi di cookie Quali sono [&hellip;]\" \/>\n<meta property=\"og:url\" content=\"https:\/\/autorolasolutions.com\/it\/cookies\/\" \/>\n<meta property=\"og:site_name\" content=\"Autorola Solutions\" \/>\n<meta property=\"article:modified_time\" content=\"2024-04-03T12:43:24+00:00\" \/>\n<meta name=\"twitter:card\" content=\"summary_large_image\" \/>\n<meta name=\"twitter:label1\" content=\"Tempo di lettura stimato\" \/>\n\t<meta name=\"twitter:data1\" content=\"3 minuti\" \/>\n<script type=\"application\/ld+json\" class=\"yoast-schema-graph\">{\"@context\":\"https:\/\/schema.org\",\"@graph\":[{\"@type\":\"WebPage\",\"@id\":\"https:\/\/autorolasolutions.com\/it\/cookies\/\",\"url\":\"https:\/\/autorolasolutions.com\/it\/cookies\/\",\"name\":\"Cookies - Autorola Solutions\",\"isPartOf\":{\"@id\":\"https:\/\/autorolasolutions.com\/#website\"},\"datePublished\":\"2024-04-03T12:43:02+00:00\",\"dateModified\":\"2024-04-03T12:43:24+00:00\",\"breadcrumb\":{\"@id\":\"https:\/\/autorolasolutions.com\/it\/cookies\/#breadcrumb\"},\"inLanguage\":\"it-IT\",\"potentialAction\":[{\"@type\":\"ReadAction\",\"target\":[\"https:\/\/autorolasolutions.com\/it\/cookies\/\"]}]},{\"@type\":\"BreadcrumbList\",\"@id\":\"https:\/\/autorolasolutions.com\/it\/cookies\/#breadcrumb\",\"itemListElement\":[{\"@type\":\"ListItem\",\"position\":1,\"name\":\"Home\",\"item\":\"https:\/\/autorolasolutions.com\/\"},{\"@type\":\"ListItem\",\"position\":2,\"name\":\"Cookies\"}]},{\"@type\":\"WebSite\",\"@id\":\"https:\/\/autorolasolutions.com\/#website\",\"url\":\"https:\/\/autorolasolutions.com\/\",\"name\":\"Autorola Solutions\",\"description\":\"\",\"publisher\":{\"@id\":\"https:\/\/autorolasolutions.com\/#organization\"},\"potentialAction\":[{\"@type\":\"SearchAction\",\"target\":{\"@type\":\"EntryPoint\",\"urlTemplate\":\"https:\/\/autorolasolutions.com\/?s={search_term_string}\"},\"query-input\":{\"@type\":\"PropertyValueSpecification\",\"valueRequired\":true,\"valueName\":\"search_term_string\"}}],\"inLanguage\":\"it-IT\"},{\"@type\":\"Organization\",\"@id\":\"https:\/\/autorolasolutions.com\/#organization\",\"name\":\"Autorola Solutions\",\"url\":\"https:\/\/autorolasolutions.com\/\",\"logo\":{\"@type\":\"ImageObject\",\"inLanguage\":\"it-IT\",\"@id\":\"https:\/\/autorolasolutions.com\/#\/schema\/logo\/image\/\",\"url\":\"https:\/\/autorolasolutions.com\/wp-content\/uploads\/2025\/01\/Autorola_Solutions_Logo_Left_Screen_RGB.svg\",\"contentUrl\":\"https:\/\/autorolasolutions.com\/wp-content\/uploads\/2025\/01\/Autorola_Solutions_Logo_Left_Screen_RGB.svg\",\"width\":143,\"height\":44,\"caption\":\"Autorola Solutions\"},\"image\":{\"@id\":\"https:\/\/autorolasolutions.com\/#\/schema\/logo\/image\/\"},\"sameAs\":[\"https:\/\/www.linkedin.com\/company\/autorolasolutions\/\"]}]}<\/script>\n<!-- \/ Yoast SEO plugin. -->","yoast_head_json":{"title":"Cookies - Autorola Solutions","robots":{"index":"index","follow":"follow","max-snippet":"max-snippet:-1","max-image-preview":"max-image-preview:large","max-video-preview":"max-video-preview:-1"},"canonical":"https:\/\/autorolasolutions.com\/it\/cookies\/","og_locale":"it_IT","og_type":"article","og_title":"Cookies - Autorola Solutions","og_description":"Cookie Il presente documento spiega come e perch\u00e9 utilizziamo i cookie. Ti indicheremo inoltre quali cookie utilizziamo e alcune informazioni sulle terze parti che inseriscono cookie sul nostro sito web. \u00a0 Riepilogo Il presente documento si applica a: Visitatori del sito Web Il presente documento riguarda: Che cos&#8217;\u00e8 un cookie? Tipi di cookie Quali sono [&hellip;]","og_url":"https:\/\/autorolasolutions.com\/it\/cookies\/","og_site_name":"Autorola Solutions","article_modified_time":"2024-04-03T12:43:24+00:00","twitter_card":"summary_large_image","twitter_misc":{"Tempo di lettura stimato":"3 minuti"},"schema":{"@context":"https:\/\/schema.org","@graph":[{"@type":"WebPage","@id":"https:\/\/autorolasolutions.com\/it\/cookies\/","url":"https:\/\/autorolasolutions.com\/it\/cookies\/","name":"Cookies - Autorola Solutions","isPartOf":{"@id":"https:\/\/autorolasolutions.com\/#website"},"datePublished":"2024-04-03T12:43:02+00:00","dateModified":"2024-04-03T12:43:24+00:00","breadcrumb":{"@id":"https:\/\/autorolasolutions.com\/it\/cookies\/#breadcrumb"},"inLanguage":"it-IT","potentialAction":[{"@type":"ReadAction","target":["https:\/\/autorolasolutions.com\/it\/cookies\/"]}]},{"@type":"BreadcrumbList","@id":"https:\/\/autorolasolutions.com\/it\/cookies\/#breadcrumb","itemListElement":[{"@type":"ListItem","position":1,"name":"Home","item":"https:\/\/autorolasolutions.com\/"},{"@type":"ListItem","position":2,"name":"Cookies"}]},{"@type":"WebSite","@id":"https:\/\/autorolasolutions.com\/#website","url":"https:\/\/autorolasolutions.com\/","name":"Autorola Solutions","description":"","publisher":{"@id":"https:\/\/autorolasolutions.com\/#organization"},"potentialAction":[{"@type":"SearchAction","target":{"@type":"EntryPoint","urlTemplate":"https:\/\/autorolasolutions.com\/?s={search_term_string}"},"query-input":{"@type":"PropertyValueSpecification","valueRequired":true,"valueName":"search_term_string"}}],"inLanguage":"it-IT"},{"@type":"Organization","@id":"https:\/\/autorolasolutions.com\/#organization","name":"Autorola Solutions","url":"https:\/\/autorolasolutions.com\/","logo":{"@type":"ImageObject","inLanguage":"it-IT","@id":"https:\/\/autorolasolutions.com\/#\/schema\/logo\/image\/","url":"https:\/\/autorolasolutions.com\/wp-content\/uploads\/2025\/01\/Autorola_Solutions_Logo_Left_Screen_RGB.svg","contentUrl":"https:\/\/autorolasolutions.com\/wp-content\/uploads\/2025\/01\/Autorola_Solutions_Logo_Left_Screen_RGB.svg","width":143,"height":44,"caption":"Autorola Solutions"},"image":{"@id":"https:\/\/autorolasolutions.com\/#\/schema\/logo\/image\/"},"sameAs":["https:\/\/www.linkedin.com\/company\/autorolasolutions\/"]}]}},"_links":{"self":[{"href":"https:\/\/autorolasolutions.com\/it\/wp-json\/wp\/v2\/pages\/21301","targetHints":{"allow":["GET"]}}],"collection":[{"href":"https:\/\/autorolasolutions.com\/it\/wp-json\/wp\/v2\/pages"}],"about":[{"href":"https:\/\/autorolasolutions.com\/it\/wp-json\/wp\/v2\/types\/page"}],"author":[{"embeddable":true,"href":"https:\/\/autorolasolutions.com\/it\/wp-json\/wp\/v2\/users\/12"}],"replies":[{"embeddable":true,"href":"https:\/\/autorolasolutions.com\/it\/wp-json\/wp\/v2\/comments?post=21301"}],"version-history":[{"count":4,"href":"https:\/\/autorolasolutions.com\/it\/wp-json\/wp\/v2\/pages\/21301\/revisions"}],"predecessor-version":[{"id":21305,"href":"https:\/\/autorolasolutions.com\/it\/wp-json\/wp\/v2\/pages\/21301\/revisions\/21305"}],"wp:attachment":[{"href":"https:\/\/autorolasolutions.com\/it\/wp-json\/wp\/v2\/media?parent=21301"}],"curies":[{"name":"wp","href":"https:\/\/api.w.org\/{rel}","templated":true}]}}