{"id":8533,"date":"2021-11-09T12:35:00","date_gmt":"2021-11-09T11:35:00","guid":{"rendered":"https:\/\/autorolasolutions.com\/solutions\/challenge\/digitaliser-vos-process\/"},"modified":"2025-02-04T13:50:15","modified_gmt":"2025-02-04T12:50:15","slug":"digitalizza-i-tuoi-sistemi","status":"publish","type":"page","link":"https:\/\/autorolasolutions.com\/it\/solutions\/sfide\/digitalizza-i-tuoi-sistemi\/","title":{"rendered":"Digitalizza i tuoi sistemi"},"content":{"rendered":"\t\t<div data-elementor-type=\"wp-page\" data-elementor-id=\"8533\" class=\"elementor elementor-8533 elementor-107\" data-elementor-post-type=\"page\">\n\t\t\t\t\t\t<section class=\"elementor-section elementor-top-section elementor-element elementor-element-c36cff4 elementor-section-boxed elementor-section-height-default elementor-section-height-default\" data-id=\"c36cff4\" data-element_type=\"section\" data-e-type=\"section\">\n\t\t\t\t\t\t<div class=\"elementor-container elementor-column-gap-default\">\n\t\t\t\t\t<div class=\"elementor-column elementor-col-100 elementor-top-column elementor-element elementor-element-238207c\" data-id=\"238207c\" data-element_type=\"column\" data-e-type=\"column\">\n\t\t\t<div class=\"elementor-widget-wrap elementor-element-populated\">\n\t\t\t\t\t\t<div class=\"elementor-element elementor-element-01bda70 elementor-widget elementor-widget-text-editor\" data-id=\"01bda70\" data-element_type=\"widget\" data-e-type=\"widget\" data-widget_type=\"text-editor.default\">\n\t\t\t\t<div class=\"elementor-widget-container\">\n\t\t\t\t\t\t\t\t\t<h1>Digitalizza i tuoi sistemi<\/h1><h2>Come semplifichi il tuo lavoro con un sistema digitale?<\/h2><p>Ogni intervento manuale nei tuoi processi, come liste Excel, file cartacei o corrispondenza via e-mail, richiede molto tempo e presenta un elevato potenziale di errori a causa delle differenze nei formati. Con il Fleet Monitor, crei un&#8217;unica interfaccia per tutti i sistemi esistenti, sia quelli interni che quelli dei tuoi partner e fornitori di servizi. In questo modo, non solo ottieni una maggiore trasparenza sull&#8217;intero processo attraverso il track&#8217;n trace di partner e fornitori di servizi, ma garantisci anche la conformit\u00e0 dell&#8217;intero processo. Semplificare il lavoro con un\u2019unica piattaforma digitale implica sfruttare la tecnologia per automatizzare e ottimizzare i processi, ridurre gli interventi manuali ed eliminare gli errori. Ecco alcuni passaggi che puoi eseguire per semplificare il tuo lavoro con un panorama di sistemi digitali:<\/p><ol><li><strong>Identifica i tuoi sistemi e processi:<\/strong> inizia identificando tutti i sistemi e i processi coinvolti nelle tue operazioni aziendali, compresi i tuoi sistemi interni e quelli dei tuoi partner e fornitori di servizi.<\/li><li><strong>Integra i tuoi sistemi:<\/strong> utilizza una piattaforma digitale come il Fleet Monitor per integrare tutti i tuoi sistemi, unendo tutti i dati rilevanti da diverse fonti in un unico sistema. Ci\u00f2 pu\u00f2 contribuire ad eliminare le discontinuit\u00e0 nei sistemi, semplificare la comunicazione e la collaborazione, ed evitare errori causati da differenze nei formati dei dati.<\/li><li><strong>Armonizza e aggrega i dati:<\/strong> con tutti i tuoi sistemi integrati, puoi armonizzare e aggregare i dati per ottenere una trasparenza superiore sull&#8217;intero processo. Ci\u00f2 include l&#8217;utilizzo delle capacit\u00e0 di monitoraggio (track-and-trace) per controllare i partner e i fornitori di servizi e garantire la conformit\u00e0 alle normative e agli standard.<\/li><li><strong>Automatizza i processi:<\/strong> Utilizza la piattaforma digitale per automatizzare i processi ed eliminare interventi manuali, come liste Excel, file cartacei o corrispondenza via e-mail. Ci\u00f2 pu\u00f2 contribuire a ridurre gli errori, migliorare l&#8217;efficienza e risparmiare tempo.<\/li><li><strong>Fornisci reports e analisi in tempo reale:<\/strong> Con tutti i tuoi dati in un unico sistema, puoi fornire reports e analisi in tempo reale per aiutarti a prendere decisioni informate, identificare tendenze e ottimizzare i tuoi processi.<\/li><\/ol><p>Semplificando il tuo lavoro con un unico paesaggio digitale del sistema, puoi razionalizzare i tuoi processi, ridurre gli errori e migliorare l&#8217;efficienza, contribuendo infine alla redditivit\u00e0 e al successo della tua azienda.<\/p>\t\t\t\t\t\t\t\t<\/div>\n\t\t\t\t<\/div>\n\t\t\t\t\t<\/div>\n\t\t<\/div>\n\t\t\t\t\t<\/div>\n\t\t<\/section>\n\t\t\t\t<section class=\"elementor-section elementor-top-section elementor-element elementor-element-22ef470 elementor-section-full_width elementor-section-height-default elementor-section-height-default\" data-id=\"22ef470\" data-element_type=\"section\" data-e-type=\"section\" data-settings=\"{&quot;background_background&quot;:&quot;classic&quot;}\">\n\t\t\t\t\t\t<div class=\"elementor-container elementor-column-gap-default\">\n\t\t\t\t\t<div class=\"elementor-column elementor-col-50 elementor-top-column elementor-element elementor-element-f954422\" data-id=\"f954422\" data-element_type=\"column\" data-e-type=\"column\">\n\t\t\t<div class=\"elementor-widget-wrap elementor-element-populated\">\n\t\t\t\t\t\t<div class=\"elementor-element elementor-element-23769ff elementor-widget elementor-widget-html\" data-id=\"23769ff\" data-element_type=\"widget\" data-e-type=\"widget\" data-widget_type=\"html.default\">\n\t\t\t\t<div class=\"elementor-widget-container\">\n\t\t\t\t\t<?xml version=\"1.0\" encoding=\"utf-8\"?>\n<!-- Generator: Adobe Illustrator 25.3.1, SVG Export Plug-In . SVG Version: 6.00 Build 0)  -->\n<svg class=\"kaeseecke\" version=\"1.1\" id=\"Ebene_2_1_\" xmlns=\"http:\/\/www.w3.org\/2000\/svg\" xmlns:xlink=\"http:\/\/www.w3.org\/1999\/xlink\" x=\"0px\" y=\"0px\"\n\t viewBox=\"0 0 960 960\" style=\"enable-background:new 0 0 960 960;\" xml:space=\"preserve\">\n<style type=\"text\/css\">\n\t.st0{fill:#9E9E9E;}\n<\/style>\n<polygon class=\"A st0\" points=\"209.4,778.6 445.3,492.9 80,431.6 \"\/>\n<g class=\"F\" id=\"Banken\">\n\t<defs>\n\t\t<polygon id=\"Banken_1_\" points=\"356.7,96.4 486.1,443.4 722,157.8 \t\t\"\/>\n\t<\/defs>\n\t<clipPath id=\"Banken_2_\">\n\t\t<use xlink:href=\"#Banken_1_\"  style=\"overflow:visible;\"\/>\n\t<\/clipPath>\n\t<g transform=\"matrix(1 0 0 1 1.525879e-05 0)\" style=\"clip-path:url(#Banken_2_);\">\n\t\t\n\t\t\t<image class=\"kaeseimage\" style=\"overflow:visible;\" width=\"1264\" height=\"843\" xlink:href=\"\/wp-content\/uploads\/2021\/09\/money-blau.png\"  transform=\"matrix(0.5459 0 0 0.5459 215 27.589)\">\n\t\t<\/image>\n\t<\/g>\n<\/g>\n<g class=\"C\" id=\"Haendler\">\n\t<defs>\n\t\t<polygon id=\"Haendler_1_\" points=\"514.7,467.1 880,528.4 750.6,181.4 \t\t\"\/>\n\t<\/defs>\n\t<clipPath id=\"Haendler_2_\">\n\t\t<use xlink:href=\"#Haendler_1_\"  style=\"overflow:visible;\"\/>\n\t<\/clipPath>\n\t<g transform=\"matrix(1 0 0 1 0 0)\" style=\"clip-path:url(#Haendler_2_);\">\n\t\t\n\t\t\t<image class=\"kaeseimage\" style=\"overflow:visible;\" width=\"2000\" height=\"953\" xlink:href=\"\/wp-content\/uploads\/2021\/09\/Shaking-hands-blau.png\"  transform=\"matrix(0.395 0 0 0.395 200.3094 156.043)\">\n\t\t<\/image>\n\t<\/g>\n<\/g>\n<g class=\"D\" id=\"Hersteller\">\n\t<defs>\n\t\t<polygon id=\"Hersteller_1_\" points=\"322,109.4 86.1,395 451.4,456.4 \t\t\"\/>\n\t<\/defs>\n\t<clipPath id=\"Hersteller_2_\">\n\t\t<use xlink:href=\"#Hersteller_1_\"  style=\"overflow:visible;\"\/>\n\t<\/clipPath>\n\t<g style=\"clip-path:url(#Hersteller_2_);\">\n\t\t\n\t\t\t<image class=\"kaeseimage\" style=\"overflow:visible;\" width=\"1070\" height=\"714\" xlink:href=\"\/wp-content\/uploads\/2021\/09\/Fahrzeugbau-blau.png\"  transform=\"matrix(0.5701 0 0 0.5701 32.1523 72.9533)\">\n\t\t<\/image>\n\t<\/g>\n<\/g>\n<g class=\"B\" id=\"Leasing\">\n\t<defs>\n\t\t<polygon id=\"Leasing_2_\" points=\"638,850.6 873.9,565 508.6,503.6 \t\t\"\/>\n\t<\/defs>\n\t<clipPath id=\"Leasing_1_\">\n\t\t<use xlink:href=\"#Leasing_2_\"  style=\"overflow:visible;\"\/>\n\t<\/clipPath>\n\t<g transform=\"matrix(1 2.980232e-08 -2.980232e-08 1 0 0)\" style=\"clip-path:url(#Leasing_1_);\">\n\t\t\n\t\t\t<image class=\"kaeseimage\" style=\"overflow:visible;\" width=\"1270\" height=\"714\" xlink:href=\"\/wp-content\/uploads\/2021\/09\/Parkplatz-blau.png\"  transform=\"matrix(0.9072 0.2335 -0.2335 0.9072 295.6266 390.6233)\">\n\t\t<\/image>\n\t<\/g>\n<\/g>\n<g class=\"E\" id=\"Logistikanbieter\">\n\t<defs>\n\t\t<polygon id=\"Logistikanbieter_1_\" points=\"473.9,516.6 238,802.2 603.3,863.6 \t\t\"\/>\n\t<\/defs>\n\t<clipPath id=\"Logistikanbieter_2_\">\n\t\t<use xlink:href=\"#Logistikanbieter_1_\"  style=\"overflow:visible;\"\/>\n\t<\/clipPath>\n\t<g transform=\"matrix(1 0 0 1 0 1.525879e-05)\" style=\"clip-path:url(#Logistikanbieter_2_);\">\n\t\t\n\t\t\t<image class=\"kaeseimage\" style=\"overflow:visible;\" width=\"1072\" height=\"714\" xlink:href=\"\/wp-content\/uploads\/2021\/09\/street-blau.png\"  transform=\"matrix(1.0858 0 0 1.0858 -295.8258 244.9563)\">\n\t\t<\/image>\n\t<\/g>\n<\/g>\n<\/svg>\n\t\t\t\t<\/div>\n\t\t\t\t<\/div>\n\t\t\t\t\t<\/div>\n\t\t<\/div>\n\t\t\t\t<div class=\"elementor-column elementor-col-50 elementor-top-column elementor-element elementor-element-63951f7\" data-id=\"63951f7\" data-element_type=\"column\" data-e-type=\"column\">\n\t\t\t<div class=\"elementor-widget-wrap elementor-element-populated\">\n\t\t\t\t\t\t<div class=\"elementor-element elementor-element-fccc217 elementor-widget elementor-widget-text-editor\" data-id=\"fccc217\" data-element_type=\"widget\" data-e-type=\"widget\" data-widget_type=\"text-editor.default\">\n\t\t\t\t<div class=\"elementor-widget-container\">\n\t\t\t\t\t\t\t\t\t<h3>I TUOI VANTAGGI<\/h3>\t\t\t\t\t\t\t\t<\/div>\n\t\t\t\t<\/div>\n\t\t\t\t<div class=\"elementor-element elementor-element-42423db sub-solutions elementor-list-item-link-inline elementor-icon-list--layout-traditional elementor-widget elementor-widget-icon-list\" data-id=\"42423db\" data-element_type=\"widget\" data-e-type=\"widget\" data-widget_type=\"icon-list.default\">\n\t\t\t\t<div class=\"elementor-widget-container\">\n\t\t\t\t\t\t\t<ul class=\"elementor-icon-list-items\">\n\t\t\t\t\t\t\t<li class=\"elementor-icon-list-item\">\n\t\t\t\t\t\t\t\t\t\t\t<a href=\"https:\/\/autorolasolutions.com\/it\/solutions\/sfide\/riduci-i-tempi-di-giacenza\/\" class=\"B C D F\">\n\n\t\t\t\t\t\t\t\t\t\t\t<span class=\"elementor-icon-list-text\">Riduci i tempi di giacenza<\/span>\n\t\t\t\t\t\t\t\t\t\t\t<\/a>\n\t\t\t\t\t\t\t\t\t<\/li>\n\t\t\t\t\t\t\t\t<li class=\"elementor-icon-list-item\">\n\t\t\t\t\t\t\t\t\t\t\t<a href=\"https:\/\/autorolasolutions.com\/it\/solutions\/sfide\/ottimizza-i-processi\/\" class=\"B C D E F\">\n\n\t\t\t\t\t\t\t\t\t\t\t<span class=\"elementor-icon-list-text\">Ottimizza i processi<\/span>\n\t\t\t\t\t\t\t\t\t\t\t<\/a>\n\t\t\t\t\t\t\t\t\t<\/li>\n\t\t\t\t\t\t\t\t<li class=\"elementor-icon-list-item\">\n\t\t\t\t\t\t\t\t\t\t\t<a href=\"https:\/\/autorolasolutions.com\/it\/solutions\/sfide\/digitalizza-i-tuoi-sistemi\/\" class=\"C D E\">\n\n\t\t\t\t\t\t\t\t\t\t\t<span class=\"elementor-icon-list-text\">Digitalizza i tuoi sistemi<\/span>\n\t\t\t\t\t\t\t\t\t\t\t<\/a>\n\t\t\t\t\t\t\t\t\t<\/li>\n\t\t\t\t\t\t\t\t<li class=\"elementor-icon-list-item\">\n\t\t\t\t\t\t\t\t\t\t\t<a href=\"https:\/\/autorolasolutions.com\/it\/solutions\/sfide\/ottimizza-la-gestione-delle-vendite\/\" class=\"B C D E F\">\n\n\t\t\t\t\t\t\t\t\t\t\t<span class=\"elementor-icon-list-text\">Ottimizza la gestione delle vendite<\/span>\n\t\t\t\t\t\t\t\t\t\t\t<\/a>\n\t\t\t\t\t\t\t\t\t<\/li>\n\t\t\t\t\t\t\t\t<li class=\"elementor-icon-list-item\">\n\t\t\t\t\t\t\t\t\t\t\t<a href=\"https:\/\/autorolasolutions.com\/it\/solutions\/sfide\/controlla-i-tuoi-fornitori\/\" class=\"C D E\">\n\n\t\t\t\t\t\t\t\t\t\t\t<span class=\"elementor-icon-list-text\">Controlla i tuoi fornitori<\/span>\n\t\t\t\t\t\t\t\t\t\t\t<\/a>\n\t\t\t\t\t\t\t\t\t<\/li>\n\t\t\t\t\t\t\t\t<li class=\"elementor-icon-list-item\">\n\t\t\t\t\t\t\t\t\t\t\t<a href=\"https:\/\/autorolasolutions.com\/it\/solutions\/sfide\/riduci-i-costi\/\" class=\"B C D E F\">\n\n\t\t\t\t\t\t\t\t\t\t\t<span class=\"elementor-icon-list-text\">Riduci i costi<\/span>\n\t\t\t\t\t\t\t\t\t\t\t<\/a>\n\t\t\t\t\t\t\t\t\t<\/li>\n\t\t\t\t\t\t\t\t<li class=\"elementor-icon-list-item\">\n\t\t\t\t\t\t\t\t\t\t\t<a href=\"https:\/\/autorolasolutions.com\/it\/solutions\/sfide\/stabilisci-un-sistema-audit\/\" class=\"B C D E F\">\n\n\t\t\t\t\t\t\t\t\t\t\t<span class=\"elementor-icon-list-text\">Stabilisci un sistema audit<\/span>\n\t\t\t\t\t\t\t\t\t\t\t<\/a>\n\t\t\t\t\t\t\t\t\t<\/li>\n\t\t\t\t\t\t<\/ul>\n\t\t\t\t\t\t<\/div>\n\t\t\t\t<\/div>\n\t\t\t\t<div class=\"elementor-element elementor-element-cc536ce elementor-widget elementor-widget-button\" data-id=\"cc536ce\" data-element_type=\"widget\" data-e-type=\"widget\" data-widget_type=\"button.default\">\n\t\t\t\t<div class=\"elementor-widget-container\">\n\t\t\t\t\t\t\t\t\t<div class=\"elementor-button-wrapper\">\n\t\t\t\t\t<a class=\"elementor-button elementor-button-link elementor-size-sm elementor-animation-grow\" href=\"https:\/\/autorolasolutions.com\/it\/contatti\/\">\n\t\t\t\t\t\t<span class=\"elementor-button-content-wrapper\">\n\t\t\t\t\t\t<span class=\"elementor-button-icon\">\n\t\t\t\t<i aria-hidden=\"true\" class=\"fas fa-arrow-right\"><\/i>\t\t\t<\/span>\n\t\t\t\t\t\t\t\t\t<span class=\"elementor-button-text\">Contattaci<\/span>\n\t\t\t\t\t<\/span>\n\t\t\t\t\t<\/a>\n\t\t\t\t<\/div>\n\t\t\t\t\t\t\t\t<\/div>\n\t\t\t\t<\/div>\n\t\t\t\t\t<\/div>\n\t\t<\/div>\n\t\t\t\t\t<\/div>\n\t\t<\/section>\n\t\t\t\t<\/div>\n\t\t","protected":false},"excerpt":{"rendered":"<p>Digitalizza i tuoi sistemi Come semplifichi il tuo lavoro con un sistema digitale? Ogni intervento manuale nei tuoi processi, come liste Excel, file cartacei o corrispondenza via e-mail, richiede molto tempo e presenta un elevato potenziale di errori a causa delle differenze nei formati. Con il Fleet Monitor, crei un&#8217;unica interfaccia per tutti i sistemi [&hellip;]<\/p>\n","protected":false},"author":2,"featured_media":0,"parent":8524,"menu_order":3,"comment_status":"closed","ping_status":"open","template":"","meta":{"_acf_changed":false,"inline_featured_image":false,"site-sidebar-layout":"no-sidebar","site-content-layout":"default","ast-site-content-layout":"default","site-content-style":"default","site-sidebar-style":"default","ast-global-header-display":"","ast-banner-title-visibility":"","ast-main-header-display":"","ast-hfb-above-header-display":"","ast-hfb-below-header-display":"","ast-hfb-mobile-header-display":"","site-post-title":"disabled","ast-breadcrumbs-content":"","ast-featured-img":"disabled","footer-sml-layout":"","theme-transparent-header-meta":"default","adv-header-id-meta":"","stick-header-meta":"default","header-above-stick-meta":"","header-main-stick-meta":"","header-below-stick-meta":"","astra-migrate-meta-layouts":"default","ast-page-background-enabled":"default","ast-page-background-meta":{"desktop":{"background-color":"","background-image":"","background-repeat":"repeat","background-position":"center center","background-size":"auto","background-attachment":"scroll","background-type":"","background-media":"","overlay-type":"","overlay-color":"","overlay-opacity":"","overlay-gradient":""},"tablet":{"background-color":"","background-image":"","background-repeat":"repeat","background-position":"center center","background-size":"auto","background-attachment":"scroll","background-type":"","background-media":"","overlay-type":"","overlay-color":"","overlay-opacity":"","overlay-gradient":""},"mobile":{"background-color":"","background-image":"","background-repeat":"repeat","background-position":"center center","background-size":"auto","background-attachment":"scroll","background-type":"","background-media":"","overlay-type":"","overlay-color":"","overlay-opacity":"","overlay-gradient":""}},"ast-content-background-meta":{"desktop":{"background-color":"var(--ast-global-color-5)","background-image":"","background-repeat":"repeat","background-position":"center center","background-size":"auto","background-attachment":"scroll","background-type":"","background-media":"","overlay-type":"","overlay-color":"","overlay-opacity":"","overlay-gradient":""},"tablet":{"background-color":"var(--ast-global-color-5)","background-image":"","background-repeat":"repeat","background-position":"center center","background-size":"auto","background-attachment":"scroll","background-type":"","background-media":"","overlay-type":"","overlay-color":"","overlay-opacity":"","overlay-gradient":""},"mobile":{"background-color":"var(--ast-global-color-5)","background-image":"","background-repeat":"repeat","background-position":"center center","background-size":"auto","background-attachment":"scroll","background-type":"","background-media":"","overlay-type":"","overlay-color":"","overlay-opacity":"","overlay-gradient":""}},"footnotes":""},"class_list":["post-8533","page","type-page","status-publish","hentry"],"acf":[],"yoast_head":"<!-- This site is optimized with the Yoast SEO plugin v27.0 - https:\/\/yoast.com\/product\/yoast-seo-wordpress\/ -->\n<title>Digitalizzare il panorama del sistema | Trasformazione del business dell\u2019automotive<\/title>\n<meta name=\"description\" content=\"Trasforma il tuo business automobilistico con la nostra soluzione per digitalizzare il panorama dei tuoi sistemi. Migliora l&#039;efficienza, semplifica i processi e scopri nuove opportunit\u00e0 di crescita.\" \/>\n<meta name=\"robots\" content=\"index, follow, max-snippet:-1, max-image-preview:large, max-video-preview:-1\" \/>\n<link rel=\"canonical\" href=\"https:\/\/autorolasolutions.com\/solutions\/business-values\/digitize-system-landscape\/\" \/>\n<meta property=\"og:locale\" content=\"it_IT\" \/>\n<meta property=\"og:type\" content=\"article\" \/>\n<meta property=\"og:title\" content=\"Digitalizzare il panorama del sistema | Trasformazione del business dell\u2019automotive\" \/>\n<meta property=\"og:description\" content=\"Trasforma il tuo business automobilistico con la nostra soluzione per digitalizzare il panorama dei tuoi sistemi. Migliora l&#039;efficienza, semplifica i processi e scopri nuove opportunit\u00e0 di crescita.\" \/>\n<meta property=\"og:url\" content=\"https:\/\/autorolasolutions.com\/solutions\/business-values\/digitize-system-landscape\/\" \/>\n<meta property=\"og:site_name\" content=\"Autorola Solutions\" \/>\n<meta property=\"article:modified_time\" content=\"2025-02-04T12:50:15+00:00\" \/>\n<meta name=\"twitter:card\" content=\"summary_large_image\" \/>\n<meta name=\"twitter:label1\" content=\"Tempo di lettura stimato\" \/>\n\t<meta name=\"twitter:data1\" content=\"3 minuti\" \/>\n<script type=\"application\/ld+json\" class=\"yoast-schema-graph\">{\"@context\":\"https:\/\/schema.org\",\"@graph\":[{\"@type\":\"WebPage\",\"@id\":\"https:\/\/autorolasolutions.com\/solutions\/business-values\/digitize-system-landscape\/\",\"url\":\"https:\/\/autorolasolutions.com\/solutions\/business-values\/digitize-system-landscape\/\",\"name\":\"Digitalizzare il panorama del sistema | Trasformazione del business dell\u2019automotive\",\"isPartOf\":{\"@id\":\"https:\/\/autorolasolutions.com\/#website\"},\"datePublished\":\"2021-11-09T11:35:00+00:00\",\"dateModified\":\"2025-02-04T12:50:15+00:00\",\"description\":\"Trasforma il tuo business automobilistico con la nostra soluzione per digitalizzare il panorama dei tuoi sistemi. Migliora l'efficienza, semplifica i processi e scopri nuove opportunit\u00e0 di crescita.\",\"breadcrumb\":{\"@id\":\"https:\/\/autorolasolutions.com\/solutions\/business-values\/digitize-system-landscape\/#breadcrumb\"},\"inLanguage\":\"it-IT\",\"potentialAction\":[{\"@type\":\"ReadAction\",\"target\":[\"https:\/\/autorolasolutions.com\/solutions\/business-values\/digitize-system-landscape\/\"]}]},{\"@type\":\"BreadcrumbList\",\"@id\":\"https:\/\/autorolasolutions.com\/solutions\/business-values\/digitize-system-landscape\/#breadcrumb\",\"itemListElement\":[{\"@type\":\"ListItem\",\"position\":1,\"name\":\"Home\",\"item\":\"https:\/\/autorolasolutions.com\/\"},{\"@type\":\"ListItem\",\"position\":2,\"name\":\"Solutions\",\"item\":\"https:\/\/autorolasolutions.com\/solutions\/\"},{\"@type\":\"ListItem\",\"position\":3,\"name\":\"Sfide\",\"item\":\"https:\/\/autorolasolutions.com\/solutions\/business-values\/\"},{\"@type\":\"ListItem\",\"position\":4,\"name\":\"Digitalizza i tuoi sistemi\"}]},{\"@type\":\"WebSite\",\"@id\":\"https:\/\/autorolasolutions.com\/#website\",\"url\":\"https:\/\/autorolasolutions.com\/\",\"name\":\"Autorola Solutions\",\"description\":\"\",\"publisher\":{\"@id\":\"https:\/\/autorolasolutions.com\/#organization\"},\"potentialAction\":[{\"@type\":\"SearchAction\",\"target\":{\"@type\":\"EntryPoint\",\"urlTemplate\":\"https:\/\/autorolasolutions.com\/?s={search_term_string}\"},\"query-input\":{\"@type\":\"PropertyValueSpecification\",\"valueRequired\":true,\"valueName\":\"search_term_string\"}}],\"inLanguage\":\"it-IT\"},{\"@type\":\"Organization\",\"@id\":\"https:\/\/autorolasolutions.com\/#organization\",\"name\":\"Autorola Solutions\",\"url\":\"https:\/\/autorolasolutions.com\/\",\"logo\":{\"@type\":\"ImageObject\",\"inLanguage\":\"it-IT\",\"@id\":\"https:\/\/autorolasolutions.com\/#\/schema\/logo\/image\/\",\"url\":\"https:\/\/autorolasolutions.com\/wp-content\/uploads\/2025\/01\/Autorola_Solutions_Logo_Left_Screen_RGB.svg\",\"contentUrl\":\"https:\/\/autorolasolutions.com\/wp-content\/uploads\/2025\/01\/Autorola_Solutions_Logo_Left_Screen_RGB.svg\",\"width\":143,\"height\":44,\"caption\":\"Autorola Solutions\"},\"image\":{\"@id\":\"https:\/\/autorolasolutions.com\/#\/schema\/logo\/image\/\"},\"sameAs\":[\"https:\/\/www.linkedin.com\/company\/autorolasolutions\/\"]}]}<\/script>\n<!-- \/ Yoast SEO plugin. -->","yoast_head_json":{"title":"Digitalizzare il panorama del sistema | Trasformazione del business dell\u2019automotive","description":"Trasforma il tuo business automobilistico con la nostra soluzione per digitalizzare il panorama dei tuoi sistemi. Migliora l'efficienza, semplifica i processi e scopri nuove opportunit\u00e0 di crescita.","robots":{"index":"index","follow":"follow","max-snippet":"max-snippet:-1","max-image-preview":"max-image-preview:large","max-video-preview":"max-video-preview:-1"},"canonical":"https:\/\/autorolasolutions.com\/solutions\/business-values\/digitize-system-landscape\/","og_locale":"it_IT","og_type":"article","og_title":"Digitalizzare il panorama del sistema | Trasformazione del business dell\u2019automotive","og_description":"Trasforma il tuo business automobilistico con la nostra soluzione per digitalizzare il panorama dei tuoi sistemi. Migliora l'efficienza, semplifica i processi e scopri nuove opportunit\u00e0 di crescita.","og_url":"https:\/\/autorolasolutions.com\/solutions\/business-values\/digitize-system-landscape\/","og_site_name":"Autorola Solutions","article_modified_time":"2025-02-04T12:50:15+00:00","twitter_card":"summary_large_image","twitter_misc":{"Tempo di lettura stimato":"3 minuti"},"schema":{"@context":"https:\/\/schema.org","@graph":[{"@type":"WebPage","@id":"https:\/\/autorolasolutions.com\/solutions\/business-values\/digitize-system-landscape\/","url":"https:\/\/autorolasolutions.com\/solutions\/business-values\/digitize-system-landscape\/","name":"Digitalizzare il panorama del sistema | Trasformazione del business dell\u2019automotive","isPartOf":{"@id":"https:\/\/autorolasolutions.com\/#website"},"datePublished":"2021-11-09T11:35:00+00:00","dateModified":"2025-02-04T12:50:15+00:00","description":"Trasforma il tuo business automobilistico con la nostra soluzione per digitalizzare il panorama dei tuoi sistemi. Migliora l'efficienza, semplifica i processi e scopri nuove opportunit\u00e0 di crescita.","breadcrumb":{"@id":"https:\/\/autorolasolutions.com\/solutions\/business-values\/digitize-system-landscape\/#breadcrumb"},"inLanguage":"it-IT","potentialAction":[{"@type":"ReadAction","target":["https:\/\/autorolasolutions.com\/solutions\/business-values\/digitize-system-landscape\/"]}]},{"@type":"BreadcrumbList","@id":"https:\/\/autorolasolutions.com\/solutions\/business-values\/digitize-system-landscape\/#breadcrumb","itemListElement":[{"@type":"ListItem","position":1,"name":"Home","item":"https:\/\/autorolasolutions.com\/"},{"@type":"ListItem","position":2,"name":"Solutions","item":"https:\/\/autorolasolutions.com\/solutions\/"},{"@type":"ListItem","position":3,"name":"Sfide","item":"https:\/\/autorolasolutions.com\/solutions\/business-values\/"},{"@type":"ListItem","position":4,"name":"Digitalizza i tuoi sistemi"}]},{"@type":"WebSite","@id":"https:\/\/autorolasolutions.com\/#website","url":"https:\/\/autorolasolutions.com\/","name":"Autorola Solutions","description":"","publisher":{"@id":"https:\/\/autorolasolutions.com\/#organization"},"potentialAction":[{"@type":"SearchAction","target":{"@type":"EntryPoint","urlTemplate":"https:\/\/autorolasolutions.com\/?s={search_term_string}"},"query-input":{"@type":"PropertyValueSpecification","valueRequired":true,"valueName":"search_term_string"}}],"inLanguage":"it-IT"},{"@type":"Organization","@id":"https:\/\/autorolasolutions.com\/#organization","name":"Autorola Solutions","url":"https:\/\/autorolasolutions.com\/","logo":{"@type":"ImageObject","inLanguage":"it-IT","@id":"https:\/\/autorolasolutions.com\/#\/schema\/logo\/image\/","url":"https:\/\/autorolasolutions.com\/wp-content\/uploads\/2025\/01\/Autorola_Solutions_Logo_Left_Screen_RGB.svg","contentUrl":"https:\/\/autorolasolutions.com\/wp-content\/uploads\/2025\/01\/Autorola_Solutions_Logo_Left_Screen_RGB.svg","width":143,"height":44,"caption":"Autorola Solutions"},"image":{"@id":"https:\/\/autorolasolutions.com\/#\/schema\/logo\/image\/"},"sameAs":["https:\/\/www.linkedin.com\/company\/autorolasolutions\/"]}]}},"_links":{"self":[{"href":"https:\/\/autorolasolutions.com\/it\/wp-json\/wp\/v2\/pages\/8533","targetHints":{"allow":["GET"]}}],"collection":[{"href":"https:\/\/autorolasolutions.com\/it\/wp-json\/wp\/v2\/pages"}],"about":[{"href":"https:\/\/autorolasolutions.com\/it\/wp-json\/wp\/v2\/types\/page"}],"author":[{"embeddable":true,"href":"https:\/\/autorolasolutions.com\/it\/wp-json\/wp\/v2\/users\/2"}],"replies":[{"embeddable":true,"href":"https:\/\/autorolasolutions.com\/it\/wp-json\/wp\/v2\/comments?post=8533"}],"version-history":[{"count":16,"href":"https:\/\/autorolasolutions.com\/it\/wp-json\/wp\/v2\/pages\/8533\/revisions"}],"predecessor-version":[{"id":55653,"href":"https:\/\/autorolasolutions.com\/it\/wp-json\/wp\/v2\/pages\/8533\/revisions\/55653"}],"up":[{"embeddable":true,"href":"https:\/\/autorolasolutions.com\/it\/wp-json\/wp\/v2\/pages\/8524"}],"wp:attachment":[{"href":"https:\/\/autorolasolutions.com\/it\/wp-json\/wp\/v2\/media?parent=8533"}],"curies":[{"name":"wp","href":"https:\/\/api.w.org\/{rel}","templated":true}]}}