{"id":33251,"date":"2024-08-27T14:08:28","date_gmt":"2024-08-27T12:08:28","guid":{"rendered":"https:\/\/autorolasolutions.com\/?page_id=33251"},"modified":"2025-02-05T12:08:10","modified_gmt":"2025-02-05T11:08:10","slug":"tradein-solutions","status":"publish","type":"page","link":"https:\/\/autorolasolutions.com\/pt-br\/ecossistema-digital\/produtos\/tradein-solutions\/","title":{"rendered":"TradeIn &#8211; Solutions"},"content":{"rendered":"\t\t<div data-elementor-type=\"wp-page\" data-elementor-id=\"33251\" class=\"elementor elementor-33251\" data-elementor-post-type=\"page\">\n\t\t\t\t\t\t<section class=\"elementor-section elementor-top-section elementor-element elementor-element-fff3c34 elementor-section-boxed elementor-section-height-default elementor-section-height-default\" data-id=\"fff3c34\" data-element_type=\"section\" data-e-type=\"section\">\n\t\t\t\t\t\t<div class=\"elementor-container elementor-column-gap-default\">\n\t\t\t\t\t<div class=\"elementor-column elementor-col-50 elementor-top-column elementor-element elementor-element-a8b08b9\" data-id=\"a8b08b9\" data-element_type=\"column\" data-e-type=\"column\">\n\t\t\t<div class=\"elementor-widget-wrap elementor-element-populated\">\n\t\t\t\t\t\t<div class=\"elementor-element elementor-element-0262f0a elementor-widget elementor-widget-text-editor\" data-id=\"0262f0a\" data-element_type=\"widget\" data-e-type=\"widget\" data-widget_type=\"text-editor.default\">\n\t\t\t\t<div class=\"elementor-widget-container\">\n\t\t\t\t\t\t\t\t\t<h1>Nossa solu\u00e7\u00e3o TradeIn<\/h1><p>A solu\u00e7\u00e3o TradeIn da Autorola foi projetada para ajudar voc\u00ea a fornecer aos seus clientes uma maneira perfeita e eficiente de trocar seus ve\u00edculos atuais. Em apenas 4 etapas, voc\u00ea pode otimizar seu processo de troca:<\/p><ol><li>Inspecione qualquer ve\u00edculo facilmente com o Inspection Helper<\/li><li>Otimize sua estrat\u00e9gia de vendas com avalia\u00e7\u00f5es de mercado em tempo real<\/li><li>Defina seu pre\u00e7o e acompanhe o processo<\/li><li>Gerencie todo o processo de negocia\u00e7\u00e3o em 30 minutos<\/li><\/ol><p>Isso fornece uma maneira simplificada, segura e eficiente de fazer a transi\u00e7\u00e3o de um carro antigo para um novo, com a garantia adicional de inspe\u00e7\u00f5es profissionais e um processo transparente. Isso garante que os clientes recebam uma avalia\u00e7\u00e3o justa e precisa para sua troca, tornando a transa\u00e7\u00e3o tranquila e confi\u00e1vel.<\/p><p>No geral, \u00e9 uma abordagem conveniente e que economiza tempo para trocas de ve\u00edculos, proporcionando valor agregado a satisfa\u00e7\u00e3o aos seus clientes.<\/p>\t\t\t\t\t\t\t\t<\/div>\n\t\t\t\t<\/div>\n\t\t\t\t<div class=\"elementor-element elementor-element-6f7bf78 elementor-align-center elementor-widget elementor-widget-button\" data-id=\"6f7bf78\" data-element_type=\"widget\" data-e-type=\"widget\" data-widget_type=\"button.default\">\n\t\t\t\t<div class=\"elementor-widget-container\">\n\t\t\t\t\t\t\t\t\t<div class=\"elementor-button-wrapper\">\n\t\t\t\t\t<a class=\"elementor-button elementor-button-link elementor-size-sm elementor-animation-grow\" href=\"https:\/\/autorolasolutions.com\/pt-br\/contato\/\">\n\t\t\t\t\t\t<span class=\"elementor-button-content-wrapper\">\n\t\t\t\t\t\t<span class=\"elementor-button-icon\">\n\t\t\t\t<i aria-hidden=\"true\" class=\"fas fa-arrow-right\"><\/i>\t\t\t<\/span>\n\t\t\t\t\t\t\t\t\t<span class=\"elementor-button-text\">Fale Conosco<\/span>\n\t\t\t\t\t<\/span>\n\t\t\t\t\t<\/a>\n\t\t\t\t<\/div>\n\t\t\t\t\t\t\t\t<\/div>\n\t\t\t\t<\/div>\n\t\t\t\t\t<\/div>\n\t\t<\/div>\n\t\t\t\t<div class=\"elementor-column elementor-col-50 elementor-top-column elementor-element elementor-element-1729a8f\" data-id=\"1729a8f\" data-element_type=\"column\" data-e-type=\"column\">\n\t\t\t<div class=\"elementor-widget-wrap elementor-element-populated\">\n\t\t\t\t\t\t<div class=\"elementor-element elementor-element-69b5822 elementor-widget elementor-widget-image\" data-id=\"69b5822\" data-element_type=\"widget\" data-e-type=\"widget\" data-widget_type=\"image.default\">\n\t\t\t\t<div class=\"elementor-widget-container\">\n\t\t\t\t\t\t\t\t\t\t\t\t\t\t\t<img fetchpriority=\"high\" decoding=\"async\" width=\"833\" height=\"576\" src=\"https:\/\/autorolasolutions.com\/wp-content\/uploads\/2025\/01\/Autorola_Solutions_Web_Timecycle_01.png\" class=\"attachment-large size-large wp-image-51678\" alt=\"\" srcset=\"https:\/\/autorolasolutions.com\/wp-content\/uploads\/2025\/01\/Autorola_Solutions_Web_Timecycle_01.png 833w, https:\/\/autorolasolutions.com\/wp-content\/uploads\/2025\/01\/Autorola_Solutions_Web_Timecycle_01-300x207.png 300w, https:\/\/autorolasolutions.com\/wp-content\/uploads\/2025\/01\/Autorola_Solutions_Web_Timecycle_01-768x531.png 768w\" sizes=\"(max-width: 833px) 100vw, 833px\" \/>\t\t\t\t\t\t\t\t\t\t\t\t\t\t\t<\/div>\n\t\t\t\t<\/div>\n\t\t\t\t\t<\/div>\n\t\t<\/div>\n\t\t\t\t\t<\/div>\n\t\t<\/section>\n\t\t\t\t<section class=\"elementor-section elementor-top-section elementor-element elementor-element-375c7cc elementor-section-boxed elementor-section-height-default elementor-section-height-default\" data-id=\"375c7cc\" data-element_type=\"section\" data-e-type=\"section\">\n\t\t\t\t\t\t<div class=\"elementor-container elementor-column-gap-default\">\n\t\t\t\t\t<div class=\"elementor-column elementor-col-100 elementor-top-column elementor-element elementor-element-1cbe156\" data-id=\"1cbe156\" data-element_type=\"column\" data-e-type=\"column\">\n\t\t\t<div class=\"elementor-widget-wrap elementor-element-populated\">\n\t\t\t\t\t\t<section class=\"elementor-section elementor-inner-section elementor-element elementor-element-79e87ea elementor-section-boxed elementor-section-height-default elementor-section-height-default\" data-id=\"79e87ea\" data-element_type=\"section\" data-e-type=\"section\">\n\t\t\t\t\t\t<div class=\"elementor-container elementor-column-gap-default\">\n\t\t\t\t\t<div class=\"elementor-column elementor-col-50 elementor-inner-column elementor-element elementor-element-bdcedbb\" data-id=\"bdcedbb\" data-element_type=\"column\" data-e-type=\"column\">\n\t\t\t<div class=\"elementor-widget-wrap elementor-element-populated\">\n\t\t\t\t\t\t<div class=\"elementor-element elementor-element-d414962 elementor-widget elementor-widget-video\" data-id=\"d414962\" data-element_type=\"widget\" data-e-type=\"widget\" data-settings=\"{&quot;video_type&quot;:&quot;vimeo&quot;}\" data-widget_type=\"video.default\">\n\t\t\t\t<div class=\"elementor-widget-container\">\n\t\t\t\t\t\t\t<div class=\"elementor-wrapper elementor-open-inline\">\n\t\t\t<iframe class=\"elementor-video-iframe\" allowfullscreen allow=\"clipboard-write\" title=\"Reprodutor de v\u00eddeo vimeo\" src=\"https:\/\/player.vimeo.com\/video\/756696243?color&amp;autopause=0&amp;loop=0&amp;muted=0&amp;title=1&amp;portrait=1&amp;byline=1#t=\"><\/iframe>\t\t<\/div>\n\t\t\t\t\t\t<\/div>\n\t\t\t\t<\/div>\n\t\t\t\t\t<\/div>\n\t\t<\/div>\n\t\t\t\t<div class=\"elementor-column elementor-col-50 elementor-inner-column elementor-element elementor-element-60a92a1\" data-id=\"60a92a1\" data-element_type=\"column\" data-e-type=\"column\">\n\t\t\t<div class=\"elementor-widget-wrap elementor-element-populated\">\n\t\t\t\t\t\t<div class=\"elementor-element elementor-element-8dbd1c7 elementor-widget elementor-widget-text-editor\" data-id=\"8dbd1c7\" data-element_type=\"widget\" data-e-type=\"widget\" data-widget_type=\"text-editor.default\">\n\t\t\t\t<div class=\"elementor-widget-container\">\n\t\t\t\t\t\t\t\t\t<h3>\u00a0<\/h3><h3>\u00a0<\/h3><h3>\u00a0<\/h3><h3>Uma solu\u00e7\u00e3o f\u00e1cil e descomplicada, que agrega valor real \u00e0s empresas e \u00e0s pessoas.<\/h3><p>Assista ao nosso v\u00eddeo e descubra como o processo de negocia\u00e7\u00e3o com a Autorola Solutions agrega valor real ao seu ecossistema de vendas.<\/p>\t\t\t\t\t\t\t\t<\/div>\n\t\t\t\t<\/div>\n\t\t\t\t\t<\/div>\n\t\t<\/div>\n\t\t\t\t\t<\/div>\n\t\t<\/section>\n\t\t\t\t\t<\/div>\n\t\t<\/div>\n\t\t\t\t\t<\/div>\n\t\t<\/section>\n\t\t\t\t<\/div>\n\t\t","protected":false},"excerpt":{"rendered":"<p>Nossa solu\u00e7\u00e3o TradeIn A solu\u00e7\u00e3o TradeIn da Autorola foi projetada para ajudar voc\u00ea a fornecer aos seus clientes uma maneira perfeita e eficiente de trocar seus ve\u00edculos atuais. Em apenas 4 etapas, voc\u00ea pode otimizar seu processo de troca: Inspecione qualquer ve\u00edculo facilmente com o Inspection Helper Otimize sua estrat\u00e9gia de vendas com avalia\u00e7\u00f5es de [&hellip;]<\/p>\n","protected":false},"author":12,"featured_media":0,"parent":19520,"menu_order":0,"comment_status":"closed","ping_status":"closed","template":"","meta":{"_acf_changed":false,"inline_featured_image":false,"site-sidebar-layout":"no-sidebar","site-content-layout":"page-builder","ast-site-content-layout":"full-width-container","site-content-style":"default","site-sidebar-style":"default","ast-global-header-display":"","ast-banner-title-visibility":"","ast-main-header-display":"","ast-hfb-above-header-display":"","ast-hfb-below-header-display":"","ast-hfb-mobile-header-display":"","site-post-title":"disabled","ast-breadcrumbs-content":"","ast-featured-img":"disabled","footer-sml-layout":"","theme-transparent-header-meta":"","adv-header-id-meta":"","stick-header-meta":"","header-above-stick-meta":"","header-main-stick-meta":"","header-below-stick-meta":"","astra-migrate-meta-layouts":"set","ast-page-background-enabled":"default","ast-page-background-meta":{"desktop":{"background-color":"","background-image":"","background-repeat":"repeat","background-position":"center center","background-size":"auto","background-attachment":"scroll","background-type":"","background-media":"","overlay-type":"","overlay-color":"","overlay-opacity":"","overlay-gradient":""},"tablet":{"background-color":"","background-image":"","background-repeat":"repeat","background-position":"center center","background-size":"auto","background-attachment":"scroll","background-type":"","background-media":"","overlay-type":"","overlay-color":"","overlay-opacity":"","overlay-gradient":""},"mobile":{"background-color":"","background-image":"","background-repeat":"repeat","background-position":"center center","background-size":"auto","background-attachment":"scroll","background-type":"","background-media":"","overlay-type":"","overlay-color":"","overlay-opacity":"","overlay-gradient":""}},"ast-content-background-meta":{"desktop":{"background-color":"var(--ast-global-color-5)","background-image":"","background-repeat":"repeat","background-position":"center center","background-size":"auto","background-attachment":"scroll","background-type":"","background-media":"","overlay-type":"","overlay-color":"","overlay-opacity":"","overlay-gradient":""},"tablet":{"background-color":"var(--ast-global-color-5)","background-image":"","background-repeat":"repeat","background-position":"center center","background-size":"auto","background-attachment":"scroll","background-type":"","background-media":"","overlay-type":"","overlay-color":"","overlay-opacity":"","overlay-gradient":""},"mobile":{"background-color":"var(--ast-global-color-5)","background-image":"","background-repeat":"repeat","background-position":"center center","background-size":"auto","background-attachment":"scroll","background-type":"","background-media":"","overlay-type":"","overlay-color":"","overlay-opacity":"","overlay-gradient":""}},"footnotes":""},"class_list":["post-33251","page","type-page","status-publish","hentry"],"acf":[],"yoast_head":"<!-- This site is optimized with the Yoast SEO plugin v27.0 - https:\/\/yoast.com\/product\/yoast-seo-wordpress\/ -->\n<title>TradeIn - Solutions - Autorola Solutions<\/title>\n<meta name=\"robots\" content=\"index, follow, max-snippet:-1, max-image-preview:large, max-video-preview:-1\" \/>\n<link rel=\"canonical\" href=\"https:\/\/autorolasolutions.com\/pt-br\/ecossistema-digital\/produtos\/tradein-solutions\/\" \/>\n<meta property=\"og:locale\" content=\"pt_BR\" \/>\n<meta property=\"og:type\" content=\"article\" \/>\n<meta property=\"og:title\" content=\"TradeIn - Solutions - Autorola Solutions\" \/>\n<meta property=\"og:description\" content=\"Nossa solu\u00e7\u00e3o TradeIn A solu\u00e7\u00e3o TradeIn da Autorola foi projetada para ajudar voc\u00ea a fornecer aos seus clientes uma maneira perfeita e eficiente de trocar seus ve\u00edculos atuais. Em apenas 4 etapas, voc\u00ea pode otimizar seu processo de troca: Inspecione qualquer ve\u00edculo facilmente com o Inspection Helper Otimize sua estrat\u00e9gia de vendas com avalia\u00e7\u00f5es de [&hellip;]\" \/>\n<meta property=\"og:url\" content=\"https:\/\/autorolasolutions.com\/pt-br\/ecossistema-digital\/produtos\/tradein-solutions\/\" \/>\n<meta property=\"og:site_name\" content=\"Autorola Solutions\" \/>\n<meta property=\"article:modified_time\" content=\"2025-02-05T11:08:10+00:00\" \/>\n<meta property=\"og:image\" content=\"https:\/\/autorolasolutions.com\/wp-content\/uploads\/2025\/01\/Autorola_Solutions_Web_Timecycle_01.png\" \/>\n\t<meta property=\"og:image:width\" content=\"833\" \/>\n\t<meta property=\"og:image:height\" content=\"576\" \/>\n\t<meta property=\"og:image:type\" content=\"image\/png\" \/>\n<meta name=\"twitter:card\" content=\"summary_large_image\" \/>\n<meta name=\"twitter:label1\" content=\"Est. tempo de leitura\" \/>\n\t<meta name=\"twitter:data1\" content=\"2 minutos\" \/>\n<script type=\"application\/ld+json\" class=\"yoast-schema-graph\">{\"@context\":\"https:\/\/schema.org\",\"@graph\":[{\"@type\":\"WebPage\",\"@id\":\"https:\/\/autorolasolutions.com\/pt-br\/ecossistema-digital\/produtos\/tradein-solutions\/\",\"url\":\"https:\/\/autorolasolutions.com\/pt-br\/ecossistema-digital\/produtos\/tradein-solutions\/\",\"name\":\"TradeIn - Solutions - Autorola Solutions\",\"isPartOf\":{\"@id\":\"https:\/\/autorolasolutions.com\/#website\"},\"primaryImageOfPage\":{\"@id\":\"https:\/\/autorolasolutions.com\/pt-br\/ecossistema-digital\/produtos\/tradein-solutions\/#primaryimage\"},\"image\":{\"@id\":\"https:\/\/autorolasolutions.com\/pt-br\/ecossistema-digital\/produtos\/tradein-solutions\/#primaryimage\"},\"thumbnailUrl\":\"https:\/\/autorolasolutions.com\/wp-content\/uploads\/2025\/01\/Autorola_Solutions_Web_Timecycle_01.png\",\"datePublished\":\"2024-08-27T12:08:28+00:00\",\"dateModified\":\"2025-02-05T11:08:10+00:00\",\"breadcrumb\":{\"@id\":\"https:\/\/autorolasolutions.com\/pt-br\/ecossistema-digital\/produtos\/tradein-solutions\/#breadcrumb\"},\"inLanguage\":\"pt-BR\",\"potentialAction\":[{\"@type\":\"ReadAction\",\"target\":[\"https:\/\/autorolasolutions.com\/pt-br\/ecossistema-digital\/produtos\/tradein-solutions\/\"]}]},{\"@type\":\"ImageObject\",\"inLanguage\":\"pt-BR\",\"@id\":\"https:\/\/autorolasolutions.com\/pt-br\/ecossistema-digital\/produtos\/tradein-solutions\/#primaryimage\",\"url\":\"https:\/\/autorolasolutions.com\/wp-content\/uploads\/2025\/01\/Autorola_Solutions_Web_Timecycle_01.png\",\"contentUrl\":\"https:\/\/autorolasolutions.com\/wp-content\/uploads\/2025\/01\/Autorola_Solutions_Web_Timecycle_01.png\"},{\"@type\":\"BreadcrumbList\",\"@id\":\"https:\/\/autorolasolutions.com\/pt-br\/ecossistema-digital\/produtos\/tradein-solutions\/#breadcrumb\",\"itemListElement\":[{\"@type\":\"ListItem\",\"position\":1,\"name\":\"Home\",\"item\":\"https:\/\/autorolasolutions.com\/\"},{\"@type\":\"ListItem\",\"position\":2,\"name\":\"Ecossistema Digital\",\"item\":\"https:\/\/autorolasolutions.com\/digital-ecosystem\/\"},{\"@type\":\"ListItem\",\"position\":3,\"name\":\"Produtos\",\"item\":\"https:\/\/autorolasolutions.com\/digital-ecosystem\/products\/\"},{\"@type\":\"ListItem\",\"position\":4,\"name\":\"TradeIn &#8211; Solutions\"}]},{\"@type\":\"WebSite\",\"@id\":\"https:\/\/autorolasolutions.com\/#website\",\"url\":\"https:\/\/autorolasolutions.com\/\",\"name\":\"Autorola Solutions\",\"description\":\"\",\"publisher\":{\"@id\":\"https:\/\/autorolasolutions.com\/#organization\"},\"potentialAction\":[{\"@type\":\"SearchAction\",\"target\":{\"@type\":\"EntryPoint\",\"urlTemplate\":\"https:\/\/autorolasolutions.com\/?s={search_term_string}\"},\"query-input\":{\"@type\":\"PropertyValueSpecification\",\"valueRequired\":true,\"valueName\":\"search_term_string\"}}],\"inLanguage\":\"pt-BR\"},{\"@type\":\"Organization\",\"@id\":\"https:\/\/autorolasolutions.com\/#organization\",\"name\":\"Autorola Solutions\",\"url\":\"https:\/\/autorolasolutions.com\/\",\"logo\":{\"@type\":\"ImageObject\",\"inLanguage\":\"pt-BR\",\"@id\":\"https:\/\/autorolasolutions.com\/#\/schema\/logo\/image\/\",\"url\":\"https:\/\/autorolasolutions.com\/wp-content\/uploads\/2025\/01\/Autorola_Solutions_Logo_Left_Screen_RGB.svg\",\"contentUrl\":\"https:\/\/autorolasolutions.com\/wp-content\/uploads\/2025\/01\/Autorola_Solutions_Logo_Left_Screen_RGB.svg\",\"width\":143,\"height\":44,\"caption\":\"Autorola Solutions\"},\"image\":{\"@id\":\"https:\/\/autorolasolutions.com\/#\/schema\/logo\/image\/\"},\"sameAs\":[\"https:\/\/www.linkedin.com\/company\/autorolasolutions\/\"]}]}<\/script>\n<!-- \/ Yoast SEO plugin. -->","yoast_head_json":{"title":"TradeIn - Solutions - Autorola Solutions","robots":{"index":"index","follow":"follow","max-snippet":"max-snippet:-1","max-image-preview":"max-image-preview:large","max-video-preview":"max-video-preview:-1"},"canonical":"https:\/\/autorolasolutions.com\/pt-br\/ecossistema-digital\/produtos\/tradein-solutions\/","og_locale":"pt_BR","og_type":"article","og_title":"TradeIn - Solutions - Autorola Solutions","og_description":"Nossa solu\u00e7\u00e3o TradeIn A solu\u00e7\u00e3o TradeIn da Autorola foi projetada para ajudar voc\u00ea a fornecer aos seus clientes uma maneira perfeita e eficiente de trocar seus ve\u00edculos atuais. Em apenas 4 etapas, voc\u00ea pode otimizar seu processo de troca: Inspecione qualquer ve\u00edculo facilmente com o Inspection Helper Otimize sua estrat\u00e9gia de vendas com avalia\u00e7\u00f5es de [&hellip;]","og_url":"https:\/\/autorolasolutions.com\/pt-br\/ecossistema-digital\/produtos\/tradein-solutions\/","og_site_name":"Autorola Solutions","article_modified_time":"2025-02-05T11:08:10+00:00","og_image":[{"width":833,"height":576,"url":"https:\/\/autorolasolutions.com\/wp-content\/uploads\/2025\/01\/Autorola_Solutions_Web_Timecycle_01.png","type":"image\/png"}],"twitter_card":"summary_large_image","twitter_misc":{"Est. tempo de leitura":"2 minutos"},"schema":{"@context":"https:\/\/schema.org","@graph":[{"@type":"WebPage","@id":"https:\/\/autorolasolutions.com\/pt-br\/ecossistema-digital\/produtos\/tradein-solutions\/","url":"https:\/\/autorolasolutions.com\/pt-br\/ecossistema-digital\/produtos\/tradein-solutions\/","name":"TradeIn - Solutions - Autorola Solutions","isPartOf":{"@id":"https:\/\/autorolasolutions.com\/#website"},"primaryImageOfPage":{"@id":"https:\/\/autorolasolutions.com\/pt-br\/ecossistema-digital\/produtos\/tradein-solutions\/#primaryimage"},"image":{"@id":"https:\/\/autorolasolutions.com\/pt-br\/ecossistema-digital\/produtos\/tradein-solutions\/#primaryimage"},"thumbnailUrl":"https:\/\/autorolasolutions.com\/wp-content\/uploads\/2025\/01\/Autorola_Solutions_Web_Timecycle_01.png","datePublished":"2024-08-27T12:08:28+00:00","dateModified":"2025-02-05T11:08:10+00:00","breadcrumb":{"@id":"https:\/\/autorolasolutions.com\/pt-br\/ecossistema-digital\/produtos\/tradein-solutions\/#breadcrumb"},"inLanguage":"pt-BR","potentialAction":[{"@type":"ReadAction","target":["https:\/\/autorolasolutions.com\/pt-br\/ecossistema-digital\/produtos\/tradein-solutions\/"]}]},{"@type":"ImageObject","inLanguage":"pt-BR","@id":"https:\/\/autorolasolutions.com\/pt-br\/ecossistema-digital\/produtos\/tradein-solutions\/#primaryimage","url":"https:\/\/autorolasolutions.com\/wp-content\/uploads\/2025\/01\/Autorola_Solutions_Web_Timecycle_01.png","contentUrl":"https:\/\/autorolasolutions.com\/wp-content\/uploads\/2025\/01\/Autorola_Solutions_Web_Timecycle_01.png"},{"@type":"BreadcrumbList","@id":"https:\/\/autorolasolutions.com\/pt-br\/ecossistema-digital\/produtos\/tradein-solutions\/#breadcrumb","itemListElement":[{"@type":"ListItem","position":1,"name":"Home","item":"https:\/\/autorolasolutions.com\/"},{"@type":"ListItem","position":2,"name":"Ecossistema Digital","item":"https:\/\/autorolasolutions.com\/digital-ecosystem\/"},{"@type":"ListItem","position":3,"name":"Produtos","item":"https:\/\/autorolasolutions.com\/digital-ecosystem\/products\/"},{"@type":"ListItem","position":4,"name":"TradeIn &#8211; Solutions"}]},{"@type":"WebSite","@id":"https:\/\/autorolasolutions.com\/#website","url":"https:\/\/autorolasolutions.com\/","name":"Autorola Solutions","description":"","publisher":{"@id":"https:\/\/autorolasolutions.com\/#organization"},"potentialAction":[{"@type":"SearchAction","target":{"@type":"EntryPoint","urlTemplate":"https:\/\/autorolasolutions.com\/?s={search_term_string}"},"query-input":{"@type":"PropertyValueSpecification","valueRequired":true,"valueName":"search_term_string"}}],"inLanguage":"pt-BR"},{"@type":"Organization","@id":"https:\/\/autorolasolutions.com\/#organization","name":"Autorola Solutions","url":"https:\/\/autorolasolutions.com\/","logo":{"@type":"ImageObject","inLanguage":"pt-BR","@id":"https:\/\/autorolasolutions.com\/#\/schema\/logo\/image\/","url":"https:\/\/autorolasolutions.com\/wp-content\/uploads\/2025\/01\/Autorola_Solutions_Logo_Left_Screen_RGB.svg","contentUrl":"https:\/\/autorolasolutions.com\/wp-content\/uploads\/2025\/01\/Autorola_Solutions_Logo_Left_Screen_RGB.svg","width":143,"height":44,"caption":"Autorola Solutions"},"image":{"@id":"https:\/\/autorolasolutions.com\/#\/schema\/logo\/image\/"},"sameAs":["https:\/\/www.linkedin.com\/company\/autorolasolutions\/"]}]}},"_links":{"self":[{"href":"https:\/\/autorolasolutions.com\/pt-br\/wp-json\/wp\/v2\/pages\/33251","targetHints":{"allow":["GET"]}}],"collection":[{"href":"https:\/\/autorolasolutions.com\/pt-br\/wp-json\/wp\/v2\/pages"}],"about":[{"href":"https:\/\/autorolasolutions.com\/pt-br\/wp-json\/wp\/v2\/types\/page"}],"author":[{"embeddable":true,"href":"https:\/\/autorolasolutions.com\/pt-br\/wp-json\/wp\/v2\/users\/12"}],"replies":[{"embeddable":true,"href":"https:\/\/autorolasolutions.com\/pt-br\/wp-json\/wp\/v2\/comments?post=33251"}],"version-history":[{"count":10,"href":"https:\/\/autorolasolutions.com\/pt-br\/wp-json\/wp\/v2\/pages\/33251\/revisions"}],"predecessor-version":[{"id":56152,"href":"https:\/\/autorolasolutions.com\/pt-br\/wp-json\/wp\/v2\/pages\/33251\/revisions\/56152"}],"up":[{"embeddable":true,"href":"https:\/\/autorolasolutions.com\/pt-br\/wp-json\/wp\/v2\/pages\/19520"}],"wp:attachment":[{"href":"https:\/\/autorolasolutions.com\/pt-br\/wp-json\/wp\/v2\/media?parent=33251"}],"curies":[{"name":"wp","href":"https:\/\/api.w.org\/{rel}","templated":true}]}}