{"id":19186,"date":"2023-02-28T13:54:20","date_gmt":"2023-02-28T12:54:20","guid":{"rendered":"https:\/\/autorolasolutions.com\/digital-ecosystem\/products\/"},"modified":"2024-03-07T11:16:14","modified_gmt":"2024-03-07T10:16:14","slug":"produtos","status":"publish","type":"page","link":"https:\/\/autorolasolutions.com\/pt-pt\/ecossistema-digital\/produtos\/","title":{"rendered":"Produtos"},"content":{"rendered":"\t\t<div data-elementor-type=\"wp-page\" data-elementor-id=\"19186\" class=\"elementor elementor-19186 elementor-11412\" data-elementor-post-type=\"page\">\n\t\t\t\t\t\t<section class=\"elementor-section elementor-top-section elementor-element elementor-element-ee1a1de elementor-section-boxed elementor-section-height-default elementor-section-height-default\" data-id=\"ee1a1de\" data-element_type=\"section\" data-e-type=\"section\" data-settings=\"{&quot;background_background&quot;:&quot;classic&quot;}\">\n\t\t\t\t\t\t<div class=\"elementor-container elementor-column-gap-default\">\n\t\t\t\t\t<div class=\"elementor-column elementor-col-100 elementor-top-column elementor-element elementor-element-4055417\" data-id=\"4055417\" data-element_type=\"column\" data-e-type=\"column\">\n\t\t\t<div class=\"elementor-widget-wrap elementor-element-populated\">\n\t\t\t\t\t\t<div class=\"elementor-element elementor-element-8e88ede elementor-widget elementor-widget-text-editor\" data-id=\"8e88ede\" data-element_type=\"widget\" data-e-type=\"widget\" data-widget_type=\"text-editor.default\">\n\t\t\t\t<div class=\"elementor-widget-container\">\n\t\t\t\t\t\t\t\t\t<p>As Fleet Owner, your fleet management software is central to keeping your business running in the most efficient way. By utilizing real-time data, our Fleet Monitor provides you with directly integrated online data to ensure your that your fleet operations are as efficient as possible. You gain full control and transparency of all your processes and online performance and stay ahead in your planning.<\/p>\t\t\t\t\t\t\t\t<\/div>\n\t\t\t\t<\/div>\n\t\t\t\t<div class=\"elementor-element elementor-element-6de19b3 elementor-widget elementor-widget-image\" data-id=\"6de19b3\" data-element_type=\"widget\" data-e-type=\"widget\" data-widget_type=\"image.default\">\n\t\t\t\t<div class=\"elementor-widget-container\">\n\t\t\t\t\t\t\t\t\t\t\t\t\t\t\t<img decoding=\"async\" width=\"1\" height=\"1\" src=\"https:\/\/autorolasolutions.com\/wp-content\/uploads\/2023\/03\/LineOfCars.svg\" class=\"attachment-full size-full wp-image-11521\" alt=\"\" \/>\t\t\t\t\t\t\t\t\t\t\t\t\t\t\t<\/div>\n\t\t\t\t<\/div>\n\t\t\t\t<div class=\"elementor-element elementor-element-0cddac3 elementor-widget elementor-widget-text-editor\" data-id=\"0cddac3\" data-element_type=\"widget\" data-e-type=\"widget\" data-widget_type=\"text-editor.default\">\n\t\t\t\t<div class=\"elementor-widget-container\">\n\t\t\t\t\t\t\t\t\t<p>Our platform is proven to help businesses streamline processes, improve efficiency and performance and works seamlessly with other Autorola integrated systems to support all workflows and processes \u2013 our services provide full flexibility from one place!<\/p><p>With Autorola Solutions One Platform you optimize your own business processes while improving your overall performance \u2013 every step of the way. That is business made easy !<\/p>\t\t\t\t\t\t\t\t<\/div>\n\t\t\t\t<\/div>\n\t\t\t\t\t<\/div>\n\t\t<\/div>\n\t\t\t\t\t<\/div>\n\t\t<\/section>\n\t\t\t\t<section class=\"elementor-section elementor-top-section elementor-element elementor-element-28c49d7 elementor-section-boxed elementor-section-height-default elementor-section-height-default\" data-id=\"28c49d7\" data-element_type=\"section\" data-e-type=\"section\">\n\t\t\t\t\t\t<div class=\"elementor-container elementor-column-gap-default\">\n\t\t\t\t\t<div class=\"elementor-column elementor-col-100 elementor-top-column elementor-element elementor-element-8690ed4\" data-id=\"8690ed4\" data-element_type=\"column\" data-e-type=\"column\">\n\t\t\t<div class=\"elementor-widget-wrap\">\n\t\t\t\t\t\t\t<\/div>\n\t\t<\/div>\n\t\t\t\t\t<\/div>\n\t\t<\/section>\n\t\t\t\t<\/div>\n\t\t","protected":false},"excerpt":{"rendered":"<p>As Fleet Owner, your fleet management software is central to keeping your business running in the most efficient way. By utilizing real-time data, our Fleet Monitor provides you with directly integrated online data to ensure your that your fleet operations are as efficient as possible. You gain full control and transparency of all your processes [&hellip;]<\/p>\n","protected":false},"author":2,"featured_media":0,"parent":19185,"menu_order":1,"comment_status":"closed","ping_status":"closed","template":"","meta":{"_acf_changed":false,"inline_featured_image":false,"site-sidebar-layout":"no-sidebar","site-content-layout":"","ast-site-content-layout":"default","site-content-style":"default","site-sidebar-style":"default","ast-global-header-display":"","ast-banner-title-visibility":"","ast-main-header-display":"","ast-hfb-above-header-display":"","ast-hfb-below-header-display":"","ast-hfb-mobile-header-display":"","site-post-title":"disabled","ast-breadcrumbs-content":"","ast-featured-img":"disabled","footer-sml-layout":"","theme-transparent-header-meta":"","adv-header-id-meta":"","stick-header-meta":"","header-above-stick-meta":"","header-main-stick-meta":"","header-below-stick-meta":"","astra-migrate-meta-layouts":"default","ast-page-background-enabled":"default","ast-page-background-meta":{"desktop":{"background-color":"","background-image":"","background-repeat":"repeat","background-position":"center center","background-size":"auto","background-attachment":"scroll","background-type":"","background-media":"","overlay-type":"","overlay-color":"","overlay-opacity":"","overlay-gradient":""},"tablet":{"background-color":"","background-image":"","background-repeat":"repeat","background-position":"center center","background-size":"auto","background-attachment":"scroll","background-type":"","background-media":"","overlay-type":"","overlay-color":"","overlay-opacity":"","overlay-gradient":""},"mobile":{"background-color":"","background-image":"","background-repeat":"repeat","background-position":"center center","background-size":"auto","background-attachment":"scroll","background-type":"","background-media":"","overlay-type":"","overlay-color":"","overlay-opacity":"","overlay-gradient":""}},"ast-content-background-meta":{"desktop":{"background-color":"var(--ast-global-color-5)","background-image":"","background-repeat":"repeat","background-position":"center center","background-size":"auto","background-attachment":"scroll","background-type":"","background-media":"","overlay-type":"","overlay-color":"","overlay-opacity":"","overlay-gradient":""},"tablet":{"background-color":"var(--ast-global-color-5)","background-image":"","background-repeat":"repeat","background-position":"center center","background-size":"auto","background-attachment":"scroll","background-type":"","background-media":"","overlay-type":"","overlay-color":"","overlay-opacity":"","overlay-gradient":""},"mobile":{"background-color":"var(--ast-global-color-5)","background-image":"","background-repeat":"repeat","background-position":"center center","background-size":"auto","background-attachment":"scroll","background-type":"","background-media":"","overlay-type":"","overlay-color":"","overlay-opacity":"","overlay-gradient":""}},"footnotes":""},"class_list":["post-19186","page","type-page","status-publish","hentry"],"acf":[],"yoast_head":"<!-- This site is optimized with the Yoast SEO plugin v27.0 - https:\/\/yoast.com\/product\/yoast-seo-wordpress\/ -->\n<title>Fleet Monitor | Solu\u00e7\u00e3o avan\u00e7ada de gest\u00e3o de frotas autom\u00f3veis<\/title>\n<meta name=\"description\" content=\"Explore a nossa solu\u00e7\u00e3o avan\u00e7ada de gest\u00e3o de frotas - Fleet Monitor. Obtenha informa\u00e7\u00f5es em tempo real, optimize as opera\u00e7\u00f5es e aumente a efici\u00eancia da sua frota autom\u00f3vel.\" \/>\n<meta name=\"robots\" content=\"index, follow, max-snippet:-1, max-image-preview:large, max-video-preview:-1\" \/>\n<link rel=\"canonical\" href=\"https:\/\/autorolasolutions.com\/digital-ecosystem\/products\/\" \/>\n<meta property=\"og:locale\" content=\"pt_PT\" \/>\n<meta property=\"og:type\" content=\"article\" \/>\n<meta property=\"og:title\" content=\"Fleet Monitor | Solu\u00e7\u00e3o avan\u00e7ada de gest\u00e3o de frotas autom\u00f3veis\" \/>\n<meta property=\"og:description\" content=\"Explore a nossa solu\u00e7\u00e3o avan\u00e7ada de gest\u00e3o de frotas - Fleet Monitor. Obtenha informa\u00e7\u00f5es em tempo real, optimize as opera\u00e7\u00f5es e aumente a efici\u00eancia da sua frota autom\u00f3vel.\" \/>\n<meta property=\"og:url\" content=\"https:\/\/autorolasolutions.com\/digital-ecosystem\/products\/\" \/>\n<meta property=\"og:site_name\" content=\"Autorola Solutions\" \/>\n<meta property=\"article:modified_time\" content=\"2024-03-07T10:16:14+00:00\" \/>\n<meta property=\"og:image\" content=\"https:\/\/autorolasolutions.com\/wp-content\/uploads\/2023\/03\/LineOfCars.svg\" \/>\n<meta name=\"twitter:card\" content=\"summary_large_image\" \/>\n<meta name=\"twitter:label1\" content=\"Tempo estimado de leitura\" \/>\n\t<meta name=\"twitter:data1\" content=\"1 minuto\" \/>\n<script type=\"application\/ld+json\" class=\"yoast-schema-graph\">{\"@context\":\"https:\/\/schema.org\",\"@graph\":[{\"@type\":\"WebPage\",\"@id\":\"https:\/\/autorolasolutions.com\/digital-ecosystem\/products\/\",\"url\":\"https:\/\/autorolasolutions.com\/digital-ecosystem\/products\/\",\"name\":\"Fleet Monitor | Solu\u00e7\u00e3o avan\u00e7ada de gest\u00e3o de frotas autom\u00f3veis\",\"isPartOf\":{\"@id\":\"https:\/\/autorolasolutions.com\/#website\"},\"primaryImageOfPage\":{\"@id\":\"https:\/\/autorolasolutions.com\/digital-ecosystem\/products\/#primaryimage\"},\"image\":{\"@id\":\"https:\/\/autorolasolutions.com\/digital-ecosystem\/products\/#primaryimage\"},\"thumbnailUrl\":\"https:\/\/autorolasolutions.com\/wp-content\/uploads\/2023\/03\/LineOfCars.svg\",\"datePublished\":\"2023-02-28T12:54:20+00:00\",\"dateModified\":\"2024-03-07T10:16:14+00:00\",\"description\":\"Explore a nossa solu\u00e7\u00e3o avan\u00e7ada de gest\u00e3o de frotas - Fleet Monitor. Obtenha informa\u00e7\u00f5es em tempo real, optimize as opera\u00e7\u00f5es e aumente a efici\u00eancia da sua frota autom\u00f3vel.\",\"breadcrumb\":{\"@id\":\"https:\/\/autorolasolutions.com\/digital-ecosystem\/products\/#breadcrumb\"},\"inLanguage\":\"pt-PT\",\"potentialAction\":[{\"@type\":\"ReadAction\",\"target\":[\"https:\/\/autorolasolutions.com\/digital-ecosystem\/products\/\"]}]},{\"@type\":\"ImageObject\",\"inLanguage\":\"pt-PT\",\"@id\":\"https:\/\/autorolasolutions.com\/digital-ecosystem\/products\/#primaryimage\",\"url\":\"https:\/\/autorolasolutions.com\/wp-content\/uploads\/2023\/03\/LineOfCars.svg\",\"contentUrl\":\"https:\/\/autorolasolutions.com\/wp-content\/uploads\/2023\/03\/LineOfCars.svg\"},{\"@type\":\"BreadcrumbList\",\"@id\":\"https:\/\/autorolasolutions.com\/digital-ecosystem\/products\/#breadcrumb\",\"itemListElement\":[{\"@type\":\"ListItem\",\"position\":1,\"name\":\"Home\",\"item\":\"https:\/\/autorolasolutions.com\/\"},{\"@type\":\"ListItem\",\"position\":2,\"name\":\"Ecossistema digital\",\"item\":\"https:\/\/autorolasolutions.com\/digital-ecosystem\/\"},{\"@type\":\"ListItem\",\"position\":3,\"name\":\"Produtos\"}]},{\"@type\":\"WebSite\",\"@id\":\"https:\/\/autorolasolutions.com\/#website\",\"url\":\"https:\/\/autorolasolutions.com\/\",\"name\":\"Autorola Solutions\",\"description\":\"\",\"publisher\":{\"@id\":\"https:\/\/autorolasolutions.com\/#organization\"},\"potentialAction\":[{\"@type\":\"SearchAction\",\"target\":{\"@type\":\"EntryPoint\",\"urlTemplate\":\"https:\/\/autorolasolutions.com\/?s={search_term_string}\"},\"query-input\":{\"@type\":\"PropertyValueSpecification\",\"valueRequired\":true,\"valueName\":\"search_term_string\"}}],\"inLanguage\":\"pt-PT\"},{\"@type\":\"Organization\",\"@id\":\"https:\/\/autorolasolutions.com\/#organization\",\"name\":\"Autorola Solutions\",\"url\":\"https:\/\/autorolasolutions.com\/\",\"logo\":{\"@type\":\"ImageObject\",\"inLanguage\":\"pt-PT\",\"@id\":\"https:\/\/autorolasolutions.com\/#\/schema\/logo\/image\/\",\"url\":\"https:\/\/autorolasolutions.com\/wp-content\/uploads\/2025\/01\/Autorola_Solutions_Logo_Left_Screen_RGB.svg\",\"contentUrl\":\"https:\/\/autorolasolutions.com\/wp-content\/uploads\/2025\/01\/Autorola_Solutions_Logo_Left_Screen_RGB.svg\",\"width\":143,\"height\":44,\"caption\":\"Autorola Solutions\"},\"image\":{\"@id\":\"https:\/\/autorolasolutions.com\/#\/schema\/logo\/image\/\"},\"sameAs\":[\"https:\/\/www.linkedin.com\/company\/autorolasolutions\/\"]}]}<\/script>\n<!-- \/ Yoast SEO plugin. -->","yoast_head_json":{"title":"Fleet Monitor | Solu\u00e7\u00e3o avan\u00e7ada de gest\u00e3o de frotas autom\u00f3veis","description":"Explore a nossa solu\u00e7\u00e3o avan\u00e7ada de gest\u00e3o de frotas - Fleet Monitor. Obtenha informa\u00e7\u00f5es em tempo real, optimize as opera\u00e7\u00f5es e aumente a efici\u00eancia da sua frota autom\u00f3vel.","robots":{"index":"index","follow":"follow","max-snippet":"max-snippet:-1","max-image-preview":"max-image-preview:large","max-video-preview":"max-video-preview:-1"},"canonical":"https:\/\/autorolasolutions.com\/digital-ecosystem\/products\/","og_locale":"pt_PT","og_type":"article","og_title":"Fleet Monitor | Solu\u00e7\u00e3o avan\u00e7ada de gest\u00e3o de frotas autom\u00f3veis","og_description":"Explore a nossa solu\u00e7\u00e3o avan\u00e7ada de gest\u00e3o de frotas - Fleet Monitor. Obtenha informa\u00e7\u00f5es em tempo real, optimize as opera\u00e7\u00f5es e aumente a efici\u00eancia da sua frota autom\u00f3vel.","og_url":"https:\/\/autorolasolutions.com\/digital-ecosystem\/products\/","og_site_name":"Autorola Solutions","article_modified_time":"2024-03-07T10:16:14+00:00","og_image":[{"url":"https:\/\/autorolasolutions.com\/wp-content\/uploads\/2023\/03\/LineOfCars.svg","type":"","width":"","height":""}],"twitter_card":"summary_large_image","twitter_misc":{"Tempo estimado de leitura":"1 minuto"},"schema":{"@context":"https:\/\/schema.org","@graph":[{"@type":"WebPage","@id":"https:\/\/autorolasolutions.com\/digital-ecosystem\/products\/","url":"https:\/\/autorolasolutions.com\/digital-ecosystem\/products\/","name":"Fleet Monitor | Solu\u00e7\u00e3o avan\u00e7ada de gest\u00e3o de frotas autom\u00f3veis","isPartOf":{"@id":"https:\/\/autorolasolutions.com\/#website"},"primaryImageOfPage":{"@id":"https:\/\/autorolasolutions.com\/digital-ecosystem\/products\/#primaryimage"},"image":{"@id":"https:\/\/autorolasolutions.com\/digital-ecosystem\/products\/#primaryimage"},"thumbnailUrl":"https:\/\/autorolasolutions.com\/wp-content\/uploads\/2023\/03\/LineOfCars.svg","datePublished":"2023-02-28T12:54:20+00:00","dateModified":"2024-03-07T10:16:14+00:00","description":"Explore a nossa solu\u00e7\u00e3o avan\u00e7ada de gest\u00e3o de frotas - Fleet Monitor. Obtenha informa\u00e7\u00f5es em tempo real, optimize as opera\u00e7\u00f5es e aumente a efici\u00eancia da sua frota autom\u00f3vel.","breadcrumb":{"@id":"https:\/\/autorolasolutions.com\/digital-ecosystem\/products\/#breadcrumb"},"inLanguage":"pt-PT","potentialAction":[{"@type":"ReadAction","target":["https:\/\/autorolasolutions.com\/digital-ecosystem\/products\/"]}]},{"@type":"ImageObject","inLanguage":"pt-PT","@id":"https:\/\/autorolasolutions.com\/digital-ecosystem\/products\/#primaryimage","url":"https:\/\/autorolasolutions.com\/wp-content\/uploads\/2023\/03\/LineOfCars.svg","contentUrl":"https:\/\/autorolasolutions.com\/wp-content\/uploads\/2023\/03\/LineOfCars.svg"},{"@type":"BreadcrumbList","@id":"https:\/\/autorolasolutions.com\/digital-ecosystem\/products\/#breadcrumb","itemListElement":[{"@type":"ListItem","position":1,"name":"Home","item":"https:\/\/autorolasolutions.com\/"},{"@type":"ListItem","position":2,"name":"Ecossistema digital","item":"https:\/\/autorolasolutions.com\/digital-ecosystem\/"},{"@type":"ListItem","position":3,"name":"Produtos"}]},{"@type":"WebSite","@id":"https:\/\/autorolasolutions.com\/#website","url":"https:\/\/autorolasolutions.com\/","name":"Autorola Solutions","description":"","publisher":{"@id":"https:\/\/autorolasolutions.com\/#organization"},"potentialAction":[{"@type":"SearchAction","target":{"@type":"EntryPoint","urlTemplate":"https:\/\/autorolasolutions.com\/?s={search_term_string}"},"query-input":{"@type":"PropertyValueSpecification","valueRequired":true,"valueName":"search_term_string"}}],"inLanguage":"pt-PT"},{"@type":"Organization","@id":"https:\/\/autorolasolutions.com\/#organization","name":"Autorola Solutions","url":"https:\/\/autorolasolutions.com\/","logo":{"@type":"ImageObject","inLanguage":"pt-PT","@id":"https:\/\/autorolasolutions.com\/#\/schema\/logo\/image\/","url":"https:\/\/autorolasolutions.com\/wp-content\/uploads\/2025\/01\/Autorola_Solutions_Logo_Left_Screen_RGB.svg","contentUrl":"https:\/\/autorolasolutions.com\/wp-content\/uploads\/2025\/01\/Autorola_Solutions_Logo_Left_Screen_RGB.svg","width":143,"height":44,"caption":"Autorola Solutions"},"image":{"@id":"https:\/\/autorolasolutions.com\/#\/schema\/logo\/image\/"},"sameAs":["https:\/\/www.linkedin.com\/company\/autorolasolutions\/"]}]}},"_links":{"self":[{"href":"https:\/\/autorolasolutions.com\/pt-pt\/wp-json\/wp\/v2\/pages\/19186","targetHints":{"allow":["GET"]}}],"collection":[{"href":"https:\/\/autorolasolutions.com\/pt-pt\/wp-json\/wp\/v2\/pages"}],"about":[{"href":"https:\/\/autorolasolutions.com\/pt-pt\/wp-json\/wp\/v2\/types\/page"}],"author":[{"embeddable":true,"href":"https:\/\/autorolasolutions.com\/pt-pt\/wp-json\/wp\/v2\/users\/2"}],"replies":[{"embeddable":true,"href":"https:\/\/autorolasolutions.com\/pt-pt\/wp-json\/wp\/v2\/comments?post=19186"}],"version-history":[{"count":1,"href":"https:\/\/autorolasolutions.com\/pt-pt\/wp-json\/wp\/v2\/pages\/19186\/revisions"}],"predecessor-version":[{"id":19336,"href":"https:\/\/autorolasolutions.com\/pt-pt\/wp-json\/wp\/v2\/pages\/19186\/revisions\/19336"}],"up":[{"embeddable":true,"href":"https:\/\/autorolasolutions.com\/pt-pt\/wp-json\/wp\/v2\/pages\/19185"}],"wp:attachment":[{"href":"https:\/\/autorolasolutions.com\/pt-pt\/wp-json\/wp\/v2\/media?parent=19186"}],"curies":[{"name":"wp","href":"https:\/\/api.w.org\/{rel}","templated":true}]}}