{"id":19188,"date":"2023-02-28T13:55:45","date_gmt":"2023-02-28T12:55:45","guid":{"rendered":"https:\/\/autorolasolutions.com\/digital-ecosystem\/products\/inspection-and-trade-in-app\/"},"modified":"2025-02-05T12:56:03","modified_gmt":"2025-02-05T11:56:03","slug":"inspection-helper-system","status":"publish","type":"page","link":"https:\/\/autorolasolutions.com\/pt-pt\/ecossistema-digital\/produtos\/inspection-helper-system\/","title":{"rendered":"Inspection Helper System"},"content":{"rendered":"\t\t<div data-elementor-type=\"wp-page\" data-elementor-id=\"19188\" class=\"elementor elementor-19188 elementor-11416\" data-elementor-post-type=\"page\">\n\t\t\t\t\t\t<section class=\"elementor-section elementor-top-section elementor-element elementor-element-f9c01d7 elementor-section-boxed elementor-section-height-default elementor-section-height-default\" data-id=\"f9c01d7\" data-element_type=\"section\" data-e-type=\"section\">\n\t\t\t\t\t\t<div class=\"elementor-container elementor-column-gap-default\">\n\t\t\t\t\t<div class=\"elementor-column elementor-col-100 elementor-top-column elementor-element elementor-element-e339a60\" data-id=\"e339a60\" data-element_type=\"column\" data-e-type=\"column\">\n\t\t\t<div class=\"elementor-widget-wrap elementor-element-populated\">\n\t\t\t\t\t\t<div class=\"elementor-element elementor-element-64fe2b7 elementor-widget elementor-widget-heading\" data-id=\"64fe2b7\" data-element_type=\"widget\" data-e-type=\"widget\" data-widget_type=\"heading.default\">\n\t\t\t\t<div class=\"elementor-widget-container\">\n\t\t\t\t\t<h1 class=\"elementor-heading-title elementor-size-default\">Inspection Helper System<\/h1>\t\t\t\t<\/div>\n\t\t\t\t<\/div>\n\t\t\t\t\t<\/div>\n\t\t<\/div>\n\t\t\t\t\t<\/div>\n\t\t<\/section>\n\t\t\t\t<section class=\"elementor-section elementor-top-section elementor-element elementor-element-bdba89e elementor-section-boxed elementor-section-height-default elementor-section-height-default\" data-id=\"bdba89e\" data-element_type=\"section\" data-e-type=\"section\">\n\t\t\t\t\t\t<div class=\"elementor-container elementor-column-gap-default\">\n\t\t\t\t\t<div class=\"elementor-column elementor-col-50 elementor-top-column elementor-element elementor-element-8f2f7d7\" data-id=\"8f2f7d7\" data-element_type=\"column\" data-e-type=\"column\">\n\t\t\t<div class=\"elementor-widget-wrap elementor-element-populated\">\n\t\t\t\t\t\t<div class=\"elementor-element elementor-element-51c51aa elementor-widget elementor-widget-text-editor\" data-id=\"51c51aa\" data-element_type=\"widget\" data-e-type=\"widget\" data-widget_type=\"text-editor.default\">\n\t\t\t\t<div class=\"elementor-widget-container\">\n\t\t\t\t\t\t\t\t\t<h2>Inspec\u00e7\u00f5es profissionais<\/h2><p>O sistema profissional de inspec\u00e7\u00e3o de ve\u00edculos da Autorola Solutions, Trade in app, garante inspec\u00e7\u00f5es de alta qualidade em movimento.<\/p><p>A aplica\u00e7\u00e3o \u00e9 altamente configur\u00e1vel e permite que os seus parceiros de inspec\u00e7\u00e3o preferidos realizem v\u00e1rios tipos de inspec\u00e7\u00f5es, consoante as suas necessidades de inspec\u00e7\u00e3o, a partir de qualquer lugar. Desde recibos de entrega e devolu\u00e7\u00e3o, inspec\u00e7\u00f5es pr\u00e9-entrega at\u00e9 inspec\u00e7\u00f5es profissionais completas, a aplica\u00e7\u00e3o pode ser configurada para satisfazer as suas necessidades e requisitos de qualidade.<\/p><h2>F\u00e1cil de configurar, f\u00e1cil de utilizar<\/h2><p>Com o seu processo modular passo-a-passo de f\u00e1cil utiliza\u00e7\u00e3o, a aplica\u00e7\u00e3o garante que todos os ve\u00edculos s\u00e3o descritos e inspeccionados de acordo com as principais normas da ind\u00fastria. A nossa ferramenta \u00e9 uma aplica\u00e7\u00e3o Web de resposta r\u00e1pida que permite a inspec\u00e7\u00e3o de ve\u00edculos a partir de qualquer dispositivo m\u00f3vel, Android ou IOS, e est\u00e1 totalmente integrada no Fleet Monitor e partilha dados com o Fleet Monitor atrav\u00e9s de uma interface em tempo real.<\/p><p>A nossa plataforma suporta as nossas pr\u00f3prias inspec\u00e7\u00f5es, bem como inspec\u00e7\u00f5es externas de fornecedores de inspec\u00e7\u00f5es no mercado.<\/p><h2>Maximize os seus pre\u00e7os de revenda<\/h2><p>Oferecemos uma ferramenta de inspec\u00e7\u00e3o abrangente concebida para real\u00e7ar as melhores caracter\u00edsticas do seu ve\u00edculo e garantir que est\u00e1 nas melhores condi\u00e7\u00f5es. Ao fornecer relat\u00f3rios de estado detalhados e uma inspec\u00e7\u00e3o mec\u00e2nica e t\u00e9cnica minuciosa que aborda quaisquer problemas que possam afectar o valor de revenda, juntamente com fotografias de alta qualidade, a aplica\u00e7\u00e3o ajuda-o a dar aos compradores confian\u00e7a no estado do ve\u00edculo, o que \u00e9 vital para maximizar os seus pre\u00e7os de revenda.<\/p>\t\t\t\t\t\t\t\t<\/div>\n\t\t\t\t<\/div>\n\t\t\t\t<div class=\"elementor-element elementor-element-6e12f86 elementor-align-center elementor-widget elementor-widget-button\" data-id=\"6e12f86\" data-element_type=\"widget\" data-e-type=\"widget\" data-widget_type=\"button.default\">\n\t\t\t\t<div class=\"elementor-widget-container\">\n\t\t\t\t\t\t\t\t\t<div class=\"elementor-button-wrapper\">\n\t\t\t\t\t<a class=\"elementor-button elementor-button-link elementor-size-sm elementor-animation-grow\" href=\"https:\/\/autorolasolutions.com\/pt-pt\/contactos\/\">\n\t\t\t\t\t\t<span class=\"elementor-button-content-wrapper\">\n\t\t\t\t\t\t<span class=\"elementor-button-icon\">\n\t\t\t\t<i aria-hidden=\"true\" class=\"fas fa-arrow-right\"><\/i>\t\t\t<\/span>\n\t\t\t\t\t\t\t\t\t<span class=\"elementor-button-text\">Contacte-nos<\/span>\n\t\t\t\t\t<\/span>\n\t\t\t\t\t<\/a>\n\t\t\t\t<\/div>\n\t\t\t\t\t\t\t\t<\/div>\n\t\t\t\t<\/div>\n\t\t\t\t\t<\/div>\n\t\t<\/div>\n\t\t\t\t<div class=\"elementor-column elementor-col-50 elementor-top-column elementor-element elementor-element-5b181d8\" data-id=\"5b181d8\" data-element_type=\"column\" data-e-type=\"column\">\n\t\t\t<div class=\"elementor-widget-wrap elementor-element-populated\">\n\t\t\t\t\t\t<div class=\"elementor-element elementor-element-5bb1971 elementor-widget elementor-widget-image\" data-id=\"5bb1971\" data-element_type=\"widget\" data-e-type=\"widget\" data-widget_type=\"image.default\">\n\t\t\t\t<div class=\"elementor-widget-container\">\n\t\t\t\t\t\t\t\t\t\t\t\t\t\t\t<img fetchpriority=\"high\" decoding=\"async\" width=\"583\" height=\"701\" src=\"https:\/\/autorolasolutions.com\/wp-content\/uploads\/2025\/01\/Autorola_Solutions_Web_Rotate_01.png\" class=\"attachment-large size-large wp-image-51701\" alt=\"\" srcset=\"https:\/\/autorolasolutions.com\/wp-content\/uploads\/2025\/01\/Autorola_Solutions_Web_Rotate_01.png 583w, https:\/\/autorolasolutions.com\/wp-content\/uploads\/2025\/01\/Autorola_Solutions_Web_Rotate_01-250x300.png 250w\" sizes=\"(max-width: 583px) 100vw, 583px\" \/>\t\t\t\t\t\t\t\t\t\t\t\t\t\t\t<\/div>\n\t\t\t\t<\/div>\n\t\t\t\t\t<\/div>\n\t\t<\/div>\n\t\t\t\t\t<\/div>\n\t\t<\/section>\n\t\t\t\t<\/div>\n\t\t","protected":false},"excerpt":{"rendered":"<p>Inspection Helper System Inspec\u00e7\u00f5es profissionais O sistema profissional de inspec\u00e7\u00e3o de ve\u00edculos da Autorola Solutions, Trade in app, garante inspec\u00e7\u00f5es de alta qualidade em movimento. A aplica\u00e7\u00e3o \u00e9 altamente configur\u00e1vel e permite que os seus parceiros de inspec\u00e7\u00e3o preferidos realizem v\u00e1rios tipos de inspec\u00e7\u00f5es, consoante as suas necessidades de inspec\u00e7\u00e3o, a partir de qualquer lugar. [&hellip;]<\/p>\n","protected":false},"author":2,"featured_media":0,"parent":19186,"menu_order":2,"comment_status":"closed","ping_status":"closed","template":"","meta":{"_acf_changed":false,"inline_featured_image":false,"site-sidebar-layout":"no-sidebar","site-content-layout":"","ast-site-content-layout":"full-width-container","site-content-style":"unboxed","site-sidebar-style":"unboxed","ast-global-header-display":"","ast-banner-title-visibility":"","ast-main-header-display":"","ast-hfb-above-header-display":"","ast-hfb-below-header-display":"","ast-hfb-mobile-header-display":"","site-post-title":"disabled","ast-breadcrumbs-content":"","ast-featured-img":"disabled","footer-sml-layout":"","theme-transparent-header-meta":"","adv-header-id-meta":"","stick-header-meta":"","header-above-stick-meta":"","header-main-stick-meta":"","header-below-stick-meta":"","astra-migrate-meta-layouts":"default","ast-page-background-enabled":"default","ast-page-background-meta":{"desktop":{"background-color":"","background-image":"","background-repeat":"repeat","background-position":"center center","background-size":"auto","background-attachment":"scroll","background-type":"","background-media":"","overlay-type":"","overlay-color":"","overlay-opacity":"","overlay-gradient":""},"tablet":{"background-color":"","background-image":"","background-repeat":"repeat","background-position":"center center","background-size":"auto","background-attachment":"scroll","background-type":"","background-media":"","overlay-type":"","overlay-color":"","overlay-opacity":"","overlay-gradient":""},"mobile":{"background-color":"","background-image":"","background-repeat":"repeat","background-position":"center center","background-size":"auto","background-attachment":"scroll","background-type":"","background-media":"","overlay-type":"","overlay-color":"","overlay-opacity":"","overlay-gradient":""}},"ast-content-background-meta":{"desktop":{"background-color":"var(--ast-global-color-5)","background-image":"","background-repeat":"repeat","background-position":"center center","background-size":"auto","background-attachment":"scroll","background-type":"","background-media":"","overlay-type":"","overlay-color":"","overlay-opacity":"","overlay-gradient":""},"tablet":{"background-color":"var(--ast-global-color-5)","background-image":"","background-repeat":"repeat","background-position":"center center","background-size":"auto","background-attachment":"scroll","background-type":"","background-media":"","overlay-type":"","overlay-color":"","overlay-opacity":"","overlay-gradient":""},"mobile":{"background-color":"var(--ast-global-color-5)","background-image":"","background-repeat":"repeat","background-position":"center center","background-size":"auto","background-attachment":"scroll","background-type":"","background-media":"","overlay-type":"","overlay-color":"","overlay-opacity":"","overlay-gradient":""}},"footnotes":""},"class_list":["post-19188","page","type-page","status-publish","hentry"],"acf":[],"yoast_head":"<!-- This site is optimized with the Yoast SEO plugin v27.0 - https:\/\/yoast.com\/product\/yoast-seo-wordpress\/ -->\n<title>Aplica\u00e7\u00e3o de inspec\u00e7\u00e3o e troca: processos de com\u00e9rcio autom\u00f3vel sem falhas<\/title>\n<meta name=\"description\" content=\"Simplifique os processos de retoma de autom\u00f3veis com a nossa aplica\u00e7\u00e3o de inspec\u00e7\u00e3o e retoma. Proporcione uma experi\u00eancia perfeita de ponta a ponta para inspec\u00e7\u00f5es e retomas de ve\u00edculos.\" \/>\n<meta name=\"robots\" content=\"index, follow, max-snippet:-1, max-image-preview:large, max-video-preview:-1\" \/>\n<link rel=\"canonical\" href=\"https:\/\/autorolasolutions.com\/digital-ecosystem\/products\/inspection-and-trade-in-app\/\" \/>\n<meta property=\"og:locale\" content=\"pt_PT\" \/>\n<meta property=\"og:type\" content=\"article\" \/>\n<meta property=\"og:title\" content=\"Aplica\u00e7\u00e3o de inspec\u00e7\u00e3o e troca: processos de com\u00e9rcio autom\u00f3vel sem falhas\" \/>\n<meta property=\"og:description\" content=\"Simplifique os processos de retoma de autom\u00f3veis com a nossa aplica\u00e7\u00e3o de inspec\u00e7\u00e3o e retoma. Proporcione uma experi\u00eancia perfeita de ponta a ponta para inspec\u00e7\u00f5es e retomas de ve\u00edculos.\" \/>\n<meta property=\"og:url\" content=\"https:\/\/autorolasolutions.com\/digital-ecosystem\/products\/inspection-and-trade-in-app\/\" \/>\n<meta property=\"og:site_name\" content=\"Autorola Solutions\" \/>\n<meta property=\"article:modified_time\" content=\"2025-02-05T11:56:03+00:00\" \/>\n<meta property=\"og:image\" content=\"https:\/\/autorolasolutions.com\/wp-content\/uploads\/2025\/01\/Autorola_Solutions_Web_Rotate_01.png\" \/>\n\t<meta property=\"og:image:width\" content=\"583\" \/>\n\t<meta property=\"og:image:height\" content=\"701\" \/>\n\t<meta property=\"og:image:type\" content=\"image\/png\" \/>\n<meta name=\"twitter:card\" content=\"summary_large_image\" \/>\n<meta name=\"twitter:label1\" content=\"Tempo estimado de leitura\" \/>\n\t<meta name=\"twitter:data1\" content=\"2 minutos\" \/>\n<script type=\"application\/ld+json\" class=\"yoast-schema-graph\">{\"@context\":\"https:\/\/schema.org\",\"@graph\":[{\"@type\":\"WebPage\",\"@id\":\"https:\/\/autorolasolutions.com\/digital-ecosystem\/products\/inspection-and-trade-in-app\/\",\"url\":\"https:\/\/autorolasolutions.com\/digital-ecosystem\/products\/inspection-and-trade-in-app\/\",\"name\":\"Aplica\u00e7\u00e3o de inspec\u00e7\u00e3o e troca: processos de com\u00e9rcio autom\u00f3vel sem falhas\",\"isPartOf\":{\"@id\":\"https:\/\/autorolasolutions.com\/#website\"},\"primaryImageOfPage\":{\"@id\":\"https:\/\/autorolasolutions.com\/digital-ecosystem\/products\/inspection-and-trade-in-app\/#primaryimage\"},\"image\":{\"@id\":\"https:\/\/autorolasolutions.com\/digital-ecosystem\/products\/inspection-and-trade-in-app\/#primaryimage\"},\"thumbnailUrl\":\"https:\/\/autorolasolutions.com\/wp-content\/uploads\/2025\/01\/Autorola_Solutions_Web_Rotate_01.png\",\"datePublished\":\"2023-02-28T12:55:45+00:00\",\"dateModified\":\"2025-02-05T11:56:03+00:00\",\"description\":\"Simplifique os processos de retoma de autom\u00f3veis com a nossa aplica\u00e7\u00e3o de inspec\u00e7\u00e3o e retoma. Proporcione uma experi\u00eancia perfeita de ponta a ponta para inspec\u00e7\u00f5es e retomas de ve\u00edculos.\",\"breadcrumb\":{\"@id\":\"https:\/\/autorolasolutions.com\/digital-ecosystem\/products\/inspection-and-trade-in-app\/#breadcrumb\"},\"inLanguage\":\"pt-PT\",\"potentialAction\":[{\"@type\":\"ReadAction\",\"target\":[\"https:\/\/autorolasolutions.com\/digital-ecosystem\/products\/inspection-and-trade-in-app\/\"]}]},{\"@type\":\"ImageObject\",\"inLanguage\":\"pt-PT\",\"@id\":\"https:\/\/autorolasolutions.com\/digital-ecosystem\/products\/inspection-and-trade-in-app\/#primaryimage\",\"url\":\"https:\/\/autorolasolutions.com\/wp-content\/uploads\/2025\/01\/Autorola_Solutions_Web_Rotate_01.png\",\"contentUrl\":\"https:\/\/autorolasolutions.com\/wp-content\/uploads\/2025\/01\/Autorola_Solutions_Web_Rotate_01.png\"},{\"@type\":\"BreadcrumbList\",\"@id\":\"https:\/\/autorolasolutions.com\/digital-ecosystem\/products\/inspection-and-trade-in-app\/#breadcrumb\",\"itemListElement\":[{\"@type\":\"ListItem\",\"position\":1,\"name\":\"Home\",\"item\":\"https:\/\/autorolasolutions.com\/\"},{\"@type\":\"ListItem\",\"position\":2,\"name\":\"Ecossistema digital\",\"item\":\"https:\/\/autorolasolutions.com\/digital-ecosystem\/\"},{\"@type\":\"ListItem\",\"position\":3,\"name\":\"Produtos\",\"item\":\"https:\/\/autorolasolutions.com\/digital-ecosystem\/products\/\"},{\"@type\":\"ListItem\",\"position\":4,\"name\":\"Inspection Helper System\"}]},{\"@type\":\"WebSite\",\"@id\":\"https:\/\/autorolasolutions.com\/#website\",\"url\":\"https:\/\/autorolasolutions.com\/\",\"name\":\"Autorola Solutions\",\"description\":\"\",\"publisher\":{\"@id\":\"https:\/\/autorolasolutions.com\/#organization\"},\"potentialAction\":[{\"@type\":\"SearchAction\",\"target\":{\"@type\":\"EntryPoint\",\"urlTemplate\":\"https:\/\/autorolasolutions.com\/?s={search_term_string}\"},\"query-input\":{\"@type\":\"PropertyValueSpecification\",\"valueRequired\":true,\"valueName\":\"search_term_string\"}}],\"inLanguage\":\"pt-PT\"},{\"@type\":\"Organization\",\"@id\":\"https:\/\/autorolasolutions.com\/#organization\",\"name\":\"Autorola Solutions\",\"url\":\"https:\/\/autorolasolutions.com\/\",\"logo\":{\"@type\":\"ImageObject\",\"inLanguage\":\"pt-PT\",\"@id\":\"https:\/\/autorolasolutions.com\/#\/schema\/logo\/image\/\",\"url\":\"https:\/\/autorolasolutions.com\/wp-content\/uploads\/2025\/01\/Autorola_Solutions_Logo_Left_Screen_RGB.svg\",\"contentUrl\":\"https:\/\/autorolasolutions.com\/wp-content\/uploads\/2025\/01\/Autorola_Solutions_Logo_Left_Screen_RGB.svg\",\"width\":143,\"height\":44,\"caption\":\"Autorola Solutions\"},\"image\":{\"@id\":\"https:\/\/autorolasolutions.com\/#\/schema\/logo\/image\/\"},\"sameAs\":[\"https:\/\/www.linkedin.com\/company\/autorolasolutions\/\"]}]}<\/script>\n<!-- \/ Yoast SEO plugin. -->","yoast_head_json":{"title":"Aplica\u00e7\u00e3o de inspec\u00e7\u00e3o e troca: processos de com\u00e9rcio autom\u00f3vel sem falhas","description":"Simplifique os processos de retoma de autom\u00f3veis com a nossa aplica\u00e7\u00e3o de inspec\u00e7\u00e3o e retoma. Proporcione uma experi\u00eancia perfeita de ponta a ponta para inspec\u00e7\u00f5es e retomas de ve\u00edculos.","robots":{"index":"index","follow":"follow","max-snippet":"max-snippet:-1","max-image-preview":"max-image-preview:large","max-video-preview":"max-video-preview:-1"},"canonical":"https:\/\/autorolasolutions.com\/digital-ecosystem\/products\/inspection-and-trade-in-app\/","og_locale":"pt_PT","og_type":"article","og_title":"Aplica\u00e7\u00e3o de inspec\u00e7\u00e3o e troca: processos de com\u00e9rcio autom\u00f3vel sem falhas","og_description":"Simplifique os processos de retoma de autom\u00f3veis com a nossa aplica\u00e7\u00e3o de inspec\u00e7\u00e3o e retoma. Proporcione uma experi\u00eancia perfeita de ponta a ponta para inspec\u00e7\u00f5es e retomas de ve\u00edculos.","og_url":"https:\/\/autorolasolutions.com\/digital-ecosystem\/products\/inspection-and-trade-in-app\/","og_site_name":"Autorola Solutions","article_modified_time":"2025-02-05T11:56:03+00:00","og_image":[{"width":583,"height":701,"url":"https:\/\/autorolasolutions.com\/wp-content\/uploads\/2025\/01\/Autorola_Solutions_Web_Rotate_01.png","type":"image\/png"}],"twitter_card":"summary_large_image","twitter_misc":{"Tempo estimado de leitura":"2 minutos"},"schema":{"@context":"https:\/\/schema.org","@graph":[{"@type":"WebPage","@id":"https:\/\/autorolasolutions.com\/digital-ecosystem\/products\/inspection-and-trade-in-app\/","url":"https:\/\/autorolasolutions.com\/digital-ecosystem\/products\/inspection-and-trade-in-app\/","name":"Aplica\u00e7\u00e3o de inspec\u00e7\u00e3o e troca: processos de com\u00e9rcio autom\u00f3vel sem falhas","isPartOf":{"@id":"https:\/\/autorolasolutions.com\/#website"},"primaryImageOfPage":{"@id":"https:\/\/autorolasolutions.com\/digital-ecosystem\/products\/inspection-and-trade-in-app\/#primaryimage"},"image":{"@id":"https:\/\/autorolasolutions.com\/digital-ecosystem\/products\/inspection-and-trade-in-app\/#primaryimage"},"thumbnailUrl":"https:\/\/autorolasolutions.com\/wp-content\/uploads\/2025\/01\/Autorola_Solutions_Web_Rotate_01.png","datePublished":"2023-02-28T12:55:45+00:00","dateModified":"2025-02-05T11:56:03+00:00","description":"Simplifique os processos de retoma de autom\u00f3veis com a nossa aplica\u00e7\u00e3o de inspec\u00e7\u00e3o e retoma. Proporcione uma experi\u00eancia perfeita de ponta a ponta para inspec\u00e7\u00f5es e retomas de ve\u00edculos.","breadcrumb":{"@id":"https:\/\/autorolasolutions.com\/digital-ecosystem\/products\/inspection-and-trade-in-app\/#breadcrumb"},"inLanguage":"pt-PT","potentialAction":[{"@type":"ReadAction","target":["https:\/\/autorolasolutions.com\/digital-ecosystem\/products\/inspection-and-trade-in-app\/"]}]},{"@type":"ImageObject","inLanguage":"pt-PT","@id":"https:\/\/autorolasolutions.com\/digital-ecosystem\/products\/inspection-and-trade-in-app\/#primaryimage","url":"https:\/\/autorolasolutions.com\/wp-content\/uploads\/2025\/01\/Autorola_Solutions_Web_Rotate_01.png","contentUrl":"https:\/\/autorolasolutions.com\/wp-content\/uploads\/2025\/01\/Autorola_Solutions_Web_Rotate_01.png"},{"@type":"BreadcrumbList","@id":"https:\/\/autorolasolutions.com\/digital-ecosystem\/products\/inspection-and-trade-in-app\/#breadcrumb","itemListElement":[{"@type":"ListItem","position":1,"name":"Home","item":"https:\/\/autorolasolutions.com\/"},{"@type":"ListItem","position":2,"name":"Ecossistema digital","item":"https:\/\/autorolasolutions.com\/digital-ecosystem\/"},{"@type":"ListItem","position":3,"name":"Produtos","item":"https:\/\/autorolasolutions.com\/digital-ecosystem\/products\/"},{"@type":"ListItem","position":4,"name":"Inspection Helper System"}]},{"@type":"WebSite","@id":"https:\/\/autorolasolutions.com\/#website","url":"https:\/\/autorolasolutions.com\/","name":"Autorola Solutions","description":"","publisher":{"@id":"https:\/\/autorolasolutions.com\/#organization"},"potentialAction":[{"@type":"SearchAction","target":{"@type":"EntryPoint","urlTemplate":"https:\/\/autorolasolutions.com\/?s={search_term_string}"},"query-input":{"@type":"PropertyValueSpecification","valueRequired":true,"valueName":"search_term_string"}}],"inLanguage":"pt-PT"},{"@type":"Organization","@id":"https:\/\/autorolasolutions.com\/#organization","name":"Autorola Solutions","url":"https:\/\/autorolasolutions.com\/","logo":{"@type":"ImageObject","inLanguage":"pt-PT","@id":"https:\/\/autorolasolutions.com\/#\/schema\/logo\/image\/","url":"https:\/\/autorolasolutions.com\/wp-content\/uploads\/2025\/01\/Autorola_Solutions_Logo_Left_Screen_RGB.svg","contentUrl":"https:\/\/autorolasolutions.com\/wp-content\/uploads\/2025\/01\/Autorola_Solutions_Logo_Left_Screen_RGB.svg","width":143,"height":44,"caption":"Autorola Solutions"},"image":{"@id":"https:\/\/autorolasolutions.com\/#\/schema\/logo\/image\/"},"sameAs":["https:\/\/www.linkedin.com\/company\/autorolasolutions\/"]}]}},"_links":{"self":[{"href":"https:\/\/autorolasolutions.com\/pt-pt\/wp-json\/wp\/v2\/pages\/19188","targetHints":{"allow":["GET"]}}],"collection":[{"href":"https:\/\/autorolasolutions.com\/pt-pt\/wp-json\/wp\/v2\/pages"}],"about":[{"href":"https:\/\/autorolasolutions.com\/pt-pt\/wp-json\/wp\/v2\/types\/page"}],"author":[{"embeddable":true,"href":"https:\/\/autorolasolutions.com\/pt-pt\/wp-json\/wp\/v2\/users\/2"}],"replies":[{"embeddable":true,"href":"https:\/\/autorolasolutions.com\/pt-pt\/wp-json\/wp\/v2\/comments?post=19188"}],"version-history":[{"count":20,"href":"https:\/\/autorolasolutions.com\/pt-pt\/wp-json\/wp\/v2\/pages\/19188\/revisions"}],"predecessor-version":[{"id":56278,"href":"https:\/\/autorolasolutions.com\/pt-pt\/wp-json\/wp\/v2\/pages\/19188\/revisions\/56278"}],"up":[{"embeddable":true,"href":"https:\/\/autorolasolutions.com\/pt-pt\/wp-json\/wp\/v2\/pages\/19186"}],"wp:attachment":[{"href":"https:\/\/autorolasolutions.com\/pt-pt\/wp-json\/wp\/v2\/media?parent=19188"}],"curies":[{"name":"wp","href":"https:\/\/api.w.org\/{rel}","templated":true}]}}