{"id":16460,"date":"2023-02-28T13:55:45","date_gmt":"2023-02-28T12:55:45","guid":{"rendered":"https:\/\/autorolasolutions.com\/digital-ecosystem\/products\/inspection-and-trade-in-app\/"},"modified":"2025-02-04T14:25:24","modified_gmt":"2025-02-04T13:25:24","slug":"inspektionshjalpsystem","status":"publish","type":"page","link":"https:\/\/autorolasolutions.com\/sv\/digitalt-ekosystem\/products\/inspektionshjalpsystem\/","title":{"rendered":"Inspektionshj\u00e4lpsystem"},"content":{"rendered":"\t\t<div data-elementor-type=\"wp-page\" data-elementor-id=\"16460\" class=\"elementor elementor-16460 elementor-11416\" data-elementor-post-type=\"page\">\n\t\t\t\t\t\t<section class=\"elementor-section elementor-top-section elementor-element elementor-element-bdba89e elementor-section-boxed elementor-section-height-default elementor-section-height-default\" data-id=\"bdba89e\" data-element_type=\"section\" data-e-type=\"section\">\n\t\t\t\t\t\t<div class=\"elementor-container elementor-column-gap-default\">\n\t\t\t\t\t<div class=\"elementor-column elementor-col-50 elementor-top-column elementor-element elementor-element-8f2f7d7\" data-id=\"8f2f7d7\" data-element_type=\"column\" data-e-type=\"column\">\n\t\t\t<div class=\"elementor-widget-wrap elementor-element-populated\">\n\t\t\t\t\t\t<div class=\"elementor-element elementor-element-51c51aa elementor-widget elementor-widget-text-editor\" data-id=\"51c51aa\" data-element_type=\"widget\" data-e-type=\"widget\" data-widget_type=\"text-editor.default\">\n\t\t\t\t<div class=\"elementor-widget-container\">\n\t\t\t\t\t\t\t\t\t<h1>Inspektionshj\u00e4lpsystem<\/h1><h2>Professionella inspektioner<\/h2><p>V\u00e5rt fordonsinspektionshj\u00e4lpsystem, eller IHS, s\u00e4kerst\u00e4ller h\u00f6gkvalitativa inspektioner p\u00e5 spr\u00e5ng.<\/p><p>Appen \u00e4r mycket konfigurerbar och g\u00f6r det m\u00f6jligt f\u00f6r dina f\u00f6redragna inspektionspartners att utf\u00f6ra olika typer av inspektioner beroende p\u00e5 dina inspektionsbehov. Allt fr\u00e5n \u00f6verl\u00e4mning och returkvitton, inspektioner f\u00f6re leverans till fullfj\u00e4drade professionella inspektioner, appen kan konfigureras f\u00f6r att m\u00f6ta dina behov och kvalitetskrav.<\/p><h2>L\u00e4tt att installera, l\u00e4tt att anv\u00e4nda<\/h2><p>Med sin anv\u00e4ndarv\u00e4nliga modul\u00e4ra steg-f\u00f6r-steg-process ser appen till att alla fordon beskrivs och inspekteras enligt ledande branschstandarder. V\u00e5rt verktyg \u00e4r en responsiv webbapplikation som m\u00f6jligg\u00f6r inspektion av fordon fr\u00e5n vilken mobil enhet som helst, Android eller IOS och \u00e4r helt integrerad i Fleet Monitor och delar data med Fleet Monitor via ett realtidsgr\u00e4nssnitt.<\/p><p>V\u00e5r plattform st\u00f6djer s\u00e5v\u00e4l v\u00e5ra egna besiktningar som externa besiktningar fr\u00e5n besiktningsleverant\u00f6rer p\u00e5 marknaden.<\/p><h2>Maximera dina \u00e5terf\u00f6rs\u00e4ljningspriser<\/h2><p>Vi erbjuder ett omfattande inspektionsverktyg utformat f\u00f6r att lyfta fram de b\u00e4sta egenskaperna hos ditt fordon och s\u00e4kerst\u00e4lla att det \u00e4r i toppskick. Genom att tillhandah\u00e5lla detaljerade skickrapporter och noggranna mekaniska och tekniska inspektioner som adresserar eventuella problem som kan p\u00e5verka \u00e5terf\u00f6rs\u00e4ljningsv\u00e4rdet tillsammans med h\u00f6gkvalitativa bilder, hj\u00e4lper appen dig att ge k\u00f6pare f\u00f6rtroende f\u00f6r bilens skick, vilket \u00e4r avg\u00f6rande f\u00f6r att maximera dina \u00e5terf\u00f6rs\u00e4ljningspriser.<\/p>\t\t\t\t\t\t\t\t<\/div>\n\t\t\t\t<\/div>\n\t\t\t\t<div class=\"elementor-element elementor-element-d1c45a5 elementor-align-center elementor-widget elementor-widget-button\" data-id=\"d1c45a5\" data-element_type=\"widget\" data-e-type=\"widget\" data-widget_type=\"button.default\">\n\t\t\t\t<div class=\"elementor-widget-container\">\n\t\t\t\t\t\t\t\t\t<div class=\"elementor-button-wrapper\">\n\t\t\t\t\t<a class=\"elementor-button elementor-button-link elementor-size-sm elementor-animation-grow\" href=\"https:\/\/autorolasolutions.com\/sv\/kontakt\/\">\n\t\t\t\t\t\t<span class=\"elementor-button-content-wrapper\">\n\t\t\t\t\t\t<span class=\"elementor-button-icon\">\n\t\t\t\t<i aria-hidden=\"true\" class=\"fas fa-arrow-right\"><\/i>\t\t\t<\/span>\n\t\t\t\t\t\t\t\t\t<span class=\"elementor-button-text\">Kontakta oss<\/span>\n\t\t\t\t\t<\/span>\n\t\t\t\t\t<\/a>\n\t\t\t\t<\/div>\n\t\t\t\t\t\t\t\t<\/div>\n\t\t\t\t<\/div>\n\t\t\t\t\t<\/div>\n\t\t<\/div>\n\t\t\t\t<div class=\"elementor-column elementor-col-50 elementor-top-column elementor-element elementor-element-5b181d8\" data-id=\"5b181d8\" data-element_type=\"column\" data-e-type=\"column\">\n\t\t\t<div class=\"elementor-widget-wrap elementor-element-populated\">\n\t\t\t\t\t\t<div class=\"elementor-element elementor-element-1f94781 elementor-widget elementor-widget-image\" data-id=\"1f94781\" data-element_type=\"widget\" data-e-type=\"widget\" data-widget_type=\"image.default\">\n\t\t\t\t<div class=\"elementor-widget-container\">\n\t\t\t\t\t\t\t\t\t\t\t\t\t\t\t<img fetchpriority=\"high\" decoding=\"async\" width=\"583\" height=\"701\" src=\"https:\/\/autorolasolutions.com\/wp-content\/uploads\/2025\/01\/Autorola_Solutions_Web_Rotate_01.png\" class=\"attachment-large size-large wp-image-51703\" alt=\"\" srcset=\"https:\/\/autorolasolutions.com\/wp-content\/uploads\/2025\/01\/Autorola_Solutions_Web_Rotate_01.png 583w, https:\/\/autorolasolutions.com\/wp-content\/uploads\/2025\/01\/Autorola_Solutions_Web_Rotate_01-250x300.png 250w\" sizes=\"(max-width: 583px) 100vw, 583px\" \/>\t\t\t\t\t\t\t\t\t\t\t\t\t\t\t<\/div>\n\t\t\t\t<\/div>\n\t\t\t\t\t<\/div>\n\t\t<\/div>\n\t\t\t\t\t<\/div>\n\t\t<\/section>\n\t\t\t\t<\/div>\n\t\t","protected":false},"excerpt":{"rendered":"<p>Inspektionshj\u00e4lpsystem Professionella inspektioner V\u00e5rt fordonsinspektionshj\u00e4lpsystem, eller IHS, s\u00e4kerst\u00e4ller h\u00f6gkvalitativa inspektioner p\u00e5 spr\u00e5ng. Appen \u00e4r mycket konfigurerbar och g\u00f6r det m\u00f6jligt f\u00f6r dina f\u00f6redragna inspektionspartners att utf\u00f6ra olika typer av inspektioner beroende p\u00e5 dina inspektionsbehov. Allt fr\u00e5n \u00f6verl\u00e4mning och returkvitton, inspektioner f\u00f6re leverans till fullfj\u00e4drade professionella inspektioner, appen kan konfigureras f\u00f6r att m\u00f6ta dina behov och [&hellip;]<\/p>\n","protected":false},"author":2,"featured_media":0,"parent":16458,"menu_order":2,"comment_status":"closed","ping_status":"closed","template":"","meta":{"_acf_changed":false,"inline_featured_image":false,"site-sidebar-layout":"no-sidebar","site-content-layout":"","ast-site-content-layout":"full-width-container","site-content-style":"unboxed","site-sidebar-style":"unboxed","ast-global-header-display":"","ast-banner-title-visibility":"","ast-main-header-display":"","ast-hfb-above-header-display":"","ast-hfb-below-header-display":"","ast-hfb-mobile-header-display":"","site-post-title":"disabled","ast-breadcrumbs-content":"","ast-featured-img":"disabled","footer-sml-layout":"","ast-disable-related-posts":"","theme-transparent-header-meta":"","adv-header-id-meta":"","stick-header-meta":"","header-above-stick-meta":"","header-main-stick-meta":"","header-below-stick-meta":"","astra-migrate-meta-layouts":"default","ast-page-background-enabled":"default","ast-page-background-meta":{"desktop":{"background-color":"","background-image":"","background-repeat":"repeat","background-position":"center center","background-size":"auto","background-attachment":"scroll","background-type":"","background-media":"","overlay-type":"","overlay-color":"","overlay-opacity":"","overlay-gradient":""},"tablet":{"background-color":"","background-image":"","background-repeat":"repeat","background-position":"center center","background-size":"auto","background-attachment":"scroll","background-type":"","background-media":"","overlay-type":"","overlay-color":"","overlay-opacity":"","overlay-gradient":""},"mobile":{"background-color":"","background-image":"","background-repeat":"repeat","background-position":"center center","background-size":"auto","background-attachment":"scroll","background-type":"","background-media":"","overlay-type":"","overlay-color":"","overlay-opacity":"","overlay-gradient":""}},"ast-content-background-meta":{"desktop":{"background-color":"var(--ast-global-color-5)","background-image":"","background-repeat":"repeat","background-position":"center center","background-size":"auto","background-attachment":"scroll","background-type":"","background-media":"","overlay-type":"","overlay-color":"","overlay-opacity":"","overlay-gradient":""},"tablet":{"background-color":"var(--ast-global-color-5)","background-image":"","background-repeat":"repeat","background-position":"center center","background-size":"auto","background-attachment":"scroll","background-type":"","background-media":"","overlay-type":"","overlay-color":"","overlay-opacity":"","overlay-gradient":""},"mobile":{"background-color":"var(--ast-global-color-5)","background-image":"","background-repeat":"repeat","background-position":"center center","background-size":"auto","background-attachment":"scroll","background-type":"","background-media":"","overlay-type":"","overlay-color":"","overlay-opacity":"","overlay-gradient":""}},"footnotes":""},"class_list":["post-16460","page","type-page","status-publish","hentry"],"acf":[],"yoast_head":"<!-- This site is optimized with the Yoast SEO plugin v27.0 - https:\/\/yoast.com\/product\/yoast-seo-wordpress\/ -->\n<title>App f\u00f6r inspektion och inbyte | S\u00f6ml\u00f6sa handelsprocesser f\u00f6r fordonsindustrin<\/title>\n<meta name=\"description\" content=\"Effektivisera inbytesprocesserna f\u00f6r fordon med v\u00e5r inspektions- och inbytesapp. Erbjud en s\u00f6ml\u00f6s helhetsupplevelse f\u00f6r fordonsinspektioner och inbyten.\" \/>\n<meta name=\"robots\" content=\"index, follow, max-snippet:-1, max-image-preview:large, max-video-preview:-1\" \/>\n<link rel=\"canonical\" href=\"https:\/\/autorolasolutions.com\/digital-ecosystem\/products\/inspection-and-trade-in-app\/\" \/>\n<meta property=\"og:locale\" content=\"sv_SE\" \/>\n<meta property=\"og:type\" content=\"article\" \/>\n<meta property=\"og:title\" content=\"App f\u00f6r inspektion och inbyte | S\u00f6ml\u00f6sa handelsprocesser f\u00f6r fordonsindustrin\" \/>\n<meta property=\"og:description\" content=\"Effektivisera inbytesprocesserna f\u00f6r fordon med v\u00e5r inspektions- och inbytesapp. Erbjud en s\u00f6ml\u00f6s helhetsupplevelse f\u00f6r fordonsinspektioner och inbyten.\" \/>\n<meta property=\"og:url\" content=\"https:\/\/autorolasolutions.com\/digital-ecosystem\/products\/inspection-and-trade-in-app\/\" \/>\n<meta property=\"og:site_name\" content=\"Autorola Solutions\" \/>\n<meta property=\"article:modified_time\" content=\"2025-02-04T13:25:24+00:00\" \/>\n<meta property=\"og:image\" content=\"https:\/\/autorolasolutions.com\/wp-content\/uploads\/2025\/01\/Autorola_Solutions_Web_Rotate_01.png\" \/>\n\t<meta property=\"og:image:width\" content=\"583\" \/>\n\t<meta property=\"og:image:height\" content=\"701\" \/>\n\t<meta property=\"og:image:type\" content=\"image\/png\" \/>\n<meta name=\"twitter:card\" content=\"summary_large_image\" \/>\n<meta name=\"twitter:label1\" content=\"Ber\u00e4knad l\u00e4stid\" \/>\n\t<meta name=\"twitter:data1\" content=\"2 minuter\" \/>\n<script type=\"application\/ld+json\" class=\"yoast-schema-graph\">{\"@context\":\"https:\/\/schema.org\",\"@graph\":[{\"@type\":\"WebPage\",\"@id\":\"https:\/\/autorolasolutions.com\/digital-ecosystem\/products\/inspection-and-trade-in-app\/\",\"url\":\"https:\/\/autorolasolutions.com\/digital-ecosystem\/products\/inspection-and-trade-in-app\/\",\"name\":\"App f\u00f6r inspektion och inbyte | S\u00f6ml\u00f6sa handelsprocesser f\u00f6r fordonsindustrin\",\"isPartOf\":{\"@id\":\"https:\/\/autorolasolutions.com\/#website\"},\"primaryImageOfPage\":{\"@id\":\"https:\/\/autorolasolutions.com\/digital-ecosystem\/products\/inspection-and-trade-in-app\/#primaryimage\"},\"image\":{\"@id\":\"https:\/\/autorolasolutions.com\/digital-ecosystem\/products\/inspection-and-trade-in-app\/#primaryimage\"},\"thumbnailUrl\":\"https:\/\/autorolasolutions.com\/wp-content\/uploads\/2025\/01\/Autorola_Solutions_Web_Rotate_01.png\",\"datePublished\":\"2023-02-28T12:55:45+00:00\",\"dateModified\":\"2025-02-04T13:25:24+00:00\",\"description\":\"Effektivisera inbytesprocesserna f\u00f6r fordon med v\u00e5r inspektions- och inbytesapp. Erbjud en s\u00f6ml\u00f6s helhetsupplevelse f\u00f6r fordonsinspektioner och inbyten.\",\"breadcrumb\":{\"@id\":\"https:\/\/autorolasolutions.com\/digital-ecosystem\/products\/inspection-and-trade-in-app\/#breadcrumb\"},\"inLanguage\":\"sv-SE\",\"potentialAction\":[{\"@type\":\"ReadAction\",\"target\":[\"https:\/\/autorolasolutions.com\/digital-ecosystem\/products\/inspection-and-trade-in-app\/\"]}]},{\"@type\":\"ImageObject\",\"inLanguage\":\"sv-SE\",\"@id\":\"https:\/\/autorolasolutions.com\/digital-ecosystem\/products\/inspection-and-trade-in-app\/#primaryimage\",\"url\":\"https:\/\/autorolasolutions.com\/wp-content\/uploads\/2025\/01\/Autorola_Solutions_Web_Rotate_01.png\",\"contentUrl\":\"https:\/\/autorolasolutions.com\/wp-content\/uploads\/2025\/01\/Autorola_Solutions_Web_Rotate_01.png\"},{\"@type\":\"BreadcrumbList\",\"@id\":\"https:\/\/autorolasolutions.com\/digital-ecosystem\/products\/inspection-and-trade-in-app\/#breadcrumb\",\"itemListElement\":[{\"@type\":\"ListItem\",\"position\":1,\"name\":\"Home\",\"item\":\"https:\/\/autorolasolutions.com\/\"},{\"@type\":\"ListItem\",\"position\":2,\"name\":\"Digitalt ekosystem\",\"item\":\"https:\/\/autorolasolutions.com\/digital-ecosystem\/\"},{\"@type\":\"ListItem\",\"position\":3,\"name\":\"Produkter\",\"item\":\"https:\/\/autorolasolutions.com\/digital-ecosystem\/products\/\"},{\"@type\":\"ListItem\",\"position\":4,\"name\":\"Inspektionshj\u00e4lpsystem\"}]},{\"@type\":\"WebSite\",\"@id\":\"https:\/\/autorolasolutions.com\/#website\",\"url\":\"https:\/\/autorolasolutions.com\/\",\"name\":\"Autorola Solutions\",\"description\":\"\",\"publisher\":{\"@id\":\"https:\/\/autorolasolutions.com\/#organization\"},\"potentialAction\":[{\"@type\":\"SearchAction\",\"target\":{\"@type\":\"EntryPoint\",\"urlTemplate\":\"https:\/\/autorolasolutions.com\/?s={search_term_string}\"},\"query-input\":{\"@type\":\"PropertyValueSpecification\",\"valueRequired\":true,\"valueName\":\"search_term_string\"}}],\"inLanguage\":\"sv-SE\"},{\"@type\":\"Organization\",\"@id\":\"https:\/\/autorolasolutions.com\/#organization\",\"name\":\"Autorola Solutions\",\"url\":\"https:\/\/autorolasolutions.com\/\",\"logo\":{\"@type\":\"ImageObject\",\"inLanguage\":\"sv-SE\",\"@id\":\"https:\/\/autorolasolutions.com\/#\/schema\/logo\/image\/\",\"url\":\"https:\/\/autorolasolutions.com\/wp-content\/uploads\/2025\/01\/Autorola_Solutions_Logo_Left_Screen_RGB.svg\",\"contentUrl\":\"https:\/\/autorolasolutions.com\/wp-content\/uploads\/2025\/01\/Autorola_Solutions_Logo_Left_Screen_RGB.svg\",\"width\":143,\"height\":44,\"caption\":\"Autorola Solutions\"},\"image\":{\"@id\":\"https:\/\/autorolasolutions.com\/#\/schema\/logo\/image\/\"},\"sameAs\":[\"https:\/\/www.linkedin.com\/company\/autorolasolutions\/\"]}]}<\/script>\n<!-- \/ Yoast SEO plugin. -->","yoast_head_json":{"title":"App f\u00f6r inspektion och inbyte | S\u00f6ml\u00f6sa handelsprocesser f\u00f6r fordonsindustrin","description":"Effektivisera inbytesprocesserna f\u00f6r fordon med v\u00e5r inspektions- och inbytesapp. Erbjud en s\u00f6ml\u00f6s helhetsupplevelse f\u00f6r fordonsinspektioner och inbyten.","robots":{"index":"index","follow":"follow","max-snippet":"max-snippet:-1","max-image-preview":"max-image-preview:large","max-video-preview":"max-video-preview:-1"},"canonical":"https:\/\/autorolasolutions.com\/digital-ecosystem\/products\/inspection-and-trade-in-app\/","og_locale":"sv_SE","og_type":"article","og_title":"App f\u00f6r inspektion och inbyte | S\u00f6ml\u00f6sa handelsprocesser f\u00f6r fordonsindustrin","og_description":"Effektivisera inbytesprocesserna f\u00f6r fordon med v\u00e5r inspektions- och inbytesapp. Erbjud en s\u00f6ml\u00f6s helhetsupplevelse f\u00f6r fordonsinspektioner och inbyten.","og_url":"https:\/\/autorolasolutions.com\/digital-ecosystem\/products\/inspection-and-trade-in-app\/","og_site_name":"Autorola Solutions","article_modified_time":"2025-02-04T13:25:24+00:00","og_image":[{"width":583,"height":701,"url":"https:\/\/autorolasolutions.com\/wp-content\/uploads\/2025\/01\/Autorola_Solutions_Web_Rotate_01.png","type":"image\/png"}],"twitter_card":"summary_large_image","twitter_misc":{"Ber\u00e4knad l\u00e4stid":"2 minuter"},"schema":{"@context":"https:\/\/schema.org","@graph":[{"@type":"WebPage","@id":"https:\/\/autorolasolutions.com\/digital-ecosystem\/products\/inspection-and-trade-in-app\/","url":"https:\/\/autorolasolutions.com\/digital-ecosystem\/products\/inspection-and-trade-in-app\/","name":"App f\u00f6r inspektion och inbyte | S\u00f6ml\u00f6sa handelsprocesser f\u00f6r fordonsindustrin","isPartOf":{"@id":"https:\/\/autorolasolutions.com\/#website"},"primaryImageOfPage":{"@id":"https:\/\/autorolasolutions.com\/digital-ecosystem\/products\/inspection-and-trade-in-app\/#primaryimage"},"image":{"@id":"https:\/\/autorolasolutions.com\/digital-ecosystem\/products\/inspection-and-trade-in-app\/#primaryimage"},"thumbnailUrl":"https:\/\/autorolasolutions.com\/wp-content\/uploads\/2025\/01\/Autorola_Solutions_Web_Rotate_01.png","datePublished":"2023-02-28T12:55:45+00:00","dateModified":"2025-02-04T13:25:24+00:00","description":"Effektivisera inbytesprocesserna f\u00f6r fordon med v\u00e5r inspektions- och inbytesapp. Erbjud en s\u00f6ml\u00f6s helhetsupplevelse f\u00f6r fordonsinspektioner och inbyten.","breadcrumb":{"@id":"https:\/\/autorolasolutions.com\/digital-ecosystem\/products\/inspection-and-trade-in-app\/#breadcrumb"},"inLanguage":"sv-SE","potentialAction":[{"@type":"ReadAction","target":["https:\/\/autorolasolutions.com\/digital-ecosystem\/products\/inspection-and-trade-in-app\/"]}]},{"@type":"ImageObject","inLanguage":"sv-SE","@id":"https:\/\/autorolasolutions.com\/digital-ecosystem\/products\/inspection-and-trade-in-app\/#primaryimage","url":"https:\/\/autorolasolutions.com\/wp-content\/uploads\/2025\/01\/Autorola_Solutions_Web_Rotate_01.png","contentUrl":"https:\/\/autorolasolutions.com\/wp-content\/uploads\/2025\/01\/Autorola_Solutions_Web_Rotate_01.png"},{"@type":"BreadcrumbList","@id":"https:\/\/autorolasolutions.com\/digital-ecosystem\/products\/inspection-and-trade-in-app\/#breadcrumb","itemListElement":[{"@type":"ListItem","position":1,"name":"Home","item":"https:\/\/autorolasolutions.com\/"},{"@type":"ListItem","position":2,"name":"Digitalt ekosystem","item":"https:\/\/autorolasolutions.com\/digital-ecosystem\/"},{"@type":"ListItem","position":3,"name":"Produkter","item":"https:\/\/autorolasolutions.com\/digital-ecosystem\/products\/"},{"@type":"ListItem","position":4,"name":"Inspektionshj\u00e4lpsystem"}]},{"@type":"WebSite","@id":"https:\/\/autorolasolutions.com\/#website","url":"https:\/\/autorolasolutions.com\/","name":"Autorola Solutions","description":"","publisher":{"@id":"https:\/\/autorolasolutions.com\/#organization"},"potentialAction":[{"@type":"SearchAction","target":{"@type":"EntryPoint","urlTemplate":"https:\/\/autorolasolutions.com\/?s={search_term_string}"},"query-input":{"@type":"PropertyValueSpecification","valueRequired":true,"valueName":"search_term_string"}}],"inLanguage":"sv-SE"},{"@type":"Organization","@id":"https:\/\/autorolasolutions.com\/#organization","name":"Autorola Solutions","url":"https:\/\/autorolasolutions.com\/","logo":{"@type":"ImageObject","inLanguage":"sv-SE","@id":"https:\/\/autorolasolutions.com\/#\/schema\/logo\/image\/","url":"https:\/\/autorolasolutions.com\/wp-content\/uploads\/2025\/01\/Autorola_Solutions_Logo_Left_Screen_RGB.svg","contentUrl":"https:\/\/autorolasolutions.com\/wp-content\/uploads\/2025\/01\/Autorola_Solutions_Logo_Left_Screen_RGB.svg","width":143,"height":44,"caption":"Autorola Solutions"},"image":{"@id":"https:\/\/autorolasolutions.com\/#\/schema\/logo\/image\/"},"sameAs":["https:\/\/www.linkedin.com\/company\/autorolasolutions\/"]}]}},"_links":{"self":[{"href":"https:\/\/autorolasolutions.com\/sv\/wp-json\/wp\/v2\/pages\/16460","targetHints":{"allow":["GET"]}}],"collection":[{"href":"https:\/\/autorolasolutions.com\/sv\/wp-json\/wp\/v2\/pages"}],"about":[{"href":"https:\/\/autorolasolutions.com\/sv\/wp-json\/wp\/v2\/types\/page"}],"author":[{"embeddable":true,"href":"https:\/\/autorolasolutions.com\/sv\/wp-json\/wp\/v2\/users\/2"}],"replies":[{"embeddable":true,"href":"https:\/\/autorolasolutions.com\/sv\/wp-json\/wp\/v2\/comments?post=16460"}],"version-history":[{"count":20,"href":"https:\/\/autorolasolutions.com\/sv\/wp-json\/wp\/v2\/pages\/16460\/revisions"}],"predecessor-version":[{"id":55778,"href":"https:\/\/autorolasolutions.com\/sv\/wp-json\/wp\/v2\/pages\/16460\/revisions\/55778"}],"up":[{"embeddable":true,"href":"https:\/\/autorolasolutions.com\/sv\/wp-json\/wp\/v2\/pages\/16458"}],"wp:attachment":[{"href":"https:\/\/autorolasolutions.com\/sv\/wp-json\/wp\/v2\/media?parent=16460"}],"curies":[{"name":"wp","href":"https:\/\/api.w.org\/{rel}","templated":true}]}}