{"id":21308,"date":"2024-04-03T14:45:52","date_gmt":"2024-04-03T12:45:52","guid":{"rendered":"https:\/\/autorolasolutions.com\/?page_id=21308"},"modified":"2024-04-03T14:46:15","modified_gmt":"2024-04-03T12:46:15","slug":"cookies","status":"publish","type":"page","link":"https:\/\/autorolasolutions.com\/sv\/cookies\/","title":{"rendered":"Cookies"},"content":{"rendered":"\t\t<div data-elementor-type=\"wp-page\" data-elementor-id=\"21308\" class=\"elementor elementor-21308\" data-elementor-post-type=\"page\">\n\t\t\t\t\t\t<section class=\"elementor-section elementor-top-section elementor-element elementor-element-40ed4e7 elementor-section-boxed elementor-section-height-default elementor-section-height-default\" data-id=\"40ed4e7\" data-element_type=\"section\" data-e-type=\"section\">\n\t\t\t\t\t\t<div class=\"elementor-container elementor-column-gap-default\">\n\t\t\t\t\t<div class=\"elementor-column elementor-col-100 elementor-top-column elementor-element elementor-element-b9bce49\" data-id=\"b9bce49\" data-element_type=\"column\" data-e-type=\"column\">\n\t\t\t<div class=\"elementor-widget-wrap elementor-element-populated\">\n\t\t\t\t\t\t<div class=\"elementor-element elementor-element-d1025b9 elementor-widget elementor-widget-text-editor\" data-id=\"d1025b9\" data-element_type=\"widget\" data-e-type=\"widget\" data-widget_type=\"text-editor.default\">\n\t\t\t\t<div class=\"elementor-widget-container\">\n\t\t\t\t\t\t\t\t\t<div id=\"main-content\" class=\"wiki-content css-b8wh5k e5xcnr80\" data-testid=\"pageContentRendererTestId\" data-test-appearance=\"full-page\"><div class=\"renderer-overrides\"><div class=\"ak-renderer-wrapper is-full-page confluence-ssr-app-2c6ch1\"><div class=\"confluence-ssr-app-1ssxblz\"><div class=\"ak-renderer-document\"><h1 id=\"Cookies\" data-renderer-start-pos=\"1\">Cookies<\/h1><p data-renderer-start-pos=\"10\">I det h\u00e4r dokumentet f\u00e5r du information om hur och varf\u00f6r vi anv\u00e4nder cookies. Vi kommer ocks\u00e5 att informera dig om vilka cookies vi anv\u00e4nder och viss information om tredje part som \u00e4ven placerar cookies p\u00e5 v\u00e5r webbplats.<\/p><h3 data-renderer-start-pos=\"233\">\u00a0<\/h3><h1 id=\"Sammanfattning\" data-renderer-start-pos=\"233\">Sammanfattning<\/h1><p data-renderer-start-pos=\"249\">Detta dokument g\u00e4ller f\u00f6r:<\/p><ul class=\"ak-ul\" data-indent-level=\"1\"><li><p data-renderer-start-pos=\"279\">Bes\u00f6kare p\u00e5 webbplatsen<\/p><\/li><\/ul><p data-renderer-start-pos=\"308\">Detta dokument omfattar:<\/p><ul class=\"ak-ul\" data-indent-level=\"1\"><li><p data-renderer-start-pos=\"365\">Vad \u00e4r en cookie?<\/p><ul class=\"ak-ul\" data-indent-level=\"2\"><li><p data-renderer-start-pos=\"386\">Olika typer av cookies<\/p><\/li><\/ul><\/li><li><p data-renderer-start-pos=\"414\">Vilka cookies anv\u00e4nder vi?<\/p><ul class=\"ak-ul\" data-indent-level=\"2\"><li><p data-renderer-start-pos=\"444\">N\u00f6dv\u00e4ndiga cookies<\/p><\/li><li><p data-renderer-start-pos=\"466\">Analytiska cookies<\/p><\/li><li><p data-renderer-start-pos=\"488\">Marknadsf\u00f6ringscookies<\/p><\/li><li><p data-renderer-start-pos=\"514\">Cookies f\u00f6r personliga inst\u00e4llningar<\/p><\/li><\/ul><\/li><li><p data-renderer-start-pos=\"556\">Hur anv\u00e4nder vi cookies?<\/p><\/li><li><p data-renderer-start-pos=\"584\">S\u00e5 h\u00e4r blockerar du cookies<\/p><\/li><li><p data-renderer-start-pos=\"615\">S\u00e5 h\u00e4r \u00e5terkallar du ett givet samtycke<\/p><\/li><li><p data-renderer-start-pos=\"658\">Lista \u00f6ver cookies<\/p><\/li><li><p data-renderer-start-pos=\"680\">Kontakta oss<\/p><\/li><\/ul><h1 id=\"[hardBreak]Vad-\u00e4r-en-cookie?\" data-renderer-start-pos=\"696\">Vad \u00e4r en cookie?<\/h1><p data-renderer-start-pos=\"716\">Cookies \u00e4r sm\u00e5 textfiler som sparas p\u00e5 din enhet och som g\u00f6r att vi kan f\u00f6rb\u00e4ttra och effektivisera din upplevelse. De g\u00f6r det m\u00f6jligt f\u00f6r oss att k\u00e4nna igen din enhet och webbl\u00e4sare och lagra information som \u00e4r viktig f\u00f6r f\u00f6rb\u00e4ttringen av v\u00e5ra tj\u00e4nster.<\/p><h3 data-renderer-start-pos=\"972\">\u00a0<\/h3><h2 id=\"Olika-typer-av-cookies\" data-renderer-start-pos=\"972\"><strong>Olika typer av cookies<\/strong><\/h2><p data-renderer-start-pos=\"998\"><strong data-renderer-mark=\"true\">Sessionscookies och permanenta cookies<\/strong><\/p><ul class=\"ak-ul\" data-indent-level=\"1\"><li><p data-renderer-start-pos=\"1040\">Sessionscookies sparas tillf\u00e4lligt i minnet p\u00e5 dina enheter n\u00e4r du bes\u00f6ker webbplatsen och raderas n\u00e4r du st\u00e4nger webbl\u00e4saren.<\/p><\/li><li><p data-renderer-start-pos=\"1170\">Permanenta cookies lagras under en f\u00f6rutbest\u00e4md tidsperiod, som varierar fr\u00e5n cookie till cookie. De \u00e4r l\u00e4ngre \u00e4n sessionscookies, men de upph\u00f6r ocks\u00e5 att g\u00e4lla efter en tid. De hj\u00e4lper oss att f\u00f6rst\u00e5 om du tidigare har bes\u00f6kt v\u00e5r webbplats eller liknande.<\/p><\/li><\/ul><p data-renderer-start-pos=\"1432\"><strong data-renderer-mark=\"true\">F\u00f6rstaparts- och tredjepartscookies<\/strong><\/p><ul class=\"ak-ul\" data-indent-level=\"1\"><li><p data-renderer-start-pos=\"1471\">F\u00f6rstapartscookies st\u00e4lls in direkt av webbplatsen eller av n\u00e5gon av underdom\u00e4nerna p\u00e5 webbplatsen.<\/p><\/li><li><p data-renderer-start-pos=\"1574\">Tredjepartscookies st\u00e4lls in av webbplatser som inte hanteras av oss, till exempel v\u00e5ra underleverant\u00f6rer eller andra teknikpartners.<\/p><\/li><\/ul><h1 id=\"[hardBreak]Vilka-cookies-anv\u00e4nder-vi?\" data-renderer-start-pos=\"1711\">Vilka cookies anv\u00e4nder vi?<\/h1><h2 id=\"[hardBreak]N\u00f6dv\u00e4ndiga-cookies\" data-renderer-start-pos=\"1740\"><strong>N\u00f6dv\u00e4ndiga cookies<\/strong><\/h2><p data-renderer-start-pos=\"1761\">Vi sparar cookies p\u00e5 din enhet om de \u00e4r n\u00f6dv\u00e4ndiga f\u00f6r att vi ska kunna erbjuda och tillhandah\u00e5lla v\u00e5ra tj\u00e4nster. De beh\u00f6vs ocks\u00e5 f\u00f6r att du ska kunna navigera p\u00e5 webbplatsen och i webbapplikationen och anv\u00e4nda alla tillg\u00e4ngliga funktioner. Dessa cookies kan inte st\u00e4ngas av och st\u00e4lls in f\u00f6r mycket grundl\u00e4ggande alternativ p\u00e5 webbplatsen, s\u00e5som inloggning, formul\u00e4r och inst\u00e4llningar som tidszon eller spr\u00e5k.<\/p><h4 data-renderer-start-pos=\"2173\">\u00a0<\/h4><h2 id=\"Analytiska-cookies\" data-renderer-start-pos=\"2173\"><strong>Analytiska cookies<\/strong><\/h2><p data-renderer-start-pos=\"2193\">Dessa cookies placeras f\u00f6r att hj\u00e4lpa oss att f\u00f6rst\u00e5 hur du interagerar med de tillg\u00e4ngliga alternativen p\u00e5 webbplatsen, vilka delar du anv\u00e4nder mest och hur du interagerar med v\u00e5ra tj\u00e4nster. Detta hj\u00e4lper oss att skapa statistik \u00f6ver anv\u00e4ndningen och hur mycket tid du tillbringar p\u00e5 webbplatsen. Denna statistik kommer i slut\u00e4ndan att hj\u00e4lpa oss att f\u00f6rb\u00e4ttra v\u00e5r webbplats och eventuella tj\u00e4nster som vi erbjuder.<\/p><h2 data-renderer-start-pos=\"2611\">\u00a0<\/h2><h2 id=\"Marknadsf\u00f6ringscookies\" data-renderer-start-pos=\"2611\"><strong>Marknadsf\u00f6ringscookies<\/strong><\/h2><p data-renderer-start-pos=\"2635\">Dessa cookies anv\u00e4nds f\u00f6r att ge dig annonser som kan vara relevanta eller intressanta f\u00f6r dig n\u00e4r du surfar p\u00e5 internet. De placeras oftast av tredje part n\u00e4r du interagerar med deras inneh\u00e5ll p\u00e5 v\u00e5r webbplats.<\/p><h2 data-renderer-start-pos=\"2848\">\u00a0<\/h2><h2 id=\"Cookies-f\u00f6r-personliga-inst\u00e4llningar\" data-renderer-start-pos=\"2848\"><strong>Cookies f\u00f6r personliga inst\u00e4llningar<\/strong><\/h2><p data-renderer-start-pos=\"2886\">Dessa cookies placeras p\u00e5 din enhet f\u00f6r att hj\u00e4lpa oss att ge dig b\u00e4ttre funktionalitet p\u00e5 webbplatsen och v\u00e5ra tj\u00e4nster och f\u00f6r att g\u00f6ra dem mer personliga f\u00f6r dig.<\/p><p data-renderer-start-pos=\"3053\">Du kan blockera dessa cookies men om du g\u00f6r det kan det h\u00e4nda att delar av webbplatsen inte fungerar som vi avsett.<\/p><h1 data-renderer-start-pos=\"3170\">\u00a0<\/h1><h1 id=\"Hur-anv\u00e4nder-vi-cookies?\" data-renderer-start-pos=\"3170\">Hur anv\u00e4nder vi cookies?<\/h1><p data-renderer-start-pos=\"3196\">Vi samlar in data med hj\u00e4lp av de cookies som beskrivs nedan f\u00f6r att m\u00e4ta trafiken till v\u00e5r webbplats, f\u00f6r att f\u00f6rst\u00e5 ditt beteende och f\u00f6r att optimera anv\u00e4ndarupplevelsen samt f\u00f6r att anpassa inneh\u00e5llet p\u00e5 webbplatserna och f\u00f6r att tillhandah\u00e5lla relevant reklam som du kan vara intresserad av. Vi anv\u00e4nder ocks\u00e5 de uppgifter som samlas in f\u00f6r att utveckla v\u00e5ra webbplatser.<\/p><h2 data-renderer-start-pos=\"3574\">\u00a0<\/h2><h2 id=\"S\u00e5-h\u00e4r-blockerar-du-cookies\" data-renderer-start-pos=\"3574\"><strong>S\u00e5 h\u00e4r blockerar du cookies<\/strong><\/h2><p data-renderer-start-pos=\"3603\">Du kan stoppa eller begr\u00e4nsa placeringen av cookies och annan sp\u00e5rningsteknik, s\u00e5som pixeltaggar. Detta g\u00f6r du genom att blockera dem p\u00e5 din enhet eller genom att ta bort dem och \u00e4ndra inst\u00e4llningarna i din webbl\u00e4sare. Detta kan variera mellan olika enheter och webbl\u00e4sare.<\/p><p data-renderer-start-pos=\"3878\">Om du blockerar cookies i din webbl\u00e4sare p\u00e5 r\u00e4tt s\u00e4tt kan delar av webbplatsen bli otillg\u00e4ngliga f\u00f6r dig eller s\u00e5 kan det h\u00e4nda att den inte fungerar som den ska.<\/p><h2 data-renderer-start-pos=\"4042\">\u00a0<\/h2><h2 id=\"S\u00e5-h\u00e4r-\u00e5terkallar-du-ett-givet-samtycke\" data-renderer-start-pos=\"4042\"><strong>S\u00e5 h\u00e4r \u00e5terkallar du ett givet samtycke<\/strong><\/h2><p data-renderer-start-pos=\"4083\">Om du vill \u00e5terkalla ett samtycke som du har gett kan du klicka p\u00e5 den lilla cookieikonen l\u00e4ngst ned p\u00e5 webbplatserna och helt enkelt \u00e4ndra samtyckesknappens position och klicka p\u00e5 \u201dSpara\u201d.<\/p><h2 data-renderer-start-pos=\"4274\">\u00a0<\/h2><h2 id=\"Lista-\u00f6ver-cookies\" data-renderer-start-pos=\"4274\"><strong>Lista \u00f6ver cookies<\/strong><\/h2><p data-renderer-start-pos=\"4294\">Listan \u00f6ver cookies som anv\u00e4nds av Autorola finns i rutan f\u00f6r samtycke till cookies under varje kategori av cookies.<\/p><h1 data-renderer-start-pos=\"4294\">\u00a0<\/h1><h1 data-renderer-start-pos=\"4294\">Kontakta oss<\/h1><p data-renderer-start-pos=\"4425\">Kontakta oss g\u00e4rna om du har n\u00e5gra fr\u00e5gor om detta dokument.<\/p><p data-renderer-start-pos=\"4487\">Autorola A\/S<br \/>Skibhusvej 52A<br \/>DK-5000 Odense C<br \/>Danmark<\/p><p data-renderer-start-pos=\"4541\">Tel: +45 70 20 16 61<br \/>E-post: <a class=\"confluence-ssr-app-tgpl01\" title=\"mailto:gdpr@autorola.com\" href=\"mailto:gdpr@autorola.com\" data-testid=\"link-with-safety\" data-renderer-mark=\"true\">gdpr@autorola.com<\/a><\/p><\/div><\/div><\/div><\/div><\/div><div id=\"comment-container\" class=\"css-1ir3mhg e3p9ckn0\" data-testid=\"comment-container\">\u00a0<\/div>\t\t\t\t\t\t\t\t<\/div>\n\t\t\t\t<\/div>\n\t\t\t\t\t<\/div>\n\t\t<\/div>\n\t\t\t\t\t<\/div>\n\t\t<\/section>\n\t\t\t\t<\/div>\n\t\t","protected":false},"excerpt":{"rendered":"<p>Cookies I det h\u00e4r dokumentet f\u00e5r du information om hur och varf\u00f6r vi anv\u00e4nder cookies. Vi kommer ocks\u00e5 att informera dig om vilka cookies vi anv\u00e4nder och viss information om tredje part som \u00e4ven placerar cookies p\u00e5 v\u00e5r webbplats. \u00a0 Sammanfattning Detta dokument g\u00e4ller f\u00f6r: Bes\u00f6kare p\u00e5 webbplatsen Detta dokument omfattar: Vad \u00e4r en cookie? [&hellip;]<\/p>\n","protected":false},"author":12,"featured_media":0,"parent":0,"menu_order":0,"comment_status":"closed","ping_status":"closed","template":"","meta":{"_acf_changed":false,"inline_featured_image":false,"site-sidebar-layout":"no-sidebar","site-content-layout":"page-builder","ast-site-content-layout":"default","site-content-style":"default","site-sidebar-style":"default","ast-global-header-display":"","ast-banner-title-visibility":"","ast-main-header-display":"","ast-hfb-above-header-display":"","ast-hfb-below-header-display":"","ast-hfb-mobile-header-display":"","site-post-title":"disabled","ast-breadcrumbs-content":"","ast-featured-img":"disabled","footer-sml-layout":"","theme-transparent-header-meta":"","adv-header-id-meta":"","stick-header-meta":"","header-above-stick-meta":"","header-main-stick-meta":"","header-below-stick-meta":"","astra-migrate-meta-layouts":"default","ast-page-background-enabled":"default","ast-page-background-meta":{"desktop":{"background-color":"","background-image":"","background-repeat":"repeat","background-position":"center center","background-size":"auto","background-attachment":"scroll","background-type":"","background-media":"","overlay-type":"","overlay-color":"","overlay-opacity":"","overlay-gradient":""},"tablet":{"background-color":"","background-image":"","background-repeat":"repeat","background-position":"center center","background-size":"auto","background-attachment":"scroll","background-type":"","background-media":"","overlay-type":"","overlay-color":"","overlay-opacity":"","overlay-gradient":""},"mobile":{"background-color":"","background-image":"","background-repeat":"repeat","background-position":"center center","background-size":"auto","background-attachment":"scroll","background-type":"","background-media":"","overlay-type":"","overlay-color":"","overlay-opacity":"","overlay-gradient":""}},"ast-content-background-meta":{"desktop":{"background-color":"var(--ast-global-color-5)","background-image":"","background-repeat":"repeat","background-position":"center center","background-size":"auto","background-attachment":"scroll","background-type":"","background-media":"","overlay-type":"","overlay-color":"","overlay-opacity":"","overlay-gradient":""},"tablet":{"background-color":"var(--ast-global-color-5)","background-image":"","background-repeat":"repeat","background-position":"center center","background-size":"auto","background-attachment":"scroll","background-type":"","background-media":"","overlay-type":"","overlay-color":"","overlay-opacity":"","overlay-gradient":""},"mobile":{"background-color":"var(--ast-global-color-5)","background-image":"","background-repeat":"repeat","background-position":"center center","background-size":"auto","background-attachment":"scroll","background-type":"","background-media":"","overlay-type":"","overlay-color":"","overlay-opacity":"","overlay-gradient":""}},"footnotes":""},"class_list":["post-21308","page","type-page","status-publish","hentry"],"acf":[],"yoast_head":"<!-- This site is optimized with the Yoast SEO plugin v27.0 - https:\/\/yoast.com\/product\/yoast-seo-wordpress\/ -->\n<title>Cookies - Autorola Solutions<\/title>\n<meta name=\"robots\" content=\"index, follow, max-snippet:-1, max-image-preview:large, max-video-preview:-1\" \/>\n<link rel=\"canonical\" href=\"https:\/\/autorolasolutions.com\/sv\/cookies\/\" \/>\n<meta property=\"og:locale\" content=\"sv_SE\" \/>\n<meta property=\"og:type\" content=\"article\" \/>\n<meta property=\"og:title\" content=\"Cookies - Autorola Solutions\" \/>\n<meta property=\"og:description\" content=\"Cookies I det h\u00e4r dokumentet f\u00e5r du information om hur och varf\u00f6r vi anv\u00e4nder cookies. Vi kommer ocks\u00e5 att informera dig om vilka cookies vi anv\u00e4nder och viss information om tredje part som \u00e4ven placerar cookies p\u00e5 v\u00e5r webbplats. \u00a0 Sammanfattning Detta dokument g\u00e4ller f\u00f6r: Bes\u00f6kare p\u00e5 webbplatsen Detta dokument omfattar: Vad \u00e4r en cookie? [&hellip;]\" \/>\n<meta property=\"og:url\" content=\"https:\/\/autorolasolutions.com\/sv\/cookies\/\" \/>\n<meta property=\"og:site_name\" content=\"Autorola Solutions\" \/>\n<meta property=\"article:modified_time\" content=\"2024-04-03T12:46:15+00:00\" \/>\n<meta name=\"twitter:card\" content=\"summary_large_image\" \/>\n<meta name=\"twitter:label1\" content=\"Ber\u00e4knad l\u00e4stid\" \/>\n\t<meta name=\"twitter:data1\" content=\"4 minuter\" \/>\n<script type=\"application\/ld+json\" class=\"yoast-schema-graph\">{\"@context\":\"https:\/\/schema.org\",\"@graph\":[{\"@type\":\"WebPage\",\"@id\":\"https:\/\/autorolasolutions.com\/sv\/cookies\/\",\"url\":\"https:\/\/autorolasolutions.com\/sv\/cookies\/\",\"name\":\"Cookies - Autorola Solutions\",\"isPartOf\":{\"@id\":\"https:\/\/autorolasolutions.com\/#website\"},\"datePublished\":\"2024-04-03T12:45:52+00:00\",\"dateModified\":\"2024-04-03T12:46:15+00:00\",\"breadcrumb\":{\"@id\":\"https:\/\/autorolasolutions.com\/sv\/cookies\/#breadcrumb\"},\"inLanguage\":\"sv-SE\",\"potentialAction\":[{\"@type\":\"ReadAction\",\"target\":[\"https:\/\/autorolasolutions.com\/sv\/cookies\/\"]}]},{\"@type\":\"BreadcrumbList\",\"@id\":\"https:\/\/autorolasolutions.com\/sv\/cookies\/#breadcrumb\",\"itemListElement\":[{\"@type\":\"ListItem\",\"position\":1,\"name\":\"Home\",\"item\":\"https:\/\/autorolasolutions.com\/\"},{\"@type\":\"ListItem\",\"position\":2,\"name\":\"Cookies\"}]},{\"@type\":\"WebSite\",\"@id\":\"https:\/\/autorolasolutions.com\/#website\",\"url\":\"https:\/\/autorolasolutions.com\/\",\"name\":\"Autorola Solutions\",\"description\":\"\",\"publisher\":{\"@id\":\"https:\/\/autorolasolutions.com\/#organization\"},\"potentialAction\":[{\"@type\":\"SearchAction\",\"target\":{\"@type\":\"EntryPoint\",\"urlTemplate\":\"https:\/\/autorolasolutions.com\/?s={search_term_string}\"},\"query-input\":{\"@type\":\"PropertyValueSpecification\",\"valueRequired\":true,\"valueName\":\"search_term_string\"}}],\"inLanguage\":\"sv-SE\"},{\"@type\":\"Organization\",\"@id\":\"https:\/\/autorolasolutions.com\/#organization\",\"name\":\"Autorola Solutions\",\"url\":\"https:\/\/autorolasolutions.com\/\",\"logo\":{\"@type\":\"ImageObject\",\"inLanguage\":\"sv-SE\",\"@id\":\"https:\/\/autorolasolutions.com\/#\/schema\/logo\/image\/\",\"url\":\"https:\/\/autorolasolutions.com\/wp-content\/uploads\/2025\/01\/Autorola_Solutions_Logo_Left_Screen_RGB.svg\",\"contentUrl\":\"https:\/\/autorolasolutions.com\/wp-content\/uploads\/2025\/01\/Autorola_Solutions_Logo_Left_Screen_RGB.svg\",\"width\":143,\"height\":44,\"caption\":\"Autorola Solutions\"},\"image\":{\"@id\":\"https:\/\/autorolasolutions.com\/#\/schema\/logo\/image\/\"},\"sameAs\":[\"https:\/\/www.linkedin.com\/company\/autorolasolutions\/\"]}]}<\/script>\n<!-- \/ Yoast SEO plugin. -->","yoast_head_json":{"title":"Cookies - Autorola Solutions","robots":{"index":"index","follow":"follow","max-snippet":"max-snippet:-1","max-image-preview":"max-image-preview:large","max-video-preview":"max-video-preview:-1"},"canonical":"https:\/\/autorolasolutions.com\/sv\/cookies\/","og_locale":"sv_SE","og_type":"article","og_title":"Cookies - Autorola Solutions","og_description":"Cookies I det h\u00e4r dokumentet f\u00e5r du information om hur och varf\u00f6r vi anv\u00e4nder cookies. Vi kommer ocks\u00e5 att informera dig om vilka cookies vi anv\u00e4nder och viss information om tredje part som \u00e4ven placerar cookies p\u00e5 v\u00e5r webbplats. \u00a0 Sammanfattning Detta dokument g\u00e4ller f\u00f6r: Bes\u00f6kare p\u00e5 webbplatsen Detta dokument omfattar: Vad \u00e4r en cookie? [&hellip;]","og_url":"https:\/\/autorolasolutions.com\/sv\/cookies\/","og_site_name":"Autorola Solutions","article_modified_time":"2024-04-03T12:46:15+00:00","twitter_card":"summary_large_image","twitter_misc":{"Ber\u00e4knad l\u00e4stid":"4 minuter"},"schema":{"@context":"https:\/\/schema.org","@graph":[{"@type":"WebPage","@id":"https:\/\/autorolasolutions.com\/sv\/cookies\/","url":"https:\/\/autorolasolutions.com\/sv\/cookies\/","name":"Cookies - Autorola Solutions","isPartOf":{"@id":"https:\/\/autorolasolutions.com\/#website"},"datePublished":"2024-04-03T12:45:52+00:00","dateModified":"2024-04-03T12:46:15+00:00","breadcrumb":{"@id":"https:\/\/autorolasolutions.com\/sv\/cookies\/#breadcrumb"},"inLanguage":"sv-SE","potentialAction":[{"@type":"ReadAction","target":["https:\/\/autorolasolutions.com\/sv\/cookies\/"]}]},{"@type":"BreadcrumbList","@id":"https:\/\/autorolasolutions.com\/sv\/cookies\/#breadcrumb","itemListElement":[{"@type":"ListItem","position":1,"name":"Home","item":"https:\/\/autorolasolutions.com\/"},{"@type":"ListItem","position":2,"name":"Cookies"}]},{"@type":"WebSite","@id":"https:\/\/autorolasolutions.com\/#website","url":"https:\/\/autorolasolutions.com\/","name":"Autorola Solutions","description":"","publisher":{"@id":"https:\/\/autorolasolutions.com\/#organization"},"potentialAction":[{"@type":"SearchAction","target":{"@type":"EntryPoint","urlTemplate":"https:\/\/autorolasolutions.com\/?s={search_term_string}"},"query-input":{"@type":"PropertyValueSpecification","valueRequired":true,"valueName":"search_term_string"}}],"inLanguage":"sv-SE"},{"@type":"Organization","@id":"https:\/\/autorolasolutions.com\/#organization","name":"Autorola Solutions","url":"https:\/\/autorolasolutions.com\/","logo":{"@type":"ImageObject","inLanguage":"sv-SE","@id":"https:\/\/autorolasolutions.com\/#\/schema\/logo\/image\/","url":"https:\/\/autorolasolutions.com\/wp-content\/uploads\/2025\/01\/Autorola_Solutions_Logo_Left_Screen_RGB.svg","contentUrl":"https:\/\/autorolasolutions.com\/wp-content\/uploads\/2025\/01\/Autorola_Solutions_Logo_Left_Screen_RGB.svg","width":143,"height":44,"caption":"Autorola Solutions"},"image":{"@id":"https:\/\/autorolasolutions.com\/#\/schema\/logo\/image\/"},"sameAs":["https:\/\/www.linkedin.com\/company\/autorolasolutions\/"]}]}},"_links":{"self":[{"href":"https:\/\/autorolasolutions.com\/sv\/wp-json\/wp\/v2\/pages\/21308","targetHints":{"allow":["GET"]}}],"collection":[{"href":"https:\/\/autorolasolutions.com\/sv\/wp-json\/wp\/v2\/pages"}],"about":[{"href":"https:\/\/autorolasolutions.com\/sv\/wp-json\/wp\/v2\/types\/page"}],"author":[{"embeddable":true,"href":"https:\/\/autorolasolutions.com\/sv\/wp-json\/wp\/v2\/users\/12"}],"replies":[{"embeddable":true,"href":"https:\/\/autorolasolutions.com\/sv\/wp-json\/wp\/v2\/comments?post=21308"}],"version-history":[{"count":4,"href":"https:\/\/autorolasolutions.com\/sv\/wp-json\/wp\/v2\/pages\/21308\/revisions"}],"predecessor-version":[{"id":21312,"href":"https:\/\/autorolasolutions.com\/sv\/wp-json\/wp\/v2\/pages\/21308\/revisions\/21312"}],"wp:attachment":[{"href":"https:\/\/autorolasolutions.com\/sv\/wp-json\/wp\/v2\/media?parent=21308"}],"curies":[{"name":"wp","href":"https:\/\/api.w.org\/{rel}","templated":true}]}}