{"id":6148,"date":"2021-11-09T12:32:56","date_gmt":"2021-11-09T11:32:56","guid":{"rendered":"https:\/\/autorolasolutions.com\/solutions\/challenge\/reduce-downtimes\/"},"modified":"2025-02-04T14:20:58","modified_gmt":"2025-02-04T13:20:58","slug":"minska-stillestandstider","status":"publish","type":"page","link":"https:\/\/autorolasolutions.com\/sv\/losningar\/utmaning\/minska-stillestandstider\/","title":{"rendered":"Minska stillest\u00e5ndstider"},"content":{"rendered":"\t\t<div data-elementor-type=\"wp-page\" data-elementor-id=\"6148\" class=\"elementor elementor-6148 elementor-103\" data-elementor-post-type=\"page\">\n\t\t\t\t\t\t<section class=\"elementor-section elementor-top-section elementor-element elementor-element-db5f99b elementor-section-boxed elementor-section-height-default elementor-section-height-default\" data-id=\"db5f99b\" data-element_type=\"section\" data-e-type=\"section\">\n\t\t\t\t\t\t<div class=\"elementor-container elementor-column-gap-default\">\n\t\t\t\t\t<div class=\"elementor-column elementor-col-100 elementor-top-column elementor-element elementor-element-ad846cf\" data-id=\"ad846cf\" data-element_type=\"column\" data-e-type=\"column\">\n\t\t\t<div class=\"elementor-widget-wrap elementor-element-populated\">\n\t\t\t\t\t\t<div class=\"elementor-element elementor-element-29ebec5 elementor-widget elementor-widget-text-editor\" data-id=\"29ebec5\" data-element_type=\"widget\" data-e-type=\"widget\" data-widget_type=\"text-editor.default\">\n\t\t\t\t<div class=\"elementor-widget-container\">\n\t\t\t\t\t\t\t\t\t<h1>Minska stillest\u00e5ndstider<\/h1><h2>Hur kan du spara kostnader genom att minska stillest\u00e5ndstiden?<\/h2><p>P\u00e5 v\u00e4gen fr\u00e5n leverans av nya fordon till \u00e5terf\u00f6rs\u00e4ljning av begagnade fordon finns det m\u00e5nga ink\u00f6rsportar d\u00e4r on\u00f6diga driftstopp kan uppst\u00e5. I genomsnitt inneb\u00e4r detta parkeringskostnader p\u00e5 cirka 300 SEK per dag och fordon. Genom att digitalisera befintliga processer f\u00e5r du en \u00f6verblick \u00f6ver hela fordonshanteringsprocessen och optimerar kommunikationen mellan alla inblandade parter.<\/p><p>Att minska ledtiden \u00e4r ett av de mest effektiva s\u00e4tten att spara kostnader i alla branscher, inklusive fordonshanteringsprocessen. H\u00e4r \u00e4r n\u00e5gra s\u00e4tt att minska stillest\u00e5ndstiden och spara kostnader:<\/p><ol><li><strong>Digitalisera processer:<\/strong> Digitaliseringsprocesser g\u00f6r att du kan \u00f6vervaka hela fordonshanteringsprocessen, inklusive leverans, underh\u00e5ll, reparationer och remarketing, och identifiera omr\u00e5den d\u00e4r f\u00f6rseningar uppst\u00e5r. Detta g\u00f6r att du kan vidta proaktiva \u00e5tg\u00e4rder f\u00f6r att undvika eller minimera driftstopp och optimera resursutnyttjandet.<\/li><li><strong>Optimera kommunikationen:<\/strong> Effektiv kommunikation mellan alla parter som \u00e4r involverade i fordonshanteringsprocessen \u00e4r avg\u00f6rande f\u00f6r att minimera stillest\u00e5ndstiden. Genom att anv\u00e4nda en digital plattform som Fleet Monitor kan du se till att alla \u00e4r p\u00e5 samma sida och att f\u00f6rseningar meddelas snabbt.<\/li><li><strong>\u00d6vervaka serviceniv\u00e5er:<\/strong> Genom att \u00f6vervaka enskilda serviceniv\u00e5er kan du identifiera potentiella f\u00f6rseningar innan de intr\u00e4ffar och vidta proaktiva \u00e5tg\u00e4rder f\u00f6r att undvika dem. Det kan handla om att schemal\u00e4gga f\u00f6rebyggande underh\u00e5ll och omf\u00f6rdela resurser.<\/li><li><strong>Ge automatiska svar:<\/strong> Med Fleet Monitor kan du st\u00e4lla in automatiska svar p\u00e5 potentiella f\u00f6rseningar eller problem. Till exempel, om ett fordon \u00e4r f\u00f6rsenat under transporten, kan systemet automatiskt omf\u00f6rdela resurser f\u00f6r att minimera stillest\u00e5ndstiden.<\/li><li><strong>Optimera processhanteringen:<\/strong> Genom att anv\u00e4nda en systembaserad processhanteringsmetod kan du optimera hela fordonshanteringsprocessen, fr\u00e5n leverans till remarketing. Detta inkluderar att effektivisera processer, minska avfallet och optimera resursutnyttjandet.<\/li><\/ol><p>Med Fleet Monitor kan individuella serviceniv\u00e5er \u00f6vervakas och proaktiva automatiska svar kan tillhandah\u00e5llas vid eventuella f\u00f6rseningar. Optimera l\u00f6nsamheten i ditt f\u00f6retag genom digital och systembaserad processhantering!<\/p>\t\t\t\t\t\t\t\t<\/div>\n\t\t\t\t<\/div>\n\t\t\t\t\t<\/div>\n\t\t<\/div>\n\t\t\t\t\t<\/div>\n\t\t<\/section>\n\t\t\t\t<section class=\"elementor-section elementor-top-section elementor-element elementor-element-de8543c elementor-section-full_width elementor-section-height-default elementor-section-height-default\" data-id=\"de8543c\" data-element_type=\"section\" data-e-type=\"section\" data-settings=\"{&quot;background_background&quot;:&quot;classic&quot;}\">\n\t\t\t\t\t\t<div class=\"elementor-container elementor-column-gap-default\">\n\t\t\t\t\t<div class=\"elementor-column elementor-col-50 elementor-top-column elementor-element elementor-element-80c0147\" data-id=\"80c0147\" data-element_type=\"column\" data-e-type=\"column\">\n\t\t\t<div class=\"elementor-widget-wrap elementor-element-populated\">\n\t\t\t\t\t\t<div class=\"elementor-element elementor-element-7fb7ba3 elementor-widget elementor-widget-html\" data-id=\"7fb7ba3\" data-element_type=\"widget\" data-e-type=\"widget\" data-widget_type=\"html.default\">\n\t\t\t\t<div class=\"elementor-widget-container\">\n\t\t\t\t\t<?xml version=\"1.0\" encoding=\"utf-8\"?>\n<!-- Generator: Adobe Illustrator 25.3.1, SVG Export Plug-In . SVG Version: 6.00 Build 0)  -->\n<svg class=\"kaeseecke\" version=\"1.1\" id=\"Ebene_2_1_\" xmlns=\"http:\/\/www.w3.org\/2000\/svg\" xmlns:xlink=\"http:\/\/www.w3.org\/1999\/xlink\" x=\"0px\" y=\"0px\"\n\t viewBox=\"0 0 960 960\" style=\"enable-background:new 0 0 960 960;\" xml:space=\"preserve\">\n<style type=\"text\/css\">\n\t.st0{fill:#9E9E9E;}\n<\/style>\n<polygon class=\"A st0\" points=\"209.4,778.6 445.3,492.9 80,431.6 \"\/>\n<g class=\"F\" id=\"Banken\">\n\t<defs>\n\t\t<polygon id=\"Banken_1_\" points=\"356.7,96.4 486.1,443.4 722,157.8 \t\t\"\/>\n\t<\/defs>\n\t<clipPath id=\"Banken_2_\">\n\t\t<use xlink:href=\"#Banken_1_\"  style=\"overflow:visible;\"\/>\n\t<\/clipPath>\n\t<g transform=\"matrix(1 0 0 1 1.525879e-05 0)\" style=\"clip-path:url(#Banken_2_);\">\n\t\t\n\t\t\t<image class=\"kaeseimage\" style=\"overflow:visible;\" width=\"1264\" height=\"843\" xlink:href=\"\/wp-content\/uploads\/2021\/09\/money-blau.png\"  transform=\"matrix(0.5459 0 0 0.5459 215 27.589)\">\n\t\t<\/image>\n\t<\/g>\n<\/g>\n<g class=\"C\" id=\"Haendler\">\n\t<defs>\n\t\t<polygon id=\"Haendler_1_\" points=\"514.7,467.1 880,528.4 750.6,181.4 \t\t\"\/>\n\t<\/defs>\n\t<clipPath id=\"Haendler_2_\">\n\t\t<use xlink:href=\"#Haendler_1_\"  style=\"overflow:visible;\"\/>\n\t<\/clipPath>\n\t<g transform=\"matrix(1 0 0 1 0 0)\" style=\"clip-path:url(#Haendler_2_);\">\n\t\t\n\t\t\t<image class=\"kaeseimage\" style=\"overflow:visible;\" width=\"2000\" height=\"953\" xlink:href=\"\/wp-content\/uploads\/2021\/09\/Shaking-hands-blau.png\"  transform=\"matrix(0.395 0 0 0.395 200.3094 156.043)\">\n\t\t<\/image>\n\t<\/g>\n<\/g>\n<g class=\"D\" id=\"Hersteller\">\n\t<defs>\n\t\t<polygon id=\"Hersteller_1_\" points=\"322,109.4 86.1,395 451.4,456.4 \t\t\"\/>\n\t<\/defs>\n\t<clipPath id=\"Hersteller_2_\">\n\t\t<use xlink:href=\"#Hersteller_1_\"  style=\"overflow:visible;\"\/>\n\t<\/clipPath>\n\t<g style=\"clip-path:url(#Hersteller_2_);\">\n\t\t\n\t\t\t<image class=\"kaeseimage\" style=\"overflow:visible;\" width=\"1070\" height=\"714\" xlink:href=\"\/wp-content\/uploads\/2021\/09\/Fahrzeugbau-blau.png\"  transform=\"matrix(0.5701 0 0 0.5701 32.1523 72.9533)\">\n\t\t<\/image>\n\t<\/g>\n<\/g>\n<g class=\"B\" id=\"Leasing\">\n\t<defs>\n\t\t<polygon id=\"Leasing_2_\" points=\"638,850.6 873.9,565 508.6,503.6 \t\t\"\/>\n\t<\/defs>\n\t<clipPath id=\"Leasing_1_\">\n\t\t<use xlink:href=\"#Leasing_2_\"  style=\"overflow:visible;\"\/>\n\t<\/clipPath>\n\t<g transform=\"matrix(1 2.980232e-08 -2.980232e-08 1 0 0)\" style=\"clip-path:url(#Leasing_1_);\">\n\t\t\n\t\t\t<image class=\"kaeseimage\" style=\"overflow:visible;\" width=\"1270\" height=\"714\" xlink:href=\"\/wp-content\/uploads\/2021\/09\/Parkplatz-blau.png\"  transform=\"matrix(0.9072 0.2335 -0.2335 0.9072 295.6266 390.6233)\">\n\t\t<\/image>\n\t<\/g>\n<\/g>\n<g class=\"E\" id=\"Logistikanbieter\">\n\t<defs>\n\t\t<polygon id=\"Logistikanbieter_1_\" points=\"473.9,516.6 238,802.2 603.3,863.6 \t\t\"\/>\n\t<\/defs>\n\t<clipPath id=\"Logistikanbieter_2_\">\n\t\t<use xlink:href=\"#Logistikanbieter_1_\"  style=\"overflow:visible;\"\/>\n\t<\/clipPath>\n\t<g transform=\"matrix(1 0 0 1 0 1.525879e-05)\" style=\"clip-path:url(#Logistikanbieter_2_);\">\n\t\t\n\t\t\t<image class=\"kaeseimage\" style=\"overflow:visible;\" width=\"1072\" height=\"714\" xlink:href=\"\/wp-content\/uploads\/2021\/09\/street-blau.png\"  transform=\"matrix(1.0858 0 0 1.0858 -295.8258 244.9563)\">\n\t\t<\/image>\n\t<\/g>\n<\/g>\n<\/svg>\n\t\t\t\t<\/div>\n\t\t\t\t<\/div>\n\t\t\t\t\t<\/div>\n\t\t<\/div>\n\t\t\t\t<div class=\"elementor-column elementor-col-50 elementor-top-column elementor-element elementor-element-79439e1\" data-id=\"79439e1\" data-element_type=\"column\" data-e-type=\"column\">\n\t\t\t<div class=\"elementor-widget-wrap elementor-element-populated\">\n\t\t\t\t\t\t<div class=\"elementor-element elementor-element-cbd662c elementor-widget elementor-widget-text-editor\" data-id=\"cbd662c\" data-element_type=\"widget\" data-e-type=\"widget\" data-widget_type=\"text-editor.default\">\n\t\t\t\t<div class=\"elementor-widget-container\">\n\t\t\t\t\t\t\t\t\t<h3>DINA F\u00d6RDELAR<\/h3>\t\t\t\t\t\t\t\t<\/div>\n\t\t\t\t<\/div>\n\t\t\t\t<div class=\"elementor-element elementor-element-2dafdf1 sub-solutions elementor-list-item-link-inline elementor-icon-list--layout-traditional elementor-widget elementor-widget-icon-list\" data-id=\"2dafdf1\" data-element_type=\"widget\" data-e-type=\"widget\" data-widget_type=\"icon-list.default\">\n\t\t\t\t<div class=\"elementor-widget-container\">\n\t\t\t\t\t\t\t<ul class=\"elementor-icon-list-items\">\n\t\t\t\t\t\t\t<li class=\"elementor-icon-list-item\">\n\t\t\t\t\t\t\t\t\t\t\t<a href=\"https:\/\/autorolasolutions.com\/sv\/losningar\/utmaning\/minska-stillestandstider\/\" class=\"B C D F\">\n\n\t\t\t\t\t\t\t\t\t\t\t<span class=\"elementor-icon-list-text\">Minska stillest\u00e5ndstider<\/span>\n\t\t\t\t\t\t\t\t\t\t\t<\/a>\n\t\t\t\t\t\t\t\t\t<\/li>\n\t\t\t\t\t\t\t\t<li class=\"elementor-icon-list-item\">\n\t\t\t\t\t\t\t\t\t\t\t<a href=\"https:\/\/autorolasolutions.com\/sv\/losningar\/utmaning\/optimera-processer\/\" class=\"B C D E F\">\n\n\t\t\t\t\t\t\t\t\t\t\t<span class=\"elementor-icon-list-text\">Optimera processer<\/span>\n\t\t\t\t\t\t\t\t\t\t\t<\/a>\n\t\t\t\t\t\t\t\t\t<\/li>\n\t\t\t\t\t\t\t\t<li class=\"elementor-icon-list-item\">\n\t\t\t\t\t\t\t\t\t\t\t<a href=\"https:\/\/autorolasolutions.com\/sv\/losningar\/utmaning\/digitalisera-systemlandskapet\/\" class=\"C D E\">\n\n\t\t\t\t\t\t\t\t\t\t\t<span class=\"elementor-icon-list-text\">Digitalisera systemlandskapet<\/span>\n\t\t\t\t\t\t\t\t\t\t\t<\/a>\n\t\t\t\t\t\t\t\t\t<\/li>\n\t\t\t\t\t\t\t\t<li class=\"elementor-icon-list-item\">\n\t\t\t\t\t\t\t\t\t\t\t<a href=\"https:\/\/autorolasolutions.com\/sv\/losningar\/utmaning\/optimera-forsaljningshanteringen\/\" class=\"B C D E F\">\n\n\t\t\t\t\t\t\t\t\t\t\t<span class=\"elementor-icon-list-text\">Optimera f\u00f6rs\u00e4ljningshanteringen<\/span>\n\t\t\t\t\t\t\t\t\t\t\t<\/a>\n\t\t\t\t\t\t\t\t\t<\/li>\n\t\t\t\t\t\t\t\t<li class=\"elementor-icon-list-item\">\n\t\t\t\t\t\t\t\t\t\t\t<a href=\"https:\/\/autorolasolutions.com\/sv\/losningar\/utmaning\/kontrollera-tjansteleverantorer\/\" class=\"C D E\">\n\n\t\t\t\t\t\t\t\t\t\t\t<span class=\"elementor-icon-list-text\">Kontrollera tj\u00e4nsteleverant\u00f6rer<\/span>\n\t\t\t\t\t\t\t\t\t\t\t<\/a>\n\t\t\t\t\t\t\t\t\t<\/li>\n\t\t\t\t\t\t\t\t<li class=\"elementor-icon-list-item\">\n\t\t\t\t\t\t\t\t\t\t\t<a href=\"https:\/\/autorolasolutions.com\/sv\/losningar\/utmaning\/reducera-kostnader\/\" class=\"B C D E F\">\n\n\t\t\t\t\t\t\t\t\t\t\t<span class=\"elementor-icon-list-text\">Reducera kostnader<\/span>\n\t\t\t\t\t\t\t\t\t\t\t<\/a>\n\t\t\t\t\t\t\t\t\t<\/li>\n\t\t\t\t\t\t\t\t<li class=\"elementor-icon-list-item\">\n\t\t\t\t\t\t\t\t\t\t\t<a href=\"https:\/\/autorolasolutions.com\/sv\/losningar\/utmaning\/uppratta-revisionsacceptans\/\">\n\n\t\t\t\t\t\t\t\t\t\t\t<span class=\"elementor-icon-list-text\">Uppr\u00e4tta revisionsacceptans<\/span>\n\t\t\t\t\t\t\t\t\t\t\t<\/a>\n\t\t\t\t\t\t\t\t\t<\/li>\n\t\t\t\t\t\t<\/ul>\n\t\t\t\t\t\t<\/div>\n\t\t\t\t<\/div>\n\t\t\t\t<div class=\"elementor-element elementor-element-156de10 elementor-widget elementor-widget-button\" data-id=\"156de10\" data-element_type=\"widget\" data-e-type=\"widget\" data-widget_type=\"button.default\">\n\t\t\t\t<div class=\"elementor-widget-container\">\n\t\t\t\t\t\t\t\t\t<div class=\"elementor-button-wrapper\">\n\t\t\t\t\t<a class=\"elementor-button elementor-button-link elementor-size-sm elementor-animation-grow\" href=\"https:\/\/autorolasolutions.com\/sv\/kontakt\/\">\n\t\t\t\t\t\t<span class=\"elementor-button-content-wrapper\">\n\t\t\t\t\t\t<span class=\"elementor-button-icon\">\n\t\t\t\t<i aria-hidden=\"true\" class=\"fas fa-arrow-right\"><\/i>\t\t\t<\/span>\n\t\t\t\t\t\t\t\t\t<span class=\"elementor-button-text\">Kontakta oss<\/span>\n\t\t\t\t\t<\/span>\n\t\t\t\t\t<\/a>\n\t\t\t\t<\/div>\n\t\t\t\t\t\t\t\t<\/div>\n\t\t\t\t<\/div>\n\t\t\t\t\t<\/div>\n\t\t<\/div>\n\t\t\t\t\t<\/div>\n\t\t<\/section>\n\t\t\t\t<\/div>\n\t\t","protected":false},"excerpt":{"rendered":"<p>Minska stillest\u00e5ndstider Hur kan du spara kostnader genom att minska stillest\u00e5ndstiden? P\u00e5 v\u00e4gen fr\u00e5n leverans av nya fordon till \u00e5terf\u00f6rs\u00e4ljning av begagnade fordon finns det m\u00e5nga ink\u00f6rsportar d\u00e4r on\u00f6diga driftstopp kan uppst\u00e5. I genomsnitt inneb\u00e4r detta parkeringskostnader p\u00e5 cirka 300 SEK per dag och fordon. Genom att digitalisera befintliga processer f\u00e5r du en \u00f6verblick \u00f6ver [&hellip;]<\/p>\n","protected":false},"author":2,"featured_media":0,"parent":6142,"menu_order":1,"comment_status":"closed","ping_status":"open","template":"","meta":{"_acf_changed":false,"inline_featured_image":false,"site-sidebar-layout":"no-sidebar","site-content-layout":"default","ast-site-content-layout":"default","site-content-style":"default","site-sidebar-style":"default","ast-global-header-display":"","ast-banner-title-visibility":"","ast-main-header-display":"","ast-hfb-above-header-display":"","ast-hfb-below-header-display":"","ast-hfb-mobile-header-display":"","site-post-title":"disabled","ast-breadcrumbs-content":"","ast-featured-img":"disabled","footer-sml-layout":"","theme-transparent-header-meta":"default","adv-header-id-meta":"","stick-header-meta":"default","header-above-stick-meta":"","header-main-stick-meta":"","header-below-stick-meta":"","astra-migrate-meta-layouts":"default","ast-page-background-enabled":"default","ast-page-background-meta":{"desktop":{"background-color":"","background-image":"","background-repeat":"repeat","background-position":"center center","background-size":"auto","background-attachment":"scroll","background-type":"","background-media":"","overlay-type":"","overlay-color":"","overlay-opacity":"","overlay-gradient":""},"tablet":{"background-color":"","background-image":"","background-repeat":"repeat","background-position":"center center","background-size":"auto","background-attachment":"scroll","background-type":"","background-media":"","overlay-type":"","overlay-color":"","overlay-opacity":"","overlay-gradient":""},"mobile":{"background-color":"","background-image":"","background-repeat":"repeat","background-position":"center center","background-size":"auto","background-attachment":"scroll","background-type":"","background-media":"","overlay-type":"","overlay-color":"","overlay-opacity":"","overlay-gradient":""}},"ast-content-background-meta":{"desktop":{"background-color":"var(--ast-global-color-5)","background-image":"","background-repeat":"repeat","background-position":"center center","background-size":"auto","background-attachment":"scroll","background-type":"","background-media":"","overlay-type":"","overlay-color":"","overlay-opacity":"","overlay-gradient":""},"tablet":{"background-color":"var(--ast-global-color-5)","background-image":"","background-repeat":"repeat","background-position":"center center","background-size":"auto","background-attachment":"scroll","background-type":"","background-media":"","overlay-type":"","overlay-color":"","overlay-opacity":"","overlay-gradient":""},"mobile":{"background-color":"var(--ast-global-color-5)","background-image":"","background-repeat":"repeat","background-position":"center center","background-size":"auto","background-attachment":"scroll","background-type":"","background-media":"","overlay-type":"","overlay-color":"","overlay-opacity":"","overlay-gradient":""}},"footnotes":""},"class_list":["post-6148","page","type-page","status-publish","hentry"],"acf":[],"yoast_head":"<!-- This site is optimized with the Yoast SEO plugin v27.0 - https:\/\/yoast.com\/product\/yoast-seo-wordpress\/ -->\n<title>Minska ledtiderna | Effektivisera aff\u00e4rsprocesser inom fordonsindustrin<\/title>\n<meta name=\"description\" content=\"Effektivisera dina aff\u00e4rsprocesser inom fordonsindustrin och minska ledtiderna med v\u00e5ra innovativa l\u00f6sningar. F\u00f6rb\u00e4ttra effektiviteten och \u00f6ka produktiviteten i din verksamhet.\" \/>\n<meta name=\"robots\" content=\"index, follow, max-snippet:-1, max-image-preview:large, max-video-preview:-1\" \/>\n<link rel=\"canonical\" href=\"https:\/\/autorolasolutions.com\/solutions\/business-values\/reduce-leadtimes\/\" \/>\n<meta property=\"og:locale\" content=\"sv_SE\" \/>\n<meta property=\"og:type\" content=\"article\" \/>\n<meta property=\"og:title\" content=\"Minska ledtiderna | Effektivisera aff\u00e4rsprocesser inom fordonsindustrin\" \/>\n<meta property=\"og:description\" content=\"Effektivisera dina aff\u00e4rsprocesser inom fordonsindustrin och minska ledtiderna med v\u00e5ra innovativa l\u00f6sningar. F\u00f6rb\u00e4ttra effektiviteten och \u00f6ka produktiviteten i din verksamhet.\" \/>\n<meta property=\"og:url\" content=\"https:\/\/autorolasolutions.com\/solutions\/business-values\/reduce-leadtimes\/\" \/>\n<meta property=\"og:site_name\" content=\"Autorola Solutions\" \/>\n<meta property=\"article:modified_time\" content=\"2025-02-04T13:20:58+00:00\" \/>\n<meta name=\"twitter:card\" content=\"summary_large_image\" \/>\n<meta name=\"twitter:label1\" content=\"Ber\u00e4knad l\u00e4stid\" \/>\n\t<meta name=\"twitter:data1\" content=\"2 minuter\" \/>\n<script type=\"application\/ld+json\" class=\"yoast-schema-graph\">{\"@context\":\"https:\/\/schema.org\",\"@graph\":[{\"@type\":\"WebPage\",\"@id\":\"https:\/\/autorolasolutions.com\/solutions\/business-values\/reduce-leadtimes\/\",\"url\":\"https:\/\/autorolasolutions.com\/solutions\/business-values\/reduce-leadtimes\/\",\"name\":\"Minska ledtiderna | Effektivisera aff\u00e4rsprocesser inom fordonsindustrin\",\"isPartOf\":{\"@id\":\"https:\/\/autorolasolutions.com\/#website\"},\"datePublished\":\"2021-11-09T11:32:56+00:00\",\"dateModified\":\"2025-02-04T13:20:58+00:00\",\"description\":\"Effektivisera dina aff\u00e4rsprocesser inom fordonsindustrin och minska ledtiderna med v\u00e5ra innovativa l\u00f6sningar. F\u00f6rb\u00e4ttra effektiviteten och \u00f6ka produktiviteten i din verksamhet.\",\"breadcrumb\":{\"@id\":\"https:\/\/autorolasolutions.com\/solutions\/business-values\/reduce-leadtimes\/#breadcrumb\"},\"inLanguage\":\"sv-SE\",\"potentialAction\":[{\"@type\":\"ReadAction\",\"target\":[\"https:\/\/autorolasolutions.com\/solutions\/business-values\/reduce-leadtimes\/\"]}]},{\"@type\":\"BreadcrumbList\",\"@id\":\"https:\/\/autorolasolutions.com\/solutions\/business-values\/reduce-leadtimes\/#breadcrumb\",\"itemListElement\":[{\"@type\":\"ListItem\",\"position\":1,\"name\":\"Home\",\"item\":\"https:\/\/autorolasolutions.com\/\"},{\"@type\":\"ListItem\",\"position\":2,\"name\":\"L\u00f6sningar\",\"item\":\"https:\/\/autorolasolutions.com\/solutions\/\"},{\"@type\":\"ListItem\",\"position\":3,\"name\":\"Utmaning\",\"item\":\"https:\/\/autorolasolutions.com\/solutions\/business-values\/\"},{\"@type\":\"ListItem\",\"position\":4,\"name\":\"Minska stillest\u00e5ndstider\"}]},{\"@type\":\"WebSite\",\"@id\":\"https:\/\/autorolasolutions.com\/#website\",\"url\":\"https:\/\/autorolasolutions.com\/\",\"name\":\"Autorola Solutions\",\"description\":\"\",\"publisher\":{\"@id\":\"https:\/\/autorolasolutions.com\/#organization\"},\"potentialAction\":[{\"@type\":\"SearchAction\",\"target\":{\"@type\":\"EntryPoint\",\"urlTemplate\":\"https:\/\/autorolasolutions.com\/?s={search_term_string}\"},\"query-input\":{\"@type\":\"PropertyValueSpecification\",\"valueRequired\":true,\"valueName\":\"search_term_string\"}}],\"inLanguage\":\"sv-SE\"},{\"@type\":\"Organization\",\"@id\":\"https:\/\/autorolasolutions.com\/#organization\",\"name\":\"Autorola Solutions\",\"url\":\"https:\/\/autorolasolutions.com\/\",\"logo\":{\"@type\":\"ImageObject\",\"inLanguage\":\"sv-SE\",\"@id\":\"https:\/\/autorolasolutions.com\/#\/schema\/logo\/image\/\",\"url\":\"https:\/\/autorolasolutions.com\/wp-content\/uploads\/2025\/01\/Autorola_Solutions_Logo_Left_Screen_RGB.svg\",\"contentUrl\":\"https:\/\/autorolasolutions.com\/wp-content\/uploads\/2025\/01\/Autorola_Solutions_Logo_Left_Screen_RGB.svg\",\"width\":143,\"height\":44,\"caption\":\"Autorola Solutions\"},\"image\":{\"@id\":\"https:\/\/autorolasolutions.com\/#\/schema\/logo\/image\/\"},\"sameAs\":[\"https:\/\/www.linkedin.com\/company\/autorolasolutions\/\"]}]}<\/script>\n<!-- \/ Yoast SEO plugin. -->","yoast_head_json":{"title":"Minska ledtiderna | Effektivisera aff\u00e4rsprocesser inom fordonsindustrin","description":"Effektivisera dina aff\u00e4rsprocesser inom fordonsindustrin och minska ledtiderna med v\u00e5ra innovativa l\u00f6sningar. F\u00f6rb\u00e4ttra effektiviteten och \u00f6ka produktiviteten i din verksamhet.","robots":{"index":"index","follow":"follow","max-snippet":"max-snippet:-1","max-image-preview":"max-image-preview:large","max-video-preview":"max-video-preview:-1"},"canonical":"https:\/\/autorolasolutions.com\/solutions\/business-values\/reduce-leadtimes\/","og_locale":"sv_SE","og_type":"article","og_title":"Minska ledtiderna | Effektivisera aff\u00e4rsprocesser inom fordonsindustrin","og_description":"Effektivisera dina aff\u00e4rsprocesser inom fordonsindustrin och minska ledtiderna med v\u00e5ra innovativa l\u00f6sningar. F\u00f6rb\u00e4ttra effektiviteten och \u00f6ka produktiviteten i din verksamhet.","og_url":"https:\/\/autorolasolutions.com\/solutions\/business-values\/reduce-leadtimes\/","og_site_name":"Autorola Solutions","article_modified_time":"2025-02-04T13:20:58+00:00","twitter_card":"summary_large_image","twitter_misc":{"Ber\u00e4knad l\u00e4stid":"2 minuter"},"schema":{"@context":"https:\/\/schema.org","@graph":[{"@type":"WebPage","@id":"https:\/\/autorolasolutions.com\/solutions\/business-values\/reduce-leadtimes\/","url":"https:\/\/autorolasolutions.com\/solutions\/business-values\/reduce-leadtimes\/","name":"Minska ledtiderna | Effektivisera aff\u00e4rsprocesser inom fordonsindustrin","isPartOf":{"@id":"https:\/\/autorolasolutions.com\/#website"},"datePublished":"2021-11-09T11:32:56+00:00","dateModified":"2025-02-04T13:20:58+00:00","description":"Effektivisera dina aff\u00e4rsprocesser inom fordonsindustrin och minska ledtiderna med v\u00e5ra innovativa l\u00f6sningar. F\u00f6rb\u00e4ttra effektiviteten och \u00f6ka produktiviteten i din verksamhet.","breadcrumb":{"@id":"https:\/\/autorolasolutions.com\/solutions\/business-values\/reduce-leadtimes\/#breadcrumb"},"inLanguage":"sv-SE","potentialAction":[{"@type":"ReadAction","target":["https:\/\/autorolasolutions.com\/solutions\/business-values\/reduce-leadtimes\/"]}]},{"@type":"BreadcrumbList","@id":"https:\/\/autorolasolutions.com\/solutions\/business-values\/reduce-leadtimes\/#breadcrumb","itemListElement":[{"@type":"ListItem","position":1,"name":"Home","item":"https:\/\/autorolasolutions.com\/"},{"@type":"ListItem","position":2,"name":"L\u00f6sningar","item":"https:\/\/autorolasolutions.com\/solutions\/"},{"@type":"ListItem","position":3,"name":"Utmaning","item":"https:\/\/autorolasolutions.com\/solutions\/business-values\/"},{"@type":"ListItem","position":4,"name":"Minska stillest\u00e5ndstider"}]},{"@type":"WebSite","@id":"https:\/\/autorolasolutions.com\/#website","url":"https:\/\/autorolasolutions.com\/","name":"Autorola Solutions","description":"","publisher":{"@id":"https:\/\/autorolasolutions.com\/#organization"},"potentialAction":[{"@type":"SearchAction","target":{"@type":"EntryPoint","urlTemplate":"https:\/\/autorolasolutions.com\/?s={search_term_string}"},"query-input":{"@type":"PropertyValueSpecification","valueRequired":true,"valueName":"search_term_string"}}],"inLanguage":"sv-SE"},{"@type":"Organization","@id":"https:\/\/autorolasolutions.com\/#organization","name":"Autorola Solutions","url":"https:\/\/autorolasolutions.com\/","logo":{"@type":"ImageObject","inLanguage":"sv-SE","@id":"https:\/\/autorolasolutions.com\/#\/schema\/logo\/image\/","url":"https:\/\/autorolasolutions.com\/wp-content\/uploads\/2025\/01\/Autorola_Solutions_Logo_Left_Screen_RGB.svg","contentUrl":"https:\/\/autorolasolutions.com\/wp-content\/uploads\/2025\/01\/Autorola_Solutions_Logo_Left_Screen_RGB.svg","width":143,"height":44,"caption":"Autorola Solutions"},"image":{"@id":"https:\/\/autorolasolutions.com\/#\/schema\/logo\/image\/"},"sameAs":["https:\/\/www.linkedin.com\/company\/autorolasolutions\/"]}]}},"_links":{"self":[{"href":"https:\/\/autorolasolutions.com\/sv\/wp-json\/wp\/v2\/pages\/6148","targetHints":{"allow":["GET"]}}],"collection":[{"href":"https:\/\/autorolasolutions.com\/sv\/wp-json\/wp\/v2\/pages"}],"about":[{"href":"https:\/\/autorolasolutions.com\/sv\/wp-json\/wp\/v2\/types\/page"}],"author":[{"embeddable":true,"href":"https:\/\/autorolasolutions.com\/sv\/wp-json\/wp\/v2\/users\/2"}],"replies":[{"embeddable":true,"href":"https:\/\/autorolasolutions.com\/sv\/wp-json\/wp\/v2\/comments?post=6148"}],"version-history":[{"count":19,"href":"https:\/\/autorolasolutions.com\/sv\/wp-json\/wp\/v2\/pages\/6148\/revisions"}],"predecessor-version":[{"id":55748,"href":"https:\/\/autorolasolutions.com\/sv\/wp-json\/wp\/v2\/pages\/6148\/revisions\/55748"}],"up":[{"embeddable":true,"href":"https:\/\/autorolasolutions.com\/sv\/wp-json\/wp\/v2\/pages\/6142"}],"wp:attachment":[{"href":"https:\/\/autorolasolutions.com\/sv\/wp-json\/wp\/v2\/media?parent=6148"}],"curies":[{"name":"wp","href":"https:\/\/api.w.org\/{rel}","templated":true}]}}