{"id":18885,"date":"2023-02-28T13:55:45","date_gmt":"2023-02-28T12:55:45","guid":{"rendered":"https:\/\/autorolasolutions.com\/digital-ecosystem\/products\/inspection-and-trade-in-app\/"},"modified":"2025-01-30T09:58:21","modified_gmt":"2025-01-30T08:58:21","slug":"takas-alim-uygulamasi","status":"publish","type":"page","link":"https:\/\/autorolasolutions.com\/tr\/dijital-ekosistem\/urunler\/takas-alim-uygulamasi\/","title":{"rendered":"Takas Al\u0131m Uygulamas\u0131"},"content":{"rendered":"\t\t<div data-elementor-type=\"wp-page\" data-elementor-id=\"18885\" class=\"elementor elementor-18885 elementor-11416\" data-elementor-post-type=\"page\">\n\t\t\t\t\t\t<section class=\"elementor-section elementor-top-section elementor-element elementor-element-df692e6 elementor-section-boxed elementor-section-height-default elementor-section-height-default\" data-id=\"df692e6\" data-element_type=\"section\" data-e-type=\"section\">\n\t\t\t\t\t\t<div class=\"elementor-container elementor-column-gap-default\">\n\t\t\t\t\t<div class=\"elementor-column elementor-col-50 elementor-top-column elementor-element elementor-element-d33b192\" data-id=\"d33b192\" data-element_type=\"column\" data-e-type=\"column\">\n\t\t\t<div class=\"elementor-widget-wrap elementor-element-populated\">\n\t\t\t\t\t\t<div class=\"elementor-element elementor-element-f78e17f elementor-widget elementor-widget-text-editor\" data-id=\"f78e17f\" data-element_type=\"widget\" data-e-type=\"widget\" data-widget_type=\"text-editor.default\">\n\t\t\t\t<div class=\"elementor-widget-container\">\n\t\t\t\t\t\t\t\t\t<h1>Takas Al\u0131m Uygulamas\u0131<\/h1><h2>Profesyonel ekspertiz<\/h2><p>Takas Al\u0131m Uygulamas\u0131 (Trade-In App) hareket halindeyken de y\u00fcksek kalitede ekspertiz yapman\u0131z\u0131 sa\u011flar.<\/p><p>Takas Al\u0131m Uygulamas\u0131 (Trade-In App) 2. el takas al\u0131m s\u00fcre\u00e7lerinizde her zaman her yerde ara\u00e7 de\u011ferleme \u00f6zg\u00fcrl\u00fc\u011f\u00fc ve rahatl\u0131\u011f\u0131 sunuyor. Kolay kullan\u0131m\u0131, h\u0131zl\u0131, g\u00fcvenilir, \u015feffaf ve ger\u00e7ek zamanl\u0131 bir ekspertiz tan\u0131mlama ve ara\u00e7 sat\u0131n alma fiyatlamas\u0131 \u00e7\u00f6z\u00fcmleriyle takas s\u00fcre\u00e7leriniz dijitalle\u015fiyor.<\/p><h2 class=\"wp-block-heading\">Kolay Kullan\u0131m<\/h2><p>Takas Al\u0131m Uygulamas\u0131 (Trade-In App) ara\u00e7lar\u0131n\u0131z\u0131n temel bilgilerinin, detayl\u0131 ekspertiz bilgilerinin kolayca girilmesine, uygulaman\u0131n y\u00f6nlendirmesiyle araca ait foto\u011fraf\u0131n her a\u00e7\u0131dan \u00e7ekilmesine, t\u00fcm bu bilgiler girildikten sonra, firman\u0131z\u0131n ara\u00e7 \u00fczerinde, belirli sat\u0131\u015f stratejilerine g\u00f6re yap\u0131land\u0131r\u0131lm\u0131\u015f uluslararas\u0131 fiyatland\u0131rma dinamikleri arac\u0131l\u0131\u011f\u0131yla ger\u00e7ek zamanl\u0131, ara\u00e7 al\u0131m-sat\u0131m fiyat\u0131n\u0131 \u00f6nermesine olanak tan\u0131yor. <br \/>Web tabanl\u0131 y\u00f6netim paneli ile t\u00fcm takas s\u00fcrecinizi detayl\u0131 bir \u015fekilde izleyebilir, raporlanmas\u0131na imk\u00e2n tan\u0131yan uygulama sayesinde internetin olmad\u0131\u011f\u0131 ortamlarda da \u00e7al\u0131\u015fmas\u0131yla takas al\u0131m s\u00fcre\u00e7lerinizin aksamadan h\u0131zl\u0131ca tamamlanmas\u0131n\u0131 sa\u011flayabilirsiniz.<\/p><h2>Yeniden sat\u0131\u015f fiyatlar\u0131n\u0131z\u0131 maksimize edin<\/h2><p>Arac\u0131n\u0131z\u0131n en iyi \u00f6zelliklerini vurgulamak ve en iyi durumda oldu\u011fundan emin olmak i\u00e7in tasarlanm\u0131\u015f kapsaml\u0131 bir ekspertiz arac\u0131 sunuyoruz. Ayr\u0131nt\u0131l\u0131 durum raporlar\u0131 ve yeniden sat\u0131\u015f de\u011ferini etkileyebilecek t\u00fcm sorunlar\u0131 ele alan kapsaml\u0131 mekanik ve teknik inceleme ile y\u00fcksek kaliteli foto\u011fraflar sunarak, uygulama al\u0131c\u0131lara arac\u0131n durumu hakk\u0131nda g\u00fcven vermenize yard\u0131mc\u0131 olur ve bu da yeniden sat\u0131\u015f fiyatlar\u0131n\u0131z\u0131 en \u00fcst d\u00fczeye \u00e7\u0131karman\u0131z i\u00e7in hayati \u00f6nem ta\u015f\u0131r.<\/p>\t\t\t\t\t\t\t\t<\/div>\n\t\t\t\t<\/div>\n\t\t\t\t<div class=\"elementor-element elementor-element-81e6e74 elementor-align-center elementor-widget elementor-widget-button\" data-id=\"81e6e74\" data-element_type=\"widget\" data-e-type=\"widget\" data-widget_type=\"button.default\">\n\t\t\t\t<div class=\"elementor-widget-container\">\n\t\t\t\t\t\t\t\t\t<div class=\"elementor-button-wrapper\">\n\t\t\t\t\t<a class=\"elementor-button elementor-button-link elementor-size-sm elementor-animation-grow\" href=\"https:\/\/autorolasolutions.com\/tr\/iletisim\/\">\n\t\t\t\t\t\t<span class=\"elementor-button-content-wrapper\">\n\t\t\t\t\t\t<span class=\"elementor-button-icon\">\n\t\t\t\t<i aria-hidden=\"true\" class=\"fas fa-arrow-right\"><\/i>\t\t\t<\/span>\n\t\t\t\t\t\t\t\t\t<span class=\"elementor-button-text\">Bizimle \u0130leti\u015fime Ge\u00e7in<\/span>\n\t\t\t\t\t<\/span>\n\t\t\t\t\t<\/a>\n\t\t\t\t<\/div>\n\t\t\t\t\t\t\t\t<\/div>\n\t\t\t\t<\/div>\n\t\t\t\t\t<\/div>\n\t\t<\/div>\n\t\t\t\t<div class=\"elementor-column elementor-col-50 elementor-top-column elementor-element elementor-element-5d77205\" data-id=\"5d77205\" data-element_type=\"column\" data-e-type=\"column\">\n\t\t\t<div class=\"elementor-widget-wrap elementor-element-populated\">\n\t\t\t\t\t\t<div class=\"elementor-element elementor-element-1993cd8 elementor-widget elementor-widget-image\" data-id=\"1993cd8\" data-element_type=\"widget\" data-e-type=\"widget\" data-widget_type=\"image.default\">\n\t\t\t\t<div class=\"elementor-widget-container\">\n\t\t\t\t\t\t\t\t\t\t\t\t\t\t\t<img fetchpriority=\"high\" decoding=\"async\" width=\"1024\" height=\"1024\" src=\"https:\/\/autorolasolutions.com\/wp-content\/uploads\/2024\/07\/360Ipad.svg\" class=\"attachment-large size-large wp-image-27067\" alt=\"\" \/>\t\t\t\t\t\t\t\t\t\t\t\t\t\t\t<\/div>\n\t\t\t\t<\/div>\n\t\t\t\t\t<\/div>\n\t\t<\/div>\n\t\t\t\t\t<\/div>\n\t\t<\/section>\n\t\t\t\t<\/div>\n\t\t","protected":false},"excerpt":{"rendered":"<p>Takas Al\u0131m Uygulamas\u0131 Profesyonel ekspertiz Takas Al\u0131m Uygulamas\u0131 (Trade-In App) hareket halindeyken de y\u00fcksek kalitede ekspertiz yapman\u0131z\u0131 sa\u011flar. Takas Al\u0131m Uygulamas\u0131 (Trade-In App) 2. el takas al\u0131m s\u00fcre\u00e7lerinizde her zaman her yerde ara\u00e7 de\u011ferleme \u00f6zg\u00fcrl\u00fc\u011f\u00fc ve rahatl\u0131\u011f\u0131 sunuyor. Kolay kullan\u0131m\u0131, h\u0131zl\u0131, g\u00fcvenilir, \u015feffaf ve ger\u00e7ek zamanl\u0131 bir ekspertiz tan\u0131mlama ve ara\u00e7 sat\u0131n alma fiyatlamas\u0131 \u00e7\u00f6z\u00fcmleriyle [&hellip;]<\/p>\n","protected":false},"author":2,"featured_media":0,"parent":18883,"menu_order":2,"comment_status":"closed","ping_status":"closed","template":"","meta":{"_acf_changed":false,"inline_featured_image":false,"site-sidebar-layout":"no-sidebar","site-content-layout":"","ast-site-content-layout":"full-width-container","site-content-style":"unboxed","site-sidebar-style":"unboxed","ast-global-header-display":"","ast-banner-title-visibility":"","ast-main-header-display":"","ast-hfb-above-header-display":"","ast-hfb-below-header-display":"","ast-hfb-mobile-header-display":"","site-post-title":"disabled","ast-breadcrumbs-content":"","ast-featured-img":"disabled","footer-sml-layout":"","theme-transparent-header-meta":"","adv-header-id-meta":"","stick-header-meta":"","header-above-stick-meta":"","header-main-stick-meta":"","header-below-stick-meta":"","astra-migrate-meta-layouts":"set","ast-page-background-enabled":"default","ast-page-background-meta":{"desktop":{"background-color":"","background-image":"","background-repeat":"repeat","background-position":"center center","background-size":"auto","background-attachment":"scroll","background-type":"","background-media":"","overlay-type":"","overlay-color":"","overlay-opacity":"","overlay-gradient":""},"tablet":{"background-color":"","background-image":"","background-repeat":"repeat","background-position":"center center","background-size":"auto","background-attachment":"scroll","background-type":"","background-media":"","overlay-type":"","overlay-color":"","overlay-opacity":"","overlay-gradient":""},"mobile":{"background-color":"","background-image":"","background-repeat":"repeat","background-position":"center center","background-size":"auto","background-attachment":"scroll","background-type":"","background-media":"","overlay-type":"","overlay-color":"","overlay-opacity":"","overlay-gradient":""}},"ast-content-background-meta":{"desktop":{"background-color":"var(--ast-global-color-5)","background-image":"","background-repeat":"repeat","background-position":"center center","background-size":"auto","background-attachment":"scroll","background-type":"","background-media":"","overlay-type":"","overlay-color":"","overlay-opacity":"","overlay-gradient":""},"tablet":{"background-color":"var(--ast-global-color-5)","background-image":"","background-repeat":"repeat","background-position":"center center","background-size":"auto","background-attachment":"scroll","background-type":"","background-media":"","overlay-type":"","overlay-color":"","overlay-opacity":"","overlay-gradient":""},"mobile":{"background-color":"var(--ast-global-color-5)","background-image":"","background-repeat":"repeat","background-position":"center center","background-size":"auto","background-attachment":"scroll","background-type":"","background-media":"","overlay-type":"","overlay-color":"","overlay-opacity":"","overlay-gradient":""}},"footnotes":""},"class_list":["post-18885","page","type-page","status-publish","hentry"],"acf":[],"yoast_head":"<!-- This site is optimized with the Yoast SEO plugin v27.0 - https:\/\/yoast.com\/product\/yoast-seo-wordpress\/ -->\n<title>Takas Al\u0131m Uygulamas\u0131 \/ Takas Al\u0131m S\u00fcre\u00e7lerinizi Dijitalle\u015ftirin<\/title>\n<meta name=\"description\" content=\"Muayene ve Takas Uygulamam\u0131z ile otomotiv takas s\u00fcre\u00e7lerini kolayla\u015ft\u0131r\u0131n. Ara\u00e7 muayeneleri ve takas i\u015flemleri i\u00e7in u\u00e7tan uca sorunsuz bir deneyim sa\u011flay\u0131n.\" \/>\n<meta name=\"robots\" content=\"index, follow, max-snippet:-1, max-image-preview:large, max-video-preview:-1\" \/>\n<link rel=\"canonical\" href=\"https:\/\/autorolasolutions.com\/digital-ecosystem\/products\/inspection-and-trade-in-app\/\" \/>\n<meta property=\"og:locale\" content=\"tr_TR\" \/>\n<meta property=\"og:type\" content=\"article\" \/>\n<meta property=\"og:title\" content=\"Takas Al\u0131m Uygulamas\u0131 \/ Takas Al\u0131m S\u00fcre\u00e7lerinizi Dijitalle\u015ftirin\" \/>\n<meta property=\"og:description\" content=\"Muayene ve Takas Uygulamam\u0131z ile otomotiv takas s\u00fcre\u00e7lerini kolayla\u015ft\u0131r\u0131n. Ara\u00e7 muayeneleri ve takas i\u015flemleri i\u00e7in u\u00e7tan uca sorunsuz bir deneyim sa\u011flay\u0131n.\" \/>\n<meta property=\"og:url\" content=\"https:\/\/autorolasolutions.com\/digital-ecosystem\/products\/inspection-and-trade-in-app\/\" \/>\n<meta property=\"og:site_name\" content=\"Autorola Solutions\" \/>\n<meta property=\"article:modified_time\" content=\"2025-01-30T08:58:21+00:00\" \/>\n<meta name=\"twitter:card\" content=\"summary_large_image\" \/>\n<meta name=\"twitter:label1\" content=\"Tahmini okuma s\u00fcresi\" \/>\n\t<meta name=\"twitter:data1\" content=\"2 dakika\" \/>\n<script type=\"application\/ld+json\" class=\"yoast-schema-graph\">{\"@context\":\"https:\/\/schema.org\",\"@graph\":[{\"@type\":\"WebPage\",\"@id\":\"https:\/\/autorolasolutions.com\/digital-ecosystem\/products\/inspection-and-trade-in-app\/\",\"url\":\"https:\/\/autorolasolutions.com\/digital-ecosystem\/products\/inspection-and-trade-in-app\/\",\"name\":\"Takas Al\u0131m Uygulamas\u0131 \/ Takas Al\u0131m S\u00fcre\u00e7lerinizi Dijitalle\u015ftirin\",\"isPartOf\":{\"@id\":\"https:\/\/autorolasolutions.com\/#website\"},\"primaryImageOfPage\":{\"@id\":\"https:\/\/autorolasolutions.com\/digital-ecosystem\/products\/inspection-and-trade-in-app\/#primaryimage\"},\"image\":{\"@id\":\"https:\/\/autorolasolutions.com\/digital-ecosystem\/products\/inspection-and-trade-in-app\/#primaryimage\"},\"thumbnailUrl\":\"https:\/\/autorolasolutions.com\/wp-content\/uploads\/2024\/07\/360Ipad.svg\",\"datePublished\":\"2023-02-28T12:55:45+00:00\",\"dateModified\":\"2025-01-30T08:58:21+00:00\",\"description\":\"Muayene ve Takas Uygulamam\u0131z ile otomotiv takas s\u00fcre\u00e7lerini kolayla\u015ft\u0131r\u0131n. Ara\u00e7 muayeneleri ve takas i\u015flemleri i\u00e7in u\u00e7tan uca sorunsuz bir deneyim sa\u011flay\u0131n.\",\"breadcrumb\":{\"@id\":\"https:\/\/autorolasolutions.com\/digital-ecosystem\/products\/inspection-and-trade-in-app\/#breadcrumb\"},\"inLanguage\":\"tr\",\"potentialAction\":[{\"@type\":\"ReadAction\",\"target\":[\"https:\/\/autorolasolutions.com\/digital-ecosystem\/products\/inspection-and-trade-in-app\/\"]}]},{\"@type\":\"ImageObject\",\"inLanguage\":\"tr\",\"@id\":\"https:\/\/autorolasolutions.com\/digital-ecosystem\/products\/inspection-and-trade-in-app\/#primaryimage\",\"url\":\"https:\/\/autorolasolutions.com\/wp-content\/uploads\/2024\/07\/360Ipad.svg\",\"contentUrl\":\"https:\/\/autorolasolutions.com\/wp-content\/uploads\/2024\/07\/360Ipad.svg\"},{\"@type\":\"BreadcrumbList\",\"@id\":\"https:\/\/autorolasolutions.com\/digital-ecosystem\/products\/inspection-and-trade-in-app\/#breadcrumb\",\"itemListElement\":[{\"@type\":\"ListItem\",\"position\":1,\"name\":\"Home\",\"item\":\"https:\/\/autorolasolutions.com\/\"},{\"@type\":\"ListItem\",\"position\":2,\"name\":\"Dijital Ekosistem\",\"item\":\"https:\/\/autorolasolutions.com\/digital-ecosystem\/\"},{\"@type\":\"ListItem\",\"position\":3,\"name\":\"\u00dcr\u00fcnler\",\"item\":\"https:\/\/autorolasolutions.com\/digital-ecosystem\/products\/\"},{\"@type\":\"ListItem\",\"position\":4,\"name\":\"Takas Al\u0131m Uygulamas\u0131\"}]},{\"@type\":\"WebSite\",\"@id\":\"https:\/\/autorolasolutions.com\/#website\",\"url\":\"https:\/\/autorolasolutions.com\/\",\"name\":\"Autorola Solutions\",\"description\":\"\",\"publisher\":{\"@id\":\"https:\/\/autorolasolutions.com\/#organization\"},\"potentialAction\":[{\"@type\":\"SearchAction\",\"target\":{\"@type\":\"EntryPoint\",\"urlTemplate\":\"https:\/\/autorolasolutions.com\/?s={search_term_string}\"},\"query-input\":{\"@type\":\"PropertyValueSpecification\",\"valueRequired\":true,\"valueName\":\"search_term_string\"}}],\"inLanguage\":\"tr\"},{\"@type\":\"Organization\",\"@id\":\"https:\/\/autorolasolutions.com\/#organization\",\"name\":\"Autorola Solutions\",\"url\":\"https:\/\/autorolasolutions.com\/\",\"logo\":{\"@type\":\"ImageObject\",\"inLanguage\":\"tr\",\"@id\":\"https:\/\/autorolasolutions.com\/#\/schema\/logo\/image\/\",\"url\":\"https:\/\/autorolasolutions.com\/wp-content\/uploads\/2025\/01\/Autorola_Solutions_Logo_Left_Screen_RGB.svg\",\"contentUrl\":\"https:\/\/autorolasolutions.com\/wp-content\/uploads\/2025\/01\/Autorola_Solutions_Logo_Left_Screen_RGB.svg\",\"width\":143,\"height\":44,\"caption\":\"Autorola Solutions\"},\"image\":{\"@id\":\"https:\/\/autorolasolutions.com\/#\/schema\/logo\/image\/\"},\"sameAs\":[\"https:\/\/www.linkedin.com\/company\/autorolasolutions\/\"]}]}<\/script>\n<!-- \/ Yoast SEO plugin. -->","yoast_head_json":{"title":"Takas Al\u0131m Uygulamas\u0131 \/ Takas Al\u0131m S\u00fcre\u00e7lerinizi Dijitalle\u015ftirin","description":"Muayene ve Takas Uygulamam\u0131z ile otomotiv takas s\u00fcre\u00e7lerini kolayla\u015ft\u0131r\u0131n. Ara\u00e7 muayeneleri ve takas i\u015flemleri i\u00e7in u\u00e7tan uca sorunsuz bir deneyim sa\u011flay\u0131n.","robots":{"index":"index","follow":"follow","max-snippet":"max-snippet:-1","max-image-preview":"max-image-preview:large","max-video-preview":"max-video-preview:-1"},"canonical":"https:\/\/autorolasolutions.com\/digital-ecosystem\/products\/inspection-and-trade-in-app\/","og_locale":"tr_TR","og_type":"article","og_title":"Takas Al\u0131m Uygulamas\u0131 \/ Takas Al\u0131m S\u00fcre\u00e7lerinizi Dijitalle\u015ftirin","og_description":"Muayene ve Takas Uygulamam\u0131z ile otomotiv takas s\u00fcre\u00e7lerini kolayla\u015ft\u0131r\u0131n. Ara\u00e7 muayeneleri ve takas i\u015flemleri i\u00e7in u\u00e7tan uca sorunsuz bir deneyim sa\u011flay\u0131n.","og_url":"https:\/\/autorolasolutions.com\/digital-ecosystem\/products\/inspection-and-trade-in-app\/","og_site_name":"Autorola Solutions","article_modified_time":"2025-01-30T08:58:21+00:00","twitter_card":"summary_large_image","twitter_misc":{"Tahmini okuma s\u00fcresi":"2 dakika"},"schema":{"@context":"https:\/\/schema.org","@graph":[{"@type":"WebPage","@id":"https:\/\/autorolasolutions.com\/digital-ecosystem\/products\/inspection-and-trade-in-app\/","url":"https:\/\/autorolasolutions.com\/digital-ecosystem\/products\/inspection-and-trade-in-app\/","name":"Takas Al\u0131m Uygulamas\u0131 \/ Takas Al\u0131m S\u00fcre\u00e7lerinizi Dijitalle\u015ftirin","isPartOf":{"@id":"https:\/\/autorolasolutions.com\/#website"},"primaryImageOfPage":{"@id":"https:\/\/autorolasolutions.com\/digital-ecosystem\/products\/inspection-and-trade-in-app\/#primaryimage"},"image":{"@id":"https:\/\/autorolasolutions.com\/digital-ecosystem\/products\/inspection-and-trade-in-app\/#primaryimage"},"thumbnailUrl":"https:\/\/autorolasolutions.com\/wp-content\/uploads\/2024\/07\/360Ipad.svg","datePublished":"2023-02-28T12:55:45+00:00","dateModified":"2025-01-30T08:58:21+00:00","description":"Muayene ve Takas Uygulamam\u0131z ile otomotiv takas s\u00fcre\u00e7lerini kolayla\u015ft\u0131r\u0131n. Ara\u00e7 muayeneleri ve takas i\u015flemleri i\u00e7in u\u00e7tan uca sorunsuz bir deneyim sa\u011flay\u0131n.","breadcrumb":{"@id":"https:\/\/autorolasolutions.com\/digital-ecosystem\/products\/inspection-and-trade-in-app\/#breadcrumb"},"inLanguage":"tr","potentialAction":[{"@type":"ReadAction","target":["https:\/\/autorolasolutions.com\/digital-ecosystem\/products\/inspection-and-trade-in-app\/"]}]},{"@type":"ImageObject","inLanguage":"tr","@id":"https:\/\/autorolasolutions.com\/digital-ecosystem\/products\/inspection-and-trade-in-app\/#primaryimage","url":"https:\/\/autorolasolutions.com\/wp-content\/uploads\/2024\/07\/360Ipad.svg","contentUrl":"https:\/\/autorolasolutions.com\/wp-content\/uploads\/2024\/07\/360Ipad.svg"},{"@type":"BreadcrumbList","@id":"https:\/\/autorolasolutions.com\/digital-ecosystem\/products\/inspection-and-trade-in-app\/#breadcrumb","itemListElement":[{"@type":"ListItem","position":1,"name":"Home","item":"https:\/\/autorolasolutions.com\/"},{"@type":"ListItem","position":2,"name":"Dijital Ekosistem","item":"https:\/\/autorolasolutions.com\/digital-ecosystem\/"},{"@type":"ListItem","position":3,"name":"\u00dcr\u00fcnler","item":"https:\/\/autorolasolutions.com\/digital-ecosystem\/products\/"},{"@type":"ListItem","position":4,"name":"Takas Al\u0131m Uygulamas\u0131"}]},{"@type":"WebSite","@id":"https:\/\/autorolasolutions.com\/#website","url":"https:\/\/autorolasolutions.com\/","name":"Autorola Solutions","description":"","publisher":{"@id":"https:\/\/autorolasolutions.com\/#organization"},"potentialAction":[{"@type":"SearchAction","target":{"@type":"EntryPoint","urlTemplate":"https:\/\/autorolasolutions.com\/?s={search_term_string}"},"query-input":{"@type":"PropertyValueSpecification","valueRequired":true,"valueName":"search_term_string"}}],"inLanguage":"tr"},{"@type":"Organization","@id":"https:\/\/autorolasolutions.com\/#organization","name":"Autorola Solutions","url":"https:\/\/autorolasolutions.com\/","logo":{"@type":"ImageObject","inLanguage":"tr","@id":"https:\/\/autorolasolutions.com\/#\/schema\/logo\/image\/","url":"https:\/\/autorolasolutions.com\/wp-content\/uploads\/2025\/01\/Autorola_Solutions_Logo_Left_Screen_RGB.svg","contentUrl":"https:\/\/autorolasolutions.com\/wp-content\/uploads\/2025\/01\/Autorola_Solutions_Logo_Left_Screen_RGB.svg","width":143,"height":44,"caption":"Autorola Solutions"},"image":{"@id":"https:\/\/autorolasolutions.com\/#\/schema\/logo\/image\/"},"sameAs":["https:\/\/www.linkedin.com\/company\/autorolasolutions\/"]}]}},"_links":{"self":[{"href":"https:\/\/autorolasolutions.com\/tr\/wp-json\/wp\/v2\/pages\/18885","targetHints":{"allow":["GET"]}}],"collection":[{"href":"https:\/\/autorolasolutions.com\/tr\/wp-json\/wp\/v2\/pages"}],"about":[{"href":"https:\/\/autorolasolutions.com\/tr\/wp-json\/wp\/v2\/types\/page"}],"author":[{"embeddable":true,"href":"https:\/\/autorolasolutions.com\/tr\/wp-json\/wp\/v2\/users\/2"}],"replies":[{"embeddable":true,"href":"https:\/\/autorolasolutions.com\/tr\/wp-json\/wp\/v2\/comments?post=18885"}],"version-history":[{"count":18,"href":"https:\/\/autorolasolutions.com\/tr\/wp-json\/wp\/v2\/pages\/18885\/revisions"}],"predecessor-version":[{"id":54462,"href":"https:\/\/autorolasolutions.com\/tr\/wp-json\/wp\/v2\/pages\/18885\/revisions\/54462"}],"up":[{"embeddable":true,"href":"https:\/\/autorolasolutions.com\/tr\/wp-json\/wp\/v2\/pages\/18883"}],"wp:attachment":[{"href":"https:\/\/autorolasolutions.com\/tr\/wp-json\/wp\/v2\/media?parent=18885"}],"curies":[{"name":"wp","href":"https:\/\/api.w.org\/{rel}","templated":true}]}}