{"id":29250,"date":"2024-08-13T12:29:42","date_gmt":"2024-08-13T10:29:42","guid":{"rendered":"https:\/\/autorolasolutions.com\/?page_id=29250"},"modified":"2025-01-30T09:57:55","modified_gmt":"2025-01-30T08:57:55","slug":"takas-alim-cozumu","status":"publish","type":"page","link":"https:\/\/autorolasolutions.com\/tr\/dijital-ekosistem\/urunler\/takas-alim-cozumu\/","title":{"rendered":"Takas Al\u0131m \u00c7\u00f6z\u00fcm\u00fc"},"content":{"rendered":"\t\t<div data-elementor-type=\"wp-page\" data-elementor-id=\"29250\" class=\"elementor elementor-29250\" data-elementor-post-type=\"page\">\n\t\t\t\t\t\t<section class=\"elementor-section elementor-top-section elementor-element elementor-element-4f8f94b elementor-section-boxed elementor-section-height-default elementor-section-height-default\" data-id=\"4f8f94b\" data-element_type=\"section\" data-e-type=\"section\">\n\t\t\t\t\t\t<div class=\"elementor-container elementor-column-gap-default\">\n\t\t\t\t\t<div class=\"elementor-column elementor-col-50 elementor-top-column elementor-element elementor-element-a301ee1\" data-id=\"a301ee1\" data-element_type=\"column\" data-e-type=\"column\">\n\t\t\t<div class=\"elementor-widget-wrap elementor-element-populated\">\n\t\t\t\t\t\t<div class=\"elementor-element elementor-element-46830d5 elementor-widget elementor-widget-text-editor\" data-id=\"46830d5\" data-element_type=\"widget\" data-e-type=\"widget\" data-widget_type=\"text-editor.default\">\n\t\t\t\t<div class=\"elementor-widget-container\">\n\t\t\t\t\t\t\t\t\t<h1>Takas Al\u0131m S\u00fcrecimiz<\/h1><p>Autorola&#8217;n\u0131n Takas Al\u0131m \u00c7\u00f6z\u00fcm\u00fc, m\u00fc\u015fterilerinize mevcut ara\u00e7lar\u0131n\u0131 sorunsuz ve etkili bir \u015fekilde takas etmelerini sa\u011flayacak \u015fekilde tasarlanm\u0131\u015ft\u0131r. Sadece 4 ad\u0131mda, takas al\u0131m s\u00fcrecinizi optimize edebilirsiniz:<\/p><ol><li>Takas Al\u0131m Uygulamas\u0131 ile herhangi bir arac\u0131n kolayca ekspertizini yap\u0131n<\/li><li>Ger\u00e7ek zamanl\u0131 piyasa de\u011ferlemeleriyle sat\u0131\u015f stratejinizi optimize edin<\/li><li>Fiyat\u0131n\u0131z\u0131 iletin ve s\u00fcreci takip edin<\/li><li>T\u00fcm takas al\u0131m s\u00fcrecini 30 dakikada y\u00f6netin<\/li><\/ol><p>Ara\u00e7 de\u011fi\u015fiminde zahmetsiz ve uygun maliyetli bir yol sunar ve profesyonel ekspertizlerin ve \u015feffaf bir s\u00fcrecin ek g\u00fcvencesini sa\u011flar. M\u00fc\u015fterilerin takas ara\u00e7lar\u0131 i\u00e7in adil ve do\u011fru bir de\u011ferleme almas\u0131n\u0131 sa\u011flayarak i\u015flemin sorunsuz ve g\u00fcvenilir olmas\u0131n\u0131 sa\u011flar.<\/p><p>Genel olarak, ara\u00e7 takaslar\u0131nda zamandan tasarruf sa\u011flayan ve kullan\u0131\u015fl\u0131 bir yakla\u015f\u0131m olup m\u00fc\u015fterilerinize de\u011fer ve memnuniyet sunar.<\/p>\t\t\t\t\t\t\t\t<\/div>\n\t\t\t\t<\/div>\n\t\t\t\t<div class=\"elementor-element elementor-element-844d72c elementor-align-center elementor-widget elementor-widget-button\" data-id=\"844d72c\" data-element_type=\"widget\" data-e-type=\"widget\" data-widget_type=\"button.default\">\n\t\t\t\t<div class=\"elementor-widget-container\">\n\t\t\t\t\t\t\t\t\t<div class=\"elementor-button-wrapper\">\n\t\t\t\t\t<a class=\"elementor-button elementor-button-link elementor-size-sm elementor-animation-grow\" href=\"https:\/\/autorolasolutions.com\/tr\/iletisim\/\">\n\t\t\t\t\t\t<span class=\"elementor-button-content-wrapper\">\n\t\t\t\t\t\t<span class=\"elementor-button-icon\">\n\t\t\t\t<i aria-hidden=\"true\" class=\"fas fa-arrow-right\"><\/i>\t\t\t<\/span>\n\t\t\t\t\t\t\t\t\t<span class=\"elementor-button-text\">Bizimle \u0130leti\u015fime Ge\u00e7in<\/span>\n\t\t\t\t\t<\/span>\n\t\t\t\t\t<\/a>\n\t\t\t\t<\/div>\n\t\t\t\t\t\t\t\t<\/div>\n\t\t\t\t<\/div>\n\t\t\t\t\t<\/div>\n\t\t<\/div>\n\t\t\t\t<div class=\"elementor-column elementor-col-50 elementor-top-column elementor-element elementor-element-d29aa62\" data-id=\"d29aa62\" data-element_type=\"column\" data-e-type=\"column\">\n\t\t\t<div class=\"elementor-widget-wrap elementor-element-populated\">\n\t\t\t\t\t\t<div class=\"elementor-element elementor-element-b772dfc elementor-widget elementor-widget-image\" data-id=\"b772dfc\" data-element_type=\"widget\" data-e-type=\"widget\" data-widget_type=\"image.default\">\n\t\t\t\t<div class=\"elementor-widget-container\">\n\t\t\t\t\t\t\t\t\t\t\t\t\t\t\t<img fetchpriority=\"high\" decoding=\"async\" width=\"833\" height=\"576\" src=\"https:\/\/autorolasolutions.com\/wp-content\/uploads\/2025\/01\/Autorola_Solutions_Web_Timecycle_01.png\" class=\"attachment-large size-large wp-image-51682\" alt=\"\" srcset=\"https:\/\/autorolasolutions.com\/wp-content\/uploads\/2025\/01\/Autorola_Solutions_Web_Timecycle_01.png 833w, https:\/\/autorolasolutions.com\/wp-content\/uploads\/2025\/01\/Autorola_Solutions_Web_Timecycle_01-300x207.png 300w, https:\/\/autorolasolutions.com\/wp-content\/uploads\/2025\/01\/Autorola_Solutions_Web_Timecycle_01-768x531.png 768w\" sizes=\"(max-width: 833px) 100vw, 833px\" \/>\t\t\t\t\t\t\t\t\t\t\t\t\t\t\t<\/div>\n\t\t\t\t<\/div>\n\t\t\t\t\t<\/div>\n\t\t<\/div>\n\t\t\t\t\t<\/div>\n\t\t<\/section>\n\t\t\t\t<section class=\"elementor-section elementor-top-section elementor-element elementor-element-1a324d9 elementor-section-boxed elementor-section-height-default elementor-section-height-default\" data-id=\"1a324d9\" data-element_type=\"section\" data-e-type=\"section\">\n\t\t\t\t\t\t<div class=\"elementor-container elementor-column-gap-default\">\n\t\t\t\t\t<div class=\"elementor-column elementor-col-100 elementor-top-column elementor-element elementor-element-08cf7ab\" data-id=\"08cf7ab\" data-element_type=\"column\" data-e-type=\"column\">\n\t\t\t<div class=\"elementor-widget-wrap elementor-element-populated\">\n\t\t\t\t\t\t<section class=\"elementor-section elementor-inner-section elementor-element elementor-element-9d9b571 elementor-section-boxed elementor-section-height-default elementor-section-height-default\" data-id=\"9d9b571\" data-element_type=\"section\" data-e-type=\"section\">\n\t\t\t\t\t\t<div class=\"elementor-container elementor-column-gap-default\">\n\t\t\t\t\t<div class=\"elementor-column elementor-col-50 elementor-inner-column elementor-element elementor-element-ba345c5\" data-id=\"ba345c5\" data-element_type=\"column\" data-e-type=\"column\">\n\t\t\t<div class=\"elementor-widget-wrap elementor-element-populated\">\n\t\t\t\t\t\t<div class=\"elementor-element elementor-element-84c76f4 elementor-widget elementor-widget-video\" data-id=\"84c76f4\" data-element_type=\"widget\" data-e-type=\"widget\" data-settings=\"{&quot;video_type&quot;:&quot;vimeo&quot;}\" data-widget_type=\"video.default\">\n\t\t\t\t<div class=\"elementor-widget-container\">\n\t\t\t\t\t\t\t<div class=\"elementor-wrapper elementor-open-inline\">\n\t\t\t<iframe class=\"elementor-video-iframe\" allowfullscreen allow=\"clipboard-write\" title=\"vimeo Video Oynat\u0131c\u0131\" src=\"https:\/\/player.vimeo.com\/video\/756696243?color&amp;autopause=0&amp;loop=0&amp;muted=0&amp;title=1&amp;portrait=1&amp;byline=1#t=\"><\/iframe>\t\t<\/div>\n\t\t\t\t\t\t<\/div>\n\t\t\t\t<\/div>\n\t\t\t\t\t<\/div>\n\t\t<\/div>\n\t\t\t\t<div class=\"elementor-column elementor-col-50 elementor-inner-column elementor-element elementor-element-be7b5d0\" data-id=\"be7b5d0\" data-element_type=\"column\" data-e-type=\"column\">\n\t\t\t<div class=\"elementor-widget-wrap elementor-element-populated\">\n\t\t\t\t\t\t<div class=\"elementor-element elementor-element-629054c elementor-widget elementor-widget-text-editor\" data-id=\"629054c\" data-element_type=\"widget\" data-e-type=\"widget\" data-widget_type=\"text-editor.default\">\n\t\t\t\t<div class=\"elementor-widget-container\">\n\t\t\t\t\t\t\t\t\t<h3>\u0130\u015fletmelere de\u011fer katan, kolay ve zahmetsiz bir \u00e7\u00f6z\u00fcm.<\/h3><p>Videomuzu izleyin ve Autorola Solutions ile takas al\u0131m s\u00fcrecini ke\u015ffedin.<\/p>\t\t\t\t\t\t\t\t<\/div>\n\t\t\t\t<\/div>\n\t\t\t\t\t<\/div>\n\t\t<\/div>\n\t\t\t\t\t<\/div>\n\t\t<\/section>\n\t\t\t\t\t<\/div>\n\t\t<\/div>\n\t\t\t\t\t<\/div>\n\t\t<\/section>\n\t\t\t\t<\/div>\n\t\t","protected":false},"excerpt":{"rendered":"<p>Takas Al\u0131m S\u00fcrecimiz Autorola&#8217;n\u0131n Takas Al\u0131m \u00c7\u00f6z\u00fcm\u00fc, m\u00fc\u015fterilerinize mevcut ara\u00e7lar\u0131n\u0131 sorunsuz ve etkili bir \u015fekilde takas etmelerini sa\u011flayacak \u015fekilde tasarlanm\u0131\u015ft\u0131r. Sadece 4 ad\u0131mda, takas al\u0131m s\u00fcrecinizi optimize edebilirsiniz: Takas Al\u0131m Uygulamas\u0131 ile herhangi bir arac\u0131n kolayca ekspertizini yap\u0131n Ger\u00e7ek zamanl\u0131 piyasa de\u011ferlemeleriyle sat\u0131\u015f stratejinizi optimize edin Fiyat\u0131n\u0131z\u0131 iletin ve s\u00fcreci takip edin T\u00fcm takas al\u0131m [&hellip;]<\/p>\n","protected":false},"author":12,"featured_media":0,"parent":18883,"menu_order":0,"comment_status":"closed","ping_status":"closed","template":"","meta":{"_acf_changed":false,"inline_featured_image":false,"site-sidebar-layout":"no-sidebar","site-content-layout":"page-builder","ast-site-content-layout":"full-width-container","site-content-style":"default","site-sidebar-style":"default","ast-global-header-display":"","ast-banner-title-visibility":"","ast-main-header-display":"","ast-hfb-above-header-display":"","ast-hfb-below-header-display":"","ast-hfb-mobile-header-display":"","site-post-title":"disabled","ast-breadcrumbs-content":"","ast-featured-img":"disabled","footer-sml-layout":"","theme-transparent-header-meta":"","adv-header-id-meta":"","stick-header-meta":"","header-above-stick-meta":"","header-main-stick-meta":"","header-below-stick-meta":"","astra-migrate-meta-layouts":"set","ast-page-background-enabled":"default","ast-page-background-meta":{"desktop":{"background-color":"","background-image":"","background-repeat":"repeat","background-position":"center center","background-size":"auto","background-attachment":"scroll","background-type":"","background-media":"","overlay-type":"","overlay-color":"","overlay-opacity":"","overlay-gradient":""},"tablet":{"background-color":"","background-image":"","background-repeat":"repeat","background-position":"center center","background-size":"auto","background-attachment":"scroll","background-type":"","background-media":"","overlay-type":"","overlay-color":"","overlay-opacity":"","overlay-gradient":""},"mobile":{"background-color":"","background-image":"","background-repeat":"repeat","background-position":"center center","background-size":"auto","background-attachment":"scroll","background-type":"","background-media":"","overlay-type":"","overlay-color":"","overlay-opacity":"","overlay-gradient":""}},"ast-content-background-meta":{"desktop":{"background-color":"var(--ast-global-color-5)","background-image":"","background-repeat":"repeat","background-position":"center center","background-size":"auto","background-attachment":"scroll","background-type":"","background-media":"","overlay-type":"","overlay-color":"","overlay-opacity":"","overlay-gradient":""},"tablet":{"background-color":"var(--ast-global-color-5)","background-image":"","background-repeat":"repeat","background-position":"center center","background-size":"auto","background-attachment":"scroll","background-type":"","background-media":"","overlay-type":"","overlay-color":"","overlay-opacity":"","overlay-gradient":""},"mobile":{"background-color":"var(--ast-global-color-5)","background-image":"","background-repeat":"repeat","background-position":"center center","background-size":"auto","background-attachment":"scroll","background-type":"","background-media":"","overlay-type":"","overlay-color":"","overlay-opacity":"","overlay-gradient":""}},"footnotes":""},"class_list":["post-29250","page","type-page","status-publish","hentry"],"acf":[],"yoast_head":"<!-- This site is optimized with the Yoast SEO plugin v27.0 - https:\/\/yoast.com\/product\/yoast-seo-wordpress\/ -->\n<title>Takas Al\u0131m \u00c7\u00f6z\u00fcm\u00fc - Autorola Solutions<\/title>\n<meta name=\"robots\" content=\"index, follow, max-snippet:-1, max-image-preview:large, max-video-preview:-1\" \/>\n<link rel=\"canonical\" href=\"https:\/\/autorolasolutions.com\/tr\/dijital-ekosistem\/urunler\/takas-alim-cozumu\/\" \/>\n<meta property=\"og:locale\" content=\"tr_TR\" \/>\n<meta property=\"og:type\" content=\"article\" \/>\n<meta property=\"og:title\" content=\"Takas Al\u0131m \u00c7\u00f6z\u00fcm\u00fc - Autorola Solutions\" \/>\n<meta property=\"og:description\" content=\"Takas Al\u0131m S\u00fcrecimiz Autorola&#8217;n\u0131n Takas Al\u0131m \u00c7\u00f6z\u00fcm\u00fc, m\u00fc\u015fterilerinize mevcut ara\u00e7lar\u0131n\u0131 sorunsuz ve etkili bir \u015fekilde takas etmelerini sa\u011flayacak \u015fekilde tasarlanm\u0131\u015ft\u0131r. Sadece 4 ad\u0131mda, takas al\u0131m s\u00fcrecinizi optimize edebilirsiniz: Takas Al\u0131m Uygulamas\u0131 ile herhangi bir arac\u0131n kolayca ekspertizini yap\u0131n Ger\u00e7ek zamanl\u0131 piyasa de\u011ferlemeleriyle sat\u0131\u015f stratejinizi optimize edin Fiyat\u0131n\u0131z\u0131 iletin ve s\u00fcreci takip edin T\u00fcm takas al\u0131m [&hellip;]\" \/>\n<meta property=\"og:url\" content=\"https:\/\/autorolasolutions.com\/tr\/dijital-ekosistem\/urunler\/takas-alim-cozumu\/\" \/>\n<meta property=\"og:site_name\" content=\"Autorola Solutions\" \/>\n<meta property=\"article:modified_time\" content=\"2025-01-30T08:57:55+00:00\" \/>\n<meta property=\"og:image\" content=\"https:\/\/autorolasolutions.com\/wp-content\/uploads\/2025\/01\/Autorola_Solutions_Web_Timecycle_01.png\" \/>\n\t<meta property=\"og:image:width\" content=\"833\" \/>\n\t<meta property=\"og:image:height\" content=\"576\" \/>\n\t<meta property=\"og:image:type\" content=\"image\/png\" \/>\n<meta name=\"twitter:card\" content=\"summary_large_image\" \/>\n<meta name=\"twitter:label1\" content=\"Tahmini okuma s\u00fcresi\" \/>\n\t<meta name=\"twitter:data1\" content=\"1 dakika\" \/>\n<script type=\"application\/ld+json\" class=\"yoast-schema-graph\">{\"@context\":\"https:\/\/schema.org\",\"@graph\":[{\"@type\":\"WebPage\",\"@id\":\"https:\/\/autorolasolutions.com\/tr\/dijital-ekosistem\/urunler\/takas-alim-cozumu\/\",\"url\":\"https:\/\/autorolasolutions.com\/tr\/dijital-ekosistem\/urunler\/takas-alim-cozumu\/\",\"name\":\"Takas Al\u0131m \u00c7\u00f6z\u00fcm\u00fc - Autorola Solutions\",\"isPartOf\":{\"@id\":\"https:\/\/autorolasolutions.com\/#website\"},\"primaryImageOfPage\":{\"@id\":\"https:\/\/autorolasolutions.com\/tr\/dijital-ekosistem\/urunler\/takas-alim-cozumu\/#primaryimage\"},\"image\":{\"@id\":\"https:\/\/autorolasolutions.com\/tr\/dijital-ekosistem\/urunler\/takas-alim-cozumu\/#primaryimage\"},\"thumbnailUrl\":\"https:\/\/autorolasolutions.com\/wp-content\/uploads\/2025\/01\/Autorola_Solutions_Web_Timecycle_01.png\",\"datePublished\":\"2024-08-13T10:29:42+00:00\",\"dateModified\":\"2025-01-30T08:57:55+00:00\",\"breadcrumb\":{\"@id\":\"https:\/\/autorolasolutions.com\/tr\/dijital-ekosistem\/urunler\/takas-alim-cozumu\/#breadcrumb\"},\"inLanguage\":\"tr\",\"potentialAction\":[{\"@type\":\"ReadAction\",\"target\":[\"https:\/\/autorolasolutions.com\/tr\/dijital-ekosistem\/urunler\/takas-alim-cozumu\/\"]}]},{\"@type\":\"ImageObject\",\"inLanguage\":\"tr\",\"@id\":\"https:\/\/autorolasolutions.com\/tr\/dijital-ekosistem\/urunler\/takas-alim-cozumu\/#primaryimage\",\"url\":\"https:\/\/autorolasolutions.com\/wp-content\/uploads\/2025\/01\/Autorola_Solutions_Web_Timecycle_01.png\",\"contentUrl\":\"https:\/\/autorolasolutions.com\/wp-content\/uploads\/2025\/01\/Autorola_Solutions_Web_Timecycle_01.png\"},{\"@type\":\"BreadcrumbList\",\"@id\":\"https:\/\/autorolasolutions.com\/tr\/dijital-ekosistem\/urunler\/takas-alim-cozumu\/#breadcrumb\",\"itemListElement\":[{\"@type\":\"ListItem\",\"position\":1,\"name\":\"Home\",\"item\":\"https:\/\/autorolasolutions.com\/\"},{\"@type\":\"ListItem\",\"position\":2,\"name\":\"Dijital Ekosistem\",\"item\":\"https:\/\/autorolasolutions.com\/digital-ecosystem\/\"},{\"@type\":\"ListItem\",\"position\":3,\"name\":\"\u00dcr\u00fcnler\",\"item\":\"https:\/\/autorolasolutions.com\/digital-ecosystem\/products\/\"},{\"@type\":\"ListItem\",\"position\":4,\"name\":\"Takas Al\u0131m \u00c7\u00f6z\u00fcm\u00fc\"}]},{\"@type\":\"WebSite\",\"@id\":\"https:\/\/autorolasolutions.com\/#website\",\"url\":\"https:\/\/autorolasolutions.com\/\",\"name\":\"Autorola Solutions\",\"description\":\"\",\"publisher\":{\"@id\":\"https:\/\/autorolasolutions.com\/#organization\"},\"potentialAction\":[{\"@type\":\"SearchAction\",\"target\":{\"@type\":\"EntryPoint\",\"urlTemplate\":\"https:\/\/autorolasolutions.com\/?s={search_term_string}\"},\"query-input\":{\"@type\":\"PropertyValueSpecification\",\"valueRequired\":true,\"valueName\":\"search_term_string\"}}],\"inLanguage\":\"tr\"},{\"@type\":\"Organization\",\"@id\":\"https:\/\/autorolasolutions.com\/#organization\",\"name\":\"Autorola Solutions\",\"url\":\"https:\/\/autorolasolutions.com\/\",\"logo\":{\"@type\":\"ImageObject\",\"inLanguage\":\"tr\",\"@id\":\"https:\/\/autorolasolutions.com\/#\/schema\/logo\/image\/\",\"url\":\"https:\/\/autorolasolutions.com\/wp-content\/uploads\/2025\/01\/Autorola_Solutions_Logo_Left_Screen_RGB.svg\",\"contentUrl\":\"https:\/\/autorolasolutions.com\/wp-content\/uploads\/2025\/01\/Autorola_Solutions_Logo_Left_Screen_RGB.svg\",\"width\":143,\"height\":44,\"caption\":\"Autorola Solutions\"},\"image\":{\"@id\":\"https:\/\/autorolasolutions.com\/#\/schema\/logo\/image\/\"},\"sameAs\":[\"https:\/\/www.linkedin.com\/company\/autorolasolutions\/\"]}]}<\/script>\n<!-- \/ Yoast SEO plugin. -->","yoast_head_json":{"title":"Takas Al\u0131m \u00c7\u00f6z\u00fcm\u00fc - Autorola Solutions","robots":{"index":"index","follow":"follow","max-snippet":"max-snippet:-1","max-image-preview":"max-image-preview:large","max-video-preview":"max-video-preview:-1"},"canonical":"https:\/\/autorolasolutions.com\/tr\/dijital-ekosistem\/urunler\/takas-alim-cozumu\/","og_locale":"tr_TR","og_type":"article","og_title":"Takas Al\u0131m \u00c7\u00f6z\u00fcm\u00fc - Autorola Solutions","og_description":"Takas Al\u0131m S\u00fcrecimiz Autorola&#8217;n\u0131n Takas Al\u0131m \u00c7\u00f6z\u00fcm\u00fc, m\u00fc\u015fterilerinize mevcut ara\u00e7lar\u0131n\u0131 sorunsuz ve etkili bir \u015fekilde takas etmelerini sa\u011flayacak \u015fekilde tasarlanm\u0131\u015ft\u0131r. Sadece 4 ad\u0131mda, takas al\u0131m s\u00fcrecinizi optimize edebilirsiniz: Takas Al\u0131m Uygulamas\u0131 ile herhangi bir arac\u0131n kolayca ekspertizini yap\u0131n Ger\u00e7ek zamanl\u0131 piyasa de\u011ferlemeleriyle sat\u0131\u015f stratejinizi optimize edin Fiyat\u0131n\u0131z\u0131 iletin ve s\u00fcreci takip edin T\u00fcm takas al\u0131m [&hellip;]","og_url":"https:\/\/autorolasolutions.com\/tr\/dijital-ekosistem\/urunler\/takas-alim-cozumu\/","og_site_name":"Autorola Solutions","article_modified_time":"2025-01-30T08:57:55+00:00","og_image":[{"width":833,"height":576,"url":"https:\/\/autorolasolutions.com\/wp-content\/uploads\/2025\/01\/Autorola_Solutions_Web_Timecycle_01.png","type":"image\/png"}],"twitter_card":"summary_large_image","twitter_misc":{"Tahmini okuma s\u00fcresi":"1 dakika"},"schema":{"@context":"https:\/\/schema.org","@graph":[{"@type":"WebPage","@id":"https:\/\/autorolasolutions.com\/tr\/dijital-ekosistem\/urunler\/takas-alim-cozumu\/","url":"https:\/\/autorolasolutions.com\/tr\/dijital-ekosistem\/urunler\/takas-alim-cozumu\/","name":"Takas Al\u0131m \u00c7\u00f6z\u00fcm\u00fc - Autorola Solutions","isPartOf":{"@id":"https:\/\/autorolasolutions.com\/#website"},"primaryImageOfPage":{"@id":"https:\/\/autorolasolutions.com\/tr\/dijital-ekosistem\/urunler\/takas-alim-cozumu\/#primaryimage"},"image":{"@id":"https:\/\/autorolasolutions.com\/tr\/dijital-ekosistem\/urunler\/takas-alim-cozumu\/#primaryimage"},"thumbnailUrl":"https:\/\/autorolasolutions.com\/wp-content\/uploads\/2025\/01\/Autorola_Solutions_Web_Timecycle_01.png","datePublished":"2024-08-13T10:29:42+00:00","dateModified":"2025-01-30T08:57:55+00:00","breadcrumb":{"@id":"https:\/\/autorolasolutions.com\/tr\/dijital-ekosistem\/urunler\/takas-alim-cozumu\/#breadcrumb"},"inLanguage":"tr","potentialAction":[{"@type":"ReadAction","target":["https:\/\/autorolasolutions.com\/tr\/dijital-ekosistem\/urunler\/takas-alim-cozumu\/"]}]},{"@type":"ImageObject","inLanguage":"tr","@id":"https:\/\/autorolasolutions.com\/tr\/dijital-ekosistem\/urunler\/takas-alim-cozumu\/#primaryimage","url":"https:\/\/autorolasolutions.com\/wp-content\/uploads\/2025\/01\/Autorola_Solutions_Web_Timecycle_01.png","contentUrl":"https:\/\/autorolasolutions.com\/wp-content\/uploads\/2025\/01\/Autorola_Solutions_Web_Timecycle_01.png"},{"@type":"BreadcrumbList","@id":"https:\/\/autorolasolutions.com\/tr\/dijital-ekosistem\/urunler\/takas-alim-cozumu\/#breadcrumb","itemListElement":[{"@type":"ListItem","position":1,"name":"Home","item":"https:\/\/autorolasolutions.com\/"},{"@type":"ListItem","position":2,"name":"Dijital Ekosistem","item":"https:\/\/autorolasolutions.com\/digital-ecosystem\/"},{"@type":"ListItem","position":3,"name":"\u00dcr\u00fcnler","item":"https:\/\/autorolasolutions.com\/digital-ecosystem\/products\/"},{"@type":"ListItem","position":4,"name":"Takas Al\u0131m \u00c7\u00f6z\u00fcm\u00fc"}]},{"@type":"WebSite","@id":"https:\/\/autorolasolutions.com\/#website","url":"https:\/\/autorolasolutions.com\/","name":"Autorola Solutions","description":"","publisher":{"@id":"https:\/\/autorolasolutions.com\/#organization"},"potentialAction":[{"@type":"SearchAction","target":{"@type":"EntryPoint","urlTemplate":"https:\/\/autorolasolutions.com\/?s={search_term_string}"},"query-input":{"@type":"PropertyValueSpecification","valueRequired":true,"valueName":"search_term_string"}}],"inLanguage":"tr"},{"@type":"Organization","@id":"https:\/\/autorolasolutions.com\/#organization","name":"Autorola Solutions","url":"https:\/\/autorolasolutions.com\/","logo":{"@type":"ImageObject","inLanguage":"tr","@id":"https:\/\/autorolasolutions.com\/#\/schema\/logo\/image\/","url":"https:\/\/autorolasolutions.com\/wp-content\/uploads\/2025\/01\/Autorola_Solutions_Logo_Left_Screen_RGB.svg","contentUrl":"https:\/\/autorolasolutions.com\/wp-content\/uploads\/2025\/01\/Autorola_Solutions_Logo_Left_Screen_RGB.svg","width":143,"height":44,"caption":"Autorola Solutions"},"image":{"@id":"https:\/\/autorolasolutions.com\/#\/schema\/logo\/image\/"},"sameAs":["https:\/\/www.linkedin.com\/company\/autorolasolutions\/"]}]}},"_links":{"self":[{"href":"https:\/\/autorolasolutions.com\/tr\/wp-json\/wp\/v2\/pages\/29250","targetHints":{"allow":["GET"]}}],"collection":[{"href":"https:\/\/autorolasolutions.com\/tr\/wp-json\/wp\/v2\/pages"}],"about":[{"href":"https:\/\/autorolasolutions.com\/tr\/wp-json\/wp\/v2\/types\/page"}],"author":[{"embeddable":true,"href":"https:\/\/autorolasolutions.com\/tr\/wp-json\/wp\/v2\/users\/12"}],"replies":[{"embeddable":true,"href":"https:\/\/autorolasolutions.com\/tr\/wp-json\/wp\/v2\/comments?post=29250"}],"version-history":[{"count":17,"href":"https:\/\/autorolasolutions.com\/tr\/wp-json\/wp\/v2\/pages\/29250\/revisions"}],"predecessor-version":[{"id":54459,"href":"https:\/\/autorolasolutions.com\/tr\/wp-json\/wp\/v2\/pages\/29250\/revisions\/54459"}],"up":[{"embeddable":true,"href":"https:\/\/autorolasolutions.com\/tr\/wp-json\/wp\/v2\/pages\/18883"}],"wp:attachment":[{"href":"https:\/\/autorolasolutions.com\/tr\/wp-json\/wp\/v2\/media?parent=29250"}],"curies":[{"name":"wp","href":"https:\/\/api.w.org\/{rel}","templated":true}]}}