{"id":4045,"date":"2021-11-09T12:36:14","date_gmt":"2021-11-09T11:36:14","guid":{"rendered":"https:\/\/autorolasolutions.com\/solutions\/challenge\/reduce-costs\/"},"modified":"2025-01-30T09:55:42","modified_gmt":"2025-01-30T08:55:42","slug":"maliyetleri-azaltmak","status":"publish","type":"page","link":"https:\/\/autorolasolutions.com\/tr\/solutions\/rekabet\/maliyetleri-azaltmak\/","title":{"rendered":"Maliyetleri azaltmak"},"content":{"rendered":"\t\t<div data-elementor-type=\"wp-page\" data-elementor-id=\"4045\" class=\"elementor elementor-4045 elementor-113\" data-elementor-post-type=\"page\">\n\t\t\t\t\t\t<section class=\"elementor-section elementor-top-section elementor-element elementor-element-4896b4f elementor-section-boxed elementor-section-height-default elementor-section-height-default\" data-id=\"4896b4f\" data-element_type=\"section\" data-e-type=\"section\">\n\t\t\t\t\t\t<div class=\"elementor-container elementor-column-gap-default\">\n\t\t\t\t\t<div class=\"elementor-column elementor-col-100 elementor-top-column elementor-element elementor-element-6046263\" data-id=\"6046263\" data-element_type=\"column\" data-e-type=\"column\">\n\t\t\t<div class=\"elementor-widget-wrap elementor-element-populated\">\n\t\t\t\t\t\t<div class=\"elementor-element elementor-element-9c4c65c elementor-widget elementor-widget-text-editor\" data-id=\"9c4c65c\" data-element_type=\"widget\" data-e-type=\"widget\" data-widget_type=\"text-editor.default\">\n\t\t\t\t<div class=\"elementor-widget-container\">\n\t\t\t\t\t\t\t\t\t<h1>Maliyet Optimizasyonu<\/h1><h2>S\u00fcre\u00e7lerinizde maliyetleri nas\u0131l azaltabilirsiniz?<\/h2><p>\u00d6zellikle ara\u00e7 ticareti ve kiralama i\u015finde vakit nakittir. Ara\u00e7 ba\u015f\u0131 maliyetlerizi artt\u0131ran gecikmeler, genellikle ara\u00e7 ya\u015fam d\u00f6ng\u00fcs\u00fcnde meydana gelir, bu da kar\u0131n\u0131z\u0131 azalt\u0131r. Filo Monit\u00f6r\u00fc proaktif s\u00fcre\u00e7 y\u00f6netimi ile g\u00fcnl\u00fck i\u015flerinizi optimize etmenizi sa\u011flar. Tamamen dijitalle\u015ftirilmi\u015f ve otomatikle\u015ftirilmi\u015f bir s\u00fcre\u00e7 ve sistem ortam\u0131, k\u00e2rl\u0131l\u0131\u011f\u0131n\u0131z\u0131 olumlu y\u00f6nde etkiler. B\u00fct\u00fcnsel olarak bak\u0131ld\u0131\u011f\u0131nda, at\u0131l zaman\u0131n\u0131zda ve i\u015f y\u00fck\u00fcn\u00fczde azalma, maliyetlerinizde g\u00f6zle g\u00f6r\u00fcl\u00fcr tasarrufa yol a\u00e7ar.<\/p><ol><li><strong>S\u00fcre\u00e7lerinizi kolayla\u015ft\u0131r\u0131n:<\/strong> \u0130\u015f ak\u0131\u015flar\u0131n\u0131z\u0131 g\u00f6zden ge\u00e7irin ve gereksiz veya otomatikle\u015ftirilebilecek ad\u0131mlar\u0131n\u0131z\u0131 tan\u0131mlay\u0131n. Bu yakla\u015f\u0131m, kesinti s\u00fcrelerinizin azalt\u0131lmas\u0131na ve verimlili\u011fin art\u0131r\u0131lmas\u0131na katk\u0131da bulunabilir, b\u00f6ylece maliyet tasarrufu sa\u011flayabilirsiniz.<\/li><li><strong>Otomasyonu uygulay\u0131n:<\/strong> Sipari\u015f y\u00f6netimi ve m\u00fc\u015fteri ileti\u015fimi gibi s\u00fcre\u00e7lerinizi kolayla\u015ft\u0131rmak i\u00e7in otomasyon ara\u00e7lar\u0131n\u0131 kullan\u0131n. Bu sayede hatalar\u0131n\u0131z\u0131 azaltabilir ve zamandan tasarruf sa\u011flayarak maliyetinizi azaltabilirsiniz.<\/li><li><strong>Dijital ara\u00e7lar\u0131 kullan\u0131n:<\/strong> Verilerinizi merkezile\u015ftirmek ve s\u00fcre\u00e7lerinizi kolayla\u015ft\u0131rmak i\u00e7in Filo Monit\u00f6r\u00fc gibi dijital ara\u00e7lar\u0131 tercih edebilirsiniz. Bu sayede manuel \u00e7al\u0131\u015fmalar\u0131n\u0131z\u0131 en aza indirerek, verimlili\u011finizi artt\u0131r\u0131r, maliyet tasarrufu sa\u011flayabilirsiniz.<\/li><li><strong>Tedarik zincirinizi optimize edin:<\/strong> Tedarik zincirinizi detayl\u0131 bir \u015fekilde g\u00f6zden ge\u00e7irin ve iyile\u015ftirebilece\u011finiz alanlar\u0131n\u0131z\u0131 belirleyin. Bu sayede lojistik s\u00fcre\u00e7lerinizi geli\u015ftirebilir, teslim s\u00fcrelerinizi k\u0131saltabilir ve kaynaklar\u0131n\u0131z\u0131 daha etkin bir \u015fekilde kullanabilirsiniz. Tedarik zincirinizi optimize ederek maliyetlerinizi azalt\u0131rken ve verimlili\u011finizi art\u0131rabilirsiniz.<\/li><li><strong>\u00d6l\u00e7\u00fcmlerinizi takip edin:<\/strong> Maliyetlerinizi, teslim s\u00fcrelerinizi ve envanter seviyelerinizi ve bunun gibi kritik \u00f6l\u00e7\u00fcmlerinizi d\u00fczenli olarak izleyin. Bu yakla\u015f\u0131m, iyile\u015ftirilebilecek alanlar\u0131 belirlemenize ve veri tabanl\u0131 kararlar alarak maliyet tasarrufu sa\u011flaman\u0131za yard\u0131mc\u0131 olabilir.<\/li><\/ol><p>Bu stratejileri Filo Monit\u00f6r\u00fc&#8217;nde kolayca uygulayarak s\u00fcre\u00e7lerinizi daha uygun maliyetli hale getirebilir, b\u00f6ylece karl\u0131l\u0131\u011f\u0131n\u0131z\u0131 art\u0131rabilir ve marjlar\u0131n\u0131z\u0131 iyile\u015ftirebilirsiniz.<\/p>\t\t\t\t\t\t\t\t<\/div>\n\t\t\t\t<\/div>\n\t\t\t\t\t<\/div>\n\t\t<\/div>\n\t\t\t\t\t<\/div>\n\t\t<\/section>\n\t\t\t\t<section class=\"elementor-section elementor-top-section elementor-element elementor-element-1a60ee0 elementor-section-full_width elementor-section-height-default elementor-section-height-default\" data-id=\"1a60ee0\" data-element_type=\"section\" data-e-type=\"section\" data-settings=\"{&quot;background_background&quot;:&quot;classic&quot;}\">\n\t\t\t\t\t\t<div class=\"elementor-container elementor-column-gap-default\">\n\t\t\t\t\t<div class=\"elementor-column elementor-col-50 elementor-top-column elementor-element elementor-element-7e56d32\" data-id=\"7e56d32\" data-element_type=\"column\" data-e-type=\"column\">\n\t\t\t<div class=\"elementor-widget-wrap elementor-element-populated\">\n\t\t\t\t\t\t<div class=\"elementor-element elementor-element-3757bea elementor-widget__width-initial elementor-widget elementor-widget-html\" data-id=\"3757bea\" data-element_type=\"widget\" data-e-type=\"widget\" data-widget_type=\"html.default\">\n\t\t\t\t<div class=\"elementor-widget-container\">\n\t\t\t\t\t<?xml version=\"1.0\" encoding=\"utf-8\"?>\n<!-- Generator: Adobe Illustrator 25.3.1, SVG Export Plug-In . SVG Version: 6.00 Build 0)  -->\n<svg class=\"kaeseecke\" version=\"1.1\" id=\"Ebene_2_1_\" xmlns=\"http:\/\/www.w3.org\/2000\/svg\" xmlns:xlink=\"http:\/\/www.w3.org\/1999\/xlink\" x=\"0px\" y=\"0px\"\n\t viewBox=\"0 0 960 960\" style=\"enable-background:new 0 0 960 960;\" xml:space=\"preserve\">\n<style type=\"text\/css\">\n\t.st0{fill:#9E9E9E;}\n<\/style>\n<polygon class=\"A st0\" points=\"209.4,778.6 445.3,492.9 80,431.6 \"\/>\n<g class=\"F\" id=\"Banken\">\n\t<defs>\n\t\t<polygon id=\"Banken_1_\" points=\"356.7,96.4 486.1,443.4 722,157.8 \t\t\"\/>\n\t<\/defs>\n\t<clipPath id=\"Banken_2_\">\n\t\t<use xlink:href=\"#Banken_1_\"  style=\"overflow:visible;\"\/>\n\t<\/clipPath>\n\t<g transform=\"matrix(1 0 0 1 1.525879e-05 0)\" style=\"clip-path:url(#Banken_2_);\">\n\t\t\n\t\t\t<image class=\"kaeseimage\" style=\"overflow:visible;\" width=\"1264\" height=\"843\" xlink:href=\"\/wp-content\/uploads\/2021\/09\/money-blau.png\"  transform=\"matrix(0.5459 0 0 0.5459 215 27.589)\">\n\t\t<\/image>\n\t<\/g>\n<\/g>\n<g class=\"C\" id=\"Haendler\">\n\t<defs>\n\t\t<polygon id=\"Haendler_1_\" points=\"514.7,467.1 880,528.4 750.6,181.4 \t\t\"\/>\n\t<\/defs>\n\t<clipPath id=\"Haendler_2_\">\n\t\t<use xlink:href=\"#Haendler_1_\"  style=\"overflow:visible;\"\/>\n\t<\/clipPath>\n\t<g transform=\"matrix(1 0 0 1 0 0)\" style=\"clip-path:url(#Haendler_2_);\">\n\t\t\n\t\t\t<image class=\"kaeseimage\" style=\"overflow:visible;\" width=\"2000\" height=\"953\" xlink:href=\"\/wp-content\/uploads\/2021\/09\/Shaking-hands-blau.png\"  transform=\"matrix(0.395 0 0 0.395 200.3094 156.043)\">\n\t\t<\/image>\n\t<\/g>\n<\/g>\n<g class=\"D\" id=\"Hersteller\">\n\t<defs>\n\t\t<polygon id=\"Hersteller_1_\" points=\"322,109.4 86.1,395 451.4,456.4 \t\t\"\/>\n\t<\/defs>\n\t<clipPath id=\"Hersteller_2_\">\n\t\t<use xlink:href=\"#Hersteller_1_\"  style=\"overflow:visible;\"\/>\n\t<\/clipPath>\n\t<g style=\"clip-path:url(#Hersteller_2_);\">\n\t\t\n\t\t\t<image class=\"kaeseimage\" style=\"overflow:visible;\" width=\"1070\" height=\"714\" xlink:href=\"\/wp-content\/uploads\/2021\/09\/Fahrzeugbau-blau.png\"  transform=\"matrix(0.5701 0 0 0.5701 32.1523 72.9533)\">\n\t\t<\/image>\n\t<\/g>\n<\/g>\n<g class=\"B\" id=\"Leasing\">\n\t<defs>\n\t\t<polygon id=\"Leasing_2_\" points=\"638,850.6 873.9,565 508.6,503.6 \t\t\"\/>\n\t<\/defs>\n\t<clipPath id=\"Leasing_1_\">\n\t\t<use xlink:href=\"#Leasing_2_\"  style=\"overflow:visible;\"\/>\n\t<\/clipPath>\n\t<g transform=\"matrix(1 2.980232e-08 -2.980232e-08 1 0 0)\" style=\"clip-path:url(#Leasing_1_);\">\n\t\t\n\t\t\t<image class=\"kaeseimage\" style=\"overflow:visible;\" width=\"1270\" height=\"714\" xlink:href=\"\/wp-content\/uploads\/2021\/09\/Parkplatz-blau.png\"  transform=\"matrix(0.9072 0.2335 -0.2335 0.9072 295.6266 390.6233)\">\n\t\t<\/image>\n\t<\/g>\n<\/g>\n<g class=\"E\" id=\"Logistikanbieter\">\n\t<defs>\n\t\t<polygon id=\"Logistikanbieter_1_\" points=\"473.9,516.6 238,802.2 603.3,863.6 \t\t\"\/>\n\t<\/defs>\n\t<clipPath id=\"Logistikanbieter_2_\">\n\t\t<use xlink:href=\"#Logistikanbieter_1_\"  style=\"overflow:visible;\"\/>\n\t<\/clipPath>\n\t<g transform=\"matrix(1 0 0 1 0 1.525879e-05)\" style=\"clip-path:url(#Logistikanbieter_2_);\">\n\t\t\n\t\t\t<image class=\"kaeseimage\" style=\"overflow:visible;\" width=\"1072\" height=\"714\" xlink:href=\"\/wp-content\/uploads\/2021\/09\/street-blau.png\"  transform=\"matrix(1.0858 0 0 1.0858 -295.8258 244.9563)\">\n\t\t<\/image>\n\t<\/g>\n<\/g>\n<\/svg>\n\t\t\t\t<\/div>\n\t\t\t\t<\/div>\n\t\t\t\t\t<\/div>\n\t\t<\/div>\n\t\t\t\t<div class=\"elementor-column elementor-col-50 elementor-top-column elementor-element elementor-element-559cba3\" data-id=\"559cba3\" data-element_type=\"column\" data-e-type=\"column\">\n\t\t\t<div class=\"elementor-widget-wrap elementor-element-populated\">\n\t\t\t\t\t\t<div class=\"elementor-element elementor-element-0db6b0a elementor-widget elementor-widget-text-editor\" data-id=\"0db6b0a\" data-element_type=\"widget\" data-e-type=\"widget\" data-widget_type=\"text-editor.default\">\n\t\t\t\t<div class=\"elementor-widget-container\">\n\t\t\t\t\t\t\t\t\t<h3>AVANTAJLAR<\/h3>\t\t\t\t\t\t\t\t<\/div>\n\t\t\t\t<\/div>\n\t\t\t\t<div class=\"elementor-element elementor-element-05556d5 sub-solutions elementor-list-item-link-inline elementor-icon-list--layout-traditional elementor-widget elementor-widget-icon-list\" data-id=\"05556d5\" data-element_type=\"widget\" data-e-type=\"widget\" data-widget_type=\"icon-list.default\">\n\t\t\t\t<div class=\"elementor-widget-container\">\n\t\t\t\t\t\t\t<ul class=\"elementor-icon-list-items\">\n\t\t\t\t\t\t\t<li class=\"elementor-icon-list-item\">\n\t\t\t\t\t\t\t\t\t\t\t<a href=\"https:\/\/autorolasolutions.com\/tr\/solutions\/rekabet\/kesinti-suresini-azaltma\/\" class=\"B C D F\">\n\n\t\t\t\t\t\t\t\t\t\t\t<span class=\"elementor-icon-list-text\">Bekleme S\u00fcresini Azaltma<\/span>\n\t\t\t\t\t\t\t\t\t\t\t<\/a>\n\t\t\t\t\t\t\t\t\t<\/li>\n\t\t\t\t\t\t\t\t<li class=\"elementor-icon-list-item\">\n\t\t\t\t\t\t\t\t\t\t\t<a href=\"https:\/\/autorolasolutions.com\/tr\/solutions\/rekabet\/surec-optimizasyonu\/\" class=\"B C D E F\">\n\n\t\t\t\t\t\t\t\t\t\t\t<span class=\"elementor-icon-list-text\">S\u00fcre\u00e7 Optimizasyonu<\/span>\n\t\t\t\t\t\t\t\t\t\t\t<\/a>\n\t\t\t\t\t\t\t\t\t<\/li>\n\t\t\t\t\t\t\t\t<li class=\"elementor-icon-list-item\">\n\t\t\t\t\t\t\t\t\t\t\t<a href=\"https:\/\/autorolasolutions.com\/tr\/solutions\/rekabet\/sistemlerin-dijitallestirilmesi\/\" class=\"C D E\">\n\n\t\t\t\t\t\t\t\t\t\t\t<span class=\"elementor-icon-list-text\">Sistemlerin Dijitalle\u015ftirilmesi<\/span>\n\t\t\t\t\t\t\t\t\t\t\t<\/a>\n\t\t\t\t\t\t\t\t\t<\/li>\n\t\t\t\t\t\t\t\t<li class=\"elementor-icon-list-item\">\n\t\t\t\t\t\t\t\t\t\t\t<a href=\"https:\/\/autorolasolutions.com\/tr\/solutions\/rekabet\/satis-yonetimi-optimizasyonu\/\" class=\"B C D E F\">\n\n\t\t\t\t\t\t\t\t\t\t\t<span class=\"elementor-icon-list-text\">Sat\u0131\u015f Y\u00f6netimi Optimizasyonu<\/span>\n\t\t\t\t\t\t\t\t\t\t\t<\/a>\n\t\t\t\t\t\t\t\t\t<\/li>\n\t\t\t\t\t\t\t\t<li class=\"elementor-icon-list-item\">\n\t\t\t\t\t\t\t\t\t\t\t<a href=\"https:\/\/autorolasolutions.com\/tr\/solutions\/rekabet\/tedarikci-yonetimi\/\" class=\"C D E\">\n\n\t\t\t\t\t\t\t\t\t\t\t<span class=\"elementor-icon-list-text\">Tedarik\u00e7i Y\u00f6netimi<\/span>\n\t\t\t\t\t\t\t\t\t\t\t<\/a>\n\t\t\t\t\t\t\t\t\t<\/li>\n\t\t\t\t\t\t\t\t<li class=\"elementor-icon-list-item\">\n\t\t\t\t\t\t\t\t\t\t\t<a href=\"https:\/\/autorolasolutions.com\/tr\/solutions\/rekabet\/maliyetleri-azaltmak\/\" class=\"B C D E F\">\n\n\t\t\t\t\t\t\t\t\t\t\t<span class=\"elementor-icon-list-text\">Maliyet Optimizasyonu<\/span>\n\t\t\t\t\t\t\t\t\t\t\t<\/a>\n\t\t\t\t\t\t\t\t\t<\/li>\n\t\t\t\t\t\t\t\t<li class=\"elementor-icon-list-item\">\n\t\t\t\t\t\t\t\t\t\t\t<a href=\"https:\/\/autorolasolutions.com\/tr\/solutions\/rekabet\/denetlenebilirlik\/\">\n\n\t\t\t\t\t\t\t\t\t\t\t<span class=\"elementor-icon-list-text\">Denetlenebilirlik ve \u015eeffafl\u0131k<\/span>\n\t\t\t\t\t\t\t\t\t\t\t<\/a>\n\t\t\t\t\t\t\t\t\t<\/li>\n\t\t\t\t\t\t<\/ul>\n\t\t\t\t\t\t<\/div>\n\t\t\t\t<\/div>\n\t\t\t\t<div class=\"elementor-element elementor-element-9630a93 elementor-widget elementor-widget-button\" data-id=\"9630a93\" data-element_type=\"widget\" data-e-type=\"widget\" data-widget_type=\"button.default\">\n\t\t\t\t<div class=\"elementor-widget-container\">\n\t\t\t\t\t\t\t\t\t<div class=\"elementor-button-wrapper\">\n\t\t\t\t\t<a class=\"elementor-button elementor-button-link elementor-size-sm elementor-animation-grow\" href=\"https:\/\/autorolasolutions.com\/tr\/iletisim\/\">\n\t\t\t\t\t\t<span class=\"elementor-button-content-wrapper\">\n\t\t\t\t\t\t<span class=\"elementor-button-icon\">\n\t\t\t\t<i aria-hidden=\"true\" class=\"fas fa-arrow-right\"><\/i>\t\t\t<\/span>\n\t\t\t\t\t\t\t\t\t<span class=\"elementor-button-text\">Bize ula\u015f\u0131n<\/span>\n\t\t\t\t\t<\/span>\n\t\t\t\t\t<\/a>\n\t\t\t\t<\/div>\n\t\t\t\t\t\t\t\t<\/div>\n\t\t\t\t<\/div>\n\t\t\t\t\t<\/div>\n\t\t<\/div>\n\t\t\t\t\t<\/div>\n\t\t<\/section>\n\t\t\t\t<\/div>\n\t\t","protected":false},"excerpt":{"rendered":"<p>Maliyet Optimizasyonu S\u00fcre\u00e7lerinizde maliyetleri nas\u0131l azaltabilirsiniz? \u00d6zellikle ara\u00e7 ticareti ve kiralama i\u015finde vakit nakittir. Ara\u00e7 ba\u015f\u0131 maliyetlerizi artt\u0131ran gecikmeler, genellikle ara\u00e7 ya\u015fam d\u00f6ng\u00fcs\u00fcnde meydana gelir, bu da kar\u0131n\u0131z\u0131 azalt\u0131r. Filo Monit\u00f6r\u00fc proaktif s\u00fcre\u00e7 y\u00f6netimi ile g\u00fcnl\u00fck i\u015flerinizi optimize etmenizi sa\u011flar. Tamamen dijitalle\u015ftirilmi\u015f ve otomatikle\u015ftirilmi\u015f bir s\u00fcre\u00e7 ve sistem ortam\u0131, k\u00e2rl\u0131l\u0131\u011f\u0131n\u0131z\u0131 olumlu y\u00f6nde etkiler. B\u00fct\u00fcnsel olarak [&hellip;]<\/p>\n","protected":false},"author":2,"featured_media":0,"parent":4033,"menu_order":6,"comment_status":"closed","ping_status":"open","template":"","meta":{"_acf_changed":false,"inline_featured_image":false,"site-sidebar-layout":"no-sidebar","site-content-layout":"default","ast-site-content-layout":"default","site-content-style":"default","site-sidebar-style":"default","ast-global-header-display":"","ast-banner-title-visibility":"","ast-main-header-display":"","ast-hfb-above-header-display":"","ast-hfb-below-header-display":"","ast-hfb-mobile-header-display":"","site-post-title":"disabled","ast-breadcrumbs-content":"","ast-featured-img":"disabled","footer-sml-layout":"","theme-transparent-header-meta":"default","adv-header-id-meta":"","stick-header-meta":"default","header-above-stick-meta":"","header-main-stick-meta":"","header-below-stick-meta":"","astra-migrate-meta-layouts":"default","ast-page-background-enabled":"default","ast-page-background-meta":{"desktop":{"background-color":"","background-image":"","background-repeat":"repeat","background-position":"center center","background-size":"auto","background-attachment":"scroll","background-type":"","background-media":"","overlay-type":"","overlay-color":"","overlay-opacity":"","overlay-gradient":""},"tablet":{"background-color":"","background-image":"","background-repeat":"repeat","background-position":"center center","background-size":"auto","background-attachment":"scroll","background-type":"","background-media":"","overlay-type":"","overlay-color":"","overlay-opacity":"","overlay-gradient":""},"mobile":{"background-color":"","background-image":"","background-repeat":"repeat","background-position":"center center","background-size":"auto","background-attachment":"scroll","background-type":"","background-media":"","overlay-type":"","overlay-color":"","overlay-opacity":"","overlay-gradient":""}},"ast-content-background-meta":{"desktop":{"background-color":"var(--ast-global-color-5)","background-image":"","background-repeat":"repeat","background-position":"center center","background-size":"auto","background-attachment":"scroll","background-type":"","background-media":"","overlay-type":"","overlay-color":"","overlay-opacity":"","overlay-gradient":""},"tablet":{"background-color":"var(--ast-global-color-5)","background-image":"","background-repeat":"repeat","background-position":"center center","background-size":"auto","background-attachment":"scroll","background-type":"","background-media":"","overlay-type":"","overlay-color":"","overlay-opacity":"","overlay-gradient":""},"mobile":{"background-color":"var(--ast-global-color-5)","background-image":"","background-repeat":"repeat","background-position":"center center","background-size":"auto","background-attachment":"scroll","background-type":"","background-media":"","overlay-type":"","overlay-color":"","overlay-opacity":"","overlay-gradient":""}},"footnotes":""},"class_list":["post-4045","page","type-page","status-publish","hentry"],"acf":[],"yoast_head":"<!-- This site is optimized with the Yoast SEO plugin v27.0 - https:\/\/yoast.com\/product\/yoast-seo-wordpress\/ -->\n<title>Maliyetlerinizi Azalt\u0131n \/ Size \u00d6zel \u0130\u015f \u00c7\u00f6z\u00fcmleri ile Tan\u0131\u015f\u0131n<\/title>\n<meta name=\"description\" content=\"Firman\u0131za \u00f6zel \u00e7\u00f6z\u00fcmlerimizle maliyet tasarrufu ve verimlilik sa\u011flay\u0131n. Operasyon s\u00fcre\u00e7lerinizi iyile\u015ftirme ve finansal ba\u015far\u0131y\u0131 art\u0131rma y\u00f6ntemlerimizi ke\u015ffedin.\" \/>\n<meta name=\"robots\" content=\"index, follow, max-snippet:-1, max-image-preview:large, max-video-preview:-1\" \/>\n<link rel=\"canonical\" href=\"https:\/\/autorolasolutions.com\/solutions\/business-values\/reduce-costs\/\" \/>\n<meta property=\"og:locale\" content=\"tr_TR\" \/>\n<meta property=\"og:type\" content=\"article\" \/>\n<meta property=\"og:title\" content=\"Maliyetlerinizi Azalt\u0131n \/ Size \u00d6zel \u0130\u015f \u00c7\u00f6z\u00fcmleri ile Tan\u0131\u015f\u0131n\" \/>\n<meta property=\"og:description\" content=\"Firman\u0131za \u00f6zel \u00e7\u00f6z\u00fcmlerimizle maliyet tasarrufu ve verimlilik sa\u011flay\u0131n. Operasyon s\u00fcre\u00e7lerinizi iyile\u015ftirme ve finansal ba\u015far\u0131y\u0131 art\u0131rma y\u00f6ntemlerimizi ke\u015ffedin.\" \/>\n<meta property=\"og:url\" content=\"https:\/\/autorolasolutions.com\/solutions\/business-values\/reduce-costs\/\" \/>\n<meta property=\"og:site_name\" content=\"Autorola Solutions\" \/>\n<meta property=\"article:modified_time\" content=\"2025-01-30T08:55:42+00:00\" \/>\n<meta name=\"twitter:card\" content=\"summary_large_image\" \/>\n<meta name=\"twitter:label1\" content=\"Tahmini okuma s\u00fcresi\" \/>\n\t<meta name=\"twitter:data1\" content=\"2 dakika\" \/>\n<script type=\"application\/ld+json\" class=\"yoast-schema-graph\">{\"@context\":\"https:\/\/schema.org\",\"@graph\":[{\"@type\":\"WebPage\",\"@id\":\"https:\/\/autorolasolutions.com\/solutions\/business-values\/reduce-costs\/\",\"url\":\"https:\/\/autorolasolutions.com\/solutions\/business-values\/reduce-costs\/\",\"name\":\"Maliyetlerinizi Azalt\u0131n \/ Size \u00d6zel \u0130\u015f \u00c7\u00f6z\u00fcmleri ile Tan\u0131\u015f\u0131n\",\"isPartOf\":{\"@id\":\"https:\/\/autorolasolutions.com\/#website\"},\"datePublished\":\"2021-11-09T11:36:14+00:00\",\"dateModified\":\"2025-01-30T08:55:42+00:00\",\"description\":\"Firman\u0131za \u00f6zel \u00e7\u00f6z\u00fcmlerimizle maliyet tasarrufu ve verimlilik sa\u011flay\u0131n. Operasyon s\u00fcre\u00e7lerinizi iyile\u015ftirme ve finansal ba\u015far\u0131y\u0131 art\u0131rma y\u00f6ntemlerimizi ke\u015ffedin.\",\"breadcrumb\":{\"@id\":\"https:\/\/autorolasolutions.com\/solutions\/business-values\/reduce-costs\/#breadcrumb\"},\"inLanguage\":\"tr\",\"potentialAction\":[{\"@type\":\"ReadAction\",\"target\":[\"https:\/\/autorolasolutions.com\/solutions\/business-values\/reduce-costs\/\"]}]},{\"@type\":\"BreadcrumbList\",\"@id\":\"https:\/\/autorolasolutions.com\/solutions\/business-values\/reduce-costs\/#breadcrumb\",\"itemListElement\":[{\"@type\":\"ListItem\",\"position\":1,\"name\":\"Home\",\"item\":\"https:\/\/autorolasolutions.com\/\"},{\"@type\":\"ListItem\",\"position\":2,\"name\":\"Solutions\",\"item\":\"https:\/\/autorolasolutions.com\/solutions\/\"},{\"@type\":\"ListItem\",\"position\":3,\"name\":\"Rekabet\",\"item\":\"https:\/\/autorolasolutions.com\/solutions\/business-values\/\"},{\"@type\":\"ListItem\",\"position\":4,\"name\":\"Maliyetleri azaltmak\"}]},{\"@type\":\"WebSite\",\"@id\":\"https:\/\/autorolasolutions.com\/#website\",\"url\":\"https:\/\/autorolasolutions.com\/\",\"name\":\"Autorola Solutions\",\"description\":\"\",\"publisher\":{\"@id\":\"https:\/\/autorolasolutions.com\/#organization\"},\"potentialAction\":[{\"@type\":\"SearchAction\",\"target\":{\"@type\":\"EntryPoint\",\"urlTemplate\":\"https:\/\/autorolasolutions.com\/?s={search_term_string}\"},\"query-input\":{\"@type\":\"PropertyValueSpecification\",\"valueRequired\":true,\"valueName\":\"search_term_string\"}}],\"inLanguage\":\"tr\"},{\"@type\":\"Organization\",\"@id\":\"https:\/\/autorolasolutions.com\/#organization\",\"name\":\"Autorola Solutions\",\"url\":\"https:\/\/autorolasolutions.com\/\",\"logo\":{\"@type\":\"ImageObject\",\"inLanguage\":\"tr\",\"@id\":\"https:\/\/autorolasolutions.com\/#\/schema\/logo\/image\/\",\"url\":\"https:\/\/autorolasolutions.com\/wp-content\/uploads\/2025\/01\/Autorola_Solutions_Logo_Left_Screen_RGB.svg\",\"contentUrl\":\"https:\/\/autorolasolutions.com\/wp-content\/uploads\/2025\/01\/Autorola_Solutions_Logo_Left_Screen_RGB.svg\",\"width\":143,\"height\":44,\"caption\":\"Autorola Solutions\"},\"image\":{\"@id\":\"https:\/\/autorolasolutions.com\/#\/schema\/logo\/image\/\"},\"sameAs\":[\"https:\/\/www.linkedin.com\/company\/autorolasolutions\/\"]}]}<\/script>\n<!-- \/ Yoast SEO plugin. -->","yoast_head_json":{"title":"Maliyetlerinizi Azalt\u0131n \/ Size \u00d6zel \u0130\u015f \u00c7\u00f6z\u00fcmleri ile Tan\u0131\u015f\u0131n","description":"Firman\u0131za \u00f6zel \u00e7\u00f6z\u00fcmlerimizle maliyet tasarrufu ve verimlilik sa\u011flay\u0131n. Operasyon s\u00fcre\u00e7lerinizi iyile\u015ftirme ve finansal ba\u015far\u0131y\u0131 art\u0131rma y\u00f6ntemlerimizi ke\u015ffedin.","robots":{"index":"index","follow":"follow","max-snippet":"max-snippet:-1","max-image-preview":"max-image-preview:large","max-video-preview":"max-video-preview:-1"},"canonical":"https:\/\/autorolasolutions.com\/solutions\/business-values\/reduce-costs\/","og_locale":"tr_TR","og_type":"article","og_title":"Maliyetlerinizi Azalt\u0131n \/ Size \u00d6zel \u0130\u015f \u00c7\u00f6z\u00fcmleri ile Tan\u0131\u015f\u0131n","og_description":"Firman\u0131za \u00f6zel \u00e7\u00f6z\u00fcmlerimizle maliyet tasarrufu ve verimlilik sa\u011flay\u0131n. Operasyon s\u00fcre\u00e7lerinizi iyile\u015ftirme ve finansal ba\u015far\u0131y\u0131 art\u0131rma y\u00f6ntemlerimizi ke\u015ffedin.","og_url":"https:\/\/autorolasolutions.com\/solutions\/business-values\/reduce-costs\/","og_site_name":"Autorola Solutions","article_modified_time":"2025-01-30T08:55:42+00:00","twitter_card":"summary_large_image","twitter_misc":{"Tahmini okuma s\u00fcresi":"2 dakika"},"schema":{"@context":"https:\/\/schema.org","@graph":[{"@type":"WebPage","@id":"https:\/\/autorolasolutions.com\/solutions\/business-values\/reduce-costs\/","url":"https:\/\/autorolasolutions.com\/solutions\/business-values\/reduce-costs\/","name":"Maliyetlerinizi Azalt\u0131n \/ Size \u00d6zel \u0130\u015f \u00c7\u00f6z\u00fcmleri ile Tan\u0131\u015f\u0131n","isPartOf":{"@id":"https:\/\/autorolasolutions.com\/#website"},"datePublished":"2021-11-09T11:36:14+00:00","dateModified":"2025-01-30T08:55:42+00:00","description":"Firman\u0131za \u00f6zel \u00e7\u00f6z\u00fcmlerimizle maliyet tasarrufu ve verimlilik sa\u011flay\u0131n. Operasyon s\u00fcre\u00e7lerinizi iyile\u015ftirme ve finansal ba\u015far\u0131y\u0131 art\u0131rma y\u00f6ntemlerimizi ke\u015ffedin.","breadcrumb":{"@id":"https:\/\/autorolasolutions.com\/solutions\/business-values\/reduce-costs\/#breadcrumb"},"inLanguage":"tr","potentialAction":[{"@type":"ReadAction","target":["https:\/\/autorolasolutions.com\/solutions\/business-values\/reduce-costs\/"]}]},{"@type":"BreadcrumbList","@id":"https:\/\/autorolasolutions.com\/solutions\/business-values\/reduce-costs\/#breadcrumb","itemListElement":[{"@type":"ListItem","position":1,"name":"Home","item":"https:\/\/autorolasolutions.com\/"},{"@type":"ListItem","position":2,"name":"Solutions","item":"https:\/\/autorolasolutions.com\/solutions\/"},{"@type":"ListItem","position":3,"name":"Rekabet","item":"https:\/\/autorolasolutions.com\/solutions\/business-values\/"},{"@type":"ListItem","position":4,"name":"Maliyetleri azaltmak"}]},{"@type":"WebSite","@id":"https:\/\/autorolasolutions.com\/#website","url":"https:\/\/autorolasolutions.com\/","name":"Autorola Solutions","description":"","publisher":{"@id":"https:\/\/autorolasolutions.com\/#organization"},"potentialAction":[{"@type":"SearchAction","target":{"@type":"EntryPoint","urlTemplate":"https:\/\/autorolasolutions.com\/?s={search_term_string}"},"query-input":{"@type":"PropertyValueSpecification","valueRequired":true,"valueName":"search_term_string"}}],"inLanguage":"tr"},{"@type":"Organization","@id":"https:\/\/autorolasolutions.com\/#organization","name":"Autorola Solutions","url":"https:\/\/autorolasolutions.com\/","logo":{"@type":"ImageObject","inLanguage":"tr","@id":"https:\/\/autorolasolutions.com\/#\/schema\/logo\/image\/","url":"https:\/\/autorolasolutions.com\/wp-content\/uploads\/2025\/01\/Autorola_Solutions_Logo_Left_Screen_RGB.svg","contentUrl":"https:\/\/autorolasolutions.com\/wp-content\/uploads\/2025\/01\/Autorola_Solutions_Logo_Left_Screen_RGB.svg","width":143,"height":44,"caption":"Autorola Solutions"},"image":{"@id":"https:\/\/autorolasolutions.com\/#\/schema\/logo\/image\/"},"sameAs":["https:\/\/www.linkedin.com\/company\/autorolasolutions\/"]}]}},"_links":{"self":[{"href":"https:\/\/autorolasolutions.com\/tr\/wp-json\/wp\/v2\/pages\/4045","targetHints":{"allow":["GET"]}}],"collection":[{"href":"https:\/\/autorolasolutions.com\/tr\/wp-json\/wp\/v2\/pages"}],"about":[{"href":"https:\/\/autorolasolutions.com\/tr\/wp-json\/wp\/v2\/types\/page"}],"author":[{"embeddable":true,"href":"https:\/\/autorolasolutions.com\/tr\/wp-json\/wp\/v2\/users\/2"}],"replies":[{"embeddable":true,"href":"https:\/\/autorolasolutions.com\/tr\/wp-json\/wp\/v2\/comments?post=4045"}],"version-history":[{"count":25,"href":"https:\/\/autorolasolutions.com\/tr\/wp-json\/wp\/v2\/pages\/4045\/revisions"}],"predecessor-version":[{"id":54444,"href":"https:\/\/autorolasolutions.com\/tr\/wp-json\/wp\/v2\/pages\/4045\/revisions\/54444"}],"up":[{"embeddable":true,"href":"https:\/\/autorolasolutions.com\/tr\/wp-json\/wp\/v2\/pages\/4033"}],"wp:attachment":[{"href":"https:\/\/autorolasolutions.com\/tr\/wp-json\/wp\/v2\/media?parent=4045"}],"curies":[{"name":"wp","href":"https:\/\/api.w.org\/{rel}","templated":true}]}}