{"id":4047,"date":"2021-11-09T12:36:45","date_gmt":"2021-11-09T11:36:45","guid":{"rendered":"https:\/\/autorolasolutions.com\/solutions\/challenge\/establish-auditing-acceptability\/"},"modified":"2025-01-30T09:56:09","modified_gmt":"2025-01-30T08:56:09","slug":"denetlenebilirlik","status":"publish","type":"page","link":"https:\/\/autorolasolutions.com\/tr\/solutions\/rekabet\/denetlenebilirlik\/","title":{"rendered":"Denetlenebilirlik"},"content":{"rendered":"\t\t<div data-elementor-type=\"wp-page\" data-elementor-id=\"4047\" class=\"elementor elementor-4047 elementor-115\" data-elementor-post-type=\"page\">\n\t\t\t\t\t\t<section class=\"elementor-section elementor-top-section elementor-element elementor-element-0b9e96b elementor-section-boxed elementor-section-height-default elementor-section-height-default\" data-id=\"0b9e96b\" data-element_type=\"section\" data-e-type=\"section\">\n\t\t\t\t\t\t<div class=\"elementor-container elementor-column-gap-default\">\n\t\t\t\t\t<div class=\"elementor-column elementor-col-100 elementor-top-column elementor-element elementor-element-dda944b\" data-id=\"dda944b\" data-element_type=\"column\" data-e-type=\"column\">\n\t\t\t<div class=\"elementor-widget-wrap elementor-element-populated\">\n\t\t\t\t\t\t<div class=\"elementor-element elementor-element-30d72a6 elementor-widget elementor-widget-text-editor\" data-id=\"30d72a6\" data-element_type=\"widget\" data-e-type=\"widget\" data-widget_type=\"text-editor.default\">\n\t\t\t\t<div class=\"elementor-widget-container\">\n\t\t\t\t\t\t\t\t\t<h1>Denetlenebilirlik ve \u015eeffafl\u0131k<\/h1><h2>S\u00fcre\u00e7lerinizde denetim g\u00fcvenli\u011fini nas\u0131l sa\u011flars\u0131n\u0131z?<\/h2><p>Farkl\u0131 m\u00fc\u015fteriler ve hizmet sa\u011flay\u0131c\u0131lar ile olan i\u015fbirli\u011finiz nedeniyle veri \u015feffafl\u0131\u011f\u0131n\u0131n yan\u0131 s\u0131ra t\u00fcm yasal s\u00fcre\u00e7lere ili\u015fkin eksiksiz, de\u011fi\u015ftirilemez ve do\u011frulanabilir bilgilere sahip olman\u0131z \u00e7ok \u00f6nemlidir. Filo Monit\u00f6r\u00fc&#8217;ndeki dijital ara\u00e7 kart\u0131 ve de\u011fi\u015ftirilemeyen sistem g\u00fcnl\u00fc\u011f\u00fc ile bir bak\u0131\u015fta ara\u00e7lar\u0131n\u0131za ait t\u00fcm verilere sahip olabilir ve ger\u00e7ek zamanl\u0131 olarak g\u00fcncellenirsiniz. Sistemde \u00f6zelle\u015ftirilmi\u015f yetkiler ve roller sayesinde, KVKK gereksinimlerine uygun \u015fekilde tan\u0131mlama ve d\u00fczenleme yapabilirsiniz.<\/p><ol><li><strong>Veri \u015feffafl\u0131\u011f\u0131 sa\u011flay\u0131n:<\/strong> Filo Monit\u00f6r\u00fc gibi merkezi bir sistem kullanarak, ger\u00e7ek zamanl\u0131 g\u00fcncellemelere ve ara\u00e7lar\u0131n\u0131zdaki t\u00fcm verilere eri\u015fim sa\u011flayarak veri \u015feffafl\u0131\u011f\u0131n\u0131 olu\u015fturun.<\/li><li><strong>Veri b\u00fct\u00fcnl\u00fc\u011f\u00fcn\u00fc sa\u011flay\u0131n:<\/strong> Veri b\u00fct\u00fcnl\u00fc\u011f\u00fcn\u00fcz\u00fc sa\u011flamak i\u00e7in, de\u011fi\u015ftirilemez bir sistem g\u00fcnl\u00fc\u011f\u00fc kullanarak sistemde yap\u0131lan t\u00fcm de\u011fi\u015fiklikleri izleyebilir ve \u015feffaf bir denetim takibi sa\u011flayabilirsiniz.<\/li><li><strong>\u00d6zelle\u015ftirilmi\u015f roller ve yetkilendirme sistemi kullan\u0131n:<\/strong> Eri\u015fimlerin ve yetkilendirmelerin, hem \u00e7oklu istemci \u00f6zelli\u011finin hem de t\u00fcm GDPR gereklilikleriyle uyumlulu\u011fun garanti edilece\u011fi \u015fekilde atanmas\u0131n\u0131 sa\u011flamak i\u00e7in \u00f6zelle\u015ftirilmi\u015f roller ile bir yetkilendirme sistemi kullanabilirsiniz.<\/li><li><strong>D\u00fczenli denetimler ger\u00e7ekle\u015ftirin:<\/strong> S\u00fcre\u00e7lerinizde periyodik denetimler ger\u00e7ekle\u015ftirerek zay\u0131f noktalar\u0131 veya olas\u0131 riskleri belirleyin. Bu sayede potansiyel sorunlar\u0131 minimize edebilir ve yasal gerekliliklere uyum sa\u011flayabilirsiniz.<\/li><li><strong>G\u00fcvenlik \u00f6nlemlerini uygulay\u0131n:<\/strong> Verilerinizin g\u00fcvende oldu\u011fundan ve yetkisiz eri\u015fime kar\u015f\u0131 korundu\u011fundan emin olmak i\u00e7in iki fakt\u00f6rl\u00fc kimlik do\u011frulama, \u015fifreleme ve g\u00fcvenlik duvarlar\u0131 gibi \u00f6nlemleri hayata ge\u00e7irin.<\/li><\/ol><p>Bu y\u00f6ntemleri bir Filo Monit\u00f6r\u00fc platformunda kullanarak, i\u015f s\u00fcre\u00e7leriniz i\u00e7in denetim g\u00fcvenli\u011fi sa\u011flayabilir ve verilerinizin \u015feffaf, g\u00fcvenli ve yasal gerekliliklere uyumlu kalmas\u0131n\u0131 sa\u011flayabilirsiniz.<\/p>\t\t\t\t\t\t\t\t<\/div>\n\t\t\t\t<\/div>\n\t\t\t\t\t<\/div>\n\t\t<\/div>\n\t\t\t\t\t<\/div>\n\t\t<\/section>\n\t\t\t\t<section class=\"elementor-section elementor-top-section elementor-element elementor-element-d014395 elementor-section-full_width elementor-section-height-default elementor-section-height-default\" data-id=\"d014395\" data-element_type=\"section\" data-e-type=\"section\" data-settings=\"{&quot;background_background&quot;:&quot;classic&quot;}\">\n\t\t\t\t\t\t<div class=\"elementor-container elementor-column-gap-default\">\n\t\t\t\t\t<div class=\"elementor-column elementor-col-50 elementor-top-column elementor-element elementor-element-24aa0ec\" data-id=\"24aa0ec\" data-element_type=\"column\" data-e-type=\"column\">\n\t\t\t<div class=\"elementor-widget-wrap elementor-element-populated\">\n\t\t\t\t\t\t<div class=\"elementor-element elementor-element-8226ece elementor-widget__width-initial elementor-widget elementor-widget-html\" data-id=\"8226ece\" data-element_type=\"widget\" data-e-type=\"widget\" data-widget_type=\"html.default\">\n\t\t\t\t<div class=\"elementor-widget-container\">\n\t\t\t\t\t<?xml version=\"1.0\" encoding=\"utf-8\"?>\n<!-- Generator: Adobe Illustrator 25.3.1, SVG Export Plug-In . SVG Version: 6.00 Build 0)  -->\n<svg class=\"kaeseecke\" version=\"1.1\" id=\"Ebene_2_1_\" xmlns=\"http:\/\/www.w3.org\/2000\/svg\" xmlns:xlink=\"http:\/\/www.w3.org\/1999\/xlink\" x=\"0px\" y=\"0px\"\n\t viewBox=\"0 0 960 960\" style=\"enable-background:new 0 0 960 960;\" xml:space=\"preserve\">\n<style type=\"text\/css\">\n\t.st0{fill:#9E9E9E;}\n<\/style>\n<polygon class=\"A st0\" points=\"209.4,778.6 445.3,492.9 80,431.6 \"\/>\n<g class=\"F\" id=\"Banken\">\n\t<defs>\n\t\t<polygon id=\"Banken_1_\" points=\"356.7,96.4 486.1,443.4 722,157.8 \t\t\"\/>\n\t<\/defs>\n\t<clipPath id=\"Banken_2_\">\n\t\t<use xlink:href=\"#Banken_1_\"  style=\"overflow:visible;\"\/>\n\t<\/clipPath>\n\t<g transform=\"matrix(1 0 0 1 1.525879e-05 0)\" style=\"clip-path:url(#Banken_2_);\">\n\t\t\n\t\t\t<image class=\"kaeseimage\" style=\"overflow:visible;\" width=\"1264\" height=\"843\" xlink:href=\"\/wp-content\/uploads\/2021\/09\/money-blau.png\"  transform=\"matrix(0.5459 0 0 0.5459 215 27.589)\">\n\t\t<\/image>\n\t<\/g>\n<\/g>\n<g class=\"C\" id=\"Haendler\">\n\t<defs>\n\t\t<polygon id=\"Haendler_1_\" points=\"514.7,467.1 880,528.4 750.6,181.4 \t\t\"\/>\n\t<\/defs>\n\t<clipPath id=\"Haendler_2_\">\n\t\t<use xlink:href=\"#Haendler_1_\"  style=\"overflow:visible;\"\/>\n\t<\/clipPath>\n\t<g transform=\"matrix(1 0 0 1 0 0)\" style=\"clip-path:url(#Haendler_2_);\">\n\t\t\n\t\t\t<image class=\"kaeseimage\" style=\"overflow:visible;\" width=\"2000\" height=\"953\" xlink:href=\"\/wp-content\/uploads\/2021\/09\/Shaking-hands-blau.png\"  transform=\"matrix(0.395 0 0 0.395 200.3094 156.043)\">\n\t\t<\/image>\n\t<\/g>\n<\/g>\n<g class=\"D\" id=\"Hersteller\">\n\t<defs>\n\t\t<polygon id=\"Hersteller_1_\" points=\"322,109.4 86.1,395 451.4,456.4 \t\t\"\/>\n\t<\/defs>\n\t<clipPath id=\"Hersteller_2_\">\n\t\t<use xlink:href=\"#Hersteller_1_\"  style=\"overflow:visible;\"\/>\n\t<\/clipPath>\n\t<g style=\"clip-path:url(#Hersteller_2_);\">\n\t\t\n\t\t\t<image class=\"kaeseimage\" style=\"overflow:visible;\" width=\"1070\" height=\"714\" xlink:href=\"\/wp-content\/uploads\/2021\/09\/Fahrzeugbau-blau.png\"  transform=\"matrix(0.5701 0 0 0.5701 32.1523 72.9533)\">\n\t\t<\/image>\n\t<\/g>\n<\/g>\n<g class=\"B\" id=\"Leasing\">\n\t<defs>\n\t\t<polygon id=\"Leasing_2_\" points=\"638,850.6 873.9,565 508.6,503.6 \t\t\"\/>\n\t<\/defs>\n\t<clipPath id=\"Leasing_1_\">\n\t\t<use xlink:href=\"#Leasing_2_\"  style=\"overflow:visible;\"\/>\n\t<\/clipPath>\n\t<g transform=\"matrix(1 2.980232e-08 -2.980232e-08 1 0 0)\" style=\"clip-path:url(#Leasing_1_);\">\n\t\t\n\t\t\t<image class=\"kaeseimage\" style=\"overflow:visible;\" width=\"1270\" height=\"714\" xlink:href=\"\/wp-content\/uploads\/2021\/09\/Parkplatz-blau.png\"  transform=\"matrix(0.9072 0.2335 -0.2335 0.9072 295.6266 390.6233)\">\n\t\t<\/image>\n\t<\/g>\n<\/g>\n<g class=\"E\" id=\"Logistikanbieter\">\n\t<defs>\n\t\t<polygon id=\"Logistikanbieter_1_\" points=\"473.9,516.6 238,802.2 603.3,863.6 \t\t\"\/>\n\t<\/defs>\n\t<clipPath id=\"Logistikanbieter_2_\">\n\t\t<use xlink:href=\"#Logistikanbieter_1_\"  style=\"overflow:visible;\"\/>\n\t<\/clipPath>\n\t<g transform=\"matrix(1 0 0 1 0 1.525879e-05)\" style=\"clip-path:url(#Logistikanbieter_2_);\">\n\t\t\n\t\t\t<image class=\"kaeseimage\" style=\"overflow:visible;\" width=\"1072\" height=\"714\" xlink:href=\"\/wp-content\/uploads\/2021\/09\/street-blau.png\"  transform=\"matrix(1.0858 0 0 1.0858 -295.8258 244.9563)\">\n\t\t<\/image>\n\t<\/g>\n<\/g>\n<\/svg>\n\t\t\t\t<\/div>\n\t\t\t\t<\/div>\n\t\t\t\t\t<\/div>\n\t\t<\/div>\n\t\t\t\t<div class=\"elementor-column elementor-col-50 elementor-top-column elementor-element elementor-element-f8a976b\" data-id=\"f8a976b\" data-element_type=\"column\" data-e-type=\"column\">\n\t\t\t<div class=\"elementor-widget-wrap elementor-element-populated\">\n\t\t\t\t\t\t<div class=\"elementor-element elementor-element-feb7250 elementor-widget elementor-widget-text-editor\" data-id=\"feb7250\" data-element_type=\"widget\" data-e-type=\"widget\" data-widget_type=\"text-editor.default\">\n\t\t\t\t<div class=\"elementor-widget-container\">\n\t\t\t\t\t\t\t\t\t<h3>AVANTAJLAR<\/h3>\t\t\t\t\t\t\t\t<\/div>\n\t\t\t\t<\/div>\n\t\t\t\t<div class=\"elementor-element elementor-element-6e8510d sub-solutions elementor-list-item-link-inline elementor-icon-list--layout-traditional elementor-widget elementor-widget-icon-list\" data-id=\"6e8510d\" data-element_type=\"widget\" data-e-type=\"widget\" data-widget_type=\"icon-list.default\">\n\t\t\t\t<div class=\"elementor-widget-container\">\n\t\t\t\t\t\t\t<ul class=\"elementor-icon-list-items\">\n\t\t\t\t\t\t\t<li class=\"elementor-icon-list-item\">\n\t\t\t\t\t\t\t\t\t\t\t<a href=\"https:\/\/autorolasolutions.com\/tr\/solutions\/rekabet\/kesinti-suresini-azaltma\/\" class=\"B C D F\">\n\n\t\t\t\t\t\t\t\t\t\t\t<span class=\"elementor-icon-list-text\">Bekleme S\u00fcresini Azaltma<\/span>\n\t\t\t\t\t\t\t\t\t\t\t<\/a>\n\t\t\t\t\t\t\t\t\t<\/li>\n\t\t\t\t\t\t\t\t<li class=\"elementor-icon-list-item\">\n\t\t\t\t\t\t\t\t\t\t\t<a href=\"https:\/\/autorolasolutions.com\/tr\/solutions\/rekabet\/surec-optimizasyonu\/\" class=\"B C D E F\">\n\n\t\t\t\t\t\t\t\t\t\t\t<span class=\"elementor-icon-list-text\">S\u00fcre\u00e7 Optimizasyonu<\/span>\n\t\t\t\t\t\t\t\t\t\t\t<\/a>\n\t\t\t\t\t\t\t\t\t<\/li>\n\t\t\t\t\t\t\t\t<li class=\"elementor-icon-list-item\">\n\t\t\t\t\t\t\t\t\t\t\t<a href=\"https:\/\/autorolasolutions.com\/tr\/solutions\/rekabet\/sistemlerin-dijitallestirilmesi\/\" class=\"C D E\">\n\n\t\t\t\t\t\t\t\t\t\t\t<span class=\"elementor-icon-list-text\">Sistemlerin Dijitalle\u015ftirilmesi<\/span>\n\t\t\t\t\t\t\t\t\t\t\t<\/a>\n\t\t\t\t\t\t\t\t\t<\/li>\n\t\t\t\t\t\t\t\t<li class=\"elementor-icon-list-item\">\n\t\t\t\t\t\t\t\t\t\t\t<a href=\"https:\/\/autorolasolutions.com\/tr\/solutions\/rekabet\/satis-yonetimi-optimizasyonu\/\" class=\"B C D E F\">\n\n\t\t\t\t\t\t\t\t\t\t\t<span class=\"elementor-icon-list-text\">Sat\u0131\u015f Y\u00f6netimi Optimizasyonu<\/span>\n\t\t\t\t\t\t\t\t\t\t\t<\/a>\n\t\t\t\t\t\t\t\t\t<\/li>\n\t\t\t\t\t\t\t\t<li class=\"elementor-icon-list-item\">\n\t\t\t\t\t\t\t\t\t\t\t<a href=\"https:\/\/autorolasolutions.com\/tr\/solutions\/rekabet\/tedarikci-yonetimi\/\" class=\"C D E\">\n\n\t\t\t\t\t\t\t\t\t\t\t<span class=\"elementor-icon-list-text\">Tedarik\u00e7i Y\u00f6netimi<\/span>\n\t\t\t\t\t\t\t\t\t\t\t<\/a>\n\t\t\t\t\t\t\t\t\t<\/li>\n\t\t\t\t\t\t\t\t<li class=\"elementor-icon-list-item\">\n\t\t\t\t\t\t\t\t\t\t\t<a href=\"https:\/\/autorolasolutions.com\/tr\/solutions\/rekabet\/maliyetleri-azaltmak\/\" class=\"B C D E F\">\n\n\t\t\t\t\t\t\t\t\t\t\t<span class=\"elementor-icon-list-text\">Maliyet Optimizasyonu<\/span>\n\t\t\t\t\t\t\t\t\t\t\t<\/a>\n\t\t\t\t\t\t\t\t\t<\/li>\n\t\t\t\t\t\t\t\t<li class=\"elementor-icon-list-item\">\n\t\t\t\t\t\t\t\t\t\t\t<a href=\"https:\/\/autorolasolutions.com\/tr\/solutions\/rekabet\/denetlenebilirlik\/\">\n\n\t\t\t\t\t\t\t\t\t\t\t<span class=\"elementor-icon-list-text\">Denetlenebilirlik ve \u015eeffafl\u0131k<\/span>\n\t\t\t\t\t\t\t\t\t\t\t<\/a>\n\t\t\t\t\t\t\t\t\t<\/li>\n\t\t\t\t\t\t<\/ul>\n\t\t\t\t\t\t<\/div>\n\t\t\t\t<\/div>\n\t\t\t\t<div class=\"elementor-element elementor-element-31756b4 elementor-widget elementor-widget-button\" data-id=\"31756b4\" data-element_type=\"widget\" data-e-type=\"widget\" data-widget_type=\"button.default\">\n\t\t\t\t<div class=\"elementor-widget-container\">\n\t\t\t\t\t\t\t\t\t<div class=\"elementor-button-wrapper\">\n\t\t\t\t\t<a class=\"elementor-button elementor-button-link elementor-size-sm elementor-animation-grow\" href=\"https:\/\/autorolasolutions.com\/tr\/iletisim\/\">\n\t\t\t\t\t\t<span class=\"elementor-button-content-wrapper\">\n\t\t\t\t\t\t<span class=\"elementor-button-icon\">\n\t\t\t\t<i aria-hidden=\"true\" class=\"fas fa-arrow-right\"><\/i>\t\t\t<\/span>\n\t\t\t\t\t\t\t\t\t<span class=\"elementor-button-text\">Bize ula\u015f\u0131n<\/span>\n\t\t\t\t\t<\/span>\n\t\t\t\t\t<\/a>\n\t\t\t\t<\/div>\n\t\t\t\t\t\t\t\t<\/div>\n\t\t\t\t<\/div>\n\t\t\t\t\t<\/div>\n\t\t<\/div>\n\t\t\t\t\t<\/div>\n\t\t<\/section>\n\t\t\t\t<\/div>\n\t\t","protected":false},"excerpt":{"rendered":"<p>Denetlenebilirlik ve \u015eeffafl\u0131k S\u00fcre\u00e7lerinizde denetim g\u00fcvenli\u011fini nas\u0131l sa\u011flars\u0131n\u0131z? Farkl\u0131 m\u00fc\u015fteriler ve hizmet sa\u011flay\u0131c\u0131lar ile olan i\u015fbirli\u011finiz nedeniyle veri \u015feffafl\u0131\u011f\u0131n\u0131n yan\u0131 s\u0131ra t\u00fcm yasal s\u00fcre\u00e7lere ili\u015fkin eksiksiz, de\u011fi\u015ftirilemez ve do\u011frulanabilir bilgilere sahip olman\u0131z \u00e7ok \u00f6nemlidir. Filo Monit\u00f6r\u00fc&#8217;ndeki dijital ara\u00e7 kart\u0131 ve de\u011fi\u015ftirilemeyen sistem g\u00fcnl\u00fc\u011f\u00fc ile bir bak\u0131\u015fta ara\u00e7lar\u0131n\u0131za ait t\u00fcm verilere sahip olabilir ve ger\u00e7ek zamanl\u0131 [&hellip;]<\/p>\n","protected":false},"author":2,"featured_media":0,"parent":4033,"menu_order":7,"comment_status":"closed","ping_status":"open","template":"","meta":{"_acf_changed":false,"inline_featured_image":false,"site-sidebar-layout":"no-sidebar","site-content-layout":"default","ast-site-content-layout":"default","site-content-style":"default","site-sidebar-style":"default","ast-global-header-display":"","ast-banner-title-visibility":"","ast-main-header-display":"","ast-hfb-above-header-display":"","ast-hfb-below-header-display":"","ast-hfb-mobile-header-display":"","site-post-title":"disabled","ast-breadcrumbs-content":"","ast-featured-img":"disabled","footer-sml-layout":"","theme-transparent-header-meta":"default","adv-header-id-meta":"","stick-header-meta":"default","header-above-stick-meta":"","header-main-stick-meta":"","header-below-stick-meta":"","astra-migrate-meta-layouts":"default","ast-page-background-enabled":"default","ast-page-background-meta":{"desktop":{"background-color":"","background-image":"","background-repeat":"repeat","background-position":"center center","background-size":"auto","background-attachment":"scroll","background-type":"","background-media":"","overlay-type":"","overlay-color":"","overlay-opacity":"","overlay-gradient":""},"tablet":{"background-color":"","background-image":"","background-repeat":"repeat","background-position":"center center","background-size":"auto","background-attachment":"scroll","background-type":"","background-media":"","overlay-type":"","overlay-color":"","overlay-opacity":"","overlay-gradient":""},"mobile":{"background-color":"","background-image":"","background-repeat":"repeat","background-position":"center center","background-size":"auto","background-attachment":"scroll","background-type":"","background-media":"","overlay-type":"","overlay-color":"","overlay-opacity":"","overlay-gradient":""}},"ast-content-background-meta":{"desktop":{"background-color":"var(--ast-global-color-5)","background-image":"","background-repeat":"repeat","background-position":"center center","background-size":"auto","background-attachment":"scroll","background-type":"","background-media":"","overlay-type":"","overlay-color":"","overlay-opacity":"","overlay-gradient":""},"tablet":{"background-color":"var(--ast-global-color-5)","background-image":"","background-repeat":"repeat","background-position":"center center","background-size":"auto","background-attachment":"scroll","background-type":"","background-media":"","overlay-type":"","overlay-color":"","overlay-opacity":"","overlay-gradient":""},"mobile":{"background-color":"var(--ast-global-color-5)","background-image":"","background-repeat":"repeat","background-position":"center center","background-size":"auto","background-attachment":"scroll","background-type":"","background-media":"","overlay-type":"","overlay-color":"","overlay-opacity":"","overlay-gradient":""}},"footnotes":""},"class_list":["post-4047","page","type-page","status-publish","hentry"],"acf":[],"yoast_head":"<!-- This site is optimized with the Yoast SEO plugin v27.0 - https:\/\/yoast.com\/product\/yoast-seo-wordpress\/ -->\n<title>Denetime Uyumluluk | Autorola Solutions ile Tan\u0131\u015f\u0131n<\/title>\n<meta name=\"description\" content=\"Sekt\u00f6r\u00fcn\u00fczde denetlenebilirli\u011fi ve uyumlulu\u011fu sa\u011flamak i\u00e7in sundu\u011fumuz \u00e7\u00f6z\u00fcmlerimizle, \u015feffafl\u0131\u011f\u0131n\u0131z\u0131 koruyun ve gereksinimleri kar\u015f\u0131lay\u0131n.\" \/>\n<meta name=\"robots\" content=\"index, follow, max-snippet:-1, max-image-preview:large, max-video-preview:-1\" \/>\n<link rel=\"canonical\" href=\"https:\/\/autorolasolutions.com\/solutions\/business-values\/establish-auditing-acceptability\/\" \/>\n<meta property=\"og:locale\" content=\"tr_TR\" \/>\n<meta property=\"og:type\" content=\"article\" \/>\n<meta property=\"og:title\" content=\"Denetime Uyumluluk | Autorola Solutions ile Tan\u0131\u015f\u0131n\" \/>\n<meta property=\"og:description\" content=\"Sekt\u00f6r\u00fcn\u00fczde denetlenebilirli\u011fi ve uyumlulu\u011fu sa\u011flamak i\u00e7in sundu\u011fumuz \u00e7\u00f6z\u00fcmlerimizle, \u015feffafl\u0131\u011f\u0131n\u0131z\u0131 koruyun ve gereksinimleri kar\u015f\u0131lay\u0131n.\" \/>\n<meta property=\"og:url\" content=\"https:\/\/autorolasolutions.com\/solutions\/business-values\/establish-auditing-acceptability\/\" \/>\n<meta property=\"og:site_name\" content=\"Autorola Solutions\" \/>\n<meta property=\"article:modified_time\" content=\"2025-01-30T08:56:09+00:00\" \/>\n<meta name=\"twitter:card\" content=\"summary_large_image\" \/>\n<meta name=\"twitter:label1\" content=\"Tahmini okuma s\u00fcresi\" \/>\n\t<meta name=\"twitter:data1\" content=\"2 dakika\" \/>\n<script type=\"application\/ld+json\" class=\"yoast-schema-graph\">{\"@context\":\"https:\/\/schema.org\",\"@graph\":[{\"@type\":\"WebPage\",\"@id\":\"https:\/\/autorolasolutions.com\/solutions\/business-values\/establish-auditing-acceptability\/\",\"url\":\"https:\/\/autorolasolutions.com\/solutions\/business-values\/establish-auditing-acceptability\/\",\"name\":\"Denetime Uyumluluk | Autorola Solutions ile Tan\u0131\u015f\u0131n\",\"isPartOf\":{\"@id\":\"https:\/\/autorolasolutions.com\/#website\"},\"datePublished\":\"2021-11-09T11:36:45+00:00\",\"dateModified\":\"2025-01-30T08:56:09+00:00\",\"description\":\"Sekt\u00f6r\u00fcn\u00fczde denetlenebilirli\u011fi ve uyumlulu\u011fu sa\u011flamak i\u00e7in sundu\u011fumuz \u00e7\u00f6z\u00fcmlerimizle, \u015feffafl\u0131\u011f\u0131n\u0131z\u0131 koruyun ve gereksinimleri kar\u015f\u0131lay\u0131n.\",\"breadcrumb\":{\"@id\":\"https:\/\/autorolasolutions.com\/solutions\/business-values\/establish-auditing-acceptability\/#breadcrumb\"},\"inLanguage\":\"tr\",\"potentialAction\":[{\"@type\":\"ReadAction\",\"target\":[\"https:\/\/autorolasolutions.com\/solutions\/business-values\/establish-auditing-acceptability\/\"]}]},{\"@type\":\"BreadcrumbList\",\"@id\":\"https:\/\/autorolasolutions.com\/solutions\/business-values\/establish-auditing-acceptability\/#breadcrumb\",\"itemListElement\":[{\"@type\":\"ListItem\",\"position\":1,\"name\":\"Home\",\"item\":\"https:\/\/autorolasolutions.com\/\"},{\"@type\":\"ListItem\",\"position\":2,\"name\":\"Solutions\",\"item\":\"https:\/\/autorolasolutions.com\/solutions\/\"},{\"@type\":\"ListItem\",\"position\":3,\"name\":\"Rekabet\",\"item\":\"https:\/\/autorolasolutions.com\/solutions\/business-values\/\"},{\"@type\":\"ListItem\",\"position\":4,\"name\":\"Denetlenebilirlik\"}]},{\"@type\":\"WebSite\",\"@id\":\"https:\/\/autorolasolutions.com\/#website\",\"url\":\"https:\/\/autorolasolutions.com\/\",\"name\":\"Autorola Solutions\",\"description\":\"\",\"publisher\":{\"@id\":\"https:\/\/autorolasolutions.com\/#organization\"},\"potentialAction\":[{\"@type\":\"SearchAction\",\"target\":{\"@type\":\"EntryPoint\",\"urlTemplate\":\"https:\/\/autorolasolutions.com\/?s={search_term_string}\"},\"query-input\":{\"@type\":\"PropertyValueSpecification\",\"valueRequired\":true,\"valueName\":\"search_term_string\"}}],\"inLanguage\":\"tr\"},{\"@type\":\"Organization\",\"@id\":\"https:\/\/autorolasolutions.com\/#organization\",\"name\":\"Autorola Solutions\",\"url\":\"https:\/\/autorolasolutions.com\/\",\"logo\":{\"@type\":\"ImageObject\",\"inLanguage\":\"tr\",\"@id\":\"https:\/\/autorolasolutions.com\/#\/schema\/logo\/image\/\",\"url\":\"https:\/\/autorolasolutions.com\/wp-content\/uploads\/2025\/01\/Autorola_Solutions_Logo_Left_Screen_RGB.svg\",\"contentUrl\":\"https:\/\/autorolasolutions.com\/wp-content\/uploads\/2025\/01\/Autorola_Solutions_Logo_Left_Screen_RGB.svg\",\"width\":143,\"height\":44,\"caption\":\"Autorola Solutions\"},\"image\":{\"@id\":\"https:\/\/autorolasolutions.com\/#\/schema\/logo\/image\/\"},\"sameAs\":[\"https:\/\/www.linkedin.com\/company\/autorolasolutions\/\"]}]}<\/script>\n<!-- \/ Yoast SEO plugin. -->","yoast_head_json":{"title":"Denetime Uyumluluk | Autorola Solutions ile Tan\u0131\u015f\u0131n","description":"Sekt\u00f6r\u00fcn\u00fczde denetlenebilirli\u011fi ve uyumlulu\u011fu sa\u011flamak i\u00e7in sundu\u011fumuz \u00e7\u00f6z\u00fcmlerimizle, \u015feffafl\u0131\u011f\u0131n\u0131z\u0131 koruyun ve gereksinimleri kar\u015f\u0131lay\u0131n.","robots":{"index":"index","follow":"follow","max-snippet":"max-snippet:-1","max-image-preview":"max-image-preview:large","max-video-preview":"max-video-preview:-1"},"canonical":"https:\/\/autorolasolutions.com\/solutions\/business-values\/establish-auditing-acceptability\/","og_locale":"tr_TR","og_type":"article","og_title":"Denetime Uyumluluk | Autorola Solutions ile Tan\u0131\u015f\u0131n","og_description":"Sekt\u00f6r\u00fcn\u00fczde denetlenebilirli\u011fi ve uyumlulu\u011fu sa\u011flamak i\u00e7in sundu\u011fumuz \u00e7\u00f6z\u00fcmlerimizle, \u015feffafl\u0131\u011f\u0131n\u0131z\u0131 koruyun ve gereksinimleri kar\u015f\u0131lay\u0131n.","og_url":"https:\/\/autorolasolutions.com\/solutions\/business-values\/establish-auditing-acceptability\/","og_site_name":"Autorola Solutions","article_modified_time":"2025-01-30T08:56:09+00:00","twitter_card":"summary_large_image","twitter_misc":{"Tahmini okuma s\u00fcresi":"2 dakika"},"schema":{"@context":"https:\/\/schema.org","@graph":[{"@type":"WebPage","@id":"https:\/\/autorolasolutions.com\/solutions\/business-values\/establish-auditing-acceptability\/","url":"https:\/\/autorolasolutions.com\/solutions\/business-values\/establish-auditing-acceptability\/","name":"Denetime Uyumluluk | Autorola Solutions ile Tan\u0131\u015f\u0131n","isPartOf":{"@id":"https:\/\/autorolasolutions.com\/#website"},"datePublished":"2021-11-09T11:36:45+00:00","dateModified":"2025-01-30T08:56:09+00:00","description":"Sekt\u00f6r\u00fcn\u00fczde denetlenebilirli\u011fi ve uyumlulu\u011fu sa\u011flamak i\u00e7in sundu\u011fumuz \u00e7\u00f6z\u00fcmlerimizle, \u015feffafl\u0131\u011f\u0131n\u0131z\u0131 koruyun ve gereksinimleri kar\u015f\u0131lay\u0131n.","breadcrumb":{"@id":"https:\/\/autorolasolutions.com\/solutions\/business-values\/establish-auditing-acceptability\/#breadcrumb"},"inLanguage":"tr","potentialAction":[{"@type":"ReadAction","target":["https:\/\/autorolasolutions.com\/solutions\/business-values\/establish-auditing-acceptability\/"]}]},{"@type":"BreadcrumbList","@id":"https:\/\/autorolasolutions.com\/solutions\/business-values\/establish-auditing-acceptability\/#breadcrumb","itemListElement":[{"@type":"ListItem","position":1,"name":"Home","item":"https:\/\/autorolasolutions.com\/"},{"@type":"ListItem","position":2,"name":"Solutions","item":"https:\/\/autorolasolutions.com\/solutions\/"},{"@type":"ListItem","position":3,"name":"Rekabet","item":"https:\/\/autorolasolutions.com\/solutions\/business-values\/"},{"@type":"ListItem","position":4,"name":"Denetlenebilirlik"}]},{"@type":"WebSite","@id":"https:\/\/autorolasolutions.com\/#website","url":"https:\/\/autorolasolutions.com\/","name":"Autorola Solutions","description":"","publisher":{"@id":"https:\/\/autorolasolutions.com\/#organization"},"potentialAction":[{"@type":"SearchAction","target":{"@type":"EntryPoint","urlTemplate":"https:\/\/autorolasolutions.com\/?s={search_term_string}"},"query-input":{"@type":"PropertyValueSpecification","valueRequired":true,"valueName":"search_term_string"}}],"inLanguage":"tr"},{"@type":"Organization","@id":"https:\/\/autorolasolutions.com\/#organization","name":"Autorola Solutions","url":"https:\/\/autorolasolutions.com\/","logo":{"@type":"ImageObject","inLanguage":"tr","@id":"https:\/\/autorolasolutions.com\/#\/schema\/logo\/image\/","url":"https:\/\/autorolasolutions.com\/wp-content\/uploads\/2025\/01\/Autorola_Solutions_Logo_Left_Screen_RGB.svg","contentUrl":"https:\/\/autorolasolutions.com\/wp-content\/uploads\/2025\/01\/Autorola_Solutions_Logo_Left_Screen_RGB.svg","width":143,"height":44,"caption":"Autorola Solutions"},"image":{"@id":"https:\/\/autorolasolutions.com\/#\/schema\/logo\/image\/"},"sameAs":["https:\/\/www.linkedin.com\/company\/autorolasolutions\/"]}]}},"_links":{"self":[{"href":"https:\/\/autorolasolutions.com\/tr\/wp-json\/wp\/v2\/pages\/4047","targetHints":{"allow":["GET"]}}],"collection":[{"href":"https:\/\/autorolasolutions.com\/tr\/wp-json\/wp\/v2\/pages"}],"about":[{"href":"https:\/\/autorolasolutions.com\/tr\/wp-json\/wp\/v2\/types\/page"}],"author":[{"embeddable":true,"href":"https:\/\/autorolasolutions.com\/tr\/wp-json\/wp\/v2\/users\/2"}],"replies":[{"embeddable":true,"href":"https:\/\/autorolasolutions.com\/tr\/wp-json\/wp\/v2\/comments?post=4047"}],"version-history":[{"count":28,"href":"https:\/\/autorolasolutions.com\/tr\/wp-json\/wp\/v2\/pages\/4047\/revisions"}],"predecessor-version":[{"id":54447,"href":"https:\/\/autorolasolutions.com\/tr\/wp-json\/wp\/v2\/pages\/4047\/revisions\/54447"}],"up":[{"embeddable":true,"href":"https:\/\/autorolasolutions.com\/tr\/wp-json\/wp\/v2\/pages\/4033"}],"wp:attachment":[{"href":"https:\/\/autorolasolutions.com\/tr\/wp-json\/wp\/v2\/media?parent=4047"}],"curies":[{"name":"wp","href":"https:\/\/api.w.org\/{rel}","templated":true}]}}