{"id":4049,"date":"2021-11-09T12:40:10","date_gmt":"2021-11-09T11:40:10","guid":{"rendered":"https:\/\/autorolasolutions.com\/contact\/"},"modified":"2026-03-11T06:45:20","modified_gmt":"2026-03-11T05:45:20","slug":"iletisim","status":"publish","type":"page","link":"https:\/\/autorolasolutions.com\/tr\/iletisim\/","title":{"rendered":"\u0130leti\u015fim"},"content":{"rendered":"\t\t<div data-elementor-type=\"wp-page\" data-elementor-id=\"4049\" class=\"elementor elementor-4049 elementor-78\" data-elementor-post-type=\"page\">\n\t\t\t\t\t\t<section class=\"elementor-section elementor-top-section elementor-element elementor-element-057b692 elementor-section-boxed elementor-section-height-default elementor-section-height-default\" data-id=\"057b692\" data-element_type=\"section\" data-e-type=\"section\">\n\t\t\t\t\t\t<div class=\"elementor-container elementor-column-gap-default\">\n\t\t\t\t\t<div class=\"elementor-column elementor-col-50 elementor-top-column elementor-element elementor-element-dfdf68c\" data-id=\"dfdf68c\" data-element_type=\"column\" data-e-type=\"column\">\n\t\t\t<div class=\"elementor-widget-wrap elementor-element-populated\">\n\t\t\t\t\t\t<div class=\"elementor-element elementor-element-9ede57d elementor-widget elementor-widget-html\" data-id=\"9ede57d\" data-element_type=\"widget\" data-e-type=\"widget\" data-widget_type=\"html.default\">\n\t\t\t\t<div class=\"elementor-widget-container\">\n\t\t\t\t\t\n<div class=\"wpcf7 no-js\" id=\"wpcf7-f4524-o1\" lang=\"tr-TR\" dir=\"ltr\" data-wpcf7-id=\"4524\">\n<div class=\"screen-reader-response\"><p role=\"status\" aria-live=\"polite\" aria-atomic=\"true\"><\/p> <ul><\/ul><\/div>\n<form action=\"\/tr\/wp-json\/wp\/v2\/pages\/4049#wpcf7-f4524-o1\" method=\"post\" class=\"wpcf7-form init\" aria-label=\"\u0130leti\u015fim Formu\" novalidate=\"novalidate\" data-status=\"init\">\n<fieldset class=\"hidden-fields-container\"><input type=\"hidden\" name=\"_wpcf7\" value=\"4524\" \/><input type=\"hidden\" name=\"_wpcf7_version\" value=\"6.1.1\" \/><input type=\"hidden\" name=\"_wpcf7_locale\" value=\"tr_TR\" \/><input type=\"hidden\" name=\"_wpcf7_unit_tag\" value=\"wpcf7-f4524-o1\" \/><input type=\"hidden\" name=\"_wpcf7_container_post\" value=\"0\" \/><input type=\"hidden\" name=\"_wpcf7_posted_data_hash\" value=\"\" \/>\n<\/fieldset>\n<p><label>Soyad<span class=\"required\">*<\/span><br \/>\n<span class=\"wpcf7-form-control-wrap\" data-name=\"last-name\"><input size=\"40\" maxlength=\"400\" class=\"wpcf7-form-control wpcf7-text wpcf7-validates-as-required\" aria-required=\"true\" aria-invalid=\"false\" value=\"\" type=\"text\" name=\"last-name\" \/><\/span> <\/label><br \/>\n<label>Ad<span class=\"required\">*<\/span><br \/>\n<span class=\"wpcf7-form-control-wrap\" data-name=\"first-name\"><input size=\"40\" maxlength=\"400\" class=\"wpcf7-form-control wpcf7-text wpcf7-validates-as-required\" aria-required=\"true\" aria-invalid=\"false\" value=\"\" type=\"text\" name=\"first-name\" \/><\/span> <\/label>\n<\/p>\n<p><label>E-Mail<span class=\"required\">*<\/span><br \/>\n<span class=\"wpcf7-form-control-wrap\" data-name=\"your-email\"><input size=\"40\" maxlength=\"400\" class=\"wpcf7-form-control wpcf7-email wpcf7-validates-as-required wpcf7-text wpcf7-validates-as-email\" aria-required=\"true\" aria-invalid=\"false\" value=\"\" type=\"email\" name=\"your-email\" \/><\/span> <\/label><br \/>\n<label>GSM numaras\u0131<br \/>\n<span class=\"wpcf7-form-control-wrap\" data-name=\"your-tel\"><input size=\"40\" maxlength=\"400\" class=\"wpcf7-form-control wpcf7-tel wpcf7-text wpcf7-validates-as-tel\" aria-invalid=\"false\" value=\"\" type=\"tel\" name=\"your-tel\" \/><\/span> <\/label><br \/>\n<label>Firma<br \/>\n<span class=\"wpcf7-form-control-wrap\" data-name=\"your-company\"><input size=\"40\" maxlength=\"400\" class=\"wpcf7-form-control wpcf7-text\" aria-invalid=\"false\" value=\"\" type=\"text\" name=\"your-company\" \/><\/span> <\/label><br \/>\n<label>Firmadaki g\u00f6revi<br \/>\n<span class=\"wpcf7-form-control-wrap\" data-name=\"your-position\"><input size=\"40\" maxlength=\"400\" class=\"wpcf7-form-control wpcf7-text\" aria-invalid=\"false\" value=\"\" type=\"text\" name=\"your-position\" \/><\/span> <\/label>\n<\/p>\n<p><label>Mesaj<span class=\"required\">*<\/span><br \/>\n<span class=\"wpcf7-form-control-wrap\" data-name=\"your-message\"><textarea cols=\"40\" rows=\"10\" maxlength=\"2000\" class=\"wpcf7-form-control wpcf7-textarea wpcf7-validates-as-required\" aria-required=\"true\" aria-invalid=\"false\" name=\"your-message\"><\/textarea><\/span> <\/label>\n<\/p>\n<div class=\"elementor-button-wrapper\">\n\t<div class=\"elementor-button-link elementor-button elementor-size-sm elementor-animation-grow\">\n\t\t<p><input class=\"wpcf7-form-control wpcf7-submit has-spinner specialbutton\" type=\"submit\" value=\"Bize ula\u015f\u0131n\" \/>\n\t\t<\/p>\n\t<\/div>\n<\/div><div class=\"wpcf7-response-output\" aria-hidden=\"true\"><\/div>\n<\/form>\n<\/div>\n\t\t\t\t<\/div>\n\t\t\t\t<\/div>\n\t\t\t\t\t<\/div>\n\t\t<\/div>\n\t\t\t\t<div class=\"elementor-column elementor-col-50 elementor-top-column elementor-element elementor-element-c1c8f79\" data-id=\"c1c8f79\" data-element_type=\"column\" data-e-type=\"column\">\n\t\t\t<div class=\"elementor-widget-wrap elementor-element-populated\">\n\t\t\t\t\t\t<div class=\"elementor-element elementor-element-b91894e elementor-widget elementor-widget-text-editor\" data-id=\"b91894e\" data-element_type=\"widget\" data-e-type=\"widget\" data-widget_type=\"text-editor.default\">\n\t\t\t\t<div class=\"elementor-widget-container\">\n\t\t\t\t\t\t\t\t\t<h1>S\u00fcre\u00e7lerinizi optimize eden, maliyetlerinizi azaltan ve \u015feffaf bir y\u00f6netim sa\u011flayan, size \u00f6zel \u00e7\u00f6z\u00fcmler mi ar\u0131yorsunuz?<\/h1>\t\t\t\t\t\t\t\t<\/div>\n\t\t\t\t<\/div>\n\t\t\t\t<div class=\"elementor-element elementor-element-9c80fab elementor-widget elementor-widget-text-editor\" data-id=\"9c80fab\" data-element_type=\"widget\" data-e-type=\"widget\" data-widget_type=\"text-editor.default\">\n\t\t\t\t<div class=\"elementor-widget-container\">\n\t\t\t\t\t\t\t\t\t<h2>Bizimle ileti\u015fime ge\u00e7in<\/h2><p>\u00a0<\/p>\t\t\t\t\t\t\t\t<\/div>\n\t\t\t\t<\/div>\n\t\t\t\t<div class=\"elementor-element elementor-element-033b201 elementor-widget elementor-widget-google_maps\" data-id=\"033b201\" data-element_type=\"widget\" data-e-type=\"widget\" data-widget_type=\"google_maps.default\">\n\t\t\t\t<div class=\"elementor-widget-container\">\n\t\t\t\t\t\t\t<div class=\"elementor-custom-embed\">\n\t\t\t<iframe loading=\"lazy\"\n\t\t\t\t\tsrc=\"https:\/\/maps.google.com\/maps?q=Autorola%2C%20Giz%202000%20Plaza%20Eski%20B%C3%BCy%C3%BCkdere%20Caddesi%20No%3A7%20Kat%3A7%20%2034398%20Maslak-Istanbul&#038;t=m&#038;z=10&#038;output=embed&#038;iwloc=near\"\n\t\t\t\t\ttitle=\"Autorola, Giz 2000 Plaza Eski B\u00fcy\u00fckdere Caddesi No:7 Kat:7  34398 Maslak-Istanbul\"\n\t\t\t\t\taria-label=\"Autorola, Giz 2000 Plaza Eski B\u00fcy\u00fckdere Caddesi No:7 Kat:7  34398 Maslak-Istanbul\"\n\t\t\t><\/iframe>\n\t\t<\/div>\n\t\t\t\t\t\t<\/div>\n\t\t\t\t<\/div>\n\t\t\t\t\t<\/div>\n\t\t<\/div>\n\t\t\t\t\t<\/div>\n\t\t<\/section>\n\t\t\t\t<\/div>\n\t\t","protected":false},"excerpt":{"rendered":"<p>S\u00fcre\u00e7lerinizi optimize eden, maliyetlerinizi azaltan ve \u015feffaf bir y\u00f6netim sa\u011flayan, size \u00f6zel \u00e7\u00f6z\u00fcmler mi ar\u0131yorsunuz? Bizimle ileti\u015fime ge\u00e7in \u00a0<\/p>\n","protected":false},"author":2,"featured_media":0,"parent":0,"menu_order":7,"comment_status":"closed","ping_status":"open","template":"","meta":{"_acf_changed":false,"inline_featured_image":false,"site-sidebar-layout":"no-sidebar","site-content-layout":"default","ast-site-content-layout":"default","site-content-style":"default","site-sidebar-style":"default","ast-global-header-display":"","ast-banner-title-visibility":"","ast-main-header-display":"","ast-hfb-above-header-display":"","ast-hfb-below-header-display":"","ast-hfb-mobile-header-display":"","site-post-title":"","ast-breadcrumbs-content":"","ast-featured-img":"disabled","footer-sml-layout":"","theme-transparent-header-meta":"default","adv-header-id-meta":"","stick-header-meta":"default","header-above-stick-meta":"","header-main-stick-meta":"","header-below-stick-meta":"","astra-migrate-meta-layouts":"default","ast-page-background-enabled":"default","ast-page-background-meta":{"desktop":{"background-color":"","background-image":"","background-repeat":"repeat","background-position":"center center","background-size":"auto","background-attachment":"scroll","background-type":"","background-media":"","overlay-type":"","overlay-color":"","overlay-opacity":"","overlay-gradient":""},"tablet":{"background-color":"","background-image":"","background-repeat":"repeat","background-position":"center center","background-size":"auto","background-attachment":"scroll","background-type":"","background-media":"","overlay-type":"","overlay-color":"","overlay-opacity":"","overlay-gradient":""},"mobile":{"background-color":"","background-image":"","background-repeat":"repeat","background-position":"center center","background-size":"auto","background-attachment":"scroll","background-type":"","background-media":"","overlay-type":"","overlay-color":"","overlay-opacity":"","overlay-gradient":""}},"ast-content-background-meta":{"desktop":{"background-color":"var(--ast-global-color-5)","background-image":"","background-repeat":"repeat","background-position":"center center","background-size":"auto","background-attachment":"scroll","background-type":"","background-media":"","overlay-type":"","overlay-color":"","overlay-opacity":"","overlay-gradient":""},"tablet":{"background-color":"var(--ast-global-color-5)","background-image":"","background-repeat":"repeat","background-position":"center center","background-size":"auto","background-attachment":"scroll","background-type":"","background-media":"","overlay-type":"","overlay-color":"","overlay-opacity":"","overlay-gradient":""},"mobile":{"background-color":"var(--ast-global-color-5)","background-image":"","background-repeat":"repeat","background-position":"center center","background-size":"auto","background-attachment":"scroll","background-type":"","background-media":"","overlay-type":"","overlay-color":"","overlay-opacity":"","overlay-gradient":""}},"footnotes":""},"class_list":["post-4049","page","type-page","status-publish","hentry"],"acf":[],"yoast_head":"<!-- This site is optimized with the Yoast SEO plugin v27.0 - https:\/\/yoast.com\/product\/yoast-seo-wordpress\/ -->\n<title>Autorola Solutions ile \u0130leti\u015fime Ge\u00e7in \/ S\u00fcre\u00e7lerinizi Dijitalle\u015ftirin<\/title>\n<meta name=\"description\" content=\"Sorular\u0131n\u0131z, i\u015f ortakl\u0131\u011f\u0131 f\u0131rsatlar\u0131 ve yenilik\u00e7i otomotiv teknolojisi \u00e7\u00f6z\u00fcmleri i\u00e7in Autorola Solutions ile ileti\u015fime ge\u00e7in. \u0130\u015finizi ileriye ta\u015f\u0131man\u0131za yard\u0131mc\u0131 olmak i\u00e7in buraday\u0131z.\" \/>\n<meta name=\"robots\" content=\"index, follow, max-snippet:-1, max-image-preview:large, max-video-preview:-1\" \/>\n<link rel=\"canonical\" href=\"https:\/\/autorolasolutions.com\/contact\/\" \/>\n<meta property=\"og:locale\" content=\"tr_TR\" \/>\n<meta property=\"og:type\" content=\"article\" \/>\n<meta property=\"og:title\" content=\"Autorola Solutions ile \u0130leti\u015fime Ge\u00e7in \/ S\u00fcre\u00e7lerinizi Dijitalle\u015ftirin\" \/>\n<meta property=\"og:description\" content=\"Sorular\u0131n\u0131z, i\u015f ortakl\u0131\u011f\u0131 f\u0131rsatlar\u0131 ve yenilik\u00e7i otomotiv teknolojisi \u00e7\u00f6z\u00fcmleri i\u00e7in Autorola Solutions ile ileti\u015fime ge\u00e7in. \u0130\u015finizi ileriye ta\u015f\u0131man\u0131za yard\u0131mc\u0131 olmak i\u00e7in buraday\u0131z.\" \/>\n<meta property=\"og:url\" content=\"https:\/\/autorolasolutions.com\/contact\/\" \/>\n<meta property=\"og:site_name\" content=\"Autorola Solutions\" \/>\n<meta property=\"article:modified_time\" content=\"2026-03-11T05:45:20+00:00\" \/>\n<meta name=\"twitter:card\" content=\"summary_large_image\" \/>\n<script type=\"application\/ld+json\" class=\"yoast-schema-graph\">{\"@context\":\"https:\/\/schema.org\",\"@graph\":[{\"@type\":\"WebPage\",\"@id\":\"https:\/\/autorolasolutions.com\/contact\/\",\"url\":\"https:\/\/autorolasolutions.com\/contact\/\",\"name\":\"Autorola Solutions ile \u0130leti\u015fime Ge\u00e7in \/ S\u00fcre\u00e7lerinizi Dijitalle\u015ftirin\",\"isPartOf\":{\"@id\":\"https:\/\/autorolasolutions.com\/#website\"},\"datePublished\":\"2021-11-09T11:40:10+00:00\",\"dateModified\":\"2026-03-11T05:45:20+00:00\",\"description\":\"Sorular\u0131n\u0131z, i\u015f ortakl\u0131\u011f\u0131 f\u0131rsatlar\u0131 ve yenilik\u00e7i otomotiv teknolojisi \u00e7\u00f6z\u00fcmleri i\u00e7in Autorola Solutions ile ileti\u015fime ge\u00e7in. \u0130\u015finizi ileriye ta\u015f\u0131man\u0131za yard\u0131mc\u0131 olmak i\u00e7in buraday\u0131z.\",\"breadcrumb\":{\"@id\":\"https:\/\/autorolasolutions.com\/contact\/#breadcrumb\"},\"inLanguage\":\"tr\",\"potentialAction\":[{\"@type\":\"ReadAction\",\"target\":[\"https:\/\/autorolasolutions.com\/contact\/\"]}]},{\"@type\":\"BreadcrumbList\",\"@id\":\"https:\/\/autorolasolutions.com\/contact\/#breadcrumb\",\"itemListElement\":[{\"@type\":\"ListItem\",\"position\":1,\"name\":\"Home\",\"item\":\"https:\/\/autorolasolutions.com\/\"},{\"@type\":\"ListItem\",\"position\":2,\"name\":\"\u0130leti\u015fim\"}]},{\"@type\":\"WebSite\",\"@id\":\"https:\/\/autorolasolutions.com\/#website\",\"url\":\"https:\/\/autorolasolutions.com\/\",\"name\":\"Autorola Solutions\",\"description\":\"\",\"publisher\":{\"@id\":\"https:\/\/autorolasolutions.com\/#organization\"},\"potentialAction\":[{\"@type\":\"SearchAction\",\"target\":{\"@type\":\"EntryPoint\",\"urlTemplate\":\"https:\/\/autorolasolutions.com\/?s={search_term_string}\"},\"query-input\":{\"@type\":\"PropertyValueSpecification\",\"valueRequired\":true,\"valueName\":\"search_term_string\"}}],\"inLanguage\":\"tr\"},{\"@type\":\"Organization\",\"@id\":\"https:\/\/autorolasolutions.com\/#organization\",\"name\":\"Autorola Solutions\",\"url\":\"https:\/\/autorolasolutions.com\/\",\"logo\":{\"@type\":\"ImageObject\",\"inLanguage\":\"tr\",\"@id\":\"https:\/\/autorolasolutions.com\/#\/schema\/logo\/image\/\",\"url\":\"https:\/\/autorolasolutions.com\/wp-content\/uploads\/2025\/01\/Autorola_Solutions_Logo_Left_Screen_RGB.svg\",\"contentUrl\":\"https:\/\/autorolasolutions.com\/wp-content\/uploads\/2025\/01\/Autorola_Solutions_Logo_Left_Screen_RGB.svg\",\"width\":143,\"height\":44,\"caption\":\"Autorola Solutions\"},\"image\":{\"@id\":\"https:\/\/autorolasolutions.com\/#\/schema\/logo\/image\/\"},\"sameAs\":[\"https:\/\/www.linkedin.com\/company\/autorolasolutions\/\"]}]}<\/script>\n<!-- \/ Yoast SEO plugin. -->","yoast_head_json":{"title":"Autorola Solutions ile \u0130leti\u015fime Ge\u00e7in \/ S\u00fcre\u00e7lerinizi Dijitalle\u015ftirin","description":"Sorular\u0131n\u0131z, i\u015f ortakl\u0131\u011f\u0131 f\u0131rsatlar\u0131 ve yenilik\u00e7i otomotiv teknolojisi \u00e7\u00f6z\u00fcmleri i\u00e7in Autorola Solutions ile ileti\u015fime ge\u00e7in. \u0130\u015finizi ileriye ta\u015f\u0131man\u0131za yard\u0131mc\u0131 olmak i\u00e7in buraday\u0131z.","robots":{"index":"index","follow":"follow","max-snippet":"max-snippet:-1","max-image-preview":"max-image-preview:large","max-video-preview":"max-video-preview:-1"},"canonical":"https:\/\/autorolasolutions.com\/contact\/","og_locale":"tr_TR","og_type":"article","og_title":"Autorola Solutions ile \u0130leti\u015fime Ge\u00e7in \/ S\u00fcre\u00e7lerinizi Dijitalle\u015ftirin","og_description":"Sorular\u0131n\u0131z, i\u015f ortakl\u0131\u011f\u0131 f\u0131rsatlar\u0131 ve yenilik\u00e7i otomotiv teknolojisi \u00e7\u00f6z\u00fcmleri i\u00e7in Autorola Solutions ile ileti\u015fime ge\u00e7in. \u0130\u015finizi ileriye ta\u015f\u0131man\u0131za yard\u0131mc\u0131 olmak i\u00e7in buraday\u0131z.","og_url":"https:\/\/autorolasolutions.com\/contact\/","og_site_name":"Autorola Solutions","article_modified_time":"2026-03-11T05:45:20+00:00","twitter_card":"summary_large_image","schema":{"@context":"https:\/\/schema.org","@graph":[{"@type":"WebPage","@id":"https:\/\/autorolasolutions.com\/contact\/","url":"https:\/\/autorolasolutions.com\/contact\/","name":"Autorola Solutions ile \u0130leti\u015fime Ge\u00e7in \/ S\u00fcre\u00e7lerinizi Dijitalle\u015ftirin","isPartOf":{"@id":"https:\/\/autorolasolutions.com\/#website"},"datePublished":"2021-11-09T11:40:10+00:00","dateModified":"2026-03-11T05:45:20+00:00","description":"Sorular\u0131n\u0131z, i\u015f ortakl\u0131\u011f\u0131 f\u0131rsatlar\u0131 ve yenilik\u00e7i otomotiv teknolojisi \u00e7\u00f6z\u00fcmleri i\u00e7in Autorola Solutions ile ileti\u015fime ge\u00e7in. \u0130\u015finizi ileriye ta\u015f\u0131man\u0131za yard\u0131mc\u0131 olmak i\u00e7in buraday\u0131z.","breadcrumb":{"@id":"https:\/\/autorolasolutions.com\/contact\/#breadcrumb"},"inLanguage":"tr","potentialAction":[{"@type":"ReadAction","target":["https:\/\/autorolasolutions.com\/contact\/"]}]},{"@type":"BreadcrumbList","@id":"https:\/\/autorolasolutions.com\/contact\/#breadcrumb","itemListElement":[{"@type":"ListItem","position":1,"name":"Home","item":"https:\/\/autorolasolutions.com\/"},{"@type":"ListItem","position":2,"name":"\u0130leti\u015fim"}]},{"@type":"WebSite","@id":"https:\/\/autorolasolutions.com\/#website","url":"https:\/\/autorolasolutions.com\/","name":"Autorola Solutions","description":"","publisher":{"@id":"https:\/\/autorolasolutions.com\/#organization"},"potentialAction":[{"@type":"SearchAction","target":{"@type":"EntryPoint","urlTemplate":"https:\/\/autorolasolutions.com\/?s={search_term_string}"},"query-input":{"@type":"PropertyValueSpecification","valueRequired":true,"valueName":"search_term_string"}}],"inLanguage":"tr"},{"@type":"Organization","@id":"https:\/\/autorolasolutions.com\/#organization","name":"Autorola Solutions","url":"https:\/\/autorolasolutions.com\/","logo":{"@type":"ImageObject","inLanguage":"tr","@id":"https:\/\/autorolasolutions.com\/#\/schema\/logo\/image\/","url":"https:\/\/autorolasolutions.com\/wp-content\/uploads\/2025\/01\/Autorola_Solutions_Logo_Left_Screen_RGB.svg","contentUrl":"https:\/\/autorolasolutions.com\/wp-content\/uploads\/2025\/01\/Autorola_Solutions_Logo_Left_Screen_RGB.svg","width":143,"height":44,"caption":"Autorola Solutions"},"image":{"@id":"https:\/\/autorolasolutions.com\/#\/schema\/logo\/image\/"},"sameAs":["https:\/\/www.linkedin.com\/company\/autorolasolutions\/"]}]}},"_links":{"self":[{"href":"https:\/\/autorolasolutions.com\/tr\/wp-json\/wp\/v2\/pages\/4049","targetHints":{"allow":["GET"]}}],"collection":[{"href":"https:\/\/autorolasolutions.com\/tr\/wp-json\/wp\/v2\/pages"}],"about":[{"href":"https:\/\/autorolasolutions.com\/tr\/wp-json\/wp\/v2\/types\/page"}],"author":[{"embeddable":true,"href":"https:\/\/autorolasolutions.com\/tr\/wp-json\/wp\/v2\/users\/2"}],"replies":[{"embeddable":true,"href":"https:\/\/autorolasolutions.com\/tr\/wp-json\/wp\/v2\/comments?post=4049"}],"version-history":[{"count":56,"href":"https:\/\/autorolasolutions.com\/tr\/wp-json\/wp\/v2\/pages\/4049\/revisions"}],"predecessor-version":[{"id":63992,"href":"https:\/\/autorolasolutions.com\/tr\/wp-json\/wp\/v2\/pages\/4049\/revisions\/63992"}],"wp:attachment":[{"href":"https:\/\/autorolasolutions.com\/tr\/wp-json\/wp\/v2\/media?parent=4049"}],"curies":[{"name":"wp","href":"https:\/\/api.w.org\/{rel}","templated":true}]}}